{"id":119332,"date":"2019-10-02T15:33:09","date_gmt":"2019-10-02T15:33:09","guid":{"rendered":"https:\/\/p4p.test\/vectra-3d-hond"},"modified":"2026-03-25T12:01:16","modified_gmt":"2026-03-25T12:01:16","slug":"vectra-3d-hond","status":"publish","type":"product","link":"https:\/\/www.pharmacy4pets.nl\/be\/vectra-3d-hond","title":{"rendered":"Vectra 3D hond"},"content":{"rendered":"<h1><strong>Vectra 3D hond<\/strong><\/h1>\n<p><a href=\"https:\/\/www.pharmacy4pets.nl\/merken\/vectra-3d\">Vectra 3D<\/a> beschermt pups en volwassen <a href=\"https:\/\/www.pharmacy4pets.nl\/honden\">honden<\/a> tegen volwassen <a href=\"https:\/\/www.pharmacy4pets.nl\/honden\/vlooien-teken-insecten\">vlooien, teken, muggen, steekvliegen en zandvliegen<\/a>. Bovendien voorkomt Vectra 3D de ontwikkeling van alle onvolwassen vlooienstadia (eieren, larven en poppen) en helpt zo mee aan de bestrijding van de vlooien in de omgeving.<\/p>\n<h2><strong>Toediening<\/strong><\/h2>\n<p>Met \u00e9\u00e9n Vectra 3D spot-on applicator kunt u \u00e9\u00e9n behandeling uitvoeren. Een behandeling voorkomt vlooienbesmetting gedurende 1 maand en beschermt tegen teken gedurende 3 weken-1 maand (Rhipicephalus sanguineus en Ixodes ricinus gedurende 1 maand, en Dermacentorreticulatus gedurende maximaal 3 weken). Daarnaast voorkomt een behandeling met Vectra 3D het bijten van zandvliegen, muggen en stalvliegen gedurende 1 maand na toepassing.<\/p>\n<h2><strong>Vectra 3D bijsluiter<\/strong><\/h2>\n<p>Lees altijd voor gebruik de bijsluiter.<\/p>\n","protected":false},"excerpt":{"rendered":"<p>Vectra 3D hond Vectra 3D beschermt pups en volwassen honden tegen volwassen vlooien, teken, muggen, steekvliegen en zandvliegen. Bovendien voorkomt Vectra 3D de ontwikkeling van alle onvolwassen vlooienstadia (eieren, larven en poppen) en helpt zo mee aan de bestrijding van de vlooien in de omgeving. Toediening Met \u00e9\u00e9n Vectra 3D spot-on applicator kunt u \u00e9\u00e9n [&hellip;]<\/p>\n","protected":false},"featured_media":119326,"comment_status":"open","ping_status":"closed","template":"","meta":{"_acf_changed":false,"_nl_post_content":"<h1><strong>Vectra 3D hond<\/strong><\/h1>\n<p><a href=\"https:\/\/www.pharmacy4pets.nl\/merken\/vectra-3d\">Vectra 3D<\/a> beschermt pups en volwassen <a href=\"https:\/\/www.pharmacy4pets.nl\/honden\">honden<\/a> tegen volwassen <a href=\"https:\/\/www.pharmacy4pets.nl\/honden\/vlooien-teken-insecten\">vlooien, teken, muggen, steekvliegen en zandvliegen<\/a>. Bovendien voorkomt Vectra 3D de ontwikkeling van alle onvolwassen vlooienstadia (eieren, larven en poppen) en helpt zo mee aan de bestrijding van de vlooien in de omgeving.<\/p>\n<h2><strong>Toediening<\/strong><\/h2>\n<p>Met \u00e9\u00e9n Vectra 3D spot-on applicator kunt u \u00e9\u00e9n behandeling uitvoeren. Een behandeling voorkomt vlooienbesmetting gedurende 1 maand en beschermt tegen teken gedurende 3 weken-1 maand (Rhipicephalus sanguineus en Ixodes ricinus gedurende 1 maand, en Dermacentorreticulatus gedurende maximaal 3 weken). Daarnaast voorkomt een behandeling met Vectra 3D het bijten van zandvliegen, muggen en stalvliegen gedurende 1 maand na toepassing.<\/p>\n<h2><strong>Vectra 3D bijsluiter<\/strong><\/h2>\n<p>Lees altijd voor gebruik de bijsluiter.<\/p>","_nl_post_name":"vectra-3d-hond","_nl_post_excerpt":"","_nl_post_title":"Vectra 3D hond","_en_post_content":"<h1><strong>Vectra 3D dog<\/strong><\/h1>\r\n<p><a href=\"https:\/\/www.pharmacy4pets.com\/brands\/vectra-3d\">Vectra 3D<\/a> protects puppies and adult <a href=\"https:\/\/www.pharmacy4pets.com\/dogs\">dogs<\/a> against adult <a href=\"https:\/\/www.pharmacy4pets.com\/dogs\/fleas-ticks-insects\">fleas, ticks, mosquitoes, biting flies, and sandflies<\/a>. Additionally, Vectra 3D prevents the development of all immature flea stages (eggs, larvae, and pupae), thus aiding in flea control in the environment.<\/p>\r\n<h2><strong>Administration<\/strong><\/h2>\r\n<p>With one Vectra 3D spot-on applicator, you can administer one treatment. One treatment prevents flea infestation for 1 month and protects against ticks for 3 weeks to 1 month (Rhipicephalus sanguineus and Ixodes ricinus for 1 month, and Dermacentorreticulatus for up to 3 weeks). Additionally, a treatment with Vectra 3D prevents biting from sandflies, mosquitoes, and stable flies for 1 month after application.<\/p>\r\n<h2><strong>Vectra 3D Package leaflet<\/strong><\/h2>\r\n<p>Always read the package leaflet before use.<\/p>","_en_post_name":"vectra-3d-dog","_en_post_excerpt":"","_en_post_title":"Vectra 3D dog","_de_post_content":"<h1><strong>Vectra 3D Hund<\/strong><\/h1>\r\n<p><a href=\"https:\/\/www.pharmacy4pets.de\/marken\/vectra-3d\">Vectra 3D<\/a> sch\u00fctzt Welpen und erwachsene <a href=\"https:\/\/www.pharmacy4pets.de\/hunde\">Hunde<\/a> vor erwachsenen <a href=\"https:\/\/www.pharmacy4pets.de\/hunde\/flohe-zecken-insekten\">Floh, Zecken, M\u00fccken, Stechfliegen und Sandfliegen<\/a>. Dar\u00fcber hinaus verhindert Vectra 3D die Entwicklung aller unreifen Flohstadien (Eier, Larven und Puppen) und tr\u00e4gt so zur Bek\u00e4mpfung von Fl\u00f6hen in der Umgebung bei.<\/p>\r\n<h2><strong>Anwendung<\/strong><\/h2>\r\n<p>Mit einem Vectra 3D Spot-On-Applikator k\u00f6nnen Sie eine Behandlung durchf\u00fchren. Eine Behandlung verhindert Flohbefall f\u00fcr 1 Monat und sch\u00fctzt vor Zecken f\u00fcr 3 Wochen bis 1 Monat (Rhipicephalus sanguineus und Ixodes ricinus f\u00fcr 1 Monat, und Dermacentorreticulatus f\u00fcr bis zu 3 Wochen). Dar\u00fcber hinaus verhindert eine Behandlung mit Vectra 3D das Bei\u00dfen von Sandfliegen, M\u00fccken und Stallfliegen f\u00fcr 1 Monat nach der Anwendung.<\/p>\r\n<h2><strong>Vectra 3D Beipackzettel<\/strong><\/h2>\r\n<p>Lesen Sie vor der Anwendung immer die Beipackzettel.<\/p>","_de_post_name":"vectra-3d-hund","_de_post_excerpt":"","_de_post_title":"Vectra 3D Hund","_fr_post_content":"<h1><strong>Pipettes Vectra 3D<\/strong><\/h1>\r\n<p><a href=\"https:\/\/www.pharmacy4pets.fr\/marques\/vectra-3d\">Vectra 3D<\/a> prot\u00e8ge les chiots et les chiens adultes contre les <a href=\"https:\/\/www.pharmacy4pets.fr\/chiens\/puces-tiques-insectes\">puces, tiques, moustiques, mouches piqueuses et phl\u00e9botomes<\/a>. De plus, Vectra 3D emp\u00eache le d\u00e9veloppement de tous les stades immatures des puces (\u0153ufs, larves et nymphes), contribuant ainsi \u00e0 la lutte contre les puces dans l'environnement.<\/p>\r\n<h2><strong>Administration<\/strong><\/h2>\r\n<p>Avec un applicateur spot-on Vectra 3D, vous pouvez administrer un traitement. Un traitement pr\u00e9vient l'infestation par les puces pendant 1 mois et prot\u00e8ge contre les tiques pendant 3 semaines \u00e0 1 mois (Rhipicephalus sanguineus et Ixodes ricinus pendant 1 mois, et Dermacentorreticulatus jusqu'\u00e0 3 semaines). De plus, un traitement avec Vectra 3D emp\u00eache les piq\u00fbres de mouches des sables, de moustiques et de mouches d'\u00e9table pendant 1 mois apr\u00e8s l'application.<\/p>\r\n<h2><strong>Notice de Vectra 3D<\/strong><\/h2>\r\n<p>Lisez toujours la notice avant utilisation.<\/p>","_fr_post_name":"vectra-3d-chien","_fr_post_excerpt":"","_fr_post_title":"Vectra 3D chien","_es_post_content":"<h1><strong>Pipeta Vectra 3D<\/strong><\/h1>\r\n<p><a href=\"https:\/\/www.pharmacy4pets.es\/marcas\/vectra-3d\">Vectra 3D<\/a> protege a cachorros y perros adultos contra <a href=\"https:\/\/www.pharmacy4pets.es\/perros\/pulgas-garrapatas-insectos\">pulgas, garrapatas, mosquitos, moscas picadoras y flebotomos<\/a>. Adem\u00e1s, Vectra 3D previene el desarrollo de todas las etapas inmaduras de las pulgas (huevos, larvas y pupas), ayudando as\u00ed en el control de las pulgas en el entorno.<\/p>\r\n<h2><strong>Administraci\u00f3n<\/strong><\/h2>\r\n<p>Con un aplicador spot-on de Vectra 3D, puede administrar un tratamiento. Un tratamiento previene la infestaci\u00f3n por pulgas durante 1 mes y protege contra las garrapatas durante 3 semanas a 1 mes (Rhipicephalus sanguineus e Ixodes ricinus durante 1 mes, y Dermacentorreticulatus hasta 3 semanas). Adem\u00e1s, un tratamiento con Vectra 3D previene las picaduras de moscas de arena, mosquitos y moscas estables durante 1 mes despu\u00e9s de la aplicaci\u00f3n.<\/p>\r\n<h2><strong>Prospecto de Vectra 3D<\/strong><\/h2>\r\n<p>Siempre lea las Prospecto antes de usar.<\/p>","_es_post_name":"vectra-3d-perros","_es_post_excerpt":"","_es_post_title":"Vectra 3D perros","edit_language":"nl"},"product_brand":[],"product_cat":[1117,1845,2206,1837,1839,1857,2177,1836,2205,1961,1835,2204,1834,2203,2339,2337],"product_tag":[],"class_list":{"0":"post-119332","1":"product","2":"type-product","3":"status-publish","4":"has-post-thumbnail","6":"product_cat-honden","7":"product_cat-huid-vacht","8":"product_cat-insecten-puppy","9":"product_cat-insecten","10":"product_cat-medicijnen-supplementen","11":"product_cat-merken","12":"product_cat-puppy","13":"product_cat-teken","14":"product_cat-teken-puppy","15":"product_cat-vectra-3d","16":"product_cat-vlooien","17":"product_cat-vlooien-puppy","18":"product_cat-vlooien-teken-insecten","20":"product_cat-vlooienallergie","21":"product_cat-zandvliegen","22":"pa_aandoening-muggen","23":"pa_aandoening-stalvliegen","24":"pa_aandoening-teken","25":"pa_aandoening-vlooien","26":"pa_aandoening-zandvliegen","27":"pa_doeldier-hond","28":"pa_doeldier-puppy","29":"pa_fabricatieland-frankrijk","30":"pa_merkfilter-vectra","31":"pa_merkgroep-ceva","32":"pa_productsoort-diergeneesmiddelvrij_ura","33":"pa_seo_canonical_store_id-not_found_value","34":"pa_seo_category-not_found_value","35":"pa_seo_meta_robots-not_found_value","36":"pa_toedieningswijze-spot_on","37":"pa_werkzamestof-dinotefuran","38":"pa_werkzamestof-permethrin","39":"pa_werkzamestof-pyriproxyfen","41":"first","42":"instock","43":"taxable","44":"shipping-taxable","45":"product-type-grouped"},"yoast_head":"<!-- This site is optimized with the Yoast SEO plugin v27.5 - https:\/\/yoast.com\/product\/yoast-seo-wordpress\/ -->\n<title>Vectra 3D Hond | bij Vlooien en Teken | Pharmacy4pets.nl<\/title>\n<meta name=\"description\" content=\"Vectra 3D beschermt honden tegen vlooien, teken, muggen, steekvliegen en zandvliegen. \u2b50 Klantbeoordeling 9\/10 \u2b50 PharmaPunten sparen \u2b50 Pharmacy4pets.nl\" \/>\n<meta name=\"robots\" content=\"index, follow, max-snippet:-1, max-image-preview:large, max-video-preview:-1\" \/>\n<link rel=\"canonical\" href=\"https:\/\/www.pharmacy4pets.nl\/vectra-3d-hond\" \/>\n<meta property=\"og:locale\" content=\"nl_NL\" \/>\n<meta property=\"og:type\" content=\"article\" \/>\n<meta property=\"og:title\" content=\"Vectra 3D Hond | bij Vlooien en Teken | Pharmacy4pets.nl\" \/>\n<meta property=\"og:description\" content=\"Vectra 3D beschermt honden tegen vlooien, teken, muggen, steekvliegen en zandvliegen. \u2b50 Klantbeoordeling 9\/10 \u2b50 PharmaPunten sparen \u2b50 Pharmacy4pets.nl\" \/>\n<meta property=\"og:url\" content=\"https:\/\/www.pharmacy4pets.nl\/vectra-3d-hond\" \/>\n<meta property=\"og:site_name\" content=\"Pharmacy4pets\" \/>\n<meta property=\"article:publisher\" content=\"https:\/\/www.facebook.com\/people\/Pharmacy4petsnl\/100063484989896\/\" \/>\n<meta property=\"article:modified_time\" content=\"2026-03-25T12:01:16+00:00\" \/>\n<meta property=\"og:image\" content=\"https:\/\/www.pharmacy4pets.nl\/wp-content\/uploads\/2019\/10\/vectra_3d.jpg\" \/>\n\t<meta property=\"og:image:width\" content=\"1000\" \/>\n\t<meta property=\"og:image:height\" content=\"1000\" \/>\n\t<meta property=\"og:image:type\" content=\"image\/jpeg\" \/>\n<meta name=\"twitter:card\" content=\"summary_large_image\" \/>\n<meta name=\"twitter:label1\" content=\"Geschatte leestijd\" \/>\n\t<meta name=\"twitter:data1\" content=\"1 minuut\" \/>\n<script type=\"application\/ld+json\" class=\"yoast-schema-graph\">{\"@context\":\"https:\\\/\\\/schema.org\",\"@graph\":[{\"@type\":\"WebPage\",\"@id\":\"https:\\\/\\\/www.pharmacy4pets.nl\\\/vectra-3d-hond\",\"url\":\"https:\\\/\\\/www.pharmacy4pets.nl\\\/vectra-3d-hond\",\"name\":\"Vectra 3D Hond | bij Vlooien en Teken | Pharmacy4pets.nl\",\"isPartOf\":{\"@id\":\"http:\\\/\\\/www.pharmacy4pets.nl\\\/#website\"},\"primaryImageOfPage\":{\"@id\":\"https:\\\/\\\/www.pharmacy4pets.nl\\\/vectra-3d-hond#primaryimage\"},\"image\":{\"@id\":\"https:\\\/\\\/www.pharmacy4pets.nl\\\/vectra-3d-hond#primaryimage\"},\"thumbnailUrl\":\"https:\\\/\\\/www.pharmacy4pets.nl\\\/wp-content\\\/uploads\\\/2019\\\/10\\\/vectra_3d.jpg\",\"datePublished\":\"2019-10-02T15:33:09+00:00\",\"dateModified\":\"2026-03-25T12:01:16+00:00\",\"description\":\"Vectra 3D beschermt honden tegen vlooien, teken, muggen, steekvliegen en zandvliegen. \u2b50 Klantbeoordeling 9\\\/10 \u2b50 PharmaPunten sparen \u2b50 Pharmacy4pets.nl\",\"breadcrumb\":{\"@id\":\"https:\\\/\\\/www.pharmacy4pets.nl\\\/vectra-3d-hond#breadcrumb\"},\"inLanguage\":\"nl-NL\",\"potentialAction\":[{\"@type\":\"ReadAction\",\"target\":[\"https:\\\/\\\/www.pharmacy4pets.nl\\\/vectra-3d-hond\"]}]},{\"@type\":\"ImageObject\",\"inLanguage\":\"nl-NL\",\"@id\":\"https:\\\/\\\/www.pharmacy4pets.nl\\\/vectra-3d-hond#primaryimage\",\"url\":\"https:\\\/\\\/www.pharmacy4pets.nl\\\/wp-content\\\/uploads\\\/2019\\\/10\\\/vectra_3d.jpg\",\"contentUrl\":\"https:\\\/\\\/www.pharmacy4pets.nl\\\/wp-content\\\/uploads\\\/2019\\\/10\\\/vectra_3d.jpg\",\"width\":1000,\"height\":1000,\"caption\":\"Vectra\"},{\"@type\":\"BreadcrumbList\",\"@id\":\"https:\\\/\\\/www.pharmacy4pets.nl\\\/vectra-3d-hond#breadcrumb\",\"itemListElement\":[{\"@type\":\"ListItem\",\"position\":1,\"name\":\"Home\",\"item\":\"https:\\\/\\\/p4p-nl.bootmine.com\\\/\"},{\"@type\":\"ListItem\",\"position\":2,\"name\":\"Winkel\",\"item\":\"https:\\\/\\\/p4p-nl.bootmine.com\\\/winkel\"},{\"@type\":\"ListItem\",\"position\":3,\"name\":\"Vectra 3D hond\"}]},{\"@type\":\"WebSite\",\"@id\":\"http:\\\/\\\/www.pharmacy4pets.nl\\\/#website\",\"url\":\"http:\\\/\\\/www.pharmacy4pets.nl\\\/\",\"name\":\"Pharmacy4pets\",\"description\":\"Pharmacy4pets.nl is d\u00e9 online apotheek waar u terecht kunt voor alle diergeneesmiddelen, verzorgingsproducten en dieetvoeding voor uw huisdier.\",\"publisher\":{\"@id\":\"http:\\\/\\\/www.pharmacy4pets.nl\\\/#organization\"},\"potentialAction\":[{\"@type\":\"SearchAction\",\"target\":{\"@type\":\"EntryPoint\",\"urlTemplate\":\"http:\\\/\\\/www.pharmacy4pets.nl\\\/?s={search_term_string}\"},\"query-input\":{\"@type\":\"PropertyValueSpecification\",\"valueRequired\":true,\"valueName\":\"search_term_string\"}}],\"inLanguage\":\"nl-NL\"},{\"@type\":\"Organization\",\"@id\":\"http:\\\/\\\/www.pharmacy4pets.nl\\\/#organization\",\"name\":\"Pharmacy4pets\",\"url\":\"http:\\\/\\\/www.pharmacy4pets.nl\\\/\",\"logo\":{\"@type\":\"ImageObject\",\"inLanguage\":\"nl-NL\",\"@id\":\"http:\\\/\\\/www.pharmacy4pets.nl\\\/#\\\/schema\\\/logo\\\/image\\\/\",\"url\":\"https:\\\/\\\/p4p-nl.bootmine.com\\\/wp-content\\\/uploads\\\/2026\\\/03\\\/logo-pharmacy4pets.png\",\"contentUrl\":\"https:\\\/\\\/p4p-nl.bootmine.com\\\/wp-content\\\/uploads\\\/2026\\\/03\\\/logo-pharmacy4pets.png\",\"width\":1024,\"height\":135,\"caption\":\"Pharmacy4pets\"},\"image\":{\"@id\":\"http:\\\/\\\/www.pharmacy4pets.nl\\\/#\\\/schema\\\/logo\\\/image\\\/\"},\"sameAs\":[\"https:\\\/\\\/www.facebook.com\\\/people\\\/Pharmacy4petsnl\\\/100063484989896\\\/\",\"https:\\\/\\\/www.youtube.com\\\/channel\\\/UCGPTIgucgli03tP2_kvLkHg\\\/featured\",\"https:\\\/\\\/www.instagram.com\\\/pharmacy4pets.nl\"]}]}<\/script>\n<!-- \/ Yoast SEO plugin. -->","yoast_head_json":{"title":"Vectra 3D Hond | bij Vlooien en Teken | Pharmacy4pets.nl","description":"Vectra 3D beschermt honden tegen vlooien, teken, muggen, steekvliegen en zandvliegen. \u2b50 Klantbeoordeling 9\/10 \u2b50 PharmaPunten sparen \u2b50 Pharmacy4pets.nl","robots":{"index":"index","follow":"follow","max-snippet":"max-snippet:-1","max-image-preview":"max-image-preview:large","max-video-preview":"max-video-preview:-1"},"canonical":"https:\/\/www.pharmacy4pets.nl\/vectra-3d-hond","og_locale":"nl_NL","og_type":"article","og_title":"Vectra 3D Hond | bij Vlooien en Teken | Pharmacy4pets.nl","og_description":"Vectra 3D beschermt honden tegen vlooien, teken, muggen, steekvliegen en zandvliegen. \u2b50 Klantbeoordeling 9\/10 \u2b50 PharmaPunten sparen \u2b50 Pharmacy4pets.nl","og_url":"https:\/\/www.pharmacy4pets.nl\/vectra-3d-hond","og_site_name":"Pharmacy4pets","article_publisher":"https:\/\/www.facebook.com\/people\/Pharmacy4petsnl\/100063484989896\/","article_modified_time":"2026-03-25T12:01:16+00:00","og_image":[{"width":1000,"height":1000,"url":"https:\/\/www.pharmacy4pets.nl\/wp-content\/uploads\/2019\/10\/vectra_3d.jpg","type":"image\/jpeg"}],"twitter_card":"summary_large_image","twitter_misc":{"Geschatte leestijd":"1 minuut"},"schema":{"@context":"https:\/\/schema.org","@graph":[{"@type":"WebPage","@id":"https:\/\/www.pharmacy4pets.nl\/vectra-3d-hond","url":"https:\/\/www.pharmacy4pets.nl\/vectra-3d-hond","name":"Vectra 3D Hond | bij Vlooien en Teken | Pharmacy4pets.nl","isPartOf":{"@id":"http:\/\/www.pharmacy4pets.nl\/#website"},"primaryImageOfPage":{"@id":"https:\/\/www.pharmacy4pets.nl\/vectra-3d-hond#primaryimage"},"image":{"@id":"https:\/\/www.pharmacy4pets.nl\/vectra-3d-hond#primaryimage"},"thumbnailUrl":"https:\/\/www.pharmacy4pets.nl\/wp-content\/uploads\/2019\/10\/vectra_3d.jpg","datePublished":"2019-10-02T15:33:09+00:00","dateModified":"2026-03-25T12:01:16+00:00","description":"Vectra 3D beschermt honden tegen vlooien, teken, muggen, steekvliegen en zandvliegen. \u2b50 Klantbeoordeling 9\/10 \u2b50 PharmaPunten sparen \u2b50 Pharmacy4pets.nl","breadcrumb":{"@id":"https:\/\/www.pharmacy4pets.nl\/vectra-3d-hond#breadcrumb"},"inLanguage":"nl-NL","potentialAction":[{"@type":"ReadAction","target":["https:\/\/www.pharmacy4pets.nl\/vectra-3d-hond"]}]},{"@type":"ImageObject","inLanguage":"nl-NL","@id":"https:\/\/www.pharmacy4pets.nl\/vectra-3d-hond#primaryimage","url":"https:\/\/www.pharmacy4pets.nl\/wp-content\/uploads\/2019\/10\/vectra_3d.jpg","contentUrl":"https:\/\/www.pharmacy4pets.nl\/wp-content\/uploads\/2019\/10\/vectra_3d.jpg","width":1000,"height":1000,"caption":"Vectra"},{"@type":"BreadcrumbList","@id":"https:\/\/www.pharmacy4pets.nl\/vectra-3d-hond#breadcrumb","itemListElement":[{"@type":"ListItem","position":1,"name":"Home","item":"https:\/\/p4p-nl.bootmine.com\/"},{"@type":"ListItem","position":2,"name":"Winkel","item":"https:\/\/p4p-nl.bootmine.com\/winkel"},{"@type":"ListItem","position":3,"name":"Vectra 3D hond"}]},{"@type":"WebSite","@id":"http:\/\/www.pharmacy4pets.nl\/#website","url":"http:\/\/www.pharmacy4pets.nl\/","name":"Pharmacy4pets","description":"Pharmacy4pets.nl is d\u00e9 online apotheek waar u terecht kunt voor alle diergeneesmiddelen, verzorgingsproducten en dieetvoeding voor uw huisdier.","publisher":{"@id":"http:\/\/www.pharmacy4pets.nl\/#organization"},"potentialAction":[{"@type":"SearchAction","target":{"@type":"EntryPoint","urlTemplate":"http:\/\/www.pharmacy4pets.nl\/?s={search_term_string}"},"query-input":{"@type":"PropertyValueSpecification","valueRequired":true,"valueName":"search_term_string"}}],"inLanguage":"nl-NL"},{"@type":"Organization","@id":"http:\/\/www.pharmacy4pets.nl\/#organization","name":"Pharmacy4pets","url":"http:\/\/www.pharmacy4pets.nl\/","logo":{"@type":"ImageObject","inLanguage":"nl-NL","@id":"http:\/\/www.pharmacy4pets.nl\/#\/schema\/logo\/image\/","url":"https:\/\/p4p-nl.bootmine.com\/wp-content\/uploads\/2026\/03\/logo-pharmacy4pets.png","contentUrl":"https:\/\/p4p-nl.bootmine.com\/wp-content\/uploads\/2026\/03\/logo-pharmacy4pets.png","width":1024,"height":135,"caption":"Pharmacy4pets"},"image":{"@id":"http:\/\/www.pharmacy4pets.nl\/#\/schema\/logo\/image\/"},"sameAs":["https:\/\/www.facebook.com\/people\/Pharmacy4petsnl\/100063484989896\/","https:\/\/www.youtube.com\/channel\/UCGPTIgucgli03tP2_kvLkHg\/featured","https:\/\/www.instagram.com\/pharmacy4pets.nl"]}]}},"market_data":{"nl":{"price":0,"sale_price":0,"active":false,"url":null,"parent_url":"","tax_rate":0,"price_inc_tax":0,"sale_price_inc_tax":0},"de":{"price":0,"sale_price":0,"active":false,"url":null,"parent_url":"","tax_rate":0,"price_inc_tax":0,"sale_price_inc_tax":0},"be":{"price":0,"sale_price":0,"active":false,"url":null,"parent_url":"","tax_rate":0,"price_inc_tax":0,"sale_price_inc_tax":0},"fr":{"price":0,"sale_price":0,"active":false,"url":null,"parent_url":"","tax_rate":0,"price_inc_tax":0,"sale_price_inc_tax":0},"ch":{"price":0,"sale_price":0,"active":false,"url":null,"parent_url":"","tax_rate":0,"price_inc_tax":0,"sale_price_inc_tax":0},"at":{"price":0,"sale_price":0,"active":false,"url":null,"parent_url":"","tax_rate":0,"price_inc_tax":0,"sale_price_inc_tax":0},"es":{"price":0,"sale_price":0,"active":false,"url":null,"parent_url":"","tax_rate":0,"price_inc_tax":0,"sale_price_inc_tax":0},"dk":{"price":0,"sale_price":0,"active":false,"url":null,"parent_url":"","tax_rate":0,"price_inc_tax":0,"sale_price_inc_tax":0},"com":{"price":0,"sale_price":0,"active":false,"url":null,"parent_url":"","tax_rate":0,"price_inc_tax":0,"sale_price_inc_tax":0}},"market_nl_price":0,"market_nl_sale_price":0,"market_nl_active":false,"market_nl_url":null,"market_nl_parent_url":"","market_nl_tax_rate":0,"market_nl_price_inc_tax":0,"market_nl_sale_price_inc_tax":0,"market_de_price":0,"market_de_sale_price":0,"market_de_active":false,"market_de_url":null,"market_de_parent_url":"","market_de_tax_rate":0,"market_de_price_inc_tax":0,"market_de_sale_price_inc_tax":0,"market_be_price":0,"market_be_sale_price":0,"market_be_active":false,"market_be_url":null,"market_be_parent_url":"","market_be_tax_rate":0,"market_be_price_inc_tax":0,"market_be_sale_price_inc_tax":0,"market_fr_price":0,"market_fr_sale_price":0,"market_fr_active":false,"market_fr_url":null,"market_fr_parent_url":"","market_fr_tax_rate":0,"market_fr_price_inc_tax":0,"market_fr_sale_price_inc_tax":0,"market_ch_price":0,"market_ch_sale_price":0,"market_ch_active":false,"market_ch_url":null,"market_ch_parent_url":"","market_ch_tax_rate":0,"market_ch_price_inc_tax":0,"market_ch_sale_price_inc_tax":0,"market_at_price":0,"market_at_sale_price":0,"market_at_active":false,"market_at_url":null,"market_at_parent_url":"","market_at_tax_rate":0,"market_at_price_inc_tax":0,"market_at_sale_price_inc_tax":0,"market_es_price":0,"market_es_sale_price":0,"market_es_active":false,"market_es_url":null,"market_es_parent_url":"","market_es_tax_rate":0,"market_es_price_inc_tax":0,"market_es_sale_price_inc_tax":0,"market_dk_price":0,"market_dk_sale_price":0,"market_dk_active":false,"market_dk_url":null,"market_dk_parent_url":"","market_dk_tax_rate":0,"market_dk_price_inc_tax":0,"market_dk_sale_price_inc_tax":0,"market_com_price":0,"market_com_sale_price":0,"market_com_active":false,"market_com_url":null,"market_com_parent_url":"","market_com_tax_rate":0,"market_com_price_inc_tax":0,"market_com_sale_price_inc_tax":0,"acf":[],"_links":{"self":[{"href":"https:\/\/www.pharmacy4pets.nl\/be\/wp-json\/wp\/v2\/product\/119332","targetHints":{"allow":["GET"]}}],"collection":[{"href":"https:\/\/www.pharmacy4pets.nl\/be\/wp-json\/wp\/v2\/product"}],"about":[{"href":"https:\/\/www.pharmacy4pets.nl\/be\/wp-json\/wp\/v2\/types\/product"}],"replies":[{"embeddable":true,"href":"https:\/\/www.pharmacy4pets.nl\/be\/wp-json\/wp\/v2\/comments?post=119332"}],"wp:featuredmedia":[{"embeddable":true,"href":"https:\/\/www.pharmacy4pets.nl\/be\/wp-json\/wp\/v2\/media\/119326"}],"wp:attachment":[{"href":"https:\/\/www.pharmacy4pets.nl\/be\/wp-json\/wp\/v2\/media?parent=119332"}],"wp:term":[{"taxonomy":"product_brand","embeddable":true,"href":"https:\/\/www.pharmacy4pets.nl\/be\/wp-json\/wp\/v2\/product_brand?post=119332"},{"taxonomy":"product_cat","embeddable":true,"href":"https:\/\/www.pharmacy4pets.nl\/be\/wp-json\/wp\/v2\/product_cat?post=119332"},{"taxonomy":"product_tag","embeddable":true,"href":"https:\/\/www.pharmacy4pets.nl\/be\/wp-json\/wp\/v2\/product_tag?post=119332"}],"curies":[{"name":"wp","href":"https:\/\/api.w.org\/{rel}","templated":true}]}}