{"id":119321,"date":"2019-10-02T15:15:53","date_gmt":"2019-10-02T15:15:53","guid":{"rendered":"https:\/\/p4p.test\/vectra-3d-hond-m"},"modified":"2026-04-14T08:03:53","modified_gmt":"2026-04-14T08:03:53","slug":"vectra-3d-hond-m","status":"publish","type":"product","link":"https:\/\/www.pharmacy4pets.nl\/be\/vectra-3d-hond-m","title":{"rendered":"Vectra 3D hond M 10-25 kg 3 pipetten"},"content":{"rendered":"<h1>Vectra 3D<\/h1>\n<p>Vectra 3D beschermt pups en volwassen honden tegen volwassen vlooien, teken, muggen, steekvliegen en zandvliegen. Bovendien voorkomt Vectra 3D de ontwikkeling van alle onvolwassen vlooienstadia (eieren, larven en poppen) en helpt zo mee aan de bestrijding van de vlooien in de omgeving.<\/p>\n<p>Met \u00e9\u00e9n Vectra 3D spot-on applicator kunt u \u00e9\u00e9n behandeling uitvoeren. Een behandeling voorkomt vlooienbesmetting gedurende 1 maand en beschermt tegen teken gedurende 3 weken-1 maand (Rhipicephalus sanguineus en Ixodes ricinus gedurende 1 maand, en Dermacentorreticulatus gedurende maximaal 3 weken). Daarnaast voorkomt een behandeling met Vectra 3D het bijten van zandvliegen, muggen en stalvliegen gedurende 1 maand na toepassing.<\/p>\n","protected":false},"excerpt":{"rendered":"<p>Vectra 3D Vectra 3D beschermt pups en volwassen honden tegen volwassen vlooien, teken, muggen, steekvliegen en zandvliegen. Bovendien voorkomt Vectra 3D de ontwikkeling van alle onvolwassen vlooienstadia (eieren, larven en poppen) en helpt zo mee aan de bestrijding van de vlooien in de omgeving. Met \u00e9\u00e9n Vectra 3D spot-on applicator kunt u \u00e9\u00e9n behandeling uitvoeren. [&hellip;]<\/p>\n","protected":false},"featured_media":119320,"comment_status":"open","ping_status":"closed","template":"","meta":{"_acf_changed":false,"_nl_post_content":"<h1>Vectra 3D<\/h1>\n<p>Vectra 3D beschermt pups en volwassen honden tegen volwassen vlooien, teken, muggen, steekvliegen en zandvliegen. Bovendien voorkomt Vectra 3D de ontwikkeling van alle onvolwassen vlooienstadia (eieren, larven en poppen) en helpt zo mee aan de bestrijding van de vlooien in de omgeving.<\/p>\n<p>Met \u00e9\u00e9n Vectra 3D spot-on applicator kunt u \u00e9\u00e9n behandeling uitvoeren. Een behandeling voorkomt vlooienbesmetting gedurende 1 maand en beschermt tegen teken gedurende 3 weken-1 maand (Rhipicephalus sanguineus en Ixodes ricinus gedurende 1 maand, en Dermacentorreticulatus gedurende maximaal 3 weken). Daarnaast voorkomt een behandeling met Vectra 3D het bijten van zandvliegen, muggen en stalvliegen gedurende 1 maand na toepassing.<\/p>","_nl_post_name":"vectra-3d-hond-m","_nl_post_excerpt":"","_nl_post_title":"Vectra 3D hond M 10-25 kg 3 pipetten","_en_post_content":"<p>Vectra 3D protects puppies and adult dogs against adult fleas, ticks, mosquitoes, bite flies and sand flies. In addition, Vectra 3D prevents the development of all immature flea stages (eggs, larvae and pupae) and thus helps to combat the fleas in the environment.<\/p>\r\n<p>You can carrying out one treatment with one Vectra 3D spot-on applicator. Treatment prevents flea infestation for 1 month and protects against ticks for 3 weeks-1 month (Rhipicephalus sanguineus and Ixodes ricinus for 1 month, and Dermacentorreticulatus for up to 3 weeks). In addition, a treatment with Vectra 3D prevents the biting of sand flies, mosquitoes and stable flies for 1 month after application.<\/p>","_en_post_name":"vectra-3d-dog-m","_en_post_excerpt":"","_en_post_title":"Vectra 3D dog M 10-25 kg 3 pipettes","_de_post_content":"<p>Vectra 3D sch&uuml;tzt Welpen und erwachsene Hunde vor erwachsenen Fl&ouml;hen, Zecken, M&uuml;cken, Bissenfliegen und Sandfliegen. Zus&auml;tzlich verhindert Vectra 3D die Entstehung aller unreifen Flohstadien (Eier, Larven und Puppen) und hilft so die Fl&ouml;he in der Umwelt zu bek&auml;mpfen.<\/p>\r\n<p>Sie k&ouml;nnen eine Behandlung mit einem Vectra 3D-Spot-On-Applikator durchf&uuml;hren. Die Behandlung verhindert einen Flohbefall f&uuml;r 1 Monat und sch&uuml;tzt 3 Wochen-1 Monat vor Zecken (Rhipicephalus sanguineus und Ixodes ricinus 1 Monat und Dermacentorreticulatus bis zu 3 Wochen). Dar&uuml;ber hinaus verhindert eine Behandlung mit Vectra 3D das 1-monatige Bei&szlig;en von Sandfliegen, M&uuml;cken und Stallfliegen nach der Anwendung.<\/p>","_de_post_name":"vectra-3d-hund-m","_de_post_excerpt":"","_de_post_title":"Vectra 3D Hund M 10-25 kg 3 Pipetten","_fr_post_content":"<p>Vectra 3D prot&egrave;ge les chiots et les chiens adultes contre les puces adultes, les tiques, les moustiques et les mouches des sables. De plus, Vectra 3D pr&eacute;vient la progression de toutes les puces dans un stade non adulte (&oelig;ufs, larves et cocons) et aide contre la contamination des puces dans l&rsquo;environnement.<\/p>\r\n<p>Vous pouvez effectuer un traitement avec un applicateur spot-on Vectra 3D. Le traitement pr&eacute;vient l'infestation par les puces pendant 1 mois et prot&egrave;ge contre les tiques pendant 3 semaines &agrave; 1 mois (Rhipicephalus sanguineus et Ixodes ricinus pendant 1 mois et Dermacentorreticulatus jusqu'&agrave; 3 semaines). De plus, un traitement avec Vectra 3D emp&ecirc;che la morsure des phl&eacute;botomes, des moustiques et des mouches des &eacute;tables pendant 1 mois apr&egrave;s l'application.<\/p>","_fr_post_name":"vectra-3d-chien-m","_fr_post_excerpt":"","_fr_post_title":"Vectra 3D chien M 10-25 kg 3 pipettes","_es_post_content":"<p>Vectra 3D protege a los cachorros y perros adultos contra pulgas, garrapatas, mosquitos, moscas y flebotomos. Adem&aacute;s, Vectra 3D impide el desarrollo de todos los estadios inmaduros de las pulgas (huevos, larvas y pupas) y, por lo tanto, ayuda a combatir las pulgas en el entorno.<\/p>\r\n<p>Puede realizar un tratamiento con un aplicador puntual Vectra 3D. El tratamiento previene la infestaci&oacute;n por pulgas durante 1 mes y protege contra las garrapatas durante 3 semanas-1 mes (Rhipicephalus sanguineus e Ixodes ricinus durante 1 mes y Dermacentorreticulatus hasta 3 semanas). Adem&aacute;s, un tratamiento con Vectra 3D previene las picaduras de fleb&oacute;tomos, mosquitos y moscas del establo durante 1 mes despu&eacute;s de la aplicaci&oacute;n.<\/p>","_es_post_name":"vectra-3d-perros-m","_es_post_excerpt":"","_es_post_title":"Vectra 3D perros M 10-25 kg 3 pipetas","edit_language":"nl"},"product_brand":[],"product_cat":[1117,1837,1857,1836,1961,1835,1834],"product_tag":[],"class_list":{"0":"post-119321","1":"product","2":"type-product","3":"status-publish","4":"has-post-thumbnail","6":"product_cat-honden","7":"product_cat-insecten","8":"product_cat-merken","9":"product_cat-teken","10":"product_cat-vectra-3d","11":"product_cat-vlooien","12":"product_cat-vlooien-teken-insecten","13":"pa_aandoening-muggen","14":"pa_aandoening-stalvliegen","15":"pa_aandoening-teken","16":"pa_aandoening-vlooien","17":"pa_aandoening-zandvliegen","18":"pa_doeldier-hond","19":"pa_doeldier-puppy","20":"pa_fabricatieland-frankrijk","21":"pa_merkfilter-vectra","22":"pa_merkgroep-ceva","23":"pa_productsoort-diergeneesmiddelvrij_ura","24":"pa_seo_canonical_store_id-not_found_value","25":"pa_seo_category-not_found_value","26":"pa_seo_meta_robots-not_found_value","27":"pa_toedieningswijze-spot_on","28":"pa_unit_pricing_base_measure-1ct","29":"pa_unit_pricing_measure-3ct","30":"pa_werkzamestof-dinotefuran","31":"pa_werkzamestof-permethrin","32":"pa_werkzamestof-pyriproxyfen","34":"first","35":"instock","36":"taxable","37":"shipping-taxable","38":"purchasable","39":"product-type-simple"},"yoast_head":"<!-- This site is optimized with the Yoast SEO plugin v27.5 - https:\/\/yoast.com\/product\/yoast-seo-wordpress\/ -->\n<title>Vectra 3D Hond | bij Vlooien en Teken | Pharmacy4pets.nl<\/title>\n<meta name=\"description\" content=\"Vectra 3D beschermt honden tegen vlooien, teken, muggen, steekvliegen en zandvliegen. \u2b50 Klantbeoordeling 9\/10 \u2b50 PharmaPunten sparen \u2b50 Pharmacy4pets.nl\" \/>\n<meta name=\"robots\" content=\"index, follow, max-snippet:-1, max-image-preview:large, max-video-preview:-1\" \/>\n<link rel=\"canonical\" href=\"https:\/\/pharmacy4pets.nl\/vectra-3d-hond-m\" \/>\n<meta property=\"og:locale\" content=\"nl_NL\" \/>\n<meta property=\"og:type\" content=\"article\" \/>\n<meta property=\"og:title\" content=\"Vectra 3D Hond | bij Vlooien en Teken | Pharmacy4pets.nl\" \/>\n<meta property=\"og:description\" content=\"Vectra 3D beschermt honden tegen vlooien, teken, muggen, steekvliegen en zandvliegen. \u2b50 Klantbeoordeling 9\/10 \u2b50 PharmaPunten sparen \u2b50 Pharmacy4pets.nl\" \/>\n<meta property=\"og:url\" content=\"https:\/\/pharmacy4pets.nl\/vectra-3d-hond-m\" \/>\n<meta property=\"og:site_name\" content=\"Pharmacy4pets\" \/>\n<meta property=\"article:publisher\" content=\"https:\/\/www.facebook.com\/people\/Pharmacy4petsnl\/100063484989896\/\" \/>\n<meta property=\"article:modified_time\" content=\"2026-04-14T08:03:53+00:00\" \/>\n<meta property=\"og:image\" content=\"https:\/\/pharmacy4pets.nl\/wp-content\/uploads\/2019\/10\/vectra_3d_M_1.jpg\" \/>\n\t<meta property=\"og:image:width\" content=\"500\" \/>\n\t<meta property=\"og:image:height\" content=\"500\" \/>\n\t<meta property=\"og:image:type\" content=\"image\/jpeg\" \/>\n<meta name=\"twitter:card\" content=\"summary_large_image\" \/>\n<script type=\"application\/ld+json\" class=\"yoast-schema-graph\">{\"@context\":\"https:\\\/\\\/schema.org\",\"@graph\":[{\"@type\":\"WebPage\",\"@id\":\"https:\\\/\\\/pharmacy4pets.nl\\\/vectra-3d-hond-m\",\"url\":\"https:\\\/\\\/pharmacy4pets.nl\\\/vectra-3d-hond-m\",\"name\":\"Vectra 3D Hond | bij Vlooien en Teken | Pharmacy4pets.nl\",\"isPartOf\":{\"@id\":\"http:\\\/\\\/www.pharmacy4pets.nl\\\/#website\"},\"primaryImageOfPage\":{\"@id\":\"https:\\\/\\\/pharmacy4pets.nl\\\/vectra-3d-hond-m#primaryimage\"},\"image\":{\"@id\":\"https:\\\/\\\/pharmacy4pets.nl\\\/vectra-3d-hond-m#primaryimage\"},\"thumbnailUrl\":\"https:\\\/\\\/www.pharmacy4pets.nl\\\/wp-content\\\/uploads\\\/2019\\\/10\\\/vectra_3d_M_1.jpg\",\"datePublished\":\"2019-10-02T15:15:53+00:00\",\"dateModified\":\"2026-04-14T08:03:53+00:00\",\"description\":\"Vectra 3D beschermt honden tegen vlooien, teken, muggen, steekvliegen en zandvliegen. \u2b50 Klantbeoordeling 9\\\/10 \u2b50 PharmaPunten sparen \u2b50 Pharmacy4pets.nl\",\"breadcrumb\":{\"@id\":\"https:\\\/\\\/pharmacy4pets.nl\\\/vectra-3d-hond-m#breadcrumb\"},\"inLanguage\":\"nl-NL\",\"potentialAction\":[{\"@type\":\"ReadAction\",\"target\":[\"https:\\\/\\\/pharmacy4pets.nl\\\/vectra-3d-hond-m\"]}]},{\"@type\":\"ImageObject\",\"inLanguage\":\"nl-NL\",\"@id\":\"https:\\\/\\\/pharmacy4pets.nl\\\/vectra-3d-hond-m#primaryimage\",\"url\":\"https:\\\/\\\/www.pharmacy4pets.nl\\\/wp-content\\\/uploads\\\/2019\\\/10\\\/vectra_3d_M_1.jpg\",\"contentUrl\":\"https:\\\/\\\/www.pharmacy4pets.nl\\\/wp-content\\\/uploads\\\/2019\\\/10\\\/vectra_3d_M_1.jpg\",\"width\":500,\"height\":500,\"caption\":\"Vectra\"},{\"@type\":\"BreadcrumbList\",\"@id\":\"https:\\\/\\\/pharmacy4pets.nl\\\/vectra-3d-hond-m#breadcrumb\",\"itemListElement\":[{\"@type\":\"ListItem\",\"position\":1,\"name\":\"Home\",\"item\":\"https:\\\/\\\/p4p-nl.bootmine.com\\\/\"},{\"@type\":\"ListItem\",\"position\":2,\"name\":\"Winkel\",\"item\":\"https:\\\/\\\/p4p-nl.bootmine.com\\\/winkel\"},{\"@type\":\"ListItem\",\"position\":3,\"name\":\"Vectra 3D hond M 10-25 kg 3 pipetten\"}]},{\"@type\":\"WebSite\",\"@id\":\"http:\\\/\\\/www.pharmacy4pets.nl\\\/#website\",\"url\":\"http:\\\/\\\/www.pharmacy4pets.nl\\\/\",\"name\":\"Pharmacy4pets\",\"description\":\"Pharmacy4pets.nl is d\u00e9 online apotheek waar u terecht kunt voor alle diergeneesmiddelen, verzorgingsproducten en dieetvoeding voor uw huisdier.\",\"publisher\":{\"@id\":\"http:\\\/\\\/www.pharmacy4pets.nl\\\/#organization\"},\"potentialAction\":[{\"@type\":\"SearchAction\",\"target\":{\"@type\":\"EntryPoint\",\"urlTemplate\":\"http:\\\/\\\/www.pharmacy4pets.nl\\\/?s={search_term_string}\"},\"query-input\":{\"@type\":\"PropertyValueSpecification\",\"valueRequired\":true,\"valueName\":\"search_term_string\"}}],\"inLanguage\":\"nl-NL\"},{\"@type\":\"Organization\",\"@id\":\"http:\\\/\\\/www.pharmacy4pets.nl\\\/#organization\",\"name\":\"Pharmacy4pets\",\"url\":\"http:\\\/\\\/www.pharmacy4pets.nl\\\/\",\"logo\":{\"@type\":\"ImageObject\",\"inLanguage\":\"nl-NL\",\"@id\":\"http:\\\/\\\/www.pharmacy4pets.nl\\\/#\\\/schema\\\/logo\\\/image\\\/\",\"url\":\"https:\\\/\\\/p4p-nl.bootmine.com\\\/wp-content\\\/uploads\\\/2026\\\/03\\\/logo-pharmacy4pets.png\",\"contentUrl\":\"https:\\\/\\\/p4p-nl.bootmine.com\\\/wp-content\\\/uploads\\\/2026\\\/03\\\/logo-pharmacy4pets.png\",\"width\":1024,\"height\":135,\"caption\":\"Pharmacy4pets\"},\"image\":{\"@id\":\"http:\\\/\\\/www.pharmacy4pets.nl\\\/#\\\/schema\\\/logo\\\/image\\\/\"},\"sameAs\":[\"https:\\\/\\\/www.facebook.com\\\/people\\\/Pharmacy4petsnl\\\/100063484989896\\\/\",\"https:\\\/\\\/www.youtube.com\\\/channel\\\/UCGPTIgucgli03tP2_kvLkHg\\\/featured\",\"https:\\\/\\\/www.instagram.com\\\/pharmacy4pets.nl\"]}]}<\/script>\n<!-- \/ Yoast SEO plugin. -->","yoast_head_json":{"title":"Vectra 3D Hond | bij Vlooien en Teken | Pharmacy4pets.nl","description":"Vectra 3D beschermt honden tegen vlooien, teken, muggen, steekvliegen en zandvliegen. \u2b50 Klantbeoordeling 9\/10 \u2b50 PharmaPunten sparen \u2b50 Pharmacy4pets.nl","robots":{"index":"index","follow":"follow","max-snippet":"max-snippet:-1","max-image-preview":"max-image-preview:large","max-video-preview":"max-video-preview:-1"},"canonical":"https:\/\/pharmacy4pets.nl\/vectra-3d-hond-m","og_locale":"nl_NL","og_type":"article","og_title":"Vectra 3D Hond | bij Vlooien en Teken | Pharmacy4pets.nl","og_description":"Vectra 3D beschermt honden tegen vlooien, teken, muggen, steekvliegen en zandvliegen. \u2b50 Klantbeoordeling 9\/10 \u2b50 PharmaPunten sparen \u2b50 Pharmacy4pets.nl","og_url":"https:\/\/pharmacy4pets.nl\/vectra-3d-hond-m","og_site_name":"Pharmacy4pets","article_publisher":"https:\/\/www.facebook.com\/people\/Pharmacy4petsnl\/100063484989896\/","article_modified_time":"2026-04-14T08:03:53+00:00","og_image":[{"width":500,"height":500,"url":"https:\/\/pharmacy4pets.nl\/wp-content\/uploads\/2019\/10\/vectra_3d_M_1.jpg","type":"image\/jpeg"}],"twitter_card":"summary_large_image","schema":{"@context":"https:\/\/schema.org","@graph":[{"@type":"WebPage","@id":"https:\/\/pharmacy4pets.nl\/vectra-3d-hond-m","url":"https:\/\/pharmacy4pets.nl\/vectra-3d-hond-m","name":"Vectra 3D Hond | bij Vlooien en Teken | Pharmacy4pets.nl","isPartOf":{"@id":"http:\/\/www.pharmacy4pets.nl\/#website"},"primaryImageOfPage":{"@id":"https:\/\/pharmacy4pets.nl\/vectra-3d-hond-m#primaryimage"},"image":{"@id":"https:\/\/pharmacy4pets.nl\/vectra-3d-hond-m#primaryimage"},"thumbnailUrl":"https:\/\/www.pharmacy4pets.nl\/wp-content\/uploads\/2019\/10\/vectra_3d_M_1.jpg","datePublished":"2019-10-02T15:15:53+00:00","dateModified":"2026-04-14T08:03:53+00:00","description":"Vectra 3D beschermt honden tegen vlooien, teken, muggen, steekvliegen en zandvliegen. \u2b50 Klantbeoordeling 9\/10 \u2b50 PharmaPunten sparen \u2b50 Pharmacy4pets.nl","breadcrumb":{"@id":"https:\/\/pharmacy4pets.nl\/vectra-3d-hond-m#breadcrumb"},"inLanguage":"nl-NL","potentialAction":[{"@type":"ReadAction","target":["https:\/\/pharmacy4pets.nl\/vectra-3d-hond-m"]}]},{"@type":"ImageObject","inLanguage":"nl-NL","@id":"https:\/\/pharmacy4pets.nl\/vectra-3d-hond-m#primaryimage","url":"https:\/\/www.pharmacy4pets.nl\/wp-content\/uploads\/2019\/10\/vectra_3d_M_1.jpg","contentUrl":"https:\/\/www.pharmacy4pets.nl\/wp-content\/uploads\/2019\/10\/vectra_3d_M_1.jpg","width":500,"height":500,"caption":"Vectra"},{"@type":"BreadcrumbList","@id":"https:\/\/pharmacy4pets.nl\/vectra-3d-hond-m#breadcrumb","itemListElement":[{"@type":"ListItem","position":1,"name":"Home","item":"https:\/\/p4p-nl.bootmine.com\/"},{"@type":"ListItem","position":2,"name":"Winkel","item":"https:\/\/p4p-nl.bootmine.com\/winkel"},{"@type":"ListItem","position":3,"name":"Vectra 3D hond M 10-25 kg 3 pipetten"}]},{"@type":"WebSite","@id":"http:\/\/www.pharmacy4pets.nl\/#website","url":"http:\/\/www.pharmacy4pets.nl\/","name":"Pharmacy4pets","description":"Pharmacy4pets.nl is d\u00e9 online apotheek waar u terecht kunt voor alle diergeneesmiddelen, verzorgingsproducten en dieetvoeding voor uw huisdier.","publisher":{"@id":"http:\/\/www.pharmacy4pets.nl\/#organization"},"potentialAction":[{"@type":"SearchAction","target":{"@type":"EntryPoint","urlTemplate":"http:\/\/www.pharmacy4pets.nl\/?s={search_term_string}"},"query-input":{"@type":"PropertyValueSpecification","valueRequired":true,"valueName":"search_term_string"}}],"inLanguage":"nl-NL"},{"@type":"Organization","@id":"http:\/\/www.pharmacy4pets.nl\/#organization","name":"Pharmacy4pets","url":"http:\/\/www.pharmacy4pets.nl\/","logo":{"@type":"ImageObject","inLanguage":"nl-NL","@id":"http:\/\/www.pharmacy4pets.nl\/#\/schema\/logo\/image\/","url":"https:\/\/p4p-nl.bootmine.com\/wp-content\/uploads\/2026\/03\/logo-pharmacy4pets.png","contentUrl":"https:\/\/p4p-nl.bootmine.com\/wp-content\/uploads\/2026\/03\/logo-pharmacy4pets.png","width":1024,"height":135,"caption":"Pharmacy4pets"},"image":{"@id":"http:\/\/www.pharmacy4pets.nl\/#\/schema\/logo\/image\/"},"sameAs":["https:\/\/www.facebook.com\/people\/Pharmacy4petsnl\/100063484989896\/","https:\/\/www.youtube.com\/channel\/UCGPTIgucgli03tP2_kvLkHg\/featured","https:\/\/www.instagram.com\/pharmacy4pets.nl"]}]}},"market_data":{"nl":{"price":0,"sale_price":0,"active":false,"url":null,"parent_url":"","tax_rate":0,"price_inc_tax":0,"sale_price_inc_tax":0},"de":{"price":0,"sale_price":0,"active":false,"url":null,"parent_url":"","tax_rate":0,"price_inc_tax":0,"sale_price_inc_tax":0},"be":{"price":0,"sale_price":0,"active":false,"url":null,"parent_url":"","tax_rate":0,"price_inc_tax":0,"sale_price_inc_tax":0},"fr":{"price":0,"sale_price":0,"active":false,"url":null,"parent_url":"","tax_rate":0,"price_inc_tax":0,"sale_price_inc_tax":0},"ch":{"price":0,"sale_price":0,"active":false,"url":null,"parent_url":"","tax_rate":0,"price_inc_tax":0,"sale_price_inc_tax":0},"at":{"price":0,"sale_price":0,"active":false,"url":null,"parent_url":"","tax_rate":0,"price_inc_tax":0,"sale_price_inc_tax":0},"es":{"price":0,"sale_price":0,"active":false,"url":null,"parent_url":"","tax_rate":0,"price_inc_tax":0,"sale_price_inc_tax":0},"dk":{"price":0,"sale_price":0,"active":false,"url":null,"parent_url":"","tax_rate":0,"price_inc_tax":0,"sale_price_inc_tax":0},"com":{"price":0,"sale_price":0,"active":false,"url":null,"parent_url":"","tax_rate":0,"price_inc_tax":0,"sale_price_inc_tax":0}},"market_nl_price":0,"market_nl_sale_price":0,"market_nl_active":false,"market_nl_url":null,"market_nl_parent_url":"","market_nl_tax_rate":0,"market_nl_price_inc_tax":0,"market_nl_sale_price_inc_tax":0,"market_de_price":0,"market_de_sale_price":0,"market_de_active":false,"market_de_url":null,"market_de_parent_url":"","market_de_tax_rate":0,"market_de_price_inc_tax":0,"market_de_sale_price_inc_tax":0,"market_be_price":0,"market_be_sale_price":0,"market_be_active":false,"market_be_url":null,"market_be_parent_url":"","market_be_tax_rate":0,"market_be_price_inc_tax":0,"market_be_sale_price_inc_tax":0,"market_fr_price":0,"market_fr_sale_price":0,"market_fr_active":false,"market_fr_url":null,"market_fr_parent_url":"","market_fr_tax_rate":0,"market_fr_price_inc_tax":0,"market_fr_sale_price_inc_tax":0,"market_ch_price":0,"market_ch_sale_price":0,"market_ch_active":false,"market_ch_url":null,"market_ch_parent_url":"","market_ch_tax_rate":0,"market_ch_price_inc_tax":0,"market_ch_sale_price_inc_tax":0,"market_at_price":0,"market_at_sale_price":0,"market_at_active":false,"market_at_url":null,"market_at_parent_url":"","market_at_tax_rate":0,"market_at_price_inc_tax":0,"market_at_sale_price_inc_tax":0,"market_es_price":0,"market_es_sale_price":0,"market_es_active":false,"market_es_url":null,"market_es_parent_url":"","market_es_tax_rate":0,"market_es_price_inc_tax":0,"market_es_sale_price_inc_tax":0,"market_dk_price":0,"market_dk_sale_price":0,"market_dk_active":false,"market_dk_url":null,"market_dk_parent_url":"","market_dk_tax_rate":0,"market_dk_price_inc_tax":0,"market_dk_sale_price_inc_tax":0,"market_com_price":0,"market_com_sale_price":0,"market_com_active":false,"market_com_url":null,"market_com_parent_url":"","market_com_tax_rate":0,"market_com_price_inc_tax":0,"market_com_sale_price_inc_tax":0,"acf":[],"_links":{"self":[{"href":"https:\/\/www.pharmacy4pets.nl\/be\/wp-json\/wp\/v2\/product\/119321","targetHints":{"allow":["GET"]}}],"collection":[{"href":"https:\/\/www.pharmacy4pets.nl\/be\/wp-json\/wp\/v2\/product"}],"about":[{"href":"https:\/\/www.pharmacy4pets.nl\/be\/wp-json\/wp\/v2\/types\/product"}],"replies":[{"embeddable":true,"href":"https:\/\/www.pharmacy4pets.nl\/be\/wp-json\/wp\/v2\/comments?post=119321"}],"wp:featuredmedia":[{"embeddable":true,"href":"https:\/\/www.pharmacy4pets.nl\/be\/wp-json\/wp\/v2\/media\/119320"}],"wp:attachment":[{"href":"https:\/\/www.pharmacy4pets.nl\/be\/wp-json\/wp\/v2\/media?parent=119321"}],"wp:term":[{"taxonomy":"product_brand","embeddable":true,"href":"https:\/\/www.pharmacy4pets.nl\/be\/wp-json\/wp\/v2\/product_brand?post=119321"},{"taxonomy":"product_cat","embeddable":true,"href":"https:\/\/www.pharmacy4pets.nl\/be\/wp-json\/wp\/v2\/product_cat?post=119321"},{"taxonomy":"product_tag","embeddable":true,"href":"https:\/\/www.pharmacy4pets.nl\/be\/wp-json\/wp\/v2\/product_tag?post=119321"}],"curies":[{"name":"wp","href":"https:\/\/api.w.org\/{rel}","templated":true}]}}