{"id":119295,"date":"2019-08-29T08:36:33","date_gmt":"2019-08-29T08:36:33","guid":{"rendered":"https:\/\/p4p.test\/vetericyn-plus-skin-care-spray-89-ml"},"modified":"2026-03-25T12:01:06","modified_gmt":"2026-03-25T12:01:06","slug":"vetericyn-plus-skin-care-spray-89-ml","status":"publish","type":"product","link":"https:\/\/www.pharmacy4pets.nl\/be\/vetericyn-plus-skin-care-spray-89-ml","title":{"rendered":"Vetericyn Plus Skin Care Spray 89 ml"},"content":{"rendered":"<p>Vetericyn Plus Skin Care Spray 89 ml is een huidverzorging die de huid reinigt en beschermt. Deze spray is effectief tegen alle problemen die op de huid liggen en is eenvoudig te gebruiken om kleine wonden schoon te maken. Deze spray is vrij van stero\u00efden en antibiotica en hoeft niet nagespoeld te worden. Vetericyn Plus Skin Care Spray 89 ml is gebaseerd op de Microcyn Technologie. Het product is pH neutraal en prikt niet tijdens het aanbrengen.<\/p>\n<ul>\n<li>Veilig en niet-giftig<\/li>\n<li>Vrij van stero\u00efden, antibiotica en zonder theeboomolie<\/li>\n<li>Vermindert irritatie<\/li>\n<li>Veilig te gebruiken rond de ogen, buiten- en middenoor, neus en mond<\/li>\n<li>Veilig voor alle dieren van alle leeftijden<\/li>\n<\/ul>\n","protected":false},"excerpt":{"rendered":"<p>Vetericyn Plus Skin Care Spray 89 ml is een huidverzorging die de huid reinigt en beschermt. Deze spray is effectief tegen alle problemen die op de huid liggen en is eenvoudig te gebruiken om kleine wonden schoon te maken. Deze spray is vrij van stero\u00efden en antibiotica en hoeft niet nagespoeld te worden. Vetericyn Plus [&hellip;]<\/p>\n","protected":false},"featured_media":119294,"comment_status":"open","ping_status":"closed","template":"","meta":{"_acf_changed":false,"_nl_post_content":"<p>Vetericyn Plus Skin Care Spray 89 ml is een huidverzorging die de huid reinigt en beschermt. Deze spray is effectief tegen alle problemen die op de huid liggen en is eenvoudig te gebruiken om kleine wonden schoon te maken. Deze spray is vrij van stero\u00efden en antibiotica en hoeft niet nagespoeld te worden. Vetericyn Plus Skin Care Spray 89 ml is gebaseerd op de Microcyn Technologie. Het product is pH neutraal en prikt niet tijdens het aanbrengen.<\/p>\r\n<ul>\r\n<li>Veilig en niet-giftig<\/li>\r\n<li>Vrij van stero\u00efden, antibiotica en zonder theeboomolie<\/li>\r\n<li>Vermindert irritatie<\/li>\r\n<li>Veilig te gebruiken rond de ogen, buiten- en middenoor, neus en mond<\/li>\r\n<li>Veilig voor alle dieren van alle leeftijden<\/li>\r\n<\/ul>","_nl_post_name":"vetericyn-plus-skin-care-spray-89-ml","_nl_post_excerpt":"","_nl_post_title":"Vetericyn Plus Skin Care Spray 89 ml","_en_post_content":"<p>Vetericyn Plus Skin Care Spray 89 ml is a skin care product that cleans and protects the skin. This spray is effective against all problems on the skin and is easy to use to clean small wounds. This spray is free of steroids and antibiotics and does not need to be rinsed.\u00a0<\/p>\r\n<p>Vetericyn Plus Skin Care Spray 89 ml\u00a0is based on the Microcyn Technology. The product is pH neutral and does not sting during application.<br \/><br \/><\/p>\r\n<ul>\r\n<li>\u00a0\u00a0\u00a0 Safe and non-toxic<\/li>\r\n<li>\u00a0\u00a0\u00a0 Free of steroids, antibiotics and tea tree oil<\/li>\r\n<li>\u00a0\u00a0\u00a0 Reduces irritation<\/li>\r\n<li>\u00a0\u00a0\u00a0 Safe to use around eyes, outer and middle ear, nose and mouth<\/li>\r\n<li>\u00a0\u00a0\u00a0 Safe for all animals of all ages<\/li>\r\n<\/ul>","_en_post_name":"vetericyn-plus-skin-care-spray-89-ml","_en_post_excerpt":"","_en_post_title":"Vetericyn Plus Skin Care Spray 89 ml","_de_post_content":"<p>Vetericyn Plus Skin Care Spray 89 ml ist ein Hautpflegemittel, das die Haut reinigt und sch\u00fctzt. Dieses Spray wirkt gegen alle Probleme auf der Haut und ist einfach anzuwenden, um kleine Wunden zu reinigen. Dieses Spray ist frei von Steroiden und Antibiotika und muss nicht gesp\u00fclt werden. Vetericyn Plus Skin Care Spray 89 ml wird basiert auf der Microcyn-Technologie. Das Produkt ist pH-neutral und brennt w\u00e4hrend der Anwendung nicht.<br \/><br \/><\/p>\r\n<ul>\r\n<li>\u00a0\u00a0\u00a0 Sicher und ungiftig<\/li>\r\n<li>\u00a0\u00a0\u00a0 Frei von Steroiden, Antibiotika ne ohne Teebaum\u00f6l<\/li>\r\n<li>\u00a0\u00a0\u00a0 Reduziert Reizungen<\/li>\r\n<li>\u00a0\u00a0\u00a0 Sicher in der Anwendung um die Augen, das \u00e4u\u00dfere und mittlere Ohr, die Nase und den Mund herum.<\/li>\r\n<li>\u00a0\u00a0\u00a0 Sicher f\u00fcr alle Tiere jeden Alters<\/li>\r\n<\/ul>","_de_post_name":"vetericyn-plus-skin-care-spray-89-ml","_de_post_excerpt":"","_de_post_title":"Vetericyn Plus Skin Care Spray 89 ml","_fr_post_content":"<p>Vetericyn Plus Skin Care Spray 89 ml est un soin pour la peau qui nettoie et prot\u00e8ge la peau. Ce spray est efficace contre tous les probl\u00e8mes se trouvant sur la peau et s\u2019utilise facilement afin de nettoyer les petits plaies. Ce spray ne contient pas de st\u00e9ro\u00efdes et d\u2019antibiotiques et n\u2019a pas besoin d\u2019\u00eatre rincer. Le spray de Vetericyn est bas\u00e9 de la technologie Microcyne. Le produit a un pH neutre et ne pique pas pendant l\u2019application.<\/p>\r\n<ul>\r\n<li>S\u00fbre et non toxique<\/li>\r\n<li>Ne contient pas de st\u00e9roides, d\u2019antibiotiques et d\u2019huile essentielle d\u2019arbre \u00e0 th\u00e9<\/li>\r\n<li>R\u00e9duit les irritations<\/li>\r\n<li>S\u00fbr \u00e0 l\u2019utilisation autour des yeux, oreille externe et moyenne, nez et bouche.<\/li>\r\n<li>S\u00fbr pour tous les animaux et tous les \u00e2ges<\/li>\r\n<\/ul>\r\n<p>\u00a0<\/p>","_fr_post_name":"vetericyn-plus-skin-care-spray-89-ml","_fr_post_excerpt":"","_fr_post_title":"Vetericyn Plus Skin Care Spray 89 ml","_es_post_content":"<p>Vetericyn Plus Skin Care Spray 89 ml es un producto de cuidado de la piel que limpia y protege la piel. El spray antis\u00e9ptico trata todos los problemas de la piel como irritaciones, abrasiones, cortes y quemaduras y ayuda a limpiar peque\u00f1as heridas. El spray antis\u00e9ptico no contiene esteroides ni antibi\u00f3ticos y el enjuague no es necesario.<\/p>\r\n<p>Vetericyn Plus Skin Care Spray 89 ml\u00a0est\u00e1 basad0 en la Tecnolog\u00eda Microcyn. El producto tiene un pH neutro y no pica al aplicarse.<br \/><br \/><\/p>\r\n<ul>\r\n<li>Seguro y no t\u00f3xico<\/li>\r\n<li>Libre de esteroides, antibi\u00f3ticos y sin aceite del \u00e1rbol del t\u00e9<\/li>\r\n<li>Reduce la irritaci\u00f3n<\/li>\r\n<li>Seguro para usar alrededor de los ojos, las orejas, el o\u00eddo medio, la nariz y la boca<\/li>\r\n<li>Seguro para todo tipo de animales de todas las edades<br \/><br \/><\/li>\r\n<\/ul>","_es_post_name":"vetericyn-plus-skin-care-spray-89-ml","_es_post_excerpt":"","_es_post_title":"Vetericyn Plus Skin Care Spray 89 ml","edit_language":"nl"},"product_brand":[],"product_cat":[1891,1892,1118,1830,1857,1824,1962,1828],"product_tag":[],"class_list":{"0":"post-119295","1":"product","2":"type-product","3":"status-publish","4":"has-post-thumbnail","6":"product_cat-benodigdheden","7":"product_cat-ehbo","8":"product_cat-katten","9":"product_cat-medicijnen-supplementen","10":"product_cat-merken","11":"product_cat-overig","12":"product_cat-vetericyn","13":"product_cat-vogels","14":"pa_aandoening-huid_vacht","15":"pa_doeldier-exoten","16":"pa_doeldier-ezel","17":"pa_doeldier-hond","18":"pa_doeldier-kat","19":"pa_doeldier-knaagdier","20":"pa_doeldier-konijn","21":"pa_doeldier-overig","22":"pa_doeldier-paard","23":"pa_fabricatieland-usa","24":"pa_merkfilter-vetericyn","25":"pa_merkgroep-vetericyn","26":"pa_productsoort-overig","27":"pa_seo_canonical_store_id-not_found_value","28":"pa_seo_category-not_found_value","29":"pa_seo_meta_robots-not_found_value","30":"pa_toedieningswijze-spray","31":"pa_unit_pricing_base_measure-10ml","32":"pa_unit_pricing_measure-89ml","33":"pa_werkzamestof-overig","35":"first","36":"instock","37":"taxable","38":"shipping-taxable","39":"purchasable","40":"product-type-simple"},"yoast_head":"<!-- This site is optimized with the Yoast SEO plugin v27.5 - https:\/\/yoast.com\/product\/yoast-seo-wordpress\/ -->\n<title>Vetericyn Plus Skin Care Spray 89 ml<\/title>\n<meta name=\"description\" content=\"Vetericyn Plus Skin Care Spray 89 ml\" \/>\n<meta name=\"robots\" content=\"index, follow, max-snippet:-1, max-image-preview:large, max-video-preview:-1\" \/>\n<link rel=\"canonical\" href=\"https:\/\/p4p-nl.bootmine.com\/%product-slug%\/vetericyn-plus-skin-care-spray-89-ml\" \/>\n<meta property=\"og:locale\" content=\"nl_NL\" \/>\n<meta property=\"og:type\" content=\"article\" \/>\n<meta property=\"og:title\" content=\"Vetericyn Plus Skin Care Spray 89 ml\" \/>\n<meta property=\"og:description\" content=\"Vetericyn Plus Skin Care Spray 89 ml\" \/>\n<meta property=\"og:url\" content=\"https:\/\/p4p-nl.bootmine.com\/%product-slug%\/vetericyn-plus-skin-care-spray-89-ml\" \/>\n<meta property=\"og:site_name\" content=\"Pharmacy4pets\" \/>\n<meta property=\"article:publisher\" content=\"https:\/\/www.facebook.com\/people\/Pharmacy4petsnl\/100063484989896\/\" \/>\n<meta property=\"article:modified_time\" content=\"2026-03-25T12:01:06+00:00\" \/>\n<meta property=\"og:image\" content=\"https:\/\/p4p-nl.bootmine.com\/wp-content\/uploads\/2019\/08\/vetericyn-plus-skin-care-spray-89-ml.jpg\" \/>\n\t<meta property=\"og:image:width\" content=\"1000\" \/>\n\t<meta property=\"og:image:height\" content=\"1000\" \/>\n\t<meta property=\"og:image:type\" content=\"image\/jpeg\" \/>\n<meta name=\"twitter:card\" content=\"summary_large_image\" \/>\n<meta name=\"twitter:label1\" content=\"Geschatte leestijd\" \/>\n\t<meta name=\"twitter:data1\" content=\"1 minuut\" \/>\n<script type=\"application\/ld+json\" class=\"yoast-schema-graph\">{\"@context\":\"https:\\\/\\\/schema.org\",\"@graph\":[{\"@type\":\"WebPage\",\"@id\":\"https:\\\/\\\/p4p-nl.bootmine.com\\\/%product-slug%\\\/vetericyn-plus-skin-care-spray-89-ml\",\"url\":\"https:\\\/\\\/p4p-nl.bootmine.com\\\/%product-slug%\\\/vetericyn-plus-skin-care-spray-89-ml\",\"name\":\"Vetericyn Plus Skin Care Spray 89 ml\",\"isPartOf\":{\"@id\":\"http:\\\/\\\/www.pharmacy4pets.nl\\\/#website\"},\"primaryImageOfPage\":{\"@id\":\"https:\\\/\\\/p4p-nl.bootmine.com\\\/%product-slug%\\\/vetericyn-plus-skin-care-spray-89-ml#primaryimage\"},\"image\":{\"@id\":\"https:\\\/\\\/p4p-nl.bootmine.com\\\/%product-slug%\\\/vetericyn-plus-skin-care-spray-89-ml#primaryimage\"},\"thumbnailUrl\":\"https:\\\/\\\/www.pharmacy4pets.nl\\\/wp-content\\\/uploads\\\/2019\\\/08\\\/vetericyn-plus-skin-care-spray-89-ml.jpg\",\"datePublished\":\"2019-08-29T08:36:33+00:00\",\"dateModified\":\"2026-03-25T12:01:06+00:00\",\"description\":\"Vetericyn Plus Skin Care Spray 89 ml\",\"breadcrumb\":{\"@id\":\"https:\\\/\\\/p4p-nl.bootmine.com\\\/%product-slug%\\\/vetericyn-plus-skin-care-spray-89-ml#breadcrumb\"},\"inLanguage\":\"nl-NL\",\"potentialAction\":[{\"@type\":\"ReadAction\",\"target\":[\"https:\\\/\\\/p4p-nl.bootmine.com\\\/%product-slug%\\\/vetericyn-plus-skin-care-spray-89-ml\"]}]},{\"@type\":\"ImageObject\",\"inLanguage\":\"nl-NL\",\"@id\":\"https:\\\/\\\/p4p-nl.bootmine.com\\\/%product-slug%\\\/vetericyn-plus-skin-care-spray-89-ml#primaryimage\",\"url\":\"https:\\\/\\\/www.pharmacy4pets.nl\\\/wp-content\\\/uploads\\\/2019\\\/08\\\/vetericyn-plus-skin-care-spray-89-ml.jpg\",\"contentUrl\":\"https:\\\/\\\/www.pharmacy4pets.nl\\\/wp-content\\\/uploads\\\/2019\\\/08\\\/vetericyn-plus-skin-care-spray-89-ml.jpg\",\"width\":1000,\"height\":1000,\"caption\":\"Vetericyn Plus Skin Care Spray 89 ml\"},{\"@type\":\"BreadcrumbList\",\"@id\":\"https:\\\/\\\/p4p-nl.bootmine.com\\\/%product-slug%\\\/vetericyn-plus-skin-care-spray-89-ml#breadcrumb\",\"itemListElement\":[{\"@type\":\"ListItem\",\"position\":1,\"name\":\"Home\",\"item\":\"https:\\\/\\\/p4p-nl.bootmine.com\\\/\"},{\"@type\":\"ListItem\",\"position\":2,\"name\":\"Winkel\",\"item\":\"https:\\\/\\\/p4p-nl.bootmine.com\\\/winkel\"},{\"@type\":\"ListItem\",\"position\":3,\"name\":\"Vetericyn Plus Skin Care Spray 89 ml\"}]},{\"@type\":\"WebSite\",\"@id\":\"http:\\\/\\\/www.pharmacy4pets.nl\\\/#website\",\"url\":\"http:\\\/\\\/www.pharmacy4pets.nl\\\/\",\"name\":\"Pharmacy4pets\",\"description\":\"Pharmacy4pets.nl is d\u00e9 online apotheek waar u terecht kunt voor alle diergeneesmiddelen, verzorgingsproducten en dieetvoeding voor uw huisdier.\",\"publisher\":{\"@id\":\"http:\\\/\\\/www.pharmacy4pets.nl\\\/#organization\"},\"potentialAction\":[{\"@type\":\"SearchAction\",\"target\":{\"@type\":\"EntryPoint\",\"urlTemplate\":\"http:\\\/\\\/www.pharmacy4pets.nl\\\/?s={search_term_string}\"},\"query-input\":{\"@type\":\"PropertyValueSpecification\",\"valueRequired\":true,\"valueName\":\"search_term_string\"}}],\"inLanguage\":\"nl-NL\"},{\"@type\":\"Organization\",\"@id\":\"http:\\\/\\\/www.pharmacy4pets.nl\\\/#organization\",\"name\":\"Pharmacy4pets\",\"url\":\"http:\\\/\\\/www.pharmacy4pets.nl\\\/\",\"logo\":{\"@type\":\"ImageObject\",\"inLanguage\":\"nl-NL\",\"@id\":\"http:\\\/\\\/www.pharmacy4pets.nl\\\/#\\\/schema\\\/logo\\\/image\\\/\",\"url\":\"https:\\\/\\\/p4p-nl.bootmine.com\\\/wp-content\\\/uploads\\\/2026\\\/03\\\/logo-pharmacy4pets.png\",\"contentUrl\":\"https:\\\/\\\/p4p-nl.bootmine.com\\\/wp-content\\\/uploads\\\/2026\\\/03\\\/logo-pharmacy4pets.png\",\"width\":1024,\"height\":135,\"caption\":\"Pharmacy4pets\"},\"image\":{\"@id\":\"http:\\\/\\\/www.pharmacy4pets.nl\\\/#\\\/schema\\\/logo\\\/image\\\/\"},\"sameAs\":[\"https:\\\/\\\/www.facebook.com\\\/people\\\/Pharmacy4petsnl\\\/100063484989896\\\/\",\"https:\\\/\\\/www.youtube.com\\\/channel\\\/UCGPTIgucgli03tP2_kvLkHg\\\/featured\",\"https:\\\/\\\/www.instagram.com\\\/pharmacy4pets.nl\"]}]}<\/script>\n<!-- \/ Yoast SEO plugin. -->","yoast_head_json":{"title":"Vetericyn Plus Skin Care Spray 89 ml","description":"Vetericyn Plus Skin Care Spray 89 ml","robots":{"index":"index","follow":"follow","max-snippet":"max-snippet:-1","max-image-preview":"max-image-preview:large","max-video-preview":"max-video-preview:-1"},"canonical":"https:\/\/p4p-nl.bootmine.com\/%product-slug%\/vetericyn-plus-skin-care-spray-89-ml","og_locale":"nl_NL","og_type":"article","og_title":"Vetericyn Plus Skin Care Spray 89 ml","og_description":"Vetericyn Plus Skin Care Spray 89 ml","og_url":"https:\/\/p4p-nl.bootmine.com\/%product-slug%\/vetericyn-plus-skin-care-spray-89-ml","og_site_name":"Pharmacy4pets","article_publisher":"https:\/\/www.facebook.com\/people\/Pharmacy4petsnl\/100063484989896\/","article_modified_time":"2026-03-25T12:01:06+00:00","og_image":[{"width":1000,"height":1000,"url":"https:\/\/p4p-nl.bootmine.com\/wp-content\/uploads\/2019\/08\/vetericyn-plus-skin-care-spray-89-ml.jpg","type":"image\/jpeg"}],"twitter_card":"summary_large_image","twitter_misc":{"Geschatte leestijd":"1 minuut"},"schema":{"@context":"https:\/\/schema.org","@graph":[{"@type":"WebPage","@id":"https:\/\/p4p-nl.bootmine.com\/%product-slug%\/vetericyn-plus-skin-care-spray-89-ml","url":"https:\/\/p4p-nl.bootmine.com\/%product-slug%\/vetericyn-plus-skin-care-spray-89-ml","name":"Vetericyn Plus Skin Care Spray 89 ml","isPartOf":{"@id":"http:\/\/www.pharmacy4pets.nl\/#website"},"primaryImageOfPage":{"@id":"https:\/\/p4p-nl.bootmine.com\/%product-slug%\/vetericyn-plus-skin-care-spray-89-ml#primaryimage"},"image":{"@id":"https:\/\/p4p-nl.bootmine.com\/%product-slug%\/vetericyn-plus-skin-care-spray-89-ml#primaryimage"},"thumbnailUrl":"https:\/\/www.pharmacy4pets.nl\/wp-content\/uploads\/2019\/08\/vetericyn-plus-skin-care-spray-89-ml.jpg","datePublished":"2019-08-29T08:36:33+00:00","dateModified":"2026-03-25T12:01:06+00:00","description":"Vetericyn Plus Skin Care Spray 89 ml","breadcrumb":{"@id":"https:\/\/p4p-nl.bootmine.com\/%product-slug%\/vetericyn-plus-skin-care-spray-89-ml#breadcrumb"},"inLanguage":"nl-NL","potentialAction":[{"@type":"ReadAction","target":["https:\/\/p4p-nl.bootmine.com\/%product-slug%\/vetericyn-plus-skin-care-spray-89-ml"]}]},{"@type":"ImageObject","inLanguage":"nl-NL","@id":"https:\/\/p4p-nl.bootmine.com\/%product-slug%\/vetericyn-plus-skin-care-spray-89-ml#primaryimage","url":"https:\/\/www.pharmacy4pets.nl\/wp-content\/uploads\/2019\/08\/vetericyn-plus-skin-care-spray-89-ml.jpg","contentUrl":"https:\/\/www.pharmacy4pets.nl\/wp-content\/uploads\/2019\/08\/vetericyn-plus-skin-care-spray-89-ml.jpg","width":1000,"height":1000,"caption":"Vetericyn Plus Skin Care Spray 89 ml"},{"@type":"BreadcrumbList","@id":"https:\/\/p4p-nl.bootmine.com\/%product-slug%\/vetericyn-plus-skin-care-spray-89-ml#breadcrumb","itemListElement":[{"@type":"ListItem","position":1,"name":"Home","item":"https:\/\/p4p-nl.bootmine.com\/"},{"@type":"ListItem","position":2,"name":"Winkel","item":"https:\/\/p4p-nl.bootmine.com\/winkel"},{"@type":"ListItem","position":3,"name":"Vetericyn Plus Skin Care Spray 89 ml"}]},{"@type":"WebSite","@id":"http:\/\/www.pharmacy4pets.nl\/#website","url":"http:\/\/www.pharmacy4pets.nl\/","name":"Pharmacy4pets","description":"Pharmacy4pets.nl is d\u00e9 online apotheek waar u terecht kunt voor alle diergeneesmiddelen, verzorgingsproducten en dieetvoeding voor uw huisdier.","publisher":{"@id":"http:\/\/www.pharmacy4pets.nl\/#organization"},"potentialAction":[{"@type":"SearchAction","target":{"@type":"EntryPoint","urlTemplate":"http:\/\/www.pharmacy4pets.nl\/?s={search_term_string}"},"query-input":{"@type":"PropertyValueSpecification","valueRequired":true,"valueName":"search_term_string"}}],"inLanguage":"nl-NL"},{"@type":"Organization","@id":"http:\/\/www.pharmacy4pets.nl\/#organization","name":"Pharmacy4pets","url":"http:\/\/www.pharmacy4pets.nl\/","logo":{"@type":"ImageObject","inLanguage":"nl-NL","@id":"http:\/\/www.pharmacy4pets.nl\/#\/schema\/logo\/image\/","url":"https:\/\/p4p-nl.bootmine.com\/wp-content\/uploads\/2026\/03\/logo-pharmacy4pets.png","contentUrl":"https:\/\/p4p-nl.bootmine.com\/wp-content\/uploads\/2026\/03\/logo-pharmacy4pets.png","width":1024,"height":135,"caption":"Pharmacy4pets"},"image":{"@id":"http:\/\/www.pharmacy4pets.nl\/#\/schema\/logo\/image\/"},"sameAs":["https:\/\/www.facebook.com\/people\/Pharmacy4petsnl\/100063484989896\/","https:\/\/www.youtube.com\/channel\/UCGPTIgucgli03tP2_kvLkHg\/featured","https:\/\/www.instagram.com\/pharmacy4pets.nl"]}]}},"market_data":{"nl":{"price":0,"sale_price":0,"active":false,"url":null,"parent_url":"","tax_rate":0,"price_inc_tax":0,"sale_price_inc_tax":0},"de":{"price":0,"sale_price":0,"active":false,"url":null,"parent_url":"","tax_rate":0,"price_inc_tax":0,"sale_price_inc_tax":0},"be":{"price":0,"sale_price":0,"active":false,"url":null,"parent_url":"","tax_rate":0,"price_inc_tax":0,"sale_price_inc_tax":0},"fr":{"price":0,"sale_price":0,"active":false,"url":null,"parent_url":"","tax_rate":0,"price_inc_tax":0,"sale_price_inc_tax":0},"ch":{"price":0,"sale_price":0,"active":false,"url":null,"parent_url":"","tax_rate":0,"price_inc_tax":0,"sale_price_inc_tax":0},"at":{"price":0,"sale_price":0,"active":false,"url":null,"parent_url":"","tax_rate":0,"price_inc_tax":0,"sale_price_inc_tax":0},"es":{"price":0,"sale_price":0,"active":false,"url":null,"parent_url":"","tax_rate":0,"price_inc_tax":0,"sale_price_inc_tax":0},"dk":{"price":0,"sale_price":0,"active":false,"url":null,"parent_url":"","tax_rate":0,"price_inc_tax":0,"sale_price_inc_tax":0},"com":{"price":0,"sale_price":0,"active":false,"url":null,"parent_url":"","tax_rate":0,"price_inc_tax":0,"sale_price_inc_tax":0}},"market_nl_price":0,"market_nl_sale_price":0,"market_nl_active":false,"market_nl_url":null,"market_nl_parent_url":"","market_nl_tax_rate":0,"market_nl_price_inc_tax":0,"market_nl_sale_price_inc_tax":0,"market_de_price":0,"market_de_sale_price":0,"market_de_active":false,"market_de_url":null,"market_de_parent_url":"","market_de_tax_rate":0,"market_de_price_inc_tax":0,"market_de_sale_price_inc_tax":0,"market_be_price":0,"market_be_sale_price":0,"market_be_active":false,"market_be_url":null,"market_be_parent_url":"","market_be_tax_rate":0,"market_be_price_inc_tax":0,"market_be_sale_price_inc_tax":0,"market_fr_price":0,"market_fr_sale_price":0,"market_fr_active":false,"market_fr_url":null,"market_fr_parent_url":"","market_fr_tax_rate":0,"market_fr_price_inc_tax":0,"market_fr_sale_price_inc_tax":0,"market_ch_price":0,"market_ch_sale_price":0,"market_ch_active":false,"market_ch_url":null,"market_ch_parent_url":"","market_ch_tax_rate":0,"market_ch_price_inc_tax":0,"market_ch_sale_price_inc_tax":0,"market_at_price":0,"market_at_sale_price":0,"market_at_active":false,"market_at_url":null,"market_at_parent_url":"","market_at_tax_rate":0,"market_at_price_inc_tax":0,"market_at_sale_price_inc_tax":0,"market_es_price":0,"market_es_sale_price":0,"market_es_active":false,"market_es_url":null,"market_es_parent_url":"","market_es_tax_rate":0,"market_es_price_inc_tax":0,"market_es_sale_price_inc_tax":0,"market_dk_price":0,"market_dk_sale_price":0,"market_dk_active":false,"market_dk_url":null,"market_dk_parent_url":"","market_dk_tax_rate":0,"market_dk_price_inc_tax":0,"market_dk_sale_price_inc_tax":0,"market_com_price":0,"market_com_sale_price":0,"market_com_active":false,"market_com_url":null,"market_com_parent_url":"","market_com_tax_rate":0,"market_com_price_inc_tax":0,"market_com_sale_price_inc_tax":0,"acf":[],"_links":{"self":[{"href":"https:\/\/www.pharmacy4pets.nl\/be\/wp-json\/wp\/v2\/product\/119295","targetHints":{"allow":["GET"]}}],"collection":[{"href":"https:\/\/www.pharmacy4pets.nl\/be\/wp-json\/wp\/v2\/product"}],"about":[{"href":"https:\/\/www.pharmacy4pets.nl\/be\/wp-json\/wp\/v2\/types\/product"}],"replies":[{"embeddable":true,"href":"https:\/\/www.pharmacy4pets.nl\/be\/wp-json\/wp\/v2\/comments?post=119295"}],"wp:featuredmedia":[{"embeddable":true,"href":"https:\/\/www.pharmacy4pets.nl\/be\/wp-json\/wp\/v2\/media\/119294"}],"wp:attachment":[{"href":"https:\/\/www.pharmacy4pets.nl\/be\/wp-json\/wp\/v2\/media?parent=119295"}],"wp:term":[{"taxonomy":"product_brand","embeddable":true,"href":"https:\/\/www.pharmacy4pets.nl\/be\/wp-json\/wp\/v2\/product_brand?post=119295"},{"taxonomy":"product_cat","embeddable":true,"href":"https:\/\/www.pharmacy4pets.nl\/be\/wp-json\/wp\/v2\/product_cat?post=119295"},{"taxonomy":"product_tag","embeddable":true,"href":"https:\/\/www.pharmacy4pets.nl\/be\/wp-json\/wp\/v2\/product_tag?post=119295"}],"curies":[{"name":"wp","href":"https:\/\/api.w.org\/{rel}","templated":true}]}}