{"id":119293,"date":"2019-08-29T08:29:03","date_gmt":"2019-08-29T08:29:03","guid":{"rendered":"https:\/\/p4p.test\/vetericyn-plus-skin-care-spray-250-ml"},"modified":"2026-03-25T12:01:06","modified_gmt":"2026-03-25T12:01:06","slug":"vetericyn-plus-skin-care-spray-250-ml","status":"publish","type":"product","link":"https:\/\/www.pharmacy4pets.nl\/be\/vetericyn-plus-skin-care-spray-250-ml","title":{"rendered":"Vetericyn Plus Skin Care Spray 250 ml"},"content":{"rendered":"<p>Vetericyn Plus Skin Care Spray 250 ml is een huidverzorging die de huid reinigt en beschermt. Deze spray is effectief tegen alle problemen die op de huid liggen en is eenvoudig te gebruiken om kleine wonden schoon te maken. Deze spray is vrij van stero\u00efden en antibiotica en hoeft niet nagespoeld te worden. Vetericyn Plus Skin Care Spray 250 ml is gebaseerd op de Microcyn Technologie. Het product is pH neutraal en prikt niet tijdens het aanbrengen.<\/p>\n<ul>\n<li>Veilig en niet-giftig<\/li>\n<li>Vrij van stero\u00efden, antibiotica en zonder theeboomolie<\/li>\n<li>Vermindert irritatie<\/li>\n<li>Veilig te gebruiken rond de ogen, buiten- en middenoor, neus en mond<\/li>\n<li>Veilig voor alle dieren van alle leeftijden<\/li>\n<\/ul>\n","protected":false},"excerpt":{"rendered":"<p>Vetericyn Plus Skin Care Spray 250 ml is een huidverzorging die de huid reinigt en beschermt. Deze spray is effectief tegen alle problemen die op de huid liggen en is eenvoudig te gebruiken om kleine wonden schoon te maken. Deze spray is vrij van stero\u00efden en antibiotica en hoeft niet nagespoeld te worden. Vetericyn Plus [&hellip;]<\/p>\n","protected":false},"featured_media":119292,"comment_status":"open","ping_status":"closed","template":"","meta":{"_acf_changed":false,"_nl_post_content":"<p>Vetericyn Plus Skin Care Spray 250 ml is een huidverzorging die de huid reinigt en beschermt. Deze spray is effectief tegen alle problemen die op de huid liggen en is eenvoudig te gebruiken om kleine wonden schoon te maken. Deze spray is vrij van stero\u00efden en antibiotica en hoeft niet nagespoeld te worden. Vetericyn Plus Skin Care Spray 250 ml is gebaseerd op de Microcyn Technologie. Het product is pH neutraal en prikt niet tijdens het aanbrengen.<\/p>\r\n<ul>\r\n<li>Veilig en niet-giftig<\/li>\r\n<li>Vrij van stero\u00efden, antibiotica en zonder theeboomolie<\/li>\r\n<li>Vermindert irritatie<\/li>\r\n<li>Veilig te gebruiken rond de ogen, buiten- en middenoor, neus en mond<\/li>\r\n<li>Veilig voor alle dieren van alle leeftijden<\/li>\r\n<\/ul>","_nl_post_name":"vetericyn-plus-skin-care-spray-250-ml","_nl_post_excerpt":"","_nl_post_title":"Vetericyn Plus Skin Care Spray 250 ml","_en_post_content":"<p>Vetericyn Plus Skin Care Spray 250 ml is a skin care spray that cleanses and protects the skin. This spray is effective against all problems on the skin and is easy to use to clean small wounds. This spray is free of steroids and antibiotics and does not need to be rinsed. Vetericyn Plus Skin Care Spray 250 ml is based on the Microcyn Technology. The product is pH neutral and does not sting during application.<br \/><br \/><\/p>\r\n<ul>\r\n<li>\u00a0\u00a0\u00a0 Safe and non-toxic<\/li>\r\n<li>\u00a0\u00a0\u00a0 Free of steroids, antibiotics ne without tea tree oil<\/li>\r\n<li>\u00a0\u00a0\u00a0 Reduces irritation<\/li>\r\n<li>\u00a0\u00a0\u00a0 Safe to use around eyes, outer and middle ear, nose and mouth<\/li>\r\n<li>\u00a0\u00a0\u00a0 Safe for all animals of all ages<\/li>\r\n<\/ul>","_en_post_name":"vetericyn-plus-skin-care-spray-250-ml","_en_post_excerpt":"","_en_post_title":"Vetericyn Plus Skin Care Spray 250 ml","_de_post_content":"<p>Vetericyn Plus Skin Care Spray 250 ml ist ein Hautpflegemittel, das die Haut reinigt und sch\u00fctzt. Dieses Spray wirkt gegen alle Probleme auf der Haut und ist einfach anzuwenden, um kleine Wunden zu reinigen. Dieses Spray ist frei von Steroiden und Antibiotika und muss nicht gesp\u00fclt werden.\u00a0<\/p>\r\n<p>Vetericyn Plus Skin Care Spray 250 ml wird basiert\u00a0auf der Microcyn-Technologie. Das Produkt ist pH-neutral und brennt w\u00e4hrend der Anwendung nicht.<br \/><br \/><\/p>\r\n<ul>\r\n<li>\u00a0\u00a0\u00a0 Sicher und ungiftig<\/li>\r\n<li>\u00a0\u00a0\u00a0 Frei von Steroiden, Antibiotika ne ohne Teebaum\u00f6l<\/li>\r\n<li>\u00a0\u00a0\u00a0 Reduziert Reizungen<\/li>\r\n<li>\u00a0\u00a0\u00a0 Sicher in der Anwendung um die Augen, das \u00e4u\u00dfere und mittlere Ohr, die Nase und den Mund herum.<\/li>\r\n<li>\u00a0\u00a0\u00a0 Sicher f\u00fcr alle Tiere jeden Alters<\/li>\r\n<\/ul>","_de_post_name":"vetericyn-plus-skin-care-spray-250-ml","_de_post_excerpt":"","_de_post_title":"Vetericyn Plus Skin Care Spray 250 ml","_fr_post_content":"<p>Vetericyn Plus Skin Care Spray 250 ml est un spray de soin qui nettoie et prot\u00e8ge la peau. Ce spray est efficace contre tous les probl\u00e8mes de peaux et est facile \u00e0 utiliser pour nettoyer les petites blessures. Ce spray n'a pas de st\u00e9ro\u00efdes ni d'antibiotiques et n'a pas besoin d'\u00eatre rinc\u00e9. Vetericyn spray pour la peau et les plaies pour tous les animaaux est bas\u00e9 sur la technologie Microcyn. Le produit a un pH neutre et ne pique pas pendant l'application.<br \/><br \/><\/p>\r\n<ul>\r\n<li>\u00a0\u00a0\u00a0 S\u00e9curitaire et non toxique<\/li>\r\n<li>\u00a0\u00a0\u00a0 Sans st\u00e9ro\u00efdes, antibiotiques sans huile d'arbre \u00e0 th\u00e9<\/li>\r\n<li>\u00a0\u00a0\u00a0 R\u00e9duit l'irritation<\/li>\r\n<li>\u00a0\u00a0\u00a0 Utilisation s\u00e9curitaire autour des yeux, de l'oreille externe et moyenne, du nez et de la bouche.<\/li>\r\n<li>\u00a0\u00a0\u00a0 Sans danger pour tous les animaux de tous \u00e2ges<\/li>\r\n<\/ul>","_fr_post_name":"vetericyn-plus-skin-care-spray-250-ml","_fr_post_excerpt":"","_fr_post_title":"Vetericyn Plus Skin Care Spray 250 ml","_es_post_content":"<p>Vetericyn Plus Skin Care Spray 250 ml es un producto de cuidado de la piel que limpia y protege la piel. El spray antis\u00e9ptico trata todos los problemas de la piel como irritaciones, abrasiones, cortes y quemaduras y ayuda a limpiar peque\u00f1as heridas. El spray antis\u00e9ptico no contiene esteroides ni antibi\u00f3ticos y el enjuague no es necesario.\u00a0<\/p>\r\n<p>Vetericyn Plus Skin Care Spray 250 ml\u00a0est\u00e1 basado en la Tecnolog\u00eda Microcyn. El producto tiene un pH neutro y no pica al aplicarse.<\/p>\r\n<ul>\r\n<li>Seguro y no t\u00f3xico<\/li>\r\n<li>Libre de esteroides, antibi\u00f3ticos y sin aceite del \u00e1rbol del t\u00e9<\/li>\r\n<li>Reduce la irritaci\u00f3n<\/li>\r\n<li>Seguro para usar alrededor de los ojos, las orejas, el o\u00eddo medio, la nariz y la boca<\/li>\r\n<li>Seguro para todo tipo de animales de todas las edades<\/li>\r\n<\/ul>","_es_post_name":"vetericyn-plus-skin-care-spray-250-ml","_es_post_excerpt":"","_es_post_title":"Vetericyn Plus Skin Care Spray 250 ml","edit_language":"nl"},"product_brand":[],"product_cat":[1891,1892,1117,2341,1974,1876,1845,1118,1871,1839,1830,1857,1824,1962,1828],"product_tag":[],"class_list":{"0":"post-119293","1":"product","2":"type-product","3":"status-publish","4":"has-post-thumbnail","6":"product_cat-benodigdheden","7":"product_cat-ehbo","8":"product_cat-honden","9":"product_cat-hotspot","11":"product_cat-huid-vacht","13":"product_cat-katten","14":"product_cat-medicijnen-supplementen","17":"product_cat-merken","18":"product_cat-overig","19":"product_cat-vetericyn","20":"product_cat-vogels","21":"pa_aandoening-huid_vacht","22":"pa_doeldier-exoten","23":"pa_doeldier-ezel","24":"pa_doeldier-hond","25":"pa_doeldier-kat","26":"pa_doeldier-knaagdier","27":"pa_doeldier-konijn","28":"pa_doeldier-overig","29":"pa_doeldier-paard","30":"pa_fabricatieland-usa","31":"pa_merkfilter-vetericyn","32":"pa_merkgroep-vetericyn","33":"pa_productsoort-overig","34":"pa_seo_canonical_store_id-not_found_value","35":"pa_seo_category-not_found_value","36":"pa_seo_meta_robots-not_found_value","37":"pa_toedieningswijze-spray","38":"pa_unit_pricing_base_measure-100ml","39":"pa_unit_pricing_measure-250ml","40":"pa_werkzamestof-overig","42":"first","43":"instock","44":"taxable","45":"shipping-taxable","46":"purchasable","47":"product-type-simple"},"yoast_head":"<!-- This site is optimized with the Yoast SEO plugin v27.5 - https:\/\/yoast.com\/product\/yoast-seo-wordpress\/ -->\n<title>Vetericyn Plus Skin Care Spray 250 ml<\/title>\n<meta name=\"description\" content=\"Bestel de Vetericyn Plus Skin Care Spray 250 ml eenvoudig online bij Pharmacy4pets, uw online dierenapotheek.\" \/>\n<meta name=\"robots\" content=\"index, follow, max-snippet:-1, max-image-preview:large, max-video-preview:-1\" \/>\n<link rel=\"canonical\" href=\"https:\/\/p4p-nl.bootmine.com\/%product-slug%\/vetericyn-plus-skin-care-spray-250-ml\" \/>\n<meta property=\"og:locale\" content=\"nl_NL\" \/>\n<meta property=\"og:type\" content=\"article\" \/>\n<meta property=\"og:title\" content=\"Vetericyn Plus Skin Care Spray 250 ml\" \/>\n<meta property=\"og:description\" content=\"Bestel de Vetericyn Plus Skin Care Spray 250 ml eenvoudig online bij Pharmacy4pets, uw online dierenapotheek.\" \/>\n<meta property=\"og:url\" content=\"https:\/\/p4p-nl.bootmine.com\/%product-slug%\/vetericyn-plus-skin-care-spray-250-ml\" \/>\n<meta property=\"og:site_name\" content=\"Pharmacy4pets\" \/>\n<meta property=\"article:publisher\" content=\"https:\/\/www.facebook.com\/people\/Pharmacy4petsnl\/100063484989896\/\" \/>\n<meta property=\"article:modified_time\" content=\"2026-03-25T12:01:06+00:00\" \/>\n<meta property=\"og:image\" content=\"https:\/\/p4p-nl.bootmine.com\/wp-content\/uploads\/2019\/08\/vetericyn_plus_skin_care_spray_105352_0500_none.jpg\" \/>\n\t<meta property=\"og:image:width\" content=\"500\" \/>\n\t<meta property=\"og:image:height\" content=\"500\" \/>\n\t<meta property=\"og:image:type\" content=\"image\/jpeg\" \/>\n<meta name=\"twitter:card\" content=\"summary_large_image\" \/>\n<meta name=\"twitter:label1\" content=\"Geschatte leestijd\" \/>\n\t<meta name=\"twitter:data1\" content=\"1 minuut\" \/>\n<script type=\"application\/ld+json\" class=\"yoast-schema-graph\">{\"@context\":\"https:\\\/\\\/schema.org\",\"@graph\":[{\"@type\":\"WebPage\",\"@id\":\"https:\\\/\\\/p4p-nl.bootmine.com\\\/%product-slug%\\\/vetericyn-plus-skin-care-spray-250-ml\",\"url\":\"https:\\\/\\\/p4p-nl.bootmine.com\\\/%product-slug%\\\/vetericyn-plus-skin-care-spray-250-ml\",\"name\":\"Vetericyn Plus Skin Care Spray 250 ml\",\"isPartOf\":{\"@id\":\"http:\\\/\\\/www.pharmacy4pets.nl\\\/#website\"},\"primaryImageOfPage\":{\"@id\":\"https:\\\/\\\/p4p-nl.bootmine.com\\\/%product-slug%\\\/vetericyn-plus-skin-care-spray-250-ml#primaryimage\"},\"image\":{\"@id\":\"https:\\\/\\\/p4p-nl.bootmine.com\\\/%product-slug%\\\/vetericyn-plus-skin-care-spray-250-ml#primaryimage\"},\"thumbnailUrl\":\"https:\\\/\\\/www.pharmacy4pets.nl\\\/wp-content\\\/uploads\\\/2019\\\/08\\\/vetericyn_plus_skin_care_spray_105352_0500_none.jpg\",\"datePublished\":\"2019-08-29T08:29:03+00:00\",\"dateModified\":\"2026-03-25T12:01:06+00:00\",\"description\":\"Bestel de Vetericyn Plus Skin Care Spray 250 ml eenvoudig online bij Pharmacy4pets, uw online dierenapotheek.\",\"breadcrumb\":{\"@id\":\"https:\\\/\\\/p4p-nl.bootmine.com\\\/%product-slug%\\\/vetericyn-plus-skin-care-spray-250-ml#breadcrumb\"},\"inLanguage\":\"nl-NL\",\"potentialAction\":[{\"@type\":\"ReadAction\",\"target\":[\"https:\\\/\\\/p4p-nl.bootmine.com\\\/%product-slug%\\\/vetericyn-plus-skin-care-spray-250-ml\"]}]},{\"@type\":\"ImageObject\",\"inLanguage\":\"nl-NL\",\"@id\":\"https:\\\/\\\/p4p-nl.bootmine.com\\\/%product-slug%\\\/vetericyn-plus-skin-care-spray-250-ml#primaryimage\",\"url\":\"https:\\\/\\\/www.pharmacy4pets.nl\\\/wp-content\\\/uploads\\\/2019\\\/08\\\/vetericyn_plus_skin_care_spray_105352_0500_none.jpg\",\"contentUrl\":\"https:\\\/\\\/www.pharmacy4pets.nl\\\/wp-content\\\/uploads\\\/2019\\\/08\\\/vetericyn_plus_skin_care_spray_105352_0500_none.jpg\",\"width\":500,\"height\":500,\"caption\":\"Vetericyn Plus Skin Care Spray 250 ml\"},{\"@type\":\"BreadcrumbList\",\"@id\":\"https:\\\/\\\/p4p-nl.bootmine.com\\\/%product-slug%\\\/vetericyn-plus-skin-care-spray-250-ml#breadcrumb\",\"itemListElement\":[{\"@type\":\"ListItem\",\"position\":1,\"name\":\"Home\",\"item\":\"https:\\\/\\\/p4p-nl.bootmine.com\\\/\"},{\"@type\":\"ListItem\",\"position\":2,\"name\":\"Winkel\",\"item\":\"https:\\\/\\\/p4p-nl.bootmine.com\\\/winkel\"},{\"@type\":\"ListItem\",\"position\":3,\"name\":\"Vetericyn Plus Skin Care Spray 250 ml\"}]},{\"@type\":\"WebSite\",\"@id\":\"http:\\\/\\\/www.pharmacy4pets.nl\\\/#website\",\"url\":\"http:\\\/\\\/www.pharmacy4pets.nl\\\/\",\"name\":\"Pharmacy4pets\",\"description\":\"Pharmacy4pets.nl is d\u00e9 online apotheek waar u terecht kunt voor alle diergeneesmiddelen, verzorgingsproducten en dieetvoeding voor uw huisdier.\",\"publisher\":{\"@id\":\"http:\\\/\\\/www.pharmacy4pets.nl\\\/#organization\"},\"potentialAction\":[{\"@type\":\"SearchAction\",\"target\":{\"@type\":\"EntryPoint\",\"urlTemplate\":\"http:\\\/\\\/www.pharmacy4pets.nl\\\/?s={search_term_string}\"},\"query-input\":{\"@type\":\"PropertyValueSpecification\",\"valueRequired\":true,\"valueName\":\"search_term_string\"}}],\"inLanguage\":\"nl-NL\"},{\"@type\":\"Organization\",\"@id\":\"http:\\\/\\\/www.pharmacy4pets.nl\\\/#organization\",\"name\":\"Pharmacy4pets\",\"url\":\"http:\\\/\\\/www.pharmacy4pets.nl\\\/\",\"logo\":{\"@type\":\"ImageObject\",\"inLanguage\":\"nl-NL\",\"@id\":\"http:\\\/\\\/www.pharmacy4pets.nl\\\/#\\\/schema\\\/logo\\\/image\\\/\",\"url\":\"https:\\\/\\\/p4p-nl.bootmine.com\\\/wp-content\\\/uploads\\\/2026\\\/03\\\/logo-pharmacy4pets.png\",\"contentUrl\":\"https:\\\/\\\/p4p-nl.bootmine.com\\\/wp-content\\\/uploads\\\/2026\\\/03\\\/logo-pharmacy4pets.png\",\"width\":1024,\"height\":135,\"caption\":\"Pharmacy4pets\"},\"image\":{\"@id\":\"http:\\\/\\\/www.pharmacy4pets.nl\\\/#\\\/schema\\\/logo\\\/image\\\/\"},\"sameAs\":[\"https:\\\/\\\/www.facebook.com\\\/people\\\/Pharmacy4petsnl\\\/100063484989896\\\/\",\"https:\\\/\\\/www.youtube.com\\\/channel\\\/UCGPTIgucgli03tP2_kvLkHg\\\/featured\",\"https:\\\/\\\/www.instagram.com\\\/pharmacy4pets.nl\"]}]}<\/script>\n<!-- \/ Yoast SEO plugin. -->","yoast_head_json":{"title":"Vetericyn Plus Skin Care Spray 250 ml","description":"Bestel de Vetericyn Plus Skin Care Spray 250 ml eenvoudig online bij Pharmacy4pets, uw online dierenapotheek.","robots":{"index":"index","follow":"follow","max-snippet":"max-snippet:-1","max-image-preview":"max-image-preview:large","max-video-preview":"max-video-preview:-1"},"canonical":"https:\/\/p4p-nl.bootmine.com\/%product-slug%\/vetericyn-plus-skin-care-spray-250-ml","og_locale":"nl_NL","og_type":"article","og_title":"Vetericyn Plus Skin Care Spray 250 ml","og_description":"Bestel de Vetericyn Plus Skin Care Spray 250 ml eenvoudig online bij Pharmacy4pets, uw online dierenapotheek.","og_url":"https:\/\/p4p-nl.bootmine.com\/%product-slug%\/vetericyn-plus-skin-care-spray-250-ml","og_site_name":"Pharmacy4pets","article_publisher":"https:\/\/www.facebook.com\/people\/Pharmacy4petsnl\/100063484989896\/","article_modified_time":"2026-03-25T12:01:06+00:00","og_image":[{"width":500,"height":500,"url":"https:\/\/p4p-nl.bootmine.com\/wp-content\/uploads\/2019\/08\/vetericyn_plus_skin_care_spray_105352_0500_none.jpg","type":"image\/jpeg"}],"twitter_card":"summary_large_image","twitter_misc":{"Geschatte leestijd":"1 minuut"},"schema":{"@context":"https:\/\/schema.org","@graph":[{"@type":"WebPage","@id":"https:\/\/p4p-nl.bootmine.com\/%product-slug%\/vetericyn-plus-skin-care-spray-250-ml","url":"https:\/\/p4p-nl.bootmine.com\/%product-slug%\/vetericyn-plus-skin-care-spray-250-ml","name":"Vetericyn Plus Skin Care Spray 250 ml","isPartOf":{"@id":"http:\/\/www.pharmacy4pets.nl\/#website"},"primaryImageOfPage":{"@id":"https:\/\/p4p-nl.bootmine.com\/%product-slug%\/vetericyn-plus-skin-care-spray-250-ml#primaryimage"},"image":{"@id":"https:\/\/p4p-nl.bootmine.com\/%product-slug%\/vetericyn-plus-skin-care-spray-250-ml#primaryimage"},"thumbnailUrl":"https:\/\/www.pharmacy4pets.nl\/wp-content\/uploads\/2019\/08\/vetericyn_plus_skin_care_spray_105352_0500_none.jpg","datePublished":"2019-08-29T08:29:03+00:00","dateModified":"2026-03-25T12:01:06+00:00","description":"Bestel de Vetericyn Plus Skin Care Spray 250 ml eenvoudig online bij Pharmacy4pets, uw online dierenapotheek.","breadcrumb":{"@id":"https:\/\/p4p-nl.bootmine.com\/%product-slug%\/vetericyn-plus-skin-care-spray-250-ml#breadcrumb"},"inLanguage":"nl-NL","potentialAction":[{"@type":"ReadAction","target":["https:\/\/p4p-nl.bootmine.com\/%product-slug%\/vetericyn-plus-skin-care-spray-250-ml"]}]},{"@type":"ImageObject","inLanguage":"nl-NL","@id":"https:\/\/p4p-nl.bootmine.com\/%product-slug%\/vetericyn-plus-skin-care-spray-250-ml#primaryimage","url":"https:\/\/www.pharmacy4pets.nl\/wp-content\/uploads\/2019\/08\/vetericyn_plus_skin_care_spray_105352_0500_none.jpg","contentUrl":"https:\/\/www.pharmacy4pets.nl\/wp-content\/uploads\/2019\/08\/vetericyn_plus_skin_care_spray_105352_0500_none.jpg","width":500,"height":500,"caption":"Vetericyn Plus Skin Care Spray 250 ml"},{"@type":"BreadcrumbList","@id":"https:\/\/p4p-nl.bootmine.com\/%product-slug%\/vetericyn-plus-skin-care-spray-250-ml#breadcrumb","itemListElement":[{"@type":"ListItem","position":1,"name":"Home","item":"https:\/\/p4p-nl.bootmine.com\/"},{"@type":"ListItem","position":2,"name":"Winkel","item":"https:\/\/p4p-nl.bootmine.com\/winkel"},{"@type":"ListItem","position":3,"name":"Vetericyn Plus Skin Care Spray 250 ml"}]},{"@type":"WebSite","@id":"http:\/\/www.pharmacy4pets.nl\/#website","url":"http:\/\/www.pharmacy4pets.nl\/","name":"Pharmacy4pets","description":"Pharmacy4pets.nl is d\u00e9 online apotheek waar u terecht kunt voor alle diergeneesmiddelen, verzorgingsproducten en dieetvoeding voor uw huisdier.","publisher":{"@id":"http:\/\/www.pharmacy4pets.nl\/#organization"},"potentialAction":[{"@type":"SearchAction","target":{"@type":"EntryPoint","urlTemplate":"http:\/\/www.pharmacy4pets.nl\/?s={search_term_string}"},"query-input":{"@type":"PropertyValueSpecification","valueRequired":true,"valueName":"search_term_string"}}],"inLanguage":"nl-NL"},{"@type":"Organization","@id":"http:\/\/www.pharmacy4pets.nl\/#organization","name":"Pharmacy4pets","url":"http:\/\/www.pharmacy4pets.nl\/","logo":{"@type":"ImageObject","inLanguage":"nl-NL","@id":"http:\/\/www.pharmacy4pets.nl\/#\/schema\/logo\/image\/","url":"https:\/\/p4p-nl.bootmine.com\/wp-content\/uploads\/2026\/03\/logo-pharmacy4pets.png","contentUrl":"https:\/\/p4p-nl.bootmine.com\/wp-content\/uploads\/2026\/03\/logo-pharmacy4pets.png","width":1024,"height":135,"caption":"Pharmacy4pets"},"image":{"@id":"http:\/\/www.pharmacy4pets.nl\/#\/schema\/logo\/image\/"},"sameAs":["https:\/\/www.facebook.com\/people\/Pharmacy4petsnl\/100063484989896\/","https:\/\/www.youtube.com\/channel\/UCGPTIgucgli03tP2_kvLkHg\/featured","https:\/\/www.instagram.com\/pharmacy4pets.nl"]}]}},"market_data":{"nl":{"price":0,"sale_price":0,"active":false,"url":null,"parent_url":"","tax_rate":0,"price_inc_tax":0,"sale_price_inc_tax":0},"de":{"price":0,"sale_price":0,"active":false,"url":null,"parent_url":"","tax_rate":0,"price_inc_tax":0,"sale_price_inc_tax":0},"be":{"price":0,"sale_price":0,"active":false,"url":null,"parent_url":"","tax_rate":0,"price_inc_tax":0,"sale_price_inc_tax":0},"fr":{"price":0,"sale_price":0,"active":false,"url":null,"parent_url":"","tax_rate":0,"price_inc_tax":0,"sale_price_inc_tax":0},"ch":{"price":0,"sale_price":0,"active":false,"url":null,"parent_url":"","tax_rate":0,"price_inc_tax":0,"sale_price_inc_tax":0},"at":{"price":0,"sale_price":0,"active":false,"url":null,"parent_url":"","tax_rate":0,"price_inc_tax":0,"sale_price_inc_tax":0},"es":{"price":0,"sale_price":0,"active":false,"url":null,"parent_url":"","tax_rate":0,"price_inc_tax":0,"sale_price_inc_tax":0},"dk":{"price":0,"sale_price":0,"active":false,"url":null,"parent_url":"","tax_rate":0,"price_inc_tax":0,"sale_price_inc_tax":0},"com":{"price":0,"sale_price":0,"active":false,"url":null,"parent_url":"","tax_rate":0,"price_inc_tax":0,"sale_price_inc_tax":0}},"market_nl_price":0,"market_nl_sale_price":0,"market_nl_active":false,"market_nl_url":null,"market_nl_parent_url":"","market_nl_tax_rate":0,"market_nl_price_inc_tax":0,"market_nl_sale_price_inc_tax":0,"market_de_price":0,"market_de_sale_price":0,"market_de_active":false,"market_de_url":null,"market_de_parent_url":"","market_de_tax_rate":0,"market_de_price_inc_tax":0,"market_de_sale_price_inc_tax":0,"market_be_price":0,"market_be_sale_price":0,"market_be_active":false,"market_be_url":null,"market_be_parent_url":"","market_be_tax_rate":0,"market_be_price_inc_tax":0,"market_be_sale_price_inc_tax":0,"market_fr_price":0,"market_fr_sale_price":0,"market_fr_active":false,"market_fr_url":null,"market_fr_parent_url":"","market_fr_tax_rate":0,"market_fr_price_inc_tax":0,"market_fr_sale_price_inc_tax":0,"market_ch_price":0,"market_ch_sale_price":0,"market_ch_active":false,"market_ch_url":null,"market_ch_parent_url":"","market_ch_tax_rate":0,"market_ch_price_inc_tax":0,"market_ch_sale_price_inc_tax":0,"market_at_price":0,"market_at_sale_price":0,"market_at_active":false,"market_at_url":null,"market_at_parent_url":"","market_at_tax_rate":0,"market_at_price_inc_tax":0,"market_at_sale_price_inc_tax":0,"market_es_price":0,"market_es_sale_price":0,"market_es_active":false,"market_es_url":null,"market_es_parent_url":"","market_es_tax_rate":0,"market_es_price_inc_tax":0,"market_es_sale_price_inc_tax":0,"market_dk_price":0,"market_dk_sale_price":0,"market_dk_active":false,"market_dk_url":null,"market_dk_parent_url":"","market_dk_tax_rate":0,"market_dk_price_inc_tax":0,"market_dk_sale_price_inc_tax":0,"market_com_price":0,"market_com_sale_price":0,"market_com_active":false,"market_com_url":null,"market_com_parent_url":"","market_com_tax_rate":0,"market_com_price_inc_tax":0,"market_com_sale_price_inc_tax":0,"acf":[],"_links":{"self":[{"href":"https:\/\/www.pharmacy4pets.nl\/be\/wp-json\/wp\/v2\/product\/119293","targetHints":{"allow":["GET"]}}],"collection":[{"href":"https:\/\/www.pharmacy4pets.nl\/be\/wp-json\/wp\/v2\/product"}],"about":[{"href":"https:\/\/www.pharmacy4pets.nl\/be\/wp-json\/wp\/v2\/types\/product"}],"replies":[{"embeddable":true,"href":"https:\/\/www.pharmacy4pets.nl\/be\/wp-json\/wp\/v2\/comments?post=119293"}],"wp:featuredmedia":[{"embeddable":true,"href":"https:\/\/www.pharmacy4pets.nl\/be\/wp-json\/wp\/v2\/media\/119292"}],"wp:attachment":[{"href":"https:\/\/www.pharmacy4pets.nl\/be\/wp-json\/wp\/v2\/media?parent=119293"}],"wp:term":[{"taxonomy":"product_brand","embeddable":true,"href":"https:\/\/www.pharmacy4pets.nl\/be\/wp-json\/wp\/v2\/product_brand?post=119293"},{"taxonomy":"product_cat","embeddable":true,"href":"https:\/\/www.pharmacy4pets.nl\/be\/wp-json\/wp\/v2\/product_cat?post=119293"},{"taxonomy":"product_tag","embeddable":true,"href":"https:\/\/www.pharmacy4pets.nl\/be\/wp-json\/wp\/v2\/product_tag?post=119293"}],"curies":[{"name":"wp","href":"https:\/\/api.w.org\/{rel}","templated":true}]}}