{"id":119285,"date":"2019-08-16T14:38:06","date_gmt":"2019-08-16T14:38:06","guid":{"rendered":"https:\/\/p4p.test\/sanimed-senior-kat"},"modified":"2026-03-25T12:01:04","modified_gmt":"2026-03-25T12:01:04","slug":"sanimed-senior-kat","status":"publish","type":"product","link":"https:\/\/www.pharmacy4pets.nl\/be\/sanimed-senior-kat","title":{"rendered":"Sanimed Senior kat"},"content":{"rendered":"<p>Sanimed Senior voor de kat is een kattenvoer voor senior katten vanaf 8 jaar.<\/p>\n<p>Wanneer uw kat een Senior is, is het belangrijk om de lichaamsconditie van uw kat te onderhouden en het verlies van functies bij de kat op leeftijd te beperken. Dankzij hoogwaardige grondstoffen is de verteerbaarheid van Sanimed Senior optimaal. Het lagere eiwitgehalte in de voeding zorgt ervoor dat lever en nieren minder worden belast.<\/p>\n","protected":false},"excerpt":{"rendered":"<p>Sanimed Senior voor de kat is een kattenvoer voor senior katten vanaf 8 jaar. Wanneer uw kat een Senior is, is het belangrijk om de lichaamsconditie van uw kat te onderhouden en het verlies van functies bij de kat op leeftijd te beperken. Dankzij hoogwaardige grondstoffen is de verteerbaarheid van Sanimed Senior optimaal. Het lagere [&hellip;]<\/p>\n","protected":false},"featured_media":119281,"comment_status":"open","ping_status":"closed","template":"","meta":{"_acf_changed":false,"_nl_post_content":"<p>Sanimed Senior voor de kat is een kattenvoer voor senior katten vanaf 8 jaar.<\/p>\n<p>Wanneer uw kat een Senior is, is het belangrijk om de lichaamsconditie van uw kat te onderhouden en het verlies van functies bij de kat op leeftijd te beperken. Dankzij hoogwaardige grondstoffen is de verteerbaarheid van Sanimed Senior optimaal. Het lagere eiwitgehalte in de voeding zorgt ervoor dat lever en nieren minder worden belast.<\/p>","_nl_post_name":"sanimed-senior-kat","_nl_post_excerpt":"","_nl_post_title":"Sanimed Senior kat","_en_post_content":"<p>Sanimed Senior is a food for senior cats\u00a0aged 8 years and older.<\/p>\n<p>When your cat is a Senior, it is important to maintain your cat's body condition and to limit the loss of functions in the cat with age. Thanks to high-quality raw materials, the digestibility of Sanimed Senior is optimal. The lower protein content in the diet ensures that the liver and kidneys are taxed less.<\/p>","_en_post_name":"sanimed-senior-cat","_en_post_excerpt":"","_en_post_title":"Sanimed Senior cat","_de_post_content":"<p>Sanimed Senior Katzenfutter ist ein Futter f\u00fcr \u00e4ltere Katzen\u00a0im Alter von 8 Jahren und \u00e4lter.<\/p>\n<p>Wenn Ihre Katze ein Senior ist, ist es wichtig, den K\u00f6rperzustand Ihrer Katze aufrechtzuerhalten und den Funktionsverlust der Katze mit zunehmendem Alter zu begrenzen. Dank der hochwertigen Rohstoffe ist die Verdaulichkeit von Sanimed Senior optimal. Der niedrigere Proteingehalt in der Ern\u00e4hrung sorgt daf\u00fcr, dass Leber und Nieren weniger besteuert werden.<\/p>","_de_post_name":"sanimed-senior-katze","_de_post_excerpt":"","_de_post_title":"Sanimed Senior Katze","_fr_post_content":"<p>Sanimed Senior <span class=\"HwtZe\" lang=\"fr\"><span class=\"jCAhz ChMk0b\"><span class=\"ryNqvb\">est une nourriture pour <\/span><\/span><\/span>les chats \u00e2g\u00e9s\u00a0de 8 ans et plus.<\/p>\n<p>Lorsque votre chat est un Senior, il est important de maintenir sa condition physique et de limiter la perte de fonction des chats vieillissants. Gr\u00e2ce \u00e0 des mati\u00e8res premi\u00e8res de haute qualit\u00e9, la digestibilit\u00e9 de Sanimed Senior est optimale. La faible teneur en prot\u00e9ines de l'aliment permet de r\u00e9duire la pression sur le foie et les reins.<\/p>","_fr_post_name":"sanimed-senior-chat","_fr_post_excerpt":"","_fr_post_title":"Sanimed Senior chat","_es_post_content":"<p>Sanimed Senior voor de kat is een kattenvoer voor senior katten vanaf 8 jaar.<\/p>\n<p>Wanneer uw kat een Senior is, is het belangrijk om de lichaamsconditie van uw kat te onderhouden en het verlies van functies bij de kat op leeftijd te beperken. Dankzij hoogwaardige grondstoffen is de verteerbaarheid van Sanimed Senior optimaal. Het lagere eiwitgehalte in de voeding zorgt ervoor dat lever en nieren minder worden belast.<\/p>","_es_post_name":"sanimed-senior-kat","_es_post_excerpt":"","_es_post_title":"Sanimed Senior kat","edit_language":"nl"},"product_brand":[],"product_cat":[1118,1887,1857,2170,1951],"product_tag":[],"class_list":{"0":"post-119285","1":"product","2":"type-product","3":"status-publish","4":"has-post-thumbnail","6":"product_cat-katten","7":"product_cat-kattenvoer","8":"product_cat-merken","9":"product_cat-onderhoudsvoer","10":"product_cat-sanimed","11":"pa_aandoening-overig","12":"pa_doeldier-kat","13":"pa_fabricatieland-nederland","14":"pa_levensfase-senior","15":"pa_merkfilter-sanimed","16":"pa_merkgroep-vobra","17":"pa_product_conditions-sanimed_popup","18":"pa_productsoort-voeding","19":"pa_seo_canonical_store_id-not_found_value","20":"pa_seo_category-not_found_value","21":"pa_seo_meta_robots-not_found_value","22":"pa_toedieningswijze-droogvoer","23":"pa_werkzamestof-overig","25":"first","26":"instock","27":"taxable","28":"shipping-taxable","29":"product-type-grouped"},"yoast_head":"<!-- This site is optimized with the Yoast SEO plugin v27.5 - https:\/\/yoast.com\/product\/yoast-seo-wordpress\/ -->\n<title>Sanimed Senior kat - Pharmacy4pets<\/title>\n<meta name=\"robots\" content=\"index, follow, max-snippet:-1, max-image-preview:large, max-video-preview:-1\" \/>\n<link rel=\"canonical\" href=\"https:\/\/www.pharmacy4pets.nl\/be\/sanimed-senior-kat\" \/>\n<meta property=\"og:locale\" content=\"nl_NL\" \/>\n<meta property=\"og:type\" content=\"article\" \/>\n<meta property=\"og:title\" content=\"Sanimed Senior kat - Pharmacy4pets\" \/>\n<meta property=\"og:description\" content=\"Sanimed Senior voor de kat is een kattenvoer voor senior katten vanaf 8 jaar. Wanneer uw kat een Senior is, is het belangrijk om de lichaamsconditie van uw kat te onderhouden en het verlies van functies bij de kat op leeftijd te beperken. Dankzij hoogwaardige grondstoffen is de verteerbaarheid van Sanimed Senior optimaal. Het lagere [&hellip;]\" \/>\n<meta property=\"og:url\" content=\"https:\/\/www.pharmacy4pets.nl\/be\/sanimed-senior-kat\" \/>\n<meta property=\"og:site_name\" content=\"Pharmacy4pets\" \/>\n<meta property=\"article:publisher\" content=\"https:\/\/www.facebook.com\/people\/Pharmacy4petsnl\/100063484989896\/\" \/>\n<meta property=\"article:modified_time\" content=\"2026-03-25T12:01:04+00:00\" \/>\n<meta property=\"og:image\" content=\"https:\/\/www.pharmacy4pets.nl\/wp-content\/uploads\/2019\/08\/19221_1.jpg\" \/>\n\t<meta property=\"og:image:width\" content=\"471\" \/>\n\t<meta property=\"og:image:height\" content=\"773\" \/>\n\t<meta property=\"og:image:type\" content=\"image\/jpeg\" \/>\n<meta name=\"twitter:card\" content=\"summary_large_image\" \/>\n<script type=\"application\/ld+json\" class=\"yoast-schema-graph\">{\"@context\":\"https:\\\/\\\/schema.org\",\"@graph\":[{\"@type\":\"WebPage\",\"@id\":\"https:\\\/\\\/www.pharmacy4pets.nl\\\/be\\\/sanimed-senior-kat\",\"url\":\"https:\\\/\\\/www.pharmacy4pets.nl\\\/be\\\/sanimed-senior-kat\",\"name\":\"Sanimed Senior kat - Pharmacy4pets\",\"isPartOf\":{\"@id\":\"http:\\\/\\\/www.pharmacy4pets.nl\\\/#website\"},\"primaryImageOfPage\":{\"@id\":\"https:\\\/\\\/www.pharmacy4pets.nl\\\/be\\\/sanimed-senior-kat#primaryimage\"},\"image\":{\"@id\":\"https:\\\/\\\/www.pharmacy4pets.nl\\\/be\\\/sanimed-senior-kat#primaryimage\"},\"thumbnailUrl\":\"https:\\\/\\\/www.pharmacy4pets.nl\\\/wp-content\\\/uploads\\\/2019\\\/08\\\/19221_1.jpg\",\"datePublished\":\"2019-08-16T14:38:06+00:00\",\"dateModified\":\"2026-03-25T12:01:04+00:00\",\"breadcrumb\":{\"@id\":\"https:\\\/\\\/www.pharmacy4pets.nl\\\/be\\\/sanimed-senior-kat#breadcrumb\"},\"inLanguage\":\"nl-NL\",\"potentialAction\":[{\"@type\":\"ReadAction\",\"target\":[\"https:\\\/\\\/www.pharmacy4pets.nl\\\/be\\\/sanimed-senior-kat\"]}]},{\"@type\":\"ImageObject\",\"inLanguage\":\"nl-NL\",\"@id\":\"https:\\\/\\\/www.pharmacy4pets.nl\\\/be\\\/sanimed-senior-kat#primaryimage\",\"url\":\"https:\\\/\\\/www.pharmacy4pets.nl\\\/wp-content\\\/uploads\\\/2019\\\/08\\\/19221_1.jpg\",\"contentUrl\":\"https:\\\/\\\/www.pharmacy4pets.nl\\\/wp-content\\\/uploads\\\/2019\\\/08\\\/19221_1.jpg\",\"width\":471,\"height\":773,\"caption\":\"Sanimed\"},{\"@type\":\"BreadcrumbList\",\"@id\":\"https:\\\/\\\/www.pharmacy4pets.nl\\\/be\\\/sanimed-senior-kat#breadcrumb\",\"itemListElement\":[{\"@type\":\"ListItem\",\"position\":1,\"name\":\"Home\",\"item\":\"https:\\\/\\\/p4p-nl.bootmine.com\\\/\"},{\"@type\":\"ListItem\",\"position\":2,\"name\":\"Winkel\",\"item\":\"https:\\\/\\\/p4p-nl.bootmine.com\\\/winkel\"},{\"@type\":\"ListItem\",\"position\":3,\"name\":\"Sanimed Senior kat\"}]},{\"@type\":\"WebSite\",\"@id\":\"http:\\\/\\\/www.pharmacy4pets.nl\\\/#website\",\"url\":\"http:\\\/\\\/www.pharmacy4pets.nl\\\/\",\"name\":\"Pharmacy4pets\",\"description\":\"Pharmacy4pets.nl is d\u00e9 online apotheek waar u terecht kunt voor alle diergeneesmiddelen, verzorgingsproducten en dieetvoeding voor uw huisdier.\",\"publisher\":{\"@id\":\"http:\\\/\\\/www.pharmacy4pets.nl\\\/#organization\"},\"potentialAction\":[{\"@type\":\"SearchAction\",\"target\":{\"@type\":\"EntryPoint\",\"urlTemplate\":\"http:\\\/\\\/www.pharmacy4pets.nl\\\/?s={search_term_string}\"},\"query-input\":{\"@type\":\"PropertyValueSpecification\",\"valueRequired\":true,\"valueName\":\"search_term_string\"}}],\"inLanguage\":\"nl-NL\"},{\"@type\":\"Organization\",\"@id\":\"http:\\\/\\\/www.pharmacy4pets.nl\\\/#organization\",\"name\":\"Pharmacy4pets\",\"url\":\"http:\\\/\\\/www.pharmacy4pets.nl\\\/\",\"logo\":{\"@type\":\"ImageObject\",\"inLanguage\":\"nl-NL\",\"@id\":\"http:\\\/\\\/www.pharmacy4pets.nl\\\/#\\\/schema\\\/logo\\\/image\\\/\",\"url\":\"https:\\\/\\\/p4p-nl.bootmine.com\\\/wp-content\\\/uploads\\\/2026\\\/03\\\/logo-pharmacy4pets.png\",\"contentUrl\":\"https:\\\/\\\/p4p-nl.bootmine.com\\\/wp-content\\\/uploads\\\/2026\\\/03\\\/logo-pharmacy4pets.png\",\"width\":1024,\"height\":135,\"caption\":\"Pharmacy4pets\"},\"image\":{\"@id\":\"http:\\\/\\\/www.pharmacy4pets.nl\\\/#\\\/schema\\\/logo\\\/image\\\/\"},\"sameAs\":[\"https:\\\/\\\/www.facebook.com\\\/people\\\/Pharmacy4petsnl\\\/100063484989896\\\/\",\"https:\\\/\\\/www.youtube.com\\\/channel\\\/UCGPTIgucgli03tP2_kvLkHg\\\/featured\",\"https:\\\/\\\/www.instagram.com\\\/pharmacy4pets.nl\"]}]}<\/script>\n<!-- \/ Yoast SEO plugin. -->","yoast_head_json":{"title":"Sanimed Senior kat - Pharmacy4pets","robots":{"index":"index","follow":"follow","max-snippet":"max-snippet:-1","max-image-preview":"max-image-preview:large","max-video-preview":"max-video-preview:-1"},"canonical":"https:\/\/www.pharmacy4pets.nl\/be\/sanimed-senior-kat","og_locale":"nl_NL","og_type":"article","og_title":"Sanimed Senior kat - Pharmacy4pets","og_description":"Sanimed Senior voor de kat is een kattenvoer voor senior katten vanaf 8 jaar. Wanneer uw kat een Senior is, is het belangrijk om de lichaamsconditie van uw kat te onderhouden en het verlies van functies bij de kat op leeftijd te beperken. Dankzij hoogwaardige grondstoffen is de verteerbaarheid van Sanimed Senior optimaal. Het lagere [&hellip;]","og_url":"https:\/\/www.pharmacy4pets.nl\/be\/sanimed-senior-kat","og_site_name":"Pharmacy4pets","article_publisher":"https:\/\/www.facebook.com\/people\/Pharmacy4petsnl\/100063484989896\/","article_modified_time":"2026-03-25T12:01:04+00:00","og_image":[{"width":471,"height":773,"url":"https:\/\/www.pharmacy4pets.nl\/wp-content\/uploads\/2019\/08\/19221_1.jpg","type":"image\/jpeg"}],"twitter_card":"summary_large_image","schema":{"@context":"https:\/\/schema.org","@graph":[{"@type":"WebPage","@id":"https:\/\/www.pharmacy4pets.nl\/be\/sanimed-senior-kat","url":"https:\/\/www.pharmacy4pets.nl\/be\/sanimed-senior-kat","name":"Sanimed Senior kat - Pharmacy4pets","isPartOf":{"@id":"http:\/\/www.pharmacy4pets.nl\/#website"},"primaryImageOfPage":{"@id":"https:\/\/www.pharmacy4pets.nl\/be\/sanimed-senior-kat#primaryimage"},"image":{"@id":"https:\/\/www.pharmacy4pets.nl\/be\/sanimed-senior-kat#primaryimage"},"thumbnailUrl":"https:\/\/www.pharmacy4pets.nl\/wp-content\/uploads\/2019\/08\/19221_1.jpg","datePublished":"2019-08-16T14:38:06+00:00","dateModified":"2026-03-25T12:01:04+00:00","breadcrumb":{"@id":"https:\/\/www.pharmacy4pets.nl\/be\/sanimed-senior-kat#breadcrumb"},"inLanguage":"nl-NL","potentialAction":[{"@type":"ReadAction","target":["https:\/\/www.pharmacy4pets.nl\/be\/sanimed-senior-kat"]}]},{"@type":"ImageObject","inLanguage":"nl-NL","@id":"https:\/\/www.pharmacy4pets.nl\/be\/sanimed-senior-kat#primaryimage","url":"https:\/\/www.pharmacy4pets.nl\/wp-content\/uploads\/2019\/08\/19221_1.jpg","contentUrl":"https:\/\/www.pharmacy4pets.nl\/wp-content\/uploads\/2019\/08\/19221_1.jpg","width":471,"height":773,"caption":"Sanimed"},{"@type":"BreadcrumbList","@id":"https:\/\/www.pharmacy4pets.nl\/be\/sanimed-senior-kat#breadcrumb","itemListElement":[{"@type":"ListItem","position":1,"name":"Home","item":"https:\/\/p4p-nl.bootmine.com\/"},{"@type":"ListItem","position":2,"name":"Winkel","item":"https:\/\/p4p-nl.bootmine.com\/winkel"},{"@type":"ListItem","position":3,"name":"Sanimed Senior kat"}]},{"@type":"WebSite","@id":"http:\/\/www.pharmacy4pets.nl\/#website","url":"http:\/\/www.pharmacy4pets.nl\/","name":"Pharmacy4pets","description":"Pharmacy4pets.nl is d\u00e9 online apotheek waar u terecht kunt voor alle diergeneesmiddelen, verzorgingsproducten en dieetvoeding voor uw huisdier.","publisher":{"@id":"http:\/\/www.pharmacy4pets.nl\/#organization"},"potentialAction":[{"@type":"SearchAction","target":{"@type":"EntryPoint","urlTemplate":"http:\/\/www.pharmacy4pets.nl\/?s={search_term_string}"},"query-input":{"@type":"PropertyValueSpecification","valueRequired":true,"valueName":"search_term_string"}}],"inLanguage":"nl-NL"},{"@type":"Organization","@id":"http:\/\/www.pharmacy4pets.nl\/#organization","name":"Pharmacy4pets","url":"http:\/\/www.pharmacy4pets.nl\/","logo":{"@type":"ImageObject","inLanguage":"nl-NL","@id":"http:\/\/www.pharmacy4pets.nl\/#\/schema\/logo\/image\/","url":"https:\/\/p4p-nl.bootmine.com\/wp-content\/uploads\/2026\/03\/logo-pharmacy4pets.png","contentUrl":"https:\/\/p4p-nl.bootmine.com\/wp-content\/uploads\/2026\/03\/logo-pharmacy4pets.png","width":1024,"height":135,"caption":"Pharmacy4pets"},"image":{"@id":"http:\/\/www.pharmacy4pets.nl\/#\/schema\/logo\/image\/"},"sameAs":["https:\/\/www.facebook.com\/people\/Pharmacy4petsnl\/100063484989896\/","https:\/\/www.youtube.com\/channel\/UCGPTIgucgli03tP2_kvLkHg\/featured","https:\/\/www.instagram.com\/pharmacy4pets.nl"]}]}},"market_data":{"nl":{"price":0,"sale_price":0,"active":false,"url":null,"parent_url":"","tax_rate":0,"price_inc_tax":0,"sale_price_inc_tax":0},"de":{"price":0,"sale_price":0,"active":false,"url":null,"parent_url":"","tax_rate":0,"price_inc_tax":0,"sale_price_inc_tax":0},"be":{"price":0,"sale_price":0,"active":false,"url":null,"parent_url":"","tax_rate":0,"price_inc_tax":0,"sale_price_inc_tax":0},"fr":{"price":0,"sale_price":0,"active":false,"url":null,"parent_url":"","tax_rate":0,"price_inc_tax":0,"sale_price_inc_tax":0},"ch":{"price":0,"sale_price":0,"active":false,"url":null,"parent_url":"","tax_rate":0,"price_inc_tax":0,"sale_price_inc_tax":0},"at":{"price":0,"sale_price":0,"active":false,"url":null,"parent_url":"","tax_rate":0,"price_inc_tax":0,"sale_price_inc_tax":0},"es":{"price":0,"sale_price":0,"active":false,"url":null,"parent_url":"","tax_rate":0,"price_inc_tax":0,"sale_price_inc_tax":0},"dk":{"price":0,"sale_price":0,"active":false,"url":null,"parent_url":"","tax_rate":0,"price_inc_tax":0,"sale_price_inc_tax":0},"com":{"price":0,"sale_price":0,"active":false,"url":null,"parent_url":"","tax_rate":0,"price_inc_tax":0,"sale_price_inc_tax":0}},"market_nl_price":0,"market_nl_sale_price":0,"market_nl_active":false,"market_nl_url":null,"market_nl_parent_url":"","market_nl_tax_rate":0,"market_nl_price_inc_tax":0,"market_nl_sale_price_inc_tax":0,"market_de_price":0,"market_de_sale_price":0,"market_de_active":false,"market_de_url":null,"market_de_parent_url":"","market_de_tax_rate":0,"market_de_price_inc_tax":0,"market_de_sale_price_inc_tax":0,"market_be_price":0,"market_be_sale_price":0,"market_be_active":false,"market_be_url":null,"market_be_parent_url":"","market_be_tax_rate":0,"market_be_price_inc_tax":0,"market_be_sale_price_inc_tax":0,"market_fr_price":0,"market_fr_sale_price":0,"market_fr_active":false,"market_fr_url":null,"market_fr_parent_url":"","market_fr_tax_rate":0,"market_fr_price_inc_tax":0,"market_fr_sale_price_inc_tax":0,"market_ch_price":0,"market_ch_sale_price":0,"market_ch_active":false,"market_ch_url":null,"market_ch_parent_url":"","market_ch_tax_rate":0,"market_ch_price_inc_tax":0,"market_ch_sale_price_inc_tax":0,"market_at_price":0,"market_at_sale_price":0,"market_at_active":false,"market_at_url":null,"market_at_parent_url":"","market_at_tax_rate":0,"market_at_price_inc_tax":0,"market_at_sale_price_inc_tax":0,"market_es_price":0,"market_es_sale_price":0,"market_es_active":false,"market_es_url":null,"market_es_parent_url":"","market_es_tax_rate":0,"market_es_price_inc_tax":0,"market_es_sale_price_inc_tax":0,"market_dk_price":0,"market_dk_sale_price":0,"market_dk_active":false,"market_dk_url":null,"market_dk_parent_url":"","market_dk_tax_rate":0,"market_dk_price_inc_tax":0,"market_dk_sale_price_inc_tax":0,"market_com_price":0,"market_com_sale_price":0,"market_com_active":false,"market_com_url":null,"market_com_parent_url":"","market_com_tax_rate":0,"market_com_price_inc_tax":0,"market_com_sale_price_inc_tax":0,"acf":[],"_links":{"self":[{"href":"https:\/\/www.pharmacy4pets.nl\/be\/wp-json\/wp\/v2\/product\/119285","targetHints":{"allow":["GET"]}}],"collection":[{"href":"https:\/\/www.pharmacy4pets.nl\/be\/wp-json\/wp\/v2\/product"}],"about":[{"href":"https:\/\/www.pharmacy4pets.nl\/be\/wp-json\/wp\/v2\/types\/product"}],"replies":[{"embeddable":true,"href":"https:\/\/www.pharmacy4pets.nl\/be\/wp-json\/wp\/v2\/comments?post=119285"}],"wp:featuredmedia":[{"embeddable":true,"href":"https:\/\/www.pharmacy4pets.nl\/be\/wp-json\/wp\/v2\/media\/119281"}],"wp:attachment":[{"href":"https:\/\/www.pharmacy4pets.nl\/be\/wp-json\/wp\/v2\/media?parent=119285"}],"wp:term":[{"taxonomy":"product_brand","embeddable":true,"href":"https:\/\/www.pharmacy4pets.nl\/be\/wp-json\/wp\/v2\/product_brand?post=119285"},{"taxonomy":"product_cat","embeddable":true,"href":"https:\/\/www.pharmacy4pets.nl\/be\/wp-json\/wp\/v2\/product_cat?post=119285"},{"taxonomy":"product_tag","embeddable":true,"href":"https:\/\/www.pharmacy4pets.nl\/be\/wp-json\/wp\/v2\/product_tag?post=119285"}],"curies":[{"name":"wp","href":"https:\/\/api.w.org\/{rel}","templated":true}]}}