{"id":119267,"date":"2019-08-16T13:52:16","date_gmt":"2019-08-16T13:52:16","guid":{"rendered":"https:\/\/p4p.test\/sanimed-adult-kat-1-5-kg"},"modified":"2026-04-14T08:03:49","modified_gmt":"2026-04-14T08:03:49","slug":"sanimed-adult-kat-1-5-kg","status":"publish","type":"product","link":"https:\/\/www.pharmacy4pets.nl\/be\/sanimed-adult-kat-1-5-kg","title":{"rendered":"Sanimed Adult kat | 1,5 kg"},"content":{"rendered":"<p>Sanimed Adult voor de kat is een kattenvoer voor volwassen katten tussen de 1 en 8 jaar.<\/p>\n<p>Sanimed Adult:<br \/>\u2022 ondersteunt de huidconditie en verhoogt de weerstand dankzij de optimale samenstelling van essenti\u00eble vetzuren<br \/>\u2022 gaat de vorming van haarballen tegen dankzij extra ruwe celstof<br \/>\u2022 draagt bij aan een gezond milieu in de blaas<br \/>\u2022 ondersteunt de lichaamsconditie en gezondheid van uw kat<\/p>\n","protected":false},"excerpt":{"rendered":"<p>Sanimed Adult voor de kat is een kattenvoer voor volwassen katten tussen de 1 en 8 jaar. Sanimed Adult:\u2022 ondersteunt de huidconditie en verhoogt de weerstand dankzij de optimale samenstelling van essenti\u00eble vetzuren\u2022 gaat de vorming van haarballen tegen dankzij extra ruwe celstof\u2022 draagt bij aan een gezond milieu in de blaas\u2022 ondersteunt de lichaamsconditie [&hellip;]<\/p>\n","protected":false},"featured_media":119264,"comment_status":"open","ping_status":"closed","template":"","meta":{"_acf_changed":false,"_nl_post_content":"<p>Sanimed Adult voor de kat is een kattenvoer voor volwassen katten tussen de 1 en 8 jaar.<\/p>\n<p>Sanimed Adult:<br \/>\u2022 ondersteunt de huidconditie en verhoogt de weerstand dankzij de optimale samenstelling van essenti\u00eble vetzuren<br \/>\u2022 gaat de vorming van haarballen tegen dankzij extra ruwe celstof<br \/>\u2022 draagt bij aan een gezond milieu in de blaas<br \/>\u2022 ondersteunt de lichaamsconditie en gezondheid van uw kat<\/p>","_nl_post_name":"sanimed-adult-kat-1-5-kg","_nl_post_excerpt":"","_nl_post_title":"Sanimed Adult kat | 1,5 kg","_en_post_content":"<p>Sanimed Adult is a food for adult cats\u00a0aged between 1 and 8 years.<\/p>\n<p>Sanimed Adult:<br \/>\u2022 supports skin condition and increases resistance thanks to the optimum composition of essential fatty acids<br \/>\u2022 prevents the formation of hairballs thanks to extra crude fiber<br \/>\u2022 contributes to a healthy environment in the bladder<br \/>\u2022 supports the body condition and health of your cat<\/p>","_en_post_name":"sanimed-adult-cat-1-5-kg","_en_post_excerpt":"","_en_post_title":"Sanimed Adult cat | 1,5 kg","_de_post_content":"<p>Sanimed Adult Katzenfutter ist ein Futter f\u00fcr erwachsene Katzen im Alter zwischen 1 und 8 Jahren.<\/p>\n<p>Sanimed Adult:<br \/>\u2022 unterst\u00fctzt den Hautzustand und erh\u00f6ht die Widerstandskraft durch die optimale Zusammenstellung essentieller Fetts\u00e4uren<br \/>\u2022 verhindert die Bildung von Haarballen durch zus\u00e4tzliche Rohfaser<br \/>\u2022 tr\u00e4gt zu einer gesunden Umgebung in der Blase bei<br \/>\u2022 unterst\u00fctzt den k\u00f6rperlichen Zustand und die Gesundheit Ihrer Katze<\/p>","_de_post_name":"sanimed-adult-katze-1-5-kg","_de_post_excerpt":"","_de_post_title":"Sanimed Adult Katze | 1,5 kg","_fr_post_content":"<p>Sanimed Adult <span class=\"HwtZe\" lang=\"fr\"><span class=\"jCAhz ChMk0b\"><span class=\"ryNqvb\">est une nourriture pour chat<\/span><\/span><\/span> les chats adultes\u00a0\u00e2g\u00e9s de 1 \u00e0 8 ans.<\/p>\n<p>Sanimed Adult :<\/p>\n<ul>\n<li>soutient la sant\u00e9 de la peau et augmente sa r\u00e9sistance gr\u00e2ce \u00e0 une composition optimale d'acides gras essentiels<\/li>\n<li>combat la formation de boules de poils gr\u00e2ce \u00e0 des fibres brutes suppl\u00e9mentaires<\/li>\n<li>contribue \u00e0 un environnement sain dans la vessie<\/li>\n<li>favorise la condition physique et la sant\u00e9 de votre chat<\/li>\n<\/ul>","_fr_post_name":"sanimed-adult-chat-1-5-kg","_fr_post_excerpt":"","_fr_post_title":"Sanimed Adult chat | 1,5 kg","_es_post_content":"<p>Sanimed Adult voor de kat is een kattenvoer voor volwassen katten tussen de 1 en 8 jaar.<\/p>\n<p>Sanimed Adult:<br \/>\u2022 ondersteunt de huidconditie en verhoogt de weerstand dankzij de optimale samenstelling van essenti\u00eble vetzuren<br \/>\u2022 gaat de vorming van haarballen tegen dankzij extra ruwe celstof<br \/>\u2022 draagt bij aan een gezond milieu in de blaas<br \/>\u2022 ondersteunt de lichaamsconditie en gezondheid van uw kat<\/p>","_es_post_name":"sanimed-adult-kat-1-5-kg","_es_post_excerpt":"","_es_post_title":"Sanimed Adult kat | 1,5 kg","edit_language":"nl"},"product_brand":[],"product_cat":[1118,1887,1857,2170,1951],"product_tag":[],"class_list":{"0":"post-119267","1":"product","2":"type-product","3":"status-publish","4":"has-post-thumbnail","6":"product_cat-katten","7":"product_cat-kattenvoer","8":"product_cat-merken","9":"product_cat-onderhoudsvoer","10":"product_cat-sanimed","11":"pa_aandoening-overig","12":"pa_doeldier-kat","13":"pa_fabricatieland-nederland","14":"pa_levensfase-volwassen","15":"pa_merkfilter-sanimed","16":"pa_merkgroep-vobra","17":"pa_product_conditions-sanimed_popup","18":"pa_productsoort-voeding","19":"pa_seo_canonical_store_id-not_found_value","20":"pa_seo_category-not_found_value","21":"pa_seo_meta_robots-not_found_value","22":"pa_toedieningswijze-droogvoer","23":"pa_unit_pricing_base_measure-1kg","24":"pa_unit_pricing_measure-1_5kg","25":"pa_werkzamestof-overig","27":"first","28":"instock","29":"taxable","30":"shipping-taxable","31":"purchasable","32":"product-type-simple"},"yoast_head":"<!-- This site is optimized with the Yoast SEO plugin v27.5 - https:\/\/yoast.com\/product\/yoast-seo-wordpress\/ -->\n<title>Sanimed Adult kat | 1,5 kg - Pharmacy4pets<\/title>\n<meta name=\"robots\" content=\"index, follow, max-snippet:-1, max-image-preview:large, max-video-preview:-1\" \/>\n<link rel=\"canonical\" href=\"https:\/\/www.pharmacy4pets.nl\/sanimed-adult-kat-1-5-kg\" \/>\n<meta property=\"og:locale\" content=\"nl_NL\" \/>\n<meta property=\"og:type\" content=\"article\" \/>\n<meta property=\"og:title\" content=\"Sanimed Adult kat | 1,5 kg - Pharmacy4pets\" \/>\n<meta property=\"og:description\" content=\"Sanimed Adult voor de kat is een kattenvoer voor volwassen katten tussen de 1 en 8 jaar. Sanimed Adult:\u2022 ondersteunt de huidconditie en verhoogt de weerstand dankzij de optimale samenstelling van essenti\u00eble vetzuren\u2022 gaat de vorming van haarballen tegen dankzij extra ruwe celstof\u2022 draagt bij aan een gezond milieu in de blaas\u2022 ondersteunt de lichaamsconditie [&hellip;]\" \/>\n<meta property=\"og:url\" content=\"https:\/\/www.pharmacy4pets.nl\/sanimed-adult-kat-1-5-kg\" \/>\n<meta property=\"og:site_name\" content=\"Pharmacy4pets\" \/>\n<meta property=\"article:publisher\" content=\"https:\/\/www.facebook.com\/people\/Pharmacy4petsnl\/100063484989896\/\" \/>\n<meta property=\"article:modified_time\" content=\"2026-04-14T08:03:49+00:00\" \/>\n<meta property=\"og:image\" content=\"https:\/\/www.pharmacy4pets.nl\/wp-content\/uploads\/2019\/08\/19220_2.jpg\" \/>\n\t<meta property=\"og:image:width\" content=\"700\" \/>\n\t<meta property=\"og:image:height\" content=\"700\" \/>\n\t<meta property=\"og:image:type\" content=\"image\/jpeg\" \/>\n<meta name=\"twitter:card\" content=\"summary_large_image\" \/>\n<script type=\"application\/ld+json\" class=\"yoast-schema-graph\">{\"@context\":\"https:\\\/\\\/schema.org\",\"@graph\":[{\"@type\":\"WebPage\",\"@id\":\"https:\\\/\\\/www.pharmacy4pets.nl\\\/sanimed-adult-kat-1-5-kg\",\"url\":\"https:\\\/\\\/www.pharmacy4pets.nl\\\/sanimed-adult-kat-1-5-kg\",\"name\":\"Sanimed Adult kat | 1,5 kg - Pharmacy4pets\",\"isPartOf\":{\"@id\":\"http:\\\/\\\/www.pharmacy4pets.nl\\\/#website\"},\"primaryImageOfPage\":{\"@id\":\"https:\\\/\\\/www.pharmacy4pets.nl\\\/sanimed-adult-kat-1-5-kg#primaryimage\"},\"image\":{\"@id\":\"https:\\\/\\\/www.pharmacy4pets.nl\\\/sanimed-adult-kat-1-5-kg#primaryimage\"},\"thumbnailUrl\":\"https:\\\/\\\/www.pharmacy4pets.nl\\\/wp-content\\\/uploads\\\/2019\\\/08\\\/19220_2.jpg\",\"datePublished\":\"2019-08-16T13:52:16+00:00\",\"dateModified\":\"2026-04-14T08:03:49+00:00\",\"breadcrumb\":{\"@id\":\"https:\\\/\\\/www.pharmacy4pets.nl\\\/sanimed-adult-kat-1-5-kg#breadcrumb\"},\"inLanguage\":\"nl-NL\",\"potentialAction\":[{\"@type\":\"ReadAction\",\"target\":[\"https:\\\/\\\/www.pharmacy4pets.nl\\\/sanimed-adult-kat-1-5-kg\"]}]},{\"@type\":\"ImageObject\",\"inLanguage\":\"nl-NL\",\"@id\":\"https:\\\/\\\/www.pharmacy4pets.nl\\\/sanimed-adult-kat-1-5-kg#primaryimage\",\"url\":\"https:\\\/\\\/www.pharmacy4pets.nl\\\/wp-content\\\/uploads\\\/2019\\\/08\\\/19220_2.jpg\",\"contentUrl\":\"https:\\\/\\\/www.pharmacy4pets.nl\\\/wp-content\\\/uploads\\\/2019\\\/08\\\/19220_2.jpg\",\"width\":700,\"height\":700,\"caption\":\"Sanimed\"},{\"@type\":\"BreadcrumbList\",\"@id\":\"https:\\\/\\\/www.pharmacy4pets.nl\\\/sanimed-adult-kat-1-5-kg#breadcrumb\",\"itemListElement\":[{\"@type\":\"ListItem\",\"position\":1,\"name\":\"Home\",\"item\":\"https:\\\/\\\/p4p-nl.bootmine.com\\\/\"},{\"@type\":\"ListItem\",\"position\":2,\"name\":\"Winkel\",\"item\":\"https:\\\/\\\/p4p-nl.bootmine.com\\\/winkel\"},{\"@type\":\"ListItem\",\"position\":3,\"name\":\"Sanimed Adult kat | 1,5 kg\"}]},{\"@type\":\"WebSite\",\"@id\":\"http:\\\/\\\/www.pharmacy4pets.nl\\\/#website\",\"url\":\"http:\\\/\\\/www.pharmacy4pets.nl\\\/\",\"name\":\"Pharmacy4pets\",\"description\":\"Pharmacy4pets.nl is d\u00e9 online apotheek waar u terecht kunt voor alle diergeneesmiddelen, verzorgingsproducten en dieetvoeding voor uw huisdier.\",\"publisher\":{\"@id\":\"http:\\\/\\\/www.pharmacy4pets.nl\\\/#organization\"},\"potentialAction\":[{\"@type\":\"SearchAction\",\"target\":{\"@type\":\"EntryPoint\",\"urlTemplate\":\"http:\\\/\\\/www.pharmacy4pets.nl\\\/?s={search_term_string}\"},\"query-input\":{\"@type\":\"PropertyValueSpecification\",\"valueRequired\":true,\"valueName\":\"search_term_string\"}}],\"inLanguage\":\"nl-NL\"},{\"@type\":\"Organization\",\"@id\":\"http:\\\/\\\/www.pharmacy4pets.nl\\\/#organization\",\"name\":\"Pharmacy4pets\",\"url\":\"http:\\\/\\\/www.pharmacy4pets.nl\\\/\",\"logo\":{\"@type\":\"ImageObject\",\"inLanguage\":\"nl-NL\",\"@id\":\"http:\\\/\\\/www.pharmacy4pets.nl\\\/#\\\/schema\\\/logo\\\/image\\\/\",\"url\":\"https:\\\/\\\/p4p-nl.bootmine.com\\\/wp-content\\\/uploads\\\/2026\\\/03\\\/logo-pharmacy4pets.png\",\"contentUrl\":\"https:\\\/\\\/p4p-nl.bootmine.com\\\/wp-content\\\/uploads\\\/2026\\\/03\\\/logo-pharmacy4pets.png\",\"width\":1024,\"height\":135,\"caption\":\"Pharmacy4pets\"},\"image\":{\"@id\":\"http:\\\/\\\/www.pharmacy4pets.nl\\\/#\\\/schema\\\/logo\\\/image\\\/\"},\"sameAs\":[\"https:\\\/\\\/www.facebook.com\\\/people\\\/Pharmacy4petsnl\\\/100063484989896\\\/\",\"https:\\\/\\\/www.youtube.com\\\/channel\\\/UCGPTIgucgli03tP2_kvLkHg\\\/featured\",\"https:\\\/\\\/www.instagram.com\\\/pharmacy4pets.nl\"]}]}<\/script>\n<!-- \/ Yoast SEO plugin. -->","yoast_head_json":{"title":"Sanimed Adult kat | 1,5 kg - Pharmacy4pets","robots":{"index":"index","follow":"follow","max-snippet":"max-snippet:-1","max-image-preview":"max-image-preview:large","max-video-preview":"max-video-preview:-1"},"canonical":"https:\/\/www.pharmacy4pets.nl\/sanimed-adult-kat-1-5-kg","og_locale":"nl_NL","og_type":"article","og_title":"Sanimed Adult kat | 1,5 kg - Pharmacy4pets","og_description":"Sanimed Adult voor de kat is een kattenvoer voor volwassen katten tussen de 1 en 8 jaar. Sanimed Adult:\u2022 ondersteunt de huidconditie en verhoogt de weerstand dankzij de optimale samenstelling van essenti\u00eble vetzuren\u2022 gaat de vorming van haarballen tegen dankzij extra ruwe celstof\u2022 draagt bij aan een gezond milieu in de blaas\u2022 ondersteunt de lichaamsconditie [&hellip;]","og_url":"https:\/\/www.pharmacy4pets.nl\/sanimed-adult-kat-1-5-kg","og_site_name":"Pharmacy4pets","article_publisher":"https:\/\/www.facebook.com\/people\/Pharmacy4petsnl\/100063484989896\/","article_modified_time":"2026-04-14T08:03:49+00:00","og_image":[{"width":700,"height":700,"url":"https:\/\/www.pharmacy4pets.nl\/wp-content\/uploads\/2019\/08\/19220_2.jpg","type":"image\/jpeg"}],"twitter_card":"summary_large_image","schema":{"@context":"https:\/\/schema.org","@graph":[{"@type":"WebPage","@id":"https:\/\/www.pharmacy4pets.nl\/sanimed-adult-kat-1-5-kg","url":"https:\/\/www.pharmacy4pets.nl\/sanimed-adult-kat-1-5-kg","name":"Sanimed Adult kat | 1,5 kg - Pharmacy4pets","isPartOf":{"@id":"http:\/\/www.pharmacy4pets.nl\/#website"},"primaryImageOfPage":{"@id":"https:\/\/www.pharmacy4pets.nl\/sanimed-adult-kat-1-5-kg#primaryimage"},"image":{"@id":"https:\/\/www.pharmacy4pets.nl\/sanimed-adult-kat-1-5-kg#primaryimage"},"thumbnailUrl":"https:\/\/www.pharmacy4pets.nl\/wp-content\/uploads\/2019\/08\/19220_2.jpg","datePublished":"2019-08-16T13:52:16+00:00","dateModified":"2026-04-14T08:03:49+00:00","breadcrumb":{"@id":"https:\/\/www.pharmacy4pets.nl\/sanimed-adult-kat-1-5-kg#breadcrumb"},"inLanguage":"nl-NL","potentialAction":[{"@type":"ReadAction","target":["https:\/\/www.pharmacy4pets.nl\/sanimed-adult-kat-1-5-kg"]}]},{"@type":"ImageObject","inLanguage":"nl-NL","@id":"https:\/\/www.pharmacy4pets.nl\/sanimed-adult-kat-1-5-kg#primaryimage","url":"https:\/\/www.pharmacy4pets.nl\/wp-content\/uploads\/2019\/08\/19220_2.jpg","contentUrl":"https:\/\/www.pharmacy4pets.nl\/wp-content\/uploads\/2019\/08\/19220_2.jpg","width":700,"height":700,"caption":"Sanimed"},{"@type":"BreadcrumbList","@id":"https:\/\/www.pharmacy4pets.nl\/sanimed-adult-kat-1-5-kg#breadcrumb","itemListElement":[{"@type":"ListItem","position":1,"name":"Home","item":"https:\/\/p4p-nl.bootmine.com\/"},{"@type":"ListItem","position":2,"name":"Winkel","item":"https:\/\/p4p-nl.bootmine.com\/winkel"},{"@type":"ListItem","position":3,"name":"Sanimed Adult kat | 1,5 kg"}]},{"@type":"WebSite","@id":"http:\/\/www.pharmacy4pets.nl\/#website","url":"http:\/\/www.pharmacy4pets.nl\/","name":"Pharmacy4pets","description":"Pharmacy4pets.nl is d\u00e9 online apotheek waar u terecht kunt voor alle diergeneesmiddelen, verzorgingsproducten en dieetvoeding voor uw huisdier.","publisher":{"@id":"http:\/\/www.pharmacy4pets.nl\/#organization"},"potentialAction":[{"@type":"SearchAction","target":{"@type":"EntryPoint","urlTemplate":"http:\/\/www.pharmacy4pets.nl\/?s={search_term_string}"},"query-input":{"@type":"PropertyValueSpecification","valueRequired":true,"valueName":"search_term_string"}}],"inLanguage":"nl-NL"},{"@type":"Organization","@id":"http:\/\/www.pharmacy4pets.nl\/#organization","name":"Pharmacy4pets","url":"http:\/\/www.pharmacy4pets.nl\/","logo":{"@type":"ImageObject","inLanguage":"nl-NL","@id":"http:\/\/www.pharmacy4pets.nl\/#\/schema\/logo\/image\/","url":"https:\/\/p4p-nl.bootmine.com\/wp-content\/uploads\/2026\/03\/logo-pharmacy4pets.png","contentUrl":"https:\/\/p4p-nl.bootmine.com\/wp-content\/uploads\/2026\/03\/logo-pharmacy4pets.png","width":1024,"height":135,"caption":"Pharmacy4pets"},"image":{"@id":"http:\/\/www.pharmacy4pets.nl\/#\/schema\/logo\/image\/"},"sameAs":["https:\/\/www.facebook.com\/people\/Pharmacy4petsnl\/100063484989896\/","https:\/\/www.youtube.com\/channel\/UCGPTIgucgli03tP2_kvLkHg\/featured","https:\/\/www.instagram.com\/pharmacy4pets.nl"]}]}},"market_data":{"nl":{"price":0,"sale_price":0,"active":false,"url":null,"parent_url":"","tax_rate":0,"price_inc_tax":0,"sale_price_inc_tax":0},"de":{"price":0,"sale_price":0,"active":false,"url":null,"parent_url":"","tax_rate":0,"price_inc_tax":0,"sale_price_inc_tax":0},"be":{"price":0,"sale_price":0,"active":false,"url":null,"parent_url":"","tax_rate":0,"price_inc_tax":0,"sale_price_inc_tax":0},"fr":{"price":0,"sale_price":0,"active":false,"url":null,"parent_url":"","tax_rate":0,"price_inc_tax":0,"sale_price_inc_tax":0},"ch":{"price":0,"sale_price":0,"active":false,"url":null,"parent_url":"","tax_rate":0,"price_inc_tax":0,"sale_price_inc_tax":0},"at":{"price":0,"sale_price":0,"active":false,"url":null,"parent_url":"","tax_rate":0,"price_inc_tax":0,"sale_price_inc_tax":0},"es":{"price":0,"sale_price":0,"active":false,"url":null,"parent_url":"","tax_rate":0,"price_inc_tax":0,"sale_price_inc_tax":0},"dk":{"price":0,"sale_price":0,"active":false,"url":null,"parent_url":"","tax_rate":0,"price_inc_tax":0,"sale_price_inc_tax":0},"com":{"price":0,"sale_price":0,"active":false,"url":null,"parent_url":"","tax_rate":0,"price_inc_tax":0,"sale_price_inc_tax":0}},"market_nl_price":0,"market_nl_sale_price":0,"market_nl_active":false,"market_nl_url":null,"market_nl_parent_url":"","market_nl_tax_rate":0,"market_nl_price_inc_tax":0,"market_nl_sale_price_inc_tax":0,"market_de_price":0,"market_de_sale_price":0,"market_de_active":false,"market_de_url":null,"market_de_parent_url":"","market_de_tax_rate":0,"market_de_price_inc_tax":0,"market_de_sale_price_inc_tax":0,"market_be_price":0,"market_be_sale_price":0,"market_be_active":false,"market_be_url":null,"market_be_parent_url":"","market_be_tax_rate":0,"market_be_price_inc_tax":0,"market_be_sale_price_inc_tax":0,"market_fr_price":0,"market_fr_sale_price":0,"market_fr_active":false,"market_fr_url":null,"market_fr_parent_url":"","market_fr_tax_rate":0,"market_fr_price_inc_tax":0,"market_fr_sale_price_inc_tax":0,"market_ch_price":0,"market_ch_sale_price":0,"market_ch_active":false,"market_ch_url":null,"market_ch_parent_url":"","market_ch_tax_rate":0,"market_ch_price_inc_tax":0,"market_ch_sale_price_inc_tax":0,"market_at_price":0,"market_at_sale_price":0,"market_at_active":false,"market_at_url":null,"market_at_parent_url":"","market_at_tax_rate":0,"market_at_price_inc_tax":0,"market_at_sale_price_inc_tax":0,"market_es_price":0,"market_es_sale_price":0,"market_es_active":false,"market_es_url":null,"market_es_parent_url":"","market_es_tax_rate":0,"market_es_price_inc_tax":0,"market_es_sale_price_inc_tax":0,"market_dk_price":0,"market_dk_sale_price":0,"market_dk_active":false,"market_dk_url":null,"market_dk_parent_url":"","market_dk_tax_rate":0,"market_dk_price_inc_tax":0,"market_dk_sale_price_inc_tax":0,"market_com_price":0,"market_com_sale_price":0,"market_com_active":false,"market_com_url":null,"market_com_parent_url":"","market_com_tax_rate":0,"market_com_price_inc_tax":0,"market_com_sale_price_inc_tax":0,"acf":[],"_links":{"self":[{"href":"https:\/\/www.pharmacy4pets.nl\/be\/wp-json\/wp\/v2\/product\/119267","targetHints":{"allow":["GET"]}}],"collection":[{"href":"https:\/\/www.pharmacy4pets.nl\/be\/wp-json\/wp\/v2\/product"}],"about":[{"href":"https:\/\/www.pharmacy4pets.nl\/be\/wp-json\/wp\/v2\/types\/product"}],"replies":[{"embeddable":true,"href":"https:\/\/www.pharmacy4pets.nl\/be\/wp-json\/wp\/v2\/comments?post=119267"}],"wp:featuredmedia":[{"embeddable":true,"href":"https:\/\/www.pharmacy4pets.nl\/be\/wp-json\/wp\/v2\/media\/119264"}],"wp:attachment":[{"href":"https:\/\/www.pharmacy4pets.nl\/be\/wp-json\/wp\/v2\/media?parent=119267"}],"wp:term":[{"taxonomy":"product_brand","embeddable":true,"href":"https:\/\/www.pharmacy4pets.nl\/be\/wp-json\/wp\/v2\/product_brand?post=119267"},{"taxonomy":"product_cat","embeddable":true,"href":"https:\/\/www.pharmacy4pets.nl\/be\/wp-json\/wp\/v2\/product_cat?post=119267"},{"taxonomy":"product_tag","embeddable":true,"href":"https:\/\/www.pharmacy4pets.nl\/be\/wp-json\/wp\/v2\/product_tag?post=119267"}],"curies":[{"name":"wp","href":"https:\/\/api.w.org\/{rel}","templated":true}]}}