{"id":119250,"date":"2019-08-16T13:16:13","date_gmt":"2019-08-16T13:16:13","guid":{"rendered":"https:\/\/p4p.test\/sanimed-kitten-4-5-kg"},"modified":"2026-04-14T08:03:48","modified_gmt":"2026-04-14T08:03:48","slug":"sanimed-kitten-4-5-kg","status":"publish","type":"product","link":"https:\/\/www.pharmacy4pets.nl\/be\/sanimed-kitten-4-5-kg","title":{"rendered":"Sanimed Kitten | 4,5 kg"},"content":{"rendered":"<p>Sanimed Kitten is een kitten voer. Tijdens de kittenfase is de groei en aanmaak van nieuwe weefsels het grootst. Voeding speelt in deze fase een grote rol bij de groei en ontwikkeling van uw kat. Dit kattenvoer is geschikt voor katten van 4 weken tot 12 maanden. Sanimed Kitten geeft uw kitten datgene wat hij nodig heeft voor een optimale groei.<\/p>\n<p>Sanimed Kitten:<br \/>\u2022 gezonde skeletopbouw door aangepaste gehalten aan calcium, fosfor en vitamine D<br \/>\u2022 gemakkelijk verteerbaar<br \/>\u2022 ondersteunt een gezond milieu in de blaas dankzij de lage urine pH en lage concentraties van struvietvormende componenten<br \/>\u2022 afgestemd op behoefte van drachtige en zogende moederpoes<br \/>\u2022 hoog gehalte aan omega 3 bevordert de conditie van huid en vacht en verhoogt weerstand van uw kitten<\/p>\n","protected":false},"excerpt":{"rendered":"<p>Sanimed Kitten is een kitten voer. Tijdens de kittenfase is de groei en aanmaak van nieuwe weefsels het grootst. Voeding speelt in deze fase een grote rol bij de groei en ontwikkeling van uw kat. Dit kattenvoer is geschikt voor katten van 4 weken tot 12 maanden. Sanimed Kitten geeft uw kitten datgene wat hij [&hellip;]<\/p>\n","protected":false},"featured_media":119247,"comment_status":"open","ping_status":"closed","template":"","meta":{"_acf_changed":false,"_nl_post_content":"<p>Sanimed Kitten is een kitten voer. Tijdens de kittenfase is de groei en aanmaak van nieuwe weefsels het grootst. Voeding speelt in deze fase een grote rol bij de groei en ontwikkeling van uw kat. Dit kattenvoer is geschikt voor katten van 4 weken tot 12 maanden. Sanimed Kitten geeft uw kitten datgene wat hij nodig heeft voor een optimale groei.<\/p>\n<p>Sanimed Kitten:<br \/>\u2022 gezonde skeletopbouw door aangepaste gehalten aan calcium, fosfor en vitamine D<br \/>\u2022 gemakkelijk verteerbaar<br \/>\u2022 ondersteunt een gezond milieu in de blaas dankzij de lage urine pH en lage concentraties van struvietvormende componenten<br \/>\u2022 afgestemd op behoefte van drachtige en zogende moederpoes<br \/>\u2022 hoog gehalte aan omega 3 bevordert de conditie van huid en vacht en verhoogt weerstand van uw kitten<\/p>","_nl_post_name":"sanimed-kitten-4-5-kg","_nl_post_excerpt":"","_nl_post_title":"Sanimed Kitten | 4,5 kg","_en_post_content":"<p>Sanimed Kitten is a kitten food. During the kitten phase, the growth and production of new tissues is greatest. Nutrition plays a major role in the growth and development of your cat. Sanimed Kitten is suitable for cats from 4 weeks up to 12 months. Sanimed Kitten gives your kitten what it needs for optimum growth.<\/p>\n<p>Sanimed Kitten:<br \/>\u2022 healthy skeletal structure through adjusted levels of calcium, phosphorus and vitamin D<br \/>\u2022 easily digestible<br \/>\u2022 supports a healthy environment in the bladder thanks to the low urine pH and low concentrations of struvite-forming components<br \/>\u2022 tailored to the needs of pregnant and nursing mother cats<br \/>\u2022 high omega 3 content promotes skin and coat condition and increases your kitten's resistance<\/p>","_en_post_name":"sanimed-kitten-4-5-kg","_en_post_excerpt":"","_en_post_title":"Sanimed Kitten | 4,5 kg","_de_post_content":"<p>Sanimed Kitten ist ein <span class=\"HwtZe\" lang=\"de\"><span class=\"jCAhz ChMk0b\"><span class=\"ryNqvb\">K\u00e4tzchenfutter<\/span><\/span><\/span>. W\u00e4hrend der K\u00e4tzchenphase ist das Wachstum und die Produktion neuen Gewebes am gr\u00f6\u00dften. Die Ern\u00e4hrung spielt eine wichtige Rolle f\u00fcr das Wachstum und die Entwicklung Ihrer Katze. Dieses\u00a0<span class=\"HwtZe\" lang=\"de\"><span class=\"jCAhz ChMk0b\"><span class=\"ryNqvb\">Katzenfutter<\/span><\/span><\/span> ist f\u00fcr Katzen ab 4 Wochen geeignet 12 Monate Sanimed Kitten gibt Ihrem K\u00e4tzchen das, was es f\u00fcr ein optimales Wachstum braucht.<\/p>\n<p>Sanimed Kitten:<br \/>\u2022 gesunde Skelettstruktur durch angepasste Calcium-, Phosphor- und Vitamin-D-Spiegel<br \/>\u2022 leicht verdaulich<br \/>\u2022 unterst\u00fctzt eine gesunde Umgebung in der Blase dank des niedrigen pH-Werts im Urin und der niedrigen Konzentration an Struvit bildenden Komponenten<br \/>\u2022 zugeschnitten auf die Bed\u00fcrfnisse von tr\u00e4chtigen und stillenden Katzen<br \/>\u2022 Ein hoher Omega-3-Gehalt f\u00f6rdert den Haut- und Fellzustand und erh\u00f6ht die Widerstandsf\u00e4higkeit Ihres K\u00e4tzchens<\/p>","_de_post_name":"sanimed-kitten-4-5-kg","_de_post_excerpt":"","_de_post_title":"Sanimed Kitten | 4,5 kg","_fr_post_content":"<p>Sanimed Kitten est un\u00a0<span class=\"HwtZe\" lang=\"fr\"><span class=\"jCAhz ChMk0b\"><span class=\"ryNqvb\">nourriture pour chaton<\/span><\/span><\/span>. Pendant la phase du chaton, la croissance et la cr\u00e9ation de nouveaux tissus sont les plus importantes. L'alimentation joue un r\u00f4le majeur dans la croissance et le d\u00e9veloppement de votre chat pendant cette phase. Sanimed Kitten convient aux chats de 4 semaines \u00e0 12 mois. Sanimed Kitten apporte \u00e0 votre chaton ce dont il a besoin pour une croissance optimale.<\/p>\n<p>Sanimed Kitten :<\/p>\n<ul>\n<li>un d\u00e9veloppement sain du squelette gr\u00e2ce \u00e0 des niveaux adapt\u00e9s de calcium, de phosphore et de vitamine D<\/li>\n<li>facilement digestible<\/li>\n<li>favorise un environnement sain dans la vessie gr\u00e2ce \u00e0 un pH urinaire faible et \u00e0 de faibles concentrations de composants formant des struvites<\/li>\n<li>adapt\u00e9 aux besoins des chattes en gestation et en lactation<\/li>\n<li>la teneur \u00e9lev\u00e9e en om\u00e9ga 3 favorise l'\u00e9tat de la peau et du pelage et augmente la r\u00e9sistance de votre chaton<\/li>\n<\/ul>","_fr_post_name":"sanimed-chaton-4-5-kg","_fr_post_excerpt":"","_fr_post_title":"Sanimed Chaton | 4,5 kg","_es_post_content":"<p>Sanimed Kitten is een kitten voer. Tijdens de kittenfase is de groei en aanmaak van nieuwe weefsels het grootst. Voeding speelt in deze fase een grote rol bij de groei en ontwikkeling van uw kat. Dit kattenvoer is geschikt voor katten van 4 weken tot 12 maanden. Sanimed Kitten geeft uw kitten datgene wat hij nodig heeft voor een optimale groei.<\/p>\n<p>Sanimed Kitten:<br \/>\u2022 gezonde skeletopbouw door aangepaste gehalten aan calcium, fosfor en vitamine D<br \/>\u2022 gemakkelijk verteerbaar<br \/>\u2022 ondersteunt een gezond milieu in de blaas dankzij de lage urine pH en lage concentraties van struvietvormende componenten<br \/>\u2022 afgestemd op behoefte van drachtige en zogende moederpoes<br \/>\u2022 hoog gehalte aan omega 3 bevordert de conditie van huid en vacht en verhoogt weerstand van uw kitten<\/p>","_es_post_name":"sanimed-kitten-4-5-kg","_es_post_excerpt":"","_es_post_title":"Sanimed Kitten | 4,5 kg","edit_language":"nl"},"product_brand":[],"product_cat":[1118,1887,1857,2170,1951],"product_tag":[],"class_list":{"0":"post-119250","1":"product","2":"type-product","3":"status-publish","4":"has-post-thumbnail","6":"product_cat-katten","7":"product_cat-kattenvoer","8":"product_cat-merken","9":"product_cat-onderhoudsvoer","10":"product_cat-sanimed","11":"pa_aandoening-overig","12":"pa_doeldier-kat","13":"pa_doeldier-kitten","14":"pa_fabricatieland-nederland","15":"pa_levensfase-kitten","16":"pa_merkfilter-sanimed","17":"pa_merkgroep-vobra","18":"pa_product_conditions-sanimed_popup","19":"pa_productsoort-voeding","20":"pa_seo_canonical_store_id-not_found_value","21":"pa_seo_category-not_found_value","22":"pa_seo_meta_robots-not_found_value","23":"pa_toedieningswijze-droogvoer","24":"pa_unit_pricing_base_measure-1kg","25":"pa_unit_pricing_measure-4_5kg","26":"pa_werkzamestof-overig","28":"first","29":"instock","30":"taxable","31":"shipping-taxable","32":"purchasable","33":"product-type-simple"},"yoast_head":"<!-- This site is optimized with the Yoast SEO plugin v27.5 - https:\/\/yoast.com\/product\/yoast-seo-wordpress\/ -->\n<title>Sanimed Kitten | 4,5 kg - Pharmacy4pets<\/title>\n<meta name=\"robots\" content=\"index, follow, max-snippet:-1, max-image-preview:large, max-video-preview:-1\" \/>\n<link rel=\"canonical\" href=\"https:\/\/p4p-nl.bootmine.com\/%product-slug%\/sanimed-kitten-4-5-kg\" \/>\n<meta property=\"og:locale\" content=\"nl_NL\" \/>\n<meta property=\"og:type\" content=\"article\" \/>\n<meta property=\"og:title\" content=\"Sanimed Kitten | 4,5 kg - Pharmacy4pets\" \/>\n<meta property=\"og:description\" content=\"Sanimed Kitten is een kitten voer. Tijdens de kittenfase is de groei en aanmaak van nieuwe weefsels het grootst. Voeding speelt in deze fase een grote rol bij de groei en ontwikkeling van uw kat. Dit kattenvoer is geschikt voor katten van 4 weken tot 12 maanden. Sanimed Kitten geeft uw kitten datgene wat hij [&hellip;]\" \/>\n<meta property=\"og:url\" content=\"https:\/\/p4p-nl.bootmine.com\/%product-slug%\/sanimed-kitten-4-5-kg\" \/>\n<meta property=\"og:site_name\" content=\"Pharmacy4pets\" \/>\n<meta property=\"article:publisher\" content=\"https:\/\/www.facebook.com\/people\/Pharmacy4petsnl\/100063484989896\/\" \/>\n<meta property=\"article:modified_time\" content=\"2026-04-14T08:03:48+00:00\" \/>\n<meta property=\"og:image\" content=\"https:\/\/p4p-nl.bootmine.com\/wp-content\/uploads\/2019\/08\/19215_2.jpg\" \/>\n\t<meta property=\"og:image:width\" content=\"700\" \/>\n\t<meta property=\"og:image:height\" content=\"700\" \/>\n\t<meta property=\"og:image:type\" content=\"image\/jpeg\" \/>\n<meta name=\"twitter:card\" content=\"summary_large_image\" \/>\n<meta name=\"twitter:label1\" content=\"Geschatte leestijd\" \/>\n\t<meta name=\"twitter:data1\" content=\"1 minuut\" \/>\n<script type=\"application\/ld+json\" class=\"yoast-schema-graph\">{\"@context\":\"https:\\\/\\\/schema.org\",\"@graph\":[{\"@type\":\"WebPage\",\"@id\":\"https:\\\/\\\/p4p-nl.bootmine.com\\\/%product-slug%\\\/sanimed-kitten-4-5-kg\",\"url\":\"https:\\\/\\\/p4p-nl.bootmine.com\\\/%product-slug%\\\/sanimed-kitten-4-5-kg\",\"name\":\"Sanimed Kitten | 4,5 kg - Pharmacy4pets\",\"isPartOf\":{\"@id\":\"http:\\\/\\\/www.pharmacy4pets.nl\\\/#website\"},\"primaryImageOfPage\":{\"@id\":\"https:\\\/\\\/p4p-nl.bootmine.com\\\/%product-slug%\\\/sanimed-kitten-4-5-kg#primaryimage\"},\"image\":{\"@id\":\"https:\\\/\\\/p4p-nl.bootmine.com\\\/%product-slug%\\\/sanimed-kitten-4-5-kg#primaryimage\"},\"thumbnailUrl\":\"https:\\\/\\\/www.pharmacy4pets.nl\\\/wp-content\\\/uploads\\\/2019\\\/08\\\/19215_2.jpg\",\"datePublished\":\"2019-08-16T13:16:13+00:00\",\"dateModified\":\"2026-04-14T08:03:48+00:00\",\"breadcrumb\":{\"@id\":\"https:\\\/\\\/p4p-nl.bootmine.com\\\/%product-slug%\\\/sanimed-kitten-4-5-kg#breadcrumb\"},\"inLanguage\":\"nl-NL\",\"potentialAction\":[{\"@type\":\"ReadAction\",\"target\":[\"https:\\\/\\\/p4p-nl.bootmine.com\\\/%product-slug%\\\/sanimed-kitten-4-5-kg\"]}]},{\"@type\":\"ImageObject\",\"inLanguage\":\"nl-NL\",\"@id\":\"https:\\\/\\\/p4p-nl.bootmine.com\\\/%product-slug%\\\/sanimed-kitten-4-5-kg#primaryimage\",\"url\":\"https:\\\/\\\/www.pharmacy4pets.nl\\\/wp-content\\\/uploads\\\/2019\\\/08\\\/19215_2.jpg\",\"contentUrl\":\"https:\\\/\\\/www.pharmacy4pets.nl\\\/wp-content\\\/uploads\\\/2019\\\/08\\\/19215_2.jpg\",\"width\":700,\"height\":700,\"caption\":\"Sanimed\"},{\"@type\":\"BreadcrumbList\",\"@id\":\"https:\\\/\\\/p4p-nl.bootmine.com\\\/%product-slug%\\\/sanimed-kitten-4-5-kg#breadcrumb\",\"itemListElement\":[{\"@type\":\"ListItem\",\"position\":1,\"name\":\"Home\",\"item\":\"https:\\\/\\\/p4p-nl.bootmine.com\\\/\"},{\"@type\":\"ListItem\",\"position\":2,\"name\":\"Winkel\",\"item\":\"https:\\\/\\\/p4p-nl.bootmine.com\\\/winkel\"},{\"@type\":\"ListItem\",\"position\":3,\"name\":\"Sanimed Kitten | 4,5 kg\"}]},{\"@type\":\"WebSite\",\"@id\":\"http:\\\/\\\/www.pharmacy4pets.nl\\\/#website\",\"url\":\"http:\\\/\\\/www.pharmacy4pets.nl\\\/\",\"name\":\"Pharmacy4pets\",\"description\":\"Pharmacy4pets.nl is d\u00e9 online apotheek waar u terecht kunt voor alle diergeneesmiddelen, verzorgingsproducten en dieetvoeding voor uw huisdier.\",\"publisher\":{\"@id\":\"http:\\\/\\\/www.pharmacy4pets.nl\\\/#organization\"},\"potentialAction\":[{\"@type\":\"SearchAction\",\"target\":{\"@type\":\"EntryPoint\",\"urlTemplate\":\"http:\\\/\\\/www.pharmacy4pets.nl\\\/?s={search_term_string}\"},\"query-input\":{\"@type\":\"PropertyValueSpecification\",\"valueRequired\":true,\"valueName\":\"search_term_string\"}}],\"inLanguage\":\"nl-NL\"},{\"@type\":\"Organization\",\"@id\":\"http:\\\/\\\/www.pharmacy4pets.nl\\\/#organization\",\"name\":\"Pharmacy4pets\",\"url\":\"http:\\\/\\\/www.pharmacy4pets.nl\\\/\",\"logo\":{\"@type\":\"ImageObject\",\"inLanguage\":\"nl-NL\",\"@id\":\"http:\\\/\\\/www.pharmacy4pets.nl\\\/#\\\/schema\\\/logo\\\/image\\\/\",\"url\":\"https:\\\/\\\/p4p-nl.bootmine.com\\\/wp-content\\\/uploads\\\/2026\\\/03\\\/logo-pharmacy4pets.png\",\"contentUrl\":\"https:\\\/\\\/p4p-nl.bootmine.com\\\/wp-content\\\/uploads\\\/2026\\\/03\\\/logo-pharmacy4pets.png\",\"width\":1024,\"height\":135,\"caption\":\"Pharmacy4pets\"},\"image\":{\"@id\":\"http:\\\/\\\/www.pharmacy4pets.nl\\\/#\\\/schema\\\/logo\\\/image\\\/\"},\"sameAs\":[\"https:\\\/\\\/www.facebook.com\\\/people\\\/Pharmacy4petsnl\\\/100063484989896\\\/\",\"https:\\\/\\\/www.youtube.com\\\/channel\\\/UCGPTIgucgli03tP2_kvLkHg\\\/featured\",\"https:\\\/\\\/www.instagram.com\\\/pharmacy4pets.nl\"]}]}<\/script>\n<!-- \/ Yoast SEO plugin. -->","yoast_head_json":{"title":"Sanimed Kitten | 4,5 kg - Pharmacy4pets","robots":{"index":"index","follow":"follow","max-snippet":"max-snippet:-1","max-image-preview":"max-image-preview:large","max-video-preview":"max-video-preview:-1"},"canonical":"https:\/\/p4p-nl.bootmine.com\/%product-slug%\/sanimed-kitten-4-5-kg","og_locale":"nl_NL","og_type":"article","og_title":"Sanimed Kitten | 4,5 kg - Pharmacy4pets","og_description":"Sanimed Kitten is een kitten voer. Tijdens de kittenfase is de groei en aanmaak van nieuwe weefsels het grootst. Voeding speelt in deze fase een grote rol bij de groei en ontwikkeling van uw kat. Dit kattenvoer is geschikt voor katten van 4 weken tot 12 maanden. Sanimed Kitten geeft uw kitten datgene wat hij [&hellip;]","og_url":"https:\/\/p4p-nl.bootmine.com\/%product-slug%\/sanimed-kitten-4-5-kg","og_site_name":"Pharmacy4pets","article_publisher":"https:\/\/www.facebook.com\/people\/Pharmacy4petsnl\/100063484989896\/","article_modified_time":"2026-04-14T08:03:48+00:00","og_image":[{"width":700,"height":700,"url":"https:\/\/p4p-nl.bootmine.com\/wp-content\/uploads\/2019\/08\/19215_2.jpg","type":"image\/jpeg"}],"twitter_card":"summary_large_image","twitter_misc":{"Geschatte leestijd":"1 minuut"},"schema":{"@context":"https:\/\/schema.org","@graph":[{"@type":"WebPage","@id":"https:\/\/p4p-nl.bootmine.com\/%product-slug%\/sanimed-kitten-4-5-kg","url":"https:\/\/p4p-nl.bootmine.com\/%product-slug%\/sanimed-kitten-4-5-kg","name":"Sanimed Kitten | 4,5 kg - Pharmacy4pets","isPartOf":{"@id":"http:\/\/www.pharmacy4pets.nl\/#website"},"primaryImageOfPage":{"@id":"https:\/\/p4p-nl.bootmine.com\/%product-slug%\/sanimed-kitten-4-5-kg#primaryimage"},"image":{"@id":"https:\/\/p4p-nl.bootmine.com\/%product-slug%\/sanimed-kitten-4-5-kg#primaryimage"},"thumbnailUrl":"https:\/\/www.pharmacy4pets.nl\/wp-content\/uploads\/2019\/08\/19215_2.jpg","datePublished":"2019-08-16T13:16:13+00:00","dateModified":"2026-04-14T08:03:48+00:00","breadcrumb":{"@id":"https:\/\/p4p-nl.bootmine.com\/%product-slug%\/sanimed-kitten-4-5-kg#breadcrumb"},"inLanguage":"nl-NL","potentialAction":[{"@type":"ReadAction","target":["https:\/\/p4p-nl.bootmine.com\/%product-slug%\/sanimed-kitten-4-5-kg"]}]},{"@type":"ImageObject","inLanguage":"nl-NL","@id":"https:\/\/p4p-nl.bootmine.com\/%product-slug%\/sanimed-kitten-4-5-kg#primaryimage","url":"https:\/\/www.pharmacy4pets.nl\/wp-content\/uploads\/2019\/08\/19215_2.jpg","contentUrl":"https:\/\/www.pharmacy4pets.nl\/wp-content\/uploads\/2019\/08\/19215_2.jpg","width":700,"height":700,"caption":"Sanimed"},{"@type":"BreadcrumbList","@id":"https:\/\/p4p-nl.bootmine.com\/%product-slug%\/sanimed-kitten-4-5-kg#breadcrumb","itemListElement":[{"@type":"ListItem","position":1,"name":"Home","item":"https:\/\/p4p-nl.bootmine.com\/"},{"@type":"ListItem","position":2,"name":"Winkel","item":"https:\/\/p4p-nl.bootmine.com\/winkel"},{"@type":"ListItem","position":3,"name":"Sanimed Kitten | 4,5 kg"}]},{"@type":"WebSite","@id":"http:\/\/www.pharmacy4pets.nl\/#website","url":"http:\/\/www.pharmacy4pets.nl\/","name":"Pharmacy4pets","description":"Pharmacy4pets.nl is d\u00e9 online apotheek waar u terecht kunt voor alle diergeneesmiddelen, verzorgingsproducten en dieetvoeding voor uw huisdier.","publisher":{"@id":"http:\/\/www.pharmacy4pets.nl\/#organization"},"potentialAction":[{"@type":"SearchAction","target":{"@type":"EntryPoint","urlTemplate":"http:\/\/www.pharmacy4pets.nl\/?s={search_term_string}"},"query-input":{"@type":"PropertyValueSpecification","valueRequired":true,"valueName":"search_term_string"}}],"inLanguage":"nl-NL"},{"@type":"Organization","@id":"http:\/\/www.pharmacy4pets.nl\/#organization","name":"Pharmacy4pets","url":"http:\/\/www.pharmacy4pets.nl\/","logo":{"@type":"ImageObject","inLanguage":"nl-NL","@id":"http:\/\/www.pharmacy4pets.nl\/#\/schema\/logo\/image\/","url":"https:\/\/p4p-nl.bootmine.com\/wp-content\/uploads\/2026\/03\/logo-pharmacy4pets.png","contentUrl":"https:\/\/p4p-nl.bootmine.com\/wp-content\/uploads\/2026\/03\/logo-pharmacy4pets.png","width":1024,"height":135,"caption":"Pharmacy4pets"},"image":{"@id":"http:\/\/www.pharmacy4pets.nl\/#\/schema\/logo\/image\/"},"sameAs":["https:\/\/www.facebook.com\/people\/Pharmacy4petsnl\/100063484989896\/","https:\/\/www.youtube.com\/channel\/UCGPTIgucgli03tP2_kvLkHg\/featured","https:\/\/www.instagram.com\/pharmacy4pets.nl"]}]}},"market_data":{"nl":{"price":0,"sale_price":0,"active":false,"url":null,"parent_url":"","tax_rate":0,"price_inc_tax":0,"sale_price_inc_tax":0},"de":{"price":0,"sale_price":0,"active":false,"url":null,"parent_url":"","tax_rate":0,"price_inc_tax":0,"sale_price_inc_tax":0},"be":{"price":0,"sale_price":0,"active":false,"url":null,"parent_url":"","tax_rate":0,"price_inc_tax":0,"sale_price_inc_tax":0},"fr":{"price":0,"sale_price":0,"active":false,"url":null,"parent_url":"","tax_rate":0,"price_inc_tax":0,"sale_price_inc_tax":0},"ch":{"price":0,"sale_price":0,"active":false,"url":null,"parent_url":"","tax_rate":0,"price_inc_tax":0,"sale_price_inc_tax":0},"at":{"price":0,"sale_price":0,"active":false,"url":null,"parent_url":"","tax_rate":0,"price_inc_tax":0,"sale_price_inc_tax":0},"es":{"price":0,"sale_price":0,"active":false,"url":null,"parent_url":"","tax_rate":0,"price_inc_tax":0,"sale_price_inc_tax":0},"dk":{"price":0,"sale_price":0,"active":false,"url":null,"parent_url":"","tax_rate":0,"price_inc_tax":0,"sale_price_inc_tax":0},"com":{"price":0,"sale_price":0,"active":false,"url":null,"parent_url":"","tax_rate":0,"price_inc_tax":0,"sale_price_inc_tax":0}},"market_nl_price":0,"market_nl_sale_price":0,"market_nl_active":false,"market_nl_url":null,"market_nl_parent_url":"","market_nl_tax_rate":0,"market_nl_price_inc_tax":0,"market_nl_sale_price_inc_tax":0,"market_de_price":0,"market_de_sale_price":0,"market_de_active":false,"market_de_url":null,"market_de_parent_url":"","market_de_tax_rate":0,"market_de_price_inc_tax":0,"market_de_sale_price_inc_tax":0,"market_be_price":0,"market_be_sale_price":0,"market_be_active":false,"market_be_url":null,"market_be_parent_url":"","market_be_tax_rate":0,"market_be_price_inc_tax":0,"market_be_sale_price_inc_tax":0,"market_fr_price":0,"market_fr_sale_price":0,"market_fr_active":false,"market_fr_url":null,"market_fr_parent_url":"","market_fr_tax_rate":0,"market_fr_price_inc_tax":0,"market_fr_sale_price_inc_tax":0,"market_ch_price":0,"market_ch_sale_price":0,"market_ch_active":false,"market_ch_url":null,"market_ch_parent_url":"","market_ch_tax_rate":0,"market_ch_price_inc_tax":0,"market_ch_sale_price_inc_tax":0,"market_at_price":0,"market_at_sale_price":0,"market_at_active":false,"market_at_url":null,"market_at_parent_url":"","market_at_tax_rate":0,"market_at_price_inc_tax":0,"market_at_sale_price_inc_tax":0,"market_es_price":0,"market_es_sale_price":0,"market_es_active":false,"market_es_url":null,"market_es_parent_url":"","market_es_tax_rate":0,"market_es_price_inc_tax":0,"market_es_sale_price_inc_tax":0,"market_dk_price":0,"market_dk_sale_price":0,"market_dk_active":false,"market_dk_url":null,"market_dk_parent_url":"","market_dk_tax_rate":0,"market_dk_price_inc_tax":0,"market_dk_sale_price_inc_tax":0,"market_com_price":0,"market_com_sale_price":0,"market_com_active":false,"market_com_url":null,"market_com_parent_url":"","market_com_tax_rate":0,"market_com_price_inc_tax":0,"market_com_sale_price_inc_tax":0,"acf":[],"_links":{"self":[{"href":"https:\/\/www.pharmacy4pets.nl\/be\/wp-json\/wp\/v2\/product\/119250","targetHints":{"allow":["GET"]}}],"collection":[{"href":"https:\/\/www.pharmacy4pets.nl\/be\/wp-json\/wp\/v2\/product"}],"about":[{"href":"https:\/\/www.pharmacy4pets.nl\/be\/wp-json\/wp\/v2\/types\/product"}],"replies":[{"embeddable":true,"href":"https:\/\/www.pharmacy4pets.nl\/be\/wp-json\/wp\/v2\/comments?post=119250"}],"wp:featuredmedia":[{"embeddable":true,"href":"https:\/\/www.pharmacy4pets.nl\/be\/wp-json\/wp\/v2\/media\/119247"}],"wp:attachment":[{"href":"https:\/\/www.pharmacy4pets.nl\/be\/wp-json\/wp\/v2\/media?parent=119250"}],"wp:term":[{"taxonomy":"product_brand","embeddable":true,"href":"https:\/\/www.pharmacy4pets.nl\/be\/wp-json\/wp\/v2\/product_brand?post=119250"},{"taxonomy":"product_cat","embeddable":true,"href":"https:\/\/www.pharmacy4pets.nl\/be\/wp-json\/wp\/v2\/product_cat?post=119250"},{"taxonomy":"product_tag","embeddable":true,"href":"https:\/\/www.pharmacy4pets.nl\/be\/wp-json\/wp\/v2\/product_tag?post=119250"}],"curies":[{"name":"wp","href":"https:\/\/api.w.org\/{rel}","templated":true}]}}