{"id":119237,"date":"2019-08-16T12:53:28","date_gmt":"2019-08-16T12:53:28","guid":{"rendered":"https:\/\/p4p.test\/sanimed-senior-hond-12-5-kg"},"modified":"2026-04-14T08:03:47","modified_gmt":"2026-04-14T08:03:47","slug":"sanimed-senior-hond-12-5-kg","status":"publish","type":"product","link":"https:\/\/www.pharmacy4pets.nl\/be\/sanimed-senior-hond-12-5-kg","title":{"rendered":"Sanimed Senior hond | 12,5 kg"},"content":{"rendered":"<p>Sanimed Senior voor de hond is een hondenvoer voor senior honden van alle rassen.<\/p>\n<p>Sanimed Senior:<\/p>\n<ul>\n<li>bevat een verhoogd gehalte aan vitamine E om de mentale conditie van oudere honden te helpen ondersteunen<\/li>\n<li>helpt lever en nieren te ontlasten dankzij een lager eiwit- en fosforgehalte<\/li>\n<li>extra omega-3 vetzuren dragen bij aan een ondersteuning van gewrichten en nieren<\/li>\n<\/ul>\n<p>Afhankelijk van de grootte van het ras is Sanimed Senior geschikt voor de leeftijd:<\/p>\n<ul style=\"list-style-type: circle;\">\n<li>Kleine rassen: vanaf 8 jaar<\/li>\n<li>Middelgrote rassen: vanaf 7 jaar<\/li>\n<li>Grote rassen: vanaf 6 jaar<\/li>\n<\/ul>\n","protected":false},"excerpt":{"rendered":"<p>Sanimed Senior voor de hond is een hondenvoer voor senior honden van alle rassen. Sanimed Senior: bevat een verhoogd gehalte aan vitamine E om de mentale conditie van oudere honden te helpen ondersteunen helpt lever en nieren te ontlasten dankzij een lager eiwit- en fosforgehalte extra omega-3 vetzuren dragen bij aan een ondersteuning van gewrichten [&hellip;]<\/p>\n","protected":false},"featured_media":119234,"comment_status":"open","ping_status":"closed","template":"","meta":{"_acf_changed":false,"_nl_post_content":"<p>Sanimed Senior voor de hond is een hondenvoer voor senior honden van alle rassen.<\/p>\n<p>Sanimed Senior:<\/p>\n<ul>\n<li>bevat een verhoogd gehalte aan vitamine E om de mentale conditie van oudere honden te helpen ondersteunen<\/li>\n<li>helpt lever en nieren te ontlasten dankzij een lager eiwit- en fosforgehalte<\/li>\n<li>extra omega-3 vetzuren dragen bij aan een ondersteuning van gewrichten en nieren<\/li>\n<\/ul>\n<p>Afhankelijk van de grootte van het ras is Sanimed Senior geschikt voor de leeftijd:<\/p>\n<ul style=\"list-style-type: circle;\">\n<li>Kleine rassen: vanaf 8 jaar<\/li>\n<li>Middelgrote rassen: vanaf 7 jaar<\/li>\n<li>Grote rassen: vanaf 6 jaar<\/li>\n<\/ul>","_nl_post_name":"sanimed-senior-hond-12-5-kg","_nl_post_excerpt":"","_nl_post_title":"Sanimed Senior hond | 12,5 kg","_en_post_content":"<p>Sanimed Senior is a dog food dietary food for senior dogs of all breeds.<\/p>\n<p>Sanimed Senior:<\/p>\n<ul>\n<li>contains an increased vitamin E content to help support the mental condition of older dogs<\/li>\n<li>helps relieve liver and kidneys thanks to a lower protein and phosphorus content<\/li>\n<li>extra omega-3 fatty acids contribute to joint and kidney support<\/li>\n<\/ul>\n<p>Depending on the size of the breed, Sanimed Senior is age-appropriate:<\/p>\n<ul style=\"list-style-type: circle;\">\n<li>Small breeds: from 8 years<\/li>\n<li>Medium-sized breeds: from 7 years<\/li>\n<li>Large breeds: from 6 years<\/li>\n<\/ul>","_en_post_name":"sanimed-senior-dog-12-5-kg","_en_post_excerpt":"","_en_post_title":"Sanimed Senior dog | 12,5 kg ","_de_post_content":"<p>Sanimed Senior ist ein Hundefutter f\u00fcr \u00e4ltere Hunde aller Rassen.<\/p>\n<p>Sanimed Senior:<\/p>\n<ul>\n<li>enth\u00e4lt einen erh\u00f6hten Vitamin-E-Gehalt, um den psychischen Zustand \u00e4lterer Hunde zu unterst\u00fctzen<\/li>\n<li>entlastet Leber und Nieren durch einen geringeren Eiwei\u00df- und Phosphorgehalt<\/li>\n<li>zus\u00e4tzliche Omega-3-Fetts\u00e4uren tragen bei zur Unterst\u00fctzung von Gelenken und Nieren<\/li>\n<\/ul>\n<p>Je nach Gr\u00f6\u00dfe der Rasse ist Sanimed Senior altersgerecht:<\/p>\n<ul style=\"list-style-type: circle;\">\n<li>Kleine Rassen: ab 8 Jahren<\/li>\n<li>Mittelgro\u00dfe Rassen: ab 7 Jahren<\/li>\n<li>Gro\u00dfe Rassen: ab 6 Jahren<\/li>\n<\/ul>","_de_post_name":"sanimed-senior-hund-12-5-kg","_de_post_excerpt":"","_de_post_title":"Sanimed Senior Hund | 12,5 kg ","_fr_post_content":"<p>Sanimed Senior <span class=\"HwtZe\" lang=\"fr\"><span class=\"jCAhz ChMk0b\"><span class=\"ryNqvb\">est une nourriture pour chiens pour les races de tous \u00e2ges.<\/span><\/span><\/span><\/p>\n<p>Sanimed Senior :<\/p>\n<ul>\n<li>contient des niveaux accrus de vitamine E pour aider \u00e0 soutenir la condition mentale des chiens \u00e2g\u00e9s.<\/li>\n<li>aide \u00e0 soulager le foie et les reins gr\u00e2ce \u00e0 une teneur plus faible en prot\u00e9ines et en phosphore<\/li>\n<li>des acides gras om\u00e9ga-3 suppl\u00e9mentaires aident \u00e0 soutenir les articulations et les reins<\/li>\n<\/ul>\n<p>Selon la taille de la race, Sanimed Senior est adapt\u00e9 \u00e0 l'\u00e2ge :<\/p>\n<ul style=\"list-style-type: circle;\">\n<li>Petites races : \u00e0 partir de 8 ans<\/li>\n<li>Races moyennes : \u00e0 partir de 7 ans<\/li>\n<li>Grandes races : \u00e0 partir de 6 ans<\/li>\n<\/ul>","_fr_post_name":"sanimed-senior-chien-12-5-kg","_fr_post_excerpt":"","_fr_post_title":"Sanimed Senior chien | 12,5 kg","_es_post_content":"<p>Sanimed Senior voor de hond is een hondenvoer voor senior honden van alle rassen.<\/p>\n<p>Sanimed Senior:<\/p>\n<ul>\n<li>bevat een verhoogd gehalte aan vitamine E om de mentale conditie van oudere honden te helpen ondersteunen<\/li>\n<li>helpt lever en nieren te ontlasten dankzij een lager eiwit- en fosforgehalte<\/li>\n<li>extra omega-3 vetzuren dragen bij aan een ondersteuning van gewrichten en nieren<\/li>\n<\/ul>\n<p>Afhankelijk van de grootte van het ras is Sanimed Senior geschikt voor de leeftijd:<\/p>\n<ul style=\"list-style-type: circle;\">\n<li>Kleine rassen: vanaf 8 jaar<\/li>\n<li>Middelgrote rassen: vanaf 7 jaar<\/li>\n<li>Grote rassen: vanaf 6 jaar<\/li>\n<\/ul>","_es_post_name":"sanimed-senior-hond-12-5-kg","_es_post_excerpt":"","_es_post_title":"Sanimed Senior hond | 12,5 kg ","edit_language":"nl"},"product_brand":[],"product_cat":[1117,1856,1857,2169,1951],"product_tag":[],"class_list":{"0":"post-119237","1":"product","2":"type-product","3":"status-publish","4":"has-post-thumbnail","6":"product_cat-honden","7":"product_cat-hondenvoer","8":"product_cat-merken","9":"product_cat-onderhoudsvoer","10":"product_cat-sanimed","11":"pa_aandoening-overig","12":"pa_doeldier-hond","13":"pa_fabricatieland-nederland","14":"pa_levensfase-senior","15":"pa_merkfilter-sanimed","16":"pa_merkgroep-vobra","17":"pa_product_conditions-sanimed_popup","18":"pa_productsoort-voeding","19":"pa_seo_canonical_store_id-not_found_value","20":"pa_seo_category-not_found_value","21":"pa_seo_meta_robots-not_found_value","22":"pa_toedieningswijze-droogvoer","23":"pa_unit_pricing_base_measure-1kg","24":"pa_unit_pricing_measure-12_5kg","25":"pa_werkzamestof-overig","27":"first","28":"instock","29":"taxable","30":"shipping-taxable","31":"purchasable","32":"product-type-simple"},"yoast_head":"<!-- This site is optimized with the Yoast SEO plugin v27.5 - https:\/\/yoast.com\/product\/yoast-seo-wordpress\/ -->\n<title>Sanimed Senior hond | 12,5 kg - Pharmacy4pets<\/title>\n<meta name=\"robots\" content=\"index, follow, max-snippet:-1, max-image-preview:large, max-video-preview:-1\" \/>\n<link rel=\"canonical\" href=\"https:\/\/p4p-nl.bootmine.com\/%product-slug%\/sanimed-senior-hond-12-5-kg\" \/>\n<meta property=\"og:locale\" content=\"nl_NL\" \/>\n<meta property=\"og:type\" content=\"article\" \/>\n<meta property=\"og:title\" content=\"Sanimed Senior hond | 12,5 kg - Pharmacy4pets\" \/>\n<meta property=\"og:description\" content=\"Sanimed Senior voor de hond is een hondenvoer voor senior honden van alle rassen. Sanimed Senior: bevat een verhoogd gehalte aan vitamine E om de mentale conditie van oudere honden te helpen ondersteunen helpt lever en nieren te ontlasten dankzij een lager eiwit- en fosforgehalte extra omega-3 vetzuren dragen bij aan een ondersteuning van gewrichten [&hellip;]\" \/>\n<meta property=\"og:url\" content=\"https:\/\/p4p-nl.bootmine.com\/%product-slug%\/sanimed-senior-hond-12-5-kg\" \/>\n<meta property=\"og:site_name\" content=\"Pharmacy4pets\" \/>\n<meta property=\"article:publisher\" content=\"https:\/\/www.facebook.com\/people\/Pharmacy4petsnl\/100063484989896\/\" \/>\n<meta property=\"article:modified_time\" content=\"2026-04-14T08:03:47+00:00\" \/>\n<meta property=\"og:image\" content=\"https:\/\/p4p-nl.bootmine.com\/wp-content\/uploads\/2019\/08\/19212_2.jpg\" \/>\n\t<meta property=\"og:image:width\" content=\"520\" \/>\n\t<meta property=\"og:image:height\" content=\"827\" \/>\n\t<meta property=\"og:image:type\" content=\"image\/jpeg\" \/>\n<meta name=\"twitter:card\" content=\"summary_large_image\" \/>\n<script type=\"application\/ld+json\" class=\"yoast-schema-graph\">{\"@context\":\"https:\\\/\\\/schema.org\",\"@graph\":[{\"@type\":\"WebPage\",\"@id\":\"https:\\\/\\\/p4p-nl.bootmine.com\\\/%product-slug%\\\/sanimed-senior-hond-12-5-kg\",\"url\":\"https:\\\/\\\/p4p-nl.bootmine.com\\\/%product-slug%\\\/sanimed-senior-hond-12-5-kg\",\"name\":\"Sanimed Senior hond | 12,5 kg - Pharmacy4pets\",\"isPartOf\":{\"@id\":\"http:\\\/\\\/www.pharmacy4pets.nl\\\/#website\"},\"primaryImageOfPage\":{\"@id\":\"https:\\\/\\\/p4p-nl.bootmine.com\\\/%product-slug%\\\/sanimed-senior-hond-12-5-kg#primaryimage\"},\"image\":{\"@id\":\"https:\\\/\\\/p4p-nl.bootmine.com\\\/%product-slug%\\\/sanimed-senior-hond-12-5-kg#primaryimage\"},\"thumbnailUrl\":\"https:\\\/\\\/www.pharmacy4pets.nl\\\/wp-content\\\/uploads\\\/2019\\\/08\\\/19212_2.jpg\",\"datePublished\":\"2019-08-16T12:53:28+00:00\",\"dateModified\":\"2026-04-14T08:03:47+00:00\",\"breadcrumb\":{\"@id\":\"https:\\\/\\\/p4p-nl.bootmine.com\\\/%product-slug%\\\/sanimed-senior-hond-12-5-kg#breadcrumb\"},\"inLanguage\":\"nl-NL\",\"potentialAction\":[{\"@type\":\"ReadAction\",\"target\":[\"https:\\\/\\\/p4p-nl.bootmine.com\\\/%product-slug%\\\/sanimed-senior-hond-12-5-kg\"]}]},{\"@type\":\"ImageObject\",\"inLanguage\":\"nl-NL\",\"@id\":\"https:\\\/\\\/p4p-nl.bootmine.com\\\/%product-slug%\\\/sanimed-senior-hond-12-5-kg#primaryimage\",\"url\":\"https:\\\/\\\/www.pharmacy4pets.nl\\\/wp-content\\\/uploads\\\/2019\\\/08\\\/19212_2.jpg\",\"contentUrl\":\"https:\\\/\\\/www.pharmacy4pets.nl\\\/wp-content\\\/uploads\\\/2019\\\/08\\\/19212_2.jpg\",\"width\":520,\"height\":827,\"caption\":\"Sanimed\"},{\"@type\":\"BreadcrumbList\",\"@id\":\"https:\\\/\\\/p4p-nl.bootmine.com\\\/%product-slug%\\\/sanimed-senior-hond-12-5-kg#breadcrumb\",\"itemListElement\":[{\"@type\":\"ListItem\",\"position\":1,\"name\":\"Home\",\"item\":\"https:\\\/\\\/p4p-nl.bootmine.com\\\/\"},{\"@type\":\"ListItem\",\"position\":2,\"name\":\"Winkel\",\"item\":\"https:\\\/\\\/p4p-nl.bootmine.com\\\/winkel\"},{\"@type\":\"ListItem\",\"position\":3,\"name\":\"Sanimed Senior hond | 12,5 kg\"}]},{\"@type\":\"WebSite\",\"@id\":\"http:\\\/\\\/www.pharmacy4pets.nl\\\/#website\",\"url\":\"http:\\\/\\\/www.pharmacy4pets.nl\\\/\",\"name\":\"Pharmacy4pets\",\"description\":\"Pharmacy4pets.nl is d\u00e9 online apotheek waar u terecht kunt voor alle diergeneesmiddelen, verzorgingsproducten en dieetvoeding voor uw huisdier.\",\"publisher\":{\"@id\":\"http:\\\/\\\/www.pharmacy4pets.nl\\\/#organization\"},\"potentialAction\":[{\"@type\":\"SearchAction\",\"target\":{\"@type\":\"EntryPoint\",\"urlTemplate\":\"http:\\\/\\\/www.pharmacy4pets.nl\\\/?s={search_term_string}\"},\"query-input\":{\"@type\":\"PropertyValueSpecification\",\"valueRequired\":true,\"valueName\":\"search_term_string\"}}],\"inLanguage\":\"nl-NL\"},{\"@type\":\"Organization\",\"@id\":\"http:\\\/\\\/www.pharmacy4pets.nl\\\/#organization\",\"name\":\"Pharmacy4pets\",\"url\":\"http:\\\/\\\/www.pharmacy4pets.nl\\\/\",\"logo\":{\"@type\":\"ImageObject\",\"inLanguage\":\"nl-NL\",\"@id\":\"http:\\\/\\\/www.pharmacy4pets.nl\\\/#\\\/schema\\\/logo\\\/image\\\/\",\"url\":\"https:\\\/\\\/p4p-nl.bootmine.com\\\/wp-content\\\/uploads\\\/2026\\\/03\\\/logo-pharmacy4pets.png\",\"contentUrl\":\"https:\\\/\\\/p4p-nl.bootmine.com\\\/wp-content\\\/uploads\\\/2026\\\/03\\\/logo-pharmacy4pets.png\",\"width\":1024,\"height\":135,\"caption\":\"Pharmacy4pets\"},\"image\":{\"@id\":\"http:\\\/\\\/www.pharmacy4pets.nl\\\/#\\\/schema\\\/logo\\\/image\\\/\"},\"sameAs\":[\"https:\\\/\\\/www.facebook.com\\\/people\\\/Pharmacy4petsnl\\\/100063484989896\\\/\",\"https:\\\/\\\/www.youtube.com\\\/channel\\\/UCGPTIgucgli03tP2_kvLkHg\\\/featured\",\"https:\\\/\\\/www.instagram.com\\\/pharmacy4pets.nl\"]}]}<\/script>\n<!-- \/ Yoast SEO plugin. -->","yoast_head_json":{"title":"Sanimed Senior hond | 12,5 kg - Pharmacy4pets","robots":{"index":"index","follow":"follow","max-snippet":"max-snippet:-1","max-image-preview":"max-image-preview:large","max-video-preview":"max-video-preview:-1"},"canonical":"https:\/\/p4p-nl.bootmine.com\/%product-slug%\/sanimed-senior-hond-12-5-kg","og_locale":"nl_NL","og_type":"article","og_title":"Sanimed Senior hond | 12,5 kg - Pharmacy4pets","og_description":"Sanimed Senior voor de hond is een hondenvoer voor senior honden van alle rassen. Sanimed Senior: bevat een verhoogd gehalte aan vitamine E om de mentale conditie van oudere honden te helpen ondersteunen helpt lever en nieren te ontlasten dankzij een lager eiwit- en fosforgehalte extra omega-3 vetzuren dragen bij aan een ondersteuning van gewrichten [&hellip;]","og_url":"https:\/\/p4p-nl.bootmine.com\/%product-slug%\/sanimed-senior-hond-12-5-kg","og_site_name":"Pharmacy4pets","article_publisher":"https:\/\/www.facebook.com\/people\/Pharmacy4petsnl\/100063484989896\/","article_modified_time":"2026-04-14T08:03:47+00:00","og_image":[{"width":520,"height":827,"url":"https:\/\/p4p-nl.bootmine.com\/wp-content\/uploads\/2019\/08\/19212_2.jpg","type":"image\/jpeg"}],"twitter_card":"summary_large_image","schema":{"@context":"https:\/\/schema.org","@graph":[{"@type":"WebPage","@id":"https:\/\/p4p-nl.bootmine.com\/%product-slug%\/sanimed-senior-hond-12-5-kg","url":"https:\/\/p4p-nl.bootmine.com\/%product-slug%\/sanimed-senior-hond-12-5-kg","name":"Sanimed Senior hond | 12,5 kg - Pharmacy4pets","isPartOf":{"@id":"http:\/\/www.pharmacy4pets.nl\/#website"},"primaryImageOfPage":{"@id":"https:\/\/p4p-nl.bootmine.com\/%product-slug%\/sanimed-senior-hond-12-5-kg#primaryimage"},"image":{"@id":"https:\/\/p4p-nl.bootmine.com\/%product-slug%\/sanimed-senior-hond-12-5-kg#primaryimage"},"thumbnailUrl":"https:\/\/www.pharmacy4pets.nl\/wp-content\/uploads\/2019\/08\/19212_2.jpg","datePublished":"2019-08-16T12:53:28+00:00","dateModified":"2026-04-14T08:03:47+00:00","breadcrumb":{"@id":"https:\/\/p4p-nl.bootmine.com\/%product-slug%\/sanimed-senior-hond-12-5-kg#breadcrumb"},"inLanguage":"nl-NL","potentialAction":[{"@type":"ReadAction","target":["https:\/\/p4p-nl.bootmine.com\/%product-slug%\/sanimed-senior-hond-12-5-kg"]}]},{"@type":"ImageObject","inLanguage":"nl-NL","@id":"https:\/\/p4p-nl.bootmine.com\/%product-slug%\/sanimed-senior-hond-12-5-kg#primaryimage","url":"https:\/\/www.pharmacy4pets.nl\/wp-content\/uploads\/2019\/08\/19212_2.jpg","contentUrl":"https:\/\/www.pharmacy4pets.nl\/wp-content\/uploads\/2019\/08\/19212_2.jpg","width":520,"height":827,"caption":"Sanimed"},{"@type":"BreadcrumbList","@id":"https:\/\/p4p-nl.bootmine.com\/%product-slug%\/sanimed-senior-hond-12-5-kg#breadcrumb","itemListElement":[{"@type":"ListItem","position":1,"name":"Home","item":"https:\/\/p4p-nl.bootmine.com\/"},{"@type":"ListItem","position":2,"name":"Winkel","item":"https:\/\/p4p-nl.bootmine.com\/winkel"},{"@type":"ListItem","position":3,"name":"Sanimed Senior hond | 12,5 kg"}]},{"@type":"WebSite","@id":"http:\/\/www.pharmacy4pets.nl\/#website","url":"http:\/\/www.pharmacy4pets.nl\/","name":"Pharmacy4pets","description":"Pharmacy4pets.nl is d\u00e9 online apotheek waar u terecht kunt voor alle diergeneesmiddelen, verzorgingsproducten en dieetvoeding voor uw huisdier.","publisher":{"@id":"http:\/\/www.pharmacy4pets.nl\/#organization"},"potentialAction":[{"@type":"SearchAction","target":{"@type":"EntryPoint","urlTemplate":"http:\/\/www.pharmacy4pets.nl\/?s={search_term_string}"},"query-input":{"@type":"PropertyValueSpecification","valueRequired":true,"valueName":"search_term_string"}}],"inLanguage":"nl-NL"},{"@type":"Organization","@id":"http:\/\/www.pharmacy4pets.nl\/#organization","name":"Pharmacy4pets","url":"http:\/\/www.pharmacy4pets.nl\/","logo":{"@type":"ImageObject","inLanguage":"nl-NL","@id":"http:\/\/www.pharmacy4pets.nl\/#\/schema\/logo\/image\/","url":"https:\/\/p4p-nl.bootmine.com\/wp-content\/uploads\/2026\/03\/logo-pharmacy4pets.png","contentUrl":"https:\/\/p4p-nl.bootmine.com\/wp-content\/uploads\/2026\/03\/logo-pharmacy4pets.png","width":1024,"height":135,"caption":"Pharmacy4pets"},"image":{"@id":"http:\/\/www.pharmacy4pets.nl\/#\/schema\/logo\/image\/"},"sameAs":["https:\/\/www.facebook.com\/people\/Pharmacy4petsnl\/100063484989896\/","https:\/\/www.youtube.com\/channel\/UCGPTIgucgli03tP2_kvLkHg\/featured","https:\/\/www.instagram.com\/pharmacy4pets.nl"]}]}},"market_data":{"nl":{"price":0,"sale_price":0,"active":false,"url":null,"parent_url":"","tax_rate":0,"price_inc_tax":0,"sale_price_inc_tax":0},"de":{"price":0,"sale_price":0,"active":false,"url":null,"parent_url":"","tax_rate":0,"price_inc_tax":0,"sale_price_inc_tax":0},"be":{"price":0,"sale_price":0,"active":false,"url":null,"parent_url":"","tax_rate":0,"price_inc_tax":0,"sale_price_inc_tax":0},"fr":{"price":0,"sale_price":0,"active":false,"url":null,"parent_url":"","tax_rate":0,"price_inc_tax":0,"sale_price_inc_tax":0},"ch":{"price":0,"sale_price":0,"active":false,"url":null,"parent_url":"","tax_rate":0,"price_inc_tax":0,"sale_price_inc_tax":0},"at":{"price":0,"sale_price":0,"active":false,"url":null,"parent_url":"","tax_rate":0,"price_inc_tax":0,"sale_price_inc_tax":0},"es":{"price":0,"sale_price":0,"active":false,"url":null,"parent_url":"","tax_rate":0,"price_inc_tax":0,"sale_price_inc_tax":0},"dk":{"price":0,"sale_price":0,"active":false,"url":null,"parent_url":"","tax_rate":0,"price_inc_tax":0,"sale_price_inc_tax":0},"com":{"price":0,"sale_price":0,"active":false,"url":null,"parent_url":"","tax_rate":0,"price_inc_tax":0,"sale_price_inc_tax":0}},"market_nl_price":0,"market_nl_sale_price":0,"market_nl_active":false,"market_nl_url":null,"market_nl_parent_url":"","market_nl_tax_rate":0,"market_nl_price_inc_tax":0,"market_nl_sale_price_inc_tax":0,"market_de_price":0,"market_de_sale_price":0,"market_de_active":false,"market_de_url":null,"market_de_parent_url":"","market_de_tax_rate":0,"market_de_price_inc_tax":0,"market_de_sale_price_inc_tax":0,"market_be_price":0,"market_be_sale_price":0,"market_be_active":false,"market_be_url":null,"market_be_parent_url":"","market_be_tax_rate":0,"market_be_price_inc_tax":0,"market_be_sale_price_inc_tax":0,"market_fr_price":0,"market_fr_sale_price":0,"market_fr_active":false,"market_fr_url":null,"market_fr_parent_url":"","market_fr_tax_rate":0,"market_fr_price_inc_tax":0,"market_fr_sale_price_inc_tax":0,"market_ch_price":0,"market_ch_sale_price":0,"market_ch_active":false,"market_ch_url":null,"market_ch_parent_url":"","market_ch_tax_rate":0,"market_ch_price_inc_tax":0,"market_ch_sale_price_inc_tax":0,"market_at_price":0,"market_at_sale_price":0,"market_at_active":false,"market_at_url":null,"market_at_parent_url":"","market_at_tax_rate":0,"market_at_price_inc_tax":0,"market_at_sale_price_inc_tax":0,"market_es_price":0,"market_es_sale_price":0,"market_es_active":false,"market_es_url":null,"market_es_parent_url":"","market_es_tax_rate":0,"market_es_price_inc_tax":0,"market_es_sale_price_inc_tax":0,"market_dk_price":0,"market_dk_sale_price":0,"market_dk_active":false,"market_dk_url":null,"market_dk_parent_url":"","market_dk_tax_rate":0,"market_dk_price_inc_tax":0,"market_dk_sale_price_inc_tax":0,"market_com_price":0,"market_com_sale_price":0,"market_com_active":false,"market_com_url":null,"market_com_parent_url":"","market_com_tax_rate":0,"market_com_price_inc_tax":0,"market_com_sale_price_inc_tax":0,"acf":[],"_links":{"self":[{"href":"https:\/\/www.pharmacy4pets.nl\/be\/wp-json\/wp\/v2\/product\/119237","targetHints":{"allow":["GET"]}}],"collection":[{"href":"https:\/\/www.pharmacy4pets.nl\/be\/wp-json\/wp\/v2\/product"}],"about":[{"href":"https:\/\/www.pharmacy4pets.nl\/be\/wp-json\/wp\/v2\/types\/product"}],"replies":[{"embeddable":true,"href":"https:\/\/www.pharmacy4pets.nl\/be\/wp-json\/wp\/v2\/comments?post=119237"}],"wp:featuredmedia":[{"embeddable":true,"href":"https:\/\/www.pharmacy4pets.nl\/be\/wp-json\/wp\/v2\/media\/119234"}],"wp:attachment":[{"href":"https:\/\/www.pharmacy4pets.nl\/be\/wp-json\/wp\/v2\/media?parent=119237"}],"wp:term":[{"taxonomy":"product_brand","embeddable":true,"href":"https:\/\/www.pharmacy4pets.nl\/be\/wp-json\/wp\/v2\/product_brand?post=119237"},{"taxonomy":"product_cat","embeddable":true,"href":"https:\/\/www.pharmacy4pets.nl\/be\/wp-json\/wp\/v2\/product_cat?post=119237"},{"taxonomy":"product_tag","embeddable":true,"href":"https:\/\/www.pharmacy4pets.nl\/be\/wp-json\/wp\/v2\/product_tag?post=119237"}],"curies":[{"name":"wp","href":"https:\/\/api.w.org\/{rel}","templated":true}]}}