{"id":119213,"date":"2019-08-16T11:00:06","date_gmt":"2019-08-16T11:00:06","guid":{"rendered":"https:\/\/p4p.test\/sanimed-junior-hond-12-5-kg"},"modified":"2026-04-14T08:03:45","modified_gmt":"2026-04-14T08:03:45","slug":"sanimed-junior-hond-12-5-kg","status":"publish","type":"product","link":"https:\/\/www.pharmacy4pets.nl\/be\/sanimed-junior-hond-12-5-kg","title":{"rendered":"Sanimed Junior hond | 12,5 kg"},"content":{"rendered":"<p>Sanimed Junior voor de hond is een hondenvoer voor opgroeiende honden van alle rassen.<\/p>\n<p>Sanimed Junior:<\/p>\n<ul>\n<li>bevat een optimaal calciumgehalte ter verkleining van het risico op aandoeningen aan het bewegingsapparaat<\/li>\n<li>is rijk aan meervoudig onverzadigde vetzuren van de omega-3 familie, wat de huid- en vachtconditie ondersteunt, ontstekingsremmend werkt en bijdraagt aan het behouden van de mobiliteit<\/li>\n<li>levert een positieve bijdrage aan het leervermogen van uw jonge hond.<\/li>\n<\/ul>\n<p>Afhankelijk van de grootte van het ras is Sanimed Junior geschikt voor de leeftijd:<\/p>\n<ul style=\"list-style-type: circle;\">\n<li>Kleine rassen: 5 t\/m 8 maanden<\/li>\n<li>Middelgrote rassen: 6 t\/m 10 maanden<\/li>\n<li>Grote rassen: 7 t\/m 15 maanden<\/li>\n<\/ul>\n","protected":false},"excerpt":{"rendered":"<p>Sanimed Junior voor de hond is een hondenvoer voor opgroeiende honden van alle rassen. Sanimed Junior: bevat een optimaal calciumgehalte ter verkleining van het risico op aandoeningen aan het bewegingsapparaat is rijk aan meervoudig onverzadigde vetzuren van de omega-3 familie, wat de huid- en vachtconditie ondersteunt, ontstekingsremmend werkt en bijdraagt aan het behouden van de [&hellip;]<\/p>\n","protected":false},"featured_media":119210,"comment_status":"open","ping_status":"closed","template":"","meta":{"_acf_changed":false,"_nl_post_content":"<p>Sanimed Junior voor de hond is een hondenvoer voor opgroeiende honden van alle rassen.<\/p>\n<p>Sanimed Junior:<\/p>\n<ul>\n<li>bevat een optimaal calciumgehalte ter verkleining van het risico op aandoeningen aan het bewegingsapparaat<\/li>\n<li>is rijk aan meervoudig onverzadigde vetzuren van de omega-3 familie, wat de huid- en vachtconditie ondersteunt, ontstekingsremmend werkt en bijdraagt aan het behouden van de mobiliteit<\/li>\n<li>levert een positieve bijdrage aan het leervermogen van uw jonge hond.<\/li>\n<\/ul>\n<p>Afhankelijk van de grootte van het ras is Sanimed Junior geschikt voor de leeftijd:<\/p>\n<ul style=\"list-style-type: circle;\">\n<li>Kleine rassen: 5 t\/m 8 maanden<\/li>\n<li>Middelgrote rassen: 6 t\/m 10 maanden<\/li>\n<li>Grote rassen: 7 t\/m 15 maanden<\/li>\n<\/ul>","_nl_post_name":"sanimed-junior-hond-12-5-kg","_nl_post_excerpt":"","_nl_post_title":"Sanimed Junior hond | 12,5 kg","_en_post_content":"<p>Sanimed Junior is a dog food for growing dogs of all breeds.<\/p>\n<p>Sanimed Junior:<\/p>\n<ul>\n<li>contains an optimum calcium content to reduce the risk of musculoskeletal disorders<\/li>\n<li>is rich in polyunsaturated fatty acids of the omega-3 family, which supports the skin and coat condition, has an anti-inflammatory effect and contributes to maintaining mobility<\/li>\n<li>makes a positive contribution to the learning ability of your young dog.<\/li>\n<\/ul>\n<p>Depending on the size of the breed, Sanimed Junior is age-appropriate:<\/p>\n<ul style=\"list-style-type: circle;\">\n<li>Small breeds: 5 to 8 months<\/li>\n<li>Medium-sized breeds: 6 to 10 months<\/li>\n<li>Large breeds: 7 to 15 months<\/li>\n<\/ul>","_en_post_name":"sanimed-junior-dog-12-5-kg","_en_post_excerpt":"","_en_post_title":"Sanimed Junior dog | 12,5 kg","_de_post_content":"<p>Sanimed Junior ist ein Hundefutter f\u00fcr wachsende Hunde aller Rassen.<\/p>\n<p>Sanimed Junior:<\/p>\n<ul>\n<li>enth\u00e4lt einen optimalen Calciumgehalt, um das Risiko von Erkrankungen des Bewegungsapparates zu reduzieren<\/li>\n<li>ist reich an mehrfach unges\u00e4ttigten Fetts\u00e4uren der Omega-3-Familie, die den Zustand von Haut und Fell unterst\u00fctzt, entz\u00fcndungshemmend wirkt und zur Aufrechterhaltung der Mobilit\u00e4t beitr\u00e4gt<\/li>\n<li>tr\u00e4gt positiv bei zur Lernf\u00e4higkeit Ihres jungen Hundes<\/li>\n<\/ul>\n<p>Je nach Gr\u00f6\u00dfe der Rasse ist Sanimed Junior altersgerecht:<\/p>\n<ul style=\"list-style-type: circle;\">\n<li>Kleine Rassen: 5 bis 8 Monate<\/li>\n<li>Mittelgro\u00dfe Rassen: 6 bis 10 Monate<\/li>\n<li>Gro\u00dfe Rassen: 7 bis 15 Monate<\/li>\n<\/ul>","_de_post_name":"sanimed-junior-hund-12-5-kg","_de_post_excerpt":"","_de_post_title":"Sanimed Junior Hund | 12,5 kg","_fr_post_content":"<p>Sanimed Junior <span class=\"HwtZe\" lang=\"fr\"><span class=\"jCAhz ChMk0b\"><span class=\"ryNqvb\">est une nourriture <\/span><\/span><\/span>pour les chiens en croissance de toutes les races.<\/p>\n<p>Sanimed Junior :<\/p>\n<ul>\n<li>contient une teneur optimale en calcium pour r\u00e9duire le risque de troubles musculo-squelettiques<\/li>\n<li>est riche en acides gras polyinsatur\u00e9s de la famille des om\u00e9ga-3, qui favorisent l'\u00e9tat de la peau et du pelage, ont un effet anti-inflammatoire et contribuent au maintien de la mobilit\u00e9.<\/li>\n<li>contribue de mani\u00e8re positive \u00e0 la capacit\u00e9 d'apprentissage de votre jeune chien<\/li>\n<\/ul>\n<p>Selon la taille de la race, Sanimed Junior est adapt\u00e9 \u00e0 l'\u00e2ge de l'animal :<\/p>\n<ul style=\"list-style-type: circle;\">\n<li>Petites races : 5 \u00e0 8 mois<\/li>\n<li>Races moyennes : 6 \u00e0 10 mois<\/li>\n<li>Grandes races : 7 \u00e0 15 mois<\/li>\n<\/ul>","_fr_post_name":"sanimed-junior-chien-12-5-kg","_fr_post_excerpt":"","_fr_post_title":"Sanimed Junior chien | 12,5 kg","_es_post_content":"<p>Sanimed Junior voor de hond is een hondenvoer voor opgroeiende honden van alle rassen.<\/p>\n<p>Sanimed Junior:<\/p>\n<ul>\n<li>bevat een optimaal calciumgehalte ter verkleining van het risico op aandoeningen aan het bewegingsapparaat<\/li>\n<li>is rijk aan meervoudig onverzadigde vetzuren van de omega-3 familie, wat de huid- en vachtconditie ondersteunt, ontstekingsremmend werkt en bijdraagt aan het behouden van de mobiliteit<\/li>\n<li>levert een positieve bijdrage aan het leervermogen van uw jonge hond.<\/li>\n<\/ul>\n<p>Afhankelijk van de grootte van het ras is Sanimed Junior geschikt voor de leeftijd:<\/p>\n<ul style=\"list-style-type: circle;\">\n<li>Kleine rassen: 5 t\/m 8 maanden<\/li>\n<li>Middelgrote rassen: 6 t\/m 10 maanden<\/li>\n<li>Grote rassen: 7 t\/m 15 maanden<\/li>\n<\/ul>","_es_post_name":"sanimed-junior-hond-12-5-kg","_es_post_excerpt":"","_es_post_title":"Sanimed Junior hond | 12,5 kg","edit_language":"nl"},"product_brand":[],"product_cat":[1117,1856,1857,2169,1951],"product_tag":[],"class_list":{"0":"post-119213","1":"product","2":"type-product","3":"status-publish","4":"has-post-thumbnail","6":"product_cat-honden","7":"product_cat-hondenvoer","8":"product_cat-merken","9":"product_cat-onderhoudsvoer","10":"product_cat-sanimed","11":"pa_aandoening-overig","12":"pa_doeldier-hond","13":"pa_fabricatieland-nederland","14":"pa_levensfase-junior","15":"pa_merkfilter-sanimed","16":"pa_merkgroep-vobra","17":"pa_product_conditions-sanimed_popup","18":"pa_productsoort-voeding","19":"pa_seo_canonical_store_id-not_found_value","20":"pa_seo_category-not_found_value","21":"pa_seo_meta_robots-not_found_value","22":"pa_toedieningswijze-droogvoer","23":"pa_unit_pricing_base_measure-1kg","24":"pa_unit_pricing_measure-12_5kg","25":"pa_werkzamestof-overig","27":"first","28":"instock","29":"taxable","30":"shipping-taxable","31":"purchasable","32":"product-type-simple"},"yoast_head":"<!-- This site is optimized with the Yoast SEO plugin v27.5 - https:\/\/yoast.com\/product\/yoast-seo-wordpress\/ -->\n<title>Sanimed Junior hond | 12,5 kg - Pharmacy4pets<\/title>\n<meta name=\"robots\" content=\"index, follow, max-snippet:-1, max-image-preview:large, max-video-preview:-1\" \/>\n<link rel=\"canonical\" href=\"https:\/\/www.pharmacy4pets.nl\/sanimed-junior-hond-12-5-kg\" \/>\n<meta property=\"og:locale\" content=\"nl_NL\" \/>\n<meta property=\"og:type\" content=\"article\" \/>\n<meta property=\"og:title\" content=\"Sanimed Junior hond | 12,5 kg - Pharmacy4pets\" \/>\n<meta property=\"og:description\" content=\"Sanimed Junior voor de hond is een hondenvoer voor opgroeiende honden van alle rassen. Sanimed Junior: bevat een optimaal calciumgehalte ter verkleining van het risico op aandoeningen aan het bewegingsapparaat is rijk aan meervoudig onverzadigde vetzuren van de omega-3 familie, wat de huid- en vachtconditie ondersteunt, ontstekingsremmend werkt en bijdraagt aan het behouden van de [&hellip;]\" \/>\n<meta property=\"og:url\" content=\"https:\/\/www.pharmacy4pets.nl\/sanimed-junior-hond-12-5-kg\" \/>\n<meta property=\"og:site_name\" content=\"Pharmacy4pets\" \/>\n<meta property=\"article:publisher\" content=\"https:\/\/www.facebook.com\/people\/Pharmacy4petsnl\/100063484989896\/\" \/>\n<meta property=\"article:modified_time\" content=\"2026-04-14T08:03:45+00:00\" \/>\n<meta property=\"og:image\" content=\"https:\/\/www.pharmacy4pets.nl\/wp-content\/uploads\/2019\/08\/19206_2.jpg\" \/>\n\t<meta property=\"og:image:width\" content=\"700\" \/>\n\t<meta property=\"og:image:height\" content=\"700\" \/>\n\t<meta property=\"og:image:type\" content=\"image\/jpeg\" \/>\n<meta name=\"twitter:card\" content=\"summary_large_image\" \/>\n<script type=\"application\/ld+json\" class=\"yoast-schema-graph\">{\"@context\":\"https:\\\/\\\/schema.org\",\"@graph\":[{\"@type\":\"WebPage\",\"@id\":\"https:\\\/\\\/www.pharmacy4pets.nl\\\/sanimed-junior-hond-12-5-kg\",\"url\":\"https:\\\/\\\/www.pharmacy4pets.nl\\\/sanimed-junior-hond-12-5-kg\",\"name\":\"Sanimed Junior hond | 12,5 kg - Pharmacy4pets\",\"isPartOf\":{\"@id\":\"http:\\\/\\\/www.pharmacy4pets.nl\\\/#website\"},\"primaryImageOfPage\":{\"@id\":\"https:\\\/\\\/www.pharmacy4pets.nl\\\/sanimed-junior-hond-12-5-kg#primaryimage\"},\"image\":{\"@id\":\"https:\\\/\\\/www.pharmacy4pets.nl\\\/sanimed-junior-hond-12-5-kg#primaryimage\"},\"thumbnailUrl\":\"https:\\\/\\\/www.pharmacy4pets.nl\\\/wp-content\\\/uploads\\\/2019\\\/08\\\/19206_2.jpg\",\"datePublished\":\"2019-08-16T11:00:06+00:00\",\"dateModified\":\"2026-04-14T08:03:45+00:00\",\"breadcrumb\":{\"@id\":\"https:\\\/\\\/www.pharmacy4pets.nl\\\/sanimed-junior-hond-12-5-kg#breadcrumb\"},\"inLanguage\":\"nl-NL\",\"potentialAction\":[{\"@type\":\"ReadAction\",\"target\":[\"https:\\\/\\\/www.pharmacy4pets.nl\\\/sanimed-junior-hond-12-5-kg\"]}]},{\"@type\":\"ImageObject\",\"inLanguage\":\"nl-NL\",\"@id\":\"https:\\\/\\\/www.pharmacy4pets.nl\\\/sanimed-junior-hond-12-5-kg#primaryimage\",\"url\":\"https:\\\/\\\/www.pharmacy4pets.nl\\\/wp-content\\\/uploads\\\/2019\\\/08\\\/19206_2.jpg\",\"contentUrl\":\"https:\\\/\\\/www.pharmacy4pets.nl\\\/wp-content\\\/uploads\\\/2019\\\/08\\\/19206_2.jpg\",\"width\":700,\"height\":700,\"caption\":\"Sanimed\"},{\"@type\":\"BreadcrumbList\",\"@id\":\"https:\\\/\\\/www.pharmacy4pets.nl\\\/sanimed-junior-hond-12-5-kg#breadcrumb\",\"itemListElement\":[{\"@type\":\"ListItem\",\"position\":1,\"name\":\"Home\",\"item\":\"https:\\\/\\\/p4p-nl.bootmine.com\\\/\"},{\"@type\":\"ListItem\",\"position\":2,\"name\":\"Winkel\",\"item\":\"https:\\\/\\\/p4p-nl.bootmine.com\\\/winkel\"},{\"@type\":\"ListItem\",\"position\":3,\"name\":\"Sanimed Junior hond | 12,5 kg\"}]},{\"@type\":\"WebSite\",\"@id\":\"http:\\\/\\\/www.pharmacy4pets.nl\\\/#website\",\"url\":\"http:\\\/\\\/www.pharmacy4pets.nl\\\/\",\"name\":\"Pharmacy4pets\",\"description\":\"Pharmacy4pets.nl is d\u00e9 online apotheek waar u terecht kunt voor alle diergeneesmiddelen, verzorgingsproducten en dieetvoeding voor uw huisdier.\",\"publisher\":{\"@id\":\"http:\\\/\\\/www.pharmacy4pets.nl\\\/#organization\"},\"potentialAction\":[{\"@type\":\"SearchAction\",\"target\":{\"@type\":\"EntryPoint\",\"urlTemplate\":\"http:\\\/\\\/www.pharmacy4pets.nl\\\/?s={search_term_string}\"},\"query-input\":{\"@type\":\"PropertyValueSpecification\",\"valueRequired\":true,\"valueName\":\"search_term_string\"}}],\"inLanguage\":\"nl-NL\"},{\"@type\":\"Organization\",\"@id\":\"http:\\\/\\\/www.pharmacy4pets.nl\\\/#organization\",\"name\":\"Pharmacy4pets\",\"url\":\"http:\\\/\\\/www.pharmacy4pets.nl\\\/\",\"logo\":{\"@type\":\"ImageObject\",\"inLanguage\":\"nl-NL\",\"@id\":\"http:\\\/\\\/www.pharmacy4pets.nl\\\/#\\\/schema\\\/logo\\\/image\\\/\",\"url\":\"https:\\\/\\\/p4p-nl.bootmine.com\\\/wp-content\\\/uploads\\\/2026\\\/03\\\/logo-pharmacy4pets.png\",\"contentUrl\":\"https:\\\/\\\/p4p-nl.bootmine.com\\\/wp-content\\\/uploads\\\/2026\\\/03\\\/logo-pharmacy4pets.png\",\"width\":1024,\"height\":135,\"caption\":\"Pharmacy4pets\"},\"image\":{\"@id\":\"http:\\\/\\\/www.pharmacy4pets.nl\\\/#\\\/schema\\\/logo\\\/image\\\/\"},\"sameAs\":[\"https:\\\/\\\/www.facebook.com\\\/people\\\/Pharmacy4petsnl\\\/100063484989896\\\/\",\"https:\\\/\\\/www.youtube.com\\\/channel\\\/UCGPTIgucgli03tP2_kvLkHg\\\/featured\",\"https:\\\/\\\/www.instagram.com\\\/pharmacy4pets.nl\"]}]}<\/script>\n<!-- \/ Yoast SEO plugin. -->","yoast_head_json":{"title":"Sanimed Junior hond | 12,5 kg - Pharmacy4pets","robots":{"index":"index","follow":"follow","max-snippet":"max-snippet:-1","max-image-preview":"max-image-preview:large","max-video-preview":"max-video-preview:-1"},"canonical":"https:\/\/www.pharmacy4pets.nl\/sanimed-junior-hond-12-5-kg","og_locale":"nl_NL","og_type":"article","og_title":"Sanimed Junior hond | 12,5 kg - Pharmacy4pets","og_description":"Sanimed Junior voor de hond is een hondenvoer voor opgroeiende honden van alle rassen. Sanimed Junior: bevat een optimaal calciumgehalte ter verkleining van het risico op aandoeningen aan het bewegingsapparaat is rijk aan meervoudig onverzadigde vetzuren van de omega-3 familie, wat de huid- en vachtconditie ondersteunt, ontstekingsremmend werkt en bijdraagt aan het behouden van de [&hellip;]","og_url":"https:\/\/www.pharmacy4pets.nl\/sanimed-junior-hond-12-5-kg","og_site_name":"Pharmacy4pets","article_publisher":"https:\/\/www.facebook.com\/people\/Pharmacy4petsnl\/100063484989896\/","article_modified_time":"2026-04-14T08:03:45+00:00","og_image":[{"width":700,"height":700,"url":"https:\/\/www.pharmacy4pets.nl\/wp-content\/uploads\/2019\/08\/19206_2.jpg","type":"image\/jpeg"}],"twitter_card":"summary_large_image","schema":{"@context":"https:\/\/schema.org","@graph":[{"@type":"WebPage","@id":"https:\/\/www.pharmacy4pets.nl\/sanimed-junior-hond-12-5-kg","url":"https:\/\/www.pharmacy4pets.nl\/sanimed-junior-hond-12-5-kg","name":"Sanimed Junior hond | 12,5 kg - Pharmacy4pets","isPartOf":{"@id":"http:\/\/www.pharmacy4pets.nl\/#website"},"primaryImageOfPage":{"@id":"https:\/\/www.pharmacy4pets.nl\/sanimed-junior-hond-12-5-kg#primaryimage"},"image":{"@id":"https:\/\/www.pharmacy4pets.nl\/sanimed-junior-hond-12-5-kg#primaryimage"},"thumbnailUrl":"https:\/\/www.pharmacy4pets.nl\/wp-content\/uploads\/2019\/08\/19206_2.jpg","datePublished":"2019-08-16T11:00:06+00:00","dateModified":"2026-04-14T08:03:45+00:00","breadcrumb":{"@id":"https:\/\/www.pharmacy4pets.nl\/sanimed-junior-hond-12-5-kg#breadcrumb"},"inLanguage":"nl-NL","potentialAction":[{"@type":"ReadAction","target":["https:\/\/www.pharmacy4pets.nl\/sanimed-junior-hond-12-5-kg"]}]},{"@type":"ImageObject","inLanguage":"nl-NL","@id":"https:\/\/www.pharmacy4pets.nl\/sanimed-junior-hond-12-5-kg#primaryimage","url":"https:\/\/www.pharmacy4pets.nl\/wp-content\/uploads\/2019\/08\/19206_2.jpg","contentUrl":"https:\/\/www.pharmacy4pets.nl\/wp-content\/uploads\/2019\/08\/19206_2.jpg","width":700,"height":700,"caption":"Sanimed"},{"@type":"BreadcrumbList","@id":"https:\/\/www.pharmacy4pets.nl\/sanimed-junior-hond-12-5-kg#breadcrumb","itemListElement":[{"@type":"ListItem","position":1,"name":"Home","item":"https:\/\/p4p-nl.bootmine.com\/"},{"@type":"ListItem","position":2,"name":"Winkel","item":"https:\/\/p4p-nl.bootmine.com\/winkel"},{"@type":"ListItem","position":3,"name":"Sanimed Junior hond | 12,5 kg"}]},{"@type":"WebSite","@id":"http:\/\/www.pharmacy4pets.nl\/#website","url":"http:\/\/www.pharmacy4pets.nl\/","name":"Pharmacy4pets","description":"Pharmacy4pets.nl is d\u00e9 online apotheek waar u terecht kunt voor alle diergeneesmiddelen, verzorgingsproducten en dieetvoeding voor uw huisdier.","publisher":{"@id":"http:\/\/www.pharmacy4pets.nl\/#organization"},"potentialAction":[{"@type":"SearchAction","target":{"@type":"EntryPoint","urlTemplate":"http:\/\/www.pharmacy4pets.nl\/?s={search_term_string}"},"query-input":{"@type":"PropertyValueSpecification","valueRequired":true,"valueName":"search_term_string"}}],"inLanguage":"nl-NL"},{"@type":"Organization","@id":"http:\/\/www.pharmacy4pets.nl\/#organization","name":"Pharmacy4pets","url":"http:\/\/www.pharmacy4pets.nl\/","logo":{"@type":"ImageObject","inLanguage":"nl-NL","@id":"http:\/\/www.pharmacy4pets.nl\/#\/schema\/logo\/image\/","url":"https:\/\/p4p-nl.bootmine.com\/wp-content\/uploads\/2026\/03\/logo-pharmacy4pets.png","contentUrl":"https:\/\/p4p-nl.bootmine.com\/wp-content\/uploads\/2026\/03\/logo-pharmacy4pets.png","width":1024,"height":135,"caption":"Pharmacy4pets"},"image":{"@id":"http:\/\/www.pharmacy4pets.nl\/#\/schema\/logo\/image\/"},"sameAs":["https:\/\/www.facebook.com\/people\/Pharmacy4petsnl\/100063484989896\/","https:\/\/www.youtube.com\/channel\/UCGPTIgucgli03tP2_kvLkHg\/featured","https:\/\/www.instagram.com\/pharmacy4pets.nl"]}]}},"market_data":{"nl":{"price":0,"sale_price":0,"active":false,"url":null,"parent_url":"","tax_rate":0,"price_inc_tax":0,"sale_price_inc_tax":0},"de":{"price":0,"sale_price":0,"active":false,"url":null,"parent_url":"","tax_rate":0,"price_inc_tax":0,"sale_price_inc_tax":0},"be":{"price":0,"sale_price":0,"active":false,"url":null,"parent_url":"","tax_rate":0,"price_inc_tax":0,"sale_price_inc_tax":0},"fr":{"price":0,"sale_price":0,"active":false,"url":null,"parent_url":"","tax_rate":0,"price_inc_tax":0,"sale_price_inc_tax":0},"ch":{"price":0,"sale_price":0,"active":false,"url":null,"parent_url":"","tax_rate":0,"price_inc_tax":0,"sale_price_inc_tax":0},"at":{"price":0,"sale_price":0,"active":false,"url":null,"parent_url":"","tax_rate":0,"price_inc_tax":0,"sale_price_inc_tax":0},"es":{"price":0,"sale_price":0,"active":false,"url":null,"parent_url":"","tax_rate":0,"price_inc_tax":0,"sale_price_inc_tax":0},"dk":{"price":0,"sale_price":0,"active":false,"url":null,"parent_url":"","tax_rate":0,"price_inc_tax":0,"sale_price_inc_tax":0},"com":{"price":0,"sale_price":0,"active":false,"url":null,"parent_url":"","tax_rate":0,"price_inc_tax":0,"sale_price_inc_tax":0}},"market_nl_price":0,"market_nl_sale_price":0,"market_nl_active":false,"market_nl_url":null,"market_nl_parent_url":"","market_nl_tax_rate":0,"market_nl_price_inc_tax":0,"market_nl_sale_price_inc_tax":0,"market_de_price":0,"market_de_sale_price":0,"market_de_active":false,"market_de_url":null,"market_de_parent_url":"","market_de_tax_rate":0,"market_de_price_inc_tax":0,"market_de_sale_price_inc_tax":0,"market_be_price":0,"market_be_sale_price":0,"market_be_active":false,"market_be_url":null,"market_be_parent_url":"","market_be_tax_rate":0,"market_be_price_inc_tax":0,"market_be_sale_price_inc_tax":0,"market_fr_price":0,"market_fr_sale_price":0,"market_fr_active":false,"market_fr_url":null,"market_fr_parent_url":"","market_fr_tax_rate":0,"market_fr_price_inc_tax":0,"market_fr_sale_price_inc_tax":0,"market_ch_price":0,"market_ch_sale_price":0,"market_ch_active":false,"market_ch_url":null,"market_ch_parent_url":"","market_ch_tax_rate":0,"market_ch_price_inc_tax":0,"market_ch_sale_price_inc_tax":0,"market_at_price":0,"market_at_sale_price":0,"market_at_active":false,"market_at_url":null,"market_at_parent_url":"","market_at_tax_rate":0,"market_at_price_inc_tax":0,"market_at_sale_price_inc_tax":0,"market_es_price":0,"market_es_sale_price":0,"market_es_active":false,"market_es_url":null,"market_es_parent_url":"","market_es_tax_rate":0,"market_es_price_inc_tax":0,"market_es_sale_price_inc_tax":0,"market_dk_price":0,"market_dk_sale_price":0,"market_dk_active":false,"market_dk_url":null,"market_dk_parent_url":"","market_dk_tax_rate":0,"market_dk_price_inc_tax":0,"market_dk_sale_price_inc_tax":0,"market_com_price":0,"market_com_sale_price":0,"market_com_active":false,"market_com_url":null,"market_com_parent_url":"","market_com_tax_rate":0,"market_com_price_inc_tax":0,"market_com_sale_price_inc_tax":0,"acf":[],"_links":{"self":[{"href":"https:\/\/www.pharmacy4pets.nl\/be\/wp-json\/wp\/v2\/product\/119213","targetHints":{"allow":["GET"]}}],"collection":[{"href":"https:\/\/www.pharmacy4pets.nl\/be\/wp-json\/wp\/v2\/product"}],"about":[{"href":"https:\/\/www.pharmacy4pets.nl\/be\/wp-json\/wp\/v2\/types\/product"}],"replies":[{"embeddable":true,"href":"https:\/\/www.pharmacy4pets.nl\/be\/wp-json\/wp\/v2\/comments?post=119213"}],"wp:featuredmedia":[{"embeddable":true,"href":"https:\/\/www.pharmacy4pets.nl\/be\/wp-json\/wp\/v2\/media\/119210"}],"wp:attachment":[{"href":"https:\/\/www.pharmacy4pets.nl\/be\/wp-json\/wp\/v2\/media?parent=119213"}],"wp:term":[{"taxonomy":"product_brand","embeddable":true,"href":"https:\/\/www.pharmacy4pets.nl\/be\/wp-json\/wp\/v2\/product_brand?post=119213"},{"taxonomy":"product_cat","embeddable":true,"href":"https:\/\/www.pharmacy4pets.nl\/be\/wp-json\/wp\/v2\/product_cat?post=119213"},{"taxonomy":"product_tag","embeddable":true,"href":"https:\/\/www.pharmacy4pets.nl\/be\/wp-json\/wp\/v2\/product_tag?post=119213"}],"curies":[{"name":"wp","href":"https:\/\/api.w.org\/{rel}","templated":true}]}}