{"id":119209,"date":"2019-08-16T10:54:19","date_gmt":"2019-08-16T10:54:19","guid":{"rendered":"https:\/\/p4p.test\/sanimed-puppy"},"modified":"2026-03-25T12:00:51","modified_gmt":"2026-03-25T12:00:51","slug":"sanimed-puppy","status":"publish","type":"product","link":"https:\/\/www.pharmacy4pets.nl\/be\/sanimed-puppy","title":{"rendered":"Sanimed Puppy"},"content":{"rendered":"<p>Sanimed Puppy zijn puppybrokken voor pups van alle rassen. Tijdens de puppyfase is de groei en aanmaak van nieuwe weefsels het grootst. Dit maakt de rol van voeding tijdens deze fase des te belangrijker. Sanimed Puppy hondenvoer bevat eiwitten, vetten en koolhydraten van zeer hoge kwaliteit. Daardoor zijn deze hondenbrokken zeer goed verteerbaar en draagt het bij aan een goede stevigheid van de ontlasting.<\/p>\n<p>Sanimed Puppy:<\/p>\n<ul>\n<li>bevat een optimaal calciumgehalte ter ondersteuning van het bewegingsapparaat<\/li>\n<li>is rijk aan meervoudig onverzadigde vetzuren van de omega-3 familie, wat de weerstand, het leervermogen en de huid- en vachtconditie van de pup ondersteunt<\/li>\n<li>is afgestemd op de behoeften van een drachtige en zogende teef<\/li>\n<\/ul>\n<p>Afhankelijk van de grootte van het ras is Sanimed Puppy geschikt voor de leeftijd:<\/p>\n<ul style=\"list-style-type: circle;\">\n<li>Kleine rassen: 4 weken t\/m 5 maanden<\/li>\n<li>Middelgrote rassen: 4 weken t\/m 6 maanden<\/li>\n<li>Grote rassen: 4 weken t\/m 7 maanden<\/li>\n<\/ul>\n","protected":false},"excerpt":{"rendered":"<p>Sanimed Puppy zijn puppybrokken voor pups van alle rassen. Tijdens de puppyfase is de groei en aanmaak van nieuwe weefsels het grootst. Dit maakt de rol van voeding tijdens deze fase des te belangrijker. Sanimed Puppy hondenvoer bevat eiwitten, vetten en koolhydraten van zeer hoge kwaliteit. Daardoor zijn deze hondenbrokken zeer goed verteerbaar en draagt [&hellip;]<\/p>\n","protected":false},"featured_media":119205,"comment_status":"open","ping_status":"closed","template":"","meta":{"_acf_changed":false,"_nl_post_content":"<p>Sanimed Puppy zijn puppybrokken voor pups van alle rassen. Tijdens de puppyfase is de groei en aanmaak van nieuwe weefsels het grootst. Dit maakt de rol van voeding tijdens deze fase des te belangrijker. Sanimed Puppy hondenvoer bevat eiwitten, vetten en koolhydraten van zeer hoge kwaliteit. Daardoor zijn deze hondenbrokken zeer goed verteerbaar en draagt het bij aan een goede stevigheid van de ontlasting.<\/p>\n<p>Sanimed Puppy:<\/p>\n<ul>\n<li>bevat een optimaal calciumgehalte ter ondersteuning van het bewegingsapparaat<\/li>\n<li>is rijk aan meervoudig onverzadigde vetzuren van de omega-3 familie, wat de weerstand, het leervermogen en de huid- en vachtconditie van de pup ondersteunt<\/li>\n<li>is afgestemd op de behoeften van een drachtige en zogende teef<\/li>\n<\/ul>\n<p>Afhankelijk van de grootte van het ras is Sanimed Puppy geschikt voor de leeftijd:<\/p>\n<ul style=\"list-style-type: circle;\">\n<li>Kleine rassen: 4 weken t\/m 5 maanden<\/li>\n<li>Middelgrote rassen: 4 weken t\/m 6 maanden<\/li>\n<li>Grote rassen: 4 weken t\/m 7 maanden<\/li>\n<\/ul>","_nl_post_name":"sanimed-puppy","_nl_post_excerpt":"","_nl_post_title":"Sanimed Puppy","_en_post_content":"<p>Sanimed Puppy is a dog food for puppies of all breeds. During the puppy phase the growth and production of new tissues is greatest. This makes the role of food during this phase all the more important. Sanimed Puppy contains proteins, fats and carbohydrates of very high Sanimed Puppy is therefore highly digestible and contributes to a good stool firmness<\/p>\n<p>Sanimed Puppy:<\/p>\n<ul>\n<li>contains an optimum calcium content to support the musculoskeletal system<\/li>\n<li>is rich in polyunsaturated fatty acids of the omega-3 family, which supports the pup's resistance, learning ability and skin and fur condition<\/li>\n<li>is tailored to the needs of a pregnant and lactating bitch<\/li>\n<\/ul>\n<p>Depending on the size of the breed, Sanimed Puppy is age-appropriate:<\/p>\n<ul style=\"list-style-type: circle;\">\n<li>Small breeds: 4 weeks to 5 months<\/li>\n<li>Medium-sized breeds: 4 weeks to 6 months<\/li>\n<li>Large breeds: 4 weeks to 7 months<\/li>\n<\/ul>","_en_post_name":"sanimed-puppy","_en_post_excerpt":"","_en_post_title":"Sanimed Puppy","_de_post_content":"<p>Sanimed Puppy Hundefutter <span class=\"HwtZe\" lang=\"de\"><span class=\"jCAhz ChMk0b\"><span class=\"ryNqvb\">ist geeignet f\u00fcr<\/span><\/span><\/span> Welpen aller Rassen. W\u00e4hrend der Welpenphase ist das Wachstum und die Produktion neuen Gewebes am gr\u00f6\u00dften. Umso wichtiger ist die Rolle der Nahrung in dieser Phase. Sanimed Puppy enth\u00e4lt Proteine, Fette und Kohlenhydrate von sehr hohem Wert Sanimed Puppy ist daher sehr gut verdaulich und tr\u00e4gt zu einer guten Stuhlfestigkeit bei.<\/p>\n<p>Sanimed Puppy:<\/p>\n<ul>\n<li>enth\u00e4lt einen optimalen Kalziumgehalt zur Unterst\u00fctzung des Bewegungsapparates<\/li>\n<li>ist reich an mehrfach unges\u00e4ttigten Fetts\u00e4uren der Omega-3-Familie, die die Widerstandsf\u00e4higkeit des Welpen, die Lernf\u00e4higkeit und den Haut- und Fellzustand unterst\u00fctzen<\/li>\n<li>ist auf die Bed\u00fcrfnisse einer tr\u00e4chtigen und s\u00e4ugenden H\u00fcndin zugeschnitten<\/li>\n<\/ul>\n<p>Je nach Gr\u00f6\u00dfe der Rasse ist Sanimed Puppy altersgerecht:<\/p>\n<ul style=\"list-style-type: circle;\">\n<li>Kleine Rassen: 4 Wochen bis 5 Monate<\/li>\n<li>Mittelgro\u00dfe Rassen: 4 Wochen bis 6 Monate<\/li>\n<li>Gro\u00dfe Rassen: 4 Wochen bis 7 Monate<\/li>\n<\/ul>","_de_post_name":"sanimed-puppy","_de_post_excerpt":"","_de_post_title":"Sanimed Puppy","_fr_post_content":"<p>Sanimed Chiot est un aliment pour les chiots de toutes les races. Pendant la phase du chiot, la croissance et la cr\u00e9ation de nouveaux tissus sont les plus importantes. Le r\u00f4le de l'alimentation pendant cette phase est donc d'autant plus important. Sanimed Chiot contient des prot\u00e9ines, des graisses et des glucides de tr\u00e8s haute qualit\u00e9. Par cons\u00e9quent, Sanimed Chiot est tr\u00e8s digeste et contribue \u00e0 une bonne fermet\u00e9 des selles.<\/p>\n<p>Sanimed Chiot :<\/p>\n<ul>\n<li>contient une teneur optimale en calcium pour soutenir le syst\u00e8me locomoteur<\/li>\n<li>est riche en acides gras polyinsatur\u00e9s de la famille des om\u00e9ga-3, qui favorisent la r\u00e9sistance, la capacit\u00e9 d'apprentissage et l'\u00e9tat de la peau et du pelage du chiot<\/li>\n<li>adapt\u00e9 aux besoins d'une chienne enceinte et allaitante<\/li>\n<\/ul>\n<p>Selon la taille de la race, Sanimed Chiot est adapt\u00e9 \u00e0 l'\u00e2ge de l'animal :<\/p>\n<ul style=\"list-style-type: circle;\">\n<li>Petites races : de 4 semaines \u00e0 5 mois<\/li>\n<li>Races moyennes : de 4 semaines \u00e0 6 mois<\/li>\n<li>Grandes races : de 4 semaines \u00e0 7 mois<\/li>\n<\/ul>","_fr_post_name":"sanimed-chiot","_fr_post_excerpt":"","_fr_post_title":"Sanimed Chiot","_es_post_content":"<p>Sanimed Puppy zijn puppybrokken voor pups van alle rassen. Tijdens de puppyfase is de groei en aanmaak van nieuwe weefsels het grootst. Dit maakt de rol van voeding tijdens deze fase des te belangrijker. Sanimed Puppy hondenvoer bevat eiwitten, vetten en koolhydraten van zeer hoge kwaliteit. Daardoor zijn deze hondenbrokken zeer goed verteerbaar en draagt het bij aan een goede stevigheid van de ontlasting.<\/p>\n<p>Sanimed Puppy:<\/p>\n<ul>\n<li>bevat een optimaal calciumgehalte ter ondersteuning van het bewegingsapparaat<\/li>\n<li>is rijk aan meervoudig onverzadigde vetzuren van de omega-3 familie, wat de weerstand, het leervermogen en de huid- en vachtconditie van de pup ondersteunt<\/li>\n<li>is afgestemd op de behoeften van een drachtige en zogende teef<\/li>\n<\/ul>\n<p>Afhankelijk van de grootte van het ras is Sanimed Puppy geschikt voor de leeftijd:<\/p>\n<ul style=\"list-style-type: circle;\">\n<li>Kleine rassen: 4 weken t\/m 5 maanden<\/li>\n<li>Middelgrote rassen: 4 weken t\/m 6 maanden<\/li>\n<li>Grote rassen: 4 weken t\/m 7 maanden<\/li>\n<\/ul>","_es_post_name":"sanimed-puppy","_es_post_excerpt":"","_es_post_title":"Sanimed Puppy","edit_language":"nl"},"product_brand":[],"product_cat":[1117,1856,1857,2169,2208,2177,1951],"product_tag":[],"class_list":{"0":"post-119209","1":"product","2":"type-product","3":"status-publish","4":"has-post-thumbnail","6":"product_cat-honden","7":"product_cat-hondenvoer","8":"product_cat-merken","9":"product_cat-onderhoudsvoer","10":"product_cat-puppy-voer","11":"product_cat-puppy","12":"product_cat-sanimed","13":"pa_aandoening-overig","14":"pa_doeldier-hond","15":"pa_doeldier-puppy","16":"pa_fabricatieland-nederland","17":"pa_levensfase-puppy","18":"pa_merkfilter-sanimed","19":"pa_merkgroep-vobra","20":"pa_product_conditions-sanimed_popup","21":"pa_productsoort-voeding","22":"pa_seo_canonical_store_id-not_found_value","23":"pa_seo_category-not_found_value","24":"pa_seo_meta_robots-not_found_value","25":"pa_toedieningswijze-droogvoer","26":"pa_werkzamestof-overig","28":"first","29":"instock","30":"taxable","31":"shipping-taxable","32":"product-type-grouped"},"yoast_head":"<!-- This site is optimized with the Yoast SEO plugin v27.5 - https:\/\/yoast.com\/product\/yoast-seo-wordpress\/ -->\n<title>Sanimed Puppy - Pharmacy4pets<\/title>\n<meta name=\"robots\" content=\"index, follow, max-snippet:-1, max-image-preview:large, max-video-preview:-1\" \/>\n<link rel=\"canonical\" href=\"https:\/\/www.pharmacy4pets.nl\/sanimed-puppy\" \/>\n<meta property=\"og:locale\" content=\"nl_NL\" \/>\n<meta property=\"og:type\" content=\"article\" \/>\n<meta property=\"og:title\" content=\"Sanimed Puppy - Pharmacy4pets\" \/>\n<meta property=\"og:description\" content=\"Sanimed Puppy zijn puppybrokken voor pups van alle rassen. Tijdens de puppyfase is de groei en aanmaak van nieuwe weefsels het grootst. Dit maakt de rol van voeding tijdens deze fase des te belangrijker. Sanimed Puppy hondenvoer bevat eiwitten, vetten en koolhydraten van zeer hoge kwaliteit. Daardoor zijn deze hondenbrokken zeer goed verteerbaar en draagt [&hellip;]\" \/>\n<meta property=\"og:url\" content=\"https:\/\/www.pharmacy4pets.nl\/sanimed-puppy\" \/>\n<meta property=\"og:site_name\" content=\"Pharmacy4pets\" \/>\n<meta property=\"article:publisher\" content=\"https:\/\/www.facebook.com\/people\/Pharmacy4petsnl\/100063484989896\/\" \/>\n<meta property=\"article:modified_time\" content=\"2026-03-25T12:00:51+00:00\" \/>\n<meta property=\"og:image\" content=\"https:\/\/www.pharmacy4pets.nl\/wp-content\/uploads\/2019\/08\/19203_1.jpg\" \/>\n\t<meta property=\"og:image:width\" content=\"700\" \/>\n\t<meta property=\"og:image:height\" content=\"700\" \/>\n\t<meta property=\"og:image:type\" content=\"image\/jpeg\" \/>\n<meta name=\"twitter:card\" content=\"summary_large_image\" \/>\n<meta name=\"twitter:label1\" content=\"Geschatte leestijd\" \/>\n\t<meta name=\"twitter:data1\" content=\"1 minuut\" \/>\n<script type=\"application\/ld+json\" class=\"yoast-schema-graph\">{\"@context\":\"https:\\\/\\\/schema.org\",\"@graph\":[{\"@type\":\"WebPage\",\"@id\":\"https:\\\/\\\/www.pharmacy4pets.nl\\\/sanimed-puppy\",\"url\":\"https:\\\/\\\/www.pharmacy4pets.nl\\\/sanimed-puppy\",\"name\":\"Sanimed Puppy - Pharmacy4pets\",\"isPartOf\":{\"@id\":\"http:\\\/\\\/www.pharmacy4pets.nl\\\/#website\"},\"primaryImageOfPage\":{\"@id\":\"https:\\\/\\\/www.pharmacy4pets.nl\\\/sanimed-puppy#primaryimage\"},\"image\":{\"@id\":\"https:\\\/\\\/www.pharmacy4pets.nl\\\/sanimed-puppy#primaryimage\"},\"thumbnailUrl\":\"https:\\\/\\\/www.pharmacy4pets.nl\\\/wp-content\\\/uploads\\\/2019\\\/08\\\/19203_1.jpg\",\"datePublished\":\"2019-08-16T10:54:19+00:00\",\"dateModified\":\"2026-03-25T12:00:51+00:00\",\"breadcrumb\":{\"@id\":\"https:\\\/\\\/www.pharmacy4pets.nl\\\/sanimed-puppy#breadcrumb\"},\"inLanguage\":\"nl-NL\",\"potentialAction\":[{\"@type\":\"ReadAction\",\"target\":[\"https:\\\/\\\/www.pharmacy4pets.nl\\\/sanimed-puppy\"]}]},{\"@type\":\"ImageObject\",\"inLanguage\":\"nl-NL\",\"@id\":\"https:\\\/\\\/www.pharmacy4pets.nl\\\/sanimed-puppy#primaryimage\",\"url\":\"https:\\\/\\\/www.pharmacy4pets.nl\\\/wp-content\\\/uploads\\\/2019\\\/08\\\/19203_1.jpg\",\"contentUrl\":\"https:\\\/\\\/www.pharmacy4pets.nl\\\/wp-content\\\/uploads\\\/2019\\\/08\\\/19203_1.jpg\",\"width\":700,\"height\":700,\"caption\":\"Sanimed\"},{\"@type\":\"BreadcrumbList\",\"@id\":\"https:\\\/\\\/www.pharmacy4pets.nl\\\/sanimed-puppy#breadcrumb\",\"itemListElement\":[{\"@type\":\"ListItem\",\"position\":1,\"name\":\"Home\",\"item\":\"https:\\\/\\\/p4p-nl.bootmine.com\\\/\"},{\"@type\":\"ListItem\",\"position\":2,\"name\":\"Winkel\",\"item\":\"https:\\\/\\\/p4p-nl.bootmine.com\\\/winkel\"},{\"@type\":\"ListItem\",\"position\":3,\"name\":\"Sanimed Puppy\"}]},{\"@type\":\"WebSite\",\"@id\":\"http:\\\/\\\/www.pharmacy4pets.nl\\\/#website\",\"url\":\"http:\\\/\\\/www.pharmacy4pets.nl\\\/\",\"name\":\"Pharmacy4pets\",\"description\":\"Pharmacy4pets.nl is d\u00e9 online apotheek waar u terecht kunt voor alle diergeneesmiddelen, verzorgingsproducten en dieetvoeding voor uw huisdier.\",\"publisher\":{\"@id\":\"http:\\\/\\\/www.pharmacy4pets.nl\\\/#organization\"},\"potentialAction\":[{\"@type\":\"SearchAction\",\"target\":{\"@type\":\"EntryPoint\",\"urlTemplate\":\"http:\\\/\\\/www.pharmacy4pets.nl\\\/?s={search_term_string}\"},\"query-input\":{\"@type\":\"PropertyValueSpecification\",\"valueRequired\":true,\"valueName\":\"search_term_string\"}}],\"inLanguage\":\"nl-NL\"},{\"@type\":\"Organization\",\"@id\":\"http:\\\/\\\/www.pharmacy4pets.nl\\\/#organization\",\"name\":\"Pharmacy4pets\",\"url\":\"http:\\\/\\\/www.pharmacy4pets.nl\\\/\",\"logo\":{\"@type\":\"ImageObject\",\"inLanguage\":\"nl-NL\",\"@id\":\"http:\\\/\\\/www.pharmacy4pets.nl\\\/#\\\/schema\\\/logo\\\/image\\\/\",\"url\":\"https:\\\/\\\/p4p-nl.bootmine.com\\\/wp-content\\\/uploads\\\/2026\\\/03\\\/logo-pharmacy4pets.png\",\"contentUrl\":\"https:\\\/\\\/p4p-nl.bootmine.com\\\/wp-content\\\/uploads\\\/2026\\\/03\\\/logo-pharmacy4pets.png\",\"width\":1024,\"height\":135,\"caption\":\"Pharmacy4pets\"},\"image\":{\"@id\":\"http:\\\/\\\/www.pharmacy4pets.nl\\\/#\\\/schema\\\/logo\\\/image\\\/\"},\"sameAs\":[\"https:\\\/\\\/www.facebook.com\\\/people\\\/Pharmacy4petsnl\\\/100063484989896\\\/\",\"https:\\\/\\\/www.youtube.com\\\/channel\\\/UCGPTIgucgli03tP2_kvLkHg\\\/featured\",\"https:\\\/\\\/www.instagram.com\\\/pharmacy4pets.nl\"]}]}<\/script>\n<!-- \/ Yoast SEO plugin. -->","yoast_head_json":{"title":"Sanimed Puppy - Pharmacy4pets","robots":{"index":"index","follow":"follow","max-snippet":"max-snippet:-1","max-image-preview":"max-image-preview:large","max-video-preview":"max-video-preview:-1"},"canonical":"https:\/\/www.pharmacy4pets.nl\/sanimed-puppy","og_locale":"nl_NL","og_type":"article","og_title":"Sanimed Puppy - Pharmacy4pets","og_description":"Sanimed Puppy zijn puppybrokken voor pups van alle rassen. Tijdens de puppyfase is de groei en aanmaak van nieuwe weefsels het grootst. Dit maakt de rol van voeding tijdens deze fase des te belangrijker. Sanimed Puppy hondenvoer bevat eiwitten, vetten en koolhydraten van zeer hoge kwaliteit. Daardoor zijn deze hondenbrokken zeer goed verteerbaar en draagt [&hellip;]","og_url":"https:\/\/www.pharmacy4pets.nl\/sanimed-puppy","og_site_name":"Pharmacy4pets","article_publisher":"https:\/\/www.facebook.com\/people\/Pharmacy4petsnl\/100063484989896\/","article_modified_time":"2026-03-25T12:00:51+00:00","og_image":[{"width":700,"height":700,"url":"https:\/\/www.pharmacy4pets.nl\/wp-content\/uploads\/2019\/08\/19203_1.jpg","type":"image\/jpeg"}],"twitter_card":"summary_large_image","twitter_misc":{"Geschatte leestijd":"1 minuut"},"schema":{"@context":"https:\/\/schema.org","@graph":[{"@type":"WebPage","@id":"https:\/\/www.pharmacy4pets.nl\/sanimed-puppy","url":"https:\/\/www.pharmacy4pets.nl\/sanimed-puppy","name":"Sanimed Puppy - Pharmacy4pets","isPartOf":{"@id":"http:\/\/www.pharmacy4pets.nl\/#website"},"primaryImageOfPage":{"@id":"https:\/\/www.pharmacy4pets.nl\/sanimed-puppy#primaryimage"},"image":{"@id":"https:\/\/www.pharmacy4pets.nl\/sanimed-puppy#primaryimage"},"thumbnailUrl":"https:\/\/www.pharmacy4pets.nl\/wp-content\/uploads\/2019\/08\/19203_1.jpg","datePublished":"2019-08-16T10:54:19+00:00","dateModified":"2026-03-25T12:00:51+00:00","breadcrumb":{"@id":"https:\/\/www.pharmacy4pets.nl\/sanimed-puppy#breadcrumb"},"inLanguage":"nl-NL","potentialAction":[{"@type":"ReadAction","target":["https:\/\/www.pharmacy4pets.nl\/sanimed-puppy"]}]},{"@type":"ImageObject","inLanguage":"nl-NL","@id":"https:\/\/www.pharmacy4pets.nl\/sanimed-puppy#primaryimage","url":"https:\/\/www.pharmacy4pets.nl\/wp-content\/uploads\/2019\/08\/19203_1.jpg","contentUrl":"https:\/\/www.pharmacy4pets.nl\/wp-content\/uploads\/2019\/08\/19203_1.jpg","width":700,"height":700,"caption":"Sanimed"},{"@type":"BreadcrumbList","@id":"https:\/\/www.pharmacy4pets.nl\/sanimed-puppy#breadcrumb","itemListElement":[{"@type":"ListItem","position":1,"name":"Home","item":"https:\/\/p4p-nl.bootmine.com\/"},{"@type":"ListItem","position":2,"name":"Winkel","item":"https:\/\/p4p-nl.bootmine.com\/winkel"},{"@type":"ListItem","position":3,"name":"Sanimed Puppy"}]},{"@type":"WebSite","@id":"http:\/\/www.pharmacy4pets.nl\/#website","url":"http:\/\/www.pharmacy4pets.nl\/","name":"Pharmacy4pets","description":"Pharmacy4pets.nl is d\u00e9 online apotheek waar u terecht kunt voor alle diergeneesmiddelen, verzorgingsproducten en dieetvoeding voor uw huisdier.","publisher":{"@id":"http:\/\/www.pharmacy4pets.nl\/#organization"},"potentialAction":[{"@type":"SearchAction","target":{"@type":"EntryPoint","urlTemplate":"http:\/\/www.pharmacy4pets.nl\/?s={search_term_string}"},"query-input":{"@type":"PropertyValueSpecification","valueRequired":true,"valueName":"search_term_string"}}],"inLanguage":"nl-NL"},{"@type":"Organization","@id":"http:\/\/www.pharmacy4pets.nl\/#organization","name":"Pharmacy4pets","url":"http:\/\/www.pharmacy4pets.nl\/","logo":{"@type":"ImageObject","inLanguage":"nl-NL","@id":"http:\/\/www.pharmacy4pets.nl\/#\/schema\/logo\/image\/","url":"https:\/\/p4p-nl.bootmine.com\/wp-content\/uploads\/2026\/03\/logo-pharmacy4pets.png","contentUrl":"https:\/\/p4p-nl.bootmine.com\/wp-content\/uploads\/2026\/03\/logo-pharmacy4pets.png","width":1024,"height":135,"caption":"Pharmacy4pets"},"image":{"@id":"http:\/\/www.pharmacy4pets.nl\/#\/schema\/logo\/image\/"},"sameAs":["https:\/\/www.facebook.com\/people\/Pharmacy4petsnl\/100063484989896\/","https:\/\/www.youtube.com\/channel\/UCGPTIgucgli03tP2_kvLkHg\/featured","https:\/\/www.instagram.com\/pharmacy4pets.nl"]}]}},"market_data":{"nl":{"price":0,"sale_price":0,"active":false,"url":null,"parent_url":"","tax_rate":0,"price_inc_tax":0,"sale_price_inc_tax":0},"de":{"price":0,"sale_price":0,"active":false,"url":null,"parent_url":"","tax_rate":0,"price_inc_tax":0,"sale_price_inc_tax":0},"be":{"price":0,"sale_price":0,"active":false,"url":null,"parent_url":"","tax_rate":0,"price_inc_tax":0,"sale_price_inc_tax":0},"fr":{"price":0,"sale_price":0,"active":false,"url":null,"parent_url":"","tax_rate":0,"price_inc_tax":0,"sale_price_inc_tax":0},"ch":{"price":0,"sale_price":0,"active":false,"url":null,"parent_url":"","tax_rate":0,"price_inc_tax":0,"sale_price_inc_tax":0},"at":{"price":0,"sale_price":0,"active":false,"url":null,"parent_url":"","tax_rate":0,"price_inc_tax":0,"sale_price_inc_tax":0},"es":{"price":0,"sale_price":0,"active":false,"url":null,"parent_url":"","tax_rate":0,"price_inc_tax":0,"sale_price_inc_tax":0},"dk":{"price":0,"sale_price":0,"active":false,"url":null,"parent_url":"","tax_rate":0,"price_inc_tax":0,"sale_price_inc_tax":0},"com":{"price":0,"sale_price":0,"active":false,"url":null,"parent_url":"","tax_rate":0,"price_inc_tax":0,"sale_price_inc_tax":0}},"market_nl_price":0,"market_nl_sale_price":0,"market_nl_active":false,"market_nl_url":null,"market_nl_parent_url":"","market_nl_tax_rate":0,"market_nl_price_inc_tax":0,"market_nl_sale_price_inc_tax":0,"market_de_price":0,"market_de_sale_price":0,"market_de_active":false,"market_de_url":null,"market_de_parent_url":"","market_de_tax_rate":0,"market_de_price_inc_tax":0,"market_de_sale_price_inc_tax":0,"market_be_price":0,"market_be_sale_price":0,"market_be_active":false,"market_be_url":null,"market_be_parent_url":"","market_be_tax_rate":0,"market_be_price_inc_tax":0,"market_be_sale_price_inc_tax":0,"market_fr_price":0,"market_fr_sale_price":0,"market_fr_active":false,"market_fr_url":null,"market_fr_parent_url":"","market_fr_tax_rate":0,"market_fr_price_inc_tax":0,"market_fr_sale_price_inc_tax":0,"market_ch_price":0,"market_ch_sale_price":0,"market_ch_active":false,"market_ch_url":null,"market_ch_parent_url":"","market_ch_tax_rate":0,"market_ch_price_inc_tax":0,"market_ch_sale_price_inc_tax":0,"market_at_price":0,"market_at_sale_price":0,"market_at_active":false,"market_at_url":null,"market_at_parent_url":"","market_at_tax_rate":0,"market_at_price_inc_tax":0,"market_at_sale_price_inc_tax":0,"market_es_price":0,"market_es_sale_price":0,"market_es_active":false,"market_es_url":null,"market_es_parent_url":"","market_es_tax_rate":0,"market_es_price_inc_tax":0,"market_es_sale_price_inc_tax":0,"market_dk_price":0,"market_dk_sale_price":0,"market_dk_active":false,"market_dk_url":null,"market_dk_parent_url":"","market_dk_tax_rate":0,"market_dk_price_inc_tax":0,"market_dk_sale_price_inc_tax":0,"market_com_price":0,"market_com_sale_price":0,"market_com_active":false,"market_com_url":null,"market_com_parent_url":"","market_com_tax_rate":0,"market_com_price_inc_tax":0,"market_com_sale_price_inc_tax":0,"acf":[],"_links":{"self":[{"href":"https:\/\/www.pharmacy4pets.nl\/be\/wp-json\/wp\/v2\/product\/119209","targetHints":{"allow":["GET"]}}],"collection":[{"href":"https:\/\/www.pharmacy4pets.nl\/be\/wp-json\/wp\/v2\/product"}],"about":[{"href":"https:\/\/www.pharmacy4pets.nl\/be\/wp-json\/wp\/v2\/types\/product"}],"replies":[{"embeddable":true,"href":"https:\/\/www.pharmacy4pets.nl\/be\/wp-json\/wp\/v2\/comments?post=119209"}],"wp:featuredmedia":[{"embeddable":true,"href":"https:\/\/www.pharmacy4pets.nl\/be\/wp-json\/wp\/v2\/media\/119205"}],"wp:attachment":[{"href":"https:\/\/www.pharmacy4pets.nl\/be\/wp-json\/wp\/v2\/media?parent=119209"}],"wp:term":[{"taxonomy":"product_brand","embeddable":true,"href":"https:\/\/www.pharmacy4pets.nl\/be\/wp-json\/wp\/v2\/product_brand?post=119209"},{"taxonomy":"product_cat","embeddable":true,"href":"https:\/\/www.pharmacy4pets.nl\/be\/wp-json\/wp\/v2\/product_cat?post=119209"},{"taxonomy":"product_tag","embeddable":true,"href":"https:\/\/www.pharmacy4pets.nl\/be\/wp-json\/wp\/v2\/product_tag?post=119209"}],"curies":[{"name":"wp","href":"https:\/\/api.w.org\/{rel}","templated":true}]}}