{"id":119173,"date":"2019-08-14T15:25:41","date_gmt":"2019-08-14T15:25:41","guid":{"rendered":"https:\/\/p4p.test\/sanimed-intestinal-kat-1-5-kg"},"modified":"2026-04-14T08:03:43","modified_gmt":"2026-04-14T08:03:43","slug":"sanimed-intestinal-kat-1-5-kg","status":"publish","type":"product","link":"https:\/\/www.pharmacy4pets.nl\/be\/sanimed-intestinal-kat-1-5-kg","title":{"rendered":"Sanimed Intestinal kat | 1,5 kg"},"content":{"rendered":"<p>Sanimed Intestinal voor de kat is een dieetvoeding ter compensatie van een slechte spijsvertering en ter vermindering van acute intestinale absorptiestoornissen.<\/p>\n<p>Sanimed Intestinal:<br \/>&bull; helpt een slechte spijsvertering te compenseren<br \/>&bull; helpt katten met acute diarree of tijdens de daaropvolgende herstelperiode<br \/>&bull; helpt de opname te bevorderen dankzij hoog verteerbare eiwitten en een laag vetgehalte<br \/>&bull; helpt de weerstand ondersteunen door toegevoegde vitamine E, visolie en beta-glucanen<br \/>&bull; helpt het elektrolyten verlies bij dunne ontlasting compenseren<\/p>\n","protected":false},"excerpt":{"rendered":"<p>Sanimed Intestinal voor de kat is een dieetvoeding ter compensatie van een slechte spijsvertering en ter vermindering van acute intestinale absorptiestoornissen. Sanimed Intestinal:&bull; helpt een slechte spijsvertering te compenseren&bull; helpt katten met acute diarree of tijdens de daaropvolgende herstelperiode&bull; helpt de opname te bevorderen dankzij hoog verteerbare eiwitten en een laag vetgehalte&bull; helpt de weerstand [&hellip;]<\/p>\n","protected":false},"featured_media":119170,"comment_status":"open","ping_status":"closed","template":"","meta":{"_acf_changed":false,"_nl_post_content":"<p>Sanimed Intestinal voor de kat is een dieetvoeding ter compensatie van een slechte spijsvertering en ter vermindering van acute intestinale absorptiestoornissen.<\/p>\r\n<p>Sanimed Intestinal:<br \/>&bull; helpt een slechte spijsvertering te compenseren<br \/>&bull; helpt katten met acute diarree of tijdens de daaropvolgende herstelperiode<br \/>&bull; helpt de opname te bevorderen dankzij hoog verteerbare eiwitten en een laag vetgehalte<br \/>&bull; helpt de weerstand ondersteunen door toegevoegde vitamine E, visolie en beta-glucanen<br \/>&bull; helpt het elektrolyten verlies bij dunne ontlasting compenseren<\/p>","_nl_post_name":"sanimed-intestinal-kat-1-5-kg","_nl_post_excerpt":"","_nl_post_title":"Sanimed Intestinal kat | 1,5 kg","_en_post_content":"<p>Sanimed Intestinal cat food is a dietary food to compensate for poor digestion and to reduce acute intestinal absorption disorders.<\/p>\r\n<p>Sanimed Intestinal:<br \/>&bull; helps to compensate for poor digestion<br \/>&bull; helps cats with acute diarrhea or during the subsequent recovery period<br \/>&bull; helps promote uptake thanks to highly digestible proteins and low fat<br \/>&bull; helps support the resistance through added vitamin E, fish oil and beta-glucans<br \/>&bull; helps compensate for electrolyte loss with thin stools<\/p>","_en_post_name":"sanimed-intestinal-cat-1-5-kg","_en_post_excerpt":"","_en_post_title":"Sanimed Intestinal cat | 1,5 kg","_de_post_content":"<p>Sanimed Intestinal Katzenfutter ist ein Di&auml;tfutter zum Ausgleich schlechter Verdauung und zur Verringerung akuter Darmresorptionsst&ouml;rungen.<\/p>\r\n<p>Sanimed Intestinal:<br \/>&bull; hilft bei schlechter Verdauung<br \/>&bull; hilft Katzen bei akutem Durchfall oder w&auml;hrend der anschlie&szlig;enden Erholungsphase<br \/>&bull; f&ouml;rdert die Aufnahme dank hochverdaulicher Proteine und niedrigem Fettgehalt<br \/>&bull; unterst&uuml;tzt die Widerstandskraft durch Vitamin E, Fisch&ouml;l und Beta-Glucane<br \/>&bull; hilft den Elektrolytverlust mit d&uuml;nnen St&uuml;hlen auszugleichen<\/p>","_de_post_name":"sanimed-intestinal-katze-1-5-kg","_de_post_excerpt":"","_de_post_title":"Sanimed Intestinal Katze | 1,5 kg","_fr_post_content":"<p>Sanimed Intestinal pour chats est un aliment di\u00e9t\u00e9tique destin\u00e9 \u00e0 compenser une mauvaise digestion et \u00e0 r\u00e9duire les troubles aigus de l'absorption intestinale.<\/p>\r\n<p>Sanimed Intestinal :<\/p>\r\n<ul>\r\n<li>aide \u00e0 compenser une mauvaise digestion<\/li>\r\n<li>aide les chats souffrant de diarrh\u00e9e aigu\u00eb ou pendant la p\u00e9riode de r\u00e9cup\u00e9ration qui s'ensuit.<\/li>\r\n<li>favorise l'absorption gr\u00e2ce \u00e0 des prot\u00e9ines hautement digestibles et \u00e0 une faible teneur en mati\u00e8res grasses<\/li>\r\n<li>aide \u00e0 soutenir l'immunit\u00e9 gr\u00e2ce \u00e0 l'ajout de vitamine E, d'huile de poisson et de b\u00eata-glucanes<\/li>\r\n<li>aide \u00e0 compenser la perte d'\u00e9lectrolytes dans les selles fines<\/li>\r\n<\/ul>","_fr_post_name":"sanimed-intestinal-chat-1-5-kg","_fr_post_excerpt":"","_fr_post_title":"Sanimed Intestinal chat | 1,5 kg","_es_post_content":"<p>Sanimed Intestinal voor de kat is een dieetvoeding ter compensatie van een slechte spijsvertering en ter vermindering van acute intestinale absorptiestoornissen.<\/p>\r\n<p>Sanimed Intestinal:<br \/>&bull; helpt een slechte spijsvertering te compenseren<br \/>&bull; helpt katten met acute diarree of tijdens de daaropvolgende herstelperiode<br \/>&bull; helpt de opname te bevorderen dankzij hoog verteerbare eiwitten en een laag vetgehalte<br \/>&bull; helpt de weerstand ondersteunen door toegevoegde vitamine E, visolie en beta-glucanen<br \/>&bull; helpt het elektrolyten verlies bij dunne ontlasting compenseren<\/p>","_es_post_name":"sanimed-intestinal-kat-1-5-kg","_es_post_excerpt":"","_es_post_title":"Sanimed Intestinal kat | 1,5 kg","edit_language":"nl"},"product_brand":[],"product_cat":[1888,1118,1887,1857,1951],"product_tag":[],"class_list":{"0":"post-119173","1":"product","2":"type-product","3":"status-publish","4":"has-post-thumbnail","6":"product_cat-dieetvoer","7":"product_cat-katten","8":"product_cat-kattenvoer","9":"product_cat-merken","10":"product_cat-sanimed","11":"pa_aandoening-spijsvertering","12":"pa_doeldier-kat","13":"pa_fabricatieland-nederland","14":"pa_levensfase-kitten","15":"pa_levensfase-senior","16":"pa_levensfase-volwassen","17":"pa_merkfilter-sanimed","18":"pa_merkgroep-vobra","19":"pa_product_conditions-sanimed_popup","20":"pa_productsoort-voeding","21":"pa_seo_canonical_store_id-not_found_value","22":"pa_seo_category-not_found_value","23":"pa_seo_meta_robots-not_found_value","24":"pa_toedieningswijze-droogvoer","25":"pa_unit_pricing_base_measure-1kg","26":"pa_unit_pricing_measure-1_5kg","27":"pa_werkzamestof-overig","29":"first","30":"instock","31":"taxable","32":"shipping-taxable","33":"purchasable","34":"product-type-simple"},"yoast_head":"<!-- This site is optimized with the Yoast SEO plugin v27.5 - https:\/\/yoast.com\/product\/yoast-seo-wordpress\/ -->\n<title>Sanimed Intestinal kat | 1,5 kg - Pharmacy4pets<\/title>\n<meta name=\"robots\" content=\"index, follow, max-snippet:-1, max-image-preview:large, max-video-preview:-1\" \/>\n<link rel=\"canonical\" href=\"https:\/\/www.pharmacy4pets.nl\/sanimed-intestinal-kat-1-5-kg\" \/>\n<meta property=\"og:locale\" content=\"nl_NL\" \/>\n<meta property=\"og:type\" content=\"article\" \/>\n<meta property=\"og:title\" content=\"Sanimed Intestinal kat | 1,5 kg - Pharmacy4pets\" \/>\n<meta property=\"og:description\" content=\"Sanimed Intestinal voor de kat is een dieetvoeding ter compensatie van een slechte spijsvertering en ter vermindering van acute intestinale absorptiestoornissen. Sanimed Intestinal:&bull; helpt een slechte spijsvertering te compenseren&bull; helpt katten met acute diarree of tijdens de daaropvolgende herstelperiode&bull; helpt de opname te bevorderen dankzij hoog verteerbare eiwitten en een laag vetgehalte&bull; helpt de weerstand [&hellip;]\" \/>\n<meta property=\"og:url\" content=\"https:\/\/www.pharmacy4pets.nl\/sanimed-intestinal-kat-1-5-kg\" \/>\n<meta property=\"og:site_name\" content=\"Pharmacy4pets\" \/>\n<meta property=\"article:publisher\" content=\"https:\/\/www.facebook.com\/people\/Pharmacy4petsnl\/100063484989896\/\" \/>\n<meta property=\"article:modified_time\" content=\"2026-04-14T08:03:43+00:00\" \/>\n<meta property=\"og:image\" content=\"https:\/\/www.pharmacy4pets.nl\/wp-content\/uploads\/2019\/08\/24129_2.jpg\" \/>\n\t<meta property=\"og:image:width\" content=\"700\" \/>\n\t<meta property=\"og:image:height\" content=\"700\" \/>\n\t<meta property=\"og:image:type\" content=\"image\/jpeg\" \/>\n<meta name=\"twitter:card\" content=\"summary_large_image\" \/>\n<script type=\"application\/ld+json\" class=\"yoast-schema-graph\">{\"@context\":\"https:\\\/\\\/schema.org\",\"@graph\":[{\"@type\":\"WebPage\",\"@id\":\"https:\\\/\\\/www.pharmacy4pets.nl\\\/sanimed-intestinal-kat-1-5-kg\",\"url\":\"https:\\\/\\\/www.pharmacy4pets.nl\\\/sanimed-intestinal-kat-1-5-kg\",\"name\":\"Sanimed Intestinal kat | 1,5 kg - Pharmacy4pets\",\"isPartOf\":{\"@id\":\"http:\\\/\\\/www.pharmacy4pets.nl\\\/#website\"},\"primaryImageOfPage\":{\"@id\":\"https:\\\/\\\/www.pharmacy4pets.nl\\\/sanimed-intestinal-kat-1-5-kg#primaryimage\"},\"image\":{\"@id\":\"https:\\\/\\\/www.pharmacy4pets.nl\\\/sanimed-intestinal-kat-1-5-kg#primaryimage\"},\"thumbnailUrl\":\"https:\\\/\\\/www.pharmacy4pets.nl\\\/wp-content\\\/uploads\\\/2019\\\/08\\\/24129_2.jpg\",\"datePublished\":\"2019-08-14T15:25:41+00:00\",\"dateModified\":\"2026-04-14T08:03:43+00:00\",\"breadcrumb\":{\"@id\":\"https:\\\/\\\/www.pharmacy4pets.nl\\\/sanimed-intestinal-kat-1-5-kg#breadcrumb\"},\"inLanguage\":\"nl-NL\",\"potentialAction\":[{\"@type\":\"ReadAction\",\"target\":[\"https:\\\/\\\/www.pharmacy4pets.nl\\\/sanimed-intestinal-kat-1-5-kg\"]}]},{\"@type\":\"ImageObject\",\"inLanguage\":\"nl-NL\",\"@id\":\"https:\\\/\\\/www.pharmacy4pets.nl\\\/sanimed-intestinal-kat-1-5-kg#primaryimage\",\"url\":\"https:\\\/\\\/www.pharmacy4pets.nl\\\/wp-content\\\/uploads\\\/2019\\\/08\\\/24129_2.jpg\",\"contentUrl\":\"https:\\\/\\\/www.pharmacy4pets.nl\\\/wp-content\\\/uploads\\\/2019\\\/08\\\/24129_2.jpg\",\"width\":700,\"height\":700,\"caption\":\"Sanimed\"},{\"@type\":\"BreadcrumbList\",\"@id\":\"https:\\\/\\\/www.pharmacy4pets.nl\\\/sanimed-intestinal-kat-1-5-kg#breadcrumb\",\"itemListElement\":[{\"@type\":\"ListItem\",\"position\":1,\"name\":\"Home\",\"item\":\"https:\\\/\\\/p4p-nl.bootmine.com\\\/\"},{\"@type\":\"ListItem\",\"position\":2,\"name\":\"Winkel\",\"item\":\"https:\\\/\\\/p4p-nl.bootmine.com\\\/winkel\"},{\"@type\":\"ListItem\",\"position\":3,\"name\":\"Sanimed Intestinal kat | 1,5 kg\"}]},{\"@type\":\"WebSite\",\"@id\":\"http:\\\/\\\/www.pharmacy4pets.nl\\\/#website\",\"url\":\"http:\\\/\\\/www.pharmacy4pets.nl\\\/\",\"name\":\"Pharmacy4pets\",\"description\":\"Pharmacy4pets.nl is d\u00e9 online apotheek waar u terecht kunt voor alle diergeneesmiddelen, verzorgingsproducten en dieetvoeding voor uw huisdier.\",\"publisher\":{\"@id\":\"http:\\\/\\\/www.pharmacy4pets.nl\\\/#organization\"},\"potentialAction\":[{\"@type\":\"SearchAction\",\"target\":{\"@type\":\"EntryPoint\",\"urlTemplate\":\"http:\\\/\\\/www.pharmacy4pets.nl\\\/?s={search_term_string}\"},\"query-input\":{\"@type\":\"PropertyValueSpecification\",\"valueRequired\":true,\"valueName\":\"search_term_string\"}}],\"inLanguage\":\"nl-NL\"},{\"@type\":\"Organization\",\"@id\":\"http:\\\/\\\/www.pharmacy4pets.nl\\\/#organization\",\"name\":\"Pharmacy4pets\",\"url\":\"http:\\\/\\\/www.pharmacy4pets.nl\\\/\",\"logo\":{\"@type\":\"ImageObject\",\"inLanguage\":\"nl-NL\",\"@id\":\"http:\\\/\\\/www.pharmacy4pets.nl\\\/#\\\/schema\\\/logo\\\/image\\\/\",\"url\":\"https:\\\/\\\/p4p-nl.bootmine.com\\\/wp-content\\\/uploads\\\/2026\\\/03\\\/logo-pharmacy4pets.png\",\"contentUrl\":\"https:\\\/\\\/p4p-nl.bootmine.com\\\/wp-content\\\/uploads\\\/2026\\\/03\\\/logo-pharmacy4pets.png\",\"width\":1024,\"height\":135,\"caption\":\"Pharmacy4pets\"},\"image\":{\"@id\":\"http:\\\/\\\/www.pharmacy4pets.nl\\\/#\\\/schema\\\/logo\\\/image\\\/\"},\"sameAs\":[\"https:\\\/\\\/www.facebook.com\\\/people\\\/Pharmacy4petsnl\\\/100063484989896\\\/\",\"https:\\\/\\\/www.youtube.com\\\/channel\\\/UCGPTIgucgli03tP2_kvLkHg\\\/featured\",\"https:\\\/\\\/www.instagram.com\\\/pharmacy4pets.nl\"]}]}<\/script>\n<!-- \/ Yoast SEO plugin. -->","yoast_head_json":{"title":"Sanimed Intestinal kat | 1,5 kg - Pharmacy4pets","robots":{"index":"index","follow":"follow","max-snippet":"max-snippet:-1","max-image-preview":"max-image-preview:large","max-video-preview":"max-video-preview:-1"},"canonical":"https:\/\/www.pharmacy4pets.nl\/sanimed-intestinal-kat-1-5-kg","og_locale":"nl_NL","og_type":"article","og_title":"Sanimed Intestinal kat | 1,5 kg - Pharmacy4pets","og_description":"Sanimed Intestinal voor de kat is een dieetvoeding ter compensatie van een slechte spijsvertering en ter vermindering van acute intestinale absorptiestoornissen. Sanimed Intestinal:&bull; helpt een slechte spijsvertering te compenseren&bull; helpt katten met acute diarree of tijdens de daaropvolgende herstelperiode&bull; helpt de opname te bevorderen dankzij hoog verteerbare eiwitten en een laag vetgehalte&bull; helpt de weerstand [&hellip;]","og_url":"https:\/\/www.pharmacy4pets.nl\/sanimed-intestinal-kat-1-5-kg","og_site_name":"Pharmacy4pets","article_publisher":"https:\/\/www.facebook.com\/people\/Pharmacy4petsnl\/100063484989896\/","article_modified_time":"2026-04-14T08:03:43+00:00","og_image":[{"width":700,"height":700,"url":"https:\/\/www.pharmacy4pets.nl\/wp-content\/uploads\/2019\/08\/24129_2.jpg","type":"image\/jpeg"}],"twitter_card":"summary_large_image","schema":{"@context":"https:\/\/schema.org","@graph":[{"@type":"WebPage","@id":"https:\/\/www.pharmacy4pets.nl\/sanimed-intestinal-kat-1-5-kg","url":"https:\/\/www.pharmacy4pets.nl\/sanimed-intestinal-kat-1-5-kg","name":"Sanimed Intestinal kat | 1,5 kg - Pharmacy4pets","isPartOf":{"@id":"http:\/\/www.pharmacy4pets.nl\/#website"},"primaryImageOfPage":{"@id":"https:\/\/www.pharmacy4pets.nl\/sanimed-intestinal-kat-1-5-kg#primaryimage"},"image":{"@id":"https:\/\/www.pharmacy4pets.nl\/sanimed-intestinal-kat-1-5-kg#primaryimage"},"thumbnailUrl":"https:\/\/www.pharmacy4pets.nl\/wp-content\/uploads\/2019\/08\/24129_2.jpg","datePublished":"2019-08-14T15:25:41+00:00","dateModified":"2026-04-14T08:03:43+00:00","breadcrumb":{"@id":"https:\/\/www.pharmacy4pets.nl\/sanimed-intestinal-kat-1-5-kg#breadcrumb"},"inLanguage":"nl-NL","potentialAction":[{"@type":"ReadAction","target":["https:\/\/www.pharmacy4pets.nl\/sanimed-intestinal-kat-1-5-kg"]}]},{"@type":"ImageObject","inLanguage":"nl-NL","@id":"https:\/\/www.pharmacy4pets.nl\/sanimed-intestinal-kat-1-5-kg#primaryimage","url":"https:\/\/www.pharmacy4pets.nl\/wp-content\/uploads\/2019\/08\/24129_2.jpg","contentUrl":"https:\/\/www.pharmacy4pets.nl\/wp-content\/uploads\/2019\/08\/24129_2.jpg","width":700,"height":700,"caption":"Sanimed"},{"@type":"BreadcrumbList","@id":"https:\/\/www.pharmacy4pets.nl\/sanimed-intestinal-kat-1-5-kg#breadcrumb","itemListElement":[{"@type":"ListItem","position":1,"name":"Home","item":"https:\/\/p4p-nl.bootmine.com\/"},{"@type":"ListItem","position":2,"name":"Winkel","item":"https:\/\/p4p-nl.bootmine.com\/winkel"},{"@type":"ListItem","position":3,"name":"Sanimed Intestinal kat | 1,5 kg"}]},{"@type":"WebSite","@id":"http:\/\/www.pharmacy4pets.nl\/#website","url":"http:\/\/www.pharmacy4pets.nl\/","name":"Pharmacy4pets","description":"Pharmacy4pets.nl is d\u00e9 online apotheek waar u terecht kunt voor alle diergeneesmiddelen, verzorgingsproducten en dieetvoeding voor uw huisdier.","publisher":{"@id":"http:\/\/www.pharmacy4pets.nl\/#organization"},"potentialAction":[{"@type":"SearchAction","target":{"@type":"EntryPoint","urlTemplate":"http:\/\/www.pharmacy4pets.nl\/?s={search_term_string}"},"query-input":{"@type":"PropertyValueSpecification","valueRequired":true,"valueName":"search_term_string"}}],"inLanguage":"nl-NL"},{"@type":"Organization","@id":"http:\/\/www.pharmacy4pets.nl\/#organization","name":"Pharmacy4pets","url":"http:\/\/www.pharmacy4pets.nl\/","logo":{"@type":"ImageObject","inLanguage":"nl-NL","@id":"http:\/\/www.pharmacy4pets.nl\/#\/schema\/logo\/image\/","url":"https:\/\/p4p-nl.bootmine.com\/wp-content\/uploads\/2026\/03\/logo-pharmacy4pets.png","contentUrl":"https:\/\/p4p-nl.bootmine.com\/wp-content\/uploads\/2026\/03\/logo-pharmacy4pets.png","width":1024,"height":135,"caption":"Pharmacy4pets"},"image":{"@id":"http:\/\/www.pharmacy4pets.nl\/#\/schema\/logo\/image\/"},"sameAs":["https:\/\/www.facebook.com\/people\/Pharmacy4petsnl\/100063484989896\/","https:\/\/www.youtube.com\/channel\/UCGPTIgucgli03tP2_kvLkHg\/featured","https:\/\/www.instagram.com\/pharmacy4pets.nl"]}]}},"market_data":{"nl":{"price":0,"sale_price":0,"active":false,"url":null,"parent_url":"","tax_rate":0,"price_inc_tax":0,"sale_price_inc_tax":0},"de":{"price":0,"sale_price":0,"active":false,"url":null,"parent_url":"","tax_rate":0,"price_inc_tax":0,"sale_price_inc_tax":0},"be":{"price":0,"sale_price":0,"active":false,"url":null,"parent_url":"","tax_rate":0,"price_inc_tax":0,"sale_price_inc_tax":0},"fr":{"price":0,"sale_price":0,"active":false,"url":null,"parent_url":"","tax_rate":0,"price_inc_tax":0,"sale_price_inc_tax":0},"ch":{"price":0,"sale_price":0,"active":false,"url":null,"parent_url":"","tax_rate":0,"price_inc_tax":0,"sale_price_inc_tax":0},"at":{"price":0,"sale_price":0,"active":false,"url":null,"parent_url":"","tax_rate":0,"price_inc_tax":0,"sale_price_inc_tax":0},"es":{"price":0,"sale_price":0,"active":false,"url":null,"parent_url":"","tax_rate":0,"price_inc_tax":0,"sale_price_inc_tax":0},"dk":{"price":0,"sale_price":0,"active":false,"url":null,"parent_url":"","tax_rate":0,"price_inc_tax":0,"sale_price_inc_tax":0},"com":{"price":0,"sale_price":0,"active":false,"url":null,"parent_url":"","tax_rate":0,"price_inc_tax":0,"sale_price_inc_tax":0}},"market_nl_price":0,"market_nl_sale_price":0,"market_nl_active":false,"market_nl_url":null,"market_nl_parent_url":"","market_nl_tax_rate":0,"market_nl_price_inc_tax":0,"market_nl_sale_price_inc_tax":0,"market_de_price":0,"market_de_sale_price":0,"market_de_active":false,"market_de_url":null,"market_de_parent_url":"","market_de_tax_rate":0,"market_de_price_inc_tax":0,"market_de_sale_price_inc_tax":0,"market_be_price":0,"market_be_sale_price":0,"market_be_active":false,"market_be_url":null,"market_be_parent_url":"","market_be_tax_rate":0,"market_be_price_inc_tax":0,"market_be_sale_price_inc_tax":0,"market_fr_price":0,"market_fr_sale_price":0,"market_fr_active":false,"market_fr_url":null,"market_fr_parent_url":"","market_fr_tax_rate":0,"market_fr_price_inc_tax":0,"market_fr_sale_price_inc_tax":0,"market_ch_price":0,"market_ch_sale_price":0,"market_ch_active":false,"market_ch_url":null,"market_ch_parent_url":"","market_ch_tax_rate":0,"market_ch_price_inc_tax":0,"market_ch_sale_price_inc_tax":0,"market_at_price":0,"market_at_sale_price":0,"market_at_active":false,"market_at_url":null,"market_at_parent_url":"","market_at_tax_rate":0,"market_at_price_inc_tax":0,"market_at_sale_price_inc_tax":0,"market_es_price":0,"market_es_sale_price":0,"market_es_active":false,"market_es_url":null,"market_es_parent_url":"","market_es_tax_rate":0,"market_es_price_inc_tax":0,"market_es_sale_price_inc_tax":0,"market_dk_price":0,"market_dk_sale_price":0,"market_dk_active":false,"market_dk_url":null,"market_dk_parent_url":"","market_dk_tax_rate":0,"market_dk_price_inc_tax":0,"market_dk_sale_price_inc_tax":0,"market_com_price":0,"market_com_sale_price":0,"market_com_active":false,"market_com_url":null,"market_com_parent_url":"","market_com_tax_rate":0,"market_com_price_inc_tax":0,"market_com_sale_price_inc_tax":0,"acf":[],"_links":{"self":[{"href":"https:\/\/www.pharmacy4pets.nl\/be\/wp-json\/wp\/v2\/product\/119173","targetHints":{"allow":["GET"]}}],"collection":[{"href":"https:\/\/www.pharmacy4pets.nl\/be\/wp-json\/wp\/v2\/product"}],"about":[{"href":"https:\/\/www.pharmacy4pets.nl\/be\/wp-json\/wp\/v2\/types\/product"}],"replies":[{"embeddable":true,"href":"https:\/\/www.pharmacy4pets.nl\/be\/wp-json\/wp\/v2\/comments?post=119173"}],"wp:featuredmedia":[{"embeddable":true,"href":"https:\/\/www.pharmacy4pets.nl\/be\/wp-json\/wp\/v2\/media\/119170"}],"wp:attachment":[{"href":"https:\/\/www.pharmacy4pets.nl\/be\/wp-json\/wp\/v2\/media?parent=119173"}],"wp:term":[{"taxonomy":"product_brand","embeddable":true,"href":"https:\/\/www.pharmacy4pets.nl\/be\/wp-json\/wp\/v2\/product_brand?post=119173"},{"taxonomy":"product_cat","embeddable":true,"href":"https:\/\/www.pharmacy4pets.nl\/be\/wp-json\/wp\/v2\/product_cat?post=119173"},{"taxonomy":"product_tag","embeddable":true,"href":"https:\/\/www.pharmacy4pets.nl\/be\/wp-json\/wp\/v2\/product_tag?post=119173"}],"curies":[{"name":"wp","href":"https:\/\/api.w.org\/{rel}","templated":true}]}}