{"id":119124,"date":"2019-08-14T14:16:12","date_gmt":"2019-08-14T14:16:12","guid":{"rendered":"https:\/\/p4p.test\/sanimed-anti-struvite-kat-1-5-kg"},"modified":"2026-04-14T08:03:40","modified_gmt":"2026-04-14T08:03:40","slug":"sanimed-anti-struvite-kat-1-5-kg","status":"publish","type":"product","link":"https:\/\/www.pharmacy4pets.nl\/be\/sanimed-anti-struvite-kat-1-5-kg","title":{"rendered":"Sanimed Anti Struvite kat | 1,5 kg"},"content":{"rendered":"<p>Sanimed Anti Struvite voor de kat is een dieetvoeding voor het oplossen van struvietstenen en ter vermindering van herhaalde struvietsteenvorming.<\/p>\n<p>Sanimed Anti Struvite:<br \/>&bull; induceert een lage urine pH, waardoor wordt de kans op struviet kristallen en stenen verminderd wordt<br \/>&bull; heeft een laag magnesium, eiwit (ammonium) en fosforgehalte waardoor er minder risico op struviet is<br \/>&bull; bevat een laag gehalte aan calciumoxalaatvormende componenten<br \/>&bull; werkt zowel struvietoplossend als struvietvoorkomend<\/p>\n<p>Sanimed Anti Struvite voor de kat is bovendien geschikt voor katten met (idiopathische) cystitis, vanwege:<br \/>&bull; een beperkt kalium gehalte<br \/>&bull; verrijking met vitamine E<br \/>&bull; toevoeging van visolie met EPA en DHA<\/p>\n","protected":false},"excerpt":{"rendered":"<p>Sanimed Anti Struvite voor de kat is een dieetvoeding voor het oplossen van struvietstenen en ter vermindering van herhaalde struvietsteenvorming. Sanimed Anti Struvite:&bull; induceert een lage urine pH, waardoor wordt de kans op struviet kristallen en stenen verminderd wordt&bull; heeft een laag magnesium, eiwit (ammonium) en fosforgehalte waardoor er minder risico op struviet is&bull; bevat [&hellip;]<\/p>\n","protected":false},"featured_media":119121,"comment_status":"open","ping_status":"closed","template":"","meta":{"_acf_changed":false,"_nl_post_content":"<p>Sanimed Anti Struvite voor de kat is een dieetvoeding voor het oplossen van struvietstenen en ter vermindering van herhaalde struvietsteenvorming.<\/p>\r\n<p>Sanimed Anti Struvite:<br \/>&bull; induceert een lage urine pH, waardoor wordt de kans op struviet kristallen en stenen verminderd wordt<br \/>&bull; heeft een laag magnesium, eiwit (ammonium) en fosforgehalte waardoor er minder risico op struviet is<br \/>&bull; bevat een laag gehalte aan calciumoxalaatvormende componenten<br \/>&bull; werkt zowel struvietoplossend als struvietvoorkomend<\/p>\r\n<p>Sanimed Anti Struvite voor de kat is bovendien geschikt voor katten met (idiopathische) cystitis, vanwege:<br \/>&bull; een beperkt kalium gehalte<br \/>&bull; verrijking met vitamine E<br \/>&bull; toevoeging van visolie met EPA en DHA<\/p>","_nl_post_name":"sanimed-anti-struvite-kat-1-5-kg","_nl_post_excerpt":"","_nl_post_title":"Sanimed Anti Struvite kat | 1,5 kg","_en_post_content":"<p>Sanimed Anti Struvite cat food is a dietary food for dissolving struvite stones and reducing repeated struvite stone formation.<\/p>\r\n<p>Sanimed Anti Struvite:<br \/>&bull; induces a low urine pH, reducing the risk of struvite crystals and stones<br \/>&bull; has a low magnesium, protein (ammonium) and phosphorus content, reducing the risk of struvite<br \/>&bull; contains a low content of calcium oxalate-forming components<br \/>&bull; works both struvite-dissolving and struvite-preventing<\/p>\r\n<p>Sanimed Anti Struvite for cats is also suitable for cats with (idiopathic) cystitis, because of:<br \/>&bull; a limited potassium content<br \/>&bull; vitamin E enrichment<br \/>&bull; addition of fish oil with EPA and DHA<\/p>","_en_post_name":"sanimed-anti-struvite-cat-1-5-kg","_en_post_excerpt":"","_en_post_title":"Sanimed Anti Struvite cat | 1,5 kg","_de_post_content":"<p>Sanimed Anti Struvite Katzenfutter ist ein Di&auml;tfutter zum Aufl&ouml;sen von Struvitsteinen und zur Verringerung der wiederholten Struvitsteinbildung.<\/p>\r\n<p>Sanimed Anti Struvite:<br \/>&bull; induziert einen niedrigen pH-Wert im Urin, wodurch die Wahrscheinlichkeit von Struvitkristallen und Steinen verringert wird<br \/>&bull; hat einen niedrigen Gehalt an Magnesium, Eiwei&szlig; (Ammonium) und Phosphor, wodurch das Struvit-Risiko verringert wird<br \/>&bull; enth&auml;lt einen geringen Gehalt an Kalziumoxalat bildenden Komponenten<br \/>&bull; wirkt sowohl struvitaufl&ouml;send als auch struvitverh&uuml;tend<\/p>\r\n<p>Sanimed Anti Struvite f&uuml;r Katzen eignet sich auch f&uuml;r Katzen mit (idiopathischer) Blasenentz&uuml;ndung aufgrund von:<br \/>&bull; ein begrenzter Kaliumgehalt<br \/>&bull; Vitamin E-Anreicherung<br \/>&bull; Zugabe von Fisch&ouml;l mit EPA und DHA<\/p>","_de_post_name":"sanimed-anti-struvite-katze-1-5-kg","_de_post_excerpt":"","_de_post_title":"Sanimed Anti Struvite Katze | 1,5 kg","_fr_post_content":"<p>Sanimed Anti Struvite pour chats est un aliment di\u00e9t\u00e9tique destin\u00e9 \u00e0 dissoudre les calculs de struvite et \u00e0 r\u00e9duire la formation r\u00e9p\u00e9t\u00e9e de calculs de struvite.<\/p>\r\n<p>Sanimed Anti Struvite :<\/p>\r\n<ul>\r\n<li>induit un pH urinaire bas, r\u00e9duisant le risque de cristaux et de calculs de struvite<br \/>a une faible teneur en magn\u00e9sium, en prot\u00e9ines (ammonium) et en phosphore, ce qui r\u00e9duit le<\/li>\r\n<li>risque de formation de struvite<\/li>\r\n<li>contient un faible niveau de composants formant de l'oxalate de calcium<\/li>\r\n<li>fonctionne \u00e0 la fois pour dissoudre la struvite et pour pr\u00e9venir la struvite<\/li>\r\n<\/ul>\r\n<p>Sanimed Anti Struvite pour chats convient \u00e9galement aux chats atteints de cystite (idiopathique), due \u00e0.. :<\/p>\r\n<ul>\r\n<li>une teneur limit\u00e9e en potassium<\/li>\r\n<li>enrichi en vitamine E<\/li>\r\n<li>ajout d'huile de poisson avec EPA et DHA<\/li>\r\n<\/ul>","_fr_post_name":"sanimed-anti-struvite-chat-1-5-kg","_fr_post_excerpt":"","_fr_post_title":"Sanimed Anti Struvite chat | 1,5 kg","_es_post_content":"<p>Sanimed Anti Struvite voor de kat is een dieetvoeding voor het oplossen van struvietstenen en ter vermindering van herhaalde struvietsteenvorming.<\/p>\r\n<p>Sanimed Anti Struvite:<br \/>&bull; induceert een lage urine pH, waardoor wordt de kans op struviet kristallen en stenen verminderd wordt<br \/>&bull; heeft een laag magnesium, eiwit (ammonium) en fosforgehalte waardoor er minder risico op struviet is<br \/>&bull; bevat een laag gehalte aan calciumoxalaatvormende componenten<br \/>&bull; werkt zowel struvietoplossend als struvietvoorkomend<\/p>\r\n<p>Sanimed Anti Struvite voor de kat is bovendien geschikt voor katten met (idiopathische) cystitis, vanwege:<br \/>&bull; een beperkt kalium gehalte<br \/>&bull; verrijking met vitamine E<br \/>&bull; toevoeging van visolie met EPA en DHA<\/p>","_es_post_name":"sanimed-anti-struvite-kat-1-5-kg","_es_post_excerpt":"","_es_post_title":"Sanimed Anti Struvite kat | 1,5 kg","edit_language":"nl"},"product_brand":[],"product_cat":[1888,1118,1887,1857,1951],"product_tag":[],"class_list":{"0":"post-119124","1":"product","2":"type-product","3":"status-publish","4":"has-post-thumbnail","6":"product_cat-dieetvoer","7":"product_cat-katten","8":"product_cat-kattenvoer","9":"product_cat-merken","10":"product_cat-sanimed","11":"pa_aandoening-blaasstenen_blaasgruis","12":"pa_doeldier-kat","13":"pa_fabricatieland-nederland","14":"pa_levensfase-senior","15":"pa_levensfase-volwassen","16":"pa_merkfilter-sanimed","17":"pa_merkgroep-vobra","18":"pa_product_conditions-sanimed_popup","19":"pa_productsoort-voeding","20":"pa_seo_canonical_store_id-not_found_value","21":"pa_seo_category-not_found_value","22":"pa_seo_meta_robots-not_found_value","23":"pa_toedieningswijze-droogvoer","24":"pa_unit_pricing_base_measure-1kg","25":"pa_unit_pricing_measure-1_5kg","26":"pa_werkzamestof-overig","28":"first","29":"instock","30":"taxable","31":"shipping-taxable","32":"purchasable","33":"product-type-simple"},"yoast_head":"<!-- This site is optimized with the Yoast SEO plugin v27.5 - https:\/\/yoast.com\/product\/yoast-seo-wordpress\/ -->\n<title>Sanimed Anti Struvite kat | 1,5 kg - Pharmacy4pets<\/title>\n<meta name=\"robots\" content=\"index, follow, max-snippet:-1, max-image-preview:large, max-video-preview:-1\" \/>\n<link rel=\"canonical\" href=\"https:\/\/www.pharmacy4pets.nl\/sanimed-anti-struvite-kat-1-5-kg\" \/>\n<meta property=\"og:locale\" content=\"nl_NL\" \/>\n<meta property=\"og:type\" content=\"article\" \/>\n<meta property=\"og:title\" content=\"Sanimed Anti Struvite kat | 1,5 kg - Pharmacy4pets\" \/>\n<meta property=\"og:description\" content=\"Sanimed Anti Struvite voor de kat is een dieetvoeding voor het oplossen van struvietstenen en ter vermindering van herhaalde struvietsteenvorming. Sanimed Anti Struvite:&bull; induceert een lage urine pH, waardoor wordt de kans op struviet kristallen en stenen verminderd wordt&bull; heeft een laag magnesium, eiwit (ammonium) en fosforgehalte waardoor er minder risico op struviet is&bull; bevat [&hellip;]\" \/>\n<meta property=\"og:url\" content=\"https:\/\/www.pharmacy4pets.nl\/sanimed-anti-struvite-kat-1-5-kg\" \/>\n<meta property=\"og:site_name\" content=\"Pharmacy4pets\" \/>\n<meta property=\"article:publisher\" content=\"https:\/\/www.facebook.com\/people\/Pharmacy4petsnl\/100063484989896\/\" \/>\n<meta property=\"article:modified_time\" content=\"2026-04-14T08:03:40+00:00\" \/>\n<meta property=\"og:image\" content=\"https:\/\/www.pharmacy4pets.nl\/wp-content\/uploads\/2019\/08\/19256_2.jpg\" \/>\n\t<meta property=\"og:image:width\" content=\"700\" \/>\n\t<meta property=\"og:image:height\" content=\"700\" \/>\n\t<meta property=\"og:image:type\" content=\"image\/jpeg\" \/>\n<meta name=\"twitter:card\" content=\"summary_large_image\" \/>\n<meta name=\"twitter:label1\" content=\"Geschatte leestijd\" \/>\n\t<meta name=\"twitter:data1\" content=\"1 minuut\" \/>\n<script type=\"application\/ld+json\" class=\"yoast-schema-graph\">{\"@context\":\"https:\\\/\\\/schema.org\",\"@graph\":[{\"@type\":\"WebPage\",\"@id\":\"https:\\\/\\\/www.pharmacy4pets.nl\\\/sanimed-anti-struvite-kat-1-5-kg\",\"url\":\"https:\\\/\\\/www.pharmacy4pets.nl\\\/sanimed-anti-struvite-kat-1-5-kg\",\"name\":\"Sanimed Anti Struvite kat | 1,5 kg - Pharmacy4pets\",\"isPartOf\":{\"@id\":\"http:\\\/\\\/www.pharmacy4pets.nl\\\/#website\"},\"primaryImageOfPage\":{\"@id\":\"https:\\\/\\\/www.pharmacy4pets.nl\\\/sanimed-anti-struvite-kat-1-5-kg#primaryimage\"},\"image\":{\"@id\":\"https:\\\/\\\/www.pharmacy4pets.nl\\\/sanimed-anti-struvite-kat-1-5-kg#primaryimage\"},\"thumbnailUrl\":\"https:\\\/\\\/www.pharmacy4pets.nl\\\/wp-content\\\/uploads\\\/2019\\\/08\\\/19256_2.jpg\",\"datePublished\":\"2019-08-14T14:16:12+00:00\",\"dateModified\":\"2026-04-14T08:03:40+00:00\",\"breadcrumb\":{\"@id\":\"https:\\\/\\\/www.pharmacy4pets.nl\\\/sanimed-anti-struvite-kat-1-5-kg#breadcrumb\"},\"inLanguage\":\"nl-NL\",\"potentialAction\":[{\"@type\":\"ReadAction\",\"target\":[\"https:\\\/\\\/www.pharmacy4pets.nl\\\/sanimed-anti-struvite-kat-1-5-kg\"]}]},{\"@type\":\"ImageObject\",\"inLanguage\":\"nl-NL\",\"@id\":\"https:\\\/\\\/www.pharmacy4pets.nl\\\/sanimed-anti-struvite-kat-1-5-kg#primaryimage\",\"url\":\"https:\\\/\\\/www.pharmacy4pets.nl\\\/wp-content\\\/uploads\\\/2019\\\/08\\\/19256_2.jpg\",\"contentUrl\":\"https:\\\/\\\/www.pharmacy4pets.nl\\\/wp-content\\\/uploads\\\/2019\\\/08\\\/19256_2.jpg\",\"width\":700,\"height\":700,\"caption\":\"Sanimed\"},{\"@type\":\"BreadcrumbList\",\"@id\":\"https:\\\/\\\/www.pharmacy4pets.nl\\\/sanimed-anti-struvite-kat-1-5-kg#breadcrumb\",\"itemListElement\":[{\"@type\":\"ListItem\",\"position\":1,\"name\":\"Home\",\"item\":\"https:\\\/\\\/p4p-nl.bootmine.com\\\/\"},{\"@type\":\"ListItem\",\"position\":2,\"name\":\"Winkel\",\"item\":\"https:\\\/\\\/p4p-nl.bootmine.com\\\/winkel\"},{\"@type\":\"ListItem\",\"position\":3,\"name\":\"Sanimed Anti Struvite kat | 1,5 kg\"}]},{\"@type\":\"WebSite\",\"@id\":\"http:\\\/\\\/www.pharmacy4pets.nl\\\/#website\",\"url\":\"http:\\\/\\\/www.pharmacy4pets.nl\\\/\",\"name\":\"Pharmacy4pets\",\"description\":\"Pharmacy4pets.nl is d\u00e9 online apotheek waar u terecht kunt voor alle diergeneesmiddelen, verzorgingsproducten en dieetvoeding voor uw huisdier.\",\"publisher\":{\"@id\":\"http:\\\/\\\/www.pharmacy4pets.nl\\\/#organization\"},\"potentialAction\":[{\"@type\":\"SearchAction\",\"target\":{\"@type\":\"EntryPoint\",\"urlTemplate\":\"http:\\\/\\\/www.pharmacy4pets.nl\\\/?s={search_term_string}\"},\"query-input\":{\"@type\":\"PropertyValueSpecification\",\"valueRequired\":true,\"valueName\":\"search_term_string\"}}],\"inLanguage\":\"nl-NL\"},{\"@type\":\"Organization\",\"@id\":\"http:\\\/\\\/www.pharmacy4pets.nl\\\/#organization\",\"name\":\"Pharmacy4pets\",\"url\":\"http:\\\/\\\/www.pharmacy4pets.nl\\\/\",\"logo\":{\"@type\":\"ImageObject\",\"inLanguage\":\"nl-NL\",\"@id\":\"http:\\\/\\\/www.pharmacy4pets.nl\\\/#\\\/schema\\\/logo\\\/image\\\/\",\"url\":\"https:\\\/\\\/p4p-nl.bootmine.com\\\/wp-content\\\/uploads\\\/2026\\\/03\\\/logo-pharmacy4pets.png\",\"contentUrl\":\"https:\\\/\\\/p4p-nl.bootmine.com\\\/wp-content\\\/uploads\\\/2026\\\/03\\\/logo-pharmacy4pets.png\",\"width\":1024,\"height\":135,\"caption\":\"Pharmacy4pets\"},\"image\":{\"@id\":\"http:\\\/\\\/www.pharmacy4pets.nl\\\/#\\\/schema\\\/logo\\\/image\\\/\"},\"sameAs\":[\"https:\\\/\\\/www.facebook.com\\\/people\\\/Pharmacy4petsnl\\\/100063484989896\\\/\",\"https:\\\/\\\/www.youtube.com\\\/channel\\\/UCGPTIgucgli03tP2_kvLkHg\\\/featured\",\"https:\\\/\\\/www.instagram.com\\\/pharmacy4pets.nl\"]}]}<\/script>\n<!-- \/ Yoast SEO plugin. -->","yoast_head_json":{"title":"Sanimed Anti Struvite kat | 1,5 kg - Pharmacy4pets","robots":{"index":"index","follow":"follow","max-snippet":"max-snippet:-1","max-image-preview":"max-image-preview:large","max-video-preview":"max-video-preview:-1"},"canonical":"https:\/\/www.pharmacy4pets.nl\/sanimed-anti-struvite-kat-1-5-kg","og_locale":"nl_NL","og_type":"article","og_title":"Sanimed Anti Struvite kat | 1,5 kg - Pharmacy4pets","og_description":"Sanimed Anti Struvite voor de kat is een dieetvoeding voor het oplossen van struvietstenen en ter vermindering van herhaalde struvietsteenvorming. Sanimed Anti Struvite:&bull; induceert een lage urine pH, waardoor wordt de kans op struviet kristallen en stenen verminderd wordt&bull; heeft een laag magnesium, eiwit (ammonium) en fosforgehalte waardoor er minder risico op struviet is&bull; bevat [&hellip;]","og_url":"https:\/\/www.pharmacy4pets.nl\/sanimed-anti-struvite-kat-1-5-kg","og_site_name":"Pharmacy4pets","article_publisher":"https:\/\/www.facebook.com\/people\/Pharmacy4petsnl\/100063484989896\/","article_modified_time":"2026-04-14T08:03:40+00:00","og_image":[{"width":700,"height":700,"url":"https:\/\/www.pharmacy4pets.nl\/wp-content\/uploads\/2019\/08\/19256_2.jpg","type":"image\/jpeg"}],"twitter_card":"summary_large_image","twitter_misc":{"Geschatte leestijd":"1 minuut"},"schema":{"@context":"https:\/\/schema.org","@graph":[{"@type":"WebPage","@id":"https:\/\/www.pharmacy4pets.nl\/sanimed-anti-struvite-kat-1-5-kg","url":"https:\/\/www.pharmacy4pets.nl\/sanimed-anti-struvite-kat-1-5-kg","name":"Sanimed Anti Struvite kat | 1,5 kg - Pharmacy4pets","isPartOf":{"@id":"http:\/\/www.pharmacy4pets.nl\/#website"},"primaryImageOfPage":{"@id":"https:\/\/www.pharmacy4pets.nl\/sanimed-anti-struvite-kat-1-5-kg#primaryimage"},"image":{"@id":"https:\/\/www.pharmacy4pets.nl\/sanimed-anti-struvite-kat-1-5-kg#primaryimage"},"thumbnailUrl":"https:\/\/www.pharmacy4pets.nl\/wp-content\/uploads\/2019\/08\/19256_2.jpg","datePublished":"2019-08-14T14:16:12+00:00","dateModified":"2026-04-14T08:03:40+00:00","breadcrumb":{"@id":"https:\/\/www.pharmacy4pets.nl\/sanimed-anti-struvite-kat-1-5-kg#breadcrumb"},"inLanguage":"nl-NL","potentialAction":[{"@type":"ReadAction","target":["https:\/\/www.pharmacy4pets.nl\/sanimed-anti-struvite-kat-1-5-kg"]}]},{"@type":"ImageObject","inLanguage":"nl-NL","@id":"https:\/\/www.pharmacy4pets.nl\/sanimed-anti-struvite-kat-1-5-kg#primaryimage","url":"https:\/\/www.pharmacy4pets.nl\/wp-content\/uploads\/2019\/08\/19256_2.jpg","contentUrl":"https:\/\/www.pharmacy4pets.nl\/wp-content\/uploads\/2019\/08\/19256_2.jpg","width":700,"height":700,"caption":"Sanimed"},{"@type":"BreadcrumbList","@id":"https:\/\/www.pharmacy4pets.nl\/sanimed-anti-struvite-kat-1-5-kg#breadcrumb","itemListElement":[{"@type":"ListItem","position":1,"name":"Home","item":"https:\/\/p4p-nl.bootmine.com\/"},{"@type":"ListItem","position":2,"name":"Winkel","item":"https:\/\/p4p-nl.bootmine.com\/winkel"},{"@type":"ListItem","position":3,"name":"Sanimed Anti Struvite kat | 1,5 kg"}]},{"@type":"WebSite","@id":"http:\/\/www.pharmacy4pets.nl\/#website","url":"http:\/\/www.pharmacy4pets.nl\/","name":"Pharmacy4pets","description":"Pharmacy4pets.nl is d\u00e9 online apotheek waar u terecht kunt voor alle diergeneesmiddelen, verzorgingsproducten en dieetvoeding voor uw huisdier.","publisher":{"@id":"http:\/\/www.pharmacy4pets.nl\/#organization"},"potentialAction":[{"@type":"SearchAction","target":{"@type":"EntryPoint","urlTemplate":"http:\/\/www.pharmacy4pets.nl\/?s={search_term_string}"},"query-input":{"@type":"PropertyValueSpecification","valueRequired":true,"valueName":"search_term_string"}}],"inLanguage":"nl-NL"},{"@type":"Organization","@id":"http:\/\/www.pharmacy4pets.nl\/#organization","name":"Pharmacy4pets","url":"http:\/\/www.pharmacy4pets.nl\/","logo":{"@type":"ImageObject","inLanguage":"nl-NL","@id":"http:\/\/www.pharmacy4pets.nl\/#\/schema\/logo\/image\/","url":"https:\/\/p4p-nl.bootmine.com\/wp-content\/uploads\/2026\/03\/logo-pharmacy4pets.png","contentUrl":"https:\/\/p4p-nl.bootmine.com\/wp-content\/uploads\/2026\/03\/logo-pharmacy4pets.png","width":1024,"height":135,"caption":"Pharmacy4pets"},"image":{"@id":"http:\/\/www.pharmacy4pets.nl\/#\/schema\/logo\/image\/"},"sameAs":["https:\/\/www.facebook.com\/people\/Pharmacy4petsnl\/100063484989896\/","https:\/\/www.youtube.com\/channel\/UCGPTIgucgli03tP2_kvLkHg\/featured","https:\/\/www.instagram.com\/pharmacy4pets.nl"]}]}},"market_data":{"nl":{"price":0,"sale_price":0,"active":false,"url":null,"parent_url":"","tax_rate":0,"price_inc_tax":0,"sale_price_inc_tax":0},"de":{"price":0,"sale_price":0,"active":false,"url":null,"parent_url":"","tax_rate":0,"price_inc_tax":0,"sale_price_inc_tax":0},"be":{"price":0,"sale_price":0,"active":false,"url":null,"parent_url":"","tax_rate":0,"price_inc_tax":0,"sale_price_inc_tax":0},"fr":{"price":0,"sale_price":0,"active":false,"url":null,"parent_url":"","tax_rate":0,"price_inc_tax":0,"sale_price_inc_tax":0},"ch":{"price":0,"sale_price":0,"active":false,"url":null,"parent_url":"","tax_rate":0,"price_inc_tax":0,"sale_price_inc_tax":0},"at":{"price":0,"sale_price":0,"active":false,"url":null,"parent_url":"","tax_rate":0,"price_inc_tax":0,"sale_price_inc_tax":0},"es":{"price":0,"sale_price":0,"active":false,"url":null,"parent_url":"","tax_rate":0,"price_inc_tax":0,"sale_price_inc_tax":0},"dk":{"price":0,"sale_price":0,"active":false,"url":null,"parent_url":"","tax_rate":0,"price_inc_tax":0,"sale_price_inc_tax":0},"com":{"price":0,"sale_price":0,"active":false,"url":null,"parent_url":"","tax_rate":0,"price_inc_tax":0,"sale_price_inc_tax":0}},"market_nl_price":0,"market_nl_sale_price":0,"market_nl_active":false,"market_nl_url":null,"market_nl_parent_url":"","market_nl_tax_rate":0,"market_nl_price_inc_tax":0,"market_nl_sale_price_inc_tax":0,"market_de_price":0,"market_de_sale_price":0,"market_de_active":false,"market_de_url":null,"market_de_parent_url":"","market_de_tax_rate":0,"market_de_price_inc_tax":0,"market_de_sale_price_inc_tax":0,"market_be_price":0,"market_be_sale_price":0,"market_be_active":false,"market_be_url":null,"market_be_parent_url":"","market_be_tax_rate":0,"market_be_price_inc_tax":0,"market_be_sale_price_inc_tax":0,"market_fr_price":0,"market_fr_sale_price":0,"market_fr_active":false,"market_fr_url":null,"market_fr_parent_url":"","market_fr_tax_rate":0,"market_fr_price_inc_tax":0,"market_fr_sale_price_inc_tax":0,"market_ch_price":0,"market_ch_sale_price":0,"market_ch_active":false,"market_ch_url":null,"market_ch_parent_url":"","market_ch_tax_rate":0,"market_ch_price_inc_tax":0,"market_ch_sale_price_inc_tax":0,"market_at_price":0,"market_at_sale_price":0,"market_at_active":false,"market_at_url":null,"market_at_parent_url":"","market_at_tax_rate":0,"market_at_price_inc_tax":0,"market_at_sale_price_inc_tax":0,"market_es_price":0,"market_es_sale_price":0,"market_es_active":false,"market_es_url":null,"market_es_parent_url":"","market_es_tax_rate":0,"market_es_price_inc_tax":0,"market_es_sale_price_inc_tax":0,"market_dk_price":0,"market_dk_sale_price":0,"market_dk_active":false,"market_dk_url":null,"market_dk_parent_url":"","market_dk_tax_rate":0,"market_dk_price_inc_tax":0,"market_dk_sale_price_inc_tax":0,"market_com_price":0,"market_com_sale_price":0,"market_com_active":false,"market_com_url":null,"market_com_parent_url":"","market_com_tax_rate":0,"market_com_price_inc_tax":0,"market_com_sale_price_inc_tax":0,"acf":[],"_links":{"self":[{"href":"https:\/\/www.pharmacy4pets.nl\/be\/wp-json\/wp\/v2\/product\/119124","targetHints":{"allow":["GET"]}}],"collection":[{"href":"https:\/\/www.pharmacy4pets.nl\/be\/wp-json\/wp\/v2\/product"}],"about":[{"href":"https:\/\/www.pharmacy4pets.nl\/be\/wp-json\/wp\/v2\/types\/product"}],"replies":[{"embeddable":true,"href":"https:\/\/www.pharmacy4pets.nl\/be\/wp-json\/wp\/v2\/comments?post=119124"}],"wp:featuredmedia":[{"embeddable":true,"href":"https:\/\/www.pharmacy4pets.nl\/be\/wp-json\/wp\/v2\/media\/119121"}],"wp:attachment":[{"href":"https:\/\/www.pharmacy4pets.nl\/be\/wp-json\/wp\/v2\/media?parent=119124"}],"wp:term":[{"taxonomy":"product_brand","embeddable":true,"href":"https:\/\/www.pharmacy4pets.nl\/be\/wp-json\/wp\/v2\/product_brand?post=119124"},{"taxonomy":"product_cat","embeddable":true,"href":"https:\/\/www.pharmacy4pets.nl\/be\/wp-json\/wp\/v2\/product_cat?post=119124"},{"taxonomy":"product_tag","embeddable":true,"href":"https:\/\/www.pharmacy4pets.nl\/be\/wp-json\/wp\/v2\/product_tag?post=119124"}],"curies":[{"name":"wp","href":"https:\/\/api.w.org\/{rel}","templated":true}]}}