{"id":119109,"date":"2019-08-14T13:55:27","date_gmt":"2019-08-14T13:55:27","guid":{"rendered":"https:\/\/p4p.test\/sanimed-osteoarthritis-hond-12-5-kg"},"modified":"2026-04-14T08:03:39","modified_gmt":"2026-04-14T08:03:39","slug":"sanimed-osteoarthritis-hond-12-5-kg","status":"publish","type":"product","link":"https:\/\/www.pharmacy4pets.nl\/be\/sanimed-osteoarthritis-hond-12-5-kg","title":{"rendered":"Sanimed Osteoarthritis hond | 12,5 kg"},"content":{"rendered":"<p>Sanimed Osteoarthritis voor de hond is een dieetvoeding ter ondersteuning van het metabolisme van de gewrichten in geval van osteoartritis. De combinatie van natuurlijke voedingsbestanddelen in Sanimed Osteoarthritis zorgt voor ondersteuning van de gewrichten en verbetering van de mobiliteit. Dit ondersteunt de gewrichten en helpt gewrichtskraakbeen te behouden. Sanimed Osteoarthrtitis is geschikt vanaf de leeftijd van 6 maanden.<\/p>\n<p>Sanimed Osteoarthritis:<br \/>&bull; bevordert dankzij visolie (omega-3 vetzuren) en beta-1,3\/1,6-glucanen het natuurlijke afweersysteem in de gewrichten<br \/>&bull; stimuleert de groei van kraakbeen en de afbraak van kraakbeen te remmen dankzij gelatinehydrolsaat<\/p>\n","protected":false},"excerpt":{"rendered":"<p>Sanimed Osteoarthritis voor de hond is een dieetvoeding ter ondersteuning van het metabolisme van de gewrichten in geval van osteoartritis. De combinatie van natuurlijke voedingsbestanddelen in Sanimed Osteoarthritis zorgt voor ondersteuning van de gewrichten en verbetering van de mobiliteit. Dit ondersteunt de gewrichten en helpt gewrichtskraakbeen te behouden. Sanimed Osteoarthrtitis is geschikt vanaf de leeftijd [&hellip;]<\/p>\n","protected":false},"featured_media":119106,"comment_status":"open","ping_status":"closed","template":"","meta":{"_acf_changed":false,"_nl_post_content":"<p>Sanimed Osteoarthritis voor de hond is een dieetvoeding ter ondersteuning van het metabolisme van de gewrichten in geval van osteoartritis. De combinatie van natuurlijke voedingsbestanddelen in Sanimed Osteoarthritis zorgt voor ondersteuning van de gewrichten en verbetering van de mobiliteit. Dit ondersteunt de gewrichten en helpt gewrichtskraakbeen te behouden. Sanimed Osteoarthrtitis is geschikt vanaf de leeftijd van 6 maanden.<\/p>\r\n<p>Sanimed Osteoarthritis:<br \/>&bull; bevordert dankzij visolie (omega-3 vetzuren) en beta-1,3\/1,6-glucanen het natuurlijke afweersysteem in de gewrichten<br \/>&bull; stimuleert de groei van kraakbeen en de afbraak van kraakbeen te remmen dankzij gelatinehydrolsaat<\/p>","_nl_post_name":"sanimed-osteoarthritis-hond-12-5-kg","_nl_post_excerpt":"","_nl_post_title":"Sanimed Osteoarthritis hond | 12,5 kg","_en_post_content":"<p>Sanimed Osteoarthritis dog food is a dietary food to support joint metabolism in case of osteoarthritis. The combination of natural food components in Sanimed Osteoarthritis provides support for the joints and improves mobility. This supports the joints and helps joint cartilage. Sanimed Osteoarthrtitis is suitable from the age of 6 months.<\/p>\r\n<p>Sanimed Osteoarthritis:<br \/>&bull; promotes the natural immune system in the joints thanks to fish oil (omega-3 fatty acids) and beta-1,3 \/ 1,6-glucans<br \/>&bull; stimulates cartilage growth and inhibits cartilage breakdown thanks to gelatin hydrolyzate<\/p>","_en_post_name":"sanimed-osteoarthritis-dog-12-5-kg","_en_post_excerpt":"","_en_post_title":"Sanimed Osteoarthritis dog | 12,5 kg","_de_post_content":"<p>Sanimed Osteoarthritis Hundefutter ist ein di&auml;tetisches Futtermittel zur Unterst&uuml;tzung des Gelenkmetabolismus bei Arthrose. Die Kombination nat&uuml;rlicher N&auml;hrstoffe bei Sanimed Osteoarthritis unterst&uuml;tzt die Gelenke und verbessert die Beweglichkeit. Dies unterst&uuml;tzt die Gelenke und hilft Gelenkknorpel. Sanimed Osteoarthritis ist ab einem Alter von 6 Monaten geeignet.<\/p>\r\n<p>Sanimed Osteoarthritis:<br \/>&bull; f&ouml;rdert das nat&uuml;rliche Abwehrsystem in den Gelenken durch Fisch&ouml;l (Omega-3-Fetts&auml;uren) und Beta-1,3 \/ 1,6-Glucane<br \/>&bull; stimuliert das Knorpelwachstum und hemmt dank Gelatinehydrolat den Abbau von Knorpel<\/p>","_de_post_name":"sanimed-osteoarthritis-hund-12-5-kg","_de_post_excerpt":"","_de_post_title":"Sanimed Osteoarthritis Hund | 12,5 kg","_fr_post_content":"<p>Sanimed Osteoarthritis pour chiens est un aliment di\u00e9t\u00e9tique destin\u00e9 \u00e0 soutenir le m\u00e9tabolisme articulaire en cas d'arthrose. La combinaison d'ingr\u00e9dients nutritionnels naturels contenue dans Sanimed Osteoarthritis apporte un soutien aux articulations et am\u00e9liore la mobilit\u00e9. Cela soutient les articulations et aide \u00e0 pr\u00e9server le cartilage articulaire. Sanimed Osteoarthritis convient d\u00e8s l'\u00e2ge de 6 mois.<\/p>\r\n<p>Sanimed Osteoarthritis :<\/p>\r\n<ul>\r\n<li>favorise le syst\u00e8me de d\u00e9fense naturel des articulations gr\u00e2ce \u00e0 l'huile de poisson (acides gras om\u00e9ga-3) et aux b\u00eata-1,3\/1,6-glucanes<\/li>\r\n<li>stimule la croissance du cartilage et inhibe la d\u00e9gradation du cartilage gr\u00e2ce \u00e0 l'hydrolysat de g\u00e9latine<\/li>\r\n<\/ul>","_fr_post_name":"sanimed-osteoarthritis-chien-12-5-kg","_fr_post_excerpt":"","_fr_post_title":"Sanimed Osteoarthritis chien | 12,5 kg","_es_post_content":"<p>Sanimed Osteoarthritis voor de hond is een dieetvoeding ter ondersteuning van het metabolisme van de gewrichten in geval van osteoartritis. De combinatie van natuurlijke voedingsbestanddelen in Sanimed Osteoarthritis zorgt voor ondersteuning van de gewrichten en verbetering van de mobiliteit. Dit ondersteunt de gewrichten en helpt gewrichtskraakbeen te behouden. Sanimed Osteoarthrtitis is geschikt vanaf de leeftijd van 6 maanden.<\/p>\r\n<p>Sanimed Osteoarthritis:<br \/>&bull; bevordert dankzij visolie (omega-3 vetzuren) en beta-1,3\/1,6-glucanen het natuurlijke afweersysteem in de gewrichten<br \/>&bull; stimuleert de groei van kraakbeen en de afbraak van kraakbeen te remmen dankzij gelatinehydrolsaat<\/p>","_es_post_name":"sanimed-osteoarthritis-hond-12-5-kg","_es_post_excerpt":"","_es_post_title":"Sanimed Osteoarthritis hond | 12,5 kg","edit_language":"nl"},"product_brand":[],"product_cat":[1858,1117,1856,1857,1951],"product_tag":[],"class_list":{"0":"post-119109","1":"product","2":"type-product","3":"status-publish","4":"has-post-thumbnail","6":"product_cat-dieetvoer","7":"product_cat-honden","8":"product_cat-hondenvoer","9":"product_cat-merken","10":"product_cat-sanimed","11":"pa_aandoening-artrose","12":"pa_doeldier-hond","13":"pa_fabricatieland-nederland","14":"pa_levensfase-senior","15":"pa_levensfase-volwassen","16":"pa_merkfilter-sanimed","17":"pa_merkgroep-vobra","18":"pa_product_conditions-sanimed_popup","19":"pa_productsoort-voeding","20":"pa_seo_canonical_store_id-not_found_value","21":"pa_seo_category-not_found_value","22":"pa_seo_meta_robots-not_found_value","23":"pa_toedieningswijze-droogvoer","24":"pa_unit_pricing_base_measure-1kg","25":"pa_unit_pricing_measure-12_5kg","26":"pa_werkzamestof-overig","28":"first","29":"instock","30":"taxable","31":"shipping-taxable","32":"purchasable","33":"product-type-simple"},"yoast_head":"<!-- This site is optimized with the Yoast SEO plugin v27.5 - https:\/\/yoast.com\/product\/yoast-seo-wordpress\/ -->\n<title>Sanimed Osteoarthritis hond | 12,5 kg - Pharmacy4pets<\/title>\n<meta name=\"robots\" content=\"index, follow, max-snippet:-1, max-image-preview:large, max-video-preview:-1\" \/>\n<link rel=\"canonical\" href=\"https:\/\/www.pharmacy4pets.nl\/sanimed-osteoarthritis-hond-12-5-kg\" \/>\n<meta property=\"og:locale\" content=\"nl_NL\" \/>\n<meta property=\"og:type\" content=\"article\" \/>\n<meta property=\"og:title\" content=\"Sanimed Osteoarthritis hond | 12,5 kg - Pharmacy4pets\" \/>\n<meta property=\"og:description\" content=\"Sanimed Osteoarthritis voor de hond is een dieetvoeding ter ondersteuning van het metabolisme van de gewrichten in geval van osteoartritis. De combinatie van natuurlijke voedingsbestanddelen in Sanimed Osteoarthritis zorgt voor ondersteuning van de gewrichten en verbetering van de mobiliteit. Dit ondersteunt de gewrichten en helpt gewrichtskraakbeen te behouden. Sanimed Osteoarthrtitis is geschikt vanaf de leeftijd [&hellip;]\" \/>\n<meta property=\"og:url\" content=\"https:\/\/www.pharmacy4pets.nl\/sanimed-osteoarthritis-hond-12-5-kg\" \/>\n<meta property=\"og:site_name\" content=\"Pharmacy4pets\" \/>\n<meta property=\"article:publisher\" content=\"https:\/\/www.facebook.com\/people\/Pharmacy4petsnl\/100063484989896\/\" \/>\n<meta property=\"article:modified_time\" content=\"2026-04-14T08:03:39+00:00\" \/>\n<meta property=\"og:image\" content=\"https:\/\/www.pharmacy4pets.nl\/wp-content\/uploads\/2019\/08\/19243_2.jpg\" \/>\n\t<meta property=\"og:image:width\" content=\"280\" \/>\n\t<meta property=\"og:image:height\" content=\"370\" \/>\n\t<meta property=\"og:image:type\" content=\"image\/jpeg\" \/>\n<meta name=\"twitter:card\" content=\"summary_large_image\" \/>\n<script type=\"application\/ld+json\" class=\"yoast-schema-graph\">{\"@context\":\"https:\\\/\\\/schema.org\",\"@graph\":[{\"@type\":\"WebPage\",\"@id\":\"https:\\\/\\\/www.pharmacy4pets.nl\\\/sanimed-osteoarthritis-hond-12-5-kg\",\"url\":\"https:\\\/\\\/www.pharmacy4pets.nl\\\/sanimed-osteoarthritis-hond-12-5-kg\",\"name\":\"Sanimed Osteoarthritis hond | 12,5 kg - Pharmacy4pets\",\"isPartOf\":{\"@id\":\"http:\\\/\\\/www.pharmacy4pets.nl\\\/#website\"},\"primaryImageOfPage\":{\"@id\":\"https:\\\/\\\/www.pharmacy4pets.nl\\\/sanimed-osteoarthritis-hond-12-5-kg#primaryimage\"},\"image\":{\"@id\":\"https:\\\/\\\/www.pharmacy4pets.nl\\\/sanimed-osteoarthritis-hond-12-5-kg#primaryimage\"},\"thumbnailUrl\":\"https:\\\/\\\/www.pharmacy4pets.nl\\\/wp-content\\\/uploads\\\/2019\\\/08\\\/19243_2.jpg\",\"datePublished\":\"2019-08-14T13:55:27+00:00\",\"dateModified\":\"2026-04-14T08:03:39+00:00\",\"breadcrumb\":{\"@id\":\"https:\\\/\\\/www.pharmacy4pets.nl\\\/sanimed-osteoarthritis-hond-12-5-kg#breadcrumb\"},\"inLanguage\":\"nl-NL\",\"potentialAction\":[{\"@type\":\"ReadAction\",\"target\":[\"https:\\\/\\\/www.pharmacy4pets.nl\\\/sanimed-osteoarthritis-hond-12-5-kg\"]}]},{\"@type\":\"ImageObject\",\"inLanguage\":\"nl-NL\",\"@id\":\"https:\\\/\\\/www.pharmacy4pets.nl\\\/sanimed-osteoarthritis-hond-12-5-kg#primaryimage\",\"url\":\"https:\\\/\\\/www.pharmacy4pets.nl\\\/wp-content\\\/uploads\\\/2019\\\/08\\\/19243_2.jpg\",\"contentUrl\":\"https:\\\/\\\/www.pharmacy4pets.nl\\\/wp-content\\\/uploads\\\/2019\\\/08\\\/19243_2.jpg\",\"width\":280,\"height\":370,\"caption\":\"Sanimed Osteoarthritis\"},{\"@type\":\"BreadcrumbList\",\"@id\":\"https:\\\/\\\/www.pharmacy4pets.nl\\\/sanimed-osteoarthritis-hond-12-5-kg#breadcrumb\",\"itemListElement\":[{\"@type\":\"ListItem\",\"position\":1,\"name\":\"Home\",\"item\":\"https:\\\/\\\/p4p-nl.bootmine.com\\\/\"},{\"@type\":\"ListItem\",\"position\":2,\"name\":\"Winkel\",\"item\":\"https:\\\/\\\/p4p-nl.bootmine.com\\\/winkel\"},{\"@type\":\"ListItem\",\"position\":3,\"name\":\"Sanimed Osteoarthritis hond | 12,5 kg\"}]},{\"@type\":\"WebSite\",\"@id\":\"http:\\\/\\\/www.pharmacy4pets.nl\\\/#website\",\"url\":\"http:\\\/\\\/www.pharmacy4pets.nl\\\/\",\"name\":\"Pharmacy4pets\",\"description\":\"Pharmacy4pets.nl is d\u00e9 online apotheek waar u terecht kunt voor alle diergeneesmiddelen, verzorgingsproducten en dieetvoeding voor uw huisdier.\",\"publisher\":{\"@id\":\"http:\\\/\\\/www.pharmacy4pets.nl\\\/#organization\"},\"potentialAction\":[{\"@type\":\"SearchAction\",\"target\":{\"@type\":\"EntryPoint\",\"urlTemplate\":\"http:\\\/\\\/www.pharmacy4pets.nl\\\/?s={search_term_string}\"},\"query-input\":{\"@type\":\"PropertyValueSpecification\",\"valueRequired\":true,\"valueName\":\"search_term_string\"}}],\"inLanguage\":\"nl-NL\"},{\"@type\":\"Organization\",\"@id\":\"http:\\\/\\\/www.pharmacy4pets.nl\\\/#organization\",\"name\":\"Pharmacy4pets\",\"url\":\"http:\\\/\\\/www.pharmacy4pets.nl\\\/\",\"logo\":{\"@type\":\"ImageObject\",\"inLanguage\":\"nl-NL\",\"@id\":\"http:\\\/\\\/www.pharmacy4pets.nl\\\/#\\\/schema\\\/logo\\\/image\\\/\",\"url\":\"https:\\\/\\\/p4p-nl.bootmine.com\\\/wp-content\\\/uploads\\\/2026\\\/03\\\/logo-pharmacy4pets.png\",\"contentUrl\":\"https:\\\/\\\/p4p-nl.bootmine.com\\\/wp-content\\\/uploads\\\/2026\\\/03\\\/logo-pharmacy4pets.png\",\"width\":1024,\"height\":135,\"caption\":\"Pharmacy4pets\"},\"image\":{\"@id\":\"http:\\\/\\\/www.pharmacy4pets.nl\\\/#\\\/schema\\\/logo\\\/image\\\/\"},\"sameAs\":[\"https:\\\/\\\/www.facebook.com\\\/people\\\/Pharmacy4petsnl\\\/100063484989896\\\/\",\"https:\\\/\\\/www.youtube.com\\\/channel\\\/UCGPTIgucgli03tP2_kvLkHg\\\/featured\",\"https:\\\/\\\/www.instagram.com\\\/pharmacy4pets.nl\"]}]}<\/script>\n<!-- \/ Yoast SEO plugin. -->","yoast_head_json":{"title":"Sanimed Osteoarthritis hond | 12,5 kg - Pharmacy4pets","robots":{"index":"index","follow":"follow","max-snippet":"max-snippet:-1","max-image-preview":"max-image-preview:large","max-video-preview":"max-video-preview:-1"},"canonical":"https:\/\/www.pharmacy4pets.nl\/sanimed-osteoarthritis-hond-12-5-kg","og_locale":"nl_NL","og_type":"article","og_title":"Sanimed Osteoarthritis hond | 12,5 kg - Pharmacy4pets","og_description":"Sanimed Osteoarthritis voor de hond is een dieetvoeding ter ondersteuning van het metabolisme van de gewrichten in geval van osteoartritis. De combinatie van natuurlijke voedingsbestanddelen in Sanimed Osteoarthritis zorgt voor ondersteuning van de gewrichten en verbetering van de mobiliteit. Dit ondersteunt de gewrichten en helpt gewrichtskraakbeen te behouden. Sanimed Osteoarthrtitis is geschikt vanaf de leeftijd [&hellip;]","og_url":"https:\/\/www.pharmacy4pets.nl\/sanimed-osteoarthritis-hond-12-5-kg","og_site_name":"Pharmacy4pets","article_publisher":"https:\/\/www.facebook.com\/people\/Pharmacy4petsnl\/100063484989896\/","article_modified_time":"2026-04-14T08:03:39+00:00","og_image":[{"width":280,"height":370,"url":"https:\/\/www.pharmacy4pets.nl\/wp-content\/uploads\/2019\/08\/19243_2.jpg","type":"image\/jpeg"}],"twitter_card":"summary_large_image","schema":{"@context":"https:\/\/schema.org","@graph":[{"@type":"WebPage","@id":"https:\/\/www.pharmacy4pets.nl\/sanimed-osteoarthritis-hond-12-5-kg","url":"https:\/\/www.pharmacy4pets.nl\/sanimed-osteoarthritis-hond-12-5-kg","name":"Sanimed Osteoarthritis hond | 12,5 kg - Pharmacy4pets","isPartOf":{"@id":"http:\/\/www.pharmacy4pets.nl\/#website"},"primaryImageOfPage":{"@id":"https:\/\/www.pharmacy4pets.nl\/sanimed-osteoarthritis-hond-12-5-kg#primaryimage"},"image":{"@id":"https:\/\/www.pharmacy4pets.nl\/sanimed-osteoarthritis-hond-12-5-kg#primaryimage"},"thumbnailUrl":"https:\/\/www.pharmacy4pets.nl\/wp-content\/uploads\/2019\/08\/19243_2.jpg","datePublished":"2019-08-14T13:55:27+00:00","dateModified":"2026-04-14T08:03:39+00:00","breadcrumb":{"@id":"https:\/\/www.pharmacy4pets.nl\/sanimed-osteoarthritis-hond-12-5-kg#breadcrumb"},"inLanguage":"nl-NL","potentialAction":[{"@type":"ReadAction","target":["https:\/\/www.pharmacy4pets.nl\/sanimed-osteoarthritis-hond-12-5-kg"]}]},{"@type":"ImageObject","inLanguage":"nl-NL","@id":"https:\/\/www.pharmacy4pets.nl\/sanimed-osteoarthritis-hond-12-5-kg#primaryimage","url":"https:\/\/www.pharmacy4pets.nl\/wp-content\/uploads\/2019\/08\/19243_2.jpg","contentUrl":"https:\/\/www.pharmacy4pets.nl\/wp-content\/uploads\/2019\/08\/19243_2.jpg","width":280,"height":370,"caption":"Sanimed Osteoarthritis"},{"@type":"BreadcrumbList","@id":"https:\/\/www.pharmacy4pets.nl\/sanimed-osteoarthritis-hond-12-5-kg#breadcrumb","itemListElement":[{"@type":"ListItem","position":1,"name":"Home","item":"https:\/\/p4p-nl.bootmine.com\/"},{"@type":"ListItem","position":2,"name":"Winkel","item":"https:\/\/p4p-nl.bootmine.com\/winkel"},{"@type":"ListItem","position":3,"name":"Sanimed Osteoarthritis hond | 12,5 kg"}]},{"@type":"WebSite","@id":"http:\/\/www.pharmacy4pets.nl\/#website","url":"http:\/\/www.pharmacy4pets.nl\/","name":"Pharmacy4pets","description":"Pharmacy4pets.nl is d\u00e9 online apotheek waar u terecht kunt voor alle diergeneesmiddelen, verzorgingsproducten en dieetvoeding voor uw huisdier.","publisher":{"@id":"http:\/\/www.pharmacy4pets.nl\/#organization"},"potentialAction":[{"@type":"SearchAction","target":{"@type":"EntryPoint","urlTemplate":"http:\/\/www.pharmacy4pets.nl\/?s={search_term_string}"},"query-input":{"@type":"PropertyValueSpecification","valueRequired":true,"valueName":"search_term_string"}}],"inLanguage":"nl-NL"},{"@type":"Organization","@id":"http:\/\/www.pharmacy4pets.nl\/#organization","name":"Pharmacy4pets","url":"http:\/\/www.pharmacy4pets.nl\/","logo":{"@type":"ImageObject","inLanguage":"nl-NL","@id":"http:\/\/www.pharmacy4pets.nl\/#\/schema\/logo\/image\/","url":"https:\/\/p4p-nl.bootmine.com\/wp-content\/uploads\/2026\/03\/logo-pharmacy4pets.png","contentUrl":"https:\/\/p4p-nl.bootmine.com\/wp-content\/uploads\/2026\/03\/logo-pharmacy4pets.png","width":1024,"height":135,"caption":"Pharmacy4pets"},"image":{"@id":"http:\/\/www.pharmacy4pets.nl\/#\/schema\/logo\/image\/"},"sameAs":["https:\/\/www.facebook.com\/people\/Pharmacy4petsnl\/100063484989896\/","https:\/\/www.youtube.com\/channel\/UCGPTIgucgli03tP2_kvLkHg\/featured","https:\/\/www.instagram.com\/pharmacy4pets.nl"]}]}},"market_data":{"nl":{"price":0,"sale_price":0,"active":false,"url":null,"parent_url":"","tax_rate":0,"price_inc_tax":0,"sale_price_inc_tax":0},"de":{"price":0,"sale_price":0,"active":false,"url":null,"parent_url":"","tax_rate":0,"price_inc_tax":0,"sale_price_inc_tax":0},"be":{"price":0,"sale_price":0,"active":false,"url":null,"parent_url":"","tax_rate":0,"price_inc_tax":0,"sale_price_inc_tax":0},"fr":{"price":0,"sale_price":0,"active":false,"url":null,"parent_url":"","tax_rate":0,"price_inc_tax":0,"sale_price_inc_tax":0},"ch":{"price":0,"sale_price":0,"active":false,"url":null,"parent_url":"","tax_rate":0,"price_inc_tax":0,"sale_price_inc_tax":0},"at":{"price":0,"sale_price":0,"active":false,"url":null,"parent_url":"","tax_rate":0,"price_inc_tax":0,"sale_price_inc_tax":0},"es":{"price":0,"sale_price":0,"active":false,"url":null,"parent_url":"","tax_rate":0,"price_inc_tax":0,"sale_price_inc_tax":0},"dk":{"price":0,"sale_price":0,"active":false,"url":null,"parent_url":"","tax_rate":0,"price_inc_tax":0,"sale_price_inc_tax":0},"com":{"price":0,"sale_price":0,"active":false,"url":null,"parent_url":"","tax_rate":0,"price_inc_tax":0,"sale_price_inc_tax":0}},"market_nl_price":0,"market_nl_sale_price":0,"market_nl_active":false,"market_nl_url":null,"market_nl_parent_url":"","market_nl_tax_rate":0,"market_nl_price_inc_tax":0,"market_nl_sale_price_inc_tax":0,"market_de_price":0,"market_de_sale_price":0,"market_de_active":false,"market_de_url":null,"market_de_parent_url":"","market_de_tax_rate":0,"market_de_price_inc_tax":0,"market_de_sale_price_inc_tax":0,"market_be_price":0,"market_be_sale_price":0,"market_be_active":false,"market_be_url":null,"market_be_parent_url":"","market_be_tax_rate":0,"market_be_price_inc_tax":0,"market_be_sale_price_inc_tax":0,"market_fr_price":0,"market_fr_sale_price":0,"market_fr_active":false,"market_fr_url":null,"market_fr_parent_url":"","market_fr_tax_rate":0,"market_fr_price_inc_tax":0,"market_fr_sale_price_inc_tax":0,"market_ch_price":0,"market_ch_sale_price":0,"market_ch_active":false,"market_ch_url":null,"market_ch_parent_url":"","market_ch_tax_rate":0,"market_ch_price_inc_tax":0,"market_ch_sale_price_inc_tax":0,"market_at_price":0,"market_at_sale_price":0,"market_at_active":false,"market_at_url":null,"market_at_parent_url":"","market_at_tax_rate":0,"market_at_price_inc_tax":0,"market_at_sale_price_inc_tax":0,"market_es_price":0,"market_es_sale_price":0,"market_es_active":false,"market_es_url":null,"market_es_parent_url":"","market_es_tax_rate":0,"market_es_price_inc_tax":0,"market_es_sale_price_inc_tax":0,"market_dk_price":0,"market_dk_sale_price":0,"market_dk_active":false,"market_dk_url":null,"market_dk_parent_url":"","market_dk_tax_rate":0,"market_dk_price_inc_tax":0,"market_dk_sale_price_inc_tax":0,"market_com_price":0,"market_com_sale_price":0,"market_com_active":false,"market_com_url":null,"market_com_parent_url":"","market_com_tax_rate":0,"market_com_price_inc_tax":0,"market_com_sale_price_inc_tax":0,"acf":[],"_links":{"self":[{"href":"https:\/\/www.pharmacy4pets.nl\/be\/wp-json\/wp\/v2\/product\/119109","targetHints":{"allow":["GET"]}}],"collection":[{"href":"https:\/\/www.pharmacy4pets.nl\/be\/wp-json\/wp\/v2\/product"}],"about":[{"href":"https:\/\/www.pharmacy4pets.nl\/be\/wp-json\/wp\/v2\/types\/product"}],"replies":[{"embeddable":true,"href":"https:\/\/www.pharmacy4pets.nl\/be\/wp-json\/wp\/v2\/comments?post=119109"}],"wp:featuredmedia":[{"embeddable":true,"href":"https:\/\/www.pharmacy4pets.nl\/be\/wp-json\/wp\/v2\/media\/119106"}],"wp:attachment":[{"href":"https:\/\/www.pharmacy4pets.nl\/be\/wp-json\/wp\/v2\/media?parent=119109"}],"wp:term":[{"taxonomy":"product_brand","embeddable":true,"href":"https:\/\/www.pharmacy4pets.nl\/be\/wp-json\/wp\/v2\/product_brand?post=119109"},{"taxonomy":"product_cat","embeddable":true,"href":"https:\/\/www.pharmacy4pets.nl\/be\/wp-json\/wp\/v2\/product_cat?post=119109"},{"taxonomy":"product_tag","embeddable":true,"href":"https:\/\/www.pharmacy4pets.nl\/be\/wp-json\/wp\/v2\/product_tag?post=119109"}],"curies":[{"name":"wp","href":"https:\/\/api.w.org\/{rel}","templated":true}]}}