{"id":119092,"date":"2019-08-14T13:35:54","date_gmt":"2019-08-14T13:35:54","guid":{"rendered":"https:\/\/p4p.test\/sanimed-renal-hond-3-kg"},"modified":"2026-04-14T08:03:37","modified_gmt":"2026-04-14T08:03:37","slug":"sanimed-renal-hond-3-kg","status":"publish","type":"product","link":"https:\/\/www.pharmacy4pets.nl\/be\/sanimed-renal-hond-3-kg","title":{"rendered":"Sanimed Renal hond | 3 kg"},"content":{"rendered":"<p>Sanimed Renal voor de hond is een dieetvoeding voor volwassen honden ter ondersteuning van de nierfunctie bij chronisch nierfalen en leverfalen of ter vermindering van blaasgruis.<\/p>\n<p>Sanimed Renal:<br \/>&bull; ondersteunt de nierfunctie bij honden met nierfalen doordat het dieetvoer arm is aan beschikbaar fosfor<br \/>&bull; gaat de vorming van calciumoxalaat tegen dankzij het lage calciumgehalte<br \/>&bull; vermindert het risico op blaasgruisvorming (type cystine\/uraat\/oxalaat) dankzij&nbsp;het lage gehalte, goed verteerbaar eiwit en een aangepaste zuurgraad van de urine<br \/>&bull; heeft een laag zoutgehalte<br \/>&bull; ondersteunt de filterwerking van de nier door de verrijking met zalmolie<br \/>&bull; helpt bij het behoud van nier- en levercellen dankzij een verhoogd vitamine E-gehalte<br \/>&bull; vermindert de opstapeling van schadelijke afvalstoffen (ammoniak, ureum) in het bloed dankzij een laag eiwitgehalte<br \/>&bull; stimuleert de eetlust door een uitzonderlijke smakelijkheid<\/p>\n","protected":false},"excerpt":{"rendered":"<p>Sanimed Renal voor de hond is een dieetvoeding voor volwassen honden ter ondersteuning van de nierfunctie bij chronisch nierfalen en leverfalen of ter vermindering van blaasgruis. Sanimed Renal:&bull; ondersteunt de nierfunctie bij honden met nierfalen doordat het dieetvoer arm is aan beschikbaar fosfor&bull; gaat de vorming van calciumoxalaat tegen dankzij het lage calciumgehalte&bull; vermindert het [&hellip;]<\/p>\n","protected":false},"featured_media":119089,"comment_status":"open","ping_status":"closed","template":"","meta":{"_acf_changed":false,"_nl_post_content":"<p>Sanimed Renal voor de hond is een dieetvoeding voor volwassen honden ter ondersteuning van de nierfunctie bij chronisch nierfalen en leverfalen of ter vermindering van blaasgruis.<\/p>\r\n<p>Sanimed Renal:<br \/>&bull; ondersteunt de nierfunctie bij honden met nierfalen doordat het dieetvoer arm is aan beschikbaar fosfor<br \/>&bull; gaat de vorming van calciumoxalaat tegen dankzij het lage calciumgehalte<br \/>&bull; vermindert het risico op blaasgruisvorming (type cystine\/uraat\/oxalaat) dankzij&nbsp;het lage gehalte, goed verteerbaar eiwit en een aangepaste zuurgraad van de urine<br \/>&bull; heeft een laag zoutgehalte<br \/>&bull; ondersteunt de filterwerking van de nier door de verrijking met zalmolie<br \/>&bull; helpt bij het behoud van nier- en levercellen dankzij een verhoogd vitamine E-gehalte<br \/>&bull; vermindert de opstapeling van schadelijke afvalstoffen (ammoniak, ureum) in het bloed dankzij een laag eiwitgehalte<br \/>&bull; stimuleert de eetlust door een uitzonderlijke smakelijkheid<\/p>","_nl_post_name":"sanimed-renal-hond-3-kg","_nl_post_excerpt":"","_nl_post_title":"Sanimed Renal hond | 3 kg","_en_post_content":"<p>Sanimed Renal dog food is a dietary food for adult dogs to support renal function with chronic renal failure and liver failure or to reduce bladder debris.<\/p>\r\n<p>Sanimed Renal:<br \/>&bull; supports kidney function in dogs with kidney failure because the diet food is low in available phosphorus<br \/>&bull; prevents the formation of calcium oxalate thanks to the low calcium content<br \/>&bull; reduces the risk of bladder crumb formation (cystine \/ urate \/ oxalate type) thanks to the low content, easily digestible protein and an adjusted acidity of the urine<br \/>&bull; has a low salt content<br \/>&bull; supports the filtering effect of the kidney by enriching with salmon oil<br \/>&bull; helps maintain kidney and liver cells thanks to an increased vitamin E content<br \/>&bull; reduces the accumulation of harmful waste materials (ammonia, urea) in the blood thanks to a low protein content<br \/>&bull; stimulates appetite through exceptional palatability<\/p>","_en_post_name":"sanimed-renal-dog-3-kg","_en_post_excerpt":"","_en_post_title":"Sanimed Renal dog | 3 kg","_de_post_content":"<p>Sanimed Renal Hundefutter ist ein di&auml;tetisches Futtermittel f&uuml;r erwachsene Hunde zur Unterst&uuml;tzung der Nierenfunktion bei chronischem Nierenversagen und Leberversagen oder zur Verringerung des Blasenstaubs.<\/p>\r\n<p>Sanimed Renal:<br \/>&bull; Unterst&uuml;tzt die Nierenfunktion bei Hunden mit Nierenversagen, da die Ern&auml;hrung nur wenig Phosphor enth&auml;lt<br \/>&bull; verhindert die Bildung von Kalziumoxalat aufgrund des niedrigen Kalziumgehalts<br \/>&bull; reduziert das Risiko von Blasenstreu (Cystin-Typ \/ Urat \/ Oxalat-Typ) dank das niedrige, leicht verdauliche Protein und eine angepasste S&auml;ure des Urins<br \/>&bull; hat einen geringen Salzgehalt<br \/>&bull; unterst&uuml;tzt die Filterwirkung der Niere durch die Anreicherung mit Lachs&ouml;l<br \/>&bull; tr&auml;gt dank eines erh&ouml;hten Vitamin-E-Gehalts zur Erhaltung von Nieren- und Leberzellen bei<br \/>&bull; reduziert die Ansammlung sch&auml;dlicher Abf&auml;lle (Ammoniak, Harnstoff) im Blut durch einen geringen Proteingehalt<br \/>&bull; regt den Appetit durch eine au&szlig;ergew&ouml;hnliche Schmackhaftigkeit an<\/p>","_de_post_name":"sanimed-renal-hund-3-kg","_de_post_excerpt":"","_de_post_title":"Sanimed Renal Hund | 3 kg","_fr_post_content":"<p>Sanimed Renal pour chiens est un aliment di\u00e9t\u00e9tique destin\u00e9 aux chiens adultes pour soutenir la fonction r\u00e9nale en cas d'insuffisance r\u00e9nale chronique et d'insuffisance h\u00e9patique ou pour r\u00e9duire les calculs v\u00e9sicaux.<\/p>\r\n<p>Sanimed Renal :<\/p>\r\n<ul>\r\n<li>soutient la fonction r\u00e9nale chez les chiens souffrant d'insuffisance r\u00e9nale, car l'alimentation est pauvre en phosphore assimilable.<\/li>\r\n<li>s'oppose \u00e0 la formation d'oxalate de calcium gr\u00e2ce \u00e0 sa faible teneur en calcium<\/li>\r\n<li>r\u00e9duit le risque de formation de calculs urinaires (type cystine\/urate\/oxalate) gr\u00e2ce \u00e0 la faible teneur en prot\u00e9ines hautement digestibles et \u00e0 l'acidit\u00e9 adapt\u00e9e de l'urine<\/li>\r\n<li>a une faible teneur en sel<\/li>\r\n<li>soutient la fonction filtrante des reins gr\u00e2ce \u00e0 l'enrichissement en huile de saumon<\/li>\r\n<li>aide \u00e0 maintenir les cellules des reins et du foie gr\u00e2ce \u00e0 une teneur accrue en vitamine E<\/li>\r\n<li>r\u00e9duit l'accumulation de d\u00e9chets nocifs (ammoniac, ur\u00e9e) dans le sang gr\u00e2ce \u00e0 une faible teneur en prot\u00e9ines<\/li>\r\n<li>stimule l'app\u00e9tit gr\u00e2ce \u00e0 une app\u00e9tence exceptionnelle<\/li>\r\n<\/ul>","_fr_post_name":"sanimed-renal-chien-3-kg","_fr_post_excerpt":"","_fr_post_title":"Sanimed Renal chien | 3 kg","_es_post_content":"<p>Sanimed Renal voor de hond is een dieetvoeding voor volwassen honden ter ondersteuning van de nierfunctie bij chronisch nierfalen en leverfalen of ter vermindering van blaasgruis.<\/p>\r\n<p>Sanimed Renal:<br \/>&bull; ondersteunt de nierfunctie bij honden met nierfalen doordat het dieetvoer arm is aan beschikbaar fosfor<br \/>&bull; gaat de vorming van calciumoxalaat tegen dankzij het lage calciumgehalte<br \/>&bull; vermindert het risico op blaasgruisvorming (type cystine\/uraat\/oxalaat) dankzij&nbsp;het lage gehalte, goed verteerbaar eiwit en een aangepaste zuurgraad van de urine<br \/>&bull; heeft een laag zoutgehalte<br \/>&bull; ondersteunt de filterwerking van de nier door de verrijking met zalmolie<br \/>&bull; helpt bij het behoud van nier- en levercellen dankzij een verhoogd vitamine E-gehalte<br \/>&bull; vermindert de opstapeling van schadelijke afvalstoffen (ammoniak, ureum) in het bloed dankzij een laag eiwitgehalte<br \/>&bull; stimuleert de eetlust door een uitzonderlijke smakelijkheid<\/p>","_es_post_name":"sanimed-renal-hond-3-kg","_es_post_excerpt":"","_es_post_title":"Sanimed Renal hond | 3 kg","edit_language":"nl"},"product_brand":[],"product_cat":[1858,1117,1856,1857,1951],"product_tag":[],"class_list":{"0":"post-119092","1":"product","2":"type-product","3":"status-publish","4":"has-post-thumbnail","6":"product_cat-dieetvoer","7":"product_cat-honden","8":"product_cat-hondenvoer","9":"product_cat-merken","10":"product_cat-sanimed","11":"pa_aandoening-nierfalen","12":"pa_doeldier-hond","13":"pa_fabricatieland-nederland","14":"pa_levensfase-senior","15":"pa_levensfase-volwassen","16":"pa_merkfilter-sanimed","17":"pa_merkgroep-vobra","18":"pa_product_conditions-sanimed_popup","19":"pa_productsoort-voeding","20":"pa_seo_canonical_store_id-not_found_value","21":"pa_seo_category-not_found_value","22":"pa_seo_meta_robots-not_found_value","23":"pa_toedieningswijze-droogvoer","24":"pa_unit_pricing_base_measure-1kg","25":"pa_unit_pricing_measure-3kg","26":"pa_werkzamestof-overig","28":"first","29":"instock","30":"taxable","31":"shipping-taxable","32":"purchasable","33":"product-type-simple"},"yoast_head":"<!-- This site is optimized with the Yoast SEO plugin v27.5 - https:\/\/yoast.com\/product\/yoast-seo-wordpress\/ -->\n<title>Sanimed Renal hond | 3 kg - Pharmacy4pets<\/title>\n<meta name=\"robots\" content=\"index, follow, max-snippet:-1, max-image-preview:large, max-video-preview:-1\" \/>\n<link rel=\"canonical\" href=\"https:\/\/p4p-nl.bootmine.com\/%product-slug%\/sanimed-renal-hond-3-kg\" \/>\n<meta property=\"og:locale\" content=\"nl_NL\" \/>\n<meta property=\"og:type\" content=\"article\" \/>\n<meta property=\"og:title\" content=\"Sanimed Renal hond | 3 kg - Pharmacy4pets\" \/>\n<meta property=\"og:description\" content=\"Sanimed Renal voor de hond is een dieetvoeding voor volwassen honden ter ondersteuning van de nierfunctie bij chronisch nierfalen en leverfalen of ter vermindering van blaasgruis. Sanimed Renal:&bull; ondersteunt de nierfunctie bij honden met nierfalen doordat het dieetvoer arm is aan beschikbaar fosfor&bull; gaat de vorming van calciumoxalaat tegen dankzij het lage calciumgehalte&bull; vermindert het [&hellip;]\" \/>\n<meta property=\"og:url\" content=\"https:\/\/p4p-nl.bootmine.com\/%product-slug%\/sanimed-renal-hond-3-kg\" \/>\n<meta property=\"og:site_name\" content=\"Pharmacy4pets\" \/>\n<meta property=\"article:publisher\" content=\"https:\/\/www.facebook.com\/people\/Pharmacy4petsnl\/100063484989896\/\" \/>\n<meta property=\"article:modified_time\" content=\"2026-04-14T08:03:37+00:00\" \/>\n<meta property=\"og:image\" content=\"https:\/\/p4p-nl.bootmine.com\/wp-content\/uploads\/2019\/08\/19248_2.jpg\" \/>\n\t<meta property=\"og:image:width\" content=\"700\" \/>\n\t<meta property=\"og:image:height\" content=\"700\" \/>\n\t<meta property=\"og:image:type\" content=\"image\/jpeg\" \/>\n<meta name=\"twitter:card\" content=\"summary_large_image\" \/>\n<meta name=\"twitter:label1\" content=\"Geschatte leestijd\" \/>\n\t<meta name=\"twitter:data1\" content=\"1 minuut\" \/>\n<script type=\"application\/ld+json\" class=\"yoast-schema-graph\">{\"@context\":\"https:\\\/\\\/schema.org\",\"@graph\":[{\"@type\":\"WebPage\",\"@id\":\"https:\\\/\\\/p4p-nl.bootmine.com\\\/%product-slug%\\\/sanimed-renal-hond-3-kg\",\"url\":\"https:\\\/\\\/p4p-nl.bootmine.com\\\/%product-slug%\\\/sanimed-renal-hond-3-kg\",\"name\":\"Sanimed Renal hond | 3 kg - Pharmacy4pets\",\"isPartOf\":{\"@id\":\"http:\\\/\\\/www.pharmacy4pets.nl\\\/#website\"},\"primaryImageOfPage\":{\"@id\":\"https:\\\/\\\/p4p-nl.bootmine.com\\\/%product-slug%\\\/sanimed-renal-hond-3-kg#primaryimage\"},\"image\":{\"@id\":\"https:\\\/\\\/p4p-nl.bootmine.com\\\/%product-slug%\\\/sanimed-renal-hond-3-kg#primaryimage\"},\"thumbnailUrl\":\"https:\\\/\\\/www.pharmacy4pets.nl\\\/wp-content\\\/uploads\\\/2019\\\/08\\\/19248_2.jpg\",\"datePublished\":\"2019-08-14T13:35:54+00:00\",\"dateModified\":\"2026-04-14T08:03:37+00:00\",\"breadcrumb\":{\"@id\":\"https:\\\/\\\/p4p-nl.bootmine.com\\\/%product-slug%\\\/sanimed-renal-hond-3-kg#breadcrumb\"},\"inLanguage\":\"nl-NL\",\"potentialAction\":[{\"@type\":\"ReadAction\",\"target\":[\"https:\\\/\\\/p4p-nl.bootmine.com\\\/%product-slug%\\\/sanimed-renal-hond-3-kg\"]}]},{\"@type\":\"ImageObject\",\"inLanguage\":\"nl-NL\",\"@id\":\"https:\\\/\\\/p4p-nl.bootmine.com\\\/%product-slug%\\\/sanimed-renal-hond-3-kg#primaryimage\",\"url\":\"https:\\\/\\\/www.pharmacy4pets.nl\\\/wp-content\\\/uploads\\\/2019\\\/08\\\/19248_2.jpg\",\"contentUrl\":\"https:\\\/\\\/www.pharmacy4pets.nl\\\/wp-content\\\/uploads\\\/2019\\\/08\\\/19248_2.jpg\",\"width\":700,\"height\":700,\"caption\":\"Sanimed\"},{\"@type\":\"BreadcrumbList\",\"@id\":\"https:\\\/\\\/p4p-nl.bootmine.com\\\/%product-slug%\\\/sanimed-renal-hond-3-kg#breadcrumb\",\"itemListElement\":[{\"@type\":\"ListItem\",\"position\":1,\"name\":\"Home\",\"item\":\"https:\\\/\\\/p4p-nl.bootmine.com\\\/\"},{\"@type\":\"ListItem\",\"position\":2,\"name\":\"Winkel\",\"item\":\"https:\\\/\\\/p4p-nl.bootmine.com\\\/winkel\"},{\"@type\":\"ListItem\",\"position\":3,\"name\":\"Sanimed Renal hond | 3 kg\"}]},{\"@type\":\"WebSite\",\"@id\":\"http:\\\/\\\/www.pharmacy4pets.nl\\\/#website\",\"url\":\"http:\\\/\\\/www.pharmacy4pets.nl\\\/\",\"name\":\"Pharmacy4pets\",\"description\":\"Pharmacy4pets.nl is d\u00e9 online apotheek waar u terecht kunt voor alle diergeneesmiddelen, verzorgingsproducten en dieetvoeding voor uw huisdier.\",\"publisher\":{\"@id\":\"http:\\\/\\\/www.pharmacy4pets.nl\\\/#organization\"},\"potentialAction\":[{\"@type\":\"SearchAction\",\"target\":{\"@type\":\"EntryPoint\",\"urlTemplate\":\"http:\\\/\\\/www.pharmacy4pets.nl\\\/?s={search_term_string}\"},\"query-input\":{\"@type\":\"PropertyValueSpecification\",\"valueRequired\":true,\"valueName\":\"search_term_string\"}}],\"inLanguage\":\"nl-NL\"},{\"@type\":\"Organization\",\"@id\":\"http:\\\/\\\/www.pharmacy4pets.nl\\\/#organization\",\"name\":\"Pharmacy4pets\",\"url\":\"http:\\\/\\\/www.pharmacy4pets.nl\\\/\",\"logo\":{\"@type\":\"ImageObject\",\"inLanguage\":\"nl-NL\",\"@id\":\"http:\\\/\\\/www.pharmacy4pets.nl\\\/#\\\/schema\\\/logo\\\/image\\\/\",\"url\":\"https:\\\/\\\/p4p-nl.bootmine.com\\\/wp-content\\\/uploads\\\/2026\\\/03\\\/logo-pharmacy4pets.png\",\"contentUrl\":\"https:\\\/\\\/p4p-nl.bootmine.com\\\/wp-content\\\/uploads\\\/2026\\\/03\\\/logo-pharmacy4pets.png\",\"width\":1024,\"height\":135,\"caption\":\"Pharmacy4pets\"},\"image\":{\"@id\":\"http:\\\/\\\/www.pharmacy4pets.nl\\\/#\\\/schema\\\/logo\\\/image\\\/\"},\"sameAs\":[\"https:\\\/\\\/www.facebook.com\\\/people\\\/Pharmacy4petsnl\\\/100063484989896\\\/\",\"https:\\\/\\\/www.youtube.com\\\/channel\\\/UCGPTIgucgli03tP2_kvLkHg\\\/featured\",\"https:\\\/\\\/www.instagram.com\\\/pharmacy4pets.nl\"]}]}<\/script>\n<!-- \/ Yoast SEO plugin. -->","yoast_head_json":{"title":"Sanimed Renal hond | 3 kg - Pharmacy4pets","robots":{"index":"index","follow":"follow","max-snippet":"max-snippet:-1","max-image-preview":"max-image-preview:large","max-video-preview":"max-video-preview:-1"},"canonical":"https:\/\/p4p-nl.bootmine.com\/%product-slug%\/sanimed-renal-hond-3-kg","og_locale":"nl_NL","og_type":"article","og_title":"Sanimed Renal hond | 3 kg - Pharmacy4pets","og_description":"Sanimed Renal voor de hond is een dieetvoeding voor volwassen honden ter ondersteuning van de nierfunctie bij chronisch nierfalen en leverfalen of ter vermindering van blaasgruis. Sanimed Renal:&bull; ondersteunt de nierfunctie bij honden met nierfalen doordat het dieetvoer arm is aan beschikbaar fosfor&bull; gaat de vorming van calciumoxalaat tegen dankzij het lage calciumgehalte&bull; vermindert het [&hellip;]","og_url":"https:\/\/p4p-nl.bootmine.com\/%product-slug%\/sanimed-renal-hond-3-kg","og_site_name":"Pharmacy4pets","article_publisher":"https:\/\/www.facebook.com\/people\/Pharmacy4petsnl\/100063484989896\/","article_modified_time":"2026-04-14T08:03:37+00:00","og_image":[{"width":700,"height":700,"url":"https:\/\/p4p-nl.bootmine.com\/wp-content\/uploads\/2019\/08\/19248_2.jpg","type":"image\/jpeg"}],"twitter_card":"summary_large_image","twitter_misc":{"Geschatte leestijd":"1 minuut"},"schema":{"@context":"https:\/\/schema.org","@graph":[{"@type":"WebPage","@id":"https:\/\/p4p-nl.bootmine.com\/%product-slug%\/sanimed-renal-hond-3-kg","url":"https:\/\/p4p-nl.bootmine.com\/%product-slug%\/sanimed-renal-hond-3-kg","name":"Sanimed Renal hond | 3 kg - Pharmacy4pets","isPartOf":{"@id":"http:\/\/www.pharmacy4pets.nl\/#website"},"primaryImageOfPage":{"@id":"https:\/\/p4p-nl.bootmine.com\/%product-slug%\/sanimed-renal-hond-3-kg#primaryimage"},"image":{"@id":"https:\/\/p4p-nl.bootmine.com\/%product-slug%\/sanimed-renal-hond-3-kg#primaryimage"},"thumbnailUrl":"https:\/\/www.pharmacy4pets.nl\/wp-content\/uploads\/2019\/08\/19248_2.jpg","datePublished":"2019-08-14T13:35:54+00:00","dateModified":"2026-04-14T08:03:37+00:00","breadcrumb":{"@id":"https:\/\/p4p-nl.bootmine.com\/%product-slug%\/sanimed-renal-hond-3-kg#breadcrumb"},"inLanguage":"nl-NL","potentialAction":[{"@type":"ReadAction","target":["https:\/\/p4p-nl.bootmine.com\/%product-slug%\/sanimed-renal-hond-3-kg"]}]},{"@type":"ImageObject","inLanguage":"nl-NL","@id":"https:\/\/p4p-nl.bootmine.com\/%product-slug%\/sanimed-renal-hond-3-kg#primaryimage","url":"https:\/\/www.pharmacy4pets.nl\/wp-content\/uploads\/2019\/08\/19248_2.jpg","contentUrl":"https:\/\/www.pharmacy4pets.nl\/wp-content\/uploads\/2019\/08\/19248_2.jpg","width":700,"height":700,"caption":"Sanimed"},{"@type":"BreadcrumbList","@id":"https:\/\/p4p-nl.bootmine.com\/%product-slug%\/sanimed-renal-hond-3-kg#breadcrumb","itemListElement":[{"@type":"ListItem","position":1,"name":"Home","item":"https:\/\/p4p-nl.bootmine.com\/"},{"@type":"ListItem","position":2,"name":"Winkel","item":"https:\/\/p4p-nl.bootmine.com\/winkel"},{"@type":"ListItem","position":3,"name":"Sanimed Renal hond | 3 kg"}]},{"@type":"WebSite","@id":"http:\/\/www.pharmacy4pets.nl\/#website","url":"http:\/\/www.pharmacy4pets.nl\/","name":"Pharmacy4pets","description":"Pharmacy4pets.nl is d\u00e9 online apotheek waar u terecht kunt voor alle diergeneesmiddelen, verzorgingsproducten en dieetvoeding voor uw huisdier.","publisher":{"@id":"http:\/\/www.pharmacy4pets.nl\/#organization"},"potentialAction":[{"@type":"SearchAction","target":{"@type":"EntryPoint","urlTemplate":"http:\/\/www.pharmacy4pets.nl\/?s={search_term_string}"},"query-input":{"@type":"PropertyValueSpecification","valueRequired":true,"valueName":"search_term_string"}}],"inLanguage":"nl-NL"},{"@type":"Organization","@id":"http:\/\/www.pharmacy4pets.nl\/#organization","name":"Pharmacy4pets","url":"http:\/\/www.pharmacy4pets.nl\/","logo":{"@type":"ImageObject","inLanguage":"nl-NL","@id":"http:\/\/www.pharmacy4pets.nl\/#\/schema\/logo\/image\/","url":"https:\/\/p4p-nl.bootmine.com\/wp-content\/uploads\/2026\/03\/logo-pharmacy4pets.png","contentUrl":"https:\/\/p4p-nl.bootmine.com\/wp-content\/uploads\/2026\/03\/logo-pharmacy4pets.png","width":1024,"height":135,"caption":"Pharmacy4pets"},"image":{"@id":"http:\/\/www.pharmacy4pets.nl\/#\/schema\/logo\/image\/"},"sameAs":["https:\/\/www.facebook.com\/people\/Pharmacy4petsnl\/100063484989896\/","https:\/\/www.youtube.com\/channel\/UCGPTIgucgli03tP2_kvLkHg\/featured","https:\/\/www.instagram.com\/pharmacy4pets.nl"]}]}},"market_data":{"nl":{"price":0,"sale_price":0,"active":false,"url":null,"parent_url":"","tax_rate":0,"price_inc_tax":0,"sale_price_inc_tax":0},"de":{"price":0,"sale_price":0,"active":false,"url":null,"parent_url":"","tax_rate":0,"price_inc_tax":0,"sale_price_inc_tax":0},"be":{"price":0,"sale_price":0,"active":false,"url":null,"parent_url":"","tax_rate":0,"price_inc_tax":0,"sale_price_inc_tax":0},"fr":{"price":0,"sale_price":0,"active":false,"url":null,"parent_url":"","tax_rate":0,"price_inc_tax":0,"sale_price_inc_tax":0},"ch":{"price":0,"sale_price":0,"active":false,"url":null,"parent_url":"","tax_rate":0,"price_inc_tax":0,"sale_price_inc_tax":0},"at":{"price":0,"sale_price":0,"active":false,"url":null,"parent_url":"","tax_rate":0,"price_inc_tax":0,"sale_price_inc_tax":0},"es":{"price":0,"sale_price":0,"active":false,"url":null,"parent_url":"","tax_rate":0,"price_inc_tax":0,"sale_price_inc_tax":0},"dk":{"price":0,"sale_price":0,"active":false,"url":null,"parent_url":"","tax_rate":0,"price_inc_tax":0,"sale_price_inc_tax":0},"com":{"price":0,"sale_price":0,"active":false,"url":null,"parent_url":"","tax_rate":0,"price_inc_tax":0,"sale_price_inc_tax":0}},"market_nl_price":0,"market_nl_sale_price":0,"market_nl_active":false,"market_nl_url":null,"market_nl_parent_url":"","market_nl_tax_rate":0,"market_nl_price_inc_tax":0,"market_nl_sale_price_inc_tax":0,"market_de_price":0,"market_de_sale_price":0,"market_de_active":false,"market_de_url":null,"market_de_parent_url":"","market_de_tax_rate":0,"market_de_price_inc_tax":0,"market_de_sale_price_inc_tax":0,"market_be_price":0,"market_be_sale_price":0,"market_be_active":false,"market_be_url":null,"market_be_parent_url":"","market_be_tax_rate":0,"market_be_price_inc_tax":0,"market_be_sale_price_inc_tax":0,"market_fr_price":0,"market_fr_sale_price":0,"market_fr_active":false,"market_fr_url":null,"market_fr_parent_url":"","market_fr_tax_rate":0,"market_fr_price_inc_tax":0,"market_fr_sale_price_inc_tax":0,"market_ch_price":0,"market_ch_sale_price":0,"market_ch_active":false,"market_ch_url":null,"market_ch_parent_url":"","market_ch_tax_rate":0,"market_ch_price_inc_tax":0,"market_ch_sale_price_inc_tax":0,"market_at_price":0,"market_at_sale_price":0,"market_at_active":false,"market_at_url":null,"market_at_parent_url":"","market_at_tax_rate":0,"market_at_price_inc_tax":0,"market_at_sale_price_inc_tax":0,"market_es_price":0,"market_es_sale_price":0,"market_es_active":false,"market_es_url":null,"market_es_parent_url":"","market_es_tax_rate":0,"market_es_price_inc_tax":0,"market_es_sale_price_inc_tax":0,"market_dk_price":0,"market_dk_sale_price":0,"market_dk_active":false,"market_dk_url":null,"market_dk_parent_url":"","market_dk_tax_rate":0,"market_dk_price_inc_tax":0,"market_dk_sale_price_inc_tax":0,"market_com_price":0,"market_com_sale_price":0,"market_com_active":false,"market_com_url":null,"market_com_parent_url":"","market_com_tax_rate":0,"market_com_price_inc_tax":0,"market_com_sale_price_inc_tax":0,"acf":[],"_links":{"self":[{"href":"https:\/\/www.pharmacy4pets.nl\/be\/wp-json\/wp\/v2\/product\/119092","targetHints":{"allow":["GET"]}}],"collection":[{"href":"https:\/\/www.pharmacy4pets.nl\/be\/wp-json\/wp\/v2\/product"}],"about":[{"href":"https:\/\/www.pharmacy4pets.nl\/be\/wp-json\/wp\/v2\/types\/product"}],"replies":[{"embeddable":true,"href":"https:\/\/www.pharmacy4pets.nl\/be\/wp-json\/wp\/v2\/comments?post=119092"}],"wp:featuredmedia":[{"embeddable":true,"href":"https:\/\/www.pharmacy4pets.nl\/be\/wp-json\/wp\/v2\/media\/119089"}],"wp:attachment":[{"href":"https:\/\/www.pharmacy4pets.nl\/be\/wp-json\/wp\/v2\/media?parent=119092"}],"wp:term":[{"taxonomy":"product_brand","embeddable":true,"href":"https:\/\/www.pharmacy4pets.nl\/be\/wp-json\/wp\/v2\/product_brand?post=119092"},{"taxonomy":"product_cat","embeddable":true,"href":"https:\/\/www.pharmacy4pets.nl\/be\/wp-json\/wp\/v2\/product_cat?post=119092"},{"taxonomy":"product_tag","embeddable":true,"href":"https:\/\/www.pharmacy4pets.nl\/be\/wp-json\/wp\/v2\/product_tag?post=119092"}],"curies":[{"name":"wp","href":"https:\/\/api.w.org\/{rel}","templated":true}]}}