{"id":119062,"date":"2019-08-14T12:43:57","date_gmt":"2019-08-14T12:43:57","guid":{"rendered":"https:\/\/p4p.test\/sanimed-intestinal-hund-1-5-kg"},"modified":"2026-04-14T08:03:36","modified_gmt":"2026-04-14T08:03:36","slug":"sanimed-intestinal-hund-1-5-kg","status":"publish","type":"product","link":"https:\/\/www.pharmacy4pets.nl\/be\/sanimed-intestinal-hund-1-5-kg","title":{"rendered":"Sanimed Intestinal hond | 1,5 kg"},"content":{"rendered":"<p>Sanimed Intestinal voor de hond is een dieetvoeding ter compensatie van een slechte spijsvertering, ter vermindering van acute intestinale absorptiestoornissen in de darmen en ter vermindering van intoleranties voor bepaalde ingredi&euml;nten en\/of voedingsstoffen. Sanimed Intestinal bevat insect als enige dierlijke eiwitbron. Dankzij het verlaagde vetgehalte (8,5%) is het product ook te gebruiken voor pancreatitis pati&euml;nten.<\/p>\n<p>Sanimed Intestinal:<br \/>&bull; bij acute diarree of tijdens de daarop volgende herstelperiode<br \/>&bull; helpt voedselintoleranties verminderen dankzij insect als enige intacte eiwitbron<br \/>&bull; bevordert de opname van voedingsstoffen dankzij hoog verteerbare eiwitten en koolhydraten en een matig vetgehalte<br \/>&bull; biedt ondersteuning aan het immuunsysteem<br \/>&bull; helpt de ontstekingsreactie verminderen<br \/>&bull; helpt het elektrolyten verlies bij dunne ontlasting compenseren<br \/>&bull; geschikt voor honden vanaf 14 weken<\/p>\n","protected":false},"excerpt":{"rendered":"<p>Sanimed Intestinal voor de hond is een dieetvoeding ter compensatie van een slechte spijsvertering, ter vermindering van acute intestinale absorptiestoornissen in de darmen en ter vermindering van intoleranties voor bepaalde ingredi&euml;nten en\/of voedingsstoffen. Sanimed Intestinal bevat insect als enige dierlijke eiwitbron. Dankzij het verlaagde vetgehalte (8,5%) is het product ook te gebruiken voor pancreatitis pati&euml;nten. [&hellip;]<\/p>\n","protected":false},"featured_media":119059,"comment_status":"open","ping_status":"closed","template":"","meta":{"_acf_changed":false,"_nl_post_content":"<p>Sanimed Intestinal voor de hond is een dieetvoeding ter compensatie van een slechte spijsvertering, ter vermindering van acute intestinale absorptiestoornissen in de darmen en ter vermindering van intoleranties voor bepaalde ingredi&euml;nten en\/of voedingsstoffen. Sanimed Intestinal bevat insect als enige dierlijke eiwitbron. Dankzij het verlaagde vetgehalte (8,5%) is het product ook te gebruiken voor pancreatitis pati&euml;nten.<\/p>\r\n<p>Sanimed Intestinal:<br \/>&bull; bij acute diarree of tijdens de daarop volgende herstelperiode<br \/>&bull; helpt voedselintoleranties verminderen dankzij insect als enige intacte eiwitbron<br \/>&bull; bevordert de opname van voedingsstoffen dankzij hoog verteerbare eiwitten en koolhydraten en een matig vetgehalte<br \/>&bull; biedt ondersteuning aan het immuunsysteem<br \/>&bull; helpt de ontstekingsreactie verminderen<br \/>&bull; helpt het elektrolyten verlies bij dunne ontlasting compenseren<br \/>&bull; geschikt voor honden vanaf 14 weken<\/p>","_nl_post_name":"sanimed-intestinal-hund-1-5-kg","_nl_post_excerpt":"","_nl_post_title":"Sanimed Intestinal hond | 1,5 kg","_en_post_content":"<p>Sanimed Intestinal dog food is a dietary food to compensate for poor digestion, to reduce acute intestinal absorption disorders and to reduce intolerances to certain ingredients and\/or nutrients. Sanimed Intestinal contains insect as the only animal protein source. Thanks to the reduced fat content (8.5%), the product can also be used for pancreatitis patients.<\/p>\r\n<p>Sanimed Intestinal:<br \/>&bull; with acute diarrhea or during the subsequent recovery period<br \/>&bull; helps reduce food intolerances thanks to insect as the only intact protein source<br \/>&bull; promotes the absorption of nutrients thanks to highly digestible proteins and carbohydrates and a moderate fat content<br \/>&bull; provides support to the immune system<br \/>&bull; helps reduce the inflammatory response<br \/>&bull; helps to compensate for electrolyte loss with thin stools<br \/>&bull; suitable for dogs from 14 weeks of age<\/p>","_en_post_name":"sanimed-intestinal-dog-1-5-kg","_en_post_excerpt":"","_en_post_title":"Sanimed Intestinal dog | 1,5 kg ","_de_post_content":"<p>Sanimed Intestinal Hundefutter ist ein di&auml;tetisches Futtermittel, das die schlechte Verdauung ausgleicht, akute intestinale Resorptionsst&ouml;rungen im Darm und Intoleranzen f&uuml;r bestimmte Inhaltsstoffe und\/oder N&auml;hrstoffe reduziert. Sanimed Intestinal enth&auml;lt Insekten als einzige tierische Proteinquelle. Dank des reduzierten Fettgehalts (8,5%) kann das Produkt auch bei Pankreatitis-Patienten eingesetzt werden.<\/p>\r\n<p>Sanimed Intestinal:<br \/>&bull; bei akutem Durchfall oder w&auml;hrend der anschlie&szlig;enden Erholungsphase<br \/>&bull; hilft bei der Verringerung von Nahrungsmittelunvertr&auml;glichkeiten durch Insekten als einzige intakte Proteinquelle<br \/>&bull; f&ouml;rdert die Aufnahme von N&auml;hrstoffen durch hochverdauliche Proteine und Kohlenhydrate und einen moderaten Fettgehalt<br \/>&bull; unterst&uuml;tzt das Immunsystem<br \/>&bull; reduziert die Entz&uuml;ndungsreaktion<br \/>&bull; hilft den Elektrolytverlust mit losem Stuhl zu kompensieren<br \/>&bull; geeignet f&uuml;r Hunde ab 14 Wochen<\/p>","_de_post_name":"sanimed-intestinal-hund-1-5-kg","_de_post_excerpt":"","_de_post_title":"Sanimed Intestinal Hund | 1,5 kg ","_fr_post_content":"<p>Sanimed Intestinal voor de hond is een dieetvoeding ter compensatie van een slechte spijsvertering, ter vermindering van acute intestinale absorptiestoornissen in de darmen en ter vermindering van intoleranties<\/p>\r\n<p>Sanimed Intestinal pour chiens est un aliment di\u00e9t\u00e9tique destin\u00e9 \u00e0 compenser une mauvaise digestion, \u00e0 r\u00e9duire les troubles aigus de l'absorption intestinale et \u00e0 r\u00e9duire les intol\u00e9rances \u00e0 certains ingr\u00e9dients et\/ou nutriments. Sanimed Intestinal contient de l'insecte comme seule source de prot\u00e9ines animales. Gr\u00e2ce \u00e0 sa teneur r\u00e9duite en graisses (8,5 %), le produit peut \u00e9galement \u00eatre utilis\u00e9 pour les patients atteints de pancr\u00e9atite.<\/p>\r\n<p>Sanimed Intestinal :<\/p>\r\n<ul>\r\n<li>pour une diarrh\u00e9e aigu\u00eb ou pendant la p\u00e9riode de r\u00e9tablissement qui suit<\/li>\r\n<li>aide \u00e0 r\u00e9duire les intol\u00e9rances alimentaires gr\u00e2ce \u00e0 l'insecte, seule source intacte de prot\u00e9ines<\/li>\r\n<li>favorise l'absorption des nutriments gr\u00e2ce \u00e0 des prot\u00e9ines et des glucides hautement digestibles et \u00e0 une teneur mod\u00e9r\u00e9e en graisses.<\/li>\r\n<li>soutient le syst\u00e8me immunitaire<\/li>\r\n<li>aide \u00e0 r\u00e9duire l'inflammation<\/li>\r\n<li>aide \u00e0 compenser la perte d'\u00e9lectrolytes dans les selles fines<\/li>\r\n<li>convient aux chiens \u00e2g\u00e9s de 14 semaines et plus<\/li>\r\n<\/ul>","_fr_post_name":"sanimed-intestinal-chien-1-5-kg","_fr_post_excerpt":"","_fr_post_title":"Sanimed Intestinal chien | 1,5 kg ","_es_post_content":"<p>Sanimed Intestinal voor de hond is een dieetvoeding ter compensatie van een slechte spijsvertering, ter vermindering van acute intestinale absorptiestoornissen in de darmen en ter vermindering van intoleranties voor bepaalde ingredi&euml;nten en\/of voedingsstoffen. Sanimed Intestinal bevat insect als enige dierlijke eiwitbron. Dankzij het verlaagde vetgehalte (8,5%) is het product ook te gebruiken voor pancreatitis pati&euml;nten.<\/p>\r\n<p>Sanimed Intestinal:<br \/>&bull; bij acute diarree of tijdens de daarop volgende herstelperiode<br \/>&bull; helpt voedselintoleranties verminderen dankzij insect als enige intacte eiwitbron<br \/>&bull; bevordert de opname van voedingsstoffen dankzij hoog verteerbare eiwitten en koolhydraten en een matig vetgehalte<br \/>&bull; biedt ondersteuning aan het immuunsysteem<br \/>&bull; helpt de ontstekingsreactie verminderen<br \/>&bull; helpt het elektrolyten verlies bij dunne ontlasting compenseren<br \/>&bull; geschikt voor honden vanaf 14 weken<\/p>","_es_post_name":"sanimed-intestinal-hund-1-5-kg","_es_post_excerpt":"","_es_post_title":"Sanimed Intestinal hond | 1,5 kg ","edit_language":"nl"},"product_brand":[],"product_cat":[1858,1117,1856,1857,1951],"product_tag":[],"class_list":{"0":"post-119062","1":"product","2":"type-product","3":"status-publish","4":"has-post-thumbnail","6":"product_cat-dieetvoer","7":"product_cat-honden","8":"product_cat-hondenvoer","9":"product_cat-merken","10":"product_cat-sanimed","11":"pa_aandoening-spijsvertering","12":"pa_doeldier-hond","13":"pa_fabricatieland-nederland","14":"pa_levensfase-junior","15":"pa_levensfase-puppy","16":"pa_levensfase-senior","17":"pa_levensfase-volwassen","18":"pa_merkfilter-sanimed","19":"pa_merkgroep-vobra","20":"pa_product_conditions-sanimed_popup","21":"pa_productsoort-voeding","22":"pa_seo_canonical_store_id-not_found_value","23":"pa_seo_category-not_found_value","24":"pa_seo_meta_robots-not_found_value","25":"pa_toedieningswijze-droogvoer","26":"pa_unit_pricing_base_measure-1kg","27":"pa_unit_pricing_measure-1_5kg","28":"pa_werkzamestof-overig","30":"first","31":"instock","32":"taxable","33":"shipping-taxable","34":"purchasable","35":"product-type-simple"},"yoast_head":"<!-- This site is optimized with the Yoast SEO plugin v27.5 - https:\/\/yoast.com\/product\/yoast-seo-wordpress\/ -->\n<title>Sanimed Intestinal hond | 1,5 kg | Pharmacy4pets<\/title>\n<meta name=\"robots\" content=\"index, follow, max-snippet:-1, max-image-preview:large, max-video-preview:-1\" \/>\n<link rel=\"canonical\" href=\"https:\/\/www.pharmacy4pets.nl\/sanimed-intestinal-hund-1-5-kg\" \/>\n<meta property=\"og:locale\" content=\"nl_NL\" \/>\n<meta property=\"og:type\" content=\"article\" \/>\n<meta property=\"og:title\" content=\"Sanimed Intestinal hond | 1,5 kg | Pharmacy4pets\" \/>\n<meta property=\"og:description\" content=\"Sanimed Intestinal voor de hond is een dieetvoeding ter compensatie van een slechte spijsvertering, ter vermindering van acute intestinale absorptiestoornissen in de darmen en ter vermindering van intoleranties voor bepaalde ingredi&euml;nten en\/of voedingsstoffen. Sanimed Intestinal bevat insect als enige dierlijke eiwitbron. Dankzij het verlaagde vetgehalte (8,5%) is het product ook te gebruiken voor pancreatitis pati&euml;nten. [&hellip;]\" \/>\n<meta property=\"og:url\" content=\"https:\/\/www.pharmacy4pets.nl\/sanimed-intestinal-hund-1-5-kg\" \/>\n<meta property=\"og:site_name\" content=\"Pharmacy4pets\" \/>\n<meta property=\"article:publisher\" content=\"https:\/\/www.facebook.com\/people\/Pharmacy4petsnl\/100063484989896\/\" \/>\n<meta property=\"article:modified_time\" content=\"2026-04-14T08:03:36+00:00\" \/>\n<meta property=\"og:image\" content=\"https:\/\/www.pharmacy4pets.nl\/wp-content\/uploads\/2019\/08\/21700_1.jpg\" \/>\n\t<meta property=\"og:image:width\" content=\"700\" \/>\n\t<meta property=\"og:image:height\" content=\"700\" \/>\n\t<meta property=\"og:image:type\" content=\"image\/jpeg\" \/>\n<meta name=\"twitter:card\" content=\"summary_large_image\" \/>\n<meta name=\"twitter:label1\" content=\"Geschatte leestijd\" \/>\n\t<meta name=\"twitter:data1\" content=\"1 minuut\" \/>\n<script type=\"application\/ld+json\" class=\"yoast-schema-graph\">{\"@context\":\"https:\\\/\\\/schema.org\",\"@graph\":[{\"@type\":\"WebPage\",\"@id\":\"https:\\\/\\\/www.pharmacy4pets.nl\\\/sanimed-intestinal-hund-1-5-kg\",\"url\":\"https:\\\/\\\/www.pharmacy4pets.nl\\\/sanimed-intestinal-hund-1-5-kg\",\"name\":\"Sanimed Intestinal hond | 1,5 kg | Pharmacy4pets\",\"isPartOf\":{\"@id\":\"https:\\\/\\\/www.pharmacy4pets.nl\\\/be\\\/#website\"},\"primaryImageOfPage\":{\"@id\":\"https:\\\/\\\/www.pharmacy4pets.nl\\\/sanimed-intestinal-hund-1-5-kg#primaryimage\"},\"image\":{\"@id\":\"https:\\\/\\\/www.pharmacy4pets.nl\\\/sanimed-intestinal-hund-1-5-kg#primaryimage\"},\"thumbnailUrl\":\"https:\\\/\\\/www.pharmacy4pets.nl\\\/wp-content\\\/uploads\\\/2019\\\/08\\\/21700_1.jpg\",\"datePublished\":\"2019-08-14T12:43:57+00:00\",\"dateModified\":\"2026-04-14T08:03:36+00:00\",\"breadcrumb\":{\"@id\":\"https:\\\/\\\/www.pharmacy4pets.nl\\\/sanimed-intestinal-hund-1-5-kg#breadcrumb\"},\"inLanguage\":\"nl-NL\",\"potentialAction\":[{\"@type\":\"ReadAction\",\"target\":[\"https:\\\/\\\/www.pharmacy4pets.nl\\\/sanimed-intestinal-hund-1-5-kg\"]}]},{\"@type\":\"ImageObject\",\"inLanguage\":\"nl-NL\",\"@id\":\"https:\\\/\\\/www.pharmacy4pets.nl\\\/sanimed-intestinal-hund-1-5-kg#primaryimage\",\"url\":\"https:\\\/\\\/www.pharmacy4pets.nl\\\/wp-content\\\/uploads\\\/2019\\\/08\\\/21700_1.jpg\",\"contentUrl\":\"https:\\\/\\\/www.pharmacy4pets.nl\\\/wp-content\\\/uploads\\\/2019\\\/08\\\/21700_1.jpg\",\"width\":700,\"height\":700,\"caption\":\"Sanimed\"},{\"@type\":\"BreadcrumbList\",\"@id\":\"https:\\\/\\\/www.pharmacy4pets.nl\\\/sanimed-intestinal-hund-1-5-kg#breadcrumb\",\"itemListElement\":[{\"@type\":\"ListItem\",\"position\":1,\"name\":\"Home\",\"item\":\"https:\\\/\\\/p4p-nl.bootmine.com\\\/\"},{\"@type\":\"ListItem\",\"position\":2,\"name\":\"Winkel\",\"item\":\"https:\\\/\\\/www.pharmacy4pets.nl\\\/be\\\/winkel\"},{\"@type\":\"ListItem\",\"position\":3,\"name\":\"Sanimed Intestinal hond | 1,5 kg\"}]},{\"@type\":\"WebSite\",\"@id\":\"https:\\\/\\\/www.pharmacy4pets.nl\\\/be\\\/#website\",\"url\":\"https:\\\/\\\/www.pharmacy4pets.nl\\\/be\\\/\",\"name\":\"Pharmacy4pets\",\"description\":\"Pharmacy4pets.nl is d\u00e9 online apotheek waar u terecht kunt voor alle diergeneesmiddelen, verzorgingsproducten en dieetvoeding voor uw huisdier.\",\"publisher\":{\"@id\":\"https:\\\/\\\/www.pharmacy4pets.nl\\\/be\\\/#organization\"},\"potentialAction\":[{\"@type\":\"SearchAction\",\"target\":{\"@type\":\"EntryPoint\",\"urlTemplate\":\"https:\\\/\\\/www.pharmacy4pets.nl\\\/be\\\/?s={search_term_string}\"},\"query-input\":{\"@type\":\"PropertyValueSpecification\",\"valueRequired\":true,\"valueName\":\"search_term_string\"}}],\"inLanguage\":\"nl-NL\"},{\"@type\":\"Organization\",\"@id\":\"https:\\\/\\\/www.pharmacy4pets.nl\\\/be\\\/#organization\",\"name\":\"Pharmacy4pets\",\"url\":\"https:\\\/\\\/www.pharmacy4pets.nl\\\/be\\\/\",\"logo\":{\"@type\":\"ImageObject\",\"inLanguage\":\"nl-NL\",\"@id\":\"https:\\\/\\\/www.pharmacy4pets.nl\\\/be\\\/#\\\/schema\\\/logo\\\/image\\\/\",\"url\":\"https:\\\/\\\/p4p-nl.bootmine.com\\\/wp-content\\\/uploads\\\/2026\\\/03\\\/logo-pharmacy4pets.png\",\"contentUrl\":\"https:\\\/\\\/p4p-nl.bootmine.com\\\/wp-content\\\/uploads\\\/2026\\\/03\\\/logo-pharmacy4pets.png\",\"width\":1024,\"height\":135,\"caption\":\"Pharmacy4pets\"},\"image\":{\"@id\":\"https:\\\/\\\/www.pharmacy4pets.nl\\\/be\\\/#\\\/schema\\\/logo\\\/image\\\/\"},\"sameAs\":[\"https:\\\/\\\/www.facebook.com\\\/people\\\/Pharmacy4petsnl\\\/100063484989896\\\/\",\"https:\\\/\\\/www.youtube.com\\\/channel\\\/UCGPTIgucgli03tP2_kvLkHg\\\/featured\",\"https:\\\/\\\/www.instagram.com\\\/pharmacy4pets.nl\"]}]}<\/script>\n<!-- \/ Yoast SEO plugin. -->","yoast_head_json":{"title":"Sanimed Intestinal hond | 1,5 kg | Pharmacy4pets","robots":{"index":"index","follow":"follow","max-snippet":"max-snippet:-1","max-image-preview":"max-image-preview:large","max-video-preview":"max-video-preview:-1"},"canonical":"https:\/\/www.pharmacy4pets.nl\/sanimed-intestinal-hund-1-5-kg","og_locale":"nl_NL","og_type":"article","og_title":"Sanimed Intestinal hond | 1,5 kg | Pharmacy4pets","og_description":"Sanimed Intestinal voor de hond is een dieetvoeding ter compensatie van een slechte spijsvertering, ter vermindering van acute intestinale absorptiestoornissen in de darmen en ter vermindering van intoleranties voor bepaalde ingredi&euml;nten en\/of voedingsstoffen. Sanimed Intestinal bevat insect als enige dierlijke eiwitbron. Dankzij het verlaagde vetgehalte (8,5%) is het product ook te gebruiken voor pancreatitis pati&euml;nten. [&hellip;]","og_url":"https:\/\/www.pharmacy4pets.nl\/sanimed-intestinal-hund-1-5-kg","og_site_name":"Pharmacy4pets","article_publisher":"https:\/\/www.facebook.com\/people\/Pharmacy4petsnl\/100063484989896\/","article_modified_time":"2026-04-14T08:03:36+00:00","og_image":[{"width":700,"height":700,"url":"https:\/\/www.pharmacy4pets.nl\/wp-content\/uploads\/2019\/08\/21700_1.jpg","type":"image\/jpeg"}],"twitter_card":"summary_large_image","twitter_misc":{"Geschatte leestijd":"1 minuut"},"schema":{"@context":"https:\/\/schema.org","@graph":[{"@type":"WebPage","@id":"https:\/\/www.pharmacy4pets.nl\/sanimed-intestinal-hund-1-5-kg","url":"https:\/\/www.pharmacy4pets.nl\/sanimed-intestinal-hund-1-5-kg","name":"Sanimed Intestinal hond | 1,5 kg | Pharmacy4pets","isPartOf":{"@id":"https:\/\/www.pharmacy4pets.nl\/be\/#website"},"primaryImageOfPage":{"@id":"https:\/\/www.pharmacy4pets.nl\/sanimed-intestinal-hund-1-5-kg#primaryimage"},"image":{"@id":"https:\/\/www.pharmacy4pets.nl\/sanimed-intestinal-hund-1-5-kg#primaryimage"},"thumbnailUrl":"https:\/\/www.pharmacy4pets.nl\/wp-content\/uploads\/2019\/08\/21700_1.jpg","datePublished":"2019-08-14T12:43:57+00:00","dateModified":"2026-04-14T08:03:36+00:00","breadcrumb":{"@id":"https:\/\/www.pharmacy4pets.nl\/sanimed-intestinal-hund-1-5-kg#breadcrumb"},"inLanguage":"nl-NL","potentialAction":[{"@type":"ReadAction","target":["https:\/\/www.pharmacy4pets.nl\/sanimed-intestinal-hund-1-5-kg"]}]},{"@type":"ImageObject","inLanguage":"nl-NL","@id":"https:\/\/www.pharmacy4pets.nl\/sanimed-intestinal-hund-1-5-kg#primaryimage","url":"https:\/\/www.pharmacy4pets.nl\/wp-content\/uploads\/2019\/08\/21700_1.jpg","contentUrl":"https:\/\/www.pharmacy4pets.nl\/wp-content\/uploads\/2019\/08\/21700_1.jpg","width":700,"height":700,"caption":"Sanimed"},{"@type":"BreadcrumbList","@id":"https:\/\/www.pharmacy4pets.nl\/sanimed-intestinal-hund-1-5-kg#breadcrumb","itemListElement":[{"@type":"ListItem","position":1,"name":"Home","item":"https:\/\/p4p-nl.bootmine.com\/"},{"@type":"ListItem","position":2,"name":"Winkel","item":"https:\/\/www.pharmacy4pets.nl\/be\/winkel"},{"@type":"ListItem","position":3,"name":"Sanimed Intestinal hond | 1,5 kg"}]},{"@type":"WebSite","@id":"https:\/\/www.pharmacy4pets.nl\/be\/#website","url":"https:\/\/www.pharmacy4pets.nl\/be\/","name":"Pharmacy4pets","description":"Pharmacy4pets.nl is d\u00e9 online apotheek waar u terecht kunt voor alle diergeneesmiddelen, verzorgingsproducten en dieetvoeding voor uw huisdier.","publisher":{"@id":"https:\/\/www.pharmacy4pets.nl\/be\/#organization"},"potentialAction":[{"@type":"SearchAction","target":{"@type":"EntryPoint","urlTemplate":"https:\/\/www.pharmacy4pets.nl\/be\/?s={search_term_string}"},"query-input":{"@type":"PropertyValueSpecification","valueRequired":true,"valueName":"search_term_string"}}],"inLanguage":"nl-NL"},{"@type":"Organization","@id":"https:\/\/www.pharmacy4pets.nl\/be\/#organization","name":"Pharmacy4pets","url":"https:\/\/www.pharmacy4pets.nl\/be\/","logo":{"@type":"ImageObject","inLanguage":"nl-NL","@id":"https:\/\/www.pharmacy4pets.nl\/be\/#\/schema\/logo\/image\/","url":"https:\/\/p4p-nl.bootmine.com\/wp-content\/uploads\/2026\/03\/logo-pharmacy4pets.png","contentUrl":"https:\/\/p4p-nl.bootmine.com\/wp-content\/uploads\/2026\/03\/logo-pharmacy4pets.png","width":1024,"height":135,"caption":"Pharmacy4pets"},"image":{"@id":"https:\/\/www.pharmacy4pets.nl\/be\/#\/schema\/logo\/image\/"},"sameAs":["https:\/\/www.facebook.com\/people\/Pharmacy4petsnl\/100063484989896\/","https:\/\/www.youtube.com\/channel\/UCGPTIgucgli03tP2_kvLkHg\/featured","https:\/\/www.instagram.com\/pharmacy4pets.nl"]}]}},"market_data":{"nl":{"price":0,"sale_price":0,"active":false,"url":"","parent_url":"","tax_rate":0,"price_inc_tax":0,"sale_price_inc_tax":0},"de":{"price":0,"sale_price":0,"active":false,"url":"","parent_url":"","tax_rate":0,"price_inc_tax":0,"sale_price_inc_tax":0},"be":{"price":0,"sale_price":0,"active":false,"url":"","parent_url":"","tax_rate":0,"price_inc_tax":0,"sale_price_inc_tax":0},"fr":{"price":0,"sale_price":0,"active":false,"url":"","parent_url":"","tax_rate":0,"price_inc_tax":0,"sale_price_inc_tax":0},"ch":{"price":0,"sale_price":0,"active":false,"url":"","parent_url":"","tax_rate":0,"price_inc_tax":0,"sale_price_inc_tax":0},"at":{"price":0,"sale_price":0,"active":false,"url":"","parent_url":"","tax_rate":0,"price_inc_tax":0,"sale_price_inc_tax":0},"es":{"price":0,"sale_price":0,"active":false,"url":"","parent_url":"","tax_rate":0,"price_inc_tax":0,"sale_price_inc_tax":0},"dk":{"price":0,"sale_price":0,"active":false,"url":"","parent_url":"","tax_rate":0,"price_inc_tax":0,"sale_price_inc_tax":0},"com":{"price":0,"sale_price":0,"active":false,"url":"","parent_url":"","tax_rate":0,"price_inc_tax":0,"sale_price_inc_tax":0}},"market_nl_price":0,"market_nl_sale_price":0,"market_nl_active":false,"market_nl_url":"","market_nl_parent_url":"","market_nl_tax_rate":0,"market_nl_price_inc_tax":0,"market_nl_sale_price_inc_tax":0,"market_de_price":0,"market_de_sale_price":0,"market_de_active":false,"market_de_url":"","market_de_parent_url":"","market_de_tax_rate":0,"market_de_price_inc_tax":0,"market_de_sale_price_inc_tax":0,"market_be_price":0,"market_be_sale_price":0,"market_be_active":false,"market_be_url":"","market_be_parent_url":"","market_be_tax_rate":0,"market_be_price_inc_tax":0,"market_be_sale_price_inc_tax":0,"market_fr_price":0,"market_fr_sale_price":0,"market_fr_active":false,"market_fr_url":"","market_fr_parent_url":"","market_fr_tax_rate":0,"market_fr_price_inc_tax":0,"market_fr_sale_price_inc_tax":0,"market_ch_price":0,"market_ch_sale_price":0,"market_ch_active":false,"market_ch_url":"","market_ch_parent_url":"","market_ch_tax_rate":0,"market_ch_price_inc_tax":0,"market_ch_sale_price_inc_tax":0,"market_at_price":0,"market_at_sale_price":0,"market_at_active":false,"market_at_url":"","market_at_parent_url":"","market_at_tax_rate":0,"market_at_price_inc_tax":0,"market_at_sale_price_inc_tax":0,"market_es_price":0,"market_es_sale_price":0,"market_es_active":false,"market_es_url":"","market_es_parent_url":"","market_es_tax_rate":0,"market_es_price_inc_tax":0,"market_es_sale_price_inc_tax":0,"market_dk_price":0,"market_dk_sale_price":0,"market_dk_active":false,"market_dk_url":"","market_dk_parent_url":"","market_dk_tax_rate":0,"market_dk_price_inc_tax":0,"market_dk_sale_price_inc_tax":0,"market_com_price":0,"market_com_sale_price":0,"market_com_active":false,"market_com_url":"","market_com_parent_url":"","market_com_tax_rate":0,"market_com_price_inc_tax":0,"market_com_sale_price_inc_tax":0,"acf":[],"_links":{"self":[{"href":"https:\/\/www.pharmacy4pets.nl\/be\/wp-json\/wp\/v2\/product\/119062","targetHints":{"allow":["GET"]}}],"collection":[{"href":"https:\/\/www.pharmacy4pets.nl\/be\/wp-json\/wp\/v2\/product"}],"about":[{"href":"https:\/\/www.pharmacy4pets.nl\/be\/wp-json\/wp\/v2\/types\/product"}],"replies":[{"embeddable":true,"href":"https:\/\/www.pharmacy4pets.nl\/be\/wp-json\/wp\/v2\/comments?post=119062"}],"wp:featuredmedia":[{"embeddable":true,"href":"https:\/\/www.pharmacy4pets.nl\/be\/wp-json\/wp\/v2\/media\/119059"}],"wp:attachment":[{"href":"https:\/\/www.pharmacy4pets.nl\/be\/wp-json\/wp\/v2\/media?parent=119062"}],"wp:term":[{"taxonomy":"product_brand","embeddable":true,"href":"https:\/\/www.pharmacy4pets.nl\/be\/wp-json\/wp\/v2\/product_brand?post=119062"},{"taxonomy":"product_cat","embeddable":true,"href":"https:\/\/www.pharmacy4pets.nl\/be\/wp-json\/wp\/v2\/product_cat?post=119062"},{"taxonomy":"product_tag","embeddable":true,"href":"https:\/\/www.pharmacy4pets.nl\/be\/wp-json\/wp\/v2\/product_tag?post=119062"}],"curies":[{"name":"wp","href":"https:\/\/api.w.org\/{rel}","templated":true}]}}