{"id":119058,"date":"2019-08-14T11:24:59","date_gmt":"2019-08-14T11:24:59","guid":{"rendered":"https:\/\/p4p.test\/sanimed-anti-struvite-hond"},"modified":"2026-03-25T12:00:28","modified_gmt":"2026-03-25T12:00:28","slug":"sanimed-anti-struvite-hond","status":"publish","type":"product","link":"https:\/\/www.pharmacy4pets.nl\/be\/sanimed-anti-struvite-hond","title":{"rendered":"Sanimed Anti Struvite hond"},"content":{"rendered":"<p>Sanimed Anti Struvite voor de hond is een dieetvoeding voor volwassen honden voor het oplossen van struvietstenen.<\/p>\n<p>Sanimed Anti Struvite:<br \/>&bull; helpt aanwezig struviet oplossen en struvietvorming te voorkomen dankzij de urineverzurende werking<br \/>&bull; verlaagt de magnesiumconcentratie in de urine dankzij het lage magnesiumgehalte<br \/>&bull; verlaagt de fosfaatconcentratie in de urine dankzij het lage beschikbare fosforgehalte<br \/>&bull; verlaagt de ammoniumconcentratie in de urine dankzij het lage eiwitgehalte<br \/>&bull; helpt de vorming van calciumoxalaat tegengaan door het lage calcium- en eiwitgehalte<\/p>\n<p>Door onder meer de lagere gehaltes fosfor, eiwit en calcium adviseren we om Sanimed Anti Struvite niet te gebruiken voor drachtige honden.<\/p>\n","protected":false},"excerpt":{"rendered":"<p>Sanimed Anti Struvite voor de hond is een dieetvoeding voor volwassen honden voor het oplossen van struvietstenen. Sanimed Anti Struvite:&bull; helpt aanwezig struviet oplossen en struvietvorming te voorkomen dankzij de urineverzurende werking&bull; verlaagt de magnesiumconcentratie in de urine dankzij het lage magnesiumgehalte&bull; verlaagt de fosfaatconcentratie in de urine dankzij het lage beschikbare fosforgehalte&bull; verlaagt de [&hellip;]<\/p>\n","protected":false},"featured_media":119054,"comment_status":"open","ping_status":"closed","template":"","meta":{"_acf_changed":false,"_nl_post_content":"<p>Sanimed Anti Struvite voor de hond is een dieetvoeding voor volwassen honden voor het oplossen van struvietstenen.<\/p>\r\n<p>Sanimed Anti Struvite:<br \/>&bull; helpt aanwezig struviet oplossen en struvietvorming te voorkomen dankzij de urineverzurende werking<br \/>&bull; verlaagt de magnesiumconcentratie in de urine dankzij het lage magnesiumgehalte<br \/>&bull; verlaagt de fosfaatconcentratie in de urine dankzij het lage beschikbare fosforgehalte<br \/>&bull; verlaagt de ammoniumconcentratie in de urine dankzij het lage eiwitgehalte<br \/>&bull; helpt de vorming van calciumoxalaat tegengaan door het lage calcium- en eiwitgehalte<\/p>\r\n<p>Door onder meer de lagere gehaltes fosfor, eiwit en calcium adviseren we om Sanimed Anti Struvite niet te gebruiken voor drachtige honden.<\/p>","_nl_post_name":"sanimed-anti-struvite-hond","_nl_post_excerpt":"","_nl_post_title":"Sanimed Anti Struvite hond","_en_post_content":"<p>Sanimed Anti Struvite dog food is a dietary food for adult dogs for dissolving struvite stones.<\/p>\r\n<p>Sanimed Anti Struvite:<br \/>&bull; helps dissolve struvite and prevent struvite formation thanks to the urine acidifying effect<br \/>&bull; reduces the magnesium concentration in the urine thanks to the low magnesium content<br \/>&bull; reduces the phosphate concentration in the urine thanks to the low available phosphorus content<br \/>&bull; reduces the ammonium concentration in the urine thanks to the low protein content<br \/>&bull; helps prevent the formation of calcium oxalate due to the low calcium and protein content<\/p>\r\n<p>Due to, among other things, the lower levels of phosphorus, protein and calcium, we recommend not to use Sanimed Anti Struvite for pregnant dogs.<\/p>","_en_post_name":"sanimed-anti-struvite-dog","_en_post_excerpt":"","_en_post_title":"Sanimed Anti Struvite dog","_de_post_content":"<p>Sanimed Anti Struvite Hundefutter ist ein di&auml;tetisches Futtermittel f&uuml;r erwachsene Hunde zum Aufl&ouml;sen von Struvitsteinen.<\/p>\r\n<p>Sanimed Anti Struvite:<br \/>&bull; hilft, Struvit aufzul&ouml;sen und Struvitbildung zu verhindern, dank des s&auml;uerenden Effekts im Urin<br \/>&bull; senkt die Magnesiumkonzentration im Urin aufgrund des geringen Magnesiumgehalts<br \/>&bull; reduziert die Phosphatkonzentration im Urin dank des geringen verf&uuml;gbaren Phosphorgehalts<br \/>&bull; senkt die Ammoniumkonzentration im Urin aufgrund des geringen Proteingehalts<br \/>&bull; Verhindert die Bildung von Kalziumoxalat aufgrund des niedrigen Kalzium- und Proteingehalts<\/p>\r\n<p>Aufgrund des geringeren Gehalts an Phosphor, Eiwei&szlig; und Kalzium empfehlen wir, Sanimed Anti Struvite nicht f&uuml;r schwangere Hunde zu verwenden.<\/p>","_de_post_name":"sanimed-anti-struvite-hund","_de_post_excerpt":"","_de_post_title":"Sanimed Anti Struvite Hund","_fr_post_content":"<p>Sanimed Anti Struvite pour chiens est un aliment di\u00e9t\u00e9tique pour chiens adultes destin\u00e9 \u00e0 dissoudre les calculs de struvite.<\/p>\r\n<p>Sanimed Anti Struvite :<\/p>\r\n<ul>\r\n<li>aide \u00e0 dissoudre la struvite pr\u00e9sente et \u00e0 pr\u00e9venir la formation de struvite gr\u00e2ce \u00e0 son action acidifiante urinaire<\/li>\r\n<li>diminue la concentration de magn\u00e9sium dans l'urine gr\u00e2ce \u00e0 sa faible teneur en magn\u00e9sium<\/li>\r\n<li>r\u00e9duit le phosphate urinaire gr\u00e2ce \u00e0 une faible teneur en phosphore disponible<\/li>\r\n<li>r\u00e9duit l'ammonium urinaire gr\u00e2ce \u00e0 sa faible teneur en prot\u00e9ines<\/li>\r\n<li>aide \u00e0 pr\u00e9venir la formation d'oxalate de calcium gr\u00e2ce \u00e0 sa faible teneur en calcium et en prot\u00e9ines<\/li>\r\n<\/ul>\r\n<p>En raison des teneurs plus faibles en phosphore, en prot\u00e9ines et en calcium, entre autres, nous ne recommandons pas l'utilisation de Sanimed Anti Struvite pour les chiennes en gestation.<\/p>","_fr_post_name":"sanimed-anti-struvite-chien","_fr_post_excerpt":"","_fr_post_title":"Sanimed Anti Struvite chien","_es_post_content":"<p>Sanimed Anti Struvite voor de hond is een dieetvoeding voor volwassen honden voor het oplossen van struvietstenen.<\/p>\r\n<p>Sanimed Anti Struvite:<br \/>&bull; helpt aanwezig struviet oplossen en struvietvorming te voorkomen dankzij de urineverzurende werking<br \/>&bull; verlaagt de magnesiumconcentratie in de urine dankzij het lage magnesiumgehalte<br \/>&bull; verlaagt de fosfaatconcentratie in de urine dankzij het lage beschikbare fosforgehalte<br \/>&bull; verlaagt de ammoniumconcentratie in de urine dankzij het lage eiwitgehalte<br \/>&bull; helpt de vorming van calciumoxalaat tegengaan door het lage calcium- en eiwitgehalte<\/p>\r\n<p>Door onder meer de lagere gehaltes fosfor, eiwit en calcium adviseren we om Sanimed Anti Struvite niet te gebruiken voor drachtige honden.<\/p>","_es_post_name":"sanimed-anti-struvite-hond","_es_post_excerpt":"","_es_post_title":"Sanimed Anti Struvite hond","edit_language":"nl"},"product_brand":[],"product_cat":[1858,1117,1856,1857,1951],"product_tag":[],"class_list":{"0":"post-119058","1":"product","2":"type-product","3":"status-publish","4":"has-post-thumbnail","6":"product_cat-dieetvoer","7":"product_cat-honden","8":"product_cat-hondenvoer","9":"product_cat-merken","10":"product_cat-sanimed","11":"pa_aandoening-blaasstenen_blaasgruis","12":"pa_doeldier-hond","13":"pa_fabricatieland-nederland","14":"pa_levensfase-senior","15":"pa_levensfase-volwassen","16":"pa_merkfilter-sanimed","17":"pa_merkgroep-vobra","18":"pa_product_conditions-sanimed_popup","19":"pa_productsoort-voeding","20":"pa_seo_canonical_store_id-not_found_value","21":"pa_seo_category-not_found_value","22":"pa_seo_meta_robots-not_found_value","23":"pa_toedieningswijze-droogvoer","24":"pa_werkzamestof-overig","26":"first","27":"instock","28":"taxable","29":"shipping-taxable","30":"product-type-grouped"},"yoast_head":"<!-- This site is optimized with the Yoast SEO plugin v27.5 - https:\/\/yoast.com\/product\/yoast-seo-wordpress\/ -->\n<title>Sanimed Anti Struvite hond - Pharmacy4pets<\/title>\n<meta name=\"robots\" content=\"index, follow, max-snippet:-1, max-image-preview:large, max-video-preview:-1\" \/>\n<link rel=\"canonical\" href=\"https:\/\/www.pharmacy4pets.nl\/sanimed-anti-struvite-hond\" \/>\n<meta property=\"og:locale\" content=\"nl_NL\" \/>\n<meta property=\"og:type\" content=\"article\" \/>\n<meta property=\"og:title\" content=\"Sanimed Anti Struvite hond - Pharmacy4pets\" \/>\n<meta property=\"og:description\" content=\"Sanimed Anti Struvite voor de hond is een dieetvoeding voor volwassen honden voor het oplossen van struvietstenen. Sanimed Anti Struvite:&bull; helpt aanwezig struviet oplossen en struvietvorming te voorkomen dankzij de urineverzurende werking&bull; verlaagt de magnesiumconcentratie in de urine dankzij het lage magnesiumgehalte&bull; verlaagt de fosfaatconcentratie in de urine dankzij het lage beschikbare fosforgehalte&bull; verlaagt de [&hellip;]\" \/>\n<meta property=\"og:url\" content=\"https:\/\/www.pharmacy4pets.nl\/sanimed-anti-struvite-hond\" \/>\n<meta property=\"og:site_name\" content=\"Pharmacy4pets\" \/>\n<meta property=\"article:publisher\" content=\"https:\/\/www.facebook.com\/people\/Pharmacy4petsnl\/100063484989896\/\" \/>\n<meta property=\"article:modified_time\" content=\"2026-03-25T12:00:28+00:00\" \/>\n<meta property=\"og:image\" content=\"https:\/\/www.pharmacy4pets.nl\/wp-content\/uploads\/2019\/08\/19311.jpg\" \/>\n\t<meta property=\"og:image:width\" content=\"271\" \/>\n\t<meta property=\"og:image:height\" content=\"447\" \/>\n\t<meta property=\"og:image:type\" content=\"image\/jpeg\" \/>\n<meta name=\"twitter:card\" content=\"summary_large_image\" \/>\n<meta name=\"twitter:label1\" content=\"Geschatte leestijd\" \/>\n\t<meta name=\"twitter:data1\" content=\"1 minuut\" \/>\n<script type=\"application\/ld+json\" class=\"yoast-schema-graph\">{\"@context\":\"https:\\\/\\\/schema.org\",\"@graph\":[{\"@type\":\"WebPage\",\"@id\":\"https:\\\/\\\/www.pharmacy4pets.nl\\\/sanimed-anti-struvite-hond\",\"url\":\"https:\\\/\\\/www.pharmacy4pets.nl\\\/sanimed-anti-struvite-hond\",\"name\":\"Sanimed Anti Struvite hond - Pharmacy4pets\",\"isPartOf\":{\"@id\":\"http:\\\/\\\/www.pharmacy4pets.nl\\\/#website\"},\"primaryImageOfPage\":{\"@id\":\"https:\\\/\\\/www.pharmacy4pets.nl\\\/sanimed-anti-struvite-hond#primaryimage\"},\"image\":{\"@id\":\"https:\\\/\\\/www.pharmacy4pets.nl\\\/sanimed-anti-struvite-hond#primaryimage\"},\"thumbnailUrl\":\"https:\\\/\\\/www.pharmacy4pets.nl\\\/wp-content\\\/uploads\\\/2019\\\/08\\\/19311.jpg\",\"datePublished\":\"2019-08-14T11:24:59+00:00\",\"dateModified\":\"2026-03-25T12:00:28+00:00\",\"breadcrumb\":{\"@id\":\"https:\\\/\\\/www.pharmacy4pets.nl\\\/sanimed-anti-struvite-hond#breadcrumb\"},\"inLanguage\":\"nl-NL\",\"potentialAction\":[{\"@type\":\"ReadAction\",\"target\":[\"https:\\\/\\\/www.pharmacy4pets.nl\\\/sanimed-anti-struvite-hond\"]}]},{\"@type\":\"ImageObject\",\"inLanguage\":\"nl-NL\",\"@id\":\"https:\\\/\\\/www.pharmacy4pets.nl\\\/sanimed-anti-struvite-hond#primaryimage\",\"url\":\"https:\\\/\\\/www.pharmacy4pets.nl\\\/wp-content\\\/uploads\\\/2019\\\/08\\\/19311.jpg\",\"contentUrl\":\"https:\\\/\\\/www.pharmacy4pets.nl\\\/wp-content\\\/uploads\\\/2019\\\/08\\\/19311.jpg\",\"width\":271,\"height\":447,\"caption\":\"Sanimed\"},{\"@type\":\"BreadcrumbList\",\"@id\":\"https:\\\/\\\/www.pharmacy4pets.nl\\\/sanimed-anti-struvite-hond#breadcrumb\",\"itemListElement\":[{\"@type\":\"ListItem\",\"position\":1,\"name\":\"Home\",\"item\":\"https:\\\/\\\/p4p-nl.bootmine.com\\\/\"},{\"@type\":\"ListItem\",\"position\":2,\"name\":\"Winkel\",\"item\":\"https:\\\/\\\/p4p-nl.bootmine.com\\\/winkel\"},{\"@type\":\"ListItem\",\"position\":3,\"name\":\"Sanimed Anti Struvite hond\"}]},{\"@type\":\"WebSite\",\"@id\":\"http:\\\/\\\/www.pharmacy4pets.nl\\\/#website\",\"url\":\"http:\\\/\\\/www.pharmacy4pets.nl\\\/\",\"name\":\"Pharmacy4pets\",\"description\":\"Pharmacy4pets.nl is d\u00e9 online apotheek waar u terecht kunt voor alle diergeneesmiddelen, verzorgingsproducten en dieetvoeding voor uw huisdier.\",\"publisher\":{\"@id\":\"http:\\\/\\\/www.pharmacy4pets.nl\\\/#organization\"},\"potentialAction\":[{\"@type\":\"SearchAction\",\"target\":{\"@type\":\"EntryPoint\",\"urlTemplate\":\"http:\\\/\\\/www.pharmacy4pets.nl\\\/?s={search_term_string}\"},\"query-input\":{\"@type\":\"PropertyValueSpecification\",\"valueRequired\":true,\"valueName\":\"search_term_string\"}}],\"inLanguage\":\"nl-NL\"},{\"@type\":\"Organization\",\"@id\":\"http:\\\/\\\/www.pharmacy4pets.nl\\\/#organization\",\"name\":\"Pharmacy4pets\",\"url\":\"http:\\\/\\\/www.pharmacy4pets.nl\\\/\",\"logo\":{\"@type\":\"ImageObject\",\"inLanguage\":\"nl-NL\",\"@id\":\"http:\\\/\\\/www.pharmacy4pets.nl\\\/#\\\/schema\\\/logo\\\/image\\\/\",\"url\":\"https:\\\/\\\/p4p-nl.bootmine.com\\\/wp-content\\\/uploads\\\/2026\\\/03\\\/logo-pharmacy4pets.png\",\"contentUrl\":\"https:\\\/\\\/p4p-nl.bootmine.com\\\/wp-content\\\/uploads\\\/2026\\\/03\\\/logo-pharmacy4pets.png\",\"width\":1024,\"height\":135,\"caption\":\"Pharmacy4pets\"},\"image\":{\"@id\":\"http:\\\/\\\/www.pharmacy4pets.nl\\\/#\\\/schema\\\/logo\\\/image\\\/\"},\"sameAs\":[\"https:\\\/\\\/www.facebook.com\\\/people\\\/Pharmacy4petsnl\\\/100063484989896\\\/\",\"https:\\\/\\\/www.youtube.com\\\/channel\\\/UCGPTIgucgli03tP2_kvLkHg\\\/featured\",\"https:\\\/\\\/www.instagram.com\\\/pharmacy4pets.nl\"]}]}<\/script>\n<!-- \/ Yoast SEO plugin. -->","yoast_head_json":{"title":"Sanimed Anti Struvite hond - Pharmacy4pets","robots":{"index":"index","follow":"follow","max-snippet":"max-snippet:-1","max-image-preview":"max-image-preview:large","max-video-preview":"max-video-preview:-1"},"canonical":"https:\/\/www.pharmacy4pets.nl\/sanimed-anti-struvite-hond","og_locale":"nl_NL","og_type":"article","og_title":"Sanimed Anti Struvite hond - Pharmacy4pets","og_description":"Sanimed Anti Struvite voor de hond is een dieetvoeding voor volwassen honden voor het oplossen van struvietstenen. Sanimed Anti Struvite:&bull; helpt aanwezig struviet oplossen en struvietvorming te voorkomen dankzij de urineverzurende werking&bull; verlaagt de magnesiumconcentratie in de urine dankzij het lage magnesiumgehalte&bull; verlaagt de fosfaatconcentratie in de urine dankzij het lage beschikbare fosforgehalte&bull; verlaagt de [&hellip;]","og_url":"https:\/\/www.pharmacy4pets.nl\/sanimed-anti-struvite-hond","og_site_name":"Pharmacy4pets","article_publisher":"https:\/\/www.facebook.com\/people\/Pharmacy4petsnl\/100063484989896\/","article_modified_time":"2026-03-25T12:00:28+00:00","og_image":[{"width":271,"height":447,"url":"https:\/\/www.pharmacy4pets.nl\/wp-content\/uploads\/2019\/08\/19311.jpg","type":"image\/jpeg"}],"twitter_card":"summary_large_image","twitter_misc":{"Geschatte leestijd":"1 minuut"},"schema":{"@context":"https:\/\/schema.org","@graph":[{"@type":"WebPage","@id":"https:\/\/www.pharmacy4pets.nl\/sanimed-anti-struvite-hond","url":"https:\/\/www.pharmacy4pets.nl\/sanimed-anti-struvite-hond","name":"Sanimed Anti Struvite hond - Pharmacy4pets","isPartOf":{"@id":"http:\/\/www.pharmacy4pets.nl\/#website"},"primaryImageOfPage":{"@id":"https:\/\/www.pharmacy4pets.nl\/sanimed-anti-struvite-hond#primaryimage"},"image":{"@id":"https:\/\/www.pharmacy4pets.nl\/sanimed-anti-struvite-hond#primaryimage"},"thumbnailUrl":"https:\/\/www.pharmacy4pets.nl\/wp-content\/uploads\/2019\/08\/19311.jpg","datePublished":"2019-08-14T11:24:59+00:00","dateModified":"2026-03-25T12:00:28+00:00","breadcrumb":{"@id":"https:\/\/www.pharmacy4pets.nl\/sanimed-anti-struvite-hond#breadcrumb"},"inLanguage":"nl-NL","potentialAction":[{"@type":"ReadAction","target":["https:\/\/www.pharmacy4pets.nl\/sanimed-anti-struvite-hond"]}]},{"@type":"ImageObject","inLanguage":"nl-NL","@id":"https:\/\/www.pharmacy4pets.nl\/sanimed-anti-struvite-hond#primaryimage","url":"https:\/\/www.pharmacy4pets.nl\/wp-content\/uploads\/2019\/08\/19311.jpg","contentUrl":"https:\/\/www.pharmacy4pets.nl\/wp-content\/uploads\/2019\/08\/19311.jpg","width":271,"height":447,"caption":"Sanimed"},{"@type":"BreadcrumbList","@id":"https:\/\/www.pharmacy4pets.nl\/sanimed-anti-struvite-hond#breadcrumb","itemListElement":[{"@type":"ListItem","position":1,"name":"Home","item":"https:\/\/p4p-nl.bootmine.com\/"},{"@type":"ListItem","position":2,"name":"Winkel","item":"https:\/\/p4p-nl.bootmine.com\/winkel"},{"@type":"ListItem","position":3,"name":"Sanimed Anti Struvite hond"}]},{"@type":"WebSite","@id":"http:\/\/www.pharmacy4pets.nl\/#website","url":"http:\/\/www.pharmacy4pets.nl\/","name":"Pharmacy4pets","description":"Pharmacy4pets.nl is d\u00e9 online apotheek waar u terecht kunt voor alle diergeneesmiddelen, verzorgingsproducten en dieetvoeding voor uw huisdier.","publisher":{"@id":"http:\/\/www.pharmacy4pets.nl\/#organization"},"potentialAction":[{"@type":"SearchAction","target":{"@type":"EntryPoint","urlTemplate":"http:\/\/www.pharmacy4pets.nl\/?s={search_term_string}"},"query-input":{"@type":"PropertyValueSpecification","valueRequired":true,"valueName":"search_term_string"}}],"inLanguage":"nl-NL"},{"@type":"Organization","@id":"http:\/\/www.pharmacy4pets.nl\/#organization","name":"Pharmacy4pets","url":"http:\/\/www.pharmacy4pets.nl\/","logo":{"@type":"ImageObject","inLanguage":"nl-NL","@id":"http:\/\/www.pharmacy4pets.nl\/#\/schema\/logo\/image\/","url":"https:\/\/p4p-nl.bootmine.com\/wp-content\/uploads\/2026\/03\/logo-pharmacy4pets.png","contentUrl":"https:\/\/p4p-nl.bootmine.com\/wp-content\/uploads\/2026\/03\/logo-pharmacy4pets.png","width":1024,"height":135,"caption":"Pharmacy4pets"},"image":{"@id":"http:\/\/www.pharmacy4pets.nl\/#\/schema\/logo\/image\/"},"sameAs":["https:\/\/www.facebook.com\/people\/Pharmacy4petsnl\/100063484989896\/","https:\/\/www.youtube.com\/channel\/UCGPTIgucgli03tP2_kvLkHg\/featured","https:\/\/www.instagram.com\/pharmacy4pets.nl"]}]}},"market_data":{"nl":{"price":0,"sale_price":0,"active":false,"url":null,"parent_url":"","tax_rate":0,"price_inc_tax":0,"sale_price_inc_tax":0},"de":{"price":0,"sale_price":0,"active":false,"url":null,"parent_url":"","tax_rate":0,"price_inc_tax":0,"sale_price_inc_tax":0},"be":{"price":0,"sale_price":0,"active":false,"url":null,"parent_url":"","tax_rate":0,"price_inc_tax":0,"sale_price_inc_tax":0},"fr":{"price":0,"sale_price":0,"active":false,"url":null,"parent_url":"","tax_rate":0,"price_inc_tax":0,"sale_price_inc_tax":0},"ch":{"price":0,"sale_price":0,"active":false,"url":null,"parent_url":"","tax_rate":0,"price_inc_tax":0,"sale_price_inc_tax":0},"at":{"price":0,"sale_price":0,"active":false,"url":null,"parent_url":"","tax_rate":0,"price_inc_tax":0,"sale_price_inc_tax":0},"es":{"price":0,"sale_price":0,"active":false,"url":null,"parent_url":"","tax_rate":0,"price_inc_tax":0,"sale_price_inc_tax":0},"dk":{"price":0,"sale_price":0,"active":false,"url":null,"parent_url":"","tax_rate":0,"price_inc_tax":0,"sale_price_inc_tax":0},"com":{"price":0,"sale_price":0,"active":false,"url":null,"parent_url":"","tax_rate":0,"price_inc_tax":0,"sale_price_inc_tax":0}},"market_nl_price":0,"market_nl_sale_price":0,"market_nl_active":false,"market_nl_url":null,"market_nl_parent_url":"","market_nl_tax_rate":0,"market_nl_price_inc_tax":0,"market_nl_sale_price_inc_tax":0,"market_de_price":0,"market_de_sale_price":0,"market_de_active":false,"market_de_url":null,"market_de_parent_url":"","market_de_tax_rate":0,"market_de_price_inc_tax":0,"market_de_sale_price_inc_tax":0,"market_be_price":0,"market_be_sale_price":0,"market_be_active":false,"market_be_url":null,"market_be_parent_url":"","market_be_tax_rate":0,"market_be_price_inc_tax":0,"market_be_sale_price_inc_tax":0,"market_fr_price":0,"market_fr_sale_price":0,"market_fr_active":false,"market_fr_url":null,"market_fr_parent_url":"","market_fr_tax_rate":0,"market_fr_price_inc_tax":0,"market_fr_sale_price_inc_tax":0,"market_ch_price":0,"market_ch_sale_price":0,"market_ch_active":false,"market_ch_url":null,"market_ch_parent_url":"","market_ch_tax_rate":0,"market_ch_price_inc_tax":0,"market_ch_sale_price_inc_tax":0,"market_at_price":0,"market_at_sale_price":0,"market_at_active":false,"market_at_url":null,"market_at_parent_url":"","market_at_tax_rate":0,"market_at_price_inc_tax":0,"market_at_sale_price_inc_tax":0,"market_es_price":0,"market_es_sale_price":0,"market_es_active":false,"market_es_url":null,"market_es_parent_url":"","market_es_tax_rate":0,"market_es_price_inc_tax":0,"market_es_sale_price_inc_tax":0,"market_dk_price":0,"market_dk_sale_price":0,"market_dk_active":false,"market_dk_url":null,"market_dk_parent_url":"","market_dk_tax_rate":0,"market_dk_price_inc_tax":0,"market_dk_sale_price_inc_tax":0,"market_com_price":0,"market_com_sale_price":0,"market_com_active":false,"market_com_url":null,"market_com_parent_url":"","market_com_tax_rate":0,"market_com_price_inc_tax":0,"market_com_sale_price_inc_tax":0,"acf":[],"_links":{"self":[{"href":"https:\/\/www.pharmacy4pets.nl\/be\/wp-json\/wp\/v2\/product\/119058","targetHints":{"allow":["GET"]}}],"collection":[{"href":"https:\/\/www.pharmacy4pets.nl\/be\/wp-json\/wp\/v2\/product"}],"about":[{"href":"https:\/\/www.pharmacy4pets.nl\/be\/wp-json\/wp\/v2\/types\/product"}],"replies":[{"embeddable":true,"href":"https:\/\/www.pharmacy4pets.nl\/be\/wp-json\/wp\/v2\/comments?post=119058"}],"wp:featuredmedia":[{"embeddable":true,"href":"https:\/\/www.pharmacy4pets.nl\/be\/wp-json\/wp\/v2\/media\/119054"}],"wp:attachment":[{"href":"https:\/\/www.pharmacy4pets.nl\/be\/wp-json\/wp\/v2\/media?parent=119058"}],"wp:term":[{"taxonomy":"product_brand","embeddable":true,"href":"https:\/\/www.pharmacy4pets.nl\/be\/wp-json\/wp\/v2\/product_brand?post=119058"},{"taxonomy":"product_cat","embeddable":true,"href":"https:\/\/www.pharmacy4pets.nl\/be\/wp-json\/wp\/v2\/product_cat?post=119058"},{"taxonomy":"product_tag","embeddable":true,"href":"https:\/\/www.pharmacy4pets.nl\/be\/wp-json\/wp\/v2\/product_tag?post=119058"}],"curies":[{"name":"wp","href":"https:\/\/api.w.org\/{rel}","templated":true}]}}