{"id":119036,"date":"2019-03-27T16:36:31","date_gmt":"2019-03-27T16:36:31","guid":{"rendered":"https:\/\/p4p.test\/sanimed-weight-control-hond-3-kg"},"modified":"2026-04-14T08:03:35","modified_gmt":"2026-04-14T08:03:35","slug":"sanimed-weight-control-hond-3-kg","status":"publish","type":"product","link":"https:\/\/www.pharmacy4pets.nl\/be\/sanimed-weight-control-hond-3-kg","title":{"rendered":"Sanimed Weight Control hond | 3 kg"},"content":{"rendered":"<p>Sanimed Weight Control voor de hond is een dieetvoeding ter vermindering van het lichaamsgewicht. Heeft uw hond zijn ideale gewicht bereikt, dan ondersteunt Sanimed Weight Control bij het behouden van het lichaamsgewicht. Ook is Sanimed Weight Control zeer geschikt voor honden met neiging tot het ontwikkelen van overgewicht en\/of suikerziekte (diabetes).<\/p>\n<p>Sanimed Weight Control:<br \/>&bull; zorgt voor gewichtscontrole door het lage energiegehalte<br \/>&bull; ondersteunt het behoud van spiermassa dankzij het hoge eiwitgehalte<br \/>&bull; draagt bij aan de afbraak van vetten dankzij L-carnitine<br \/>&bull; helpt de bloedsuikervoorziening te reguleren, dankzij het gebruik van een hoog vezelgehalte (zetmeel 15%, suiker 2,5%)<\/p>\n","protected":false},"excerpt":{"rendered":"<p>Sanimed Weight Control voor de hond is een dieetvoeding ter vermindering van het lichaamsgewicht. Heeft uw hond zijn ideale gewicht bereikt, dan ondersteunt Sanimed Weight Control bij het behouden van het lichaamsgewicht. Ook is Sanimed Weight Control zeer geschikt voor honden met neiging tot het ontwikkelen van overgewicht en\/of suikerziekte (diabetes). Sanimed Weight Control:&bull; zorgt [&hellip;]<\/p>\n","protected":false},"featured_media":119033,"comment_status":"open","ping_status":"closed","template":"","meta":{"_acf_changed":false,"_nl_post_content":"<p>Sanimed Weight Control voor de hond is een dieetvoeding ter vermindering van het lichaamsgewicht. Heeft uw hond zijn ideale gewicht bereikt, dan ondersteunt Sanimed Weight Control bij het behouden van het lichaamsgewicht. Ook is Sanimed Weight Control zeer geschikt voor honden met neiging tot het ontwikkelen van overgewicht en\/of suikerziekte (diabetes).<br \/><br \/>Sanimed Weight Control:<br \/>&bull; zorgt voor gewichtscontrole door het lage energiegehalte<br \/>&bull; ondersteunt het behoud van spiermassa dankzij het hoge eiwitgehalte<br \/>&bull; draagt bij aan de afbraak van vetten dankzij L-carnitine<br \/>&bull; helpt de bloedsuikervoorziening te reguleren, dankzij het gebruik van een hoog vezelgehalte (zetmeel 15%, suiker 2,5%)<\/p>","_nl_post_name":"sanimed-weight-control-hond-3-kg","_nl_post_excerpt":"","_nl_post_title":"Sanimed Weight Control hond | 3 kg","_en_post_content":"<p>Sanimed Weight Control dog food is a dietary food to reduce body weight. Once your dog has reached its ideal weight, Sanimed Weight Control supports in maintaining body weight. Sanimed Weight Control is also very suitable for dogs with a tendency to develop of overweight and\/or diabetes (diabetes).<br \/><br \/>Sanimed Weight Control:<br \/>&bull; ensures weight control due to the low energy content<br \/>&bull; supports the maintenance of muscle mass thanks to the high protein content<br \/>&bull; contributes to the breakdown of fats thanks to L-carnitine<br \/>&bull; helps regulate blood sugar supply, thanks to the use of a high fiber content (starch 15%, sugar 2.5%)<\/p>","_en_post_name":"sanimed-weight-control-dog-3-kg","_en_post_excerpt":"","_en_post_title":"Sanimed Weight Control dog | 3 kg","_de_post_content":"<p>Sanimed Weight Control Hundefutter ist ein di&auml;tetisches Futtermittel, um das K&ouml;rpergewicht zu reduzieren. Wenn Ihr Hund sein ideales Gewicht erreicht hat, unterst&uuml;tzt Sanimed Weight Control die Gewichtskontrolle. Sanimed Weight Control eignet sich auch f&uuml;r Hunde mit einer Tendenz zur Entwicklung von &Uuml;bergewicht und\/oder Diabetes (Diabetes).<br \/><br \/>Sanimed Weight Control:<br \/>&bull; sorgt f&uuml;r Gewichtskontrolle aufgrund des geringen Energieinhalts<br \/>&bull; unterst&uuml;tzt durch den hohen Proteingehalt den Erhalt der Muskelmasse<br \/>&bull; tr&auml;gt dank L-Carnitin zum Abbau von Fetten bei<br \/>&bull; reguliert die Blutzuckerzufuhr dank des hohen Faseranteils (St&auml;rke 15%, Zucker 2,5%)<\/p>","_de_post_name":"sanimed-weight-control-hund-3-kg","_de_post_excerpt":"","_de_post_title":"Sanimed Weight Control Hund | 3 kg","_fr_post_content":"<p>Sanimed Weight Control pour chiens est un aliment di\u00e9t\u00e9tique destin\u00e9 \u00e0 r\u00e9duire le poids corporel. Une fois que votre chien a atteint son poids id\u00e9al, Sanimed Weight Control l'aide \u00e0 maintenir son poids. Sanimed Weight Control convient \u00e9galement tr\u00e8s bien aux chiens ayant tendance \u00e0 d\u00e9velopper une ob\u00e9sit\u00e9 et\/ou un diab\u00e8te.<\/p>\r\n<p>Sanimed Weight Control :<br \/>- permet de contr\u00f4ler le poids gr\u00e2ce \u00e0 sa faible teneur en \u00e9nergie<br \/>- favorise la pr\u00e9servation de la masse musculaire gr\u00e2ce \u00e0 sa teneur \u00e9lev\u00e9e en prot\u00e9ines<br \/>- contribue \u00e0 la d\u00e9gradation des graisses gr\u00e2ce \u00e0 la L-carnitine<br \/>- aide \u00e0 r\u00e9guler la glyc\u00e9mie, gr\u00e2ce \u00e0 une teneur \u00e9lev\u00e9e en fibres (amidon 15%, sucre 2,5%)<\/p>\r\n<p>\u00a0<\/p>","_fr_post_name":"sanimed-weight-control-chien-3-kg","_fr_post_excerpt":"","_fr_post_title":"Sanimed Weight Control chien | 3 kg","_es_post_content":"<p>Sanimed Weight Control voor de hond is een dieetvoeding ter vermindering van het lichaamsgewicht. Heeft uw hond zijn ideale gewicht bereikt, dan ondersteunt Sanimed Weight Control bij het behouden van het lichaamsgewicht. Ook is Sanimed Weight Control zeer geschikt voor honden met neiging tot het ontwikkelen van overgewicht en\/of suikerziekte (diabetes).<br \/><br \/>Sanimed Weight Control:<br \/>&bull; zorgt voor gewichtscontrole door het lage energiegehalte<br \/>&bull; ondersteunt het behoud van spiermassa dankzij het hoge eiwitgehalte<br \/>&bull; draagt bij aan de afbraak van vetten dankzij L-carnitine<br \/>&bull; helpt de bloedsuikervoorziening te reguleren, dankzij het gebruik van een hoog vezelgehalte (zetmeel 15%, suiker 2,5%)<\/p>","_es_post_name":"sanimed-weight-control-hond-3-kg","_es_post_excerpt":"","_es_post_title":"Sanimed Weight Control hond | 3 kg","edit_language":"nl"},"product_brand":[],"product_cat":[1840,1858,1117,1856,1839,1857,1951,1971],"product_tag":[],"class_list":{"0":"post-119036","1":"product","2":"type-product","3":"status-publish","4":"has-post-thumbnail","6":"product_cat-alvleesklier","7":"product_cat-dieetvoer","8":"product_cat-honden","9":"product_cat-hondenvoer","10":"product_cat-medicijnen-supplementen","11":"product_cat-merken","12":"product_cat-sanimed","13":"product_cat-suikerziekte","14":"pa_aandoening-overgewicht","15":"pa_doeldier-hond","16":"pa_fabricatieland-nederland","17":"pa_levensfase-senior","18":"pa_levensfase-volwassen","19":"pa_merkfilter-sanimed","20":"pa_merkgroep-vobra","21":"pa_product_conditions-sanimed_popup","22":"pa_productsoort-voeding","23":"pa_seo_canonical_store_id-not_found_value","24":"pa_seo_category-not_found_value","25":"pa_seo_meta_robots-not_found_value","26":"pa_toedieningswijze-droogvoer","27":"pa_unit_pricing_base_measure-1kg","28":"pa_unit_pricing_measure-3kg","29":"pa_werkzamestof-overig","31":"first","32":"instock","33":"taxable","34":"shipping-taxable","35":"purchasable","36":"product-type-simple"},"yoast_head":"<!-- This site is optimized with the Yoast SEO plugin v27.5 - https:\/\/yoast.com\/product\/yoast-seo-wordpress\/ -->\n<title>Sanimed Weight Control hond | 3 kg - Pharmacy4pets<\/title>\n<meta name=\"robots\" content=\"index, follow, max-snippet:-1, max-image-preview:large, max-video-preview:-1\" \/>\n<link rel=\"canonical\" href=\"https:\/\/p4p-nl.bootmine.com\/%product-slug%\/sanimed-weight-control-hond-3-kg\" \/>\n<meta property=\"og:locale\" content=\"nl_NL\" \/>\n<meta property=\"og:type\" content=\"article\" \/>\n<meta property=\"og:title\" content=\"Sanimed Weight Control hond | 3 kg - Pharmacy4pets\" \/>\n<meta property=\"og:description\" content=\"Sanimed Weight Control voor de hond is een dieetvoeding ter vermindering van het lichaamsgewicht. Heeft uw hond zijn ideale gewicht bereikt, dan ondersteunt Sanimed Weight Control bij het behouden van het lichaamsgewicht. Ook is Sanimed Weight Control zeer geschikt voor honden met neiging tot het ontwikkelen van overgewicht en\/of suikerziekte (diabetes). Sanimed Weight Control:&bull; zorgt [&hellip;]\" \/>\n<meta property=\"og:url\" content=\"https:\/\/p4p-nl.bootmine.com\/%product-slug%\/sanimed-weight-control-hond-3-kg\" \/>\n<meta property=\"og:site_name\" content=\"Pharmacy4pets\" \/>\n<meta property=\"article:publisher\" content=\"https:\/\/www.facebook.com\/people\/Pharmacy4petsnl\/100063484989896\/\" \/>\n<meta property=\"article:modified_time\" content=\"2026-04-14T08:03:35+00:00\" \/>\n<meta property=\"og:image\" content=\"https:\/\/p4p-nl.bootmine.com\/wp-content\/uploads\/2019\/03\/19239_2.jpg\" \/>\n\t<meta property=\"og:image:width\" content=\"700\" \/>\n\t<meta property=\"og:image:height\" content=\"700\" \/>\n\t<meta property=\"og:image:type\" content=\"image\/jpeg\" \/>\n<meta name=\"twitter:card\" content=\"summary_large_image\" \/>\n<script type=\"application\/ld+json\" class=\"yoast-schema-graph\">{\"@context\":\"https:\\\/\\\/schema.org\",\"@graph\":[{\"@type\":\"WebPage\",\"@id\":\"https:\\\/\\\/p4p-nl.bootmine.com\\\/%product-slug%\\\/sanimed-weight-control-hond-3-kg\",\"url\":\"https:\\\/\\\/p4p-nl.bootmine.com\\\/%product-slug%\\\/sanimed-weight-control-hond-3-kg\",\"name\":\"Sanimed Weight Control hond | 3 kg - Pharmacy4pets\",\"isPartOf\":{\"@id\":\"http:\\\/\\\/www.pharmacy4pets.nl\\\/#website\"},\"primaryImageOfPage\":{\"@id\":\"https:\\\/\\\/p4p-nl.bootmine.com\\\/%product-slug%\\\/sanimed-weight-control-hond-3-kg#primaryimage\"},\"image\":{\"@id\":\"https:\\\/\\\/p4p-nl.bootmine.com\\\/%product-slug%\\\/sanimed-weight-control-hond-3-kg#primaryimage\"},\"thumbnailUrl\":\"https:\\\/\\\/www.pharmacy4pets.nl\\\/wp-content\\\/uploads\\\/2019\\\/03\\\/19239_2.jpg\",\"datePublished\":\"2019-03-27T16:36:31+00:00\",\"dateModified\":\"2026-04-14T08:03:35+00:00\",\"breadcrumb\":{\"@id\":\"https:\\\/\\\/p4p-nl.bootmine.com\\\/%product-slug%\\\/sanimed-weight-control-hond-3-kg#breadcrumb\"},\"inLanguage\":\"nl-NL\",\"potentialAction\":[{\"@type\":\"ReadAction\",\"target\":[\"https:\\\/\\\/p4p-nl.bootmine.com\\\/%product-slug%\\\/sanimed-weight-control-hond-3-kg\"]}]},{\"@type\":\"ImageObject\",\"inLanguage\":\"nl-NL\",\"@id\":\"https:\\\/\\\/p4p-nl.bootmine.com\\\/%product-slug%\\\/sanimed-weight-control-hond-3-kg#primaryimage\",\"url\":\"https:\\\/\\\/www.pharmacy4pets.nl\\\/wp-content\\\/uploads\\\/2019\\\/03\\\/19239_2.jpg\",\"contentUrl\":\"https:\\\/\\\/www.pharmacy4pets.nl\\\/wp-content\\\/uploads\\\/2019\\\/03\\\/19239_2.jpg\",\"width\":700,\"height\":700,\"caption\":\"Sanimed\"},{\"@type\":\"BreadcrumbList\",\"@id\":\"https:\\\/\\\/p4p-nl.bootmine.com\\\/%product-slug%\\\/sanimed-weight-control-hond-3-kg#breadcrumb\",\"itemListElement\":[{\"@type\":\"ListItem\",\"position\":1,\"name\":\"Home\",\"item\":\"https:\\\/\\\/p4p-nl.bootmine.com\\\/\"},{\"@type\":\"ListItem\",\"position\":2,\"name\":\"Winkel\",\"item\":\"https:\\\/\\\/p4p-nl.bootmine.com\\\/winkel\"},{\"@type\":\"ListItem\",\"position\":3,\"name\":\"Sanimed Weight Control hond | 3 kg\"}]},{\"@type\":\"WebSite\",\"@id\":\"http:\\\/\\\/www.pharmacy4pets.nl\\\/#website\",\"url\":\"http:\\\/\\\/www.pharmacy4pets.nl\\\/\",\"name\":\"Pharmacy4pets\",\"description\":\"Pharmacy4pets.nl is d\u00e9 online apotheek waar u terecht kunt voor alle diergeneesmiddelen, verzorgingsproducten en dieetvoeding voor uw huisdier.\",\"publisher\":{\"@id\":\"http:\\\/\\\/www.pharmacy4pets.nl\\\/#organization\"},\"potentialAction\":[{\"@type\":\"SearchAction\",\"target\":{\"@type\":\"EntryPoint\",\"urlTemplate\":\"http:\\\/\\\/www.pharmacy4pets.nl\\\/?s={search_term_string}\"},\"query-input\":{\"@type\":\"PropertyValueSpecification\",\"valueRequired\":true,\"valueName\":\"search_term_string\"}}],\"inLanguage\":\"nl-NL\"},{\"@type\":\"Organization\",\"@id\":\"http:\\\/\\\/www.pharmacy4pets.nl\\\/#organization\",\"name\":\"Pharmacy4pets\",\"url\":\"http:\\\/\\\/www.pharmacy4pets.nl\\\/\",\"logo\":{\"@type\":\"ImageObject\",\"inLanguage\":\"nl-NL\",\"@id\":\"http:\\\/\\\/www.pharmacy4pets.nl\\\/#\\\/schema\\\/logo\\\/image\\\/\",\"url\":\"https:\\\/\\\/p4p-nl.bootmine.com\\\/wp-content\\\/uploads\\\/2026\\\/03\\\/logo-pharmacy4pets.png\",\"contentUrl\":\"https:\\\/\\\/p4p-nl.bootmine.com\\\/wp-content\\\/uploads\\\/2026\\\/03\\\/logo-pharmacy4pets.png\",\"width\":1024,\"height\":135,\"caption\":\"Pharmacy4pets\"},\"image\":{\"@id\":\"http:\\\/\\\/www.pharmacy4pets.nl\\\/#\\\/schema\\\/logo\\\/image\\\/\"},\"sameAs\":[\"https:\\\/\\\/www.facebook.com\\\/people\\\/Pharmacy4petsnl\\\/100063484989896\\\/\",\"https:\\\/\\\/www.youtube.com\\\/channel\\\/UCGPTIgucgli03tP2_kvLkHg\\\/featured\",\"https:\\\/\\\/www.instagram.com\\\/pharmacy4pets.nl\"]}]}<\/script>\n<!-- \/ Yoast SEO plugin. -->","yoast_head_json":{"title":"Sanimed Weight Control hond | 3 kg - Pharmacy4pets","robots":{"index":"index","follow":"follow","max-snippet":"max-snippet:-1","max-image-preview":"max-image-preview:large","max-video-preview":"max-video-preview:-1"},"canonical":"https:\/\/p4p-nl.bootmine.com\/%product-slug%\/sanimed-weight-control-hond-3-kg","og_locale":"nl_NL","og_type":"article","og_title":"Sanimed Weight Control hond | 3 kg - Pharmacy4pets","og_description":"Sanimed Weight Control voor de hond is een dieetvoeding ter vermindering van het lichaamsgewicht. Heeft uw hond zijn ideale gewicht bereikt, dan ondersteunt Sanimed Weight Control bij het behouden van het lichaamsgewicht. Ook is Sanimed Weight Control zeer geschikt voor honden met neiging tot het ontwikkelen van overgewicht en\/of suikerziekte (diabetes). Sanimed Weight Control:&bull; zorgt [&hellip;]","og_url":"https:\/\/p4p-nl.bootmine.com\/%product-slug%\/sanimed-weight-control-hond-3-kg","og_site_name":"Pharmacy4pets","article_publisher":"https:\/\/www.facebook.com\/people\/Pharmacy4petsnl\/100063484989896\/","article_modified_time":"2026-04-14T08:03:35+00:00","og_image":[{"width":700,"height":700,"url":"https:\/\/p4p-nl.bootmine.com\/wp-content\/uploads\/2019\/03\/19239_2.jpg","type":"image\/jpeg"}],"twitter_card":"summary_large_image","schema":{"@context":"https:\/\/schema.org","@graph":[{"@type":"WebPage","@id":"https:\/\/p4p-nl.bootmine.com\/%product-slug%\/sanimed-weight-control-hond-3-kg","url":"https:\/\/p4p-nl.bootmine.com\/%product-slug%\/sanimed-weight-control-hond-3-kg","name":"Sanimed Weight Control hond | 3 kg - Pharmacy4pets","isPartOf":{"@id":"http:\/\/www.pharmacy4pets.nl\/#website"},"primaryImageOfPage":{"@id":"https:\/\/p4p-nl.bootmine.com\/%product-slug%\/sanimed-weight-control-hond-3-kg#primaryimage"},"image":{"@id":"https:\/\/p4p-nl.bootmine.com\/%product-slug%\/sanimed-weight-control-hond-3-kg#primaryimage"},"thumbnailUrl":"https:\/\/www.pharmacy4pets.nl\/wp-content\/uploads\/2019\/03\/19239_2.jpg","datePublished":"2019-03-27T16:36:31+00:00","dateModified":"2026-04-14T08:03:35+00:00","breadcrumb":{"@id":"https:\/\/p4p-nl.bootmine.com\/%product-slug%\/sanimed-weight-control-hond-3-kg#breadcrumb"},"inLanguage":"nl-NL","potentialAction":[{"@type":"ReadAction","target":["https:\/\/p4p-nl.bootmine.com\/%product-slug%\/sanimed-weight-control-hond-3-kg"]}]},{"@type":"ImageObject","inLanguage":"nl-NL","@id":"https:\/\/p4p-nl.bootmine.com\/%product-slug%\/sanimed-weight-control-hond-3-kg#primaryimage","url":"https:\/\/www.pharmacy4pets.nl\/wp-content\/uploads\/2019\/03\/19239_2.jpg","contentUrl":"https:\/\/www.pharmacy4pets.nl\/wp-content\/uploads\/2019\/03\/19239_2.jpg","width":700,"height":700,"caption":"Sanimed"},{"@type":"BreadcrumbList","@id":"https:\/\/p4p-nl.bootmine.com\/%product-slug%\/sanimed-weight-control-hond-3-kg#breadcrumb","itemListElement":[{"@type":"ListItem","position":1,"name":"Home","item":"https:\/\/p4p-nl.bootmine.com\/"},{"@type":"ListItem","position":2,"name":"Winkel","item":"https:\/\/p4p-nl.bootmine.com\/winkel"},{"@type":"ListItem","position":3,"name":"Sanimed Weight Control hond | 3 kg"}]},{"@type":"WebSite","@id":"http:\/\/www.pharmacy4pets.nl\/#website","url":"http:\/\/www.pharmacy4pets.nl\/","name":"Pharmacy4pets","description":"Pharmacy4pets.nl is d\u00e9 online apotheek waar u terecht kunt voor alle diergeneesmiddelen, verzorgingsproducten en dieetvoeding voor uw huisdier.","publisher":{"@id":"http:\/\/www.pharmacy4pets.nl\/#organization"},"potentialAction":[{"@type":"SearchAction","target":{"@type":"EntryPoint","urlTemplate":"http:\/\/www.pharmacy4pets.nl\/?s={search_term_string}"},"query-input":{"@type":"PropertyValueSpecification","valueRequired":true,"valueName":"search_term_string"}}],"inLanguage":"nl-NL"},{"@type":"Organization","@id":"http:\/\/www.pharmacy4pets.nl\/#organization","name":"Pharmacy4pets","url":"http:\/\/www.pharmacy4pets.nl\/","logo":{"@type":"ImageObject","inLanguage":"nl-NL","@id":"http:\/\/www.pharmacy4pets.nl\/#\/schema\/logo\/image\/","url":"https:\/\/p4p-nl.bootmine.com\/wp-content\/uploads\/2026\/03\/logo-pharmacy4pets.png","contentUrl":"https:\/\/p4p-nl.bootmine.com\/wp-content\/uploads\/2026\/03\/logo-pharmacy4pets.png","width":1024,"height":135,"caption":"Pharmacy4pets"},"image":{"@id":"http:\/\/www.pharmacy4pets.nl\/#\/schema\/logo\/image\/"},"sameAs":["https:\/\/www.facebook.com\/people\/Pharmacy4petsnl\/100063484989896\/","https:\/\/www.youtube.com\/channel\/UCGPTIgucgli03tP2_kvLkHg\/featured","https:\/\/www.instagram.com\/pharmacy4pets.nl"]}]}},"market_data":{"nl":{"price":0,"sale_price":0,"active":false,"url":null,"parent_url":"","tax_rate":0,"price_inc_tax":0,"sale_price_inc_tax":0},"de":{"price":0,"sale_price":0,"active":false,"url":null,"parent_url":"","tax_rate":0,"price_inc_tax":0,"sale_price_inc_tax":0},"be":{"price":0,"sale_price":0,"active":false,"url":null,"parent_url":"","tax_rate":0,"price_inc_tax":0,"sale_price_inc_tax":0},"fr":{"price":0,"sale_price":0,"active":false,"url":null,"parent_url":"","tax_rate":0,"price_inc_tax":0,"sale_price_inc_tax":0},"ch":{"price":0,"sale_price":0,"active":false,"url":null,"parent_url":"","tax_rate":0,"price_inc_tax":0,"sale_price_inc_tax":0},"at":{"price":0,"sale_price":0,"active":false,"url":null,"parent_url":"","tax_rate":0,"price_inc_tax":0,"sale_price_inc_tax":0},"es":{"price":0,"sale_price":0,"active":false,"url":null,"parent_url":"","tax_rate":0,"price_inc_tax":0,"sale_price_inc_tax":0},"dk":{"price":0,"sale_price":0,"active":false,"url":null,"parent_url":"","tax_rate":0,"price_inc_tax":0,"sale_price_inc_tax":0},"com":{"price":0,"sale_price":0,"active":false,"url":null,"parent_url":"","tax_rate":0,"price_inc_tax":0,"sale_price_inc_tax":0}},"market_nl_price":0,"market_nl_sale_price":0,"market_nl_active":false,"market_nl_url":null,"market_nl_parent_url":"","market_nl_tax_rate":0,"market_nl_price_inc_tax":0,"market_nl_sale_price_inc_tax":0,"market_de_price":0,"market_de_sale_price":0,"market_de_active":false,"market_de_url":null,"market_de_parent_url":"","market_de_tax_rate":0,"market_de_price_inc_tax":0,"market_de_sale_price_inc_tax":0,"market_be_price":0,"market_be_sale_price":0,"market_be_active":false,"market_be_url":null,"market_be_parent_url":"","market_be_tax_rate":0,"market_be_price_inc_tax":0,"market_be_sale_price_inc_tax":0,"market_fr_price":0,"market_fr_sale_price":0,"market_fr_active":false,"market_fr_url":null,"market_fr_parent_url":"","market_fr_tax_rate":0,"market_fr_price_inc_tax":0,"market_fr_sale_price_inc_tax":0,"market_ch_price":0,"market_ch_sale_price":0,"market_ch_active":false,"market_ch_url":null,"market_ch_parent_url":"","market_ch_tax_rate":0,"market_ch_price_inc_tax":0,"market_ch_sale_price_inc_tax":0,"market_at_price":0,"market_at_sale_price":0,"market_at_active":false,"market_at_url":null,"market_at_parent_url":"","market_at_tax_rate":0,"market_at_price_inc_tax":0,"market_at_sale_price_inc_tax":0,"market_es_price":0,"market_es_sale_price":0,"market_es_active":false,"market_es_url":null,"market_es_parent_url":"","market_es_tax_rate":0,"market_es_price_inc_tax":0,"market_es_sale_price_inc_tax":0,"market_dk_price":0,"market_dk_sale_price":0,"market_dk_active":false,"market_dk_url":null,"market_dk_parent_url":"","market_dk_tax_rate":0,"market_dk_price_inc_tax":0,"market_dk_sale_price_inc_tax":0,"market_com_price":0,"market_com_sale_price":0,"market_com_active":false,"market_com_url":null,"market_com_parent_url":"","market_com_tax_rate":0,"market_com_price_inc_tax":0,"market_com_sale_price_inc_tax":0,"acf":[],"_links":{"self":[{"href":"https:\/\/www.pharmacy4pets.nl\/be\/wp-json\/wp\/v2\/product\/119036","targetHints":{"allow":["GET"]}}],"collection":[{"href":"https:\/\/www.pharmacy4pets.nl\/be\/wp-json\/wp\/v2\/product"}],"about":[{"href":"https:\/\/www.pharmacy4pets.nl\/be\/wp-json\/wp\/v2\/types\/product"}],"replies":[{"embeddable":true,"href":"https:\/\/www.pharmacy4pets.nl\/be\/wp-json\/wp\/v2\/comments?post=119036"}],"wp:featuredmedia":[{"embeddable":true,"href":"https:\/\/www.pharmacy4pets.nl\/be\/wp-json\/wp\/v2\/media\/119033"}],"wp:attachment":[{"href":"https:\/\/www.pharmacy4pets.nl\/be\/wp-json\/wp\/v2\/media?parent=119036"}],"wp:term":[{"taxonomy":"product_brand","embeddable":true,"href":"https:\/\/www.pharmacy4pets.nl\/be\/wp-json\/wp\/v2\/product_brand?post=119036"},{"taxonomy":"product_cat","embeddable":true,"href":"https:\/\/www.pharmacy4pets.nl\/be\/wp-json\/wp\/v2\/product_cat?post=119036"},{"taxonomy":"product_tag","embeddable":true,"href":"https:\/\/www.pharmacy4pets.nl\/be\/wp-json\/wp\/v2\/product_tag?post=119036"}],"curies":[{"name":"wp","href":"https:\/\/api.w.org\/{rel}","templated":true}]}}