{"id":119028,"date":"2019-03-12T16:47:39","date_gmt":"2019-03-12T16:47:39","guid":{"rendered":"https:\/\/p4p.test\/sanimed-weight-reduction-hond"},"modified":"2026-03-25T12:00:22","modified_gmt":"2026-03-25T12:00:22","slug":"sanimed-weight-reduction-hond","status":"publish","type":"product","link":"https:\/\/www.pharmacy4pets.nl\/be\/sanimed-weight-reduction-hond","title":{"rendered":"Sanimed Weight Reduction hond"},"content":{"rendered":"<p>Sanimed Weight Reduction voor de hond is een dieetvoeding voor volwassen honden ter vermindering van overgewicht.<\/p>\n<p>Sanimed Weight Reduction:<br \/>&bull; heeft &eacute;&eacute;n van de laagste energiegehalten van alle gewicht reducerende di&euml;ten<br \/>&bull; zorgt dat honden relatief veel voeding kunnen eten en toch afvallen, dankzij het hoge gehalte aan ruwe celstof en de zeer lage energiewaarde<br \/>&bull; helpt bij de afbraak van vetten dankzij L-carnitine<\/p>\n","protected":false},"excerpt":{"rendered":"<p>Sanimed Weight Reduction voor de hond is een dieetvoeding voor volwassen honden ter vermindering van overgewicht. Sanimed Weight Reduction:&bull; heeft &eacute;&eacute;n van de laagste energiegehalten van alle gewicht reducerende di&euml;ten&bull; zorgt dat honden relatief veel voeding kunnen eten en toch afvallen, dankzij het hoge gehalte aan ruwe celstof en de zeer lage energiewaarde&bull; helpt bij [&hellip;]<\/p>\n","protected":false},"featured_media":119024,"comment_status":"open","ping_status":"closed","template":"","meta":{"_acf_changed":false,"_nl_post_content":"<p>Sanimed Weight Reduction voor de hond is een dieetvoeding voor volwassen honden ter vermindering van overgewicht.<br \/><br \/>Sanimed Weight Reduction:<br \/>&bull; heeft &eacute;&eacute;n van de laagste energiegehalten van alle gewicht reducerende di&euml;ten<br \/>&bull; zorgt dat honden relatief veel voeding kunnen eten en toch afvallen, dankzij het hoge gehalte aan ruwe celstof en de zeer lage energiewaarde<br \/>&bull; helpt bij de afbraak van vetten dankzij L-carnitine<\/p>","_nl_post_name":"sanimed-weight-reduction-hond","_nl_post_excerpt":"","_nl_post_title":"Sanimed Weight Reduction hond","_en_post_content":"<p>Sanimed Weight Reduction dog food is a dietary food for adult dogs to reduce obesity.<br \/><br \/>Sanimed Weight Reduction:<br \/>&bull; has one of the lowest energy levels of all weight-reducing diets<br \/>&bull; ensures that dogs can eat relatively much food and still lose weight, thanks to the high content of crude fiber and the very low energy value<br \/>&bull; helps with the breakdown of fats thanks to L-carnitine<br \/><br \/><\/p>","_en_post_name":"sanimed-weight-reduction-dog","_en_post_excerpt":"","_en_post_title":"Sanimed Weight Reduction dog","_de_post_content":"<p>Sanimed Weight Reduction Hundefutter ist ein di&auml;tetisches Futtermittel f&uuml;r ausgewachsene Hunde, um &Uuml;bergewicht zu reduzieren.<br \/><br \/>Sanimed Weight Reduction:<br \/>&bull; hat eine der niedrigsten Energieniveaus aller Di&auml;ten zur Gewichtsreduzierung<br \/>&bull; sorgt daf&uuml;r, dass Hunde relativ hohe Mengen an Futter aufnehmen k&ouml;nnen und trotzdem Gewicht verlieren, dank des hohen Rohfasergehaltes und des sehr niedrigen Energiewerts<br \/>&bull; hilft beim Abbau von Fetten dank L-Carnitin<\/p>","_de_post_name":"sanimed-weight-reduction-hund","_de_post_excerpt":"","_de_post_title":"Sanimed Weight Reduction Hund","_fr_post_content":"<p>Sanimed Weight Reduction pour chiens est un aliment di\u00e9t\u00e9tique pour chiens adultes destin\u00e9 \u00e0 r\u00e9duire l'ob\u00e9sit\u00e9.<\/p>\r\n<p>R\u00e9duction du poids de Sanimed :<br \/>- a l'un des contenus \u00e9nerg\u00e9tiques les plus bas de tous les r\u00e9gimes amaigrissants.<br \/>- permet aux chiens de manger des quantit\u00e9s relativement importantes de nourriture tout en perdant du poids, gr\u00e2ce \u00e0 sa teneur \u00e9lev\u00e9e en fibres brutes et \u00e0 sa tr\u00e8s faible valeur \u00e9nerg\u00e9tique.<br \/>- aide \u00e0 d\u00e9composer les graisses gr\u00e2ce \u00e0 la L-carnitine<\/p>","_fr_post_name":"sanimed-weight-reduction-chien","_fr_post_excerpt":"","_fr_post_title":"Sanimed Weight Reduction chien","_es_post_content":"<p>Sanimed Weight Reduction voor de hond is een dieetvoeding voor volwassen honden ter vermindering van overgewicht.<br \/><br \/>Sanimed Weight Reduction:<br \/>&bull; heeft &eacute;&eacute;n van de laagste energiegehalten van alle gewicht reducerende di&euml;ten<br \/>&bull; zorgt dat honden relatief veel voeding kunnen eten en toch afvallen, dankzij het hoge gehalte aan ruwe celstof en de zeer lage energiewaarde<br \/>&bull; helpt bij de afbraak van vetten dankzij L-carnitine<\/p>","_es_post_name":"sanimed-weight-reduction-hond","_es_post_excerpt":"","_es_post_title":"Sanimed Weight Reduction hond","edit_language":"nl"},"product_brand":[],"product_cat":[1972,1858,1843,1117,1856,1839,1857,1951],"product_tag":[],"class_list":{"0":"post-119028","1":"product","2":"type-product","3":"status-publish","4":"has-post-thumbnail","6":"product_cat-artrose","7":"product_cat-dieetvoer","8":"product_cat-gewrichten","9":"product_cat-honden","10":"product_cat-hondenvoer","11":"product_cat-medicijnen-supplementen","12":"product_cat-merken","13":"product_cat-sanimed","14":"pa_aandoening-overgewicht","15":"pa_doeldier-hond","16":"pa_fabricatieland-nederland","17":"pa_levensfase-senior","18":"pa_levensfase-volwassen","19":"pa_merkfilter-sanimed","20":"pa_merkgroep-vobra","21":"pa_product_conditions-sanimed_popup","22":"pa_productsoort-voeding","23":"pa_seo_canonical_store_id-not_found_value","24":"pa_seo_category-not_found_value","25":"pa_seo_meta_robots-not_found_value","26":"pa_toedieningswijze-droogvoer","27":"pa_werkzamestof-overig","29":"first","30":"instock","31":"taxable","32":"shipping-taxable","33":"product-type-grouped"},"yoast_head":"<!-- This site is optimized with the Yoast SEO plugin v27.5 - https:\/\/yoast.com\/product\/yoast-seo-wordpress\/ -->\n<title>Sanimed Weight Reduction hond - Pharmacy4pets<\/title>\n<meta name=\"robots\" content=\"index, follow, max-snippet:-1, max-image-preview:large, max-video-preview:-1\" \/>\n<link rel=\"canonical\" href=\"https:\/\/www.pharmacy4pets.nl\/sanimed-weight-reduction-hond\" \/>\n<meta property=\"og:locale\" content=\"nl_NL\" \/>\n<meta property=\"og:type\" content=\"article\" \/>\n<meta property=\"og:title\" content=\"Sanimed Weight Reduction hond - Pharmacy4pets\" \/>\n<meta property=\"og:description\" content=\"Sanimed Weight Reduction voor de hond is een dieetvoeding voor volwassen honden ter vermindering van overgewicht. Sanimed Weight Reduction:&bull; heeft &eacute;&eacute;n van de laagste energiegehalten van alle gewicht reducerende di&euml;ten&bull; zorgt dat honden relatief veel voeding kunnen eten en toch afvallen, dankzij het hoge gehalte aan ruwe celstof en de zeer lage energiewaarde&bull; helpt bij [&hellip;]\" \/>\n<meta property=\"og:url\" content=\"https:\/\/www.pharmacy4pets.nl\/sanimed-weight-reduction-hond\" \/>\n<meta property=\"og:site_name\" content=\"Pharmacy4pets\" \/>\n<meta property=\"article:publisher\" content=\"https:\/\/www.facebook.com\/people\/Pharmacy4petsnl\/100063484989896\/\" \/>\n<meta property=\"article:modified_time\" content=\"2026-03-25T12:00:22+00:00\" \/>\n<meta property=\"og:image\" content=\"https:\/\/www.pharmacy4pets.nl\/wp-content\/uploads\/2019\/03\/19234_1.jpg\" \/>\n\t<meta property=\"og:image:width\" content=\"280\" \/>\n\t<meta property=\"og:image:height\" content=\"370\" \/>\n\t<meta property=\"og:image:type\" content=\"image\/jpeg\" \/>\n<meta name=\"twitter:card\" content=\"summary_large_image\" \/>\n<script type=\"application\/ld+json\" class=\"yoast-schema-graph\">{\"@context\":\"https:\\\/\\\/schema.org\",\"@graph\":[{\"@type\":\"WebPage\",\"@id\":\"https:\\\/\\\/www.pharmacy4pets.nl\\\/sanimed-weight-reduction-hond\",\"url\":\"https:\\\/\\\/www.pharmacy4pets.nl\\\/sanimed-weight-reduction-hond\",\"name\":\"Sanimed Weight Reduction hond - Pharmacy4pets\",\"isPartOf\":{\"@id\":\"http:\\\/\\\/www.pharmacy4pets.nl\\\/#website\"},\"primaryImageOfPage\":{\"@id\":\"https:\\\/\\\/www.pharmacy4pets.nl\\\/sanimed-weight-reduction-hond#primaryimage\"},\"image\":{\"@id\":\"https:\\\/\\\/www.pharmacy4pets.nl\\\/sanimed-weight-reduction-hond#primaryimage\"},\"thumbnailUrl\":\"https:\\\/\\\/www.pharmacy4pets.nl\\\/wp-content\\\/uploads\\\/2019\\\/03\\\/19234_1.jpg\",\"datePublished\":\"2019-03-12T16:47:39+00:00\",\"dateModified\":\"2026-03-25T12:00:22+00:00\",\"breadcrumb\":{\"@id\":\"https:\\\/\\\/www.pharmacy4pets.nl\\\/sanimed-weight-reduction-hond#breadcrumb\"},\"inLanguage\":\"nl-NL\",\"potentialAction\":[{\"@type\":\"ReadAction\",\"target\":[\"https:\\\/\\\/www.pharmacy4pets.nl\\\/sanimed-weight-reduction-hond\"]}]},{\"@type\":\"ImageObject\",\"inLanguage\":\"nl-NL\",\"@id\":\"https:\\\/\\\/www.pharmacy4pets.nl\\\/sanimed-weight-reduction-hond#primaryimage\",\"url\":\"https:\\\/\\\/www.pharmacy4pets.nl\\\/wp-content\\\/uploads\\\/2019\\\/03\\\/19234_1.jpg\",\"contentUrl\":\"https:\\\/\\\/www.pharmacy4pets.nl\\\/wp-content\\\/uploads\\\/2019\\\/03\\\/19234_1.jpg\",\"width\":280,\"height\":370,\"caption\":\"Sanimed\"},{\"@type\":\"BreadcrumbList\",\"@id\":\"https:\\\/\\\/www.pharmacy4pets.nl\\\/sanimed-weight-reduction-hond#breadcrumb\",\"itemListElement\":[{\"@type\":\"ListItem\",\"position\":1,\"name\":\"Home\",\"item\":\"https:\\\/\\\/p4p-nl.bootmine.com\\\/\"},{\"@type\":\"ListItem\",\"position\":2,\"name\":\"Winkel\",\"item\":\"https:\\\/\\\/p4p-nl.bootmine.com\\\/winkel\"},{\"@type\":\"ListItem\",\"position\":3,\"name\":\"Sanimed Weight Reduction hond\"}]},{\"@type\":\"WebSite\",\"@id\":\"http:\\\/\\\/www.pharmacy4pets.nl\\\/#website\",\"url\":\"http:\\\/\\\/www.pharmacy4pets.nl\\\/\",\"name\":\"Pharmacy4pets\",\"description\":\"Pharmacy4pets.nl is d\u00e9 online apotheek waar u terecht kunt voor alle diergeneesmiddelen, verzorgingsproducten en dieetvoeding voor uw huisdier.\",\"publisher\":{\"@id\":\"http:\\\/\\\/www.pharmacy4pets.nl\\\/#organization\"},\"potentialAction\":[{\"@type\":\"SearchAction\",\"target\":{\"@type\":\"EntryPoint\",\"urlTemplate\":\"http:\\\/\\\/www.pharmacy4pets.nl\\\/?s={search_term_string}\"},\"query-input\":{\"@type\":\"PropertyValueSpecification\",\"valueRequired\":true,\"valueName\":\"search_term_string\"}}],\"inLanguage\":\"nl-NL\"},{\"@type\":\"Organization\",\"@id\":\"http:\\\/\\\/www.pharmacy4pets.nl\\\/#organization\",\"name\":\"Pharmacy4pets\",\"url\":\"http:\\\/\\\/www.pharmacy4pets.nl\\\/\",\"logo\":{\"@type\":\"ImageObject\",\"inLanguage\":\"nl-NL\",\"@id\":\"http:\\\/\\\/www.pharmacy4pets.nl\\\/#\\\/schema\\\/logo\\\/image\\\/\",\"url\":\"https:\\\/\\\/p4p-nl.bootmine.com\\\/wp-content\\\/uploads\\\/2026\\\/03\\\/logo-pharmacy4pets.png\",\"contentUrl\":\"https:\\\/\\\/p4p-nl.bootmine.com\\\/wp-content\\\/uploads\\\/2026\\\/03\\\/logo-pharmacy4pets.png\",\"width\":1024,\"height\":135,\"caption\":\"Pharmacy4pets\"},\"image\":{\"@id\":\"http:\\\/\\\/www.pharmacy4pets.nl\\\/#\\\/schema\\\/logo\\\/image\\\/\"},\"sameAs\":[\"https:\\\/\\\/www.facebook.com\\\/people\\\/Pharmacy4petsnl\\\/100063484989896\\\/\",\"https:\\\/\\\/www.youtube.com\\\/channel\\\/UCGPTIgucgli03tP2_kvLkHg\\\/featured\",\"https:\\\/\\\/www.instagram.com\\\/pharmacy4pets.nl\"]}]}<\/script>\n<!-- \/ Yoast SEO plugin. -->","yoast_head_json":{"title":"Sanimed Weight Reduction hond - Pharmacy4pets","robots":{"index":"index","follow":"follow","max-snippet":"max-snippet:-1","max-image-preview":"max-image-preview:large","max-video-preview":"max-video-preview:-1"},"canonical":"https:\/\/www.pharmacy4pets.nl\/sanimed-weight-reduction-hond","og_locale":"nl_NL","og_type":"article","og_title":"Sanimed Weight Reduction hond - Pharmacy4pets","og_description":"Sanimed Weight Reduction voor de hond is een dieetvoeding voor volwassen honden ter vermindering van overgewicht. Sanimed Weight Reduction:&bull; heeft &eacute;&eacute;n van de laagste energiegehalten van alle gewicht reducerende di&euml;ten&bull; zorgt dat honden relatief veel voeding kunnen eten en toch afvallen, dankzij het hoge gehalte aan ruwe celstof en de zeer lage energiewaarde&bull; helpt bij [&hellip;]","og_url":"https:\/\/www.pharmacy4pets.nl\/sanimed-weight-reduction-hond","og_site_name":"Pharmacy4pets","article_publisher":"https:\/\/www.facebook.com\/people\/Pharmacy4petsnl\/100063484989896\/","article_modified_time":"2026-03-25T12:00:22+00:00","og_image":[{"width":280,"height":370,"url":"https:\/\/www.pharmacy4pets.nl\/wp-content\/uploads\/2019\/03\/19234_1.jpg","type":"image\/jpeg"}],"twitter_card":"summary_large_image","schema":{"@context":"https:\/\/schema.org","@graph":[{"@type":"WebPage","@id":"https:\/\/www.pharmacy4pets.nl\/sanimed-weight-reduction-hond","url":"https:\/\/www.pharmacy4pets.nl\/sanimed-weight-reduction-hond","name":"Sanimed Weight Reduction hond - Pharmacy4pets","isPartOf":{"@id":"http:\/\/www.pharmacy4pets.nl\/#website"},"primaryImageOfPage":{"@id":"https:\/\/www.pharmacy4pets.nl\/sanimed-weight-reduction-hond#primaryimage"},"image":{"@id":"https:\/\/www.pharmacy4pets.nl\/sanimed-weight-reduction-hond#primaryimage"},"thumbnailUrl":"https:\/\/www.pharmacy4pets.nl\/wp-content\/uploads\/2019\/03\/19234_1.jpg","datePublished":"2019-03-12T16:47:39+00:00","dateModified":"2026-03-25T12:00:22+00:00","breadcrumb":{"@id":"https:\/\/www.pharmacy4pets.nl\/sanimed-weight-reduction-hond#breadcrumb"},"inLanguage":"nl-NL","potentialAction":[{"@type":"ReadAction","target":["https:\/\/www.pharmacy4pets.nl\/sanimed-weight-reduction-hond"]}]},{"@type":"ImageObject","inLanguage":"nl-NL","@id":"https:\/\/www.pharmacy4pets.nl\/sanimed-weight-reduction-hond#primaryimage","url":"https:\/\/www.pharmacy4pets.nl\/wp-content\/uploads\/2019\/03\/19234_1.jpg","contentUrl":"https:\/\/www.pharmacy4pets.nl\/wp-content\/uploads\/2019\/03\/19234_1.jpg","width":280,"height":370,"caption":"Sanimed"},{"@type":"BreadcrumbList","@id":"https:\/\/www.pharmacy4pets.nl\/sanimed-weight-reduction-hond#breadcrumb","itemListElement":[{"@type":"ListItem","position":1,"name":"Home","item":"https:\/\/p4p-nl.bootmine.com\/"},{"@type":"ListItem","position":2,"name":"Winkel","item":"https:\/\/p4p-nl.bootmine.com\/winkel"},{"@type":"ListItem","position":3,"name":"Sanimed Weight Reduction hond"}]},{"@type":"WebSite","@id":"http:\/\/www.pharmacy4pets.nl\/#website","url":"http:\/\/www.pharmacy4pets.nl\/","name":"Pharmacy4pets","description":"Pharmacy4pets.nl is d\u00e9 online apotheek waar u terecht kunt voor alle diergeneesmiddelen, verzorgingsproducten en dieetvoeding voor uw huisdier.","publisher":{"@id":"http:\/\/www.pharmacy4pets.nl\/#organization"},"potentialAction":[{"@type":"SearchAction","target":{"@type":"EntryPoint","urlTemplate":"http:\/\/www.pharmacy4pets.nl\/?s={search_term_string}"},"query-input":{"@type":"PropertyValueSpecification","valueRequired":true,"valueName":"search_term_string"}}],"inLanguage":"nl-NL"},{"@type":"Organization","@id":"http:\/\/www.pharmacy4pets.nl\/#organization","name":"Pharmacy4pets","url":"http:\/\/www.pharmacy4pets.nl\/","logo":{"@type":"ImageObject","inLanguage":"nl-NL","@id":"http:\/\/www.pharmacy4pets.nl\/#\/schema\/logo\/image\/","url":"https:\/\/p4p-nl.bootmine.com\/wp-content\/uploads\/2026\/03\/logo-pharmacy4pets.png","contentUrl":"https:\/\/p4p-nl.bootmine.com\/wp-content\/uploads\/2026\/03\/logo-pharmacy4pets.png","width":1024,"height":135,"caption":"Pharmacy4pets"},"image":{"@id":"http:\/\/www.pharmacy4pets.nl\/#\/schema\/logo\/image\/"},"sameAs":["https:\/\/www.facebook.com\/people\/Pharmacy4petsnl\/100063484989896\/","https:\/\/www.youtube.com\/channel\/UCGPTIgucgli03tP2_kvLkHg\/featured","https:\/\/www.instagram.com\/pharmacy4pets.nl"]}]}},"market_data":{"nl":{"price":0,"sale_price":0,"active":false,"url":null,"parent_url":"","tax_rate":0,"price_inc_tax":0,"sale_price_inc_tax":0},"de":{"price":0,"sale_price":0,"active":false,"url":null,"parent_url":"","tax_rate":0,"price_inc_tax":0,"sale_price_inc_tax":0},"be":{"price":0,"sale_price":0,"active":false,"url":null,"parent_url":"","tax_rate":0,"price_inc_tax":0,"sale_price_inc_tax":0},"fr":{"price":0,"sale_price":0,"active":false,"url":null,"parent_url":"","tax_rate":0,"price_inc_tax":0,"sale_price_inc_tax":0},"ch":{"price":0,"sale_price":0,"active":false,"url":null,"parent_url":"","tax_rate":0,"price_inc_tax":0,"sale_price_inc_tax":0},"at":{"price":0,"sale_price":0,"active":false,"url":null,"parent_url":"","tax_rate":0,"price_inc_tax":0,"sale_price_inc_tax":0},"es":{"price":0,"sale_price":0,"active":false,"url":null,"parent_url":"","tax_rate":0,"price_inc_tax":0,"sale_price_inc_tax":0},"dk":{"price":0,"sale_price":0,"active":false,"url":null,"parent_url":"","tax_rate":0,"price_inc_tax":0,"sale_price_inc_tax":0},"com":{"price":0,"sale_price":0,"active":false,"url":null,"parent_url":"","tax_rate":0,"price_inc_tax":0,"sale_price_inc_tax":0}},"market_nl_price":0,"market_nl_sale_price":0,"market_nl_active":false,"market_nl_url":null,"market_nl_parent_url":"","market_nl_tax_rate":0,"market_nl_price_inc_tax":0,"market_nl_sale_price_inc_tax":0,"market_de_price":0,"market_de_sale_price":0,"market_de_active":false,"market_de_url":null,"market_de_parent_url":"","market_de_tax_rate":0,"market_de_price_inc_tax":0,"market_de_sale_price_inc_tax":0,"market_be_price":0,"market_be_sale_price":0,"market_be_active":false,"market_be_url":null,"market_be_parent_url":"","market_be_tax_rate":0,"market_be_price_inc_tax":0,"market_be_sale_price_inc_tax":0,"market_fr_price":0,"market_fr_sale_price":0,"market_fr_active":false,"market_fr_url":null,"market_fr_parent_url":"","market_fr_tax_rate":0,"market_fr_price_inc_tax":0,"market_fr_sale_price_inc_tax":0,"market_ch_price":0,"market_ch_sale_price":0,"market_ch_active":false,"market_ch_url":null,"market_ch_parent_url":"","market_ch_tax_rate":0,"market_ch_price_inc_tax":0,"market_ch_sale_price_inc_tax":0,"market_at_price":0,"market_at_sale_price":0,"market_at_active":false,"market_at_url":null,"market_at_parent_url":"","market_at_tax_rate":0,"market_at_price_inc_tax":0,"market_at_sale_price_inc_tax":0,"market_es_price":0,"market_es_sale_price":0,"market_es_active":false,"market_es_url":null,"market_es_parent_url":"","market_es_tax_rate":0,"market_es_price_inc_tax":0,"market_es_sale_price_inc_tax":0,"market_dk_price":0,"market_dk_sale_price":0,"market_dk_active":false,"market_dk_url":null,"market_dk_parent_url":"","market_dk_tax_rate":0,"market_dk_price_inc_tax":0,"market_dk_sale_price_inc_tax":0,"market_com_price":0,"market_com_sale_price":0,"market_com_active":false,"market_com_url":null,"market_com_parent_url":"","market_com_tax_rate":0,"market_com_price_inc_tax":0,"market_com_sale_price_inc_tax":0,"acf":[],"_links":{"self":[{"href":"https:\/\/www.pharmacy4pets.nl\/be\/wp-json\/wp\/v2\/product\/119028","targetHints":{"allow":["GET"]}}],"collection":[{"href":"https:\/\/www.pharmacy4pets.nl\/be\/wp-json\/wp\/v2\/product"}],"about":[{"href":"https:\/\/www.pharmacy4pets.nl\/be\/wp-json\/wp\/v2\/types\/product"}],"replies":[{"embeddable":true,"href":"https:\/\/www.pharmacy4pets.nl\/be\/wp-json\/wp\/v2\/comments?post=119028"}],"wp:featuredmedia":[{"embeddable":true,"href":"https:\/\/www.pharmacy4pets.nl\/be\/wp-json\/wp\/v2\/media\/119024"}],"wp:attachment":[{"href":"https:\/\/www.pharmacy4pets.nl\/be\/wp-json\/wp\/v2\/media?parent=119028"}],"wp:term":[{"taxonomy":"product_brand","embeddable":true,"href":"https:\/\/www.pharmacy4pets.nl\/be\/wp-json\/wp\/v2\/product_brand?post=119028"},{"taxonomy":"product_cat","embeddable":true,"href":"https:\/\/www.pharmacy4pets.nl\/be\/wp-json\/wp\/v2\/product_cat?post=119028"},{"taxonomy":"product_tag","embeddable":true,"href":"https:\/\/www.pharmacy4pets.nl\/be\/wp-json\/wp\/v2\/product_tag?post=119028"}],"curies":[{"name":"wp","href":"https:\/\/api.w.org\/{rel}","templated":true}]}}