{"id":119015,"date":"2019-03-12T16:15:09","date_gmt":"2019-03-12T16:15:09","guid":{"rendered":"https:\/\/p4p.test\/sanimed-weight-reduction-hond-worst"},"modified":"2026-04-14T08:03:33","modified_gmt":"2026-04-14T08:03:33","slug":"sanimed-weight-reduction-hond-worst","status":"publish","type":"product","link":"https:\/\/www.pharmacy4pets.nl\/be\/sanimed-weight-reduction-hond-worst","title":{"rendered":"Sanimed Weight Reduction hond | worst 15x 400 gram |EXP 05-05-2026"},"content":{"rendered":"<p>Sanimed Weight Reduction worst voor de hond is een dieetvoeding voor volwassen honden ter vermindering van overgewicht.<\/p>\n<p>Sanimed Weight Reduction:<br \/>\u2022 heeft \u00e9\u00e9n van de laagste energiegehalten van alle gewicht reducerende di\u00ebten<br \/>\u2022 zorgt dat honden relatief veel voeding kunnen eten en toch afvallen, dankzij het hoge gehalte aan ruwe celstof en de zeer lage energiewaarde<br \/>\u2022 helpt bij de afbraak van vetten dankzij L-carnitine<\/p>\n<p>Sanimed Weight Reduction worst bevat: Gedehydreerd gevogelte, cellulose, gedroogde bietenpulp, gestructureerd plantaardig vet, gedroogde aardappel, aardappeleiwit, ma\u00efsgluten, gedroogde appel, gerst, erwten, gedroogd johannesbrood, ge\u00ebxtraheerde sojabonen, gist, dierlijk vet (gevogelte), lijnzaad, gedroogde luzerne, gehydrolyseerde kippenlever.<\/p>\n","protected":false},"excerpt":{"rendered":"<p>Sanimed Weight Reduction worst voor de hond is een dieetvoeding voor volwassen honden ter vermindering van overgewicht. Sanimed Weight Reduction:\u2022 heeft \u00e9\u00e9n van de laagste energiegehalten van alle gewicht reducerende di\u00ebten\u2022 zorgt dat honden relatief veel voeding kunnen eten en toch afvallen, dankzij het hoge gehalte aan ruwe celstof en de zeer lage energiewaarde\u2022 helpt [&hellip;]<\/p>\n","protected":false},"featured_media":119014,"comment_status":"open","ping_status":"closed","template":"","meta":{"_acf_changed":false,"_nl_post_content":"<p>Sanimed Weight Reduction worst voor de hond is een dieetvoeding voor volwassen honden ter vermindering van overgewicht.<br \/><br \/>Sanimed Weight Reduction:<br \/>\u2022 heeft \u00e9\u00e9n van de laagste energiegehalten van alle gewicht reducerende di\u00ebten<br \/>\u2022 zorgt dat honden relatief veel voeding kunnen eten en toch afvallen, dankzij het hoge gehalte aan ruwe celstof en de zeer lage energiewaarde<br \/>\u2022 helpt bij de afbraak van vetten dankzij L-carnitine<\/p>\r\n<p>Sanimed Weight Reduction worst bevat: Gedehydreerd gevogelte, cellulose, gedroogde bietenpulp, gestructureerd plantaardig vet, gedroogde aardappel, aardappeleiwit, ma\u00efsgluten, gedroogde appel, gerst, erwten, gedroogd johannesbrood, ge\u00ebxtraheerde sojabonen, gist, dierlijk vet (gevogelte), lijnzaad, gedroogde luzerne, gehydrolyseerde kippenlever.<\/p>\r\n","_nl_post_name":"sanimed-weight-reduction-hond-worst","_nl_post_excerpt":"","_nl_post_title":"Sanimed Weight Reduction hond | worst 15x 400 gram |EXP 05-05-2026","_en_post_content":"<p>Sanimed Weight Reduction sausage is a dietary food for adult dogs to reduce obesity.<br \/><br \/>Sanimed Weight Reduction:<br \/>\u2022 has one of the lowest energy levels of all weight-reducing diets<br \/>\u2022 ensures that dogs can eat relatively much food and still lose weight, thanks to the high content of crude fiber and the very low energy value<br \/>\u2022 helps with the breakdown of fats thanks to L-carnitine<\/p>\r\n<p>Composition: Dehydrated poultry, cellulose, dried beet pulp, structured vegetable fat, dried potato, potato protein, corn gluten, dried apple, barley, peas, dried carob, extracted soybeans, yeast, animal fat (poultry), linseed, dried alfalfa, hydrolysed chicken liver.<\/p>\r\n","_en_post_name":"sanimed-weight-reduction-dog-sausage","_en_post_excerpt":"","_en_post_title":"Sanimed Weight Reduction dog | sausage 15x 400 grams | EXP 05-05-2026","_de_post_content":"<p>Sanimed Weight Reduction Wurst ist ein di\u00e4tetisches Futtermittel f\u00fcr ausgewachsene Hunde, um \u00dcbergewicht zu reduzieren.<br \/><br \/>Sanimed Weight Reduction:<br \/>\u2022 hat eine der niedrigsten Energieniveaus aller Di\u00e4ten zur Gewichtsreduzierung<br \/>\u2022 sorgt daf\u00fcr, dass Hunde relativ hohe Mengen an Futter aufnehmen k\u00f6nnen und trotzdem Gewicht verlieren, dank des hohen Rohfasergehaltes und des sehr niedrigen Energiewerts<br \/>\u2022 hilft beim Abbau von Fetten dank L-Carnitin<\/p>\r\n<p>Sanimed Weight Reduction Wurst enth\u00e4lt: Dehydriertes Gefl\u00fcgel, Zellulose, getrocknetes R\u00fcbenschnitzel, strukturiertes Pflanzenfett, getrocknete Kartoffeln, Kartoffelprotein, Maisgluten, getrockneter Apfel, Gerste, Erbsen, getrockneter Johannisbrotbaum, extrahierte Sojabohnen, Hefe, Tierfett (Gefl\u00fcgel), Leinsamen, getrocknete Luzerne, hydrolisierte H\u00fchnerleber.<\/p>","_de_post_name":"sanimed-weight-reduction-hund-wurst","_de_post_excerpt":"","_de_post_title":"Sanimed Weight Reduction Hund | Wurst 15x 400 Gramm | EXP 05-05-2026","_fr_post_content":"<p>Sanimed Weight Reduction saucisse pour chiens est un aliment di\u00e9t\u00e9tique pour chiens adultes destin\u00e9 \u00e0 r\u00e9duire l'ob\u00e9sit\u00e9. R\u00e9duction du poids de Sanimed :<\/p>\r\n<ul>\r\n<li>a l'un des contenus \u00e9nerg\u00e9tiques les plus bas de tous les r\u00e9gimes amaigrissants.<\/li>\r\n<li>permet aux chiens de manger des quantit\u00e9s relativement importantes de nourriture tout en perdant du poids, gr\u00e2ce \u00e0 sa teneur \u00e9lev\u00e9e en fibres brutes et \u00e0 sa tr\u00e8s faible valeur \u00e9nerg\u00e9tique.<\/li>\r\n<li>aide \u00e0 d\u00e9composer les graisses gr\u00e2ce \u00e0 la L-carnitine.<\/li>\r\n<\/ul>\r\n<p>Composition : Volaille d\u00e9shydrat\u00e9e, cellulose, pulpe de betterave s\u00e9ch\u00e9e, graisse v\u00e9g\u00e9tale structur\u00e9e, pomme de terre s\u00e9ch\u00e9e, prot\u00e9ine de pomme de terre, gluten de ma\u00efs, pomme s\u00e9ch\u00e9e, orge, pois, caroube s\u00e9ch\u00e9e, f\u00e8ves de soja extraites, levure, graisse animale (volaille), graines de lin, luzerne s\u00e9ch\u00e9e, foie de poulet hydrolys\u00e9.<\/p>\r\n","_fr_post_name":"sanimed-weight-reduction-saucisse-chien-1820","_fr_post_excerpt":"","_fr_post_title":"Sanimed Weight Reduction chien | saucisse 15x 400 grammes | EXP 05-05-2026","_es_post_content":"<p>La salchicha Sanimed Weight Reduction para perros es un alimento diet\u00e9tico para perros adultos para reducir el sobrepeso.<br \/><br \/>Sanimed Weight Reduction:<br \/>\u2022 Tiene uno de los contenidos energ\u00e9ticos m\u00e1s bajos de todas las dietas de reducci\u00f3n de peso. < br \/>\u2022 asegura que los perros puedan comer una cantidad relativamente grande de alimentos y aun as\u00ed perder peso, gracias al alto contenido de fibra cruda y el valor energ\u00e9tico muy bajo<br \/>\u2022 ayuda con la descomposici\u00f3n de las grasas gracias a L- carnitina<\/p> <p>La salchicha Reductora de Peso Sanimed contiene: Ave deshidratada, celulosa, pulpa de remolacha deshidratada, grasa vegetal estructurada, patata deshidratada, prote\u00edna de patata, gluten de ma\u00edz, manzana deshidratada, cebada, guisantes, algarroba deshidratada, soja extra\u00edda, levadura, grasa animal (ave ), linaza , alfalfa deshidratada, hidrolizado de h\u00edgado de pollo.<\/p>","_es_post_name":"sanimed-weight-reduction-salchicha-perro-15x-400-gramos","_es_post_excerpt":"","_es_post_title":"Sanimed Weight Reduction Salchicha | Perro | 15x 400 gramos | EXP 05-05-2026","edit_language":"nl"},"product_brand":[],"product_cat":[1858,1117,1856,1857,1951],"product_tag":[],"class_list":{"0":"post-119015","1":"product","2":"type-product","3":"status-publish","4":"has-post-thumbnail","6":"product_cat-dieetvoer","7":"product_cat-honden","8":"product_cat-hondenvoer","9":"product_cat-merken","10":"product_cat-sanimed","11":"pa_aandoening-overgewicht","12":"pa_doeldier-hond","13":"pa_fabricatieland-nederland","14":"pa_levensfase-senior","15":"pa_levensfase-volwassen","16":"pa_merkfilter-sanimed","17":"pa_merkgroep-vobra","18":"pa_product_conditions-sanimed_popup","19":"pa_productsoort-voeding","20":"pa_seo_canonical_store_id-not_found_value","21":"pa_seo_category-not_found_value","22":"pa_seo_meta_robots-not_found_value","23":"pa_toedieningswijze-natvoer","24":"pa_unit_pricing_base_measure-1ct","25":"pa_unit_pricing_measure-15ct","26":"pa_werkzamestof-overig","28":"first","29":"instock","30":"taxable","31":"shipping-taxable","32":"purchasable","33":"product-type-simple"},"yoast_head":"<!-- This site is optimized with the Yoast SEO plugin v27.5 - https:\/\/yoast.com\/product\/yoast-seo-wordpress\/ -->\n<title>Sanimed Weight Reduction hond | worst 15x 400 gram |EXP 05-05-2026 - Pharmacy4pets<\/title>\n<meta name=\"robots\" content=\"index, follow, max-snippet:-1, max-image-preview:large, max-video-preview:-1\" \/>\n<link rel=\"canonical\" href=\"https:\/\/www.pharmacy4pets.nl\/sanimed-weight-reduction-hond-worst\" \/>\n<meta property=\"og:locale\" content=\"nl_NL\" \/>\n<meta property=\"og:type\" content=\"article\" \/>\n<meta property=\"og:title\" content=\"Sanimed Weight Reduction hond | worst 15x 400 gram |EXP 05-05-2026 - Pharmacy4pets\" \/>\n<meta property=\"og:description\" content=\"Sanimed Weight Reduction worst voor de hond is een dieetvoeding voor volwassen honden ter vermindering van overgewicht. Sanimed Weight Reduction:\u2022 heeft \u00e9\u00e9n van de laagste energiegehalten van alle gewicht reducerende di\u00ebten\u2022 zorgt dat honden relatief veel voeding kunnen eten en toch afvallen, dankzij het hoge gehalte aan ruwe celstof en de zeer lage energiewaarde\u2022 helpt [&hellip;]\" \/>\n<meta property=\"og:url\" content=\"https:\/\/www.pharmacy4pets.nl\/sanimed-weight-reduction-hond-worst\" \/>\n<meta property=\"og:site_name\" content=\"Pharmacy4pets\" \/>\n<meta property=\"article:publisher\" content=\"https:\/\/www.facebook.com\/people\/Pharmacy4petsnl\/100063484989896\/\" \/>\n<meta property=\"article:modified_time\" content=\"2026-04-14T08:03:33+00:00\" \/>\n<meta property=\"og:image\" content=\"https:\/\/www.pharmacy4pets.nl\/wp-content\/uploads\/2019\/03\/19365_1.jpg\" \/>\n\t<meta property=\"og:image:width\" content=\"700\" \/>\n\t<meta property=\"og:image:height\" content=\"700\" \/>\n\t<meta property=\"og:image:type\" content=\"image\/jpeg\" \/>\n<meta name=\"twitter:card\" content=\"summary_large_image\" \/>\n<script type=\"application\/ld+json\" class=\"yoast-schema-graph\">{\"@context\":\"https:\\\/\\\/schema.org\",\"@graph\":[{\"@type\":\"WebPage\",\"@id\":\"https:\\\/\\\/www.pharmacy4pets.nl\\\/sanimed-weight-reduction-hond-worst\",\"url\":\"https:\\\/\\\/www.pharmacy4pets.nl\\\/sanimed-weight-reduction-hond-worst\",\"name\":\"Sanimed Weight Reduction hond | worst 15x 400 gram |EXP 05-05-2026 - Pharmacy4pets\",\"isPartOf\":{\"@id\":\"http:\\\/\\\/www.pharmacy4pets.nl\\\/#website\"},\"primaryImageOfPage\":{\"@id\":\"https:\\\/\\\/www.pharmacy4pets.nl\\\/sanimed-weight-reduction-hond-worst#primaryimage\"},\"image\":{\"@id\":\"https:\\\/\\\/www.pharmacy4pets.nl\\\/sanimed-weight-reduction-hond-worst#primaryimage\"},\"thumbnailUrl\":\"https:\\\/\\\/www.pharmacy4pets.nl\\\/wp-content\\\/uploads\\\/2019\\\/03\\\/19365_1.jpg\",\"datePublished\":\"2019-03-12T16:15:09+00:00\",\"dateModified\":\"2026-04-14T08:03:33+00:00\",\"breadcrumb\":{\"@id\":\"https:\\\/\\\/www.pharmacy4pets.nl\\\/sanimed-weight-reduction-hond-worst#breadcrumb\"},\"inLanguage\":\"nl-NL\",\"potentialAction\":[{\"@type\":\"ReadAction\",\"target\":[\"https:\\\/\\\/www.pharmacy4pets.nl\\\/sanimed-weight-reduction-hond-worst\"]}]},{\"@type\":\"ImageObject\",\"inLanguage\":\"nl-NL\",\"@id\":\"https:\\\/\\\/www.pharmacy4pets.nl\\\/sanimed-weight-reduction-hond-worst#primaryimage\",\"url\":\"https:\\\/\\\/www.pharmacy4pets.nl\\\/wp-content\\\/uploads\\\/2019\\\/03\\\/19365_1.jpg\",\"contentUrl\":\"https:\\\/\\\/www.pharmacy4pets.nl\\\/wp-content\\\/uploads\\\/2019\\\/03\\\/19365_1.jpg\",\"width\":700,\"height\":700,\"caption\":\"Sanimed\"},{\"@type\":\"BreadcrumbList\",\"@id\":\"https:\\\/\\\/www.pharmacy4pets.nl\\\/sanimed-weight-reduction-hond-worst#breadcrumb\",\"itemListElement\":[{\"@type\":\"ListItem\",\"position\":1,\"name\":\"Home\",\"item\":\"https:\\\/\\\/p4p-nl.bootmine.com\\\/\"},{\"@type\":\"ListItem\",\"position\":2,\"name\":\"Winkel\",\"item\":\"https:\\\/\\\/p4p-nl.bootmine.com\\\/winkel\"},{\"@type\":\"ListItem\",\"position\":3,\"name\":\"Sanimed Weight Reduction hond | worst 15x 400 gram |EXP 05-05-2026\"}]},{\"@type\":\"WebSite\",\"@id\":\"http:\\\/\\\/www.pharmacy4pets.nl\\\/#website\",\"url\":\"http:\\\/\\\/www.pharmacy4pets.nl\\\/\",\"name\":\"Pharmacy4pets\",\"description\":\"Pharmacy4pets.nl is d\u00e9 online apotheek waar u terecht kunt voor alle diergeneesmiddelen, verzorgingsproducten en dieetvoeding voor uw huisdier.\",\"publisher\":{\"@id\":\"http:\\\/\\\/www.pharmacy4pets.nl\\\/#organization\"},\"potentialAction\":[{\"@type\":\"SearchAction\",\"target\":{\"@type\":\"EntryPoint\",\"urlTemplate\":\"http:\\\/\\\/www.pharmacy4pets.nl\\\/?s={search_term_string}\"},\"query-input\":{\"@type\":\"PropertyValueSpecification\",\"valueRequired\":true,\"valueName\":\"search_term_string\"}}],\"inLanguage\":\"nl-NL\"},{\"@type\":\"Organization\",\"@id\":\"http:\\\/\\\/www.pharmacy4pets.nl\\\/#organization\",\"name\":\"Pharmacy4pets\",\"url\":\"http:\\\/\\\/www.pharmacy4pets.nl\\\/\",\"logo\":{\"@type\":\"ImageObject\",\"inLanguage\":\"nl-NL\",\"@id\":\"http:\\\/\\\/www.pharmacy4pets.nl\\\/#\\\/schema\\\/logo\\\/image\\\/\",\"url\":\"https:\\\/\\\/p4p-nl.bootmine.com\\\/wp-content\\\/uploads\\\/2026\\\/03\\\/logo-pharmacy4pets.png\",\"contentUrl\":\"https:\\\/\\\/p4p-nl.bootmine.com\\\/wp-content\\\/uploads\\\/2026\\\/03\\\/logo-pharmacy4pets.png\",\"width\":1024,\"height\":135,\"caption\":\"Pharmacy4pets\"},\"image\":{\"@id\":\"http:\\\/\\\/www.pharmacy4pets.nl\\\/#\\\/schema\\\/logo\\\/image\\\/\"},\"sameAs\":[\"https:\\\/\\\/www.facebook.com\\\/people\\\/Pharmacy4petsnl\\\/100063484989896\\\/\",\"https:\\\/\\\/www.youtube.com\\\/channel\\\/UCGPTIgucgli03tP2_kvLkHg\\\/featured\",\"https:\\\/\\\/www.instagram.com\\\/pharmacy4pets.nl\"]}]}<\/script>\n<!-- \/ Yoast SEO plugin. -->","yoast_head_json":{"title":"Sanimed Weight Reduction hond | worst 15x 400 gram |EXP 05-05-2026 - Pharmacy4pets","robots":{"index":"index","follow":"follow","max-snippet":"max-snippet:-1","max-image-preview":"max-image-preview:large","max-video-preview":"max-video-preview:-1"},"canonical":"https:\/\/www.pharmacy4pets.nl\/sanimed-weight-reduction-hond-worst","og_locale":"nl_NL","og_type":"article","og_title":"Sanimed Weight Reduction hond | worst 15x 400 gram |EXP 05-05-2026 - Pharmacy4pets","og_description":"Sanimed Weight Reduction worst voor de hond is een dieetvoeding voor volwassen honden ter vermindering van overgewicht. Sanimed Weight Reduction:\u2022 heeft \u00e9\u00e9n van de laagste energiegehalten van alle gewicht reducerende di\u00ebten\u2022 zorgt dat honden relatief veel voeding kunnen eten en toch afvallen, dankzij het hoge gehalte aan ruwe celstof en de zeer lage energiewaarde\u2022 helpt [&hellip;]","og_url":"https:\/\/www.pharmacy4pets.nl\/sanimed-weight-reduction-hond-worst","og_site_name":"Pharmacy4pets","article_publisher":"https:\/\/www.facebook.com\/people\/Pharmacy4petsnl\/100063484989896\/","article_modified_time":"2026-04-14T08:03:33+00:00","og_image":[{"width":700,"height":700,"url":"https:\/\/www.pharmacy4pets.nl\/wp-content\/uploads\/2019\/03\/19365_1.jpg","type":"image\/jpeg"}],"twitter_card":"summary_large_image","schema":{"@context":"https:\/\/schema.org","@graph":[{"@type":"WebPage","@id":"https:\/\/www.pharmacy4pets.nl\/sanimed-weight-reduction-hond-worst","url":"https:\/\/www.pharmacy4pets.nl\/sanimed-weight-reduction-hond-worst","name":"Sanimed Weight Reduction hond | worst 15x 400 gram |EXP 05-05-2026 - Pharmacy4pets","isPartOf":{"@id":"http:\/\/www.pharmacy4pets.nl\/#website"},"primaryImageOfPage":{"@id":"https:\/\/www.pharmacy4pets.nl\/sanimed-weight-reduction-hond-worst#primaryimage"},"image":{"@id":"https:\/\/www.pharmacy4pets.nl\/sanimed-weight-reduction-hond-worst#primaryimage"},"thumbnailUrl":"https:\/\/www.pharmacy4pets.nl\/wp-content\/uploads\/2019\/03\/19365_1.jpg","datePublished":"2019-03-12T16:15:09+00:00","dateModified":"2026-04-14T08:03:33+00:00","breadcrumb":{"@id":"https:\/\/www.pharmacy4pets.nl\/sanimed-weight-reduction-hond-worst#breadcrumb"},"inLanguage":"nl-NL","potentialAction":[{"@type":"ReadAction","target":["https:\/\/www.pharmacy4pets.nl\/sanimed-weight-reduction-hond-worst"]}]},{"@type":"ImageObject","inLanguage":"nl-NL","@id":"https:\/\/www.pharmacy4pets.nl\/sanimed-weight-reduction-hond-worst#primaryimage","url":"https:\/\/www.pharmacy4pets.nl\/wp-content\/uploads\/2019\/03\/19365_1.jpg","contentUrl":"https:\/\/www.pharmacy4pets.nl\/wp-content\/uploads\/2019\/03\/19365_1.jpg","width":700,"height":700,"caption":"Sanimed"},{"@type":"BreadcrumbList","@id":"https:\/\/www.pharmacy4pets.nl\/sanimed-weight-reduction-hond-worst#breadcrumb","itemListElement":[{"@type":"ListItem","position":1,"name":"Home","item":"https:\/\/p4p-nl.bootmine.com\/"},{"@type":"ListItem","position":2,"name":"Winkel","item":"https:\/\/p4p-nl.bootmine.com\/winkel"},{"@type":"ListItem","position":3,"name":"Sanimed Weight Reduction hond | worst 15x 400 gram |EXP 05-05-2026"}]},{"@type":"WebSite","@id":"http:\/\/www.pharmacy4pets.nl\/#website","url":"http:\/\/www.pharmacy4pets.nl\/","name":"Pharmacy4pets","description":"Pharmacy4pets.nl is d\u00e9 online apotheek waar u terecht kunt voor alle diergeneesmiddelen, verzorgingsproducten en dieetvoeding voor uw huisdier.","publisher":{"@id":"http:\/\/www.pharmacy4pets.nl\/#organization"},"potentialAction":[{"@type":"SearchAction","target":{"@type":"EntryPoint","urlTemplate":"http:\/\/www.pharmacy4pets.nl\/?s={search_term_string}"},"query-input":{"@type":"PropertyValueSpecification","valueRequired":true,"valueName":"search_term_string"}}],"inLanguage":"nl-NL"},{"@type":"Organization","@id":"http:\/\/www.pharmacy4pets.nl\/#organization","name":"Pharmacy4pets","url":"http:\/\/www.pharmacy4pets.nl\/","logo":{"@type":"ImageObject","inLanguage":"nl-NL","@id":"http:\/\/www.pharmacy4pets.nl\/#\/schema\/logo\/image\/","url":"https:\/\/p4p-nl.bootmine.com\/wp-content\/uploads\/2026\/03\/logo-pharmacy4pets.png","contentUrl":"https:\/\/p4p-nl.bootmine.com\/wp-content\/uploads\/2026\/03\/logo-pharmacy4pets.png","width":1024,"height":135,"caption":"Pharmacy4pets"},"image":{"@id":"http:\/\/www.pharmacy4pets.nl\/#\/schema\/logo\/image\/"},"sameAs":["https:\/\/www.facebook.com\/people\/Pharmacy4petsnl\/100063484989896\/","https:\/\/www.youtube.com\/channel\/UCGPTIgucgli03tP2_kvLkHg\/featured","https:\/\/www.instagram.com\/pharmacy4pets.nl"]}]}},"market_data":{"nl":{"price":0,"sale_price":0,"active":false,"url":null,"parent_url":"","tax_rate":0,"price_inc_tax":0,"sale_price_inc_tax":0},"de":{"price":0,"sale_price":0,"active":false,"url":null,"parent_url":"","tax_rate":0,"price_inc_tax":0,"sale_price_inc_tax":0},"be":{"price":0,"sale_price":0,"active":false,"url":null,"parent_url":"","tax_rate":0,"price_inc_tax":0,"sale_price_inc_tax":0},"fr":{"price":0,"sale_price":0,"active":false,"url":null,"parent_url":"","tax_rate":0,"price_inc_tax":0,"sale_price_inc_tax":0},"ch":{"price":0,"sale_price":0,"active":false,"url":null,"parent_url":"","tax_rate":0,"price_inc_tax":0,"sale_price_inc_tax":0},"at":{"price":0,"sale_price":0,"active":false,"url":null,"parent_url":"","tax_rate":0,"price_inc_tax":0,"sale_price_inc_tax":0},"es":{"price":0,"sale_price":0,"active":false,"url":null,"parent_url":"","tax_rate":0,"price_inc_tax":0,"sale_price_inc_tax":0},"dk":{"price":0,"sale_price":0,"active":false,"url":null,"parent_url":"","tax_rate":0,"price_inc_tax":0,"sale_price_inc_tax":0},"com":{"price":0,"sale_price":0,"active":false,"url":null,"parent_url":"","tax_rate":0,"price_inc_tax":0,"sale_price_inc_tax":0}},"market_nl_price":0,"market_nl_sale_price":0,"market_nl_active":false,"market_nl_url":null,"market_nl_parent_url":"","market_nl_tax_rate":0,"market_nl_price_inc_tax":0,"market_nl_sale_price_inc_tax":0,"market_de_price":0,"market_de_sale_price":0,"market_de_active":false,"market_de_url":null,"market_de_parent_url":"","market_de_tax_rate":0,"market_de_price_inc_tax":0,"market_de_sale_price_inc_tax":0,"market_be_price":0,"market_be_sale_price":0,"market_be_active":false,"market_be_url":null,"market_be_parent_url":"","market_be_tax_rate":0,"market_be_price_inc_tax":0,"market_be_sale_price_inc_tax":0,"market_fr_price":0,"market_fr_sale_price":0,"market_fr_active":false,"market_fr_url":null,"market_fr_parent_url":"","market_fr_tax_rate":0,"market_fr_price_inc_tax":0,"market_fr_sale_price_inc_tax":0,"market_ch_price":0,"market_ch_sale_price":0,"market_ch_active":false,"market_ch_url":null,"market_ch_parent_url":"","market_ch_tax_rate":0,"market_ch_price_inc_tax":0,"market_ch_sale_price_inc_tax":0,"market_at_price":0,"market_at_sale_price":0,"market_at_active":false,"market_at_url":null,"market_at_parent_url":"","market_at_tax_rate":0,"market_at_price_inc_tax":0,"market_at_sale_price_inc_tax":0,"market_es_price":0,"market_es_sale_price":0,"market_es_active":false,"market_es_url":null,"market_es_parent_url":"","market_es_tax_rate":0,"market_es_price_inc_tax":0,"market_es_sale_price_inc_tax":0,"market_dk_price":0,"market_dk_sale_price":0,"market_dk_active":false,"market_dk_url":null,"market_dk_parent_url":"","market_dk_tax_rate":0,"market_dk_price_inc_tax":0,"market_dk_sale_price_inc_tax":0,"market_com_price":0,"market_com_sale_price":0,"market_com_active":false,"market_com_url":null,"market_com_parent_url":"","market_com_tax_rate":0,"market_com_price_inc_tax":0,"market_com_sale_price_inc_tax":0,"acf":[],"_links":{"self":[{"href":"https:\/\/www.pharmacy4pets.nl\/be\/wp-json\/wp\/v2\/product\/119015","targetHints":{"allow":["GET"]}}],"collection":[{"href":"https:\/\/www.pharmacy4pets.nl\/be\/wp-json\/wp\/v2\/product"}],"about":[{"href":"https:\/\/www.pharmacy4pets.nl\/be\/wp-json\/wp\/v2\/types\/product"}],"replies":[{"embeddable":true,"href":"https:\/\/www.pharmacy4pets.nl\/be\/wp-json\/wp\/v2\/comments?post=119015"}],"wp:featuredmedia":[{"embeddable":true,"href":"https:\/\/www.pharmacy4pets.nl\/be\/wp-json\/wp\/v2\/media\/119014"}],"wp:attachment":[{"href":"https:\/\/www.pharmacy4pets.nl\/be\/wp-json\/wp\/v2\/media?parent=119015"}],"wp:term":[{"taxonomy":"product_brand","embeddable":true,"href":"https:\/\/www.pharmacy4pets.nl\/be\/wp-json\/wp\/v2\/product_brand?post=119015"},{"taxonomy":"product_cat","embeddable":true,"href":"https:\/\/www.pharmacy4pets.nl\/be\/wp-json\/wp\/v2\/product_cat?post=119015"},{"taxonomy":"product_tag","embeddable":true,"href":"https:\/\/www.pharmacy4pets.nl\/be\/wp-json\/wp\/v2\/product_tag?post=119015"}],"curies":[{"name":"wp","href":"https:\/\/api.w.org\/{rel}","templated":true}]}}