{"id":119013,"date":"2019-03-12T15:57:07","date_gmt":"2019-03-12T15:57:07","guid":{"rendered":"https:\/\/p4p.test\/sanimed-hypoallergenic-hond"},"modified":"2026-03-25T12:00:20","modified_gmt":"2026-03-25T12:00:20","slug":"sanimed-hypoallergenic-hond","status":"publish","type":"product","link":"https:\/\/www.pharmacy4pets.nl\/be\/sanimed-hypoallergenic-hond","title":{"rendered":"Sanimed Hypoallergenic hond"},"content":{"rendered":"<h1>Sanimed Hypoallergenic<\/h1>\n<p>Sanimed Hypoallergenic voor de hond is een dieetvoeding ter vermindering van allergie\u00ebn en intoleranties voor bepaalde ingredi\u00ebnten en\/of voedingsstoffen.<\/p>\n<p>Sanimed Hypoallergenic hypoallergeen hondenvoer:<br \/>\u2022 helpt allergische reacties (zoals ontstekingen, roodheid en jeuk) op voeding verminderen dankzij slechts \u00e9\u00e9n intacte dierlijke eiwitbron (eend of lam) en hypoallergene plantaardige eiwitbronnen<br \/>\u2022 helpt de maag- en darmfunctie te ondersteunen dankzij licht verteerbaar eiwit<\/p>\n","protected":false},"excerpt":{"rendered":"<p>Sanimed Hypoallergenic Sanimed Hypoallergenic voor de hond is een dieetvoeding ter vermindering van allergie\u00ebn en intoleranties voor bepaalde ingredi\u00ebnten en\/of voedingsstoffen. Sanimed Hypoallergenic hypoallergeen hondenvoer:\u2022 helpt allergische reacties (zoals ontstekingen, roodheid en jeuk) op voeding verminderen dankzij slechts \u00e9\u00e9n intacte dierlijke eiwitbron (eend of lam) en hypoallergene plantaardige eiwitbronnen\u2022 helpt de maag- en darmfunctie te [&hellip;]<\/p>\n","protected":false},"featured_media":119006,"comment_status":"open","ping_status":"closed","template":"","meta":{"_acf_changed":false,"_nl_post_content":"<h1>Sanimed Hypoallergenic<\/h1>\n<p>Sanimed Hypoallergenic voor de hond is een dieetvoeding ter vermindering van allergie\u00ebn en intoleranties voor bepaalde ingredi\u00ebnten en\/of voedingsstoffen.<br \/><br \/>Sanimed Hypoallergenic hypoallergeen hondenvoer:<br \/>\u2022 helpt allergische reacties (zoals ontstekingen, roodheid en jeuk) op voeding verminderen dankzij slechts \u00e9\u00e9n intacte dierlijke eiwitbron (eend of lam) en hypoallergene plantaardige eiwitbronnen<br \/>\u2022 helpt de maag- en darmfunctie te ondersteunen dankzij licht verteerbaar eiwit<\/p>","_nl_post_name":"sanimed-hypoallergenic-hond","_nl_post_excerpt":"","_nl_post_title":"Sanimed Hypoallergenic hond","_en_post_content":"<h1>Sanimed Hypoallergenic<\/h1>\n<p>Sanimed Hypoallergenic dog food is a dietary food to reduce allergies and intolerances to certain ingredients and\/or nutrients.<br \/><br \/>Sanimed Hypoallergenic hypoallergenic dog food:<br \/>\u2022 helps reduce allergic reactions (such as inflammation, redness and itching) to food thanks to only one intact animal protein source (duck or lamb) and hypoallergenic vegetable protein sources<br \/>\u2022 helps support stomach and intestinal function thanks to easily digestible protein<\/p>","_en_post_name":"sanimed-hypoallergenic-dog","_en_post_excerpt":"","_en_post_title":"Sanimed Hypoallergenic dog","_de_post_content":"<h1>Sanimed Hypoallergenic<\/h1>\n<p>Sanimed Hypoallergenic Hundefutter ist ein di\u00e4tetisches Futtermittel, um Allergien und Unvertr\u00e4glichkeiten gegen\u00fcber bestimmten Inhaltsstoffen und\/oder N\u00e4hrstoffen zu reduzieren.<br \/><br \/>Sanimed Hypoallergenic hypoallergenes Hundefutter:<br \/>\u2022 reduziert allergische Reaktionen (wie Entz\u00fcndungen, R\u00f6tungen und Juckreiz) auf Nahrung, da nur eine intakte tierische Proteinquelle (Ente oder Lamm) und hypoallergene pflanzliche Proteinquellen verwendet werden<br \/>\u2022 unterst\u00fctzt die Magen-Darm-Funktion dank leicht verdaulichem Protein<\/p>","_de_post_name":"sanimed-hypoallergenic-hund","_de_post_excerpt":"","_de_post_title":"Sanimed Hypoallergenic Hund","_fr_post_content":"<h1>Sanimed Hypoallergenic<\/h1>\n<p>Sanimed Hypoallergenic pour chiens est un aliment di\u00e9t\u00e9tique destin\u00e9 \u00e0 r\u00e9duire les allergies et les intol\u00e9rances \u00e0 certains ingr\u00e9dients et\/ou nutriments.<\/p>\n<p>Sanimed Hypoallerg\u00e9nique croquette hypoallergenique chien:<\/p>\n<ul>\n<li>aide \u00e0 r\u00e9duire les r\u00e9actions allergiques (telles que l'inflammation, les rougeurs et les d\u00e9mangeaisons) \u00e0 la nourriture gr\u00e2ce \u00e0 une seule source de prot\u00e9ines animales intactes (canard ou agneau) et \u00e0 des sources de prot\u00e9ines v\u00e9g\u00e9tales hypoallerg\u00e9niques<\/li>\n<li>aide \u00e0 soutenir la fonction gastro-intestinale gr\u00e2ce \u00e0 des prot\u00e9ines facilement digestibles<\/li>\n<\/ul>","_fr_post_name":"sanimed-hypoallergenic-chien","_fr_post_excerpt":"","_fr_post_title":"Sanimed Hypoallergenic chien","_es_post_content":"<h1>Sanimed Hypoallergenic<\/h1>\n<p>Sanimed Hypoallergenic voor de hond is een dieetvoeding ter vermindering van allergie\u00ebn en intoleranties voor bepaalde ingredi\u00ebnten en\/of voedingsstoffen.<br \/><br \/>Sanimed Hypoallergenic hypoallergeen hondenvoer:<br \/>\u2022 helpt allergische reacties (zoals ontstekingen, roodheid en jeuk) op voeding verminderen dankzij slechts \u00e9\u00e9n intacte dierlijke eiwitbron (eend of lam) en hypoallergene plantaardige eiwitbronnen<br \/>\u2022 helpt de maag- en darmfunctie te ondersteunen dankzij licht verteerbaar eiwit<\/p>","_es_post_name":"sanimed-hypoallergenic-hond","_es_post_excerpt":"","_es_post_title":"Sanimed Hypoallergenic hond","edit_language":"nl"},"product_brand":[],"product_cat":[1858,1117,1856,2350,1857,1951],"product_tag":[],"class_list":{"0":"post-119013","1":"product","2":"type-product","3":"status-publish","4":"has-post-thumbnail","6":"product_cat-dieetvoer","7":"product_cat-honden","8":"product_cat-hondenvoer","9":"product_cat-hypoallergeen-hondenvoer","10":"product_cat-merken","11":"product_cat-sanimed","12":"pa_aandoening-gevoeligemaag_darmen","13":"pa_doeldier-hond","14":"pa_fabricatieland-nederland","15":"pa_levensfase-senior","16":"pa_levensfase-volwassen","17":"pa_merkfilter-sanimed","18":"pa_merkgroep-vobra","19":"pa_product_conditions-sanimed_popup","20":"pa_productsoort-voeding","21":"pa_seo_canonical_store_id-not_found_value","22":"pa_seo_category-not_found_value","23":"pa_seo_meta_robots-not_found_value","24":"pa_toedieningswijze-droogvoer","25":"pa_werkzamestof-overig","27":"first","28":"instock","29":"taxable","30":"shipping-taxable","31":"product-type-grouped"},"yoast_head":"<!-- This site is optimized with the Yoast SEO plugin v27.5 - https:\/\/yoast.com\/product\/yoast-seo-wordpress\/ -->\n<title>Sanimed Hypoallergenic hond - Pharmacy4pets<\/title>\n<meta name=\"robots\" content=\"index, follow, max-snippet:-1, max-image-preview:large, max-video-preview:-1\" \/>\n<link rel=\"canonical\" href=\"https:\/\/www.pharmacy4pets.nl\/be\/sanimed-hypoallergenic-hond\" \/>\n<meta property=\"og:locale\" content=\"nl_NL\" \/>\n<meta property=\"og:type\" content=\"article\" \/>\n<meta property=\"og:title\" content=\"Sanimed Hypoallergenic hond - Pharmacy4pets\" \/>\n<meta property=\"og:description\" content=\"Sanimed Hypoallergenic Sanimed Hypoallergenic voor de hond is een dieetvoeding ter vermindering van allergie\u00ebn en intoleranties voor bepaalde ingredi\u00ebnten en\/of voedingsstoffen. Sanimed Hypoallergenic hypoallergeen hondenvoer:\u2022 helpt allergische reacties (zoals ontstekingen, roodheid en jeuk) op voeding verminderen dankzij slechts \u00e9\u00e9n intacte dierlijke eiwitbron (eend of lam) en hypoallergene plantaardige eiwitbronnen\u2022 helpt de maag- en darmfunctie te [&hellip;]\" \/>\n<meta property=\"og:url\" content=\"https:\/\/www.pharmacy4pets.nl\/be\/sanimed-hypoallergenic-hond\" \/>\n<meta property=\"og:site_name\" content=\"Pharmacy4pets\" \/>\n<meta property=\"article:publisher\" content=\"https:\/\/www.facebook.com\/people\/Pharmacy4petsnl\/100063484989896\/\" \/>\n<meta property=\"article:modified_time\" content=\"2026-03-25T12:00:20+00:00\" \/>\n<meta property=\"og:image\" content=\"https:\/\/www.pharmacy4pets.nl\/wp-content\/uploads\/2019\/03\/99320_1.jpg\" \/>\n\t<meta property=\"og:image:width\" content=\"701\" \/>\n\t<meta property=\"og:image:height\" content=\"712\" \/>\n\t<meta property=\"og:image:type\" content=\"image\/jpeg\" \/>\n<meta name=\"twitter:card\" content=\"summary_large_image\" \/>\n<script type=\"application\/ld+json\" class=\"yoast-schema-graph\">{\"@context\":\"https:\\\/\\\/schema.org\",\"@graph\":[{\"@type\":\"WebPage\",\"@id\":\"https:\\\/\\\/www.pharmacy4pets.nl\\\/be\\\/sanimed-hypoallergenic-hond\",\"url\":\"https:\\\/\\\/www.pharmacy4pets.nl\\\/be\\\/sanimed-hypoallergenic-hond\",\"name\":\"Sanimed Hypoallergenic hond - Pharmacy4pets\",\"isPartOf\":{\"@id\":\"http:\\\/\\\/www.pharmacy4pets.nl\\\/#website\"},\"primaryImageOfPage\":{\"@id\":\"https:\\\/\\\/www.pharmacy4pets.nl\\\/be\\\/sanimed-hypoallergenic-hond#primaryimage\"},\"image\":{\"@id\":\"https:\\\/\\\/www.pharmacy4pets.nl\\\/be\\\/sanimed-hypoallergenic-hond#primaryimage\"},\"thumbnailUrl\":\"https:\\\/\\\/www.pharmacy4pets.nl\\\/wp-content\\\/uploads\\\/2019\\\/03\\\/99320_1.jpg\",\"datePublished\":\"2019-03-12T15:57:07+00:00\",\"dateModified\":\"2026-03-25T12:00:20+00:00\",\"breadcrumb\":{\"@id\":\"https:\\\/\\\/www.pharmacy4pets.nl\\\/be\\\/sanimed-hypoallergenic-hond#breadcrumb\"},\"inLanguage\":\"nl-NL\",\"potentialAction\":[{\"@type\":\"ReadAction\",\"target\":[\"https:\\\/\\\/www.pharmacy4pets.nl\\\/be\\\/sanimed-hypoallergenic-hond\"]}]},{\"@type\":\"ImageObject\",\"inLanguage\":\"nl-NL\",\"@id\":\"https:\\\/\\\/www.pharmacy4pets.nl\\\/be\\\/sanimed-hypoallergenic-hond#primaryimage\",\"url\":\"https:\\\/\\\/www.pharmacy4pets.nl\\\/wp-content\\\/uploads\\\/2019\\\/03\\\/99320_1.jpg\",\"contentUrl\":\"https:\\\/\\\/www.pharmacy4pets.nl\\\/wp-content\\\/uploads\\\/2019\\\/03\\\/99320_1.jpg\",\"width\":701,\"height\":712,\"caption\":\"Sanimed\"},{\"@type\":\"BreadcrumbList\",\"@id\":\"https:\\\/\\\/www.pharmacy4pets.nl\\\/be\\\/sanimed-hypoallergenic-hond#breadcrumb\",\"itemListElement\":[{\"@type\":\"ListItem\",\"position\":1,\"name\":\"Home\",\"item\":\"https:\\\/\\\/p4p-nl.bootmine.com\\\/\"},{\"@type\":\"ListItem\",\"position\":2,\"name\":\"Winkel\",\"item\":\"https:\\\/\\\/p4p-nl.bootmine.com\\\/winkel\"},{\"@type\":\"ListItem\",\"position\":3,\"name\":\"Sanimed Hypoallergenic hond\"}]},{\"@type\":\"WebSite\",\"@id\":\"http:\\\/\\\/www.pharmacy4pets.nl\\\/#website\",\"url\":\"http:\\\/\\\/www.pharmacy4pets.nl\\\/\",\"name\":\"Pharmacy4pets\",\"description\":\"Pharmacy4pets.nl is d\u00e9 online apotheek waar u terecht kunt voor alle diergeneesmiddelen, verzorgingsproducten en dieetvoeding voor uw huisdier.\",\"publisher\":{\"@id\":\"http:\\\/\\\/www.pharmacy4pets.nl\\\/#organization\"},\"potentialAction\":[{\"@type\":\"SearchAction\",\"target\":{\"@type\":\"EntryPoint\",\"urlTemplate\":\"http:\\\/\\\/www.pharmacy4pets.nl\\\/?s={search_term_string}\"},\"query-input\":{\"@type\":\"PropertyValueSpecification\",\"valueRequired\":true,\"valueName\":\"search_term_string\"}}],\"inLanguage\":\"nl-NL\"},{\"@type\":\"Organization\",\"@id\":\"http:\\\/\\\/www.pharmacy4pets.nl\\\/#organization\",\"name\":\"Pharmacy4pets\",\"url\":\"http:\\\/\\\/www.pharmacy4pets.nl\\\/\",\"logo\":{\"@type\":\"ImageObject\",\"inLanguage\":\"nl-NL\",\"@id\":\"http:\\\/\\\/www.pharmacy4pets.nl\\\/#\\\/schema\\\/logo\\\/image\\\/\",\"url\":\"https:\\\/\\\/p4p-nl.bootmine.com\\\/wp-content\\\/uploads\\\/2026\\\/03\\\/logo-pharmacy4pets.png\",\"contentUrl\":\"https:\\\/\\\/p4p-nl.bootmine.com\\\/wp-content\\\/uploads\\\/2026\\\/03\\\/logo-pharmacy4pets.png\",\"width\":1024,\"height\":135,\"caption\":\"Pharmacy4pets\"},\"image\":{\"@id\":\"http:\\\/\\\/www.pharmacy4pets.nl\\\/#\\\/schema\\\/logo\\\/image\\\/\"},\"sameAs\":[\"https:\\\/\\\/www.facebook.com\\\/people\\\/Pharmacy4petsnl\\\/100063484989896\\\/\",\"https:\\\/\\\/www.youtube.com\\\/channel\\\/UCGPTIgucgli03tP2_kvLkHg\\\/featured\",\"https:\\\/\\\/www.instagram.com\\\/pharmacy4pets.nl\"]}]}<\/script>\n<!-- \/ Yoast SEO plugin. -->","yoast_head_json":{"title":"Sanimed Hypoallergenic hond - Pharmacy4pets","robots":{"index":"index","follow":"follow","max-snippet":"max-snippet:-1","max-image-preview":"max-image-preview:large","max-video-preview":"max-video-preview:-1"},"canonical":"https:\/\/www.pharmacy4pets.nl\/be\/sanimed-hypoallergenic-hond","og_locale":"nl_NL","og_type":"article","og_title":"Sanimed Hypoallergenic hond - Pharmacy4pets","og_description":"Sanimed Hypoallergenic Sanimed Hypoallergenic voor de hond is een dieetvoeding ter vermindering van allergie\u00ebn en intoleranties voor bepaalde ingredi\u00ebnten en\/of voedingsstoffen. Sanimed Hypoallergenic hypoallergeen hondenvoer:\u2022 helpt allergische reacties (zoals ontstekingen, roodheid en jeuk) op voeding verminderen dankzij slechts \u00e9\u00e9n intacte dierlijke eiwitbron (eend of lam) en hypoallergene plantaardige eiwitbronnen\u2022 helpt de maag- en darmfunctie te [&hellip;]","og_url":"https:\/\/www.pharmacy4pets.nl\/be\/sanimed-hypoallergenic-hond","og_site_name":"Pharmacy4pets","article_publisher":"https:\/\/www.facebook.com\/people\/Pharmacy4petsnl\/100063484989896\/","article_modified_time":"2026-03-25T12:00:20+00:00","og_image":[{"width":701,"height":712,"url":"https:\/\/www.pharmacy4pets.nl\/wp-content\/uploads\/2019\/03\/99320_1.jpg","type":"image\/jpeg"}],"twitter_card":"summary_large_image","schema":{"@context":"https:\/\/schema.org","@graph":[{"@type":"WebPage","@id":"https:\/\/www.pharmacy4pets.nl\/be\/sanimed-hypoallergenic-hond","url":"https:\/\/www.pharmacy4pets.nl\/be\/sanimed-hypoallergenic-hond","name":"Sanimed Hypoallergenic hond - Pharmacy4pets","isPartOf":{"@id":"http:\/\/www.pharmacy4pets.nl\/#website"},"primaryImageOfPage":{"@id":"https:\/\/www.pharmacy4pets.nl\/be\/sanimed-hypoallergenic-hond#primaryimage"},"image":{"@id":"https:\/\/www.pharmacy4pets.nl\/be\/sanimed-hypoallergenic-hond#primaryimage"},"thumbnailUrl":"https:\/\/www.pharmacy4pets.nl\/wp-content\/uploads\/2019\/03\/99320_1.jpg","datePublished":"2019-03-12T15:57:07+00:00","dateModified":"2026-03-25T12:00:20+00:00","breadcrumb":{"@id":"https:\/\/www.pharmacy4pets.nl\/be\/sanimed-hypoallergenic-hond#breadcrumb"},"inLanguage":"nl-NL","potentialAction":[{"@type":"ReadAction","target":["https:\/\/www.pharmacy4pets.nl\/be\/sanimed-hypoallergenic-hond"]}]},{"@type":"ImageObject","inLanguage":"nl-NL","@id":"https:\/\/www.pharmacy4pets.nl\/be\/sanimed-hypoallergenic-hond#primaryimage","url":"https:\/\/www.pharmacy4pets.nl\/wp-content\/uploads\/2019\/03\/99320_1.jpg","contentUrl":"https:\/\/www.pharmacy4pets.nl\/wp-content\/uploads\/2019\/03\/99320_1.jpg","width":701,"height":712,"caption":"Sanimed"},{"@type":"BreadcrumbList","@id":"https:\/\/www.pharmacy4pets.nl\/be\/sanimed-hypoallergenic-hond#breadcrumb","itemListElement":[{"@type":"ListItem","position":1,"name":"Home","item":"https:\/\/p4p-nl.bootmine.com\/"},{"@type":"ListItem","position":2,"name":"Winkel","item":"https:\/\/p4p-nl.bootmine.com\/winkel"},{"@type":"ListItem","position":3,"name":"Sanimed Hypoallergenic hond"}]},{"@type":"WebSite","@id":"http:\/\/www.pharmacy4pets.nl\/#website","url":"http:\/\/www.pharmacy4pets.nl\/","name":"Pharmacy4pets","description":"Pharmacy4pets.nl is d\u00e9 online apotheek waar u terecht kunt voor alle diergeneesmiddelen, verzorgingsproducten en dieetvoeding voor uw huisdier.","publisher":{"@id":"http:\/\/www.pharmacy4pets.nl\/#organization"},"potentialAction":[{"@type":"SearchAction","target":{"@type":"EntryPoint","urlTemplate":"http:\/\/www.pharmacy4pets.nl\/?s={search_term_string}"},"query-input":{"@type":"PropertyValueSpecification","valueRequired":true,"valueName":"search_term_string"}}],"inLanguage":"nl-NL"},{"@type":"Organization","@id":"http:\/\/www.pharmacy4pets.nl\/#organization","name":"Pharmacy4pets","url":"http:\/\/www.pharmacy4pets.nl\/","logo":{"@type":"ImageObject","inLanguage":"nl-NL","@id":"http:\/\/www.pharmacy4pets.nl\/#\/schema\/logo\/image\/","url":"https:\/\/p4p-nl.bootmine.com\/wp-content\/uploads\/2026\/03\/logo-pharmacy4pets.png","contentUrl":"https:\/\/p4p-nl.bootmine.com\/wp-content\/uploads\/2026\/03\/logo-pharmacy4pets.png","width":1024,"height":135,"caption":"Pharmacy4pets"},"image":{"@id":"http:\/\/www.pharmacy4pets.nl\/#\/schema\/logo\/image\/"},"sameAs":["https:\/\/www.facebook.com\/people\/Pharmacy4petsnl\/100063484989896\/","https:\/\/www.youtube.com\/channel\/UCGPTIgucgli03tP2_kvLkHg\/featured","https:\/\/www.instagram.com\/pharmacy4pets.nl"]}]}},"market_data":{"nl":{"price":0,"sale_price":0,"active":false,"url":null,"parent_url":"","tax_rate":0,"price_inc_tax":0,"sale_price_inc_tax":0},"de":{"price":0,"sale_price":0,"active":false,"url":null,"parent_url":"","tax_rate":0,"price_inc_tax":0,"sale_price_inc_tax":0},"be":{"price":0,"sale_price":0,"active":false,"url":null,"parent_url":"","tax_rate":0,"price_inc_tax":0,"sale_price_inc_tax":0},"fr":{"price":0,"sale_price":0,"active":false,"url":null,"parent_url":"","tax_rate":0,"price_inc_tax":0,"sale_price_inc_tax":0},"ch":{"price":0,"sale_price":0,"active":false,"url":null,"parent_url":"","tax_rate":0,"price_inc_tax":0,"sale_price_inc_tax":0},"at":{"price":0,"sale_price":0,"active":false,"url":null,"parent_url":"","tax_rate":0,"price_inc_tax":0,"sale_price_inc_tax":0},"es":{"price":0,"sale_price":0,"active":false,"url":null,"parent_url":"","tax_rate":0,"price_inc_tax":0,"sale_price_inc_tax":0},"dk":{"price":0,"sale_price":0,"active":false,"url":null,"parent_url":"","tax_rate":0,"price_inc_tax":0,"sale_price_inc_tax":0},"com":{"price":0,"sale_price":0,"active":false,"url":null,"parent_url":"","tax_rate":0,"price_inc_tax":0,"sale_price_inc_tax":0}},"market_nl_price":0,"market_nl_sale_price":0,"market_nl_active":false,"market_nl_url":null,"market_nl_parent_url":"","market_nl_tax_rate":0,"market_nl_price_inc_tax":0,"market_nl_sale_price_inc_tax":0,"market_de_price":0,"market_de_sale_price":0,"market_de_active":false,"market_de_url":null,"market_de_parent_url":"","market_de_tax_rate":0,"market_de_price_inc_tax":0,"market_de_sale_price_inc_tax":0,"market_be_price":0,"market_be_sale_price":0,"market_be_active":false,"market_be_url":null,"market_be_parent_url":"","market_be_tax_rate":0,"market_be_price_inc_tax":0,"market_be_sale_price_inc_tax":0,"market_fr_price":0,"market_fr_sale_price":0,"market_fr_active":false,"market_fr_url":null,"market_fr_parent_url":"","market_fr_tax_rate":0,"market_fr_price_inc_tax":0,"market_fr_sale_price_inc_tax":0,"market_ch_price":0,"market_ch_sale_price":0,"market_ch_active":false,"market_ch_url":null,"market_ch_parent_url":"","market_ch_tax_rate":0,"market_ch_price_inc_tax":0,"market_ch_sale_price_inc_tax":0,"market_at_price":0,"market_at_sale_price":0,"market_at_active":false,"market_at_url":null,"market_at_parent_url":"","market_at_tax_rate":0,"market_at_price_inc_tax":0,"market_at_sale_price_inc_tax":0,"market_es_price":0,"market_es_sale_price":0,"market_es_active":false,"market_es_url":null,"market_es_parent_url":"","market_es_tax_rate":0,"market_es_price_inc_tax":0,"market_es_sale_price_inc_tax":0,"market_dk_price":0,"market_dk_sale_price":0,"market_dk_active":false,"market_dk_url":null,"market_dk_parent_url":"","market_dk_tax_rate":0,"market_dk_price_inc_tax":0,"market_dk_sale_price_inc_tax":0,"market_com_price":0,"market_com_sale_price":0,"market_com_active":false,"market_com_url":null,"market_com_parent_url":"","market_com_tax_rate":0,"market_com_price_inc_tax":0,"market_com_sale_price_inc_tax":0,"acf":[],"_links":{"self":[{"href":"https:\/\/www.pharmacy4pets.nl\/be\/wp-json\/wp\/v2\/product\/119013","targetHints":{"allow":["GET"]}}],"collection":[{"href":"https:\/\/www.pharmacy4pets.nl\/be\/wp-json\/wp\/v2\/product"}],"about":[{"href":"https:\/\/www.pharmacy4pets.nl\/be\/wp-json\/wp\/v2\/types\/product"}],"replies":[{"embeddable":true,"href":"https:\/\/www.pharmacy4pets.nl\/be\/wp-json\/wp\/v2\/comments?post=119013"}],"wp:featuredmedia":[{"embeddable":true,"href":"https:\/\/www.pharmacy4pets.nl\/be\/wp-json\/wp\/v2\/media\/119006"}],"wp:attachment":[{"href":"https:\/\/www.pharmacy4pets.nl\/be\/wp-json\/wp\/v2\/media?parent=119013"}],"wp:term":[{"taxonomy":"product_brand","embeddable":true,"href":"https:\/\/www.pharmacy4pets.nl\/be\/wp-json\/wp\/v2\/product_brand?post=119013"},{"taxonomy":"product_cat","embeddable":true,"href":"https:\/\/www.pharmacy4pets.nl\/be\/wp-json\/wp\/v2\/product_cat?post=119013"},{"taxonomy":"product_tag","embeddable":true,"href":"https:\/\/www.pharmacy4pets.nl\/be\/wp-json\/wp\/v2\/product_tag?post=119013"}],"curies":[{"name":"wp","href":"https:\/\/api.w.org\/{rel}","templated":true}]}}