{"id":118969,"date":"2019-03-12T14:53:27","date_gmt":"2019-03-12T14:53:27","guid":{"rendered":"https:\/\/p4p.test\/sanimed-recovery-hond-worst"},"modified":"2026-04-14T08:03:29","modified_gmt":"2026-04-14T08:03:29","slug":"sanimed-recovery-hond-worst","status":"publish","type":"product","link":"https:\/\/www.pharmacy4pets.nl\/be\/sanimed-recovery-hond-worst","title":{"rendered":"Sanimed Recovery hond | worst 15x 400 gram"},"content":{"rendered":"<p>Sanimed Recovery worst voor de hond is een dieetvoeding voor honden met een slechte eetlust bij ziekte of herstel na operatie.<\/p>\n<p>Sanimed Recovery worst:<br \/>\u2022 energie- en eiwitrijk, voor een voorspoedig herstel van lichaamsgewicht en spiermassa<br \/>\u2022 zeer smakelijk en uitermate geschikt om dieren met een slechte eetlust weer te laten eten<br \/>\u2022 ondersteunt de weerstand<br \/>\u2022 ideaal voor het toedienen van medicatie<br \/>\u2022 uitstekend doseerbaar door de eenvoudige snijdbaarheid<\/p>\n<p>Samenstelling: rundvlees, plasma-eiwit, dierlijk vet (rund), rijst, mineralen, plantaardige olie, visolie (zalmolie), cellulose.<\/p>\n","protected":false},"excerpt":{"rendered":"<p>Sanimed Recovery worst voor de hond is een dieetvoeding voor honden met een slechte eetlust bij ziekte of herstel na operatie. Sanimed Recovery worst:\u2022 energie- en eiwitrijk, voor een voorspoedig herstel van lichaamsgewicht en spiermassa\u2022 zeer smakelijk en uitermate geschikt om dieren met een slechte eetlust weer te laten eten\u2022 ondersteunt de weerstand\u2022 ideaal voor [&hellip;]<\/p>\n","protected":false},"featured_media":118968,"comment_status":"open","ping_status":"closed","template":"","meta":{"_acf_changed":false,"_nl_post_content":"<p>Sanimed Recovery worst voor de hond is een dieetvoeding voor honden met een slechte eetlust bij ziekte of herstel na operatie.<br \/><br \/>Sanimed Recovery worst:<br \/>\u2022 energie- en eiwitrijk, voor een voorspoedig herstel van lichaamsgewicht en spiermassa<br \/>\u2022 zeer smakelijk en uitermate geschikt om dieren met een slechte eetlust weer te laten eten<br \/>\u2022 ondersteunt de weerstand<br \/>\u2022 ideaal voor het toedienen van medicatie<br \/>\u2022 uitstekend doseerbaar door de eenvoudige snijdbaarheid<\/p>\r\n<p>Samenstelling: rundvlees, plasma-eiwit, dierlijk vet (rund), rijst, mineralen, plantaardige olie, visolie (zalmolie), cellulose.<\/p>","_nl_post_name":"sanimed-recovery-hond-worst","_nl_post_excerpt":"","_nl_post_title":"Sanimed Recovery hond | worst 15x 400 gram","_en_post_content":"<p>Sanimed Recovery sausage is a diet food for dogs with a poor appetite in case of illness or recovery after surgery.<br \/><br \/>Sanimed Recovery sausage:<br \/>\u2022 energy and protein rich, for a speedy recovery of body weight and muscle mass<br \/>\u2022 very tasty and extremely suitable for having animals with a bad appetite eat again<br \/>\u2022 supports the resistance<br \/>\u2022 ideal for administering medication<br \/>\u2022 excellent dosing due to the easy cuttability<\/p>\r\n<p>Composition: beef, plasma protein, animal fat (beef), rice, minerals, vegetable oil, fish oil (salmon oil), cellulose.<\/p>","_en_post_name":"sanimed-recovery-dog-sausage","_en_post_excerpt":"","_en_post_title":"Sanimed Recovery dog | sausage 15x 400 grams","_de_post_content":"<p>Sanimed Recovery Wurst eignet sich f\u00fcr Hunde mit Appetitlosigkeit bei Krankheit oder Genesung nach einer Operation.<br \/><br \/>Sanimed Recovery Wurst:<br \/>\u2022 reich an Energie und Eiwei\u00df f\u00fcr eine erfolgreiche Erholung von K\u00f6rpergewicht und Muskelmasse<br \/>\u2022 sehr lecker und sehr gut geeignet, um Tieren mit schlechtem Appetit wieder zu fressen<br \/>\u2022 unterst\u00fctzt den Widerstand<br \/>\u2022 ideal f\u00fcr die Verabreichung von Medikamenten<br \/>\u2022 ausgezeichnete Dosierung aufgrund der einfachen Schneidf\u00e4higkeit<\/p>\r\n<p>Zusammensetzung: Rindfleisch, Plasmaprotein, Tierfett (Rindfleisch), Reis, Mineralien, Pflanzen\u00f6l, Fisch\u00f6l (Lachs\u00f6l), Zellulose.<\/p>","_de_post_name":"sanimed-recovery-hund-wurst","_de_post_excerpt":"","_de_post_title":"Sanimed Recovery Hund | Wurst 15x 400 Gramm","_fr_post_content":"<p>La saucisse de r\u00e9cup\u00e9ration Sanimed pour chiens est un aliment di\u00e9t\u00e9tique destin\u00e9 aux chiens ayant un manque d'app\u00e9tit pendant une maladie ou un r\u00e9tablissement apr\u00e8s une op\u00e9ration.<\/p>\r\n<p>Saucisse de r\u00e9cup\u00e9ration Sanimed :<\/p>\r\n<ul>\r\n<li>riche en \u00e9nergie et en prot\u00e9ines, pour une bonne r\u00e9cup\u00e9ration du poids corporel et de la masse musculaire<\/li>\r\n<li>tr\u00e8s app\u00e9tissant et id\u00e9al pour redonner de l'app\u00e9tit aux animaux qui en manquent.<\/li>\r\n<li>soutient la r\u00e9sistance<\/li>\r\n<li> parfait pour l'administration de m\u00e9dicaments<\/li>\r\n<li>excellent dosage gr\u00e2ce \u00e0 une d\u00e9coupe facile<\/li>\r\n<\/ul>\r\n<p>Composition : Viande de b\u0153uf, prot\u00e9ines plasmatiques, graisse animale (b\u0153uf), riz, min\u00e9raux, huile v\u00e9g\u00e9tale, huile de poisson (huile de saumon), cellulose.<\/p>","_fr_post_name":"sanimed-recovery-saucisse-chien-1807","_fr_post_excerpt":"","_fr_post_title":"Sanimed Recovery chien | saucisse 15x 400 grammes","_es_post_content":"<p>La salchicha Sanimed Recovery para perros es un alimento diet\u00e9tico para perros con poco apetito durante la enfermedad o la recuperaci\u00f3n despu\u00e9s de una cirug\u00eda.<br \/><br \/>La salchicha Sanimed Recovery:<br \/>\u2022 rica en energ\u00eda y prote\u00ednas, para una vida pr\u00f3spera recuperaci\u00f3n del peso corporal y de la masa muscular<br \/>\u2022 muy sabroso y muy adecuado para que los animales con poco apetito vuelvan a comer<br \/>\u2022 apoya el sistema inmunitario<br \/>\u2022 ideal para la administraci\u00f3n de medicamentos<br \/>\u2022 excelente dosificaci\u00f3n debido a la f\u00e1cil cortabilidad<\/p>\r\n<p>Composici\u00f3n: vacuno, prote\u00edna plasm\u00e1tica, grasa animal (vacuno), arroz, minerales, aceite vegetal, aceite de pescado (aceite de salm\u00f3n), celulosa.<\/p>","_es_post_name":"sanimed-recovery-salchicha-perro-15x-400-gramos","_es_post_excerpt":"","_es_post_title":"Sanimed Recovery Salchicha | Perro | 15x 400 gramos","edit_language":"nl"},"product_brand":[],"product_cat":[1858,1117,1856,1857,1951],"product_tag":[],"class_list":{"0":"post-118969","1":"product","2":"type-product","3":"status-publish","4":"has-post-thumbnail","6":"product_cat-dieetvoer","7":"product_cat-honden","8":"product_cat-hondenvoer","9":"product_cat-merken","10":"product_cat-sanimed","11":"pa_aandoening-herstel","12":"pa_doeldier-hond","13":"pa_fabricatieland-nederland","14":"pa_levensfase-junior","15":"pa_levensfase-puppy","16":"pa_levensfase-senior","17":"pa_levensfase-volwassen","18":"pa_merkfilter-sanimed","19":"pa_merkgroep-vobra","20":"pa_product_conditions-sanimed_popup","21":"pa_productsoort-voeding","22":"pa_seo_canonical_store_id-not_found_value","23":"pa_seo_category-not_found_value","24":"pa_seo_meta_robots-not_found_value","25":"pa_toedieningswijze-natvoer","26":"pa_unit_pricing_base_measure-1ct","27":"pa_unit_pricing_measure-15ct","28":"pa_werkzamestof-overig","30":"first","31":"instock","32":"taxable","33":"shipping-taxable","34":"purchasable","35":"product-type-simple"},"yoast_head":"<!-- This site is optimized with the Yoast SEO plugin v27.5 - https:\/\/yoast.com\/product\/yoast-seo-wordpress\/ -->\n<title>Sanimed Recovery hond | worst 15x 400 gram - Pharmacy4pets<\/title>\n<meta name=\"robots\" content=\"index, follow, max-snippet:-1, max-image-preview:large, max-video-preview:-1\" \/>\n<link rel=\"canonical\" href=\"https:\/\/p4p-nl.bootmine.com\/%product-slug%\/sanimed-recovery-hond-worst\" \/>\n<meta property=\"og:locale\" content=\"nl_NL\" \/>\n<meta property=\"og:type\" content=\"article\" \/>\n<meta property=\"og:title\" content=\"Sanimed Recovery hond | worst 15x 400 gram - Pharmacy4pets\" \/>\n<meta property=\"og:description\" content=\"Sanimed Recovery worst voor de hond is een dieetvoeding voor honden met een slechte eetlust bij ziekte of herstel na operatie. Sanimed Recovery worst:\u2022 energie- en eiwitrijk, voor een voorspoedig herstel van lichaamsgewicht en spiermassa\u2022 zeer smakelijk en uitermate geschikt om dieren met een slechte eetlust weer te laten eten\u2022 ondersteunt de weerstand\u2022 ideaal voor [&hellip;]\" \/>\n<meta property=\"og:url\" content=\"https:\/\/p4p-nl.bootmine.com\/%product-slug%\/sanimed-recovery-hond-worst\" \/>\n<meta property=\"og:site_name\" content=\"Pharmacy4pets\" \/>\n<meta property=\"article:publisher\" content=\"https:\/\/www.facebook.com\/people\/Pharmacy4petsnl\/100063484989896\/\" \/>\n<meta property=\"article:modified_time\" content=\"2026-04-14T08:03:29+00:00\" \/>\n<meta property=\"og:image\" content=\"https:\/\/p4p-nl.bootmine.com\/wp-content\/uploads\/2019\/03\/19366_1.jpg\" \/>\n\t<meta property=\"og:image:width\" content=\"700\" \/>\n\t<meta property=\"og:image:height\" content=\"700\" \/>\n\t<meta property=\"og:image:type\" content=\"image\/jpeg\" \/>\n<meta name=\"twitter:card\" content=\"summary_large_image\" \/>\n<script type=\"application\/ld+json\" class=\"yoast-schema-graph\">{\"@context\":\"https:\\\/\\\/schema.org\",\"@graph\":[{\"@type\":\"WebPage\",\"@id\":\"https:\\\/\\\/p4p-nl.bootmine.com\\\/%product-slug%\\\/sanimed-recovery-hond-worst\",\"url\":\"https:\\\/\\\/p4p-nl.bootmine.com\\\/%product-slug%\\\/sanimed-recovery-hond-worst\",\"name\":\"Sanimed Recovery hond | worst 15x 400 gram - Pharmacy4pets\",\"isPartOf\":{\"@id\":\"http:\\\/\\\/www.pharmacy4pets.nl\\\/#website\"},\"primaryImageOfPage\":{\"@id\":\"https:\\\/\\\/p4p-nl.bootmine.com\\\/%product-slug%\\\/sanimed-recovery-hond-worst#primaryimage\"},\"image\":{\"@id\":\"https:\\\/\\\/p4p-nl.bootmine.com\\\/%product-slug%\\\/sanimed-recovery-hond-worst#primaryimage\"},\"thumbnailUrl\":\"https:\\\/\\\/www.pharmacy4pets.nl\\\/wp-content\\\/uploads\\\/2019\\\/03\\\/19366_1.jpg\",\"datePublished\":\"2019-03-12T14:53:27+00:00\",\"dateModified\":\"2026-04-14T08:03:29+00:00\",\"breadcrumb\":{\"@id\":\"https:\\\/\\\/p4p-nl.bootmine.com\\\/%product-slug%\\\/sanimed-recovery-hond-worst#breadcrumb\"},\"inLanguage\":\"nl-NL\",\"potentialAction\":[{\"@type\":\"ReadAction\",\"target\":[\"https:\\\/\\\/p4p-nl.bootmine.com\\\/%product-slug%\\\/sanimed-recovery-hond-worst\"]}]},{\"@type\":\"ImageObject\",\"inLanguage\":\"nl-NL\",\"@id\":\"https:\\\/\\\/p4p-nl.bootmine.com\\\/%product-slug%\\\/sanimed-recovery-hond-worst#primaryimage\",\"url\":\"https:\\\/\\\/www.pharmacy4pets.nl\\\/wp-content\\\/uploads\\\/2019\\\/03\\\/19366_1.jpg\",\"contentUrl\":\"https:\\\/\\\/www.pharmacy4pets.nl\\\/wp-content\\\/uploads\\\/2019\\\/03\\\/19366_1.jpg\",\"width\":700,\"height\":700,\"caption\":\"Sanimed\"},{\"@type\":\"BreadcrumbList\",\"@id\":\"https:\\\/\\\/p4p-nl.bootmine.com\\\/%product-slug%\\\/sanimed-recovery-hond-worst#breadcrumb\",\"itemListElement\":[{\"@type\":\"ListItem\",\"position\":1,\"name\":\"Home\",\"item\":\"https:\\\/\\\/p4p-nl.bootmine.com\\\/\"},{\"@type\":\"ListItem\",\"position\":2,\"name\":\"Winkel\",\"item\":\"https:\\\/\\\/p4p-nl.bootmine.com\\\/winkel\"},{\"@type\":\"ListItem\",\"position\":3,\"name\":\"Sanimed Recovery hond | worst 15x 400 gram\"}]},{\"@type\":\"WebSite\",\"@id\":\"http:\\\/\\\/www.pharmacy4pets.nl\\\/#website\",\"url\":\"http:\\\/\\\/www.pharmacy4pets.nl\\\/\",\"name\":\"Pharmacy4pets\",\"description\":\"Pharmacy4pets.nl is d\u00e9 online apotheek waar u terecht kunt voor alle diergeneesmiddelen, verzorgingsproducten en dieetvoeding voor uw huisdier.\",\"publisher\":{\"@id\":\"http:\\\/\\\/www.pharmacy4pets.nl\\\/#organization\"},\"potentialAction\":[{\"@type\":\"SearchAction\",\"target\":{\"@type\":\"EntryPoint\",\"urlTemplate\":\"http:\\\/\\\/www.pharmacy4pets.nl\\\/?s={search_term_string}\"},\"query-input\":{\"@type\":\"PropertyValueSpecification\",\"valueRequired\":true,\"valueName\":\"search_term_string\"}}],\"inLanguage\":\"nl-NL\"},{\"@type\":\"Organization\",\"@id\":\"http:\\\/\\\/www.pharmacy4pets.nl\\\/#organization\",\"name\":\"Pharmacy4pets\",\"url\":\"http:\\\/\\\/www.pharmacy4pets.nl\\\/\",\"logo\":{\"@type\":\"ImageObject\",\"inLanguage\":\"nl-NL\",\"@id\":\"http:\\\/\\\/www.pharmacy4pets.nl\\\/#\\\/schema\\\/logo\\\/image\\\/\",\"url\":\"https:\\\/\\\/p4p-nl.bootmine.com\\\/wp-content\\\/uploads\\\/2026\\\/03\\\/logo-pharmacy4pets.png\",\"contentUrl\":\"https:\\\/\\\/p4p-nl.bootmine.com\\\/wp-content\\\/uploads\\\/2026\\\/03\\\/logo-pharmacy4pets.png\",\"width\":1024,\"height\":135,\"caption\":\"Pharmacy4pets\"},\"image\":{\"@id\":\"http:\\\/\\\/www.pharmacy4pets.nl\\\/#\\\/schema\\\/logo\\\/image\\\/\"},\"sameAs\":[\"https:\\\/\\\/www.facebook.com\\\/people\\\/Pharmacy4petsnl\\\/100063484989896\\\/\",\"https:\\\/\\\/www.youtube.com\\\/channel\\\/UCGPTIgucgli03tP2_kvLkHg\\\/featured\",\"https:\\\/\\\/www.instagram.com\\\/pharmacy4pets.nl\"]}]}<\/script>\n<!-- \/ Yoast SEO plugin. -->","yoast_head_json":{"title":"Sanimed Recovery hond | worst 15x 400 gram - Pharmacy4pets","robots":{"index":"index","follow":"follow","max-snippet":"max-snippet:-1","max-image-preview":"max-image-preview:large","max-video-preview":"max-video-preview:-1"},"canonical":"https:\/\/p4p-nl.bootmine.com\/%product-slug%\/sanimed-recovery-hond-worst","og_locale":"nl_NL","og_type":"article","og_title":"Sanimed Recovery hond | worst 15x 400 gram - Pharmacy4pets","og_description":"Sanimed Recovery worst voor de hond is een dieetvoeding voor honden met een slechte eetlust bij ziekte of herstel na operatie. Sanimed Recovery worst:\u2022 energie- en eiwitrijk, voor een voorspoedig herstel van lichaamsgewicht en spiermassa\u2022 zeer smakelijk en uitermate geschikt om dieren met een slechte eetlust weer te laten eten\u2022 ondersteunt de weerstand\u2022 ideaal voor [&hellip;]","og_url":"https:\/\/p4p-nl.bootmine.com\/%product-slug%\/sanimed-recovery-hond-worst","og_site_name":"Pharmacy4pets","article_publisher":"https:\/\/www.facebook.com\/people\/Pharmacy4petsnl\/100063484989896\/","article_modified_time":"2026-04-14T08:03:29+00:00","og_image":[{"width":700,"height":700,"url":"https:\/\/p4p-nl.bootmine.com\/wp-content\/uploads\/2019\/03\/19366_1.jpg","type":"image\/jpeg"}],"twitter_card":"summary_large_image","schema":{"@context":"https:\/\/schema.org","@graph":[{"@type":"WebPage","@id":"https:\/\/p4p-nl.bootmine.com\/%product-slug%\/sanimed-recovery-hond-worst","url":"https:\/\/p4p-nl.bootmine.com\/%product-slug%\/sanimed-recovery-hond-worst","name":"Sanimed Recovery hond | worst 15x 400 gram - Pharmacy4pets","isPartOf":{"@id":"http:\/\/www.pharmacy4pets.nl\/#website"},"primaryImageOfPage":{"@id":"https:\/\/p4p-nl.bootmine.com\/%product-slug%\/sanimed-recovery-hond-worst#primaryimage"},"image":{"@id":"https:\/\/p4p-nl.bootmine.com\/%product-slug%\/sanimed-recovery-hond-worst#primaryimage"},"thumbnailUrl":"https:\/\/www.pharmacy4pets.nl\/wp-content\/uploads\/2019\/03\/19366_1.jpg","datePublished":"2019-03-12T14:53:27+00:00","dateModified":"2026-04-14T08:03:29+00:00","breadcrumb":{"@id":"https:\/\/p4p-nl.bootmine.com\/%product-slug%\/sanimed-recovery-hond-worst#breadcrumb"},"inLanguage":"nl-NL","potentialAction":[{"@type":"ReadAction","target":["https:\/\/p4p-nl.bootmine.com\/%product-slug%\/sanimed-recovery-hond-worst"]}]},{"@type":"ImageObject","inLanguage":"nl-NL","@id":"https:\/\/p4p-nl.bootmine.com\/%product-slug%\/sanimed-recovery-hond-worst#primaryimage","url":"https:\/\/www.pharmacy4pets.nl\/wp-content\/uploads\/2019\/03\/19366_1.jpg","contentUrl":"https:\/\/www.pharmacy4pets.nl\/wp-content\/uploads\/2019\/03\/19366_1.jpg","width":700,"height":700,"caption":"Sanimed"},{"@type":"BreadcrumbList","@id":"https:\/\/p4p-nl.bootmine.com\/%product-slug%\/sanimed-recovery-hond-worst#breadcrumb","itemListElement":[{"@type":"ListItem","position":1,"name":"Home","item":"https:\/\/p4p-nl.bootmine.com\/"},{"@type":"ListItem","position":2,"name":"Winkel","item":"https:\/\/p4p-nl.bootmine.com\/winkel"},{"@type":"ListItem","position":3,"name":"Sanimed Recovery hond | worst 15x 400 gram"}]},{"@type":"WebSite","@id":"http:\/\/www.pharmacy4pets.nl\/#website","url":"http:\/\/www.pharmacy4pets.nl\/","name":"Pharmacy4pets","description":"Pharmacy4pets.nl is d\u00e9 online apotheek waar u terecht kunt voor alle diergeneesmiddelen, verzorgingsproducten en dieetvoeding voor uw huisdier.","publisher":{"@id":"http:\/\/www.pharmacy4pets.nl\/#organization"},"potentialAction":[{"@type":"SearchAction","target":{"@type":"EntryPoint","urlTemplate":"http:\/\/www.pharmacy4pets.nl\/?s={search_term_string}"},"query-input":{"@type":"PropertyValueSpecification","valueRequired":true,"valueName":"search_term_string"}}],"inLanguage":"nl-NL"},{"@type":"Organization","@id":"http:\/\/www.pharmacy4pets.nl\/#organization","name":"Pharmacy4pets","url":"http:\/\/www.pharmacy4pets.nl\/","logo":{"@type":"ImageObject","inLanguage":"nl-NL","@id":"http:\/\/www.pharmacy4pets.nl\/#\/schema\/logo\/image\/","url":"https:\/\/p4p-nl.bootmine.com\/wp-content\/uploads\/2026\/03\/logo-pharmacy4pets.png","contentUrl":"https:\/\/p4p-nl.bootmine.com\/wp-content\/uploads\/2026\/03\/logo-pharmacy4pets.png","width":1024,"height":135,"caption":"Pharmacy4pets"},"image":{"@id":"http:\/\/www.pharmacy4pets.nl\/#\/schema\/logo\/image\/"},"sameAs":["https:\/\/www.facebook.com\/people\/Pharmacy4petsnl\/100063484989896\/","https:\/\/www.youtube.com\/channel\/UCGPTIgucgli03tP2_kvLkHg\/featured","https:\/\/www.instagram.com\/pharmacy4pets.nl"]}]}},"market_data":{"nl":{"price":0,"sale_price":0,"active":false,"url":null,"parent_url":"","tax_rate":0,"price_inc_tax":0,"sale_price_inc_tax":0},"de":{"price":0,"sale_price":0,"active":false,"url":null,"parent_url":"","tax_rate":0,"price_inc_tax":0,"sale_price_inc_tax":0},"be":{"price":0,"sale_price":0,"active":false,"url":null,"parent_url":"","tax_rate":0,"price_inc_tax":0,"sale_price_inc_tax":0},"fr":{"price":0,"sale_price":0,"active":false,"url":null,"parent_url":"","tax_rate":0,"price_inc_tax":0,"sale_price_inc_tax":0},"ch":{"price":0,"sale_price":0,"active":false,"url":null,"parent_url":"","tax_rate":0,"price_inc_tax":0,"sale_price_inc_tax":0},"at":{"price":0,"sale_price":0,"active":false,"url":null,"parent_url":"","tax_rate":0,"price_inc_tax":0,"sale_price_inc_tax":0},"es":{"price":0,"sale_price":0,"active":false,"url":null,"parent_url":"","tax_rate":0,"price_inc_tax":0,"sale_price_inc_tax":0},"dk":{"price":0,"sale_price":0,"active":false,"url":null,"parent_url":"","tax_rate":0,"price_inc_tax":0,"sale_price_inc_tax":0},"com":{"price":0,"sale_price":0,"active":false,"url":null,"parent_url":"","tax_rate":0,"price_inc_tax":0,"sale_price_inc_tax":0}},"market_nl_price":0,"market_nl_sale_price":0,"market_nl_active":false,"market_nl_url":null,"market_nl_parent_url":"","market_nl_tax_rate":0,"market_nl_price_inc_tax":0,"market_nl_sale_price_inc_tax":0,"market_de_price":0,"market_de_sale_price":0,"market_de_active":false,"market_de_url":null,"market_de_parent_url":"","market_de_tax_rate":0,"market_de_price_inc_tax":0,"market_de_sale_price_inc_tax":0,"market_be_price":0,"market_be_sale_price":0,"market_be_active":false,"market_be_url":null,"market_be_parent_url":"","market_be_tax_rate":0,"market_be_price_inc_tax":0,"market_be_sale_price_inc_tax":0,"market_fr_price":0,"market_fr_sale_price":0,"market_fr_active":false,"market_fr_url":null,"market_fr_parent_url":"","market_fr_tax_rate":0,"market_fr_price_inc_tax":0,"market_fr_sale_price_inc_tax":0,"market_ch_price":0,"market_ch_sale_price":0,"market_ch_active":false,"market_ch_url":null,"market_ch_parent_url":"","market_ch_tax_rate":0,"market_ch_price_inc_tax":0,"market_ch_sale_price_inc_tax":0,"market_at_price":0,"market_at_sale_price":0,"market_at_active":false,"market_at_url":null,"market_at_parent_url":"","market_at_tax_rate":0,"market_at_price_inc_tax":0,"market_at_sale_price_inc_tax":0,"market_es_price":0,"market_es_sale_price":0,"market_es_active":false,"market_es_url":null,"market_es_parent_url":"","market_es_tax_rate":0,"market_es_price_inc_tax":0,"market_es_sale_price_inc_tax":0,"market_dk_price":0,"market_dk_sale_price":0,"market_dk_active":false,"market_dk_url":null,"market_dk_parent_url":"","market_dk_tax_rate":0,"market_dk_price_inc_tax":0,"market_dk_sale_price_inc_tax":0,"market_com_price":0,"market_com_sale_price":0,"market_com_active":false,"market_com_url":null,"market_com_parent_url":"","market_com_tax_rate":0,"market_com_price_inc_tax":0,"market_com_sale_price_inc_tax":0,"acf":[],"_links":{"self":[{"href":"https:\/\/www.pharmacy4pets.nl\/be\/wp-json\/wp\/v2\/product\/118969","targetHints":{"allow":["GET"]}}],"collection":[{"href":"https:\/\/www.pharmacy4pets.nl\/be\/wp-json\/wp\/v2\/product"}],"about":[{"href":"https:\/\/www.pharmacy4pets.nl\/be\/wp-json\/wp\/v2\/types\/product"}],"replies":[{"embeddable":true,"href":"https:\/\/www.pharmacy4pets.nl\/be\/wp-json\/wp\/v2\/comments?post=118969"}],"wp:featuredmedia":[{"embeddable":true,"href":"https:\/\/www.pharmacy4pets.nl\/be\/wp-json\/wp\/v2\/media\/118968"}],"wp:attachment":[{"href":"https:\/\/www.pharmacy4pets.nl\/be\/wp-json\/wp\/v2\/media?parent=118969"}],"wp:term":[{"taxonomy":"product_brand","embeddable":true,"href":"https:\/\/www.pharmacy4pets.nl\/be\/wp-json\/wp\/v2\/product_brand?post=118969"},{"taxonomy":"product_cat","embeddable":true,"href":"https:\/\/www.pharmacy4pets.nl\/be\/wp-json\/wp\/v2\/product_cat?post=118969"},{"taxonomy":"product_tag","embeddable":true,"href":"https:\/\/www.pharmacy4pets.nl\/be\/wp-json\/wp\/v2\/product_tag?post=118969"}],"curies":[{"name":"wp","href":"https:\/\/api.w.org\/{rel}","templated":true}]}}