{"id":118965,"date":"2019-01-24T12:28:24","date_gmt":"2019-01-24T12:28:24","guid":{"rendered":"https:\/\/p4p.test\/trixie-vingertandenborstel-set-hond-kat-6-cm-2-stuks"},"modified":"2026-03-25T12:00:10","modified_gmt":"2026-03-25T12:00:10","slug":"trixie-vingertandenborstel-set-hond-kat-6-cm-2-stuks","status":"publish","type":"product","link":"https:\/\/www.pharmacy4pets.nl\/be\/trixie-vingertandenborstel-set-hond-kat-6-cm-2-stuks","title":{"rendered":"Trixie vingertandenborstel-set hond\/kat 6 cm 2 stuks"},"content":{"rendered":"<p>De Trixie vingertandenborstel-set 6 cm is geschikt voor het poetsen van de tanden van zowel honden als katten. De set bevat 2 stuks, namelijk een tandenborstel en een massageborstel voor gebruik op de vinger. De Trixie tandenborstelset verbetert op eenvoudige wijze de hygi\u00ebne in de bek van uw hond of kat.<\/p>\n","protected":false},"excerpt":{"rendered":"<p>De Trixie vingertandenborstel-set 6 cm is geschikt voor het poetsen van de tanden van zowel honden als katten. De set bevat 2 stuks, namelijk een tandenborstel en een massageborstel voor gebruik op de vinger. De Trixie tandenborstelset verbetert op eenvoudige wijze de hygi\u00ebne in de bek van uw hond of kat.<\/p>\n","protected":false},"featured_media":118964,"comment_status":"open","ping_status":"closed","template":"","meta":{"_acf_changed":false,"_nl_post_content":"De Trixie vingertandenborstel-set 6 cm is geschikt voor het poetsen van de tanden van zowel honden als katten. De set bevat 2 stuks, namelijk een tandenborstel en een massageborstel voor gebruik op de vinger. De Trixie tandenborstelset verbetert op eenvoudige wijze de hygi\u00ebne in de bek van uw hond of kat.","_nl_post_name":"trixie-vingertandenborstel-set-hond-kat-6-cm-2-stuks","_nl_post_excerpt":"","_nl_post_title":"Trixie vingertandenborstel-set hond\/kat 6 cm 2 stuks","_en_post_content":"The Trixie finger toothbrush set 6 cm is suitable for brushing the teeth of both dogs and cats. The set contains 2 pieces, namely a toothbrush and a massage brush for placing on your finger. The Trixie toothbrush set easily improves the hygiene in the mouth of your dog or cat.","_en_post_name":"trixie-vingertandenborstel-set-hond-kat-6-cm-2-stuks","_en_post_excerpt":"","_en_post_title":"Trixie finger toothbrush set dog\/cat 6 cm 2 pieces","_de_post_content":"Das Trixie Fingerzahnb\u00fcrstenset 6 cm eignet sich zum Z\u00e4hneputzen von Hunden und Katzen. Das Set enth\u00e4lt 2 Teile, n\u00e4mlich eine Zahnb\u00fcrste und eine Massageb\u00fcrste zum Aufsetzen auf den Finger. Das Trixie Zahnb\u00fcrstenset verbessert einfach die Hygiene im Mund Ihres Hundes oder Ihrer Katze.","_de_post_name":"trixie-vingertandenborstel-set-hond-kat-6-cm-2-stuks","_de_post_excerpt":"","_de_post_title":"Trixie Fingerzahnb\u00fcrsten-Set Hund\/Katze 6 cm 2 St\u00fcck","_fr_post_content":"<p>Le set de brosses \u00e0 dents \u00e0 doigts Trixie 6 cm convient au brossage des dents des chiens et des chats. Le set contient 2 pi\u00e8ces, \u00e0 savoir une brosse \u00e0 dents et une brosse de massage \u00e0 utiliser sur le doigt. Le set de brosses \u00e0 dents Trixie am\u00e9liore facilement l'hygi\u00e8ne de la bouche de votre chien ou de votre chat.<\/p>","_fr_post_name":"trixie-brosse-a-dents-doigt-chien-chat-6-cm-2-pieces","_fr_post_excerpt":"","_fr_post_title":"Trixie brosse \u00e0 dents \u00e0 doigt chien et chat 6 cm 2 pi\u00e8ces","_es_post_content":"<p>El set de cepillos de dientes Trixie es adecuado para cepillar los dientes de perros y gatos. El juego contiene 2 piezas, a saber, un cepillo de dientes y un cepillo de masaje para usar en el dedo. El set de cepillos de dientes Trixie mejora f\u00e1cilmente la higiene en la boca de su perro o gato.<\/p>","_es_post_name":"trixie-cepillos-de-dientes-perros-gatos-2-piezas","_es_post_excerpt":"","_es_post_title":"Trixie set de cepillos de dientes perros y gatos 6 cm 2 piezas","edit_language":"nl"},"product_brand":[],"product_cat":[2182,1861,1873,1842,1117,1118,2178,1871,1839,1857,2128,1959,1863,2193],"product_tag":[],"class_list":{"0":"post-118965","1":"product","2":"type-product","3":"status-publish","4":"has-post-thumbnail","6":"product_cat-kitten-benodigdheden","7":"product_cat-benodigdheden","8":"product_cat-gebit","10":"product_cat-honden","11":"product_cat-katten","12":"product_cat-kitten","13":"product_cat-medicijnen-supplementen","15":"product_cat-merken","16":"product_cat-tandenborstels-en-tandpasta","17":"product_cat-trixie","18":"product_cat-verzorging","20":"pa_aandoening-gebit","21":"pa_doeldier-hond","22":"pa_doeldier-kat","23":"pa_fabricatieland-duitsland","24":"pa_merkfilter-trixie","25":"pa_merkgroep-trixie","26":"pa_productsoort-overig","27":"pa_seo_canonical_store_id-not_found_value","28":"pa_seo_category-not_found_value","29":"pa_seo_meta_robots-not_found_value","30":"pa_toedieningswijze-tandenborstel","31":"pa_unit_pricing_base_measure-1ct","32":"pa_unit_pricing_measure-2ct","33":"pa_werkzamestof-overig","35":"first","36":"instock","37":"taxable","38":"shipping-taxable","39":"purchasable","40":"product-type-simple"},"yoast_head":"<!-- This site is optimized with the Yoast SEO plugin v27.5 - https:\/\/yoast.com\/product\/yoast-seo-wordpress\/ -->\n<title>Trixie vingertandenborstel-set hond\/kat 6 cm 2 stuks - Pharmacy4pets<\/title>\n<meta name=\"robots\" content=\"index, follow, max-snippet:-1, max-image-preview:large, max-video-preview:-1\" \/>\n<link rel=\"canonical\" href=\"https:\/\/p4p-nl.bootmine.com\/%product-slug%\/trixie-vingertandenborstel-set-hond-kat-6-cm-2-stuks\" \/>\n<meta property=\"og:locale\" content=\"nl_NL\" \/>\n<meta property=\"og:type\" content=\"article\" \/>\n<meta property=\"og:title\" content=\"Trixie vingertandenborstel-set hond\/kat 6 cm 2 stuks - Pharmacy4pets\" \/>\n<meta property=\"og:description\" content=\"De Trixie vingertandenborstel-set 6 cm is geschikt voor het poetsen van de tanden van zowel honden als katten. De set bevat 2 stuks, namelijk een tandenborstel en een massageborstel voor gebruik op de vinger. De Trixie tandenborstelset verbetert op eenvoudige wijze de hygi\u00ebne in de bek van uw hond of kat.\" \/>\n<meta property=\"og:url\" content=\"https:\/\/p4p-nl.bootmine.com\/%product-slug%\/trixie-vingertandenborstel-set-hond-kat-6-cm-2-stuks\" \/>\n<meta property=\"og:site_name\" content=\"Pharmacy4pets\" \/>\n<meta property=\"article:publisher\" content=\"https:\/\/www.facebook.com\/people\/Pharmacy4petsnl\/100063484989896\/\" \/>\n<meta property=\"article:modified_time\" content=\"2026-03-25T12:00:10+00:00\" \/>\n<meta property=\"og:image\" content=\"https:\/\/p4p-nl.bootmine.com\/wp-content\/uploads\/2019\/01\/trixie-vingertandenborstel-set-hond-kat-6-cm-2-stuks.jpg\" \/>\n\t<meta property=\"og:image:width\" content=\"600\" \/>\n\t<meta property=\"og:image:height\" content=\"600\" \/>\n\t<meta property=\"og:image:type\" content=\"image\/jpeg\" \/>\n<meta name=\"twitter:card\" content=\"summary_large_image\" \/>\n<script type=\"application\/ld+json\" class=\"yoast-schema-graph\">{\"@context\":\"https:\\\/\\\/schema.org\",\"@graph\":[{\"@type\":\"WebPage\",\"@id\":\"https:\\\/\\\/p4p-nl.bootmine.com\\\/%product-slug%\\\/trixie-vingertandenborstel-set-hond-kat-6-cm-2-stuks\",\"url\":\"https:\\\/\\\/p4p-nl.bootmine.com\\\/%product-slug%\\\/trixie-vingertandenborstel-set-hond-kat-6-cm-2-stuks\",\"name\":\"Trixie vingertandenborstel-set hond\\\/kat 6 cm 2 stuks - Pharmacy4pets\",\"isPartOf\":{\"@id\":\"http:\\\/\\\/www.pharmacy4pets.nl\\\/#website\"},\"primaryImageOfPage\":{\"@id\":\"https:\\\/\\\/p4p-nl.bootmine.com\\\/%product-slug%\\\/trixie-vingertandenborstel-set-hond-kat-6-cm-2-stuks#primaryimage\"},\"image\":{\"@id\":\"https:\\\/\\\/p4p-nl.bootmine.com\\\/%product-slug%\\\/trixie-vingertandenborstel-set-hond-kat-6-cm-2-stuks#primaryimage\"},\"thumbnailUrl\":\"https:\\\/\\\/www.pharmacy4pets.nl\\\/wp-content\\\/uploads\\\/2019\\\/01\\\/trixie-vingertandenborstel-set-hond-kat-6-cm-2-stuks.jpg\",\"datePublished\":\"2019-01-24T12:28:24+00:00\",\"dateModified\":\"2026-03-25T12:00:10+00:00\",\"breadcrumb\":{\"@id\":\"https:\\\/\\\/p4p-nl.bootmine.com\\\/%product-slug%\\\/trixie-vingertandenborstel-set-hond-kat-6-cm-2-stuks#breadcrumb\"},\"inLanguage\":\"nl-NL\",\"potentialAction\":[{\"@type\":\"ReadAction\",\"target\":[\"https:\\\/\\\/p4p-nl.bootmine.com\\\/%product-slug%\\\/trixie-vingertandenborstel-set-hond-kat-6-cm-2-stuks\"]}]},{\"@type\":\"ImageObject\",\"inLanguage\":\"nl-NL\",\"@id\":\"https:\\\/\\\/p4p-nl.bootmine.com\\\/%product-slug%\\\/trixie-vingertandenborstel-set-hond-kat-6-cm-2-stuks#primaryimage\",\"url\":\"https:\\\/\\\/www.pharmacy4pets.nl\\\/wp-content\\\/uploads\\\/2019\\\/01\\\/trixie-vingertandenborstel-set-hond-kat-6-cm-2-stuks.jpg\",\"contentUrl\":\"https:\\\/\\\/www.pharmacy4pets.nl\\\/wp-content\\\/uploads\\\/2019\\\/01\\\/trixie-vingertandenborstel-set-hond-kat-6-cm-2-stuks.jpg\",\"width\":600,\"height\":600,\"caption\":\"Trixie\"},{\"@type\":\"BreadcrumbList\",\"@id\":\"https:\\\/\\\/p4p-nl.bootmine.com\\\/%product-slug%\\\/trixie-vingertandenborstel-set-hond-kat-6-cm-2-stuks#breadcrumb\",\"itemListElement\":[{\"@type\":\"ListItem\",\"position\":1,\"name\":\"Home\",\"item\":\"https:\\\/\\\/p4p-nl.bootmine.com\\\/\"},{\"@type\":\"ListItem\",\"position\":2,\"name\":\"Winkel\",\"item\":\"https:\\\/\\\/p4p-nl.bootmine.com\\\/winkel\"},{\"@type\":\"ListItem\",\"position\":3,\"name\":\"Trixie vingertandenborstel-set hond\\\/kat 6 cm 2 stuks\"}]},{\"@type\":\"WebSite\",\"@id\":\"http:\\\/\\\/www.pharmacy4pets.nl\\\/#website\",\"url\":\"http:\\\/\\\/www.pharmacy4pets.nl\\\/\",\"name\":\"Pharmacy4pets\",\"description\":\"Pharmacy4pets.nl is d\u00e9 online apotheek waar u terecht kunt voor alle diergeneesmiddelen, verzorgingsproducten en dieetvoeding voor uw huisdier.\",\"publisher\":{\"@id\":\"http:\\\/\\\/www.pharmacy4pets.nl\\\/#organization\"},\"potentialAction\":[{\"@type\":\"SearchAction\",\"target\":{\"@type\":\"EntryPoint\",\"urlTemplate\":\"http:\\\/\\\/www.pharmacy4pets.nl\\\/?s={search_term_string}\"},\"query-input\":{\"@type\":\"PropertyValueSpecification\",\"valueRequired\":true,\"valueName\":\"search_term_string\"}}],\"inLanguage\":\"nl-NL\"},{\"@type\":\"Organization\",\"@id\":\"http:\\\/\\\/www.pharmacy4pets.nl\\\/#organization\",\"name\":\"Pharmacy4pets\",\"url\":\"http:\\\/\\\/www.pharmacy4pets.nl\\\/\",\"logo\":{\"@type\":\"ImageObject\",\"inLanguage\":\"nl-NL\",\"@id\":\"http:\\\/\\\/www.pharmacy4pets.nl\\\/#\\\/schema\\\/logo\\\/image\\\/\",\"url\":\"https:\\\/\\\/p4p-nl.bootmine.com\\\/wp-content\\\/uploads\\\/2026\\\/03\\\/logo-pharmacy4pets.png\",\"contentUrl\":\"https:\\\/\\\/p4p-nl.bootmine.com\\\/wp-content\\\/uploads\\\/2026\\\/03\\\/logo-pharmacy4pets.png\",\"width\":1024,\"height\":135,\"caption\":\"Pharmacy4pets\"},\"image\":{\"@id\":\"http:\\\/\\\/www.pharmacy4pets.nl\\\/#\\\/schema\\\/logo\\\/image\\\/\"},\"sameAs\":[\"https:\\\/\\\/www.facebook.com\\\/people\\\/Pharmacy4petsnl\\\/100063484989896\\\/\",\"https:\\\/\\\/www.youtube.com\\\/channel\\\/UCGPTIgucgli03tP2_kvLkHg\\\/featured\",\"https:\\\/\\\/www.instagram.com\\\/pharmacy4pets.nl\"]}]}<\/script>\n<!-- \/ Yoast SEO plugin. -->","yoast_head_json":{"title":"Trixie vingertandenborstel-set hond\/kat 6 cm 2 stuks - Pharmacy4pets","robots":{"index":"index","follow":"follow","max-snippet":"max-snippet:-1","max-image-preview":"max-image-preview:large","max-video-preview":"max-video-preview:-1"},"canonical":"https:\/\/p4p-nl.bootmine.com\/%product-slug%\/trixie-vingertandenborstel-set-hond-kat-6-cm-2-stuks","og_locale":"nl_NL","og_type":"article","og_title":"Trixie vingertandenborstel-set hond\/kat 6 cm 2 stuks - Pharmacy4pets","og_description":"De Trixie vingertandenborstel-set 6 cm is geschikt voor het poetsen van de tanden van zowel honden als katten. De set bevat 2 stuks, namelijk een tandenborstel en een massageborstel voor gebruik op de vinger. De Trixie tandenborstelset verbetert op eenvoudige wijze de hygi\u00ebne in de bek van uw hond of kat.","og_url":"https:\/\/p4p-nl.bootmine.com\/%product-slug%\/trixie-vingertandenborstel-set-hond-kat-6-cm-2-stuks","og_site_name":"Pharmacy4pets","article_publisher":"https:\/\/www.facebook.com\/people\/Pharmacy4petsnl\/100063484989896\/","article_modified_time":"2026-03-25T12:00:10+00:00","og_image":[{"width":600,"height":600,"url":"https:\/\/p4p-nl.bootmine.com\/wp-content\/uploads\/2019\/01\/trixie-vingertandenborstel-set-hond-kat-6-cm-2-stuks.jpg","type":"image\/jpeg"}],"twitter_card":"summary_large_image","schema":{"@context":"https:\/\/schema.org","@graph":[{"@type":"WebPage","@id":"https:\/\/p4p-nl.bootmine.com\/%product-slug%\/trixie-vingertandenborstel-set-hond-kat-6-cm-2-stuks","url":"https:\/\/p4p-nl.bootmine.com\/%product-slug%\/trixie-vingertandenborstel-set-hond-kat-6-cm-2-stuks","name":"Trixie vingertandenborstel-set hond\/kat 6 cm 2 stuks - Pharmacy4pets","isPartOf":{"@id":"http:\/\/www.pharmacy4pets.nl\/#website"},"primaryImageOfPage":{"@id":"https:\/\/p4p-nl.bootmine.com\/%product-slug%\/trixie-vingertandenborstel-set-hond-kat-6-cm-2-stuks#primaryimage"},"image":{"@id":"https:\/\/p4p-nl.bootmine.com\/%product-slug%\/trixie-vingertandenborstel-set-hond-kat-6-cm-2-stuks#primaryimage"},"thumbnailUrl":"https:\/\/www.pharmacy4pets.nl\/wp-content\/uploads\/2019\/01\/trixie-vingertandenborstel-set-hond-kat-6-cm-2-stuks.jpg","datePublished":"2019-01-24T12:28:24+00:00","dateModified":"2026-03-25T12:00:10+00:00","breadcrumb":{"@id":"https:\/\/p4p-nl.bootmine.com\/%product-slug%\/trixie-vingertandenborstel-set-hond-kat-6-cm-2-stuks#breadcrumb"},"inLanguage":"nl-NL","potentialAction":[{"@type":"ReadAction","target":["https:\/\/p4p-nl.bootmine.com\/%product-slug%\/trixie-vingertandenborstel-set-hond-kat-6-cm-2-stuks"]}]},{"@type":"ImageObject","inLanguage":"nl-NL","@id":"https:\/\/p4p-nl.bootmine.com\/%product-slug%\/trixie-vingertandenborstel-set-hond-kat-6-cm-2-stuks#primaryimage","url":"https:\/\/www.pharmacy4pets.nl\/wp-content\/uploads\/2019\/01\/trixie-vingertandenborstel-set-hond-kat-6-cm-2-stuks.jpg","contentUrl":"https:\/\/www.pharmacy4pets.nl\/wp-content\/uploads\/2019\/01\/trixie-vingertandenborstel-set-hond-kat-6-cm-2-stuks.jpg","width":600,"height":600,"caption":"Trixie"},{"@type":"BreadcrumbList","@id":"https:\/\/p4p-nl.bootmine.com\/%product-slug%\/trixie-vingertandenborstel-set-hond-kat-6-cm-2-stuks#breadcrumb","itemListElement":[{"@type":"ListItem","position":1,"name":"Home","item":"https:\/\/p4p-nl.bootmine.com\/"},{"@type":"ListItem","position":2,"name":"Winkel","item":"https:\/\/p4p-nl.bootmine.com\/winkel"},{"@type":"ListItem","position":3,"name":"Trixie vingertandenborstel-set hond\/kat 6 cm 2 stuks"}]},{"@type":"WebSite","@id":"http:\/\/www.pharmacy4pets.nl\/#website","url":"http:\/\/www.pharmacy4pets.nl\/","name":"Pharmacy4pets","description":"Pharmacy4pets.nl is d\u00e9 online apotheek waar u terecht kunt voor alle diergeneesmiddelen, verzorgingsproducten en dieetvoeding voor uw huisdier.","publisher":{"@id":"http:\/\/www.pharmacy4pets.nl\/#organization"},"potentialAction":[{"@type":"SearchAction","target":{"@type":"EntryPoint","urlTemplate":"http:\/\/www.pharmacy4pets.nl\/?s={search_term_string}"},"query-input":{"@type":"PropertyValueSpecification","valueRequired":true,"valueName":"search_term_string"}}],"inLanguage":"nl-NL"},{"@type":"Organization","@id":"http:\/\/www.pharmacy4pets.nl\/#organization","name":"Pharmacy4pets","url":"http:\/\/www.pharmacy4pets.nl\/","logo":{"@type":"ImageObject","inLanguage":"nl-NL","@id":"http:\/\/www.pharmacy4pets.nl\/#\/schema\/logo\/image\/","url":"https:\/\/p4p-nl.bootmine.com\/wp-content\/uploads\/2026\/03\/logo-pharmacy4pets.png","contentUrl":"https:\/\/p4p-nl.bootmine.com\/wp-content\/uploads\/2026\/03\/logo-pharmacy4pets.png","width":1024,"height":135,"caption":"Pharmacy4pets"},"image":{"@id":"http:\/\/www.pharmacy4pets.nl\/#\/schema\/logo\/image\/"},"sameAs":["https:\/\/www.facebook.com\/people\/Pharmacy4petsnl\/100063484989896\/","https:\/\/www.youtube.com\/channel\/UCGPTIgucgli03tP2_kvLkHg\/featured","https:\/\/www.instagram.com\/pharmacy4pets.nl"]}]}},"market_data":{"nl":{"price":0,"sale_price":0,"active":false,"url":null,"parent_url":"","tax_rate":0,"price_inc_tax":0,"sale_price_inc_tax":0},"de":{"price":0,"sale_price":0,"active":false,"url":null,"parent_url":"","tax_rate":0,"price_inc_tax":0,"sale_price_inc_tax":0},"be":{"price":0,"sale_price":0,"active":false,"url":null,"parent_url":"","tax_rate":0,"price_inc_tax":0,"sale_price_inc_tax":0},"fr":{"price":0,"sale_price":0,"active":false,"url":null,"parent_url":"","tax_rate":0,"price_inc_tax":0,"sale_price_inc_tax":0},"ch":{"price":0,"sale_price":0,"active":false,"url":null,"parent_url":"","tax_rate":0,"price_inc_tax":0,"sale_price_inc_tax":0},"at":{"price":0,"sale_price":0,"active":false,"url":null,"parent_url":"","tax_rate":0,"price_inc_tax":0,"sale_price_inc_tax":0},"es":{"price":0,"sale_price":0,"active":false,"url":null,"parent_url":"","tax_rate":0,"price_inc_tax":0,"sale_price_inc_tax":0},"dk":{"price":0,"sale_price":0,"active":false,"url":null,"parent_url":"","tax_rate":0,"price_inc_tax":0,"sale_price_inc_tax":0},"com":{"price":0,"sale_price":0,"active":false,"url":null,"parent_url":"","tax_rate":0,"price_inc_tax":0,"sale_price_inc_tax":0}},"market_nl_price":0,"market_nl_sale_price":0,"market_nl_active":false,"market_nl_url":null,"market_nl_parent_url":"","market_nl_tax_rate":0,"market_nl_price_inc_tax":0,"market_nl_sale_price_inc_tax":0,"market_de_price":0,"market_de_sale_price":0,"market_de_active":false,"market_de_url":null,"market_de_parent_url":"","market_de_tax_rate":0,"market_de_price_inc_tax":0,"market_de_sale_price_inc_tax":0,"market_be_price":0,"market_be_sale_price":0,"market_be_active":false,"market_be_url":null,"market_be_parent_url":"","market_be_tax_rate":0,"market_be_price_inc_tax":0,"market_be_sale_price_inc_tax":0,"market_fr_price":0,"market_fr_sale_price":0,"market_fr_active":false,"market_fr_url":null,"market_fr_parent_url":"","market_fr_tax_rate":0,"market_fr_price_inc_tax":0,"market_fr_sale_price_inc_tax":0,"market_ch_price":0,"market_ch_sale_price":0,"market_ch_active":false,"market_ch_url":null,"market_ch_parent_url":"","market_ch_tax_rate":0,"market_ch_price_inc_tax":0,"market_ch_sale_price_inc_tax":0,"market_at_price":0,"market_at_sale_price":0,"market_at_active":false,"market_at_url":null,"market_at_parent_url":"","market_at_tax_rate":0,"market_at_price_inc_tax":0,"market_at_sale_price_inc_tax":0,"market_es_price":0,"market_es_sale_price":0,"market_es_active":false,"market_es_url":null,"market_es_parent_url":"","market_es_tax_rate":0,"market_es_price_inc_tax":0,"market_es_sale_price_inc_tax":0,"market_dk_price":0,"market_dk_sale_price":0,"market_dk_active":false,"market_dk_url":null,"market_dk_parent_url":"","market_dk_tax_rate":0,"market_dk_price_inc_tax":0,"market_dk_sale_price_inc_tax":0,"market_com_price":0,"market_com_sale_price":0,"market_com_active":false,"market_com_url":null,"market_com_parent_url":"","market_com_tax_rate":0,"market_com_price_inc_tax":0,"market_com_sale_price_inc_tax":0,"acf":[],"_links":{"self":[{"href":"https:\/\/www.pharmacy4pets.nl\/be\/wp-json\/wp\/v2\/product\/118965","targetHints":{"allow":["GET"]}}],"collection":[{"href":"https:\/\/www.pharmacy4pets.nl\/be\/wp-json\/wp\/v2\/product"}],"about":[{"href":"https:\/\/www.pharmacy4pets.nl\/be\/wp-json\/wp\/v2\/types\/product"}],"replies":[{"embeddable":true,"href":"https:\/\/www.pharmacy4pets.nl\/be\/wp-json\/wp\/v2\/comments?post=118965"}],"wp:featuredmedia":[{"embeddable":true,"href":"https:\/\/www.pharmacy4pets.nl\/be\/wp-json\/wp\/v2\/media\/118964"}],"wp:attachment":[{"href":"https:\/\/www.pharmacy4pets.nl\/be\/wp-json\/wp\/v2\/media?parent=118965"}],"wp:term":[{"taxonomy":"product_brand","embeddable":true,"href":"https:\/\/www.pharmacy4pets.nl\/be\/wp-json\/wp\/v2\/product_brand?post=118965"},{"taxonomy":"product_cat","embeddable":true,"href":"https:\/\/www.pharmacy4pets.nl\/be\/wp-json\/wp\/v2\/product_cat?post=118965"},{"taxonomy":"product_tag","embeddable":true,"href":"https:\/\/www.pharmacy4pets.nl\/be\/wp-json\/wp\/v2\/product_tag?post=118965"}],"curies":[{"name":"wp","href":"https:\/\/api.w.org\/{rel}","templated":true}]}}