{"id":118953,"date":"2018-10-31T15:27:19","date_gmt":"2018-10-31T15:27:19","guid":{"rendered":"https:\/\/p4p.test\/trixie-pluche-mimi"},"modified":"2026-03-25T12:00:08","modified_gmt":"2026-03-25T12:00:08","slug":"trixie-pluche-mimi","status":"publish","type":"product","link":"https:\/\/www.pharmacy4pets.nl\/be\/trixie-pluche-mimi","title":{"rendered":"Trixie Mimi pluche deken | Lichtgrijs | 70x50cm"},"content":{"rendered":"<p>De heerlijk zachte Mimi deken van Trixie beschermt uw bekleding tegen vuil en dierenhaar. De deken is op 30 graden wasbaar en de afmeting is 70x50cm. De kleur is lichtgrijs met als patroon zwarte en witte poezenkopjes.<\/p>\n","protected":false},"excerpt":{"rendered":"<p>De heerlijk zachte Mimi deken van Trixie beschermt uw bekleding tegen vuil en dierenhaar. De deken is op 30 graden wasbaar en de afmeting is 70x50cm. De kleur is lichtgrijs met als patroon zwarte en witte poezenkopjes.<\/p>\n","protected":false},"featured_media":118952,"comment_status":"open","ping_status":"closed","template":"","meta":{"_acf_changed":false,"_nl_post_content":"De heerlijk zachte Mimi deken van Trixie beschermt uw bekleding tegen vuil en dierenhaar. De deken is op 30 graden wasbaar en de afmeting is 70x50cm. De kleur is lichtgrijs met als patroon zwarte en witte poezenkopjes.","_nl_post_name":"trixie-pluche-mimi","_nl_post_excerpt":"","_nl_post_title":"Trixie Mimi pluche deken | Lichtgrijs | 70x50cm","_en_post_content":"The soft Mimi blanket from Trixie protects your interior against dirt and animal hair. The blanket is washable at 30 degrees and the size is 70x50cm. The color is light grey with a pattern of black and white cat heads. ","_en_post_name":"trixie-pluche-mimi","_en_post_excerpt":"","_en_post_title":"Trixie Mimi blanket | Light grey | 70x50cm","_de_post_content":"Die herrlich weiche Mimi Decke von Trixie sch\u00fctzt Ihren Polster vor Schmutz und Tierhaaren. Die Decke ist bei 30 Grad waschbar und die Gr\u00f6\u00dfe betr\u00e4gt 70x50cm. Die Farbe ist hellgrau mit schwarzen und wei\u00dfen Katzenk\u00f6pfen.","_de_post_name":"trixie-pluche-mimi","_de_post_excerpt":"","_de_post_title":"Trixie Mimi Decke | Lichtgrau | 70x50cm","_fr_post_content":"<p>La couverture Mimi de Trixie, tr\u00e8s douce, prot\u00e8ge vos meubles de la salet\u00e9 et des poils d'animaux. La couverture est lavable \u00e0 30 degr\u00e9s et sa taille est de 70x50cm. La couleur est grise claire avec des t\u00eates de chats noires et blanches comme motif.<\/p>","_fr_post_name":"trixie-pluche-mimi","_fr_post_excerpt":"","_fr_post_title":"Trixie Mimi couverture | gris claire | 70x50cm","_es_post_content":"<p>La suave manta de felpa Mimi de Trixie protege su tapizado de la suciedad y el pelo de su mascota. La manta es lavable a 30 grados y el tama\u00f1o es de 70x50 cm. El color es gris claro con cabezas de gato en blanco y negro como patr\u00f3n.<\/p>","_es_post_name":"trixie-manta-mimi","_es_post_excerpt":"","_es_post_title":"Trixie Mimi manta de felpa | Gris claro | 70x50cm","edit_language":"nl"},"product_brand":[],"product_cat":[2182,1891,1118,2178,1857,1959,1893,2193],"product_tag":[],"class_list":{"0":"post-118953","1":"product","2":"type-product","3":"status-publish","4":"has-post-thumbnail","6":"product_cat-kitten-benodigdheden","7":"product_cat-benodigdheden","8":"product_cat-katten","9":"product_cat-kitten","10":"product_cat-merken","11":"product_cat-trixie","12":"product_cat-verzorging","14":"pa_aandoening-overig","15":"pa_doeldier-kat","16":"pa_fabricatieland-duitsland","17":"pa_merkfilter-trixie","18":"pa_merkgroep-trixie","19":"pa_productsoort-overig","20":"pa_seo_canonical_store_id-not_found_value","21":"pa_seo_category-not_found_value","22":"pa_seo_meta_robots-not_found_value","23":"pa_toedieningswijze-deken","24":"pa_unit_pricing_base_measure-1ct","25":"pa_unit_pricing_measure-1ct","26":"pa_werkzamestof-overig","28":"first","29":"instock","30":"taxable","31":"shipping-taxable","32":"purchasable","33":"product-type-simple"},"yoast_head":"<!-- This site is optimized with the Yoast SEO plugin v27.5 - https:\/\/yoast.com\/product\/yoast-seo-wordpress\/ -->\n<title>Trixie Mimi pluche deken | Lichtgrijs | 70x50cm - Pharmacy4pets<\/title>\n<meta name=\"robots\" content=\"index, follow, max-snippet:-1, max-image-preview:large, max-video-preview:-1\" \/>\n<link rel=\"canonical\" href=\"https:\/\/p4p-nl.bootmine.com\/%product-slug%\/trixie-pluche-mimi\" \/>\n<meta property=\"og:locale\" content=\"nl_NL\" \/>\n<meta property=\"og:type\" content=\"article\" \/>\n<meta property=\"og:title\" content=\"Trixie Mimi pluche deken | Lichtgrijs | 70x50cm - Pharmacy4pets\" \/>\n<meta property=\"og:description\" content=\"De heerlijk zachte Mimi deken van Trixie beschermt uw bekleding tegen vuil en dierenhaar. De deken is op 30 graden wasbaar en de afmeting is 70x50cm. De kleur is lichtgrijs met als patroon zwarte en witte poezenkopjes.\" \/>\n<meta property=\"og:url\" content=\"https:\/\/p4p-nl.bootmine.com\/%product-slug%\/trixie-pluche-mimi\" \/>\n<meta property=\"og:site_name\" content=\"Pharmacy4pets\" \/>\n<meta property=\"article:publisher\" content=\"https:\/\/www.facebook.com\/people\/Pharmacy4petsnl\/100063484989896\/\" \/>\n<meta property=\"article:modified_time\" content=\"2026-03-25T12:00:08+00:00\" \/>\n<meta property=\"og:image\" content=\"https:\/\/p4p-nl.bootmine.com\/wp-content\/uploads\/2018\/10\/24397.jpg\" \/>\n\t<meta property=\"og:image:width\" content=\"600\" \/>\n\t<meta property=\"og:image:height\" content=\"576\" \/>\n\t<meta property=\"og:image:type\" content=\"image\/jpeg\" \/>\n<meta name=\"twitter:card\" content=\"summary_large_image\" \/>\n<script type=\"application\/ld+json\" class=\"yoast-schema-graph\">{\"@context\":\"https:\\\/\\\/schema.org\",\"@graph\":[{\"@type\":\"WebPage\",\"@id\":\"https:\\\/\\\/p4p-nl.bootmine.com\\\/%product-slug%\\\/trixie-pluche-mimi\",\"url\":\"https:\\\/\\\/p4p-nl.bootmine.com\\\/%product-slug%\\\/trixie-pluche-mimi\",\"name\":\"Trixie Mimi pluche deken | Lichtgrijs | 70x50cm - Pharmacy4pets\",\"isPartOf\":{\"@id\":\"http:\\\/\\\/www.pharmacy4pets.nl\\\/#website\"},\"primaryImageOfPage\":{\"@id\":\"https:\\\/\\\/p4p-nl.bootmine.com\\\/%product-slug%\\\/trixie-pluche-mimi#primaryimage\"},\"image\":{\"@id\":\"https:\\\/\\\/p4p-nl.bootmine.com\\\/%product-slug%\\\/trixie-pluche-mimi#primaryimage\"},\"thumbnailUrl\":\"https:\\\/\\\/www.pharmacy4pets.nl\\\/wp-content\\\/uploads\\\/2018\\\/10\\\/24397.jpg\",\"datePublished\":\"2018-10-31T15:27:19+00:00\",\"dateModified\":\"2026-03-25T12:00:08+00:00\",\"breadcrumb\":{\"@id\":\"https:\\\/\\\/p4p-nl.bootmine.com\\\/%product-slug%\\\/trixie-pluche-mimi#breadcrumb\"},\"inLanguage\":\"nl-NL\",\"potentialAction\":[{\"@type\":\"ReadAction\",\"target\":[\"https:\\\/\\\/p4p-nl.bootmine.com\\\/%product-slug%\\\/trixie-pluche-mimi\"]}]},{\"@type\":\"ImageObject\",\"inLanguage\":\"nl-NL\",\"@id\":\"https:\\\/\\\/p4p-nl.bootmine.com\\\/%product-slug%\\\/trixie-pluche-mimi#primaryimage\",\"url\":\"https:\\\/\\\/www.pharmacy4pets.nl\\\/wp-content\\\/uploads\\\/2018\\\/10\\\/24397.jpg\",\"contentUrl\":\"https:\\\/\\\/www.pharmacy4pets.nl\\\/wp-content\\\/uploads\\\/2018\\\/10\\\/24397.jpg\",\"width\":600,\"height\":576,\"caption\":\"Trixie\"},{\"@type\":\"BreadcrumbList\",\"@id\":\"https:\\\/\\\/p4p-nl.bootmine.com\\\/%product-slug%\\\/trixie-pluche-mimi#breadcrumb\",\"itemListElement\":[{\"@type\":\"ListItem\",\"position\":1,\"name\":\"Home\",\"item\":\"https:\\\/\\\/p4p-nl.bootmine.com\\\/\"},{\"@type\":\"ListItem\",\"position\":2,\"name\":\"Winkel\",\"item\":\"https:\\\/\\\/p4p-nl.bootmine.com\\\/winkel\"},{\"@type\":\"ListItem\",\"position\":3,\"name\":\"Trixie Mimi pluche deken | Lichtgrijs | 70x50cm\"}]},{\"@type\":\"WebSite\",\"@id\":\"http:\\\/\\\/www.pharmacy4pets.nl\\\/#website\",\"url\":\"http:\\\/\\\/www.pharmacy4pets.nl\\\/\",\"name\":\"Pharmacy4pets\",\"description\":\"Pharmacy4pets.nl is d\u00e9 online apotheek waar u terecht kunt voor alle diergeneesmiddelen, verzorgingsproducten en dieetvoeding voor uw huisdier.\",\"publisher\":{\"@id\":\"http:\\\/\\\/www.pharmacy4pets.nl\\\/#organization\"},\"potentialAction\":[{\"@type\":\"SearchAction\",\"target\":{\"@type\":\"EntryPoint\",\"urlTemplate\":\"http:\\\/\\\/www.pharmacy4pets.nl\\\/?s={search_term_string}\"},\"query-input\":{\"@type\":\"PropertyValueSpecification\",\"valueRequired\":true,\"valueName\":\"search_term_string\"}}],\"inLanguage\":\"nl-NL\"},{\"@type\":\"Organization\",\"@id\":\"http:\\\/\\\/www.pharmacy4pets.nl\\\/#organization\",\"name\":\"Pharmacy4pets\",\"url\":\"http:\\\/\\\/www.pharmacy4pets.nl\\\/\",\"logo\":{\"@type\":\"ImageObject\",\"inLanguage\":\"nl-NL\",\"@id\":\"http:\\\/\\\/www.pharmacy4pets.nl\\\/#\\\/schema\\\/logo\\\/image\\\/\",\"url\":\"https:\\\/\\\/p4p-nl.bootmine.com\\\/wp-content\\\/uploads\\\/2026\\\/03\\\/logo-pharmacy4pets.png\",\"contentUrl\":\"https:\\\/\\\/p4p-nl.bootmine.com\\\/wp-content\\\/uploads\\\/2026\\\/03\\\/logo-pharmacy4pets.png\",\"width\":1024,\"height\":135,\"caption\":\"Pharmacy4pets\"},\"image\":{\"@id\":\"http:\\\/\\\/www.pharmacy4pets.nl\\\/#\\\/schema\\\/logo\\\/image\\\/\"},\"sameAs\":[\"https:\\\/\\\/www.facebook.com\\\/people\\\/Pharmacy4petsnl\\\/100063484989896\\\/\",\"https:\\\/\\\/www.youtube.com\\\/channel\\\/UCGPTIgucgli03tP2_kvLkHg\\\/featured\",\"https:\\\/\\\/www.instagram.com\\\/pharmacy4pets.nl\"]}]}<\/script>\n<!-- \/ Yoast SEO plugin. -->","yoast_head_json":{"title":"Trixie Mimi pluche deken | Lichtgrijs | 70x50cm - Pharmacy4pets","robots":{"index":"index","follow":"follow","max-snippet":"max-snippet:-1","max-image-preview":"max-image-preview:large","max-video-preview":"max-video-preview:-1"},"canonical":"https:\/\/p4p-nl.bootmine.com\/%product-slug%\/trixie-pluche-mimi","og_locale":"nl_NL","og_type":"article","og_title":"Trixie Mimi pluche deken | Lichtgrijs | 70x50cm - Pharmacy4pets","og_description":"De heerlijk zachte Mimi deken van Trixie beschermt uw bekleding tegen vuil en dierenhaar. De deken is op 30 graden wasbaar en de afmeting is 70x50cm. De kleur is lichtgrijs met als patroon zwarte en witte poezenkopjes.","og_url":"https:\/\/p4p-nl.bootmine.com\/%product-slug%\/trixie-pluche-mimi","og_site_name":"Pharmacy4pets","article_publisher":"https:\/\/www.facebook.com\/people\/Pharmacy4petsnl\/100063484989896\/","article_modified_time":"2026-03-25T12:00:08+00:00","og_image":[{"width":600,"height":576,"url":"https:\/\/p4p-nl.bootmine.com\/wp-content\/uploads\/2018\/10\/24397.jpg","type":"image\/jpeg"}],"twitter_card":"summary_large_image","schema":{"@context":"https:\/\/schema.org","@graph":[{"@type":"WebPage","@id":"https:\/\/p4p-nl.bootmine.com\/%product-slug%\/trixie-pluche-mimi","url":"https:\/\/p4p-nl.bootmine.com\/%product-slug%\/trixie-pluche-mimi","name":"Trixie Mimi pluche deken | Lichtgrijs | 70x50cm - Pharmacy4pets","isPartOf":{"@id":"http:\/\/www.pharmacy4pets.nl\/#website"},"primaryImageOfPage":{"@id":"https:\/\/p4p-nl.bootmine.com\/%product-slug%\/trixie-pluche-mimi#primaryimage"},"image":{"@id":"https:\/\/p4p-nl.bootmine.com\/%product-slug%\/trixie-pluche-mimi#primaryimage"},"thumbnailUrl":"https:\/\/www.pharmacy4pets.nl\/wp-content\/uploads\/2018\/10\/24397.jpg","datePublished":"2018-10-31T15:27:19+00:00","dateModified":"2026-03-25T12:00:08+00:00","breadcrumb":{"@id":"https:\/\/p4p-nl.bootmine.com\/%product-slug%\/trixie-pluche-mimi#breadcrumb"},"inLanguage":"nl-NL","potentialAction":[{"@type":"ReadAction","target":["https:\/\/p4p-nl.bootmine.com\/%product-slug%\/trixie-pluche-mimi"]}]},{"@type":"ImageObject","inLanguage":"nl-NL","@id":"https:\/\/p4p-nl.bootmine.com\/%product-slug%\/trixie-pluche-mimi#primaryimage","url":"https:\/\/www.pharmacy4pets.nl\/wp-content\/uploads\/2018\/10\/24397.jpg","contentUrl":"https:\/\/www.pharmacy4pets.nl\/wp-content\/uploads\/2018\/10\/24397.jpg","width":600,"height":576,"caption":"Trixie"},{"@type":"BreadcrumbList","@id":"https:\/\/p4p-nl.bootmine.com\/%product-slug%\/trixie-pluche-mimi#breadcrumb","itemListElement":[{"@type":"ListItem","position":1,"name":"Home","item":"https:\/\/p4p-nl.bootmine.com\/"},{"@type":"ListItem","position":2,"name":"Winkel","item":"https:\/\/p4p-nl.bootmine.com\/winkel"},{"@type":"ListItem","position":3,"name":"Trixie Mimi pluche deken | Lichtgrijs | 70x50cm"}]},{"@type":"WebSite","@id":"http:\/\/www.pharmacy4pets.nl\/#website","url":"http:\/\/www.pharmacy4pets.nl\/","name":"Pharmacy4pets","description":"Pharmacy4pets.nl is d\u00e9 online apotheek waar u terecht kunt voor alle diergeneesmiddelen, verzorgingsproducten en dieetvoeding voor uw huisdier.","publisher":{"@id":"http:\/\/www.pharmacy4pets.nl\/#organization"},"potentialAction":[{"@type":"SearchAction","target":{"@type":"EntryPoint","urlTemplate":"http:\/\/www.pharmacy4pets.nl\/?s={search_term_string}"},"query-input":{"@type":"PropertyValueSpecification","valueRequired":true,"valueName":"search_term_string"}}],"inLanguage":"nl-NL"},{"@type":"Organization","@id":"http:\/\/www.pharmacy4pets.nl\/#organization","name":"Pharmacy4pets","url":"http:\/\/www.pharmacy4pets.nl\/","logo":{"@type":"ImageObject","inLanguage":"nl-NL","@id":"http:\/\/www.pharmacy4pets.nl\/#\/schema\/logo\/image\/","url":"https:\/\/p4p-nl.bootmine.com\/wp-content\/uploads\/2026\/03\/logo-pharmacy4pets.png","contentUrl":"https:\/\/p4p-nl.bootmine.com\/wp-content\/uploads\/2026\/03\/logo-pharmacy4pets.png","width":1024,"height":135,"caption":"Pharmacy4pets"},"image":{"@id":"http:\/\/www.pharmacy4pets.nl\/#\/schema\/logo\/image\/"},"sameAs":["https:\/\/www.facebook.com\/people\/Pharmacy4petsnl\/100063484989896\/","https:\/\/www.youtube.com\/channel\/UCGPTIgucgli03tP2_kvLkHg\/featured","https:\/\/www.instagram.com\/pharmacy4pets.nl"]}]}},"market_data":{"nl":{"price":0,"sale_price":0,"active":false,"url":null,"parent_url":"","tax_rate":0,"price_inc_tax":0,"sale_price_inc_tax":0},"de":{"price":0,"sale_price":0,"active":false,"url":null,"parent_url":"","tax_rate":0,"price_inc_tax":0,"sale_price_inc_tax":0},"be":{"price":0,"sale_price":0,"active":false,"url":null,"parent_url":"","tax_rate":0,"price_inc_tax":0,"sale_price_inc_tax":0},"fr":{"price":0,"sale_price":0,"active":false,"url":null,"parent_url":"","tax_rate":0,"price_inc_tax":0,"sale_price_inc_tax":0},"ch":{"price":0,"sale_price":0,"active":false,"url":null,"parent_url":"","tax_rate":0,"price_inc_tax":0,"sale_price_inc_tax":0},"at":{"price":0,"sale_price":0,"active":false,"url":null,"parent_url":"","tax_rate":0,"price_inc_tax":0,"sale_price_inc_tax":0},"es":{"price":0,"sale_price":0,"active":false,"url":null,"parent_url":"","tax_rate":0,"price_inc_tax":0,"sale_price_inc_tax":0},"dk":{"price":0,"sale_price":0,"active":false,"url":null,"parent_url":"","tax_rate":0,"price_inc_tax":0,"sale_price_inc_tax":0},"com":{"price":0,"sale_price":0,"active":false,"url":null,"parent_url":"","tax_rate":0,"price_inc_tax":0,"sale_price_inc_tax":0}},"market_nl_price":0,"market_nl_sale_price":0,"market_nl_active":false,"market_nl_url":null,"market_nl_parent_url":"","market_nl_tax_rate":0,"market_nl_price_inc_tax":0,"market_nl_sale_price_inc_tax":0,"market_de_price":0,"market_de_sale_price":0,"market_de_active":false,"market_de_url":null,"market_de_parent_url":"","market_de_tax_rate":0,"market_de_price_inc_tax":0,"market_de_sale_price_inc_tax":0,"market_be_price":0,"market_be_sale_price":0,"market_be_active":false,"market_be_url":null,"market_be_parent_url":"","market_be_tax_rate":0,"market_be_price_inc_tax":0,"market_be_sale_price_inc_tax":0,"market_fr_price":0,"market_fr_sale_price":0,"market_fr_active":false,"market_fr_url":null,"market_fr_parent_url":"","market_fr_tax_rate":0,"market_fr_price_inc_tax":0,"market_fr_sale_price_inc_tax":0,"market_ch_price":0,"market_ch_sale_price":0,"market_ch_active":false,"market_ch_url":null,"market_ch_parent_url":"","market_ch_tax_rate":0,"market_ch_price_inc_tax":0,"market_ch_sale_price_inc_tax":0,"market_at_price":0,"market_at_sale_price":0,"market_at_active":false,"market_at_url":null,"market_at_parent_url":"","market_at_tax_rate":0,"market_at_price_inc_tax":0,"market_at_sale_price_inc_tax":0,"market_es_price":0,"market_es_sale_price":0,"market_es_active":false,"market_es_url":null,"market_es_parent_url":"","market_es_tax_rate":0,"market_es_price_inc_tax":0,"market_es_sale_price_inc_tax":0,"market_dk_price":0,"market_dk_sale_price":0,"market_dk_active":false,"market_dk_url":null,"market_dk_parent_url":"","market_dk_tax_rate":0,"market_dk_price_inc_tax":0,"market_dk_sale_price_inc_tax":0,"market_com_price":0,"market_com_sale_price":0,"market_com_active":false,"market_com_url":null,"market_com_parent_url":"","market_com_tax_rate":0,"market_com_price_inc_tax":0,"market_com_sale_price_inc_tax":0,"acf":[],"_links":{"self":[{"href":"https:\/\/www.pharmacy4pets.nl\/be\/wp-json\/wp\/v2\/product\/118953","targetHints":{"allow":["GET"]}}],"collection":[{"href":"https:\/\/www.pharmacy4pets.nl\/be\/wp-json\/wp\/v2\/product"}],"about":[{"href":"https:\/\/www.pharmacy4pets.nl\/be\/wp-json\/wp\/v2\/types\/product"}],"replies":[{"embeddable":true,"href":"https:\/\/www.pharmacy4pets.nl\/be\/wp-json\/wp\/v2\/comments?post=118953"}],"wp:featuredmedia":[{"embeddable":true,"href":"https:\/\/www.pharmacy4pets.nl\/be\/wp-json\/wp\/v2\/media\/118952"}],"wp:attachment":[{"href":"https:\/\/www.pharmacy4pets.nl\/be\/wp-json\/wp\/v2\/media?parent=118953"}],"wp:term":[{"taxonomy":"product_brand","embeddable":true,"href":"https:\/\/www.pharmacy4pets.nl\/be\/wp-json\/wp\/v2\/product_brand?post=118953"},{"taxonomy":"product_cat","embeddable":true,"href":"https:\/\/www.pharmacy4pets.nl\/be\/wp-json\/wp\/v2\/product_cat?post=118953"},{"taxonomy":"product_tag","embeddable":true,"href":"https:\/\/www.pharmacy4pets.nl\/be\/wp-json\/wp\/v2\/product_tag?post=118953"}],"curies":[{"name":"wp","href":"https:\/\/api.w.org\/{rel}","templated":true}]}}