{"id":118937,"date":"2018-10-18T12:42:37","date_gmt":"2018-10-18T12:42:37","guid":{"rendered":"https:\/\/p4p.test\/aesculap-scheerkop-favorita"},"modified":"2026-03-25T12:00:02","modified_gmt":"2026-03-25T12:00:02","slug":"aesculap-scheerkop-favorita","status":"publish","type":"product","link":"https:\/\/www.pharmacy4pets.nl\/be\/aesculap-scheerkop-favorita","title":{"rendered":"Aesculap scheerkop Favorita"},"content":{"rendered":"<p style=\"text-align: justify;\">De Aesculap scheerkoppen Favorita passen op de Aesculap tondeuse Favorita II GT104. De Aesculap tondeuses worden vaak gebruikt in dierenartsenpraktijken en trimsalons. De Aesculap Favorita scheerkoppen worden los geleverd van de Aesculap tondeuse Favorita II GT104.<\/p>\n<p><span style=\"color: #ff0000;\"><strong>Let op: dit artikel heeft een langere levertijd.&nbsp;<\/strong><\/span><\/p>\n","protected":false},"excerpt":{"rendered":"<p>De Aesculap scheerkoppen Favorita passen op de Aesculap tondeuse Favorita II GT104. De Aesculap tondeuses worden vaak gebruikt in dierenartsenpraktijken en trimsalons. De Aesculap Favorita scheerkoppen worden los geleverd van de Aesculap tondeuse Favorita II GT104. Let op: dit artikel heeft een langere levertijd.&nbsp;<\/p>\n","protected":false},"featured_media":118936,"comment_status":"open","ping_status":"closed","template":"","meta":{"_acf_changed":false,"_nl_post_content":"<p style=\"text-align: justify;\">De Aesculap scheerkoppen Favorita passen op de Aesculap tondeuse Favorita II GT104. De Aesculap tondeuses worden vaak gebruikt in dierenartsenpraktijken en trimsalons. De Aesculap Favorita scheerkoppen worden los geleverd van de Aesculap tondeuse Favorita II GT104.<br \/><br \/><span style=\"color: #ff0000;\"><strong>Let op: dit artikel heeft een langere levertijd.&nbsp;<\/strong><\/span><\/p>","_nl_post_name":"aesculap-scheerkop-favorita","_nl_post_excerpt":"","_nl_post_title":"Aesculap scheerkop Favorita","_en_post_content":"<p style=\"text-align: justify;\">The Aesculap clipping heads Favorita fit on the Aesculap clippers Favorita II GT104. The Aesculap clippers are often used in veterinary practices and grooming salons. The Aesculap Favorita clipping heads are supplied separately from the Aesculap clippers Favorita II GT104.<\/p>\r\n<p style=\"text-align: justify;\"><strong><span style=\"color: #ff0000;\">Please note: this item has an extended time of delivery.<\/span><\/strong><\/p>","_en_post_name":"aesculap-clipping-head-favorita","_en_post_excerpt":"","_en_post_title":"Aesculap clipping head Favorita","_de_post_content":"<p style=\"text-align: justify;\">Die Aesculap Scherk&ouml;pfe Favorita passen auf die Aesculap Schermaschine Favorita II GT104. Die Aesculap Schermaschine wird h&auml;ufig in Tierarztpraxen und Pflegeeinrichtungen eingesetzt. Die Aesculap Favorita Scherk&ouml;pfe werden separat von die Aesculap Schermaschine Favorita II GT104 geliefert.<\/p>\r\n<p style=\"text-align: justify;\"><span style=\"color: #ff0000;\"><strong>Bitte beachten Sie: Dieses Produkt hat eine l&auml;ngere Lieferzeit.<\/strong><\/span><\/p>","_de_post_name":"aesculap-scherkopf-favorita","_de_post_excerpt":"","_de_post_title":"Aesculap Scherkopf Favorita","_fr_post_content":"<p style=\"text-align: justify;\">Les t\u00eates de rasage Aesculap Favorita s'adaptent \u00e0 la tondeuse Aesculap Favorita II GT104. Les tondeuses d'Aesculap sont souvent utilis\u00e9es dans les cabinets v\u00e9t\u00e9rinaires et les salons de toilettage. Les t\u00eates de rasage Aesculap Favorita sont fournies s\u00e9par\u00e9ment de la tondeuse Aesculap Favorita II GT104.<br \/><br \/><\/p>\r\n<p style=\"text-align: justify;\"><span style=\"color: #ff0000;\"><strong>Attention : ce produit \u00e0 un d\u00e9lai de livraison plus long<\/strong><\/span><\/p>","_fr_post_name":"aesculap-tete-rasage-favorita","_fr_post_excerpt":"","_fr_post_title":"Aesculap t\u00eate de rasage Favorita","_es_post_content":"<p style=\"text-align: justify;\">Los cabezales Aesculap Favorita encajan en la m&aacute;quina cortapelo Aesculap Favorita II GT104. Las m&aacute;quinas de Aesculap se utilizan principalmente en las cl&iacute;nicas veterinarias y en las peluquer&iacute;as de mascotas. Los cabezales Aesculap Favorita se suministran por separado de la m&aacute;quina cortapelo Aesculap Favorita II GT104.<br \/><br \/><span style=\"color: #ff0000;\"><strong>Nota: este art&iacute;culo tiene un plazo de entrega m&aacute;s largo.&nbsp;<\/strong><\/span><\/p>","_es_post_name":"aesculap-cabezal-favorita","_es_post_excerpt":"","_es_post_title":"Cabezal Aesculap Favorita","edit_language":"nl"},"product_brand":[],"product_cat":[1902,1891,1861,1117,1118,1857,2124,2132,1893,1863],"product_tag":[],"class_list":{"0":"post-118937","1":"product","2":"type-product","3":"status-publish","4":"has-post-thumbnail","6":"product_cat-aesculap","7":"product_cat-benodigdheden","9":"product_cat-honden","10":"product_cat-katten","11":"product_cat-merken","12":"product_cat-tondeuses","14":"product_cat-verzorging","16":"pa_aandoening-huid_vacht","17":"pa_doeldier-hond","18":"pa_doeldier-kat","19":"pa_fabricatieland-duitsland","20":"pa_merkfilter-aesculap","21":"pa_merkgroep-aesculap","22":"pa_productsoort-overig","23":"pa_seo_canonical_store_id-not_found_value","24":"pa_seo_category-not_found_value","25":"pa_seo_meta_robots-not_found_value","26":"pa_toedieningswijze-scheerkop","27":"pa_werkzamestof-overig","29":"first","30":"instock","31":"taxable","32":"shipping-taxable","33":"product-type-grouped"},"yoast_head":"<!-- This site is optimized with the Yoast SEO plugin v27.5 - https:\/\/yoast.com\/product\/yoast-seo-wordpress\/ -->\n<title>Aesculap scheerkop Favorita - Pharmacy4pets<\/title>\n<meta name=\"robots\" content=\"index, follow, max-snippet:-1, max-image-preview:large, max-video-preview:-1\" \/>\n<link rel=\"canonical\" href=\"https:\/\/www.pharmacy4pets.nl\/aesculap-scheerkop-favorita\" \/>\n<meta property=\"og:locale\" content=\"nl_NL\" \/>\n<meta property=\"og:type\" content=\"article\" \/>\n<meta property=\"og:title\" content=\"Aesculap scheerkop Favorita - Pharmacy4pets\" \/>\n<meta property=\"og:description\" content=\"De Aesculap scheerkoppen Favorita passen op de Aesculap tondeuse Favorita II GT104. De Aesculap tondeuses worden vaak gebruikt in dierenartsenpraktijken en trimsalons. De Aesculap Favorita scheerkoppen worden los geleverd van de Aesculap tondeuse Favorita II GT104. Let op: dit artikel heeft een langere levertijd.&nbsp;\" \/>\n<meta property=\"og:url\" content=\"https:\/\/www.pharmacy4pets.nl\/aesculap-scheerkop-favorita\" \/>\n<meta property=\"og:site_name\" content=\"Pharmacy4pets\" \/>\n<meta property=\"article:publisher\" content=\"https:\/\/www.facebook.com\/people\/Pharmacy4petsnl\/100063484989896\/\" \/>\n<meta property=\"article:modified_time\" content=\"2026-03-25T12:00:02+00:00\" \/>\n<meta property=\"og:image\" content=\"https:\/\/www.pharmacy4pets.nl\/wp-content\/uploads\/2018\/10\/24322_1.jpg\" \/>\n\t<meta property=\"og:image:width\" content=\"600\" \/>\n\t<meta property=\"og:image:height\" content=\"330\" \/>\n\t<meta property=\"og:image:type\" content=\"image\/jpeg\" \/>\n<meta name=\"twitter:card\" content=\"summary_large_image\" \/>\n<script type=\"application\/ld+json\" class=\"yoast-schema-graph\">{\"@context\":\"https:\\\/\\\/schema.org\",\"@graph\":[{\"@type\":\"WebPage\",\"@id\":\"https:\\\/\\\/www.pharmacy4pets.nl\\\/aesculap-scheerkop-favorita\",\"url\":\"https:\\\/\\\/www.pharmacy4pets.nl\\\/aesculap-scheerkop-favorita\",\"name\":\"Aesculap scheerkop Favorita - Pharmacy4pets\",\"isPartOf\":{\"@id\":\"http:\\\/\\\/www.pharmacy4pets.nl\\\/#website\"},\"primaryImageOfPage\":{\"@id\":\"https:\\\/\\\/www.pharmacy4pets.nl\\\/aesculap-scheerkop-favorita#primaryimage\"},\"image\":{\"@id\":\"https:\\\/\\\/www.pharmacy4pets.nl\\\/aesculap-scheerkop-favorita#primaryimage\"},\"thumbnailUrl\":\"https:\\\/\\\/www.pharmacy4pets.nl\\\/wp-content\\\/uploads\\\/2018\\\/10\\\/24322_1.jpg\",\"datePublished\":\"2018-10-18T12:42:37+00:00\",\"dateModified\":\"2026-03-25T12:00:02+00:00\",\"breadcrumb\":{\"@id\":\"https:\\\/\\\/www.pharmacy4pets.nl\\\/aesculap-scheerkop-favorita#breadcrumb\"},\"inLanguage\":\"nl-NL\",\"potentialAction\":[{\"@type\":\"ReadAction\",\"target\":[\"https:\\\/\\\/www.pharmacy4pets.nl\\\/aesculap-scheerkop-favorita\"]}]},{\"@type\":\"ImageObject\",\"inLanguage\":\"nl-NL\",\"@id\":\"https:\\\/\\\/www.pharmacy4pets.nl\\\/aesculap-scheerkop-favorita#primaryimage\",\"url\":\"https:\\\/\\\/www.pharmacy4pets.nl\\\/wp-content\\\/uploads\\\/2018\\\/10\\\/24322_1.jpg\",\"contentUrl\":\"https:\\\/\\\/www.pharmacy4pets.nl\\\/wp-content\\\/uploads\\\/2018\\\/10\\\/24322_1.jpg\",\"width\":600,\"height\":330,\"caption\":\"Aesculap\"},{\"@type\":\"BreadcrumbList\",\"@id\":\"https:\\\/\\\/www.pharmacy4pets.nl\\\/aesculap-scheerkop-favorita#breadcrumb\",\"itemListElement\":[{\"@type\":\"ListItem\",\"position\":1,\"name\":\"Home\",\"item\":\"https:\\\/\\\/p4p-nl.bootmine.com\\\/\"},{\"@type\":\"ListItem\",\"position\":2,\"name\":\"Winkel\",\"item\":\"https:\\\/\\\/p4p-nl.bootmine.com\\\/winkel\"},{\"@type\":\"ListItem\",\"position\":3,\"name\":\"Aesculap scheerkop Favorita\"}]},{\"@type\":\"WebSite\",\"@id\":\"http:\\\/\\\/www.pharmacy4pets.nl\\\/#website\",\"url\":\"http:\\\/\\\/www.pharmacy4pets.nl\\\/\",\"name\":\"Pharmacy4pets\",\"description\":\"Pharmacy4pets.nl is d\u00e9 online apotheek waar u terecht kunt voor alle diergeneesmiddelen, verzorgingsproducten en dieetvoeding voor uw huisdier.\",\"publisher\":{\"@id\":\"http:\\\/\\\/www.pharmacy4pets.nl\\\/#organization\"},\"potentialAction\":[{\"@type\":\"SearchAction\",\"target\":{\"@type\":\"EntryPoint\",\"urlTemplate\":\"http:\\\/\\\/www.pharmacy4pets.nl\\\/?s={search_term_string}\"},\"query-input\":{\"@type\":\"PropertyValueSpecification\",\"valueRequired\":true,\"valueName\":\"search_term_string\"}}],\"inLanguage\":\"nl-NL\"},{\"@type\":\"Organization\",\"@id\":\"http:\\\/\\\/www.pharmacy4pets.nl\\\/#organization\",\"name\":\"Pharmacy4pets\",\"url\":\"http:\\\/\\\/www.pharmacy4pets.nl\\\/\",\"logo\":{\"@type\":\"ImageObject\",\"inLanguage\":\"nl-NL\",\"@id\":\"http:\\\/\\\/www.pharmacy4pets.nl\\\/#\\\/schema\\\/logo\\\/image\\\/\",\"url\":\"https:\\\/\\\/p4p-nl.bootmine.com\\\/wp-content\\\/uploads\\\/2026\\\/03\\\/logo-pharmacy4pets.png\",\"contentUrl\":\"https:\\\/\\\/p4p-nl.bootmine.com\\\/wp-content\\\/uploads\\\/2026\\\/03\\\/logo-pharmacy4pets.png\",\"width\":1024,\"height\":135,\"caption\":\"Pharmacy4pets\"},\"image\":{\"@id\":\"http:\\\/\\\/www.pharmacy4pets.nl\\\/#\\\/schema\\\/logo\\\/image\\\/\"},\"sameAs\":[\"https:\\\/\\\/www.facebook.com\\\/people\\\/Pharmacy4petsnl\\\/100063484989896\\\/\",\"https:\\\/\\\/www.youtube.com\\\/channel\\\/UCGPTIgucgli03tP2_kvLkHg\\\/featured\",\"https:\\\/\\\/www.instagram.com\\\/pharmacy4pets.nl\"]}]}<\/script>\n<!-- \/ Yoast SEO plugin. -->","yoast_head_json":{"title":"Aesculap scheerkop Favorita - Pharmacy4pets","robots":{"index":"index","follow":"follow","max-snippet":"max-snippet:-1","max-image-preview":"max-image-preview:large","max-video-preview":"max-video-preview:-1"},"canonical":"https:\/\/www.pharmacy4pets.nl\/aesculap-scheerkop-favorita","og_locale":"nl_NL","og_type":"article","og_title":"Aesculap scheerkop Favorita - Pharmacy4pets","og_description":"De Aesculap scheerkoppen Favorita passen op de Aesculap tondeuse Favorita II GT104. De Aesculap tondeuses worden vaak gebruikt in dierenartsenpraktijken en trimsalons. De Aesculap Favorita scheerkoppen worden los geleverd van de Aesculap tondeuse Favorita II GT104. Let op: dit artikel heeft een langere levertijd.&nbsp;","og_url":"https:\/\/www.pharmacy4pets.nl\/aesculap-scheerkop-favorita","og_site_name":"Pharmacy4pets","article_publisher":"https:\/\/www.facebook.com\/people\/Pharmacy4petsnl\/100063484989896\/","article_modified_time":"2026-03-25T12:00:02+00:00","og_image":[{"width":600,"height":330,"url":"https:\/\/www.pharmacy4pets.nl\/wp-content\/uploads\/2018\/10\/24322_1.jpg","type":"image\/jpeg"}],"twitter_card":"summary_large_image","schema":{"@context":"https:\/\/schema.org","@graph":[{"@type":"WebPage","@id":"https:\/\/www.pharmacy4pets.nl\/aesculap-scheerkop-favorita","url":"https:\/\/www.pharmacy4pets.nl\/aesculap-scheerkop-favorita","name":"Aesculap scheerkop Favorita - Pharmacy4pets","isPartOf":{"@id":"http:\/\/www.pharmacy4pets.nl\/#website"},"primaryImageOfPage":{"@id":"https:\/\/www.pharmacy4pets.nl\/aesculap-scheerkop-favorita#primaryimage"},"image":{"@id":"https:\/\/www.pharmacy4pets.nl\/aesculap-scheerkop-favorita#primaryimage"},"thumbnailUrl":"https:\/\/www.pharmacy4pets.nl\/wp-content\/uploads\/2018\/10\/24322_1.jpg","datePublished":"2018-10-18T12:42:37+00:00","dateModified":"2026-03-25T12:00:02+00:00","breadcrumb":{"@id":"https:\/\/www.pharmacy4pets.nl\/aesculap-scheerkop-favorita#breadcrumb"},"inLanguage":"nl-NL","potentialAction":[{"@type":"ReadAction","target":["https:\/\/www.pharmacy4pets.nl\/aesculap-scheerkop-favorita"]}]},{"@type":"ImageObject","inLanguage":"nl-NL","@id":"https:\/\/www.pharmacy4pets.nl\/aesculap-scheerkop-favorita#primaryimage","url":"https:\/\/www.pharmacy4pets.nl\/wp-content\/uploads\/2018\/10\/24322_1.jpg","contentUrl":"https:\/\/www.pharmacy4pets.nl\/wp-content\/uploads\/2018\/10\/24322_1.jpg","width":600,"height":330,"caption":"Aesculap"},{"@type":"BreadcrumbList","@id":"https:\/\/www.pharmacy4pets.nl\/aesculap-scheerkop-favorita#breadcrumb","itemListElement":[{"@type":"ListItem","position":1,"name":"Home","item":"https:\/\/p4p-nl.bootmine.com\/"},{"@type":"ListItem","position":2,"name":"Winkel","item":"https:\/\/p4p-nl.bootmine.com\/winkel"},{"@type":"ListItem","position":3,"name":"Aesculap scheerkop Favorita"}]},{"@type":"WebSite","@id":"http:\/\/www.pharmacy4pets.nl\/#website","url":"http:\/\/www.pharmacy4pets.nl\/","name":"Pharmacy4pets","description":"Pharmacy4pets.nl is d\u00e9 online apotheek waar u terecht kunt voor alle diergeneesmiddelen, verzorgingsproducten en dieetvoeding voor uw huisdier.","publisher":{"@id":"http:\/\/www.pharmacy4pets.nl\/#organization"},"potentialAction":[{"@type":"SearchAction","target":{"@type":"EntryPoint","urlTemplate":"http:\/\/www.pharmacy4pets.nl\/?s={search_term_string}"},"query-input":{"@type":"PropertyValueSpecification","valueRequired":true,"valueName":"search_term_string"}}],"inLanguage":"nl-NL"},{"@type":"Organization","@id":"http:\/\/www.pharmacy4pets.nl\/#organization","name":"Pharmacy4pets","url":"http:\/\/www.pharmacy4pets.nl\/","logo":{"@type":"ImageObject","inLanguage":"nl-NL","@id":"http:\/\/www.pharmacy4pets.nl\/#\/schema\/logo\/image\/","url":"https:\/\/p4p-nl.bootmine.com\/wp-content\/uploads\/2026\/03\/logo-pharmacy4pets.png","contentUrl":"https:\/\/p4p-nl.bootmine.com\/wp-content\/uploads\/2026\/03\/logo-pharmacy4pets.png","width":1024,"height":135,"caption":"Pharmacy4pets"},"image":{"@id":"http:\/\/www.pharmacy4pets.nl\/#\/schema\/logo\/image\/"},"sameAs":["https:\/\/www.facebook.com\/people\/Pharmacy4petsnl\/100063484989896\/","https:\/\/www.youtube.com\/channel\/UCGPTIgucgli03tP2_kvLkHg\/featured","https:\/\/www.instagram.com\/pharmacy4pets.nl"]}]}},"market_data":{"nl":{"price":0,"sale_price":0,"active":false,"url":null,"parent_url":"","tax_rate":0,"price_inc_tax":0,"sale_price_inc_tax":0},"de":{"price":0,"sale_price":0,"active":false,"url":null,"parent_url":"","tax_rate":0,"price_inc_tax":0,"sale_price_inc_tax":0},"be":{"price":0,"sale_price":0,"active":false,"url":null,"parent_url":"","tax_rate":0,"price_inc_tax":0,"sale_price_inc_tax":0},"fr":{"price":0,"sale_price":0,"active":false,"url":null,"parent_url":"","tax_rate":0,"price_inc_tax":0,"sale_price_inc_tax":0},"ch":{"price":0,"sale_price":0,"active":false,"url":null,"parent_url":"","tax_rate":0,"price_inc_tax":0,"sale_price_inc_tax":0},"at":{"price":0,"sale_price":0,"active":false,"url":null,"parent_url":"","tax_rate":0,"price_inc_tax":0,"sale_price_inc_tax":0},"es":{"price":0,"sale_price":0,"active":false,"url":null,"parent_url":"","tax_rate":0,"price_inc_tax":0,"sale_price_inc_tax":0},"dk":{"price":0,"sale_price":0,"active":false,"url":null,"parent_url":"","tax_rate":0,"price_inc_tax":0,"sale_price_inc_tax":0},"com":{"price":0,"sale_price":0,"active":false,"url":null,"parent_url":"","tax_rate":0,"price_inc_tax":0,"sale_price_inc_tax":0}},"market_nl_price":0,"market_nl_sale_price":0,"market_nl_active":false,"market_nl_url":null,"market_nl_parent_url":"","market_nl_tax_rate":0,"market_nl_price_inc_tax":0,"market_nl_sale_price_inc_tax":0,"market_de_price":0,"market_de_sale_price":0,"market_de_active":false,"market_de_url":null,"market_de_parent_url":"","market_de_tax_rate":0,"market_de_price_inc_tax":0,"market_de_sale_price_inc_tax":0,"market_be_price":0,"market_be_sale_price":0,"market_be_active":false,"market_be_url":null,"market_be_parent_url":"","market_be_tax_rate":0,"market_be_price_inc_tax":0,"market_be_sale_price_inc_tax":0,"market_fr_price":0,"market_fr_sale_price":0,"market_fr_active":false,"market_fr_url":null,"market_fr_parent_url":"","market_fr_tax_rate":0,"market_fr_price_inc_tax":0,"market_fr_sale_price_inc_tax":0,"market_ch_price":0,"market_ch_sale_price":0,"market_ch_active":false,"market_ch_url":null,"market_ch_parent_url":"","market_ch_tax_rate":0,"market_ch_price_inc_tax":0,"market_ch_sale_price_inc_tax":0,"market_at_price":0,"market_at_sale_price":0,"market_at_active":false,"market_at_url":null,"market_at_parent_url":"","market_at_tax_rate":0,"market_at_price_inc_tax":0,"market_at_sale_price_inc_tax":0,"market_es_price":0,"market_es_sale_price":0,"market_es_active":false,"market_es_url":null,"market_es_parent_url":"","market_es_tax_rate":0,"market_es_price_inc_tax":0,"market_es_sale_price_inc_tax":0,"market_dk_price":0,"market_dk_sale_price":0,"market_dk_active":false,"market_dk_url":null,"market_dk_parent_url":"","market_dk_tax_rate":0,"market_dk_price_inc_tax":0,"market_dk_sale_price_inc_tax":0,"market_com_price":0,"market_com_sale_price":0,"market_com_active":false,"market_com_url":null,"market_com_parent_url":"","market_com_tax_rate":0,"market_com_price_inc_tax":0,"market_com_sale_price_inc_tax":0,"acf":[],"_links":{"self":[{"href":"https:\/\/www.pharmacy4pets.nl\/be\/wp-json\/wp\/v2\/product\/118937","targetHints":{"allow":["GET"]}}],"collection":[{"href":"https:\/\/www.pharmacy4pets.nl\/be\/wp-json\/wp\/v2\/product"}],"about":[{"href":"https:\/\/www.pharmacy4pets.nl\/be\/wp-json\/wp\/v2\/types\/product"}],"replies":[{"embeddable":true,"href":"https:\/\/www.pharmacy4pets.nl\/be\/wp-json\/wp\/v2\/comments?post=118937"}],"wp:featuredmedia":[{"embeddable":true,"href":"https:\/\/www.pharmacy4pets.nl\/be\/wp-json\/wp\/v2\/media\/118936"}],"wp:attachment":[{"href":"https:\/\/www.pharmacy4pets.nl\/be\/wp-json\/wp\/v2\/media?parent=118937"}],"wp:term":[{"taxonomy":"product_brand","embeddable":true,"href":"https:\/\/www.pharmacy4pets.nl\/be\/wp-json\/wp\/v2\/product_brand?post=118937"},{"taxonomy":"product_cat","embeddable":true,"href":"https:\/\/www.pharmacy4pets.nl\/be\/wp-json\/wp\/v2\/product_cat?post=118937"},{"taxonomy":"product_tag","embeddable":true,"href":"https:\/\/www.pharmacy4pets.nl\/be\/wp-json\/wp\/v2\/product_tag?post=118937"}],"curies":[{"name":"wp","href":"https:\/\/api.w.org\/{rel}","templated":true}]}}