{"id":118915,"date":"2018-10-04T12:33:30","date_gmt":"2018-10-04T12:33:30","guid":{"rendered":"https:\/\/p4p.test\/zylkene-chews"},"modified":"2026-03-25T11:59:55","modified_gmt":"2026-03-25T11:59:55","slug":"zylkene-chews","status":"publish","type":"product","link":"https:\/\/www.pharmacy4pets.nl\/be\/zylkene-chews","title":{"rendered":"Zylkene chews"},"content":{"rendered":"<p style=\"text-align: justify;\">Zylkene chews is een aanvullend diervoer voor honden dat ze helpt om beter om te gaan met angst of stressvolle situaties, zoals een verhuizing of bij vuurwerkangst. De dosering van Zylkene chews wordt als volgt geadviseerd:<\/p>\n<table border=\"1\">\n<thead>\n<tr>\n<td colspan=\"3\">\n<p class=\"bold\" style=\"text-align: center;\"><strong>Dosering<\/strong><\/p>\n<\/td>\n<\/tr>\n<\/thead>\n<tbody>\n<tr>\n<td><strong><em>Gewicht van hond<br \/><\/em><\/strong><\/td>\n<td><strong><em>Verpakkingsgrootte\u00a0<\/em><\/strong><\/td>\n<td><strong><em>Aantal per dag<\/em><\/strong><\/td>\n<\/tr>\n<tr>\n<td>tot 5 kg<\/td>\n<td>Zylkene 75mg<\/td>\n<td>1 tablet<\/td>\n<\/tr>\n<tr>\n<td>5 &#8211; 10 kg<\/td>\n<td>Zylkene 75mg<\/td>\n<td>2 tabletten<\/td>\n<\/tr>\n<tr>\n<td>10 &#8211; 15 kg<\/td>\n<td>Zylkene 225mg<\/td>\n<td>1 tablet<\/td>\n<\/tr>\n<tr>\n<td>15 &#8211; 30 kg<\/td>\n<td>Zylkene 225mg<\/td>\n<td>2 tabletten<\/td>\n<\/tr>\n<tr>\n<td>15 &#8211; 30 kg<\/td>\n<td>Zylkene 450mg<\/td>\n<td>1 tablet<\/td>\n<\/tr>\n<tr>\n<td>30 &#8211; 60 kg<\/td>\n<td>Zylkene 450mg<\/td>\n<td>2 tabletten<\/td>\n<\/tr>\n<\/tbody>\n<\/table>\n","protected":false},"excerpt":{"rendered":"<p>Zylkene chews is een aanvullend diervoer voor honden dat ze helpt om beter om te gaan met angst of stressvolle situaties, zoals een verhuizing of bij vuurwerkangst. De dosering van Zylkene chews wordt als volgt geadviseerd: Dosering Gewicht van hond Verpakkingsgrootte\u00a0 Aantal per dag tot 5 kg Zylkene 75mg 1 tablet 5 &#8211; 10 kg [&hellip;]<\/p>\n","protected":false},"featured_media":118911,"comment_status":"open","ping_status":"closed","template":"","meta":{"_acf_changed":false,"_nl_post_content":"<p style=\"text-align: justify;\">Zylkene chews is een aanvullend diervoer voor honden dat ze helpt om beter om te gaan met angst of stressvolle situaties, zoals een verhuizing of bij vuurwerkangst. De dosering van Zylkene chews wordt als volgt geadviseerd:<\/p>\r\n<table border=\"1\">\r\n<thead>\r\n<tr>\r\n<td colspan=\"3\">\r\n<p class=\"bold\" style=\"text-align: center;\"><strong>Dosering<\/strong><\/p>\r\n<\/td>\r\n<\/tr>\r\n<\/thead>\r\n<tbody>\r\n<tr>\r\n<td><strong><em>Gewicht van hond<br \/><\/em><\/strong><\/td>\r\n<td><strong><em>Verpakkingsgrootte\u00a0<\/em><\/strong><\/td>\r\n<td><strong><em>Aantal per dag<\/em><\/strong><\/td>\r\n<\/tr>\r\n<tr>\r\n<td>tot 5 kg<\/td>\r\n<td>Zylkene 75mg<\/td>\r\n<td>1 tablet<\/td>\r\n<\/tr>\r\n<tr>\r\n<td>5 - 10 kg<\/td>\r\n<td>Zylkene 75mg<\/td>\r\n<td>2 tabletten<\/td>\r\n<\/tr>\r\n<tr>\r\n<td>10 - 15 kg<\/td>\r\n<td>Zylkene 225mg<\/td>\r\n<td>1 tablet<\/td>\r\n<\/tr>\r\n<tr>\r\n<td>15 - 30 kg<\/td>\r\n<td>Zylkene 225mg<\/td>\r\n<td>2 tabletten<\/td>\r\n<\/tr>\r\n<tr>\r\n<td>15 - 30 kg<\/td>\r\n<td>Zylkene 450mg<\/td>\r\n<td>1 tablet<\/td>\r\n<\/tr>\r\n<tr>\r\n<td>30 - 60 kg<\/td>\r\n<td>Zylkene 450mg<\/td>\r\n<td>2 tabletten<\/td>\r\n<\/tr>\r\n<\/tbody>\r\n<\/table>","_nl_post_name":"zylkene-chews","_nl_post_excerpt":"","_nl_post_title":"Zylkene chews","_en_post_content":"<p style=\"text-align: justify;\">Zylkene\u00a0is a supplemental pet food for dogs that helps them cope better with anxiety or stressful situations, such as moving house or fireworks anxiety. The dosage of Zylkene is advised as follows:<\/p>\r\n<table border=\"1\">\r\n<thead>\r\n<tr>\r\n<td colspan=\"3\">\r\n<p class=\"bold\" style=\"text-align: center;\"><strong>Dosage<\/strong><\/p>\r\n<\/td>\r\n<\/tr>\r\n<\/thead>\r\n<tbody>\r\n<tr>\r\n<td><strong><em>Weight of dog<br \/><\/em><\/strong><\/td>\r\n<td><strong><em>Packing size<\/em><\/strong><\/td>\r\n<td><strong><em>Number per day<\/em><\/strong><\/td>\r\n<\/tr>\r\n<tr>\r\n<td>to 5 kg<\/td>\r\n<td>Zylkene 75mg<\/td>\r\n<td>1 tablet<\/td>\r\n<\/tr>\r\n<tr>\r\n<td>5 - 10 kg<\/td>\r\n<td>Zylkene 75mg<\/td>\r\n<td>2 tablets<\/td>\r\n<\/tr>\r\n<tr>\r\n<td>10 - 15 kg<\/td>\r\n<td>Zylkene 225mg<\/td>\r\n<td>1 tablet<\/td>\r\n<\/tr>\r\n<tr>\r\n<td>15 - 30 kg<\/td>\r\n<td>Zylkene 225mg<\/td>\r\n<td>2 tablets<\/td>\r\n<\/tr>\r\n<tr>\r\n<td>15 - 30 kg<\/td>\r\n<td>Zylkene 450mg<\/td>\r\n<td>1 tablet<\/td>\r\n<\/tr>\r\n<tr>\r\n<td>30 - 60 kg<\/td>\r\n<td>Zylkene 450mg<\/td>\r\n<td>2 tablets<\/td>\r\n<\/tr>\r\n<\/tbody>\r\n<\/table>","_en_post_name":"zylkene-chews","_en_post_excerpt":"","_en_post_title":"Zylkene chews","_de_post_content":"<p style=\"text-align: justify;\">Zylkene Chews ist ein erg\u00e4nzendes Tierfutter f\u00fcr Hunde, das ihnen hilft, besser mit \u00c4ngsten oder Stresssituationen umzugehen, wie zum Beispiel Umzug oder Feuerwerksangst. Die Dosierung von Zylkene wird wie folgt empfohlen:<\/p>\r\n<table border=\"1\">\r\n<thead>\r\n<tr>\r\n<td colspan=\"3\">\r\n<p class=\"bold\" style=\"text-align: center;\"><strong>Dosierung<\/strong><\/p>\r\n<\/td>\r\n<\/tr>\r\n<\/thead>\r\n<tbody>\r\n<tr>\r\n<td><strong><em>Gewicht der Hund<br \/><\/em><\/strong><\/td>\r\n<td><strong><em>Packungsgr\u00f6\u00dfe\u00a0<\/em><\/strong><\/td>\r\n<td><strong><em>Anzahl pro Tag<\/em><\/strong><\/td>\r\n<\/tr>\r\n<tr>\r\n<td>bis 5 kg<\/td>\r\n<td>Zylkene 75mg<\/td>\r\n<td>1 Tablette<\/td>\r\n<\/tr>\r\n<tr>\r\n<td>5 - 10 kg<\/td>\r\n<td>Zylkene 75mg<\/td>\r\n<td>2 Tabletten<\/td>\r\n<\/tr>\r\n<tr>\r\n<td>10 - 15 kg<\/td>\r\n<td>Zylkene 225mg<\/td>\r\n<td>1 Tablette<\/td>\r\n<\/tr>\r\n<tr>\r\n<td>15 - 30 kg<\/td>\r\n<td>Zylkene 225mg<\/td>\r\n<td>2 Tabletten<\/td>\r\n<\/tr>\r\n<tr>\r\n<td>15 - 30 kg<\/td>\r\n<td>Zylkene 450mg<\/td>\r\n<td>1 Tablette<\/td>\r\n<\/tr>\r\n<tr>\r\n<td>30 - 60 kg<\/td>\r\n<td>Zylkene 450mg<\/td>\r\n<td>2 Tabletten<\/td>\r\n<\/tr>\r\n<\/tbody>\r\n<\/table>","_de_post_name":"zylkene-chews","_de_post_excerpt":"","_de_post_title":"Zylkene Chews","_fr_post_content":"<p style=\"text-align: justify;\">Zylk\u00e8ne chews est un compl\u00e9ment alimentaire pour les chiens et aide \u00e0 mieux g\u00e9rer le stress ou les angoisses comme par exemple lors d\u2019un d\u00e9m\u00e9nagement ou de feux d\u2019artifices. Le dosage de Zylk\u00e8ne chews est conseill\u00e9 de la mani\u00e8re suivante :\u00a0<\/p>\r\n<table border=\"1\">\r\n<thead>\r\n<tr>\r\n<td colspan=\"3\">\r\n<p class=\"bold\" style=\"text-align: center;\"><strong>Dosage<\/strong><\/p>\r\n<\/td>\r\n<\/tr>\r\n<\/thead>\r\n<tbody>\r\n<tr>\r\n<td><strong><em>Poids du chien <br \/><\/em><\/strong><\/td>\r\n<td><strong><em>Emballage <br \/><\/em><\/strong><\/td>\r\n<td><strong><em>Nombre par jour<br \/><\/em><\/strong><\/td>\r\n<\/tr>\r\n<tr>\r\n<td>jusqu`\u00e0 5 kg<\/td>\r\n<td>Zylkene 75mg<\/td>\r\n<td>1 tablette<\/td>\r\n<\/tr>\r\n<tr>\r\n<td>5 - 10 kg<\/td>\r\n<td>Zylkene 75mg<\/td>\r\n<td>2 tablettes<\/td>\r\n<\/tr>\r\n<tr>\r\n<td>10 - 15 kg<\/td>\r\n<td>Zylkene 225mg<\/td>\r\n<td>1 tablette<\/td>\r\n<\/tr>\r\n<tr>\r\n<td>15 - 30 kg<\/td>\r\n<td>Zylkene 225mg<\/td>\r\n<td>2 tablettes<\/td>\r\n<\/tr>\r\n<tr>\r\n<td>15 - 30 kg<\/td>\r\n<td>Zylkene 450mg<\/td>\r\n<td>1 tablette<\/td>\r\n<\/tr>\r\n<tr>\r\n<td>30 - 60 kg<\/td>\r\n<td>Zylkene 450mg<\/td>\r\n<td>2 tablettes<\/td>\r\n<\/tr>\r\n<\/tbody>\r\n<\/table>","_fr_post_name":"zylkene-chews","_fr_post_excerpt":"","_fr_post_title":"Zylkene chews","_es_post_content":"<p style=\"text-align: justify;\">Zylkene chews es un alimento complementario para perros que les ayuda a afrontar las situaciones de miedo o de estr\u00e9s, tales como una mudanza o el miedo a los fuegos artificiales. La dosis de Zylkene chews se aconseja de la siguiente manera:<br \/><br \/><\/p>\r\n<table border=\"1\">\r\n<thead>\r\n<tr>\r\n<td colspan=\"3\">\r\n<p class=\"bold\" style=\"text-align: center;\"><strong>Dosificaci\u00f3n<\/strong><\/p>\r\n<\/td>\r\n<\/tr>\r\n<\/thead>\r\n<tbody>\r\n<tr>\r\n<td><strong><em>Peso del perro<br \/><\/em><\/strong><\/td>\r\n<td><strong><em>Envase<\/em><\/strong><\/td>\r\n<td><strong><em>c\u00e1psulas al d\u00eda<\/em><\/strong><\/td>\r\n<\/tr>\r\n<tr>\r\n<td>hasta 5 kg<\/td>\r\n<td>Zylkene 75mg<\/td>\r\n<td>1 tableta<\/td>\r\n<\/tr>\r\n<tr>\r\n<td>5 - 10 kg<\/td>\r\n<td>Zylkene 75mg<\/td>\r\n<td>2 tabletas<\/td>\r\n<\/tr>\r\n<tr>\r\n<td>10 - 15 kg<\/td>\r\n<td>Zylkene 225mg<\/td>\r\n<td>1 tableta<\/td>\r\n<\/tr>\r\n<tr>\r\n<td>15 - 30 kg<\/td>\r\n<td>Zylkene 225mg<\/td>\r\n<td>2 tabletas<\/td>\r\n<\/tr>\r\n<tr>\r\n<td>15 - 30 kg<\/td>\r\n<td>Zylkene 450mg<\/td>\r\n<td>1 tableta<\/td>\r\n<\/tr>\r\n<tr>\r\n<td>30 - 60 kg<\/td>\r\n<td>Zylkene 450mg<\/td>\r\n<td>2 tabletas<\/td>\r\n<\/tr>\r\n<\/tbody>\r\n<\/table>","_es_post_name":"zylkene-chews","_es_post_excerpt":"","_es_post_title":"Zylkene chews","edit_language":"nl"},"product_brand":[],"product_cat":[2001,1984,1117,1118,1839,1871,1857,1854,1885,1968],"product_tag":[],"class_list":{"0":"post-118915","1":"product","2":"type-product","3":"status-publish","4":"has-post-thumbnail","6":"product_cat-angst-stress","8":"product_cat-honden","9":"product_cat-katten","10":"product_cat-medicijnen-supplementen","12":"product_cat-merken","13":"product_cat-zenuwstelsel","15":"product_cat-zylkene-vetoquinol","16":"pa_aandoening-gedrag","17":"pa_doeldier-hond","18":"pa_doeldier-kat","19":"pa_fabricatieland-frankrijk","20":"pa_merkfilter-zylkene","21":"pa_merkgroep-vetoquinol","22":"pa_productsoort-voedingssupplement","23":"pa_seo_canonical_store_id-not_found_value","24":"pa_seo_category-not_found_value","25":"pa_seo_meta_robots-not_found_value","26":"pa_toedieningswijze-poeder","27":"pa_werkzamestof-overig","29":"first","30":"instock","31":"taxable","32":"shipping-taxable","33":"product-type-grouped"},"yoast_head":"<!-- This site is optimized with the Yoast SEO plugin v27.5 - https:\/\/yoast.com\/product\/yoast-seo-wordpress\/ -->\n<title>Zylkene chews - Pharmacy4pets<\/title>\n<meta name=\"robots\" content=\"index, follow, max-snippet:-1, max-image-preview:large, max-video-preview:-1\" \/>\n<link rel=\"canonical\" href=\"https:\/\/p4p-nl.bootmine.com\/%product-slug%\/zylkene-chews\" \/>\n<meta property=\"og:locale\" content=\"nl_NL\" \/>\n<meta property=\"og:type\" content=\"article\" \/>\n<meta property=\"og:title\" content=\"Zylkene chews - Pharmacy4pets\" \/>\n<meta property=\"og:description\" content=\"Zylkene chews is een aanvullend diervoer voor honden dat ze helpt om beter om te gaan met angst of stressvolle situaties, zoals een verhuizing of bij vuurwerkangst. De dosering van Zylkene chews wordt als volgt geadviseerd: Dosering Gewicht van hond Verpakkingsgrootte\u00a0 Aantal per dag tot 5 kg Zylkene 75mg 1 tablet 5 &#8211; 10 kg [&hellip;]\" \/>\n<meta property=\"og:url\" content=\"https:\/\/p4p-nl.bootmine.com\/%product-slug%\/zylkene-chews\" \/>\n<meta property=\"og:site_name\" content=\"Pharmacy4pets\" \/>\n<meta property=\"article:publisher\" content=\"https:\/\/www.facebook.com\/people\/Pharmacy4petsnl\/100063484989896\/\" \/>\n<meta property=\"article:modified_time\" content=\"2026-03-25T11:59:55+00:00\" \/>\n<meta property=\"og:image\" content=\"https:\/\/p4p-nl.bootmine.com\/wp-content\/uploads\/2018\/10\/zylkene_chews_2.jpg\" \/>\n\t<meta property=\"og:image:width\" content=\"1000\" \/>\n\t<meta property=\"og:image:height\" content=\"1000\" \/>\n\t<meta property=\"og:image:type\" content=\"image\/jpeg\" \/>\n<meta name=\"twitter:card\" content=\"summary_large_image\" \/>\n<script type=\"application\/ld+json\" class=\"yoast-schema-graph\">{\"@context\":\"https:\\\/\\\/schema.org\",\"@graph\":[{\"@type\":\"WebPage\",\"@id\":\"https:\\\/\\\/p4p-nl.bootmine.com\\\/%product-slug%\\\/zylkene-chews\",\"url\":\"https:\\\/\\\/p4p-nl.bootmine.com\\\/%product-slug%\\\/zylkene-chews\",\"name\":\"Zylkene chews - Pharmacy4pets\",\"isPartOf\":{\"@id\":\"http:\\\/\\\/www.pharmacy4pets.nl\\\/#website\"},\"primaryImageOfPage\":{\"@id\":\"https:\\\/\\\/p4p-nl.bootmine.com\\\/%product-slug%\\\/zylkene-chews#primaryimage\"},\"image\":{\"@id\":\"https:\\\/\\\/p4p-nl.bootmine.com\\\/%product-slug%\\\/zylkene-chews#primaryimage\"},\"thumbnailUrl\":\"https:\\\/\\\/www.pharmacy4pets.nl\\\/wp-content\\\/uploads\\\/2018\\\/10\\\/zylkene_chews_2.jpg\",\"datePublished\":\"2018-10-04T12:33:30+00:00\",\"dateModified\":\"2026-03-25T11:59:55+00:00\",\"breadcrumb\":{\"@id\":\"https:\\\/\\\/p4p-nl.bootmine.com\\\/%product-slug%\\\/zylkene-chews#breadcrumb\"},\"inLanguage\":\"nl-NL\",\"potentialAction\":[{\"@type\":\"ReadAction\",\"target\":[\"https:\\\/\\\/p4p-nl.bootmine.com\\\/%product-slug%\\\/zylkene-chews\"]}]},{\"@type\":\"ImageObject\",\"inLanguage\":\"nl-NL\",\"@id\":\"https:\\\/\\\/p4p-nl.bootmine.com\\\/%product-slug%\\\/zylkene-chews#primaryimage\",\"url\":\"https:\\\/\\\/www.pharmacy4pets.nl\\\/wp-content\\\/uploads\\\/2018\\\/10\\\/zylkene_chews_2.jpg\",\"contentUrl\":\"https:\\\/\\\/www.pharmacy4pets.nl\\\/wp-content\\\/uploads\\\/2018\\\/10\\\/zylkene_chews_2.jpg\",\"width\":1000,\"height\":1000,\"caption\":\"Zylkene Chews\"},{\"@type\":\"BreadcrumbList\",\"@id\":\"https:\\\/\\\/p4p-nl.bootmine.com\\\/%product-slug%\\\/zylkene-chews#breadcrumb\",\"itemListElement\":[{\"@type\":\"ListItem\",\"position\":1,\"name\":\"Home\",\"item\":\"https:\\\/\\\/p4p-nl.bootmine.com\\\/\"},{\"@type\":\"ListItem\",\"position\":2,\"name\":\"Winkel\",\"item\":\"https:\\\/\\\/p4p-nl.bootmine.com\\\/winkel\"},{\"@type\":\"ListItem\",\"position\":3,\"name\":\"Zylkene chews\"}]},{\"@type\":\"WebSite\",\"@id\":\"http:\\\/\\\/www.pharmacy4pets.nl\\\/#website\",\"url\":\"http:\\\/\\\/www.pharmacy4pets.nl\\\/\",\"name\":\"Pharmacy4pets\",\"description\":\"Pharmacy4pets.nl is d\u00e9 online apotheek waar u terecht kunt voor alle diergeneesmiddelen, verzorgingsproducten en dieetvoeding voor uw huisdier.\",\"publisher\":{\"@id\":\"http:\\\/\\\/www.pharmacy4pets.nl\\\/#organization\"},\"potentialAction\":[{\"@type\":\"SearchAction\",\"target\":{\"@type\":\"EntryPoint\",\"urlTemplate\":\"http:\\\/\\\/www.pharmacy4pets.nl\\\/?s={search_term_string}\"},\"query-input\":{\"@type\":\"PropertyValueSpecification\",\"valueRequired\":true,\"valueName\":\"search_term_string\"}}],\"inLanguage\":\"nl-NL\"},{\"@type\":\"Organization\",\"@id\":\"http:\\\/\\\/www.pharmacy4pets.nl\\\/#organization\",\"name\":\"Pharmacy4pets\",\"url\":\"http:\\\/\\\/www.pharmacy4pets.nl\\\/\",\"logo\":{\"@type\":\"ImageObject\",\"inLanguage\":\"nl-NL\",\"@id\":\"http:\\\/\\\/www.pharmacy4pets.nl\\\/#\\\/schema\\\/logo\\\/image\\\/\",\"url\":\"https:\\\/\\\/p4p-nl.bootmine.com\\\/wp-content\\\/uploads\\\/2026\\\/03\\\/logo-pharmacy4pets.png\",\"contentUrl\":\"https:\\\/\\\/p4p-nl.bootmine.com\\\/wp-content\\\/uploads\\\/2026\\\/03\\\/logo-pharmacy4pets.png\",\"width\":1024,\"height\":135,\"caption\":\"Pharmacy4pets\"},\"image\":{\"@id\":\"http:\\\/\\\/www.pharmacy4pets.nl\\\/#\\\/schema\\\/logo\\\/image\\\/\"},\"sameAs\":[\"https:\\\/\\\/www.facebook.com\\\/people\\\/Pharmacy4petsnl\\\/100063484989896\\\/\",\"https:\\\/\\\/www.youtube.com\\\/channel\\\/UCGPTIgucgli03tP2_kvLkHg\\\/featured\",\"https:\\\/\\\/www.instagram.com\\\/pharmacy4pets.nl\"]}]}<\/script>\n<!-- \/ Yoast SEO plugin. -->","yoast_head_json":{"title":"Zylkene chews - Pharmacy4pets","robots":{"index":"index","follow":"follow","max-snippet":"max-snippet:-1","max-image-preview":"max-image-preview:large","max-video-preview":"max-video-preview:-1"},"canonical":"https:\/\/p4p-nl.bootmine.com\/%product-slug%\/zylkene-chews","og_locale":"nl_NL","og_type":"article","og_title":"Zylkene chews - Pharmacy4pets","og_description":"Zylkene chews is een aanvullend diervoer voor honden dat ze helpt om beter om te gaan met angst of stressvolle situaties, zoals een verhuizing of bij vuurwerkangst. De dosering van Zylkene chews wordt als volgt geadviseerd: Dosering Gewicht van hond Verpakkingsgrootte\u00a0 Aantal per dag tot 5 kg Zylkene 75mg 1 tablet 5 &#8211; 10 kg [&hellip;]","og_url":"https:\/\/p4p-nl.bootmine.com\/%product-slug%\/zylkene-chews","og_site_name":"Pharmacy4pets","article_publisher":"https:\/\/www.facebook.com\/people\/Pharmacy4petsnl\/100063484989896\/","article_modified_time":"2026-03-25T11:59:55+00:00","og_image":[{"width":1000,"height":1000,"url":"https:\/\/p4p-nl.bootmine.com\/wp-content\/uploads\/2018\/10\/zylkene_chews_2.jpg","type":"image\/jpeg"}],"twitter_card":"summary_large_image","schema":{"@context":"https:\/\/schema.org","@graph":[{"@type":"WebPage","@id":"https:\/\/p4p-nl.bootmine.com\/%product-slug%\/zylkene-chews","url":"https:\/\/p4p-nl.bootmine.com\/%product-slug%\/zylkene-chews","name":"Zylkene chews - Pharmacy4pets","isPartOf":{"@id":"http:\/\/www.pharmacy4pets.nl\/#website"},"primaryImageOfPage":{"@id":"https:\/\/p4p-nl.bootmine.com\/%product-slug%\/zylkene-chews#primaryimage"},"image":{"@id":"https:\/\/p4p-nl.bootmine.com\/%product-slug%\/zylkene-chews#primaryimage"},"thumbnailUrl":"https:\/\/www.pharmacy4pets.nl\/wp-content\/uploads\/2018\/10\/zylkene_chews_2.jpg","datePublished":"2018-10-04T12:33:30+00:00","dateModified":"2026-03-25T11:59:55+00:00","breadcrumb":{"@id":"https:\/\/p4p-nl.bootmine.com\/%product-slug%\/zylkene-chews#breadcrumb"},"inLanguage":"nl-NL","potentialAction":[{"@type":"ReadAction","target":["https:\/\/p4p-nl.bootmine.com\/%product-slug%\/zylkene-chews"]}]},{"@type":"ImageObject","inLanguage":"nl-NL","@id":"https:\/\/p4p-nl.bootmine.com\/%product-slug%\/zylkene-chews#primaryimage","url":"https:\/\/www.pharmacy4pets.nl\/wp-content\/uploads\/2018\/10\/zylkene_chews_2.jpg","contentUrl":"https:\/\/www.pharmacy4pets.nl\/wp-content\/uploads\/2018\/10\/zylkene_chews_2.jpg","width":1000,"height":1000,"caption":"Zylkene Chews"},{"@type":"BreadcrumbList","@id":"https:\/\/p4p-nl.bootmine.com\/%product-slug%\/zylkene-chews#breadcrumb","itemListElement":[{"@type":"ListItem","position":1,"name":"Home","item":"https:\/\/p4p-nl.bootmine.com\/"},{"@type":"ListItem","position":2,"name":"Winkel","item":"https:\/\/p4p-nl.bootmine.com\/winkel"},{"@type":"ListItem","position":3,"name":"Zylkene chews"}]},{"@type":"WebSite","@id":"http:\/\/www.pharmacy4pets.nl\/#website","url":"http:\/\/www.pharmacy4pets.nl\/","name":"Pharmacy4pets","description":"Pharmacy4pets.nl is d\u00e9 online apotheek waar u terecht kunt voor alle diergeneesmiddelen, verzorgingsproducten en dieetvoeding voor uw huisdier.","publisher":{"@id":"http:\/\/www.pharmacy4pets.nl\/#organization"},"potentialAction":[{"@type":"SearchAction","target":{"@type":"EntryPoint","urlTemplate":"http:\/\/www.pharmacy4pets.nl\/?s={search_term_string}"},"query-input":{"@type":"PropertyValueSpecification","valueRequired":true,"valueName":"search_term_string"}}],"inLanguage":"nl-NL"},{"@type":"Organization","@id":"http:\/\/www.pharmacy4pets.nl\/#organization","name":"Pharmacy4pets","url":"http:\/\/www.pharmacy4pets.nl\/","logo":{"@type":"ImageObject","inLanguage":"nl-NL","@id":"http:\/\/www.pharmacy4pets.nl\/#\/schema\/logo\/image\/","url":"https:\/\/p4p-nl.bootmine.com\/wp-content\/uploads\/2026\/03\/logo-pharmacy4pets.png","contentUrl":"https:\/\/p4p-nl.bootmine.com\/wp-content\/uploads\/2026\/03\/logo-pharmacy4pets.png","width":1024,"height":135,"caption":"Pharmacy4pets"},"image":{"@id":"http:\/\/www.pharmacy4pets.nl\/#\/schema\/logo\/image\/"},"sameAs":["https:\/\/www.facebook.com\/people\/Pharmacy4petsnl\/100063484989896\/","https:\/\/www.youtube.com\/channel\/UCGPTIgucgli03tP2_kvLkHg\/featured","https:\/\/www.instagram.com\/pharmacy4pets.nl"]}]}},"market_data":{"nl":{"price":0,"sale_price":0,"active":false,"url":null,"parent_url":"","tax_rate":0,"price_inc_tax":0,"sale_price_inc_tax":0},"de":{"price":0,"sale_price":0,"active":false,"url":null,"parent_url":"","tax_rate":0,"price_inc_tax":0,"sale_price_inc_tax":0},"be":{"price":0,"sale_price":0,"active":false,"url":null,"parent_url":"","tax_rate":0,"price_inc_tax":0,"sale_price_inc_tax":0},"fr":{"price":0,"sale_price":0,"active":false,"url":null,"parent_url":"","tax_rate":0,"price_inc_tax":0,"sale_price_inc_tax":0},"ch":{"price":0,"sale_price":0,"active":false,"url":null,"parent_url":"","tax_rate":0,"price_inc_tax":0,"sale_price_inc_tax":0},"at":{"price":0,"sale_price":0,"active":false,"url":null,"parent_url":"","tax_rate":0,"price_inc_tax":0,"sale_price_inc_tax":0},"es":{"price":0,"sale_price":0,"active":false,"url":null,"parent_url":"","tax_rate":0,"price_inc_tax":0,"sale_price_inc_tax":0},"dk":{"price":0,"sale_price":0,"active":false,"url":null,"parent_url":"","tax_rate":0,"price_inc_tax":0,"sale_price_inc_tax":0},"com":{"price":0,"sale_price":0,"active":false,"url":null,"parent_url":"","tax_rate":0,"price_inc_tax":0,"sale_price_inc_tax":0}},"market_nl_price":0,"market_nl_sale_price":0,"market_nl_active":false,"market_nl_url":null,"market_nl_parent_url":"","market_nl_tax_rate":0,"market_nl_price_inc_tax":0,"market_nl_sale_price_inc_tax":0,"market_de_price":0,"market_de_sale_price":0,"market_de_active":false,"market_de_url":null,"market_de_parent_url":"","market_de_tax_rate":0,"market_de_price_inc_tax":0,"market_de_sale_price_inc_tax":0,"market_be_price":0,"market_be_sale_price":0,"market_be_active":false,"market_be_url":null,"market_be_parent_url":"","market_be_tax_rate":0,"market_be_price_inc_tax":0,"market_be_sale_price_inc_tax":0,"market_fr_price":0,"market_fr_sale_price":0,"market_fr_active":false,"market_fr_url":null,"market_fr_parent_url":"","market_fr_tax_rate":0,"market_fr_price_inc_tax":0,"market_fr_sale_price_inc_tax":0,"market_ch_price":0,"market_ch_sale_price":0,"market_ch_active":false,"market_ch_url":null,"market_ch_parent_url":"","market_ch_tax_rate":0,"market_ch_price_inc_tax":0,"market_ch_sale_price_inc_tax":0,"market_at_price":0,"market_at_sale_price":0,"market_at_active":false,"market_at_url":null,"market_at_parent_url":"","market_at_tax_rate":0,"market_at_price_inc_tax":0,"market_at_sale_price_inc_tax":0,"market_es_price":0,"market_es_sale_price":0,"market_es_active":false,"market_es_url":null,"market_es_parent_url":"","market_es_tax_rate":0,"market_es_price_inc_tax":0,"market_es_sale_price_inc_tax":0,"market_dk_price":0,"market_dk_sale_price":0,"market_dk_active":false,"market_dk_url":null,"market_dk_parent_url":"","market_dk_tax_rate":0,"market_dk_price_inc_tax":0,"market_dk_sale_price_inc_tax":0,"market_com_price":0,"market_com_sale_price":0,"market_com_active":false,"market_com_url":null,"market_com_parent_url":"","market_com_tax_rate":0,"market_com_price_inc_tax":0,"market_com_sale_price_inc_tax":0,"acf":[],"_links":{"self":[{"href":"https:\/\/www.pharmacy4pets.nl\/be\/wp-json\/wp\/v2\/product\/118915","targetHints":{"allow":["GET"]}}],"collection":[{"href":"https:\/\/www.pharmacy4pets.nl\/be\/wp-json\/wp\/v2\/product"}],"about":[{"href":"https:\/\/www.pharmacy4pets.nl\/be\/wp-json\/wp\/v2\/types\/product"}],"replies":[{"embeddable":true,"href":"https:\/\/www.pharmacy4pets.nl\/be\/wp-json\/wp\/v2\/comments?post=118915"}],"wp:featuredmedia":[{"embeddable":true,"href":"https:\/\/www.pharmacy4pets.nl\/be\/wp-json\/wp\/v2\/media\/118911"}],"wp:attachment":[{"href":"https:\/\/www.pharmacy4pets.nl\/be\/wp-json\/wp\/v2\/media?parent=118915"}],"wp:term":[{"taxonomy":"product_brand","embeddable":true,"href":"https:\/\/www.pharmacy4pets.nl\/be\/wp-json\/wp\/v2\/product_brand?post=118915"},{"taxonomy":"product_cat","embeddable":true,"href":"https:\/\/www.pharmacy4pets.nl\/be\/wp-json\/wp\/v2\/product_cat?post=118915"},{"taxonomy":"product_tag","embeddable":true,"href":"https:\/\/www.pharmacy4pets.nl\/be\/wp-json\/wp\/v2\/product_tag?post=118915"}],"curies":[{"name":"wp","href":"https:\/\/api.w.org\/{rel}","templated":true}]}}