{"id":118905,"date":"2018-10-04T12:27:55","date_gmt":"2018-10-04T12:27:55","guid":{"rendered":"https:\/\/p4p.test\/zylkene-225mg-14-chews"},"modified":"2026-04-14T08:03:24","modified_gmt":"2026-04-14T08:03:24","slug":"zylkene-225mg-14-chews","status":"publish","type":"product","link":"https:\/\/www.pharmacy4pets.nl\/be\/zylkene-225mg-14-chews","title":{"rendered":"Zylkene 225 mg | Hond 10-30 kg | 14 chews"},"content":{"rendered":"<p>Zylkene 225 mg 14 chews is een aanvullend diervoer voor honden dat ze helpt om beter om te gaan met angst of stressvolle situaties, zoals een verhuizing of bij vuurwerkangst. Zylkene 225 mg is geschikt voor honden 10-30 kg.<\/p>\n","protected":false},"excerpt":{"rendered":"<p>Zylkene 225 mg 14 chews is een aanvullend diervoer voor honden dat ze helpt om beter om te gaan met angst of stressvolle situaties, zoals een verhuizing of bij vuurwerkangst. Zylkene 225 mg is geschikt voor honden 10-30 kg.<\/p>\n","protected":false},"featured_media":118904,"comment_status":"open","ping_status":"closed","template":"","meta":{"_acf_changed":false,"_nl_post_content":"Zylkene 225 mg 14 chews is een aanvullend diervoer voor honden dat ze helpt om beter om te gaan met angst of stressvolle situaties, zoals een verhuizing of bij vuurwerkangst. Zylkene 225 mg is geschikt voor honden 10-30 kg.","_nl_post_name":"zylkene-225mg-14-chews","_nl_post_excerpt":"","_nl_post_title":"Zylkene 225 mg | Hond 10-30 kg | 14 chews","_en_post_content":"Zylkene 225 mg 14 chews is a supplemental pet food for dogs that helps them cope better with anxiety or stressful situations, such as moving house or fireworks anxiety. Zylkene 225 mg is suitable for dogs 10-30 kg.","_en_post_name":"zylkene-225mg-14-chews","_en_post_excerpt":"","_en_post_title":"Zylkene 225 mg | Dog 10-30 kg | 14 chews","_de_post_content":"Zylkene 225 mg 14 Chews ist ein erg\u00e4nzendes Tierfutter f\u00fcr Hunde, das ihnen hilft, besser mit \u00c4ngsten oder Stresssituationen umzugehen, wie zum Beispiel Umzug oder Feuerwerksangst. Zylkene 225 mg ist geeignet f\u00fcr Hunde 10-30 kg.","_de_post_name":"zylkene-225mg-14-chews","_de_post_excerpt":"","_de_post_title":"Zylkene 225 mg | Hund 10-30 kg | 14 Chews","_fr_post_content":"Zylk\u00e8ne 225 mg 14 chews est un compl\u00e9ment alimentaire pour chiens qui aide \u00e0 mieux g\u00e9rer le stress et les moments d\u2019anxi\u00e9t\u00e9s tel qu\u2019un d\u00e9m\u00e9nagement. Zylk\u00e8ne 225 mg convient pour les chiens de 10 - 30 kg. ","_fr_post_name":"zylkene-225mg-14-chews","_fr_post_excerpt":"","_fr_post_title":"Zylkene 225 mg | Chien 10-30 kg | 14 chews","_es_post_content":"<p>Zylkene 225 mg 14 chews es un alimento complementario para perros que les ayuda a afrontar las situaciones de miedo o de estr&eacute;s, tales como una mudanza o el miedo a los fuegos artificiales. Zylkene 225 mg chews es para perros de 10-30 kg.<br \/><br \/><\/p>","_es_post_name":"zylkene-225mg-14-chews","_es_post_excerpt":"","_es_post_title":"Zylkene 225 mg | Perro 10-30 kg | 14 chews","edit_language":"nl"},"product_brand":[],"product_cat":[1984,1117,1839,1857,1854,1968],"product_tag":[],"class_list":{"0":"post-118905","1":"product","2":"type-product","3":"status-publish","4":"has-post-thumbnail","6":"product_cat-angst-stress","7":"product_cat-honden","8":"product_cat-medicijnen-supplementen","9":"product_cat-merken","10":"product_cat-zenuwstelsel","11":"product_cat-zylkene-vetoquinol","12":"pa_aandoening-gedrag","13":"pa_doeldier-hond","14":"pa_fabricatieland-frankrijk","15":"pa_merkfilter-zylkene","16":"pa_merkgroep-vetoquinol","17":"pa_productsoort-voedingssupplement","18":"pa_seo_canonical_store_id-not_found_value","19":"pa_seo_category-not_found_value","20":"pa_seo_meta_robots-not_found_value","21":"pa_toedieningswijze-kauwbrokjes","22":"pa_unit_pricing_base_measure-1ct","23":"pa_unit_pricing_measure-14ct","24":"pa_werkzamestof-overig","26":"first","27":"instock","28":"taxable","29":"shipping-taxable","30":"purchasable","31":"product-type-simple"},"yoast_head":"<!-- This site is optimized with the Yoast SEO plugin v27.5 - https:\/\/yoast.com\/product\/yoast-seo-wordpress\/ -->\n<title>Zylkene 225 mg | Hond 10-30 kg | 14 chews - Pharmacy4pets<\/title>\n<meta name=\"robots\" content=\"index, follow, max-snippet:-1, max-image-preview:large, max-video-preview:-1\" \/>\n<link rel=\"canonical\" href=\"https:\/\/www.pharmacy4pets.nl\/be\/zylkene-225mg-14-chews\" \/>\n<meta property=\"og:locale\" content=\"nl_NL\" \/>\n<meta property=\"og:type\" content=\"article\" \/>\n<meta property=\"og:title\" content=\"Zylkene 225 mg | Hond 10-30 kg | 14 chews - Pharmacy4pets\" \/>\n<meta property=\"og:description\" content=\"Zylkene 225 mg 14 chews is een aanvullend diervoer voor honden dat ze helpt om beter om te gaan met angst of stressvolle situaties, zoals een verhuizing of bij vuurwerkangst. Zylkene 225 mg is geschikt voor honden 10-30 kg.\" \/>\n<meta property=\"og:url\" content=\"https:\/\/www.pharmacy4pets.nl\/be\/zylkene-225mg-14-chews\" \/>\n<meta property=\"og:site_name\" content=\"Pharmacy4pets\" \/>\n<meta property=\"article:publisher\" content=\"https:\/\/www.facebook.com\/people\/Pharmacy4petsnl\/100063484989896\/\" \/>\n<meta property=\"article:modified_time\" content=\"2026-04-14T08:03:24+00:00\" \/>\n<meta property=\"og:image\" content=\"https:\/\/www.pharmacy4pets.nl\/wp-content\/uploads\/2018\/10\/24301_v2.jpg\" \/>\n\t<meta property=\"og:image:width\" content=\"600\" \/>\n\t<meta property=\"og:image:height\" content=\"733\" \/>\n\t<meta property=\"og:image:type\" content=\"image\/jpeg\" \/>\n<meta name=\"twitter:card\" content=\"summary_large_image\" \/>\n<script type=\"application\/ld+json\" class=\"yoast-schema-graph\">{\"@context\":\"https:\\\/\\\/schema.org\",\"@graph\":[{\"@type\":\"WebPage\",\"@id\":\"https:\\\/\\\/www.pharmacy4pets.nl\\\/be\\\/zylkene-225mg-14-chews\",\"url\":\"https:\\\/\\\/www.pharmacy4pets.nl\\\/be\\\/zylkene-225mg-14-chews\",\"name\":\"Zylkene 225 mg | Hond 10-30 kg | 14 chews - Pharmacy4pets\",\"isPartOf\":{\"@id\":\"http:\\\/\\\/www.pharmacy4pets.nl\\\/#website\"},\"primaryImageOfPage\":{\"@id\":\"https:\\\/\\\/www.pharmacy4pets.nl\\\/be\\\/zylkene-225mg-14-chews#primaryimage\"},\"image\":{\"@id\":\"https:\\\/\\\/www.pharmacy4pets.nl\\\/be\\\/zylkene-225mg-14-chews#primaryimage\"},\"thumbnailUrl\":\"https:\\\/\\\/www.pharmacy4pets.nl\\\/wp-content\\\/uploads\\\/2018\\\/10\\\/24301_v2.jpg\",\"datePublished\":\"2018-10-04T12:27:55+00:00\",\"dateModified\":\"2026-04-14T08:03:24+00:00\",\"breadcrumb\":{\"@id\":\"https:\\\/\\\/www.pharmacy4pets.nl\\\/be\\\/zylkene-225mg-14-chews#breadcrumb\"},\"inLanguage\":\"nl-NL\",\"potentialAction\":[{\"@type\":\"ReadAction\",\"target\":[\"https:\\\/\\\/www.pharmacy4pets.nl\\\/be\\\/zylkene-225mg-14-chews\"]}]},{\"@type\":\"ImageObject\",\"inLanguage\":\"nl-NL\",\"@id\":\"https:\\\/\\\/www.pharmacy4pets.nl\\\/be\\\/zylkene-225mg-14-chews#primaryimage\",\"url\":\"https:\\\/\\\/www.pharmacy4pets.nl\\\/wp-content\\\/uploads\\\/2018\\\/10\\\/24301_v2.jpg\",\"contentUrl\":\"https:\\\/\\\/www.pharmacy4pets.nl\\\/wp-content\\\/uploads\\\/2018\\\/10\\\/24301_v2.jpg\",\"width\":600,\"height\":733,\"caption\":\"Zylk\u00c3\u00a8ne\"},{\"@type\":\"BreadcrumbList\",\"@id\":\"https:\\\/\\\/www.pharmacy4pets.nl\\\/be\\\/zylkene-225mg-14-chews#breadcrumb\",\"itemListElement\":[{\"@type\":\"ListItem\",\"position\":1,\"name\":\"Home\",\"item\":\"https:\\\/\\\/p4p-nl.bootmine.com\\\/\"},{\"@type\":\"ListItem\",\"position\":2,\"name\":\"Winkel\",\"item\":\"https:\\\/\\\/p4p-nl.bootmine.com\\\/winkel\"},{\"@type\":\"ListItem\",\"position\":3,\"name\":\"Zylkene 225 mg | Hond 10-30 kg | 14 chews\"}]},{\"@type\":\"WebSite\",\"@id\":\"http:\\\/\\\/www.pharmacy4pets.nl\\\/#website\",\"url\":\"http:\\\/\\\/www.pharmacy4pets.nl\\\/\",\"name\":\"Pharmacy4pets\",\"description\":\"Pharmacy4pets.nl is d\u00e9 online apotheek waar u terecht kunt voor alle diergeneesmiddelen, verzorgingsproducten en dieetvoeding voor uw huisdier.\",\"publisher\":{\"@id\":\"http:\\\/\\\/www.pharmacy4pets.nl\\\/#organization\"},\"potentialAction\":[{\"@type\":\"SearchAction\",\"target\":{\"@type\":\"EntryPoint\",\"urlTemplate\":\"http:\\\/\\\/www.pharmacy4pets.nl\\\/?s={search_term_string}\"},\"query-input\":{\"@type\":\"PropertyValueSpecification\",\"valueRequired\":true,\"valueName\":\"search_term_string\"}}],\"inLanguage\":\"nl-NL\"},{\"@type\":\"Organization\",\"@id\":\"http:\\\/\\\/www.pharmacy4pets.nl\\\/#organization\",\"name\":\"Pharmacy4pets\",\"url\":\"http:\\\/\\\/www.pharmacy4pets.nl\\\/\",\"logo\":{\"@type\":\"ImageObject\",\"inLanguage\":\"nl-NL\",\"@id\":\"http:\\\/\\\/www.pharmacy4pets.nl\\\/#\\\/schema\\\/logo\\\/image\\\/\",\"url\":\"https:\\\/\\\/p4p-nl.bootmine.com\\\/wp-content\\\/uploads\\\/2026\\\/03\\\/logo-pharmacy4pets.png\",\"contentUrl\":\"https:\\\/\\\/p4p-nl.bootmine.com\\\/wp-content\\\/uploads\\\/2026\\\/03\\\/logo-pharmacy4pets.png\",\"width\":1024,\"height\":135,\"caption\":\"Pharmacy4pets\"},\"image\":{\"@id\":\"http:\\\/\\\/www.pharmacy4pets.nl\\\/#\\\/schema\\\/logo\\\/image\\\/\"},\"sameAs\":[\"https:\\\/\\\/www.facebook.com\\\/people\\\/Pharmacy4petsnl\\\/100063484989896\\\/\",\"https:\\\/\\\/www.youtube.com\\\/channel\\\/UCGPTIgucgli03tP2_kvLkHg\\\/featured\",\"https:\\\/\\\/www.instagram.com\\\/pharmacy4pets.nl\"]}]}<\/script>\n<!-- \/ Yoast SEO plugin. -->","yoast_head_json":{"title":"Zylkene 225 mg | Hond 10-30 kg | 14 chews - Pharmacy4pets","robots":{"index":"index","follow":"follow","max-snippet":"max-snippet:-1","max-image-preview":"max-image-preview:large","max-video-preview":"max-video-preview:-1"},"canonical":"https:\/\/www.pharmacy4pets.nl\/be\/zylkene-225mg-14-chews","og_locale":"nl_NL","og_type":"article","og_title":"Zylkene 225 mg | Hond 10-30 kg | 14 chews - Pharmacy4pets","og_description":"Zylkene 225 mg 14 chews is een aanvullend diervoer voor honden dat ze helpt om beter om te gaan met angst of stressvolle situaties, zoals een verhuizing of bij vuurwerkangst. Zylkene 225 mg is geschikt voor honden 10-30 kg.","og_url":"https:\/\/www.pharmacy4pets.nl\/be\/zylkene-225mg-14-chews","og_site_name":"Pharmacy4pets","article_publisher":"https:\/\/www.facebook.com\/people\/Pharmacy4petsnl\/100063484989896\/","article_modified_time":"2026-04-14T08:03:24+00:00","og_image":[{"width":600,"height":733,"url":"https:\/\/www.pharmacy4pets.nl\/wp-content\/uploads\/2018\/10\/24301_v2.jpg","type":"image\/jpeg"}],"twitter_card":"summary_large_image","schema":{"@context":"https:\/\/schema.org","@graph":[{"@type":"WebPage","@id":"https:\/\/www.pharmacy4pets.nl\/be\/zylkene-225mg-14-chews","url":"https:\/\/www.pharmacy4pets.nl\/be\/zylkene-225mg-14-chews","name":"Zylkene 225 mg | Hond 10-30 kg | 14 chews - Pharmacy4pets","isPartOf":{"@id":"http:\/\/www.pharmacy4pets.nl\/#website"},"primaryImageOfPage":{"@id":"https:\/\/www.pharmacy4pets.nl\/be\/zylkene-225mg-14-chews#primaryimage"},"image":{"@id":"https:\/\/www.pharmacy4pets.nl\/be\/zylkene-225mg-14-chews#primaryimage"},"thumbnailUrl":"https:\/\/www.pharmacy4pets.nl\/wp-content\/uploads\/2018\/10\/24301_v2.jpg","datePublished":"2018-10-04T12:27:55+00:00","dateModified":"2026-04-14T08:03:24+00:00","breadcrumb":{"@id":"https:\/\/www.pharmacy4pets.nl\/be\/zylkene-225mg-14-chews#breadcrumb"},"inLanguage":"nl-NL","potentialAction":[{"@type":"ReadAction","target":["https:\/\/www.pharmacy4pets.nl\/be\/zylkene-225mg-14-chews"]}]},{"@type":"ImageObject","inLanguage":"nl-NL","@id":"https:\/\/www.pharmacy4pets.nl\/be\/zylkene-225mg-14-chews#primaryimage","url":"https:\/\/www.pharmacy4pets.nl\/wp-content\/uploads\/2018\/10\/24301_v2.jpg","contentUrl":"https:\/\/www.pharmacy4pets.nl\/wp-content\/uploads\/2018\/10\/24301_v2.jpg","width":600,"height":733,"caption":"Zylk\u00c3\u00a8ne"},{"@type":"BreadcrumbList","@id":"https:\/\/www.pharmacy4pets.nl\/be\/zylkene-225mg-14-chews#breadcrumb","itemListElement":[{"@type":"ListItem","position":1,"name":"Home","item":"https:\/\/p4p-nl.bootmine.com\/"},{"@type":"ListItem","position":2,"name":"Winkel","item":"https:\/\/p4p-nl.bootmine.com\/winkel"},{"@type":"ListItem","position":3,"name":"Zylkene 225 mg | Hond 10-30 kg | 14 chews"}]},{"@type":"WebSite","@id":"http:\/\/www.pharmacy4pets.nl\/#website","url":"http:\/\/www.pharmacy4pets.nl\/","name":"Pharmacy4pets","description":"Pharmacy4pets.nl is d\u00e9 online apotheek waar u terecht kunt voor alle diergeneesmiddelen, verzorgingsproducten en dieetvoeding voor uw huisdier.","publisher":{"@id":"http:\/\/www.pharmacy4pets.nl\/#organization"},"potentialAction":[{"@type":"SearchAction","target":{"@type":"EntryPoint","urlTemplate":"http:\/\/www.pharmacy4pets.nl\/?s={search_term_string}"},"query-input":{"@type":"PropertyValueSpecification","valueRequired":true,"valueName":"search_term_string"}}],"inLanguage":"nl-NL"},{"@type":"Organization","@id":"http:\/\/www.pharmacy4pets.nl\/#organization","name":"Pharmacy4pets","url":"http:\/\/www.pharmacy4pets.nl\/","logo":{"@type":"ImageObject","inLanguage":"nl-NL","@id":"http:\/\/www.pharmacy4pets.nl\/#\/schema\/logo\/image\/","url":"https:\/\/p4p-nl.bootmine.com\/wp-content\/uploads\/2026\/03\/logo-pharmacy4pets.png","contentUrl":"https:\/\/p4p-nl.bootmine.com\/wp-content\/uploads\/2026\/03\/logo-pharmacy4pets.png","width":1024,"height":135,"caption":"Pharmacy4pets"},"image":{"@id":"http:\/\/www.pharmacy4pets.nl\/#\/schema\/logo\/image\/"},"sameAs":["https:\/\/www.facebook.com\/people\/Pharmacy4petsnl\/100063484989896\/","https:\/\/www.youtube.com\/channel\/UCGPTIgucgli03tP2_kvLkHg\/featured","https:\/\/www.instagram.com\/pharmacy4pets.nl"]}]}},"market_data":{"nl":{"price":0,"sale_price":0,"active":false,"url":null,"parent_url":"","tax_rate":0,"price_inc_tax":0,"sale_price_inc_tax":0},"de":{"price":0,"sale_price":0,"active":false,"url":null,"parent_url":"","tax_rate":0,"price_inc_tax":0,"sale_price_inc_tax":0},"be":{"price":0,"sale_price":0,"active":false,"url":null,"parent_url":"","tax_rate":0,"price_inc_tax":0,"sale_price_inc_tax":0},"fr":{"price":0,"sale_price":0,"active":false,"url":null,"parent_url":"","tax_rate":0,"price_inc_tax":0,"sale_price_inc_tax":0},"ch":{"price":0,"sale_price":0,"active":false,"url":null,"parent_url":"","tax_rate":0,"price_inc_tax":0,"sale_price_inc_tax":0},"at":{"price":0,"sale_price":0,"active":false,"url":null,"parent_url":"","tax_rate":0,"price_inc_tax":0,"sale_price_inc_tax":0},"es":{"price":0,"sale_price":0,"active":false,"url":null,"parent_url":"","tax_rate":0,"price_inc_tax":0,"sale_price_inc_tax":0},"dk":{"price":0,"sale_price":0,"active":false,"url":null,"parent_url":"","tax_rate":0,"price_inc_tax":0,"sale_price_inc_tax":0},"com":{"price":0,"sale_price":0,"active":false,"url":null,"parent_url":"","tax_rate":0,"price_inc_tax":0,"sale_price_inc_tax":0}},"market_nl_price":0,"market_nl_sale_price":0,"market_nl_active":false,"market_nl_url":null,"market_nl_parent_url":"","market_nl_tax_rate":0,"market_nl_price_inc_tax":0,"market_nl_sale_price_inc_tax":0,"market_de_price":0,"market_de_sale_price":0,"market_de_active":false,"market_de_url":null,"market_de_parent_url":"","market_de_tax_rate":0,"market_de_price_inc_tax":0,"market_de_sale_price_inc_tax":0,"market_be_price":0,"market_be_sale_price":0,"market_be_active":false,"market_be_url":null,"market_be_parent_url":"","market_be_tax_rate":0,"market_be_price_inc_tax":0,"market_be_sale_price_inc_tax":0,"market_fr_price":0,"market_fr_sale_price":0,"market_fr_active":false,"market_fr_url":null,"market_fr_parent_url":"","market_fr_tax_rate":0,"market_fr_price_inc_tax":0,"market_fr_sale_price_inc_tax":0,"market_ch_price":0,"market_ch_sale_price":0,"market_ch_active":false,"market_ch_url":null,"market_ch_parent_url":"","market_ch_tax_rate":0,"market_ch_price_inc_tax":0,"market_ch_sale_price_inc_tax":0,"market_at_price":0,"market_at_sale_price":0,"market_at_active":false,"market_at_url":null,"market_at_parent_url":"","market_at_tax_rate":0,"market_at_price_inc_tax":0,"market_at_sale_price_inc_tax":0,"market_es_price":0,"market_es_sale_price":0,"market_es_active":false,"market_es_url":null,"market_es_parent_url":"","market_es_tax_rate":0,"market_es_price_inc_tax":0,"market_es_sale_price_inc_tax":0,"market_dk_price":0,"market_dk_sale_price":0,"market_dk_active":false,"market_dk_url":null,"market_dk_parent_url":"","market_dk_tax_rate":0,"market_dk_price_inc_tax":0,"market_dk_sale_price_inc_tax":0,"market_com_price":0,"market_com_sale_price":0,"market_com_active":false,"market_com_url":null,"market_com_parent_url":"","market_com_tax_rate":0,"market_com_price_inc_tax":0,"market_com_sale_price_inc_tax":0,"acf":[],"_links":{"self":[{"href":"https:\/\/www.pharmacy4pets.nl\/be\/wp-json\/wp\/v2\/product\/118905","targetHints":{"allow":["GET"]}}],"collection":[{"href":"https:\/\/www.pharmacy4pets.nl\/be\/wp-json\/wp\/v2\/product"}],"about":[{"href":"https:\/\/www.pharmacy4pets.nl\/be\/wp-json\/wp\/v2\/types\/product"}],"replies":[{"embeddable":true,"href":"https:\/\/www.pharmacy4pets.nl\/be\/wp-json\/wp\/v2\/comments?post=118905"}],"wp:featuredmedia":[{"embeddable":true,"href":"https:\/\/www.pharmacy4pets.nl\/be\/wp-json\/wp\/v2\/media\/118904"}],"wp:attachment":[{"href":"https:\/\/www.pharmacy4pets.nl\/be\/wp-json\/wp\/v2\/media?parent=118905"}],"wp:term":[{"taxonomy":"product_brand","embeddable":true,"href":"https:\/\/www.pharmacy4pets.nl\/be\/wp-json\/wp\/v2\/product_brand?post=118905"},{"taxonomy":"product_cat","embeddable":true,"href":"https:\/\/www.pharmacy4pets.nl\/be\/wp-json\/wp\/v2\/product_cat?post=118905"},{"taxonomy":"product_tag","embeddable":true,"href":"https:\/\/www.pharmacy4pets.nl\/be\/wp-json\/wp\/v2\/product_tag?post=118905"}],"curies":[{"name":"wp","href":"https:\/\/api.w.org\/{rel}","templated":true}]}}