{"id":118891,"date":"2018-10-03T13:16:28","date_gmt":"2018-10-03T13:16:28","guid":{"rendered":"https:\/\/p4p.test\/aesculap-econom-ii-gt474"},"modified":"2026-03-25T11:59:49","modified_gmt":"2026-03-25T11:59:49","slug":"aesculap-econom-ii-gt474","status":"publish","type":"product","link":"https:\/\/www.pharmacy4pets.nl\/be\/aesculap-econom-ii-gt474","title":{"rendered":"Aesculap scheermachine Econom II GT474"},"content":{"rendered":"<p style=\"text-align: justify;\">De Aesculap scheermachine Econom II is een algemene scheermachine om koeien en paarden mee te scheren. De vacht wordt niet compleet kaal geschoren, maar voor bijvoorbeeld de hygi&euml;ne van de vacht korter geschoren. De Econom II scheermachine wordt geleverd inclusief snoer.<\/p>\n<p> <span style=\"text-decoration: underline;\">Verpakking:<\/span><br \/> &#8211; Aesculap scheermachine Econom II GT474<br \/> &#8211; 1 scheerblad bovenkant (GT501)<br \/> &#8211; 1 scheerblad onderkant (GT502)<br \/> &#8211; Aesculap olie (GT604)<br \/> &#8211; Handleiding<br \/> &#8211; Bewaardoos<\/p>\n<p> Lees voor gebruik altijd de handleiding.<\/p>\n<p><span style=\"color: #ff0000;\"><strong>Let op: dit artikel heeft een langere levertijd.<\/strong><\/span><\/p>\n","protected":false},"excerpt":{"rendered":"<p>De Aesculap scheermachine Econom II is een algemene scheermachine om koeien en paarden mee te scheren. De vacht wordt niet compleet kaal geschoren, maar voor bijvoorbeeld de hygi&euml;ne van de vacht korter geschoren. De Econom II scheermachine wordt geleverd inclusief snoer. Verpakking: &#8211; Aesculap scheermachine Econom II GT474 &#8211; 1 scheerblad bovenkant (GT501) &#8211; 1 [&hellip;]<\/p>\n","protected":false},"featured_media":118890,"comment_status":"open","ping_status":"closed","template":"","meta":{"_acf_changed":false,"_nl_post_content":"<p style=\"text-align: justify;\">De Aesculap scheermachine Econom II is een algemene scheermachine om koeien en paarden mee te scheren. De vacht wordt niet compleet kaal geschoren, maar voor bijvoorbeeld de hygi&euml;ne van de vacht korter geschoren. De Econom II scheermachine wordt geleverd inclusief snoer.<br \/> <br \/> <span style=\"text-decoration: underline;\">Verpakking:<\/span><br \/> - Aesculap scheermachine Econom II GT474<br \/> - 1 scheerblad bovenkant (GT501)<br \/> - 1 scheerblad onderkant (GT502)<br \/> - Aesculap olie (GT604)<br \/> - Handleiding<br \/> - Bewaardoos<br \/> <br \/> Lees voor gebruik altijd de handleiding.<br \/><br \/><span style=\"color: #ff0000;\"><strong>Let op: dit artikel heeft een langere levertijd.<\/strong><\/span><\/p>","_nl_post_name":"aesculap-econom-ii-gt474","_nl_post_excerpt":"","_nl_post_title":"Aesculap scheermachine Econom II GT474","_en_post_content":"<p>The Aesculap shaver Econom II is a general shaver for shaving cows and horses. The coat is not completely shaved bare, but for example for the hygiene of the coat shaved shorter. The Econom II shaver comes with a cord.<\/p>\r\n<p><span style=\"text-decoration: underline;\">Packaging:<\/span><br \/>- Aesculap shaver Econom II GT474<br \/>- 1 shaving blade top (GT501)<br \/>- 1 shaving blade underside (GT502)<br \/>- Aesculap oil (GT604)<br \/>- Manual<br \/>- Storage box<\/p>\r\n<p>Always read the manual before use.<br \/><br \/><span style=\"color: #ff0000;\"><strong>Please note: this product has an extended time of delivery.<\/strong><\/span><\/p>","_en_post_name":"aesculap-econom-ii-gt474","_en_post_excerpt":"","_en_post_title":"Aesculap shaver Econom II GT474","_de_post_content":"<p style=\"text-align: justify;\">Der Aesculap Rasierer Econom II ist ein Universalrasierer f&uuml;r die Rasur von K&uuml;hen und Pferden. Das Fell ist nicht vollst&auml;ndig kahl rasiert, sondern z.B. f&uuml;r die Hygiene des Fells k&uuml;rzer rasiert. Der Econom II Rasierer wird mit beiliegendem Kabel geliefert.<\/p>\r\n<p style=\"text-align: justify;\"><span style=\"text-decoration: underline;\">Verpackung:<\/span><br \/>- Aesculap Rasierer Econom II GT474<br \/>- 1 Rasierklingenoberteil (GT501)<br \/>- 1 Rasierklinge Unterseite (GT502)<br \/>- Aesculap-&Ouml;l (GT604)<br \/>- Bedienungsanleitung<br \/>- Aufbewahrungsbox<\/p>\r\n<p style=\"text-align: justify;\">Lesen Sie vor Gebrauch immer die Bedienungsanleitung.<br \/><br \/><span style=\"color: #ff0000;\"><strong>Bitte beachten Sie: Dieses Produkt hat eine l&auml;ngere Lieferzeit.<\/strong><\/span><\/p>","_de_post_name":"aesculap-econom-ii-gt474","_de_post_excerpt":"","_de_post_title":"Aesculap Rasierer Econom II GT474","_fr_post_content":"<p>La tondeuse Econom II d'Aesculap est une tondeuse \u00e0 usage universel pour la tonte des vaches et des chevaux. Le pelage n'est pas ras\u00e9 compl\u00e8tement, mais ras\u00e9 plus court pour des raisons d'hygi\u00e8ne, par exemple. La machine \u00e0 cisailler Econom II est livr\u00e9e avec un cordon.<\/p>\r\n<p>Emballage :<br \/>- Aesculap rasoir Econom II GT474<br \/>- 1 grille sup\u00e9rieure (GT501)<br \/>- 1 grille basse (GT502)<br \/>- Huile d'Esculape (GT604)<br \/>- Manuel d'instruction<br \/>- Bo\u00eete de rangement<\/p>\r\n<p>Lisez toujours le guide avant de l'utiliser.<\/p>\r\n<p style=\"text-align: justify;\"><br \/><br \/><span style=\"color: #ff0000;\"><strong>Attention : ce produit a un d\u00e9lai de livraison plus long.<\/strong><\/span><\/p>","_fr_post_name":"aesculap-tondeuse-econom-ii-gt474","_fr_post_excerpt":"","_fr_post_title":"Aesculap tondeuse Econom II GT474","_es_post_content":"<p style=\"text-align: justify;\">La esquiladora Aesculap Econom II es una m&aacute;quina de uso general para afeitar a vacas y caballos. El pelaje no se afeita completamente calvo, sino por ejemplo por razones de la higiene del pelaje, se afeita m&aacute;s corto. La esquiladora Econom II viene con cable.<br \/><br \/> <br \/> <span style=\"text-decoration: underline;\">Embalaje:<\/span><br \/>- Esquiladora Aesculap Econom II GT474<br \/>- 1 cuchilla de la parte superior (GT501)<br \/>- 1 cuchilla de la parte inferior (GT502)<br \/>- Aceite Aesculap (GT604)<br \/>- Manual<br \/>- Caja de almacenamiento<\/p>\r\n<p style=\"text-align: justify;\"><br \/> Lea siempre el manual antes de su uso.<\/p>\r\n<p style=\"text-align: justify;\"><br \/><span style=\"color: #ff0000;\"><strong>Nota: este art&iacute;culo tiene un plazo de entrega m&aacute;s largo.<\/strong><\/span><\/p>","_es_post_name":"aesculap-econom-ii-gt474","_es_post_excerpt":"","_es_post_title":"Esquiladora Aesculap Econom II GT474","edit_language":"nl"},"product_brand":[],"product_cat":[1902,1861,1820,1117,1857,1809,2124,1822,1863],"product_tag":[],"class_list":{"0":"post-118891","1":"product","2":"type-product","3":"status-publish","4":"has-post-thumbnail","6":"product_cat-aesculap","7":"product_cat-benodigdheden","9":"product_cat-honden","10":"product_cat-merken","11":"product_cat-paarden","12":"product_cat-tondeuses","13":"product_cat-verzorging","15":"pa_aandoening-huid_vacht","16":"pa_doeldier-ezel","17":"pa_doeldier-overig","18":"pa_doeldier-paard","19":"pa_fabricatieland-duitsland","20":"pa_merkfilter-aesculap","21":"pa_merkgroep-aesculap","22":"pa_productsoort-overig","23":"pa_seo_canonical_store_id-not_found_value","24":"pa_seo_category-not_found_value","25":"pa_seo_meta_robots-not_found_value","26":"pa_toedieningswijze-scheermachine","27":"pa_unit_pricing_base_measure-1ct","28":"pa_unit_pricing_measure-1ct","29":"pa_werkzamestof-overig","31":"first","32":"instock","33":"taxable","34":"shipping-taxable","35":"purchasable","36":"product-type-simple"},"yoast_head":"<!-- This site is optimized with the Yoast SEO plugin v27.5 - https:\/\/yoast.com\/product\/yoast-seo-wordpress\/ -->\n<title>Aesculap scheermachine Econom II GT474 - Pharmacy4pets<\/title>\n<meta name=\"robots\" content=\"index, follow, max-snippet:-1, max-image-preview:large, max-video-preview:-1\" \/>\n<link rel=\"canonical\" href=\"https:\/\/p4p-nl.bootmine.com\/%product-slug%\/aesculap-econom-ii-gt474\" \/>\n<meta property=\"og:locale\" content=\"nl_NL\" \/>\n<meta property=\"og:type\" content=\"article\" \/>\n<meta property=\"og:title\" content=\"Aesculap scheermachine Econom II GT474 - Pharmacy4pets\" \/>\n<meta property=\"og:description\" content=\"De Aesculap scheermachine Econom II is een algemene scheermachine om koeien en paarden mee te scheren. De vacht wordt niet compleet kaal geschoren, maar voor bijvoorbeeld de hygi&euml;ne van de vacht korter geschoren. De Econom II scheermachine wordt geleverd inclusief snoer. Verpakking: &#8211; Aesculap scheermachine Econom II GT474 &#8211; 1 scheerblad bovenkant (GT501) &#8211; 1 [&hellip;]\" \/>\n<meta property=\"og:url\" content=\"https:\/\/p4p-nl.bootmine.com\/%product-slug%\/aesculap-econom-ii-gt474\" \/>\n<meta property=\"og:site_name\" content=\"Pharmacy4pets\" \/>\n<meta property=\"article:publisher\" content=\"https:\/\/www.facebook.com\/people\/Pharmacy4petsnl\/100063484989896\/\" \/>\n<meta property=\"article:modified_time\" content=\"2026-03-25T11:59:49+00:00\" \/>\n<meta property=\"og:image\" content=\"https:\/\/p4p-nl.bootmine.com\/wp-content\/uploads\/2018\/10\/aesculap_scheermachine_econom_ii_gt474_rund_paard_1_st_pharmacy4pets.jpg\" \/>\n\t<meta property=\"og:image:width\" content=\"600\" \/>\n\t<meta property=\"og:image:height\" content=\"600\" \/>\n\t<meta property=\"og:image:type\" content=\"image\/jpeg\" \/>\n<meta name=\"twitter:card\" content=\"summary_large_image\" \/>\n<script type=\"application\/ld+json\" class=\"yoast-schema-graph\">{\"@context\":\"https:\\\/\\\/schema.org\",\"@graph\":[{\"@type\":\"WebPage\",\"@id\":\"https:\\\/\\\/p4p-nl.bootmine.com\\\/%product-slug%\\\/aesculap-econom-ii-gt474\",\"url\":\"https:\\\/\\\/p4p-nl.bootmine.com\\\/%product-slug%\\\/aesculap-econom-ii-gt474\",\"name\":\"Aesculap scheermachine Econom II GT474 - Pharmacy4pets\",\"isPartOf\":{\"@id\":\"http:\\\/\\\/www.pharmacy4pets.nl\\\/#website\"},\"primaryImageOfPage\":{\"@id\":\"https:\\\/\\\/p4p-nl.bootmine.com\\\/%product-slug%\\\/aesculap-econom-ii-gt474#primaryimage\"},\"image\":{\"@id\":\"https:\\\/\\\/p4p-nl.bootmine.com\\\/%product-slug%\\\/aesculap-econom-ii-gt474#primaryimage\"},\"thumbnailUrl\":\"https:\\\/\\\/www.pharmacy4pets.nl\\\/wp-content\\\/uploads\\\/2018\\\/10\\\/aesculap_scheermachine_econom_ii_gt474_rund_paard_1_st_pharmacy4pets.jpg\",\"datePublished\":\"2018-10-03T13:16:28+00:00\",\"dateModified\":\"2026-03-25T11:59:49+00:00\",\"breadcrumb\":{\"@id\":\"https:\\\/\\\/p4p-nl.bootmine.com\\\/%product-slug%\\\/aesculap-econom-ii-gt474#breadcrumb\"},\"inLanguage\":\"nl-NL\",\"potentialAction\":[{\"@type\":\"ReadAction\",\"target\":[\"https:\\\/\\\/p4p-nl.bootmine.com\\\/%product-slug%\\\/aesculap-econom-ii-gt474\"]}]},{\"@type\":\"ImageObject\",\"inLanguage\":\"nl-NL\",\"@id\":\"https:\\\/\\\/p4p-nl.bootmine.com\\\/%product-slug%\\\/aesculap-econom-ii-gt474#primaryimage\",\"url\":\"https:\\\/\\\/www.pharmacy4pets.nl\\\/wp-content\\\/uploads\\\/2018\\\/10\\\/aesculap_scheermachine_econom_ii_gt474_rund_paard_1_st_pharmacy4pets.jpg\",\"contentUrl\":\"https:\\\/\\\/www.pharmacy4pets.nl\\\/wp-content\\\/uploads\\\/2018\\\/10\\\/aesculap_scheermachine_econom_ii_gt474_rund_paard_1_st_pharmacy4pets.jpg\",\"width\":600,\"height\":600,\"caption\":\"Aesculap\"},{\"@type\":\"BreadcrumbList\",\"@id\":\"https:\\\/\\\/p4p-nl.bootmine.com\\\/%product-slug%\\\/aesculap-econom-ii-gt474#breadcrumb\",\"itemListElement\":[{\"@type\":\"ListItem\",\"position\":1,\"name\":\"Home\",\"item\":\"https:\\\/\\\/p4p-nl.bootmine.com\\\/\"},{\"@type\":\"ListItem\",\"position\":2,\"name\":\"Winkel\",\"item\":\"https:\\\/\\\/p4p-nl.bootmine.com\\\/winkel\"},{\"@type\":\"ListItem\",\"position\":3,\"name\":\"Aesculap scheermachine Econom II GT474\"}]},{\"@type\":\"WebSite\",\"@id\":\"http:\\\/\\\/www.pharmacy4pets.nl\\\/#website\",\"url\":\"http:\\\/\\\/www.pharmacy4pets.nl\\\/\",\"name\":\"Pharmacy4pets\",\"description\":\"Pharmacy4pets.nl is d\u00e9 online apotheek waar u terecht kunt voor alle diergeneesmiddelen, verzorgingsproducten en dieetvoeding voor uw huisdier.\",\"publisher\":{\"@id\":\"http:\\\/\\\/www.pharmacy4pets.nl\\\/#organization\"},\"potentialAction\":[{\"@type\":\"SearchAction\",\"target\":{\"@type\":\"EntryPoint\",\"urlTemplate\":\"http:\\\/\\\/www.pharmacy4pets.nl\\\/?s={search_term_string}\"},\"query-input\":{\"@type\":\"PropertyValueSpecification\",\"valueRequired\":true,\"valueName\":\"search_term_string\"}}],\"inLanguage\":\"nl-NL\"},{\"@type\":\"Organization\",\"@id\":\"http:\\\/\\\/www.pharmacy4pets.nl\\\/#organization\",\"name\":\"Pharmacy4pets\",\"url\":\"http:\\\/\\\/www.pharmacy4pets.nl\\\/\",\"logo\":{\"@type\":\"ImageObject\",\"inLanguage\":\"nl-NL\",\"@id\":\"http:\\\/\\\/www.pharmacy4pets.nl\\\/#\\\/schema\\\/logo\\\/image\\\/\",\"url\":\"https:\\\/\\\/p4p-nl.bootmine.com\\\/wp-content\\\/uploads\\\/2026\\\/03\\\/logo-pharmacy4pets.png\",\"contentUrl\":\"https:\\\/\\\/p4p-nl.bootmine.com\\\/wp-content\\\/uploads\\\/2026\\\/03\\\/logo-pharmacy4pets.png\",\"width\":1024,\"height\":135,\"caption\":\"Pharmacy4pets\"},\"image\":{\"@id\":\"http:\\\/\\\/www.pharmacy4pets.nl\\\/#\\\/schema\\\/logo\\\/image\\\/\"},\"sameAs\":[\"https:\\\/\\\/www.facebook.com\\\/people\\\/Pharmacy4petsnl\\\/100063484989896\\\/\",\"https:\\\/\\\/www.youtube.com\\\/channel\\\/UCGPTIgucgli03tP2_kvLkHg\\\/featured\",\"https:\\\/\\\/www.instagram.com\\\/pharmacy4pets.nl\"]}]}<\/script>\n<!-- \/ Yoast SEO plugin. -->","yoast_head_json":{"title":"Aesculap scheermachine Econom II GT474 - Pharmacy4pets","robots":{"index":"index","follow":"follow","max-snippet":"max-snippet:-1","max-image-preview":"max-image-preview:large","max-video-preview":"max-video-preview:-1"},"canonical":"https:\/\/p4p-nl.bootmine.com\/%product-slug%\/aesculap-econom-ii-gt474","og_locale":"nl_NL","og_type":"article","og_title":"Aesculap scheermachine Econom II GT474 - Pharmacy4pets","og_description":"De Aesculap scheermachine Econom II is een algemene scheermachine om koeien en paarden mee te scheren. De vacht wordt niet compleet kaal geschoren, maar voor bijvoorbeeld de hygi&euml;ne van de vacht korter geschoren. De Econom II scheermachine wordt geleverd inclusief snoer. Verpakking: &#8211; Aesculap scheermachine Econom II GT474 &#8211; 1 scheerblad bovenkant (GT501) &#8211; 1 [&hellip;]","og_url":"https:\/\/p4p-nl.bootmine.com\/%product-slug%\/aesculap-econom-ii-gt474","og_site_name":"Pharmacy4pets","article_publisher":"https:\/\/www.facebook.com\/people\/Pharmacy4petsnl\/100063484989896\/","article_modified_time":"2026-03-25T11:59:49+00:00","og_image":[{"width":600,"height":600,"url":"https:\/\/p4p-nl.bootmine.com\/wp-content\/uploads\/2018\/10\/aesculap_scheermachine_econom_ii_gt474_rund_paard_1_st_pharmacy4pets.jpg","type":"image\/jpeg"}],"twitter_card":"summary_large_image","schema":{"@context":"https:\/\/schema.org","@graph":[{"@type":"WebPage","@id":"https:\/\/p4p-nl.bootmine.com\/%product-slug%\/aesculap-econom-ii-gt474","url":"https:\/\/p4p-nl.bootmine.com\/%product-slug%\/aesculap-econom-ii-gt474","name":"Aesculap scheermachine Econom II GT474 - Pharmacy4pets","isPartOf":{"@id":"http:\/\/www.pharmacy4pets.nl\/#website"},"primaryImageOfPage":{"@id":"https:\/\/p4p-nl.bootmine.com\/%product-slug%\/aesculap-econom-ii-gt474#primaryimage"},"image":{"@id":"https:\/\/p4p-nl.bootmine.com\/%product-slug%\/aesculap-econom-ii-gt474#primaryimage"},"thumbnailUrl":"https:\/\/www.pharmacy4pets.nl\/wp-content\/uploads\/2018\/10\/aesculap_scheermachine_econom_ii_gt474_rund_paard_1_st_pharmacy4pets.jpg","datePublished":"2018-10-03T13:16:28+00:00","dateModified":"2026-03-25T11:59:49+00:00","breadcrumb":{"@id":"https:\/\/p4p-nl.bootmine.com\/%product-slug%\/aesculap-econom-ii-gt474#breadcrumb"},"inLanguage":"nl-NL","potentialAction":[{"@type":"ReadAction","target":["https:\/\/p4p-nl.bootmine.com\/%product-slug%\/aesculap-econom-ii-gt474"]}]},{"@type":"ImageObject","inLanguage":"nl-NL","@id":"https:\/\/p4p-nl.bootmine.com\/%product-slug%\/aesculap-econom-ii-gt474#primaryimage","url":"https:\/\/www.pharmacy4pets.nl\/wp-content\/uploads\/2018\/10\/aesculap_scheermachine_econom_ii_gt474_rund_paard_1_st_pharmacy4pets.jpg","contentUrl":"https:\/\/www.pharmacy4pets.nl\/wp-content\/uploads\/2018\/10\/aesculap_scheermachine_econom_ii_gt474_rund_paard_1_st_pharmacy4pets.jpg","width":600,"height":600,"caption":"Aesculap"},{"@type":"BreadcrumbList","@id":"https:\/\/p4p-nl.bootmine.com\/%product-slug%\/aesculap-econom-ii-gt474#breadcrumb","itemListElement":[{"@type":"ListItem","position":1,"name":"Home","item":"https:\/\/p4p-nl.bootmine.com\/"},{"@type":"ListItem","position":2,"name":"Winkel","item":"https:\/\/p4p-nl.bootmine.com\/winkel"},{"@type":"ListItem","position":3,"name":"Aesculap scheermachine Econom II GT474"}]},{"@type":"WebSite","@id":"http:\/\/www.pharmacy4pets.nl\/#website","url":"http:\/\/www.pharmacy4pets.nl\/","name":"Pharmacy4pets","description":"Pharmacy4pets.nl is d\u00e9 online apotheek waar u terecht kunt voor alle diergeneesmiddelen, verzorgingsproducten en dieetvoeding voor uw huisdier.","publisher":{"@id":"http:\/\/www.pharmacy4pets.nl\/#organization"},"potentialAction":[{"@type":"SearchAction","target":{"@type":"EntryPoint","urlTemplate":"http:\/\/www.pharmacy4pets.nl\/?s={search_term_string}"},"query-input":{"@type":"PropertyValueSpecification","valueRequired":true,"valueName":"search_term_string"}}],"inLanguage":"nl-NL"},{"@type":"Organization","@id":"http:\/\/www.pharmacy4pets.nl\/#organization","name":"Pharmacy4pets","url":"http:\/\/www.pharmacy4pets.nl\/","logo":{"@type":"ImageObject","inLanguage":"nl-NL","@id":"http:\/\/www.pharmacy4pets.nl\/#\/schema\/logo\/image\/","url":"https:\/\/p4p-nl.bootmine.com\/wp-content\/uploads\/2026\/03\/logo-pharmacy4pets.png","contentUrl":"https:\/\/p4p-nl.bootmine.com\/wp-content\/uploads\/2026\/03\/logo-pharmacy4pets.png","width":1024,"height":135,"caption":"Pharmacy4pets"},"image":{"@id":"http:\/\/www.pharmacy4pets.nl\/#\/schema\/logo\/image\/"},"sameAs":["https:\/\/www.facebook.com\/people\/Pharmacy4petsnl\/100063484989896\/","https:\/\/www.youtube.com\/channel\/UCGPTIgucgli03tP2_kvLkHg\/featured","https:\/\/www.instagram.com\/pharmacy4pets.nl"]}]}},"market_data":{"nl":{"price":0,"sale_price":0,"active":false,"url":null,"parent_url":"","tax_rate":0,"price_inc_tax":0,"sale_price_inc_tax":0},"de":{"price":0,"sale_price":0,"active":false,"url":null,"parent_url":"","tax_rate":0,"price_inc_tax":0,"sale_price_inc_tax":0},"be":{"price":0,"sale_price":0,"active":false,"url":null,"parent_url":"","tax_rate":0,"price_inc_tax":0,"sale_price_inc_tax":0},"fr":{"price":0,"sale_price":0,"active":false,"url":null,"parent_url":"","tax_rate":0,"price_inc_tax":0,"sale_price_inc_tax":0},"ch":{"price":0,"sale_price":0,"active":false,"url":null,"parent_url":"","tax_rate":0,"price_inc_tax":0,"sale_price_inc_tax":0},"at":{"price":0,"sale_price":0,"active":false,"url":null,"parent_url":"","tax_rate":0,"price_inc_tax":0,"sale_price_inc_tax":0},"es":{"price":0,"sale_price":0,"active":false,"url":null,"parent_url":"","tax_rate":0,"price_inc_tax":0,"sale_price_inc_tax":0},"dk":{"price":0,"sale_price":0,"active":false,"url":null,"parent_url":"","tax_rate":0,"price_inc_tax":0,"sale_price_inc_tax":0},"com":{"price":0,"sale_price":0,"active":false,"url":null,"parent_url":"","tax_rate":0,"price_inc_tax":0,"sale_price_inc_tax":0}},"market_nl_price":0,"market_nl_sale_price":0,"market_nl_active":false,"market_nl_url":null,"market_nl_parent_url":"","market_nl_tax_rate":0,"market_nl_price_inc_tax":0,"market_nl_sale_price_inc_tax":0,"market_de_price":0,"market_de_sale_price":0,"market_de_active":false,"market_de_url":null,"market_de_parent_url":"","market_de_tax_rate":0,"market_de_price_inc_tax":0,"market_de_sale_price_inc_tax":0,"market_be_price":0,"market_be_sale_price":0,"market_be_active":false,"market_be_url":null,"market_be_parent_url":"","market_be_tax_rate":0,"market_be_price_inc_tax":0,"market_be_sale_price_inc_tax":0,"market_fr_price":0,"market_fr_sale_price":0,"market_fr_active":false,"market_fr_url":null,"market_fr_parent_url":"","market_fr_tax_rate":0,"market_fr_price_inc_tax":0,"market_fr_sale_price_inc_tax":0,"market_ch_price":0,"market_ch_sale_price":0,"market_ch_active":false,"market_ch_url":null,"market_ch_parent_url":"","market_ch_tax_rate":0,"market_ch_price_inc_tax":0,"market_ch_sale_price_inc_tax":0,"market_at_price":0,"market_at_sale_price":0,"market_at_active":false,"market_at_url":null,"market_at_parent_url":"","market_at_tax_rate":0,"market_at_price_inc_tax":0,"market_at_sale_price_inc_tax":0,"market_es_price":0,"market_es_sale_price":0,"market_es_active":false,"market_es_url":null,"market_es_parent_url":"","market_es_tax_rate":0,"market_es_price_inc_tax":0,"market_es_sale_price_inc_tax":0,"market_dk_price":0,"market_dk_sale_price":0,"market_dk_active":false,"market_dk_url":null,"market_dk_parent_url":"","market_dk_tax_rate":0,"market_dk_price_inc_tax":0,"market_dk_sale_price_inc_tax":0,"market_com_price":0,"market_com_sale_price":0,"market_com_active":false,"market_com_url":null,"market_com_parent_url":"","market_com_tax_rate":0,"market_com_price_inc_tax":0,"market_com_sale_price_inc_tax":0,"acf":[],"_links":{"self":[{"href":"https:\/\/www.pharmacy4pets.nl\/be\/wp-json\/wp\/v2\/product\/118891","targetHints":{"allow":["GET"]}}],"collection":[{"href":"https:\/\/www.pharmacy4pets.nl\/be\/wp-json\/wp\/v2\/product"}],"about":[{"href":"https:\/\/www.pharmacy4pets.nl\/be\/wp-json\/wp\/v2\/types\/product"}],"replies":[{"embeddable":true,"href":"https:\/\/www.pharmacy4pets.nl\/be\/wp-json\/wp\/v2\/comments?post=118891"}],"wp:featuredmedia":[{"embeddable":true,"href":"https:\/\/www.pharmacy4pets.nl\/be\/wp-json\/wp\/v2\/media\/118890"}],"wp:attachment":[{"href":"https:\/\/www.pharmacy4pets.nl\/be\/wp-json\/wp\/v2\/media?parent=118891"}],"wp:term":[{"taxonomy":"product_brand","embeddable":true,"href":"https:\/\/www.pharmacy4pets.nl\/be\/wp-json\/wp\/v2\/product_brand?post=118891"},{"taxonomy":"product_cat","embeddable":true,"href":"https:\/\/www.pharmacy4pets.nl\/be\/wp-json\/wp\/v2\/product_cat?post=118891"},{"taxonomy":"product_tag","embeddable":true,"href":"https:\/\/www.pharmacy4pets.nl\/be\/wp-json\/wp\/v2\/product_tag?post=118891"}],"curies":[{"name":"wp","href":"https:\/\/api.w.org\/{rel}","templated":true}]}}