{"id":118887,"date":"2018-10-03T13:02:16","date_gmt":"2018-10-03T13:02:16","guid":{"rendered":"https:\/\/p4p.test\/aesculap-scheerkop-isis-gt608"},"modified":"2026-03-25T11:59:48","modified_gmt":"2026-03-25T11:59:48","slug":"aesculap-scheerkop-isis-gt608","status":"publish","type":"product","link":"https:\/\/www.pharmacy4pets.nl\/be\/aesculap-scheerkop-isis-gt608","title":{"rendered":"Aesculap scheerkop Isis GT608"},"content":{"rendered":"<p>De Aesculap scheerkop Isis GT608 is een scheerkop die past op de Aesculap tondeuse Isis GT420. De Aesculap tondeuses worden vaak gebruikt in dierenartsenpraktijken en trimsalons. De Aesculap Isis GT608 scheerkop wordt los geleverd van de Aesculap tondeuse Isis GT420.<\/p>\n","protected":false},"excerpt":{"rendered":"<p>De Aesculap scheerkop Isis GT608 is een scheerkop die past op de Aesculap tondeuse Isis GT420. De Aesculap tondeuses worden vaak gebruikt in dierenartsenpraktijken en trimsalons. De Aesculap Isis GT608 scheerkop wordt los geleverd van de Aesculap tondeuse Isis GT420.<\/p>\n","protected":false},"featured_media":118886,"comment_status":"open","ping_status":"closed","template":"","meta":{"_acf_changed":false,"_nl_post_content":"<p>De Aesculap scheerkop Isis GT608 is een scheerkop die past op de Aesculap tondeuse Isis GT420. De Aesculap tondeuses worden vaak gebruikt in dierenartsenpraktijken en trimsalons. De Aesculap Isis GT608 scheerkop wordt los geleverd van de Aesculap tondeuse Isis GT420.<br \/><br \/><\/p>","_nl_post_name":"aesculap-scheerkop-isis-gt608","_nl_post_excerpt":"","_nl_post_title":"Aesculap scheerkop Isis GT608","_en_post_content":"<p>The Aesculap clipping head Isis GT608 is a clipping headvthat fits the Aesculap clippers Isis GT420. The Aesculap clippers and clipping heads are often used in veterinary practices and trim salons. The Aesculap Isis GT608 clipping head is supplied separately from the Aesculap clippers Isis GT420.<br \/><span style=\"color: #ff0000;\"><strong><br \/><\/strong><\/span><\/p>","_en_post_name":"aesculap-clipping-head-isis-gt608","_en_post_excerpt":"","_en_post_title":"Aesculap clipping head Isis GT608","_de_post_content":"<p>Der Aesculap Scherkopf Isis GT608 ist ein Scherkopf, der zu der Aesculap Schermaschine Isis GT420 passt. Die Aesculap Schermaschinen und Scherk&ouml;pfe werden h&auml;ufig in Tierarztpraxen und Trimmsalons eingesetzt. Der Aesculap Scherkopf Isis GT608 wird separat von der Aesculap Schermaschine Isis GT420 geliefert.<br \/><span style=\"color: #ff0000;\"><strong><br \/><\/strong><\/span><\/p>","_de_post_name":"aesculap-scherkopf-isis-gt608","_de_post_excerpt":"","_de_post_title":"Aesculap Scherkopf Isis GT608","_fr_post_content":"<p>La t\u00eate de rasage Aesculap Isis GT608 est une t\u00eate de rasage qui convient \u00e0 la tondeuse Aesculap Isis GT420. Les tondeuses d'Aesculap sont souvent utilis\u00e9es dans les cabinets v\u00e9t\u00e9rinaires et les salons de toilettage. La t\u00eate de rasage Aesculap Isis GT608 est fournie s\u00e9par\u00e9ment de la tondeuse Aesculap Isis GT420.<br \/><br \/><\/p>","_fr_post_name":"aesculap-tete-rasage-isis-gt608","_fr_post_excerpt":"","_fr_post_title":"Aesculap t\u00eate de rasage Isis GT608","_es_post_content":"<p>El cabezal Aesculap Isis GT608 es un cabezal que encaja en la m&aacute;quina cortapelo Aesculap Isis GT420. Las m&aacute;quinas de Aesculap se utilizan principalmente en las cl&iacute;nicas veterinarias y en las peluquer&iacute;as de mascotas. El cabezal Aesculap Isis GT608 se suministra por separado de la m&aacute;quina cortapelo Aesculap Isis GT420.<br \/><span style=\"color: #ff0000;\"><strong><br \/><\/strong><\/span><\/p>","_es_post_name":"aesculap-cabezal-isis-gt608","_es_post_excerpt":"","_es_post_title":"Cabezal Aesculap Isis GT608","edit_language":"nl"},"product_brand":[],"product_cat":[1902,1861,1891,1117,1118,1857,2124,2132,1863,1893],"product_tag":[],"class_list":{"0":"post-118887","1":"product","2":"type-product","3":"status-publish","4":"has-post-thumbnail","6":"product_cat-aesculap","7":"product_cat-benodigdheden","9":"product_cat-honden","10":"product_cat-katten","11":"product_cat-merken","12":"product_cat-tondeuses","14":"product_cat-verzorging","16":"pa_aandoening-huid_vacht","17":"pa_doeldier-hond","18":"pa_doeldier-kat","19":"pa_fabricatieland-duitsland","20":"pa_merkfilter-aesculap","21":"pa_merkgroep-aesculap","22":"pa_productsoort-overig","23":"pa_seo_canonical_store_id-not_found_value","24":"pa_seo_category-not_found_value","25":"pa_seo_meta_robots-not_found_value","26":"pa_toedieningswijze-scheerkop","27":"pa_unit_pricing_base_measure-1ct","28":"pa_unit_pricing_measure-1ct","29":"pa_werkzamestof-overig","31":"first","32":"instock","33":"taxable","34":"shipping-taxable","35":"purchasable","36":"product-type-simple"},"yoast_head":"<!-- This site is optimized with the Yoast SEO plugin v27.5 - https:\/\/yoast.com\/product\/yoast-seo-wordpress\/ -->\n<title>Aesculap scheerkop Isis GT608 - Pharmacy4pets<\/title>\n<meta name=\"robots\" content=\"index, follow, max-snippet:-1, max-image-preview:large, max-video-preview:-1\" \/>\n<link rel=\"canonical\" href=\"https:\/\/www.pharmacy4pets.nl\/aesculap-scheerkop-isis-gt608\" \/>\n<meta property=\"og:locale\" content=\"nl_NL\" \/>\n<meta property=\"og:type\" content=\"article\" \/>\n<meta property=\"og:title\" content=\"Aesculap scheerkop Isis GT608 - Pharmacy4pets\" \/>\n<meta property=\"og:description\" content=\"De Aesculap scheerkop Isis GT608 is een scheerkop die past op de Aesculap tondeuse Isis GT420. De Aesculap tondeuses worden vaak gebruikt in dierenartsenpraktijken en trimsalons. De Aesculap Isis GT608 scheerkop wordt los geleverd van de Aesculap tondeuse Isis GT420.\" \/>\n<meta property=\"og:url\" content=\"https:\/\/www.pharmacy4pets.nl\/aesculap-scheerkop-isis-gt608\" \/>\n<meta property=\"og:site_name\" content=\"Pharmacy4pets\" \/>\n<meta property=\"article:publisher\" content=\"https:\/\/www.facebook.com\/people\/Pharmacy4petsnl\/100063484989896\/\" \/>\n<meta property=\"article:modified_time\" content=\"2026-03-25T11:59:48+00:00\" \/>\n<meta property=\"og:image\" content=\"https:\/\/www.pharmacy4pets.nl\/wp-content\/uploads\/2018\/10\/aesculap_scheerkop_isis_gt608_1_st_pharmacy4pets.jpg\" \/>\n\t<meta property=\"og:image:width\" content=\"600\" \/>\n\t<meta property=\"og:image:height\" content=\"600\" \/>\n\t<meta property=\"og:image:type\" content=\"image\/jpeg\" \/>\n<meta name=\"twitter:card\" content=\"summary_large_image\" \/>\n<script type=\"application\/ld+json\" class=\"yoast-schema-graph\">{\"@context\":\"https:\\\/\\\/schema.org\",\"@graph\":[{\"@type\":\"WebPage\",\"@id\":\"https:\\\/\\\/www.pharmacy4pets.nl\\\/aesculap-scheerkop-isis-gt608\",\"url\":\"https:\\\/\\\/www.pharmacy4pets.nl\\\/aesculap-scheerkop-isis-gt608\",\"name\":\"Aesculap scheerkop Isis GT608 - Pharmacy4pets\",\"isPartOf\":{\"@id\":\"http:\\\/\\\/www.pharmacy4pets.nl\\\/#website\"},\"primaryImageOfPage\":{\"@id\":\"https:\\\/\\\/www.pharmacy4pets.nl\\\/aesculap-scheerkop-isis-gt608#primaryimage\"},\"image\":{\"@id\":\"https:\\\/\\\/www.pharmacy4pets.nl\\\/aesculap-scheerkop-isis-gt608#primaryimage\"},\"thumbnailUrl\":\"https:\\\/\\\/www.pharmacy4pets.nl\\\/wp-content\\\/uploads\\\/2018\\\/10\\\/aesculap_scheerkop_isis_gt608_1_st_pharmacy4pets.jpg\",\"datePublished\":\"2018-10-03T13:02:16+00:00\",\"dateModified\":\"2026-03-25T11:59:48+00:00\",\"breadcrumb\":{\"@id\":\"https:\\\/\\\/www.pharmacy4pets.nl\\\/aesculap-scheerkop-isis-gt608#breadcrumb\"},\"inLanguage\":\"nl-NL\",\"potentialAction\":[{\"@type\":\"ReadAction\",\"target\":[\"https:\\\/\\\/www.pharmacy4pets.nl\\\/aesculap-scheerkop-isis-gt608\"]}]},{\"@type\":\"ImageObject\",\"inLanguage\":\"nl-NL\",\"@id\":\"https:\\\/\\\/www.pharmacy4pets.nl\\\/aesculap-scheerkop-isis-gt608#primaryimage\",\"url\":\"https:\\\/\\\/www.pharmacy4pets.nl\\\/wp-content\\\/uploads\\\/2018\\\/10\\\/aesculap_scheerkop_isis_gt608_1_st_pharmacy4pets.jpg\",\"contentUrl\":\"https:\\\/\\\/www.pharmacy4pets.nl\\\/wp-content\\\/uploads\\\/2018\\\/10\\\/aesculap_scheerkop_isis_gt608_1_st_pharmacy4pets.jpg\",\"width\":600,\"height\":600,\"caption\":\"Aesculap\"},{\"@type\":\"BreadcrumbList\",\"@id\":\"https:\\\/\\\/www.pharmacy4pets.nl\\\/aesculap-scheerkop-isis-gt608#breadcrumb\",\"itemListElement\":[{\"@type\":\"ListItem\",\"position\":1,\"name\":\"Home\",\"item\":\"https:\\\/\\\/p4p-nl.bootmine.com\\\/\"},{\"@type\":\"ListItem\",\"position\":2,\"name\":\"Winkel\",\"item\":\"https:\\\/\\\/p4p-nl.bootmine.com\\\/winkel\"},{\"@type\":\"ListItem\",\"position\":3,\"name\":\"Aesculap scheerkop Isis GT608\"}]},{\"@type\":\"WebSite\",\"@id\":\"http:\\\/\\\/www.pharmacy4pets.nl\\\/#website\",\"url\":\"http:\\\/\\\/www.pharmacy4pets.nl\\\/\",\"name\":\"Pharmacy4pets\",\"description\":\"Pharmacy4pets.nl is d\u00e9 online apotheek waar u terecht kunt voor alle diergeneesmiddelen, verzorgingsproducten en dieetvoeding voor uw huisdier.\",\"publisher\":{\"@id\":\"http:\\\/\\\/www.pharmacy4pets.nl\\\/#organization\"},\"potentialAction\":[{\"@type\":\"SearchAction\",\"target\":{\"@type\":\"EntryPoint\",\"urlTemplate\":\"http:\\\/\\\/www.pharmacy4pets.nl\\\/?s={search_term_string}\"},\"query-input\":{\"@type\":\"PropertyValueSpecification\",\"valueRequired\":true,\"valueName\":\"search_term_string\"}}],\"inLanguage\":\"nl-NL\"},{\"@type\":\"Organization\",\"@id\":\"http:\\\/\\\/www.pharmacy4pets.nl\\\/#organization\",\"name\":\"Pharmacy4pets\",\"url\":\"http:\\\/\\\/www.pharmacy4pets.nl\\\/\",\"logo\":{\"@type\":\"ImageObject\",\"inLanguage\":\"nl-NL\",\"@id\":\"http:\\\/\\\/www.pharmacy4pets.nl\\\/#\\\/schema\\\/logo\\\/image\\\/\",\"url\":\"https:\\\/\\\/p4p-nl.bootmine.com\\\/wp-content\\\/uploads\\\/2026\\\/03\\\/logo-pharmacy4pets.png\",\"contentUrl\":\"https:\\\/\\\/p4p-nl.bootmine.com\\\/wp-content\\\/uploads\\\/2026\\\/03\\\/logo-pharmacy4pets.png\",\"width\":1024,\"height\":135,\"caption\":\"Pharmacy4pets\"},\"image\":{\"@id\":\"http:\\\/\\\/www.pharmacy4pets.nl\\\/#\\\/schema\\\/logo\\\/image\\\/\"},\"sameAs\":[\"https:\\\/\\\/www.facebook.com\\\/people\\\/Pharmacy4petsnl\\\/100063484989896\\\/\",\"https:\\\/\\\/www.youtube.com\\\/channel\\\/UCGPTIgucgli03tP2_kvLkHg\\\/featured\",\"https:\\\/\\\/www.instagram.com\\\/pharmacy4pets.nl\"]}]}<\/script>\n<!-- \/ Yoast SEO plugin. -->","yoast_head_json":{"title":"Aesculap scheerkop Isis GT608 - Pharmacy4pets","robots":{"index":"index","follow":"follow","max-snippet":"max-snippet:-1","max-image-preview":"max-image-preview:large","max-video-preview":"max-video-preview:-1"},"canonical":"https:\/\/www.pharmacy4pets.nl\/aesculap-scheerkop-isis-gt608","og_locale":"nl_NL","og_type":"article","og_title":"Aesculap scheerkop Isis GT608 - Pharmacy4pets","og_description":"De Aesculap scheerkop Isis GT608 is een scheerkop die past op de Aesculap tondeuse Isis GT420. De Aesculap tondeuses worden vaak gebruikt in dierenartsenpraktijken en trimsalons. De Aesculap Isis GT608 scheerkop wordt los geleverd van de Aesculap tondeuse Isis GT420.","og_url":"https:\/\/www.pharmacy4pets.nl\/aesculap-scheerkop-isis-gt608","og_site_name":"Pharmacy4pets","article_publisher":"https:\/\/www.facebook.com\/people\/Pharmacy4petsnl\/100063484989896\/","article_modified_time":"2026-03-25T11:59:48+00:00","og_image":[{"width":600,"height":600,"url":"https:\/\/www.pharmacy4pets.nl\/wp-content\/uploads\/2018\/10\/aesculap_scheerkop_isis_gt608_1_st_pharmacy4pets.jpg","type":"image\/jpeg"}],"twitter_card":"summary_large_image","schema":{"@context":"https:\/\/schema.org","@graph":[{"@type":"WebPage","@id":"https:\/\/www.pharmacy4pets.nl\/aesculap-scheerkop-isis-gt608","url":"https:\/\/www.pharmacy4pets.nl\/aesculap-scheerkop-isis-gt608","name":"Aesculap scheerkop Isis GT608 - Pharmacy4pets","isPartOf":{"@id":"http:\/\/www.pharmacy4pets.nl\/#website"},"primaryImageOfPage":{"@id":"https:\/\/www.pharmacy4pets.nl\/aesculap-scheerkop-isis-gt608#primaryimage"},"image":{"@id":"https:\/\/www.pharmacy4pets.nl\/aesculap-scheerkop-isis-gt608#primaryimage"},"thumbnailUrl":"https:\/\/www.pharmacy4pets.nl\/wp-content\/uploads\/2018\/10\/aesculap_scheerkop_isis_gt608_1_st_pharmacy4pets.jpg","datePublished":"2018-10-03T13:02:16+00:00","dateModified":"2026-03-25T11:59:48+00:00","breadcrumb":{"@id":"https:\/\/www.pharmacy4pets.nl\/aesculap-scheerkop-isis-gt608#breadcrumb"},"inLanguage":"nl-NL","potentialAction":[{"@type":"ReadAction","target":["https:\/\/www.pharmacy4pets.nl\/aesculap-scheerkop-isis-gt608"]}]},{"@type":"ImageObject","inLanguage":"nl-NL","@id":"https:\/\/www.pharmacy4pets.nl\/aesculap-scheerkop-isis-gt608#primaryimage","url":"https:\/\/www.pharmacy4pets.nl\/wp-content\/uploads\/2018\/10\/aesculap_scheerkop_isis_gt608_1_st_pharmacy4pets.jpg","contentUrl":"https:\/\/www.pharmacy4pets.nl\/wp-content\/uploads\/2018\/10\/aesculap_scheerkop_isis_gt608_1_st_pharmacy4pets.jpg","width":600,"height":600,"caption":"Aesculap"},{"@type":"BreadcrumbList","@id":"https:\/\/www.pharmacy4pets.nl\/aesculap-scheerkop-isis-gt608#breadcrumb","itemListElement":[{"@type":"ListItem","position":1,"name":"Home","item":"https:\/\/p4p-nl.bootmine.com\/"},{"@type":"ListItem","position":2,"name":"Winkel","item":"https:\/\/p4p-nl.bootmine.com\/winkel"},{"@type":"ListItem","position":3,"name":"Aesculap scheerkop Isis GT608"}]},{"@type":"WebSite","@id":"http:\/\/www.pharmacy4pets.nl\/#website","url":"http:\/\/www.pharmacy4pets.nl\/","name":"Pharmacy4pets","description":"Pharmacy4pets.nl is d\u00e9 online apotheek waar u terecht kunt voor alle diergeneesmiddelen, verzorgingsproducten en dieetvoeding voor uw huisdier.","publisher":{"@id":"http:\/\/www.pharmacy4pets.nl\/#organization"},"potentialAction":[{"@type":"SearchAction","target":{"@type":"EntryPoint","urlTemplate":"http:\/\/www.pharmacy4pets.nl\/?s={search_term_string}"},"query-input":{"@type":"PropertyValueSpecification","valueRequired":true,"valueName":"search_term_string"}}],"inLanguage":"nl-NL"},{"@type":"Organization","@id":"http:\/\/www.pharmacy4pets.nl\/#organization","name":"Pharmacy4pets","url":"http:\/\/www.pharmacy4pets.nl\/","logo":{"@type":"ImageObject","inLanguage":"nl-NL","@id":"http:\/\/www.pharmacy4pets.nl\/#\/schema\/logo\/image\/","url":"https:\/\/p4p-nl.bootmine.com\/wp-content\/uploads\/2026\/03\/logo-pharmacy4pets.png","contentUrl":"https:\/\/p4p-nl.bootmine.com\/wp-content\/uploads\/2026\/03\/logo-pharmacy4pets.png","width":1024,"height":135,"caption":"Pharmacy4pets"},"image":{"@id":"http:\/\/www.pharmacy4pets.nl\/#\/schema\/logo\/image\/"},"sameAs":["https:\/\/www.facebook.com\/people\/Pharmacy4petsnl\/100063484989896\/","https:\/\/www.youtube.com\/channel\/UCGPTIgucgli03tP2_kvLkHg\/featured","https:\/\/www.instagram.com\/pharmacy4pets.nl"]}]}},"market_data":{"nl":{"price":0,"sale_price":0,"active":false,"url":null,"parent_url":"","tax_rate":0,"price_inc_tax":0,"sale_price_inc_tax":0},"de":{"price":0,"sale_price":0,"active":false,"url":null,"parent_url":"","tax_rate":0,"price_inc_tax":0,"sale_price_inc_tax":0},"be":{"price":0,"sale_price":0,"active":false,"url":null,"parent_url":"","tax_rate":0,"price_inc_tax":0,"sale_price_inc_tax":0},"fr":{"price":0,"sale_price":0,"active":false,"url":null,"parent_url":"","tax_rate":0,"price_inc_tax":0,"sale_price_inc_tax":0},"ch":{"price":0,"sale_price":0,"active":false,"url":null,"parent_url":"","tax_rate":0,"price_inc_tax":0,"sale_price_inc_tax":0},"at":{"price":0,"sale_price":0,"active":false,"url":null,"parent_url":"","tax_rate":0,"price_inc_tax":0,"sale_price_inc_tax":0},"es":{"price":0,"sale_price":0,"active":false,"url":null,"parent_url":"","tax_rate":0,"price_inc_tax":0,"sale_price_inc_tax":0},"dk":{"price":0,"sale_price":0,"active":false,"url":null,"parent_url":"","tax_rate":0,"price_inc_tax":0,"sale_price_inc_tax":0},"com":{"price":0,"sale_price":0,"active":false,"url":null,"parent_url":"","tax_rate":0,"price_inc_tax":0,"sale_price_inc_tax":0}},"market_nl_price":0,"market_nl_sale_price":0,"market_nl_active":false,"market_nl_url":null,"market_nl_parent_url":"","market_nl_tax_rate":0,"market_nl_price_inc_tax":0,"market_nl_sale_price_inc_tax":0,"market_de_price":0,"market_de_sale_price":0,"market_de_active":false,"market_de_url":null,"market_de_parent_url":"","market_de_tax_rate":0,"market_de_price_inc_tax":0,"market_de_sale_price_inc_tax":0,"market_be_price":0,"market_be_sale_price":0,"market_be_active":false,"market_be_url":null,"market_be_parent_url":"","market_be_tax_rate":0,"market_be_price_inc_tax":0,"market_be_sale_price_inc_tax":0,"market_fr_price":0,"market_fr_sale_price":0,"market_fr_active":false,"market_fr_url":null,"market_fr_parent_url":"","market_fr_tax_rate":0,"market_fr_price_inc_tax":0,"market_fr_sale_price_inc_tax":0,"market_ch_price":0,"market_ch_sale_price":0,"market_ch_active":false,"market_ch_url":null,"market_ch_parent_url":"","market_ch_tax_rate":0,"market_ch_price_inc_tax":0,"market_ch_sale_price_inc_tax":0,"market_at_price":0,"market_at_sale_price":0,"market_at_active":false,"market_at_url":null,"market_at_parent_url":"","market_at_tax_rate":0,"market_at_price_inc_tax":0,"market_at_sale_price_inc_tax":0,"market_es_price":0,"market_es_sale_price":0,"market_es_active":false,"market_es_url":null,"market_es_parent_url":"","market_es_tax_rate":0,"market_es_price_inc_tax":0,"market_es_sale_price_inc_tax":0,"market_dk_price":0,"market_dk_sale_price":0,"market_dk_active":false,"market_dk_url":null,"market_dk_parent_url":"","market_dk_tax_rate":0,"market_dk_price_inc_tax":0,"market_dk_sale_price_inc_tax":0,"market_com_price":0,"market_com_sale_price":0,"market_com_active":false,"market_com_url":null,"market_com_parent_url":"","market_com_tax_rate":0,"market_com_price_inc_tax":0,"market_com_sale_price_inc_tax":0,"acf":[],"_links":{"self":[{"href":"https:\/\/www.pharmacy4pets.nl\/be\/wp-json\/wp\/v2\/product\/118887","targetHints":{"allow":["GET"]}}],"collection":[{"href":"https:\/\/www.pharmacy4pets.nl\/be\/wp-json\/wp\/v2\/product"}],"about":[{"href":"https:\/\/www.pharmacy4pets.nl\/be\/wp-json\/wp\/v2\/types\/product"}],"replies":[{"embeddable":true,"href":"https:\/\/www.pharmacy4pets.nl\/be\/wp-json\/wp\/v2\/comments?post=118887"}],"wp:featuredmedia":[{"embeddable":true,"href":"https:\/\/www.pharmacy4pets.nl\/be\/wp-json\/wp\/v2\/media\/118886"}],"wp:attachment":[{"href":"https:\/\/www.pharmacy4pets.nl\/be\/wp-json\/wp\/v2\/media?parent=118887"}],"wp:term":[{"taxonomy":"product_brand","embeddable":true,"href":"https:\/\/www.pharmacy4pets.nl\/be\/wp-json\/wp\/v2\/product_brand?post=118887"},{"taxonomy":"product_cat","embeddable":true,"href":"https:\/\/www.pharmacy4pets.nl\/be\/wp-json\/wp\/v2\/product_cat?post=118887"},{"taxonomy":"product_tag","embeddable":true,"href":"https:\/\/www.pharmacy4pets.nl\/be\/wp-json\/wp\/v2\/product_tag?post=118887"}],"curies":[{"name":"wp","href":"https:\/\/api.w.org\/{rel}","templated":true}]}}