{"id":118885,"date":"2018-10-03T12:53:42","date_gmt":"2018-10-03T12:53:42","guid":{"rendered":"https:\/\/p4p.test\/aesculap-tondeuse-vega-gt410"},"modified":"2026-03-25T11:59:47","modified_gmt":"2026-03-25T11:59:47","slug":"aesculap-tondeuse-vega-gt410","status":"publish","type":"product","link":"https:\/\/www.pharmacy4pets.nl\/be\/aesculap-tondeuse-vega-gt410","title":{"rendered":"Aesculap tondeuse Vega GT410"},"content":{"rendered":"<p style=\"text-align: justify;\">De Aesculap tondeuse Vega GT410 is bedoeld voor het scheren van grotere oppervlaktes en operatiegebieden. De Aesculap tondeuse Vega GT410 kan zowel draadloos als met de stekker gebruikt worden. <\/p>\n<p> De meegeleverde Aesculap scheerkop Vega GT606 wordt vastgeklikt op de tondeuse. De scheerkop heeft 3 standen: 0,5 mm, 1,5 mm en 2,5 mm. De reservescheerkop(pen) kunnen bewaard worden in de oplader. <\/p>\n<p> <span style=\"text-decoration: underline;\">Verpakking:<\/span><br \/>&#8211; Aesculap tondeuse Vega GT410<br \/>&#8211; Aesculap scheerkop Vega GT606<br \/>&#8211; 5 Clip-on kammen<br \/>&#8211; Borstel<br \/>&#8211; Oplader<br \/>&#8211; Aesculap olie<br \/>&#8211; Handleiding<\/p>\n<p>Lees voor gebruik altijd de handleiding.<\/p>\n<p><span style=\"color: #ff0000;\"><strong>Let op: dit artikel heeft een langere levertijd.<\/strong><\/span><\/p>\n","protected":false},"excerpt":{"rendered":"<p>De Aesculap tondeuse Vega GT410 is bedoeld voor het scheren van grotere oppervlaktes en operatiegebieden. De Aesculap tondeuse Vega GT410 kan zowel draadloos als met de stekker gebruikt worden. De meegeleverde Aesculap scheerkop Vega GT606 wordt vastgeklikt op de tondeuse. De scheerkop heeft 3 standen: 0,5 mm, 1,5 mm en 2,5 mm. De reservescheerkop(pen) kunnen [&hellip;]<\/p>\n","protected":false},"featured_media":118884,"comment_status":"open","ping_status":"closed","template":"","meta":{"_acf_changed":false,"_nl_post_content":"<p style=\"text-align: justify;\">De Aesculap tondeuse Vega GT410 is bedoeld voor het scheren van grotere oppervlaktes en operatiegebieden. De Aesculap tondeuse Vega GT410 kan zowel draadloos als met de stekker gebruikt worden. <br \/> <br \/> De meegeleverde Aesculap scheerkop Vega GT606 wordt vastgeklikt op de tondeuse. De scheerkop heeft 3 standen: 0,5 mm, 1,5 mm en 2,5 mm. De reservescheerkop(pen) kunnen bewaard worden in de oplader. <br \/> <br \/> <span style=\"text-decoration: underline;\">Verpakking:<\/span><br \/>- Aesculap tondeuse Vega GT410<br \/>- Aesculap scheerkop Vega GT606<br \/>- 5 Clip-on kammen<br \/>- Borstel<br \/>- Oplader<br \/>- Aesculap olie<br \/>- Handleiding<br \/><br \/>Lees voor gebruik altijd de handleiding.<br \/><br \/><span style=\"color: #ff0000;\"><strong>Let op: dit artikel heeft een langere levertijd.<\/strong><\/span><\/p>","_nl_post_name":"aesculap-tondeuse-vega-gt410","_nl_post_excerpt":"","_nl_post_title":"Aesculap tondeuse Vega GT410","_en_post_content":"<p style=\"text-align: justify;\">The Aesculap clipper Vega GT410 is intended for shaving larger areas and operation areas. The Aesculap clipper Vega GT410 can be used both wirelessly and with the plug.<\/p>\r\n<p style=\"text-align: justify;\">The supplied Aesculap clipping head Vega GT606 is clicked onto the clipper. The clipping head has 3 positions: 0.5 mm, 1.5 mm and 2.5 mm. The spare clipping head(s) can be stored in the charger.<\/p>\r\n<p style=\"text-align: justify;\"><span style=\"text-decoration: underline;\">Packaging:<\/span><br \/>- Aesculap clippers Vega GT410<br \/>- Aesculap clipping head Vega GT606<br \/>- 5 Clip-on combs<br \/>- Brush<br \/>- Charger<br \/>- Aesculap oil<br \/>- Manual<\/p>\r\n<p style=\"text-align: justify;\">Always read the manual before use.<br \/><br \/><span style=\"color: #ff0000;\"><strong>Please note: this product has an extended time of delivery.<\/strong><\/span><\/p>","_en_post_name":"aesculap-clippers-vega-gt410","_en_post_excerpt":"","_en_post_title":"Aesculap clippers Vega GT410","_de_post_content":"<p style=\"text-align: justify;\">Der Aesculap Schermaschine Vega GT410 wurde f&uuml;r die Rasur gr&ouml;&szlig;erer Fl&auml;chen und Operationsfl&auml;chen&nbsp;entwickelt. Die Aesculap Schermaschine Vega GT410 kann sowohl drahtlos als auch mit dem Stecker verwendet werden.<\/p>\r\n<p style=\"text-align: justify;\">Der mitgelieferte Aesculap Scherkopf Vega GT606 wird auf die Schermaschine geklickt. Der Scherkopf hat 3 Positionen: 0,5 mm, 1,5 mm und 2,5 mm. Die Ersatzscherkopf(e) k&ouml;nnen im Ladeger&auml;t aufbewahrt werden.<\/p>\r\n<p style=\"text-align: justify;\"><span style=\"text-decoration: underline;\">Verpackung:<\/span><br \/>- Aesculap Schermaschine Vega GT410<br \/>- Aesculap Scherkopf Vega GT606<br \/>- 5 Aufsteckk&auml;mme<br \/>- Pinsel<br \/>- Ladeger&auml;t<br \/>- Aesculap-&Ouml;l<br \/>- Bedienungsanleitung<\/p>\r\n<p style=\"text-align: justify;\">Lesen Sie vor Gebrauch immer die Bedienungsanleitung.<br \/><br \/><span style=\"color: #ff0000;\"><strong>Bitte beachten Sie: Dieses Produkt hat eine l&auml;ngere Lieferzeit.<\/strong><\/span><\/p>","_de_post_name":"aesculap-schermaschine-vega-gt410","_de_post_excerpt":"","_de_post_title":"Aesculap Schermaschine Vega GT410","_fr_post_content":"<p>La tondeuse Vega GT410 d'Aesculap est con\u00e7ue pour le rasage de zones plus larges et de zones chirurgicales. La tondeuse Vega GT410 d'Aesculap peut \u00eatre utilis\u00e9e sans fil ou branch\u00e9e.<\/p>\r\n<p>La t\u00eate de rasage Aesculap Vega GT606 incluse se clipse sur la tondeuse. La t\u00eate de rasage a 3 positions : 0,5 mm, 1,5 mm et 2,5 mm. La ou les t\u00eates de rasoir de rechange peuvent \u00eatre rang\u00e9es dans le chargeur.<\/p>\r\n<p>Emballage :<br \/>- Tondeuse Vega GT410 d'Aesculap<br \/>- T\u00eate de rasage Aesculap Vega GT606<br \/>- 5 Peignes \u00e0 clipser<br \/>- Brosse<br \/>- Chargeur<br \/>- Huile d'esculape<br \/>- Manuel d'instruction<\/p>\r\n<p>Lisez toujours le manuel avant de l'utiliser.<\/p>\r\n<p style=\"text-align: justify;\"><br \/><br \/><span style=\"color: #ff0000;\"><strong>Attention : ce produit a un d\u00e9lai de livraison plus long.<\/strong><\/span><\/p>","_fr_post_name":"aesculap-vega-gt410-1-st","_fr_post_excerpt":"","_fr_post_title":"Aesculap tondeuse Vega GT410","_es_post_content":"<p style=\"text-align: justify;\">La m&aacute;quina cortapelo de Aesculap Vega GT410 est&aacute; dise&ntilde;ada para rasurar grandes &aacute;reas y zonas de cirug&iacute;a. La m&aacute;quina Aesculap Vega GT410 puede utilizarse tanto de forma inal&aacute;mbrica como con cable. <br \/><br \/>El cabezal Aesculap Vega GT606 incluido se encaja en la m&aacute;quina. El cabezal tiene 3 medidas: 0,5 mm, 1,5 mm y 2,5 mm. Los cabezales de repuesto se almacenan en el cargador. <br \/> <br \/> <span style=\"text-decoration: underline;\">Embalaje:<\/span><br \/>- la m&aacute;quina cortapelo Aesculap Vega GT410<br \/>- Cabezal Aesculap Vega GT606<br \/>- 5 peines con clip<br \/>- Cepillo<br \/>- Cargador<br \/>- Aceite Aesculap<br \/>- Manual<br \/><br \/>Lea siempre el manual antes de su uso.<br \/><br \/><span style=\"color: #ff0000;\"><strong>Nota: este art&iacute;culo tiene un plazo de entrega m&aacute;s largo.<\/strong><\/span><\/p>","_es_post_name":"aesculap-vega-gt410-1","_es_post_excerpt":"","_es_post_title":"M\u00e1quina cortapelo Aesculap Vega GT410","edit_language":"nl"},"product_brand":[],"product_cat":[1902,1891,1861,1117,1118,1857,2124,2132,1863,1893],"product_tag":[],"class_list":{"0":"post-118885","1":"product","2":"type-product","3":"status-publish","4":"has-post-thumbnail","6":"product_cat-aesculap","7":"product_cat-benodigdheden","9":"product_cat-honden","10":"product_cat-katten","11":"product_cat-merken","12":"product_cat-tondeuses","14":"product_cat-verzorging","16":"pa_aandoening-huid_vacht","17":"pa_doeldier-hond","18":"pa_doeldier-kat","19":"pa_fabricatieland-duitsland","20":"pa_merkfilter-aesculap","21":"pa_merkgroep-aesculap","22":"pa_productsoort-overig","23":"pa_seo_canonical_store_id-not_found_value","24":"pa_seo_category-not_found_value","25":"pa_seo_meta_robots-not_found_value","26":"pa_toedieningswijze-tondeuse","27":"pa_unit_pricing_base_measure-1ct","28":"pa_unit_pricing_measure-1ct","29":"pa_werkzamestof-overig","31":"first","32":"instock","33":"taxable","34":"shipping-taxable","35":"purchasable","36":"product-type-simple"},"yoast_head":"<!-- This site is optimized with the Yoast SEO plugin v27.5 - https:\/\/yoast.com\/product\/yoast-seo-wordpress\/ -->\n<title>Aesculap tondeuse Vega GT410 - Pharmacy4pets<\/title>\n<meta name=\"robots\" content=\"index, follow, max-snippet:-1, max-image-preview:large, max-video-preview:-1\" \/>\n<link rel=\"canonical\" href=\"https:\/\/p4p-nl.bootmine.com\/%product-slug%\/aesculap-tondeuse-vega-gt410\" \/>\n<meta property=\"og:locale\" content=\"nl_NL\" \/>\n<meta property=\"og:type\" content=\"article\" \/>\n<meta property=\"og:title\" content=\"Aesculap tondeuse Vega GT410 - Pharmacy4pets\" \/>\n<meta property=\"og:description\" content=\"De Aesculap tondeuse Vega GT410 is bedoeld voor het scheren van grotere oppervlaktes en operatiegebieden. De Aesculap tondeuse Vega GT410 kan zowel draadloos als met de stekker gebruikt worden. De meegeleverde Aesculap scheerkop Vega GT606 wordt vastgeklikt op de tondeuse. De scheerkop heeft 3 standen: 0,5 mm, 1,5 mm en 2,5 mm. De reservescheerkop(pen) kunnen [&hellip;]\" \/>\n<meta property=\"og:url\" content=\"https:\/\/p4p-nl.bootmine.com\/%product-slug%\/aesculap-tondeuse-vega-gt410\" \/>\n<meta property=\"og:site_name\" content=\"Pharmacy4pets\" \/>\n<meta property=\"article:publisher\" content=\"https:\/\/www.facebook.com\/people\/Pharmacy4petsnl\/100063484989896\/\" \/>\n<meta property=\"article:modified_time\" content=\"2026-03-25T11:59:47+00:00\" \/>\n<meta property=\"og:image\" content=\"https:\/\/p4p-nl.bootmine.com\/wp-content\/uploads\/2018\/10\/aesculap_tondeuse_vega_gt410_1st_pharmacy4pets.jpg\" \/>\n\t<meta property=\"og:image:width\" content=\"600\" \/>\n\t<meta property=\"og:image:height\" content=\"600\" \/>\n\t<meta property=\"og:image:type\" content=\"image\/jpeg\" \/>\n<meta name=\"twitter:card\" content=\"summary_large_image\" \/>\n<script type=\"application\/ld+json\" class=\"yoast-schema-graph\">{\"@context\":\"https:\\\/\\\/schema.org\",\"@graph\":[{\"@type\":\"WebPage\",\"@id\":\"https:\\\/\\\/p4p-nl.bootmine.com\\\/%product-slug%\\\/aesculap-tondeuse-vega-gt410\",\"url\":\"https:\\\/\\\/p4p-nl.bootmine.com\\\/%product-slug%\\\/aesculap-tondeuse-vega-gt410\",\"name\":\"Aesculap tondeuse Vega GT410 - Pharmacy4pets\",\"isPartOf\":{\"@id\":\"http:\\\/\\\/www.pharmacy4pets.nl\\\/#website\"},\"primaryImageOfPage\":{\"@id\":\"https:\\\/\\\/p4p-nl.bootmine.com\\\/%product-slug%\\\/aesculap-tondeuse-vega-gt410#primaryimage\"},\"image\":{\"@id\":\"https:\\\/\\\/p4p-nl.bootmine.com\\\/%product-slug%\\\/aesculap-tondeuse-vega-gt410#primaryimage\"},\"thumbnailUrl\":\"https:\\\/\\\/www.pharmacy4pets.nl\\\/wp-content\\\/uploads\\\/2018\\\/10\\\/aesculap_tondeuse_vega_gt410_1st_pharmacy4pets.jpg\",\"datePublished\":\"2018-10-03T12:53:42+00:00\",\"dateModified\":\"2026-03-25T11:59:47+00:00\",\"breadcrumb\":{\"@id\":\"https:\\\/\\\/p4p-nl.bootmine.com\\\/%product-slug%\\\/aesculap-tondeuse-vega-gt410#breadcrumb\"},\"inLanguage\":\"nl-NL\",\"potentialAction\":[{\"@type\":\"ReadAction\",\"target\":[\"https:\\\/\\\/p4p-nl.bootmine.com\\\/%product-slug%\\\/aesculap-tondeuse-vega-gt410\"]}]},{\"@type\":\"ImageObject\",\"inLanguage\":\"nl-NL\",\"@id\":\"https:\\\/\\\/p4p-nl.bootmine.com\\\/%product-slug%\\\/aesculap-tondeuse-vega-gt410#primaryimage\",\"url\":\"https:\\\/\\\/www.pharmacy4pets.nl\\\/wp-content\\\/uploads\\\/2018\\\/10\\\/aesculap_tondeuse_vega_gt410_1st_pharmacy4pets.jpg\",\"contentUrl\":\"https:\\\/\\\/www.pharmacy4pets.nl\\\/wp-content\\\/uploads\\\/2018\\\/10\\\/aesculap_tondeuse_vega_gt410_1st_pharmacy4pets.jpg\",\"width\":600,\"height\":600,\"caption\":\"Aesculap\"},{\"@type\":\"BreadcrumbList\",\"@id\":\"https:\\\/\\\/p4p-nl.bootmine.com\\\/%product-slug%\\\/aesculap-tondeuse-vega-gt410#breadcrumb\",\"itemListElement\":[{\"@type\":\"ListItem\",\"position\":1,\"name\":\"Home\",\"item\":\"https:\\\/\\\/p4p-nl.bootmine.com\\\/\"},{\"@type\":\"ListItem\",\"position\":2,\"name\":\"Winkel\",\"item\":\"https:\\\/\\\/p4p-nl.bootmine.com\\\/winkel\"},{\"@type\":\"ListItem\",\"position\":3,\"name\":\"Aesculap tondeuse Vega GT410\"}]},{\"@type\":\"WebSite\",\"@id\":\"http:\\\/\\\/www.pharmacy4pets.nl\\\/#website\",\"url\":\"http:\\\/\\\/www.pharmacy4pets.nl\\\/\",\"name\":\"Pharmacy4pets\",\"description\":\"Pharmacy4pets.nl is d\u00e9 online apotheek waar u terecht kunt voor alle diergeneesmiddelen, verzorgingsproducten en dieetvoeding voor uw huisdier.\",\"publisher\":{\"@id\":\"http:\\\/\\\/www.pharmacy4pets.nl\\\/#organization\"},\"potentialAction\":[{\"@type\":\"SearchAction\",\"target\":{\"@type\":\"EntryPoint\",\"urlTemplate\":\"http:\\\/\\\/www.pharmacy4pets.nl\\\/?s={search_term_string}\"},\"query-input\":{\"@type\":\"PropertyValueSpecification\",\"valueRequired\":true,\"valueName\":\"search_term_string\"}}],\"inLanguage\":\"nl-NL\"},{\"@type\":\"Organization\",\"@id\":\"http:\\\/\\\/www.pharmacy4pets.nl\\\/#organization\",\"name\":\"Pharmacy4pets\",\"url\":\"http:\\\/\\\/www.pharmacy4pets.nl\\\/\",\"logo\":{\"@type\":\"ImageObject\",\"inLanguage\":\"nl-NL\",\"@id\":\"http:\\\/\\\/www.pharmacy4pets.nl\\\/#\\\/schema\\\/logo\\\/image\\\/\",\"url\":\"https:\\\/\\\/p4p-nl.bootmine.com\\\/wp-content\\\/uploads\\\/2026\\\/03\\\/logo-pharmacy4pets.png\",\"contentUrl\":\"https:\\\/\\\/p4p-nl.bootmine.com\\\/wp-content\\\/uploads\\\/2026\\\/03\\\/logo-pharmacy4pets.png\",\"width\":1024,\"height\":135,\"caption\":\"Pharmacy4pets\"},\"image\":{\"@id\":\"http:\\\/\\\/www.pharmacy4pets.nl\\\/#\\\/schema\\\/logo\\\/image\\\/\"},\"sameAs\":[\"https:\\\/\\\/www.facebook.com\\\/people\\\/Pharmacy4petsnl\\\/100063484989896\\\/\",\"https:\\\/\\\/www.youtube.com\\\/channel\\\/UCGPTIgucgli03tP2_kvLkHg\\\/featured\",\"https:\\\/\\\/www.instagram.com\\\/pharmacy4pets.nl\"]}]}<\/script>\n<!-- \/ Yoast SEO plugin. -->","yoast_head_json":{"title":"Aesculap tondeuse Vega GT410 - Pharmacy4pets","robots":{"index":"index","follow":"follow","max-snippet":"max-snippet:-1","max-image-preview":"max-image-preview:large","max-video-preview":"max-video-preview:-1"},"canonical":"https:\/\/p4p-nl.bootmine.com\/%product-slug%\/aesculap-tondeuse-vega-gt410","og_locale":"nl_NL","og_type":"article","og_title":"Aesculap tondeuse Vega GT410 - Pharmacy4pets","og_description":"De Aesculap tondeuse Vega GT410 is bedoeld voor het scheren van grotere oppervlaktes en operatiegebieden. De Aesculap tondeuse Vega GT410 kan zowel draadloos als met de stekker gebruikt worden. De meegeleverde Aesculap scheerkop Vega GT606 wordt vastgeklikt op de tondeuse. De scheerkop heeft 3 standen: 0,5 mm, 1,5 mm en 2,5 mm. De reservescheerkop(pen) kunnen [&hellip;]","og_url":"https:\/\/p4p-nl.bootmine.com\/%product-slug%\/aesculap-tondeuse-vega-gt410","og_site_name":"Pharmacy4pets","article_publisher":"https:\/\/www.facebook.com\/people\/Pharmacy4petsnl\/100063484989896\/","article_modified_time":"2026-03-25T11:59:47+00:00","og_image":[{"width":600,"height":600,"url":"https:\/\/p4p-nl.bootmine.com\/wp-content\/uploads\/2018\/10\/aesculap_tondeuse_vega_gt410_1st_pharmacy4pets.jpg","type":"image\/jpeg"}],"twitter_card":"summary_large_image","schema":{"@context":"https:\/\/schema.org","@graph":[{"@type":"WebPage","@id":"https:\/\/p4p-nl.bootmine.com\/%product-slug%\/aesculap-tondeuse-vega-gt410","url":"https:\/\/p4p-nl.bootmine.com\/%product-slug%\/aesculap-tondeuse-vega-gt410","name":"Aesculap tondeuse Vega GT410 - Pharmacy4pets","isPartOf":{"@id":"http:\/\/www.pharmacy4pets.nl\/#website"},"primaryImageOfPage":{"@id":"https:\/\/p4p-nl.bootmine.com\/%product-slug%\/aesculap-tondeuse-vega-gt410#primaryimage"},"image":{"@id":"https:\/\/p4p-nl.bootmine.com\/%product-slug%\/aesculap-tondeuse-vega-gt410#primaryimage"},"thumbnailUrl":"https:\/\/www.pharmacy4pets.nl\/wp-content\/uploads\/2018\/10\/aesculap_tondeuse_vega_gt410_1st_pharmacy4pets.jpg","datePublished":"2018-10-03T12:53:42+00:00","dateModified":"2026-03-25T11:59:47+00:00","breadcrumb":{"@id":"https:\/\/p4p-nl.bootmine.com\/%product-slug%\/aesculap-tondeuse-vega-gt410#breadcrumb"},"inLanguage":"nl-NL","potentialAction":[{"@type":"ReadAction","target":["https:\/\/p4p-nl.bootmine.com\/%product-slug%\/aesculap-tondeuse-vega-gt410"]}]},{"@type":"ImageObject","inLanguage":"nl-NL","@id":"https:\/\/p4p-nl.bootmine.com\/%product-slug%\/aesculap-tondeuse-vega-gt410#primaryimage","url":"https:\/\/www.pharmacy4pets.nl\/wp-content\/uploads\/2018\/10\/aesculap_tondeuse_vega_gt410_1st_pharmacy4pets.jpg","contentUrl":"https:\/\/www.pharmacy4pets.nl\/wp-content\/uploads\/2018\/10\/aesculap_tondeuse_vega_gt410_1st_pharmacy4pets.jpg","width":600,"height":600,"caption":"Aesculap"},{"@type":"BreadcrumbList","@id":"https:\/\/p4p-nl.bootmine.com\/%product-slug%\/aesculap-tondeuse-vega-gt410#breadcrumb","itemListElement":[{"@type":"ListItem","position":1,"name":"Home","item":"https:\/\/p4p-nl.bootmine.com\/"},{"@type":"ListItem","position":2,"name":"Winkel","item":"https:\/\/p4p-nl.bootmine.com\/winkel"},{"@type":"ListItem","position":3,"name":"Aesculap tondeuse Vega GT410"}]},{"@type":"WebSite","@id":"http:\/\/www.pharmacy4pets.nl\/#website","url":"http:\/\/www.pharmacy4pets.nl\/","name":"Pharmacy4pets","description":"Pharmacy4pets.nl is d\u00e9 online apotheek waar u terecht kunt voor alle diergeneesmiddelen, verzorgingsproducten en dieetvoeding voor uw huisdier.","publisher":{"@id":"http:\/\/www.pharmacy4pets.nl\/#organization"},"potentialAction":[{"@type":"SearchAction","target":{"@type":"EntryPoint","urlTemplate":"http:\/\/www.pharmacy4pets.nl\/?s={search_term_string}"},"query-input":{"@type":"PropertyValueSpecification","valueRequired":true,"valueName":"search_term_string"}}],"inLanguage":"nl-NL"},{"@type":"Organization","@id":"http:\/\/www.pharmacy4pets.nl\/#organization","name":"Pharmacy4pets","url":"http:\/\/www.pharmacy4pets.nl\/","logo":{"@type":"ImageObject","inLanguage":"nl-NL","@id":"http:\/\/www.pharmacy4pets.nl\/#\/schema\/logo\/image\/","url":"https:\/\/p4p-nl.bootmine.com\/wp-content\/uploads\/2026\/03\/logo-pharmacy4pets.png","contentUrl":"https:\/\/p4p-nl.bootmine.com\/wp-content\/uploads\/2026\/03\/logo-pharmacy4pets.png","width":1024,"height":135,"caption":"Pharmacy4pets"},"image":{"@id":"http:\/\/www.pharmacy4pets.nl\/#\/schema\/logo\/image\/"},"sameAs":["https:\/\/www.facebook.com\/people\/Pharmacy4petsnl\/100063484989896\/","https:\/\/www.youtube.com\/channel\/UCGPTIgucgli03tP2_kvLkHg\/featured","https:\/\/www.instagram.com\/pharmacy4pets.nl"]}]}},"market_data":{"nl":{"price":0,"sale_price":0,"active":false,"url":null,"parent_url":"","tax_rate":0,"price_inc_tax":0,"sale_price_inc_tax":0},"de":{"price":0,"sale_price":0,"active":false,"url":null,"parent_url":"","tax_rate":0,"price_inc_tax":0,"sale_price_inc_tax":0},"be":{"price":0,"sale_price":0,"active":false,"url":null,"parent_url":"","tax_rate":0,"price_inc_tax":0,"sale_price_inc_tax":0},"fr":{"price":0,"sale_price":0,"active":false,"url":null,"parent_url":"","tax_rate":0,"price_inc_tax":0,"sale_price_inc_tax":0},"ch":{"price":0,"sale_price":0,"active":false,"url":null,"parent_url":"","tax_rate":0,"price_inc_tax":0,"sale_price_inc_tax":0},"at":{"price":0,"sale_price":0,"active":false,"url":null,"parent_url":"","tax_rate":0,"price_inc_tax":0,"sale_price_inc_tax":0},"es":{"price":0,"sale_price":0,"active":false,"url":null,"parent_url":"","tax_rate":0,"price_inc_tax":0,"sale_price_inc_tax":0},"dk":{"price":0,"sale_price":0,"active":false,"url":null,"parent_url":"","tax_rate":0,"price_inc_tax":0,"sale_price_inc_tax":0},"com":{"price":0,"sale_price":0,"active":false,"url":null,"parent_url":"","tax_rate":0,"price_inc_tax":0,"sale_price_inc_tax":0}},"market_nl_price":0,"market_nl_sale_price":0,"market_nl_active":false,"market_nl_url":null,"market_nl_parent_url":"","market_nl_tax_rate":0,"market_nl_price_inc_tax":0,"market_nl_sale_price_inc_tax":0,"market_de_price":0,"market_de_sale_price":0,"market_de_active":false,"market_de_url":null,"market_de_parent_url":"","market_de_tax_rate":0,"market_de_price_inc_tax":0,"market_de_sale_price_inc_tax":0,"market_be_price":0,"market_be_sale_price":0,"market_be_active":false,"market_be_url":null,"market_be_parent_url":"","market_be_tax_rate":0,"market_be_price_inc_tax":0,"market_be_sale_price_inc_tax":0,"market_fr_price":0,"market_fr_sale_price":0,"market_fr_active":false,"market_fr_url":null,"market_fr_parent_url":"","market_fr_tax_rate":0,"market_fr_price_inc_tax":0,"market_fr_sale_price_inc_tax":0,"market_ch_price":0,"market_ch_sale_price":0,"market_ch_active":false,"market_ch_url":null,"market_ch_parent_url":"","market_ch_tax_rate":0,"market_ch_price_inc_tax":0,"market_ch_sale_price_inc_tax":0,"market_at_price":0,"market_at_sale_price":0,"market_at_active":false,"market_at_url":null,"market_at_parent_url":"","market_at_tax_rate":0,"market_at_price_inc_tax":0,"market_at_sale_price_inc_tax":0,"market_es_price":0,"market_es_sale_price":0,"market_es_active":false,"market_es_url":null,"market_es_parent_url":"","market_es_tax_rate":0,"market_es_price_inc_tax":0,"market_es_sale_price_inc_tax":0,"market_dk_price":0,"market_dk_sale_price":0,"market_dk_active":false,"market_dk_url":null,"market_dk_parent_url":"","market_dk_tax_rate":0,"market_dk_price_inc_tax":0,"market_dk_sale_price_inc_tax":0,"market_com_price":0,"market_com_sale_price":0,"market_com_active":false,"market_com_url":null,"market_com_parent_url":"","market_com_tax_rate":0,"market_com_price_inc_tax":0,"market_com_sale_price_inc_tax":0,"acf":[],"_links":{"self":[{"href":"https:\/\/www.pharmacy4pets.nl\/be\/wp-json\/wp\/v2\/product\/118885","targetHints":{"allow":["GET"]}}],"collection":[{"href":"https:\/\/www.pharmacy4pets.nl\/be\/wp-json\/wp\/v2\/product"}],"about":[{"href":"https:\/\/www.pharmacy4pets.nl\/be\/wp-json\/wp\/v2\/types\/product"}],"replies":[{"embeddable":true,"href":"https:\/\/www.pharmacy4pets.nl\/be\/wp-json\/wp\/v2\/comments?post=118885"}],"wp:featuredmedia":[{"embeddable":true,"href":"https:\/\/www.pharmacy4pets.nl\/be\/wp-json\/wp\/v2\/media\/118884"}],"wp:attachment":[{"href":"https:\/\/www.pharmacy4pets.nl\/be\/wp-json\/wp\/v2\/media?parent=118885"}],"wp:term":[{"taxonomy":"product_brand","embeddable":true,"href":"https:\/\/www.pharmacy4pets.nl\/be\/wp-json\/wp\/v2\/product_brand?post=118885"},{"taxonomy":"product_cat","embeddable":true,"href":"https:\/\/www.pharmacy4pets.nl\/be\/wp-json\/wp\/v2\/product_cat?post=118885"},{"taxonomy":"product_tag","embeddable":true,"href":"https:\/\/www.pharmacy4pets.nl\/be\/wp-json\/wp\/v2\/product_tag?post=118885"}],"curies":[{"name":"wp","href":"https:\/\/api.w.org\/{rel}","templated":true}]}}