{"id":118883,"date":"2018-10-03T12:45:03","date_gmt":"2018-10-03T12:45:03","guid":{"rendered":"https:\/\/p4p.test\/aesculap-favorita-ii-gt-104"},"modified":"2026-03-25T11:59:47","modified_gmt":"2026-03-25T11:59:47","slug":"aesculap-favorita-ii-gt-104","status":"publish","type":"product","link":"https:\/\/www.pharmacy4pets.nl\/be\/aesculap-favorita-ii-gt-104","title":{"rendered":"Aesculap tondeuse Favorita II GT104 (excl. scheerkop)"},"content":{"rendered":"<p style=\"text-align: justify;\">De Aesculap tondeuse Favorita II GT104 is een veel gebruikte tondeuse en wordt voor uiteenlopende doeleinden gebruikt, van het scheren van paardenbenen tot operatiegebieden van honden, katten, paarden en koeien. Het toerental bedraagt 2300 toeren per minuut.&nbsp;<span>De Aesculap tondeuse Favorita II GT104 wordt geleverd met een 5 meter lange kabel.&nbsp;<\/p>\n<p><\/span>De Aesculap tondeuse Favorita II GT104 wordt geleverd zonder scheerkop. Er zijn diverse scheerkoppen verkrijgbaar die passen op de Aesculap tondeuse Favorita II GT104, welke eenvoudig op de tondeuse te schuiven zijn.&nbsp;<\/p>\n<p><span style=\"text-decoration: underline;\">Verpakking:<\/span><br \/>&#8211; Aesculap tondeuse Favorita II GT104<br \/>&#8211; Aesculap olie (GT604)<br \/>&#8211; Handleiding<br \/>&#8211; Bewaardoos<\/p>\n<p><span>Lees voor gebruik altijd de handleiding.<\/span><\/p>\n<p><span style=\"color: #ff0000;\"><strong>Let op: dit artikel heeft een langere levertijd.<\/strong><\/span><\/p>\n","protected":false},"excerpt":{"rendered":"<p>De Aesculap tondeuse Favorita II GT104 is een veel gebruikte tondeuse en wordt voor uiteenlopende doeleinden gebruikt, van het scheren van paardenbenen tot operatiegebieden van honden, katten, paarden en koeien. Het toerental bedraagt 2300 toeren per minuut.&nbsp;De Aesculap tondeuse Favorita II GT104 wordt geleverd met een 5 meter lange kabel.&nbsp; De Aesculap tondeuse Favorita II [&hellip;]<\/p>\n","protected":false},"featured_media":118882,"comment_status":"open","ping_status":"closed","template":"","meta":{"_acf_changed":false,"_nl_post_content":"<p style=\"text-align: justify;\">De Aesculap tondeuse Favorita II GT104 is een veel gebruikte tondeuse en wordt voor uiteenlopende doeleinden gebruikt, van het scheren van paardenbenen tot operatiegebieden van honden, katten, paarden en koeien. Het toerental bedraagt 2300 toeren per minuut.&nbsp;<span>De Aesculap tondeuse Favorita II GT104 wordt geleverd met een 5 meter lange kabel.&nbsp;<br \/><br \/><\/span>De Aesculap tondeuse Favorita II GT104 wordt geleverd zonder scheerkop. Er zijn diverse scheerkoppen verkrijgbaar die passen op de Aesculap tondeuse Favorita II GT104, welke eenvoudig op de tondeuse te schuiven zijn.&nbsp;<br \/><br \/><span style=\"text-decoration: underline;\">Verpakking:<\/span><br \/>- Aesculap tondeuse Favorita II GT104<br \/>- Aesculap olie (GT604)<br \/>- Handleiding<br \/>- Bewaardoos<br \/><br \/><span>Lees voor gebruik altijd de handleiding.<\/span><br \/><br \/><span style=\"color: #ff0000;\"><strong>Let op: dit artikel heeft een langere levertijd.<\/strong><\/span><\/p>","_nl_post_name":"aesculap-favorita-ii-gt-104","_nl_post_excerpt":"","_nl_post_title":"Aesculap tondeuse Favorita II GT104 (excl. scheerkop)","_en_post_content":"<p>The Aesculap clipper Favorita II GT104 is a widely used clipper and is used for a variety of purposes, from shaving horse legs to operating areas of dogs, cats, horses and cows. The speed is 2300 rpm. The Aesculap clipper Favorita II GT104 comes with a 5 meter long cable.<\/p>\r\n<p>The Aesculap clipper Favorita II GT104 is delivered without clipping head. There are several clipping heads available that fit on the Aesculap clipper Favorita II GT104, which can easily be pushed on the clipper.<\/p>\r\n<p><span style=\"text-decoration: underline;\">Package:<\/span><br \/>- Aesculap clipper Favorita II GT104<br \/>- Aesculap oil (GT604)<br \/>- Manual<br \/>- Storage box<br \/><br \/>Always read the manual before use.<br \/><br \/><span style=\"color: #ff0000;\"><strong>Please note: this product has an extended time of delivery.<\/strong><\/span><\/p>","_en_post_name":"aesculap-favorita-ii-gt-104","_en_post_excerpt":"","_en_post_title":"Aesculap clipper Favorita II GT104 (excl. shaving head)","_de_post_content":"<p style=\"text-align: justify;\">Die Aesculap Schermaschine Favorita II GT104 ist eine weit verbreitete Schermaschine und wird f&uuml;r eine Vielzahl von Anwendungen eingesetzt, von der Rasur von Pferdebeinen bis hin zu Operationsbereichen f&uuml;r Hunde, Katzen, Pferde und K&uuml;he. Die Drehzahl betr&auml;gt 2300 U\/min. Die Aesculap Schermaschine Favorita II GT104 wird mit einem 5 Meter langen Kabel geliefert.<br \/><br \/>Die Aesculap Schermaschine Favorita II GT104 wird ohne Scherkopf geliefert. Es stehen mehrere Scherk&ouml;pfe zur Verf&uuml;gung, die zu den Aesculap Schermaschine Favorita II GT104 passen, die sich leicht auf der Schermaschine verschieben lassen.<\/p>\r\n<p style=\"text-align: justify;\"><span style=\"text-decoration: underline;\">Verpackung:<br \/><\/span>- Aesculap Schermaschine Favorita II GT104<br \/>- Aesculap-&Ouml;l (GT604)<br \/>- Bedienungsanleitung<br \/>- Aufbewahrungsbox<br \/><br \/>Lesen Sie vor Gebrauch immer die Bedienungsanleitung.<br \/><br \/><span style=\"color: #ff0000;\"><strong>Bitte beachten Sie: Dieses Produkt hat eine l&auml;ngere Lieferzeit.<\/strong><\/span><\/p>","_de_post_name":"aesculap-favorita-ii-gt-104","_de_post_excerpt":"","_de_post_title":"Aesculap Schermaschine Favorita II GT104 (exkl. Scherkopf)","_fr_post_content":"<p>La tondeuse Favorita II GT104 d'Aesculap est une tondeuse tr\u00e8s r\u00e9pandue et est utilis\u00e9e \u00e0 des fins diverses, du rasage des jambes des chevaux aux zones chirurgicales des chiens, chats, chevaux et vaches. La vitesse est de 2300 tr\/min.\u00a0La tondeuse Favorita II GT104 d'Aesculap est livr\u00e9e avec un c\u00e2ble de 5 m\u00e8tres.\u00a0<\/p>\r\n<p>La tondeuse Aesculap Favorita II GT104 est livr\u00e9e sans t\u00eate de rasage. Diff\u00e9rentes t\u00eates de rasage sont disponibles pour s'adapter \u00e0 la tondeuse Aesculap Favorita II GT104, qui peuvent \u00eatre facilement gliss\u00e9es sur la tondeuse.\u00a0<\/p>\r\n<p>Emballage :<br \/>- Tondeuse Aesculap Favorita II GT104<br \/>- Huile d'Esculape (GT604)<br \/>- Manuel d'instruction<br \/>- Bo\u00eete de rangement<\/p>\r\n<p>Lisez toujours le guide avant de l'utiliser.<\/p>\r\n<p style=\"text-align: justify;\"><br \/><br \/><span style=\"color: #ff0000;\"><strong>Attention : ce produit a un d\u00e9lai de livraison plus long.<\/strong><\/span><\/p>","_fr_post_name":"aesculap-favorita-ii-gt-104","_fr_post_excerpt":"","_fr_post_title":"Aesculap tondeuse Favorita II GT104 (hors t\u00eate de rasage)","_es_post_content":"<p style=\"text-align: justify;\">La m&aacute;quina cortapelo Aesculap Favorita II GT104 es una m&aacute;quina muy utilizada y se utiliza para diversos fines, desde cortar las patas de caballos hasta afeitar las &aacute;reas de cirug&iacute;a de perros, gatos, caballos y vacas. La velocidad es de 2300 rpm. La m&aacute;quina cortapelo Aesculap Favorita II GT104 viene con un cable de 5 metros de largo. <br \/><br \/>La m&aacute;quina cortapelo Aesculap Favorita II GT104 se suministra sin cabezal. Hay varios cabezales disponibles que son compatibles con el cortapelo Aesculap Favorita II GT104, que se pueden encajar f&aacute;cilmente en la m&aacute;quina. <br \/><br \/><br \/><span style=\"text-decoration: underline;\">Embalaje:<\/span><br \/><span>- M&aacute;quina cortapelo Aesculap Favorita II GT104<br \/>- Aceite Aesculap (GT604)<br \/>- Manual<br \/>- Caja de almacenamiento<br \/><br \/>Lea siempre el manual antes de su uso.<\/span><br \/><br \/><span style=\"color: #ff0000;\"><strong>Nota: este art&iacute;culo tiene un plazo de entrega m&aacute;s largo.<\/strong><\/span><\/p>","_es_post_name":"aesculap-favorita-ii-gt-104","_es_post_excerpt":"","_es_post_title":"M\u00e1quina cortapelo Aesculap Favorita II GT104 (excl. cabezal de afeitado)","edit_language":"nl"},"product_brand":[],"product_cat":[1902,1891,1861,1117,1118,1857,2124,2132,1863,1893],"product_tag":[],"class_list":{"0":"post-118883","1":"product","2":"type-product","3":"status-publish","4":"has-post-thumbnail","6":"product_cat-aesculap","7":"product_cat-benodigdheden","9":"product_cat-honden","10":"product_cat-katten","11":"product_cat-merken","12":"product_cat-tondeuses","14":"product_cat-verzorging","16":"pa_aandoening-huid_vacht","17":"pa_doeldier-hond","18":"pa_doeldier-kat","19":"pa_fabricatieland-duitsland","20":"pa_merkfilter-aesculap","21":"pa_merkgroep-aesculap","22":"pa_productsoort-overig","23":"pa_seo_canonical_store_id-not_found_value","24":"pa_seo_category-not_found_value","25":"pa_seo_meta_robots-not_found_value","26":"pa_toedieningswijze-tondeuse","27":"pa_unit_pricing_base_measure-1ct","28":"pa_unit_pricing_measure-1ct","29":"pa_werkzamestof-overig","31":"first","32":"instock","33":"taxable","34":"shipping-taxable","35":"purchasable","36":"product-type-simple"},"yoast_head":"<!-- This site is optimized with the Yoast SEO plugin v27.5 - https:\/\/yoast.com\/product\/yoast-seo-wordpress\/ -->\n<title>Aesculap tondeuse Favorita II GT104 (excl. scheerkop) - Pharmacy4pets<\/title>\n<meta name=\"robots\" content=\"index, follow, max-snippet:-1, max-image-preview:large, max-video-preview:-1\" \/>\n<link rel=\"canonical\" href=\"https:\/\/www.pharmacy4pets.nl\/aesculap-favorita-ii-gt-104\" \/>\n<meta property=\"og:locale\" content=\"nl_NL\" \/>\n<meta property=\"og:type\" content=\"article\" \/>\n<meta property=\"og:title\" content=\"Aesculap tondeuse Favorita II GT104 (excl. scheerkop) - Pharmacy4pets\" \/>\n<meta property=\"og:description\" content=\"De Aesculap tondeuse Favorita II GT104 is een veel gebruikte tondeuse en wordt voor uiteenlopende doeleinden gebruikt, van het scheren van paardenbenen tot operatiegebieden van honden, katten, paarden en koeien. Het toerental bedraagt 2300 toeren per minuut.&nbsp;De Aesculap tondeuse Favorita II GT104 wordt geleverd met een 5 meter lange kabel.&nbsp; De Aesculap tondeuse Favorita II [&hellip;]\" \/>\n<meta property=\"og:url\" content=\"https:\/\/www.pharmacy4pets.nl\/aesculap-favorita-ii-gt-104\" \/>\n<meta property=\"og:site_name\" content=\"Pharmacy4pets\" \/>\n<meta property=\"article:publisher\" content=\"https:\/\/www.facebook.com\/people\/Pharmacy4petsnl\/100063484989896\/\" \/>\n<meta property=\"article:modified_time\" content=\"2026-03-25T11:59:47+00:00\" \/>\n<meta property=\"og:image\" content=\"https:\/\/www.pharmacy4pets.nl\/wp-content\/uploads\/2018\/10\/aesculap_tondeuse_favorita_ii_gt104_1st.jpg\" \/>\n\t<meta property=\"og:image:width\" content=\"600\" \/>\n\t<meta property=\"og:image:height\" content=\"600\" \/>\n\t<meta property=\"og:image:type\" content=\"image\/jpeg\" \/>\n<meta name=\"twitter:card\" content=\"summary_large_image\" \/>\n<meta name=\"twitter:label1\" content=\"Geschatte leestijd\" \/>\n\t<meta name=\"twitter:data1\" content=\"1 minuut\" \/>\n<script type=\"application\/ld+json\" class=\"yoast-schema-graph\">{\"@context\":\"https:\\\/\\\/schema.org\",\"@graph\":[{\"@type\":\"WebPage\",\"@id\":\"https:\\\/\\\/www.pharmacy4pets.nl\\\/aesculap-favorita-ii-gt-104\",\"url\":\"https:\\\/\\\/www.pharmacy4pets.nl\\\/aesculap-favorita-ii-gt-104\",\"name\":\"Aesculap tondeuse Favorita II GT104 (excl. scheerkop) - Pharmacy4pets\",\"isPartOf\":{\"@id\":\"http:\\\/\\\/www.pharmacy4pets.nl\\\/#website\"},\"primaryImageOfPage\":{\"@id\":\"https:\\\/\\\/www.pharmacy4pets.nl\\\/aesculap-favorita-ii-gt-104#primaryimage\"},\"image\":{\"@id\":\"https:\\\/\\\/www.pharmacy4pets.nl\\\/aesculap-favorita-ii-gt-104#primaryimage\"},\"thumbnailUrl\":\"https:\\\/\\\/www.pharmacy4pets.nl\\\/wp-content\\\/uploads\\\/2018\\\/10\\\/aesculap_tondeuse_favorita_ii_gt104_1st.jpg\",\"datePublished\":\"2018-10-03T12:45:03+00:00\",\"dateModified\":\"2026-03-25T11:59:47+00:00\",\"breadcrumb\":{\"@id\":\"https:\\\/\\\/www.pharmacy4pets.nl\\\/aesculap-favorita-ii-gt-104#breadcrumb\"},\"inLanguage\":\"nl-NL\",\"potentialAction\":[{\"@type\":\"ReadAction\",\"target\":[\"https:\\\/\\\/www.pharmacy4pets.nl\\\/aesculap-favorita-ii-gt-104\"]}]},{\"@type\":\"ImageObject\",\"inLanguage\":\"nl-NL\",\"@id\":\"https:\\\/\\\/www.pharmacy4pets.nl\\\/aesculap-favorita-ii-gt-104#primaryimage\",\"url\":\"https:\\\/\\\/www.pharmacy4pets.nl\\\/wp-content\\\/uploads\\\/2018\\\/10\\\/aesculap_tondeuse_favorita_ii_gt104_1st.jpg\",\"contentUrl\":\"https:\\\/\\\/www.pharmacy4pets.nl\\\/wp-content\\\/uploads\\\/2018\\\/10\\\/aesculap_tondeuse_favorita_ii_gt104_1st.jpg\",\"width\":600,\"height\":600,\"caption\":\"Aesculap\"},{\"@type\":\"BreadcrumbList\",\"@id\":\"https:\\\/\\\/www.pharmacy4pets.nl\\\/aesculap-favorita-ii-gt-104#breadcrumb\",\"itemListElement\":[{\"@type\":\"ListItem\",\"position\":1,\"name\":\"Home\",\"item\":\"https:\\\/\\\/p4p-nl.bootmine.com\\\/\"},{\"@type\":\"ListItem\",\"position\":2,\"name\":\"Winkel\",\"item\":\"https:\\\/\\\/p4p-nl.bootmine.com\\\/winkel\"},{\"@type\":\"ListItem\",\"position\":3,\"name\":\"Aesculap tondeuse Favorita II GT104 (excl. scheerkop)\"}]},{\"@type\":\"WebSite\",\"@id\":\"http:\\\/\\\/www.pharmacy4pets.nl\\\/#website\",\"url\":\"http:\\\/\\\/www.pharmacy4pets.nl\\\/\",\"name\":\"Pharmacy4pets\",\"description\":\"Pharmacy4pets.nl is d\u00e9 online apotheek waar u terecht kunt voor alle diergeneesmiddelen, verzorgingsproducten en dieetvoeding voor uw huisdier.\",\"publisher\":{\"@id\":\"http:\\\/\\\/www.pharmacy4pets.nl\\\/#organization\"},\"potentialAction\":[{\"@type\":\"SearchAction\",\"target\":{\"@type\":\"EntryPoint\",\"urlTemplate\":\"http:\\\/\\\/www.pharmacy4pets.nl\\\/?s={search_term_string}\"},\"query-input\":{\"@type\":\"PropertyValueSpecification\",\"valueRequired\":true,\"valueName\":\"search_term_string\"}}],\"inLanguage\":\"nl-NL\"},{\"@type\":\"Organization\",\"@id\":\"http:\\\/\\\/www.pharmacy4pets.nl\\\/#organization\",\"name\":\"Pharmacy4pets\",\"url\":\"http:\\\/\\\/www.pharmacy4pets.nl\\\/\",\"logo\":{\"@type\":\"ImageObject\",\"inLanguage\":\"nl-NL\",\"@id\":\"http:\\\/\\\/www.pharmacy4pets.nl\\\/#\\\/schema\\\/logo\\\/image\\\/\",\"url\":\"https:\\\/\\\/p4p-nl.bootmine.com\\\/wp-content\\\/uploads\\\/2026\\\/03\\\/logo-pharmacy4pets.png\",\"contentUrl\":\"https:\\\/\\\/p4p-nl.bootmine.com\\\/wp-content\\\/uploads\\\/2026\\\/03\\\/logo-pharmacy4pets.png\",\"width\":1024,\"height\":135,\"caption\":\"Pharmacy4pets\"},\"image\":{\"@id\":\"http:\\\/\\\/www.pharmacy4pets.nl\\\/#\\\/schema\\\/logo\\\/image\\\/\"},\"sameAs\":[\"https:\\\/\\\/www.facebook.com\\\/people\\\/Pharmacy4petsnl\\\/100063484989896\\\/\",\"https:\\\/\\\/www.youtube.com\\\/channel\\\/UCGPTIgucgli03tP2_kvLkHg\\\/featured\",\"https:\\\/\\\/www.instagram.com\\\/pharmacy4pets.nl\"]}]}<\/script>\n<!-- \/ Yoast SEO plugin. -->","yoast_head_json":{"title":"Aesculap tondeuse Favorita II GT104 (excl. scheerkop) - Pharmacy4pets","robots":{"index":"index","follow":"follow","max-snippet":"max-snippet:-1","max-image-preview":"max-image-preview:large","max-video-preview":"max-video-preview:-1"},"canonical":"https:\/\/www.pharmacy4pets.nl\/aesculap-favorita-ii-gt-104","og_locale":"nl_NL","og_type":"article","og_title":"Aesculap tondeuse Favorita II GT104 (excl. scheerkop) - Pharmacy4pets","og_description":"De Aesculap tondeuse Favorita II GT104 is een veel gebruikte tondeuse en wordt voor uiteenlopende doeleinden gebruikt, van het scheren van paardenbenen tot operatiegebieden van honden, katten, paarden en koeien. Het toerental bedraagt 2300 toeren per minuut.&nbsp;De Aesculap tondeuse Favorita II GT104 wordt geleverd met een 5 meter lange kabel.&nbsp; De Aesculap tondeuse Favorita II [&hellip;]","og_url":"https:\/\/www.pharmacy4pets.nl\/aesculap-favorita-ii-gt-104","og_site_name":"Pharmacy4pets","article_publisher":"https:\/\/www.facebook.com\/people\/Pharmacy4petsnl\/100063484989896\/","article_modified_time":"2026-03-25T11:59:47+00:00","og_image":[{"width":600,"height":600,"url":"https:\/\/www.pharmacy4pets.nl\/wp-content\/uploads\/2018\/10\/aesculap_tondeuse_favorita_ii_gt104_1st.jpg","type":"image\/jpeg"}],"twitter_card":"summary_large_image","twitter_misc":{"Geschatte leestijd":"1 minuut"},"schema":{"@context":"https:\/\/schema.org","@graph":[{"@type":"WebPage","@id":"https:\/\/www.pharmacy4pets.nl\/aesculap-favorita-ii-gt-104","url":"https:\/\/www.pharmacy4pets.nl\/aesculap-favorita-ii-gt-104","name":"Aesculap tondeuse Favorita II GT104 (excl. scheerkop) - Pharmacy4pets","isPartOf":{"@id":"http:\/\/www.pharmacy4pets.nl\/#website"},"primaryImageOfPage":{"@id":"https:\/\/www.pharmacy4pets.nl\/aesculap-favorita-ii-gt-104#primaryimage"},"image":{"@id":"https:\/\/www.pharmacy4pets.nl\/aesculap-favorita-ii-gt-104#primaryimage"},"thumbnailUrl":"https:\/\/www.pharmacy4pets.nl\/wp-content\/uploads\/2018\/10\/aesculap_tondeuse_favorita_ii_gt104_1st.jpg","datePublished":"2018-10-03T12:45:03+00:00","dateModified":"2026-03-25T11:59:47+00:00","breadcrumb":{"@id":"https:\/\/www.pharmacy4pets.nl\/aesculap-favorita-ii-gt-104#breadcrumb"},"inLanguage":"nl-NL","potentialAction":[{"@type":"ReadAction","target":["https:\/\/www.pharmacy4pets.nl\/aesculap-favorita-ii-gt-104"]}]},{"@type":"ImageObject","inLanguage":"nl-NL","@id":"https:\/\/www.pharmacy4pets.nl\/aesculap-favorita-ii-gt-104#primaryimage","url":"https:\/\/www.pharmacy4pets.nl\/wp-content\/uploads\/2018\/10\/aesculap_tondeuse_favorita_ii_gt104_1st.jpg","contentUrl":"https:\/\/www.pharmacy4pets.nl\/wp-content\/uploads\/2018\/10\/aesculap_tondeuse_favorita_ii_gt104_1st.jpg","width":600,"height":600,"caption":"Aesculap"},{"@type":"BreadcrumbList","@id":"https:\/\/www.pharmacy4pets.nl\/aesculap-favorita-ii-gt-104#breadcrumb","itemListElement":[{"@type":"ListItem","position":1,"name":"Home","item":"https:\/\/p4p-nl.bootmine.com\/"},{"@type":"ListItem","position":2,"name":"Winkel","item":"https:\/\/p4p-nl.bootmine.com\/winkel"},{"@type":"ListItem","position":3,"name":"Aesculap tondeuse Favorita II GT104 (excl. scheerkop)"}]},{"@type":"WebSite","@id":"http:\/\/www.pharmacy4pets.nl\/#website","url":"http:\/\/www.pharmacy4pets.nl\/","name":"Pharmacy4pets","description":"Pharmacy4pets.nl is d\u00e9 online apotheek waar u terecht kunt voor alle diergeneesmiddelen, verzorgingsproducten en dieetvoeding voor uw huisdier.","publisher":{"@id":"http:\/\/www.pharmacy4pets.nl\/#organization"},"potentialAction":[{"@type":"SearchAction","target":{"@type":"EntryPoint","urlTemplate":"http:\/\/www.pharmacy4pets.nl\/?s={search_term_string}"},"query-input":{"@type":"PropertyValueSpecification","valueRequired":true,"valueName":"search_term_string"}}],"inLanguage":"nl-NL"},{"@type":"Organization","@id":"http:\/\/www.pharmacy4pets.nl\/#organization","name":"Pharmacy4pets","url":"http:\/\/www.pharmacy4pets.nl\/","logo":{"@type":"ImageObject","inLanguage":"nl-NL","@id":"http:\/\/www.pharmacy4pets.nl\/#\/schema\/logo\/image\/","url":"https:\/\/p4p-nl.bootmine.com\/wp-content\/uploads\/2026\/03\/logo-pharmacy4pets.png","contentUrl":"https:\/\/p4p-nl.bootmine.com\/wp-content\/uploads\/2026\/03\/logo-pharmacy4pets.png","width":1024,"height":135,"caption":"Pharmacy4pets"},"image":{"@id":"http:\/\/www.pharmacy4pets.nl\/#\/schema\/logo\/image\/"},"sameAs":["https:\/\/www.facebook.com\/people\/Pharmacy4petsnl\/100063484989896\/","https:\/\/www.youtube.com\/channel\/UCGPTIgucgli03tP2_kvLkHg\/featured","https:\/\/www.instagram.com\/pharmacy4pets.nl"]}]}},"market_data":{"nl":{"price":0,"sale_price":0,"active":false,"url":null,"parent_url":"","tax_rate":0,"price_inc_tax":0,"sale_price_inc_tax":0},"de":{"price":0,"sale_price":0,"active":false,"url":null,"parent_url":"","tax_rate":0,"price_inc_tax":0,"sale_price_inc_tax":0},"be":{"price":0,"sale_price":0,"active":false,"url":null,"parent_url":"","tax_rate":0,"price_inc_tax":0,"sale_price_inc_tax":0},"fr":{"price":0,"sale_price":0,"active":false,"url":null,"parent_url":"","tax_rate":0,"price_inc_tax":0,"sale_price_inc_tax":0},"ch":{"price":0,"sale_price":0,"active":false,"url":null,"parent_url":"","tax_rate":0,"price_inc_tax":0,"sale_price_inc_tax":0},"at":{"price":0,"sale_price":0,"active":false,"url":null,"parent_url":"","tax_rate":0,"price_inc_tax":0,"sale_price_inc_tax":0},"es":{"price":0,"sale_price":0,"active":false,"url":null,"parent_url":"","tax_rate":0,"price_inc_tax":0,"sale_price_inc_tax":0},"dk":{"price":0,"sale_price":0,"active":false,"url":null,"parent_url":"","tax_rate":0,"price_inc_tax":0,"sale_price_inc_tax":0},"com":{"price":0,"sale_price":0,"active":false,"url":null,"parent_url":"","tax_rate":0,"price_inc_tax":0,"sale_price_inc_tax":0}},"market_nl_price":0,"market_nl_sale_price":0,"market_nl_active":false,"market_nl_url":null,"market_nl_parent_url":"","market_nl_tax_rate":0,"market_nl_price_inc_tax":0,"market_nl_sale_price_inc_tax":0,"market_de_price":0,"market_de_sale_price":0,"market_de_active":false,"market_de_url":null,"market_de_parent_url":"","market_de_tax_rate":0,"market_de_price_inc_tax":0,"market_de_sale_price_inc_tax":0,"market_be_price":0,"market_be_sale_price":0,"market_be_active":false,"market_be_url":null,"market_be_parent_url":"","market_be_tax_rate":0,"market_be_price_inc_tax":0,"market_be_sale_price_inc_tax":0,"market_fr_price":0,"market_fr_sale_price":0,"market_fr_active":false,"market_fr_url":null,"market_fr_parent_url":"","market_fr_tax_rate":0,"market_fr_price_inc_tax":0,"market_fr_sale_price_inc_tax":0,"market_ch_price":0,"market_ch_sale_price":0,"market_ch_active":false,"market_ch_url":null,"market_ch_parent_url":"","market_ch_tax_rate":0,"market_ch_price_inc_tax":0,"market_ch_sale_price_inc_tax":0,"market_at_price":0,"market_at_sale_price":0,"market_at_active":false,"market_at_url":null,"market_at_parent_url":"","market_at_tax_rate":0,"market_at_price_inc_tax":0,"market_at_sale_price_inc_tax":0,"market_es_price":0,"market_es_sale_price":0,"market_es_active":false,"market_es_url":null,"market_es_parent_url":"","market_es_tax_rate":0,"market_es_price_inc_tax":0,"market_es_sale_price_inc_tax":0,"market_dk_price":0,"market_dk_sale_price":0,"market_dk_active":false,"market_dk_url":null,"market_dk_parent_url":"","market_dk_tax_rate":0,"market_dk_price_inc_tax":0,"market_dk_sale_price_inc_tax":0,"market_com_price":0,"market_com_sale_price":0,"market_com_active":false,"market_com_url":null,"market_com_parent_url":"","market_com_tax_rate":0,"market_com_price_inc_tax":0,"market_com_sale_price_inc_tax":0,"acf":[],"_links":{"self":[{"href":"https:\/\/www.pharmacy4pets.nl\/be\/wp-json\/wp\/v2\/product\/118883","targetHints":{"allow":["GET"]}}],"collection":[{"href":"https:\/\/www.pharmacy4pets.nl\/be\/wp-json\/wp\/v2\/product"}],"about":[{"href":"https:\/\/www.pharmacy4pets.nl\/be\/wp-json\/wp\/v2\/types\/product"}],"replies":[{"embeddable":true,"href":"https:\/\/www.pharmacy4pets.nl\/be\/wp-json\/wp\/v2\/comments?post=118883"}],"wp:featuredmedia":[{"embeddable":true,"href":"https:\/\/www.pharmacy4pets.nl\/be\/wp-json\/wp\/v2\/media\/118882"}],"wp:attachment":[{"href":"https:\/\/www.pharmacy4pets.nl\/be\/wp-json\/wp\/v2\/media?parent=118883"}],"wp:term":[{"taxonomy":"product_brand","embeddable":true,"href":"https:\/\/www.pharmacy4pets.nl\/be\/wp-json\/wp\/v2\/product_brand?post=118883"},{"taxonomy":"product_cat","embeddable":true,"href":"https:\/\/www.pharmacy4pets.nl\/be\/wp-json\/wp\/v2\/product_cat?post=118883"},{"taxonomy":"product_tag","embeddable":true,"href":"https:\/\/www.pharmacy4pets.nl\/be\/wp-json\/wp\/v2\/product_tag?post=118883"}],"curies":[{"name":"wp","href":"https:\/\/api.w.org\/{rel}","templated":true}]}}