{"id":118881,"date":"2018-10-03T11:29:48","date_gmt":"2018-10-03T11:29:48","guid":{"rendered":"https:\/\/p4p.test\/aesculap-isis-gt-421"},"modified":"2026-03-25T11:59:46","modified_gmt":"2026-03-25T11:59:46","slug":"aesculap-isis-gt-421","status":"publish","type":"product","link":"https:\/\/www.pharmacy4pets.nl\/be\/aesculap-isis-gt-421","title":{"rendered":"Aesculap tondeuse Isis GT421"},"content":{"rendered":"<p dir=\"ltr\">Zoekt u een tondeuse waarmee u gemakkelijk kleine oppervlaktes en moeilijke bereikbare plekken op de vacht van uw hond of kat kunt scheren? De Isis GT421 tondeuse is draadloos en klein van formaat. De tondeuse weegt niet veel en ligt gemakkelijk in de hand. Het geluidsniveau van de tondeuse is gering. Na gebruik kunt u de tondeuse gemakkelijk in de oplader plaatsen, zodat deze voor de volgende scheerbeurt weer volledig opgeladen is. Voordat u de tondeuse gaat gebruiken bevelen wij u aan de handleiding zorgvuldig te lezen. Door de vacht van uw huisdier regelmatig te trimmen voorkomt u dat uw viervoeter te maken krijg met <a href=\"https:\/\/www.pharmacy4pets.nl\/honden\/medicijnen-supplementen\/huid-vacht\">huidproblemen<\/a> zoals jeuk, huiduitslag of wondjes.<\/p>\n<h2 dir=\"ltr\"><span style=\"color: #366738;\">Hoe gebruikt u de tondeuse?<\/span><\/h2>\n<p dir=\"ltr\">De Aesculap tondeuse Isis GT421 is dus uitermate geschikt om kleine oppervlaktes te scheren. Denk hierbij bijvoorbeeld aan de pootjes van uw hond of kat. De bijgeleverde <span style=\"color: #e96608;\"><a href=\"https:\/\/www.pharmacy4pets.nl\/aesculap-scheerkop-isis-gt608?sqr=aesculap&amp;\"><span style=\"color: #e96608;\">Isis scheerkop GT608<\/span><\/a><\/span> is ideaal om de vacht van uw huisdier netjes bij te werken. Deze professionele scheerkop wordt ook gebruikt in dierenartspraktijken en trimsalons. De scheerkop is 24 millimeter breed en heeft een afsnijlengte van circa 0,5 millimeter. Bij normaal gebruik dient u de scheerkop ongeveer 1 keer per 6 maanden te vervangen. Om de vacht van uw hond of kat mooi in model te brengen, kunt u gebruik maken van de bijgeleverde clip-on kam en borstel. Na gebruik van de tondeuse kunt u de vacht van het huisdier verzorgen met de bijgeleverde aesculap olie.\u00a0<\/p>\n<h2 dir=\"ltr\"><span style=\"color: #366738;\">Inhoud van de Aesculap tondeuse Isis GT421<\/span><\/h2>\n<p dir=\"ltr\">Bij bestelling van de Aesculap tondeuse ontvangt u de volgende producten. Alle accessoires zijn geschikt voor zowel honden als katten:<\/p>\n<ul>\n<li dir=\"ltr\">\n<p dir=\"ltr\">Aesculap tondeuse Isis GT421<\/p>\n<\/li>\n<li dir=\"ltr\">\n<p dir=\"ltr\">Aesculap scheerkop Isis GT608<\/p>\n<\/li>\n<li dir=\"ltr\">\n<p dir=\"ltr\">Oplader<\/p>\n<\/li>\n<li dir=\"ltr\">\n<p dir=\"ltr\">Clip-on kam<\/p>\n<\/li>\n<li dir=\"ltr\">\n<p dir=\"ltr\">Borstel<\/p>\n<\/li>\n<li dir=\"ltr\">\n<p dir=\"ltr\">Aesculap olie<\/p>\n<\/li>\n<li dir=\"ltr\">\n<p dir=\"ltr\">Handleiding<\/p>\n<\/li>\n<\/ul>\n","protected":false},"excerpt":{"rendered":"<p>Zoekt u een tondeuse waarmee u gemakkelijk kleine oppervlaktes en moeilijke bereikbare plekken op de vacht van uw hond of kat kunt scheren? De Isis GT421 tondeuse is draadloos en klein van formaat. De tondeuse weegt niet veel en ligt gemakkelijk in de hand. Het geluidsniveau van de tondeuse is gering. Na gebruik kunt u [&hellip;]<\/p>\n","protected":false},"featured_media":118880,"comment_status":"open","ping_status":"closed","template":"","meta":{"_acf_changed":false,"_nl_post_content":"<p dir=\"ltr\">Zoekt u een tondeuse waarmee u gemakkelijk kleine oppervlaktes en moeilijke bereikbare plekken op de vacht van uw hond of kat kunt scheren? De Isis GT421 tondeuse is draadloos en klein van formaat. De tondeuse weegt niet veel en ligt gemakkelijk in de hand. Het geluidsniveau van de tondeuse is gering. Na gebruik kunt u de tondeuse gemakkelijk in de oplader plaatsen, zodat deze voor de volgende scheerbeurt weer volledig opgeladen is. Voordat u de tondeuse gaat gebruiken bevelen wij u aan de handleiding zorgvuldig te lezen. Door de vacht van uw huisdier regelmatig te trimmen voorkomt u dat uw viervoeter te maken krijg met <a href=\"https:\/\/www.pharmacy4pets.nl\/honden\/medicijnen-supplementen\/huid-vacht\">huidproblemen<\/a> zoals jeuk, huiduitslag of wondjes.<\/p>\r\n<h2 dir=\"ltr\"><span style=\"color: #366738;\">Hoe gebruikt u de tondeuse?<\/span><\/h2>\r\n<p dir=\"ltr\">De Aesculap tondeuse Isis GT421 is dus uitermate geschikt om kleine oppervlaktes te scheren. Denk hierbij bijvoorbeeld aan de pootjes van uw hond of kat. De bijgeleverde <span style=\"color: #e96608;\"><a href=\"https:\/\/www.pharmacy4pets.nl\/aesculap-scheerkop-isis-gt608?sqr=aesculap&amp;\"><span style=\"color: #e96608;\">Isis scheerkop GT608<\/span><\/a><\/span> is ideaal om de vacht van uw huisdier netjes bij te werken. Deze professionele scheerkop wordt ook gebruikt in dierenartspraktijken en trimsalons. De scheerkop is 24 millimeter breed en heeft een afsnijlengte van circa 0,5 millimeter. Bij normaal gebruik dient u de scheerkop ongeveer 1 keer per 6 maanden te vervangen. Om de vacht van uw hond of kat mooi in model te brengen, kunt u gebruik maken van de bijgeleverde clip-on kam en borstel. Na gebruik van de tondeuse kunt u de vacht van het huisdier verzorgen met de bijgeleverde aesculap olie.\u00a0<\/p>\r\n<h2 dir=\"ltr\"><span style=\"color: #366738;\">Inhoud van de Aesculap tondeuse Isis GT421<\/span><\/h2>\r\n<p dir=\"ltr\">Bij bestelling van de Aesculap tondeuse ontvangt u de volgende producten. Alle accessoires zijn geschikt voor zowel honden als katten:<\/p>\r\n<ul>\r\n<li dir=\"ltr\">\r\n<p dir=\"ltr\">Aesculap tondeuse Isis GT421<\/p>\r\n<\/li>\r\n<li dir=\"ltr\">\r\n<p dir=\"ltr\">Aesculap scheerkop Isis GT608<\/p>\r\n<\/li>\r\n<li dir=\"ltr\">\r\n<p dir=\"ltr\">Oplader<\/p>\r\n<\/li>\r\n<li dir=\"ltr\">\r\n<p dir=\"ltr\">Clip-on kam<\/p>\r\n<\/li>\r\n<li dir=\"ltr\">\r\n<p dir=\"ltr\">Borstel<\/p>\r\n<\/li>\r\n<li dir=\"ltr\">\r\n<p dir=\"ltr\">Aesculap olie<\/p>\r\n<\/li>\r\n<li dir=\"ltr\">\r\n<p dir=\"ltr\">Handleiding<\/p>\r\n<\/li>\r\n<\/ul>","_nl_post_name":"aesculap-isis-gt-421","_nl_post_excerpt":"","_nl_post_title":"Aesculap tondeuse Isis GT421","_en_post_content":"<p>The Aesculap clipper Isis GT421 is a small clipper and therefore very suitable for shaving small areas and hard-to-reach places. The Aesculap clipper Isis GT421 is wireless and comes standard with a charger and the Aesculap clipping head Isis GT608.<\/p>\r\n<p><span style=\"text-decoration: underline;\">Packaging:<\/span><br \/>- Aesculap clippers Isis GT421<br \/>- Aesculap clipping head&nbsp;Isis GT608<br \/>- Charger<br \/>- Clip-on comb<br \/>- Brush<br \/>- Aesculap oil<br \/>- Manual<\/p>\r\n<p>Always read the manual before use.<br \/><br \/><br \/><\/p>","_en_post_name":"aesculap-isis-gt-421","_en_post_excerpt":"","_en_post_title":"Aesculap clipper Isis GT421","_de_post_content":"<p style=\"text-align: justify;\">Die Aesculap Schermaschine Isis GT421 ist eine Kleinschermaschine und eignet sich daher hervorragend f&uuml;r die Rasur kleiner Fl&auml;chen und schwer zug&auml;nglicher Stellen. Die&nbsp;Schermaschine Isis GT421 der Marke Aesculap ist drahtlos und wird standardm&auml;&szlig;ig mit einem Ladeger&auml;t und dem Aesculap Scherkopf Isis GT608 geliefert.<\/p>\r\n<p style=\"text-align: justify;\"><span style=\"text-decoration: underline;\">Verpackung:<\/span><br \/>- Aesculap Schermaschine Isis GT421<br \/>- Aesculap Scherkopf Isis GT608<br \/>- Ladeger&auml;t<br \/>- Aufsteckbarer Kamm<br \/>- Pinsel<br \/>- Aesculap-&Ouml;l<br \/>-&nbsp;<span>Bedienungsanleitung<\/span><\/p>\r\n<p style=\"text-align: justify;\">Lesen Sie vor Gebrauch immer die Bedienungsanleitung.<br \/><br \/><span style=\"color: #ff0000;\"><strong>Bitte beachten Sie: Dieses Produkt hat eine l&auml;ngere Lieferzeit.<\/strong><\/span><\/p>","_de_post_name":"aesculap-isis-gt-421","_de_post_excerpt":"","_de_post_title":"Aesculap Schermaschine Isis GT421","_fr_post_content":"<p>endroits difficiles \u00e0 atteindre du pelage de votre chien ou de votre chat ? La tondeuse Isis GT421 est sans fil et de petite taille. La tondeuse ne p\u00e8se pas beaucoup et est facile \u00e0 tenir. Le niveau de bruit de la tondeuse est faible. Apr\u00e8s utilisation, vous pouvez facilement placer la tondeuse dans le chargeur afin qu'elle soit \u00e0 nouveau compl\u00e8tement charg\u00e9e avant le prochain rasage. Avant d'utiliser la tondeuse, nous vous recommandons de lire attentivement le manuel. En taillant r\u00e9guli\u00e8rement le pelage de votre animal, vous \u00e9viterez \u00e0 votre compagnon \u00e0 quatre pattes de souffrir de <a href=\"https:\/\/www.pharmacy4pets.fr\/chiens\/medicaments-supplements\/peau-pelage\">probl\u00e8mes de peau<\/a> tels que des d\u00e9mangeaisons, des \u00e9ruptions cutan\u00e9es ou des plaies.<\/p>\r\n<p>\u00a0<\/p>\r\n<h2><span style=\"color: #96c422;\">Comment utiliser la tondeuse ?<\/span><\/h2>\r\n<p>La tondeuse Isis GT421 d'Aesculap est donc parfaitement adapt\u00e9e au rasage des petites surfaces. Pensez, par exemple, aux pattes de votre chien ou de votre chat. La t\u00eate de rasage Isis <a href=\"https:\/\/www.pharmacy4pets.fr\/aesculap-tete-rasage-isis-gt608?sqr=Isis%20GT608%20\">GT608<\/a> incluse est parfaite pour tondre proprement le pelage de votre animal. Cette t\u00eate de rasage professionnelle est \u00e9galement utilis\u00e9e dans les cabinets v\u00e9t\u00e9rinaires et les salons de toilettage. La t\u00eate de rasage a une largeur de 24 millim\u00e8tres et une longueur de coupe d'environ 0,5 millim\u00e8tre. Dans le cadre d'une utilisation normale, vous devez remplacer la t\u00eate de rasage environ une fois tous les 6 mois. Pour coiffer joliment le pelage de votre chien ou de votre chat, vous pouvez utiliser le peigne et la brosse \u00e0 clip fournis. Apr\u00e8s avoir utilis\u00e9 la tondeuse, vous pouvez toiletter le pelage de l'animal avec l'huile d'Aesculap incluse.\u00a0<\/p>\r\n<p>\u00a0<\/p>\r\n<h2><span style=\"color: #96c422;\">Contenu de la tondeuse Aesculap Isis GT421<\/span><\/h2>\r\n<p>Lorsque vous commandez la tondeuse d'Aesculap, vous recevez les produits suivants. Tous les accessoires conviennent aux chiens et aux chats :<\/p>\r\n<ul>\r\n<li>Tondeuse d'Aesculap Isis GT421<\/li>\r\n<li>T\u00eate de tondeuse Aesculap Isis GT608<\/li>\r\n<li>Chargeur<\/li>\r\n<li>Peigne \u00e0 clipser<\/li>\r\n<li>Brosse<\/li>\r\n<li>Huile d'esculape<\/li>\r\n<li>Manuel<\/li>\r\n<\/ul>","_fr_post_name":"aesculap-isis-gt-421","_fr_post_excerpt":"","_fr_post_title":"Aesculap tondeuse Isis GT421","_es_post_content":"<p style=\"text-align: justify;\">La m&aacute;quina cortapelo Aesculap Isis GT421 es una cortadora peque&ntilde;a y por lo tanto ideal para rasurar peque&ntilde;as &aacute;reas y zonas de acceso dif&iacute;cil. El cortapelo&nbsp; Aesculap Isis GT421 es inal&aacute;mbrico y viene de serie con un cargador y el cabezal Aesculap Isis GT608. <br \/><br \/> <br \/> <span style=\"text-decoration: underline;\">Embalaje:<\/span><br \/>- M&aacute;quina cortapelo Aesculap Isis GT421<br \/>- Cabezal Aesculap Isis GT608<br \/>- Cargador<br \/>- Peine con clip<br \/>- Cepillo<br \/>- Aceite Aesculap<br \/>- Manual<br \/><br \/>Lea siempre el manual antes de su uso.<br \/><span style=\"color: #ff0000;\"><strong><\/strong><\/span><\/p>","_es_post_name":"aesculap-isis-gt-421","_es_post_excerpt":"","_es_post_title":"M\u00e1quina cortapelo Aesculap Isis GT421","edit_language":"nl"},"product_brand":[],"product_cat":[1902,1891,1861,1117,1118,1857,2124,2132,1863,1893],"product_tag":[],"class_list":{"0":"post-118881","1":"product","2":"type-product","3":"status-publish","4":"has-post-thumbnail","6":"product_cat-aesculap","7":"product_cat-benodigdheden","9":"product_cat-honden","10":"product_cat-katten","11":"product_cat-merken","12":"product_cat-tondeuses","14":"product_cat-verzorging","16":"pa_aandoening-huid_vacht","17":"pa_doeldier-hond","18":"pa_doeldier-kat","19":"pa_fabricatieland-duitsland","20":"pa_merkfilter-aesculap","21":"pa_merkgroep-aesculap","22":"pa_productsoort-overig","23":"pa_seo_canonical_store_id-not_found_value","24":"pa_seo_category-not_found_value","25":"pa_seo_meta_robots-not_found_value","26":"pa_toedieningswijze-tondeuse","27":"pa_unit_pricing_base_measure-1ct","28":"pa_unit_pricing_measure-1ct","29":"pa_werkzamestof-overig","31":"first","32":"instock","33":"taxable","34":"shipping-taxable","35":"purchasable","36":"product-type-simple"},"yoast_head":"<!-- This site is optimized with the Yoast SEO plugin v27.5 - https:\/\/yoast.com\/product\/yoast-seo-wordpress\/ -->\n<title>Aesculap Tondeuse Isis GT421<\/title>\n<meta name=\"description\" content=\"De Aesculap tondeuse Isis GT421 is een kleine tondeuse voor honden en katten. Bestel gemakkelijk online bij Pharmacy4pets.\" \/>\n<meta name=\"robots\" content=\"index, follow, max-snippet:-1, max-image-preview:large, max-video-preview:-1\" \/>\n<link rel=\"canonical\" href=\"https:\/\/www.pharmacy4pets.nl\/aesculap-isis-gt-421\" \/>\n<meta property=\"og:locale\" content=\"nl_NL\" \/>\n<meta property=\"og:type\" content=\"article\" \/>\n<meta property=\"og:title\" content=\"Aesculap Tondeuse Isis GT421\" \/>\n<meta property=\"og:description\" content=\"De Aesculap tondeuse Isis GT421 is een kleine tondeuse voor honden en katten. Bestel gemakkelijk online bij Pharmacy4pets.\" \/>\n<meta property=\"og:url\" content=\"https:\/\/www.pharmacy4pets.nl\/aesculap-isis-gt-421\" \/>\n<meta property=\"og:site_name\" content=\"Pharmacy4pets\" \/>\n<meta property=\"article:publisher\" content=\"https:\/\/www.facebook.com\/people\/Pharmacy4petsnl\/100063484989896\/\" \/>\n<meta property=\"article:modified_time\" content=\"2026-03-25T11:59:46+00:00\" \/>\n<meta property=\"og:image\" content=\"https:\/\/www.pharmacy4pets.nl\/wp-content\/uploads\/2018\/10\/aesculap_tondeuse_isis_gt_420_1st_pharmacy4pets.jpg\" \/>\n\t<meta property=\"og:image:width\" content=\"600\" \/>\n\t<meta property=\"og:image:height\" content=\"600\" \/>\n\t<meta property=\"og:image:type\" content=\"image\/jpeg\" \/>\n<meta name=\"twitter:card\" content=\"summary_large_image\" \/>\n<meta name=\"twitter:label1\" content=\"Geschatte leestijd\" \/>\n\t<meta name=\"twitter:data1\" content=\"1 minuut\" \/>\n<script type=\"application\/ld+json\" class=\"yoast-schema-graph\">{\"@context\":\"https:\\\/\\\/schema.org\",\"@graph\":[{\"@type\":\"WebPage\",\"@id\":\"https:\\\/\\\/www.pharmacy4pets.nl\\\/aesculap-isis-gt-421\",\"url\":\"https:\\\/\\\/www.pharmacy4pets.nl\\\/aesculap-isis-gt-421\",\"name\":\"Aesculap Tondeuse Isis GT421\",\"isPartOf\":{\"@id\":\"http:\\\/\\\/www.pharmacy4pets.nl\\\/#website\"},\"primaryImageOfPage\":{\"@id\":\"https:\\\/\\\/www.pharmacy4pets.nl\\\/aesculap-isis-gt-421#primaryimage\"},\"image\":{\"@id\":\"https:\\\/\\\/www.pharmacy4pets.nl\\\/aesculap-isis-gt-421#primaryimage\"},\"thumbnailUrl\":\"https:\\\/\\\/www.pharmacy4pets.nl\\\/wp-content\\\/uploads\\\/2018\\\/10\\\/aesculap_tondeuse_isis_gt_420_1st_pharmacy4pets.jpg\",\"datePublished\":\"2018-10-03T11:29:48+00:00\",\"dateModified\":\"2026-03-25T11:59:46+00:00\",\"description\":\"De Aesculap tondeuse Isis GT421 is een kleine tondeuse voor honden en katten. Bestel gemakkelijk online bij Pharmacy4pets.\",\"breadcrumb\":{\"@id\":\"https:\\\/\\\/www.pharmacy4pets.nl\\\/aesculap-isis-gt-421#breadcrumb\"},\"inLanguage\":\"nl-NL\",\"potentialAction\":[{\"@type\":\"ReadAction\",\"target\":[\"https:\\\/\\\/www.pharmacy4pets.nl\\\/aesculap-isis-gt-421\"]}]},{\"@type\":\"ImageObject\",\"inLanguage\":\"nl-NL\",\"@id\":\"https:\\\/\\\/www.pharmacy4pets.nl\\\/aesculap-isis-gt-421#primaryimage\",\"url\":\"https:\\\/\\\/www.pharmacy4pets.nl\\\/wp-content\\\/uploads\\\/2018\\\/10\\\/aesculap_tondeuse_isis_gt_420_1st_pharmacy4pets.jpg\",\"contentUrl\":\"https:\\\/\\\/www.pharmacy4pets.nl\\\/wp-content\\\/uploads\\\/2018\\\/10\\\/aesculap_tondeuse_isis_gt_420_1st_pharmacy4pets.jpg\",\"width\":600,\"height\":600,\"caption\":\"Aesculap\"},{\"@type\":\"BreadcrumbList\",\"@id\":\"https:\\\/\\\/www.pharmacy4pets.nl\\\/aesculap-isis-gt-421#breadcrumb\",\"itemListElement\":[{\"@type\":\"ListItem\",\"position\":1,\"name\":\"Home\",\"item\":\"https:\\\/\\\/p4p-nl.bootmine.com\\\/\"},{\"@type\":\"ListItem\",\"position\":2,\"name\":\"Winkel\",\"item\":\"https:\\\/\\\/p4p-nl.bootmine.com\\\/winkel\"},{\"@type\":\"ListItem\",\"position\":3,\"name\":\"Aesculap tondeuse Isis GT421\"}]},{\"@type\":\"WebSite\",\"@id\":\"http:\\\/\\\/www.pharmacy4pets.nl\\\/#website\",\"url\":\"http:\\\/\\\/www.pharmacy4pets.nl\\\/\",\"name\":\"Pharmacy4pets\",\"description\":\"Pharmacy4pets.nl is d\u00e9 online apotheek waar u terecht kunt voor alle diergeneesmiddelen, verzorgingsproducten en dieetvoeding voor uw huisdier.\",\"publisher\":{\"@id\":\"http:\\\/\\\/www.pharmacy4pets.nl\\\/#organization\"},\"potentialAction\":[{\"@type\":\"SearchAction\",\"target\":{\"@type\":\"EntryPoint\",\"urlTemplate\":\"http:\\\/\\\/www.pharmacy4pets.nl\\\/?s={search_term_string}\"},\"query-input\":{\"@type\":\"PropertyValueSpecification\",\"valueRequired\":true,\"valueName\":\"search_term_string\"}}],\"inLanguage\":\"nl-NL\"},{\"@type\":\"Organization\",\"@id\":\"http:\\\/\\\/www.pharmacy4pets.nl\\\/#organization\",\"name\":\"Pharmacy4pets\",\"url\":\"http:\\\/\\\/www.pharmacy4pets.nl\\\/\",\"logo\":{\"@type\":\"ImageObject\",\"inLanguage\":\"nl-NL\",\"@id\":\"http:\\\/\\\/www.pharmacy4pets.nl\\\/#\\\/schema\\\/logo\\\/image\\\/\",\"url\":\"https:\\\/\\\/p4p-nl.bootmine.com\\\/wp-content\\\/uploads\\\/2026\\\/03\\\/logo-pharmacy4pets.png\",\"contentUrl\":\"https:\\\/\\\/p4p-nl.bootmine.com\\\/wp-content\\\/uploads\\\/2026\\\/03\\\/logo-pharmacy4pets.png\",\"width\":1024,\"height\":135,\"caption\":\"Pharmacy4pets\"},\"image\":{\"@id\":\"http:\\\/\\\/www.pharmacy4pets.nl\\\/#\\\/schema\\\/logo\\\/image\\\/\"},\"sameAs\":[\"https:\\\/\\\/www.facebook.com\\\/people\\\/Pharmacy4petsnl\\\/100063484989896\\\/\",\"https:\\\/\\\/www.youtube.com\\\/channel\\\/UCGPTIgucgli03tP2_kvLkHg\\\/featured\",\"https:\\\/\\\/www.instagram.com\\\/pharmacy4pets.nl\"]}]}<\/script>\n<!-- \/ Yoast SEO plugin. -->","yoast_head_json":{"title":"Aesculap Tondeuse Isis GT421","description":"De Aesculap tondeuse Isis GT421 is een kleine tondeuse voor honden en katten. Bestel gemakkelijk online bij Pharmacy4pets.","robots":{"index":"index","follow":"follow","max-snippet":"max-snippet:-1","max-image-preview":"max-image-preview:large","max-video-preview":"max-video-preview:-1"},"canonical":"https:\/\/www.pharmacy4pets.nl\/aesculap-isis-gt-421","og_locale":"nl_NL","og_type":"article","og_title":"Aesculap Tondeuse Isis GT421","og_description":"De Aesculap tondeuse Isis GT421 is een kleine tondeuse voor honden en katten. Bestel gemakkelijk online bij Pharmacy4pets.","og_url":"https:\/\/www.pharmacy4pets.nl\/aesculap-isis-gt-421","og_site_name":"Pharmacy4pets","article_publisher":"https:\/\/www.facebook.com\/people\/Pharmacy4petsnl\/100063484989896\/","article_modified_time":"2026-03-25T11:59:46+00:00","og_image":[{"width":600,"height":600,"url":"https:\/\/www.pharmacy4pets.nl\/wp-content\/uploads\/2018\/10\/aesculap_tondeuse_isis_gt_420_1st_pharmacy4pets.jpg","type":"image\/jpeg"}],"twitter_card":"summary_large_image","twitter_misc":{"Geschatte leestijd":"1 minuut"},"schema":{"@context":"https:\/\/schema.org","@graph":[{"@type":"WebPage","@id":"https:\/\/www.pharmacy4pets.nl\/aesculap-isis-gt-421","url":"https:\/\/www.pharmacy4pets.nl\/aesculap-isis-gt-421","name":"Aesculap Tondeuse Isis GT421","isPartOf":{"@id":"http:\/\/www.pharmacy4pets.nl\/#website"},"primaryImageOfPage":{"@id":"https:\/\/www.pharmacy4pets.nl\/aesculap-isis-gt-421#primaryimage"},"image":{"@id":"https:\/\/www.pharmacy4pets.nl\/aesculap-isis-gt-421#primaryimage"},"thumbnailUrl":"https:\/\/www.pharmacy4pets.nl\/wp-content\/uploads\/2018\/10\/aesculap_tondeuse_isis_gt_420_1st_pharmacy4pets.jpg","datePublished":"2018-10-03T11:29:48+00:00","dateModified":"2026-03-25T11:59:46+00:00","description":"De Aesculap tondeuse Isis GT421 is een kleine tondeuse voor honden en katten. Bestel gemakkelijk online bij Pharmacy4pets.","breadcrumb":{"@id":"https:\/\/www.pharmacy4pets.nl\/aesculap-isis-gt-421#breadcrumb"},"inLanguage":"nl-NL","potentialAction":[{"@type":"ReadAction","target":["https:\/\/www.pharmacy4pets.nl\/aesculap-isis-gt-421"]}]},{"@type":"ImageObject","inLanguage":"nl-NL","@id":"https:\/\/www.pharmacy4pets.nl\/aesculap-isis-gt-421#primaryimage","url":"https:\/\/www.pharmacy4pets.nl\/wp-content\/uploads\/2018\/10\/aesculap_tondeuse_isis_gt_420_1st_pharmacy4pets.jpg","contentUrl":"https:\/\/www.pharmacy4pets.nl\/wp-content\/uploads\/2018\/10\/aesculap_tondeuse_isis_gt_420_1st_pharmacy4pets.jpg","width":600,"height":600,"caption":"Aesculap"},{"@type":"BreadcrumbList","@id":"https:\/\/www.pharmacy4pets.nl\/aesculap-isis-gt-421#breadcrumb","itemListElement":[{"@type":"ListItem","position":1,"name":"Home","item":"https:\/\/p4p-nl.bootmine.com\/"},{"@type":"ListItem","position":2,"name":"Winkel","item":"https:\/\/p4p-nl.bootmine.com\/winkel"},{"@type":"ListItem","position":3,"name":"Aesculap tondeuse Isis GT421"}]},{"@type":"WebSite","@id":"http:\/\/www.pharmacy4pets.nl\/#website","url":"http:\/\/www.pharmacy4pets.nl\/","name":"Pharmacy4pets","description":"Pharmacy4pets.nl is d\u00e9 online apotheek waar u terecht kunt voor alle diergeneesmiddelen, verzorgingsproducten en dieetvoeding voor uw huisdier.","publisher":{"@id":"http:\/\/www.pharmacy4pets.nl\/#organization"},"potentialAction":[{"@type":"SearchAction","target":{"@type":"EntryPoint","urlTemplate":"http:\/\/www.pharmacy4pets.nl\/?s={search_term_string}"},"query-input":{"@type":"PropertyValueSpecification","valueRequired":true,"valueName":"search_term_string"}}],"inLanguage":"nl-NL"},{"@type":"Organization","@id":"http:\/\/www.pharmacy4pets.nl\/#organization","name":"Pharmacy4pets","url":"http:\/\/www.pharmacy4pets.nl\/","logo":{"@type":"ImageObject","inLanguage":"nl-NL","@id":"http:\/\/www.pharmacy4pets.nl\/#\/schema\/logo\/image\/","url":"https:\/\/p4p-nl.bootmine.com\/wp-content\/uploads\/2026\/03\/logo-pharmacy4pets.png","contentUrl":"https:\/\/p4p-nl.bootmine.com\/wp-content\/uploads\/2026\/03\/logo-pharmacy4pets.png","width":1024,"height":135,"caption":"Pharmacy4pets"},"image":{"@id":"http:\/\/www.pharmacy4pets.nl\/#\/schema\/logo\/image\/"},"sameAs":["https:\/\/www.facebook.com\/people\/Pharmacy4petsnl\/100063484989896\/","https:\/\/www.youtube.com\/channel\/UCGPTIgucgli03tP2_kvLkHg\/featured","https:\/\/www.instagram.com\/pharmacy4pets.nl"]}]}},"market_data":{"nl":{"price":0,"sale_price":0,"active":false,"url":null,"parent_url":"","tax_rate":0,"price_inc_tax":0,"sale_price_inc_tax":0},"de":{"price":0,"sale_price":0,"active":false,"url":null,"parent_url":"","tax_rate":0,"price_inc_tax":0,"sale_price_inc_tax":0},"be":{"price":0,"sale_price":0,"active":false,"url":null,"parent_url":"","tax_rate":0,"price_inc_tax":0,"sale_price_inc_tax":0},"fr":{"price":0,"sale_price":0,"active":false,"url":null,"parent_url":"","tax_rate":0,"price_inc_tax":0,"sale_price_inc_tax":0},"ch":{"price":0,"sale_price":0,"active":false,"url":null,"parent_url":"","tax_rate":0,"price_inc_tax":0,"sale_price_inc_tax":0},"at":{"price":0,"sale_price":0,"active":false,"url":null,"parent_url":"","tax_rate":0,"price_inc_tax":0,"sale_price_inc_tax":0},"es":{"price":0,"sale_price":0,"active":false,"url":null,"parent_url":"","tax_rate":0,"price_inc_tax":0,"sale_price_inc_tax":0},"dk":{"price":0,"sale_price":0,"active":false,"url":null,"parent_url":"","tax_rate":0,"price_inc_tax":0,"sale_price_inc_tax":0},"com":{"price":0,"sale_price":0,"active":false,"url":null,"parent_url":"","tax_rate":0,"price_inc_tax":0,"sale_price_inc_tax":0}},"market_nl_price":0,"market_nl_sale_price":0,"market_nl_active":false,"market_nl_url":null,"market_nl_parent_url":"","market_nl_tax_rate":0,"market_nl_price_inc_tax":0,"market_nl_sale_price_inc_tax":0,"market_de_price":0,"market_de_sale_price":0,"market_de_active":false,"market_de_url":null,"market_de_parent_url":"","market_de_tax_rate":0,"market_de_price_inc_tax":0,"market_de_sale_price_inc_tax":0,"market_be_price":0,"market_be_sale_price":0,"market_be_active":false,"market_be_url":null,"market_be_parent_url":"","market_be_tax_rate":0,"market_be_price_inc_tax":0,"market_be_sale_price_inc_tax":0,"market_fr_price":0,"market_fr_sale_price":0,"market_fr_active":false,"market_fr_url":null,"market_fr_parent_url":"","market_fr_tax_rate":0,"market_fr_price_inc_tax":0,"market_fr_sale_price_inc_tax":0,"market_ch_price":0,"market_ch_sale_price":0,"market_ch_active":false,"market_ch_url":null,"market_ch_parent_url":"","market_ch_tax_rate":0,"market_ch_price_inc_tax":0,"market_ch_sale_price_inc_tax":0,"market_at_price":0,"market_at_sale_price":0,"market_at_active":false,"market_at_url":null,"market_at_parent_url":"","market_at_tax_rate":0,"market_at_price_inc_tax":0,"market_at_sale_price_inc_tax":0,"market_es_price":0,"market_es_sale_price":0,"market_es_active":false,"market_es_url":null,"market_es_parent_url":"","market_es_tax_rate":0,"market_es_price_inc_tax":0,"market_es_sale_price_inc_tax":0,"market_dk_price":0,"market_dk_sale_price":0,"market_dk_active":false,"market_dk_url":null,"market_dk_parent_url":"","market_dk_tax_rate":0,"market_dk_price_inc_tax":0,"market_dk_sale_price_inc_tax":0,"market_com_price":0,"market_com_sale_price":0,"market_com_active":false,"market_com_url":null,"market_com_parent_url":"","market_com_tax_rate":0,"market_com_price_inc_tax":0,"market_com_sale_price_inc_tax":0,"acf":[],"_links":{"self":[{"href":"https:\/\/www.pharmacy4pets.nl\/be\/wp-json\/wp\/v2\/product\/118881","targetHints":{"allow":["GET"]}}],"collection":[{"href":"https:\/\/www.pharmacy4pets.nl\/be\/wp-json\/wp\/v2\/product"}],"about":[{"href":"https:\/\/www.pharmacy4pets.nl\/be\/wp-json\/wp\/v2\/types\/product"}],"replies":[{"embeddable":true,"href":"https:\/\/www.pharmacy4pets.nl\/be\/wp-json\/wp\/v2\/comments?post=118881"}],"wp:featuredmedia":[{"embeddable":true,"href":"https:\/\/www.pharmacy4pets.nl\/be\/wp-json\/wp\/v2\/media\/118880"}],"wp:attachment":[{"href":"https:\/\/www.pharmacy4pets.nl\/be\/wp-json\/wp\/v2\/media?parent=118881"}],"wp:term":[{"taxonomy":"product_brand","embeddable":true,"href":"https:\/\/www.pharmacy4pets.nl\/be\/wp-json\/wp\/v2\/product_brand?post=118881"},{"taxonomy":"product_cat","embeddable":true,"href":"https:\/\/www.pharmacy4pets.nl\/be\/wp-json\/wp\/v2\/product_cat?post=118881"},{"taxonomy":"product_tag","embeddable":true,"href":"https:\/\/www.pharmacy4pets.nl\/be\/wp-json\/wp\/v2\/product_tag?post=118881"}],"curies":[{"name":"wp","href":"https:\/\/api.w.org\/{rel}","templated":true}]}}