{"id":118879,"date":"2018-09-27T16:07:43","date_gmt":"2018-09-27T16:07:43","guid":{"rendered":"https:\/\/p4p.test\/aesculap-scheerkop-favorita-0-1mm-gh703"},"modified":"2026-03-25T11:59:45","modified_gmt":"2026-03-25T11:59:45","slug":"aesculap-scheerkop-favorita-0-1mm-gh703","status":"publish","type":"product","link":"https:\/\/www.pharmacy4pets.nl\/be\/aesculap-scheerkop-favorita-0-1mm-gh703","title":{"rendered":"Aesculap scheerkop Favorita 0,1mm GH703"},"content":{"rendered":"<p>De Aesculap scheerkop Favorita GH703\/10 is een scheerkop die past op de Aesculap tondeuse Favorita II GT104. De Aesculap tondeuses worden vaak gebruikt in dierenartsenpraktijken en trimsalons. De Aesculap Favorita GH703\/10 scheerkop wordt los geleverd van de Aesculap tondeuse Favorita II GT104.<\/p>\n<p><span style=\"color: #ff0000;\"><strong>Let op: dit artikel heeft een langere levertijd.&nbsp;<\/strong><\/span><\/p>\n","protected":false},"excerpt":{"rendered":"<p>De Aesculap scheerkop Favorita GH703\/10 is een scheerkop die past op de Aesculap tondeuse Favorita II GT104. De Aesculap tondeuses worden vaak gebruikt in dierenartsenpraktijken en trimsalons. De Aesculap Favorita GH703\/10 scheerkop wordt los geleverd van de Aesculap tondeuse Favorita II GT104. Let op: dit artikel heeft een langere levertijd.&nbsp;<\/p>\n","protected":false},"featured_media":118878,"comment_status":"open","ping_status":"closed","template":"","meta":{"_acf_changed":false,"_nl_post_content":"<p>De Aesculap scheerkop Favorita GH703\/10 is een scheerkop die past op de Aesculap tondeuse Favorita II GT104. De Aesculap tondeuses worden vaak gebruikt in dierenartsenpraktijken en trimsalons. De Aesculap Favorita GH703\/10 scheerkop wordt los geleverd van de Aesculap tondeuse Favorita II GT104.<br \/><br \/><span style=\"color: #ff0000;\"><strong>Let op: dit artikel heeft een langere levertijd.&nbsp;<\/strong><\/span><\/p>","_nl_post_name":"aesculap-scheerkop-favorita-0-1mm-gh703","_nl_post_excerpt":"","_nl_post_title":"Aesculap scheerkop Favorita 0,1mm GH703","_en_post_content":"<p>The Aesculap clipping head Favorita GH703\/10 is a clipping head that fits the Aesculap clippers Favorita II GT104. The Aesculap clippers and clipping heads are often used in veterinary practices and trim salons. The Aesculap Favorita GH703\/10 clipping head is supplied separately from the Aesculap clippers Favorita II GT104.<br \/><br \/><span style=\"color: #ff0000;\"><strong>Please note: this product has an extended time of delivery.<\/strong><\/span><\/p>","_en_post_name":"aesculap-clipping-head-favorita-0-1mm-gh703","_en_post_excerpt":"","_en_post_title":"Aesculap clipping head Favorita 0,1mm GH703","_de_post_content":"<p>Der Aesculap Scherkopf Favorita GH703\/10 ist ein Scherkopf, der zu der Aesculap Schermaschine Favorita II GT104 passt. Die Aesculap Schermaschinen und Scherk&ouml;pfe werden h&auml;ufig in Tierarztpraxen und Trimmsalons eingesetzt. Der Aesculap Favorita GH703\/10 Scherkopf wird separat von der Aesculap Schermaschine Favorita II GT104 geliefert.<br \/><br \/><span style=\"color: #ff0000;\"><strong>Bitte beachten Sie: Dieses Produkt hat eine l&auml;ngere Lieferzeit.<\/strong><\/span><\/p>","_de_post_name":"aesculap-scherkopf-favorita-0-1mm-gh703","_de_post_excerpt":"","_de_post_title":"Aesculap Scherkopf Favorita 0,1mm GH703","_fr_post_content":"<p>La t\u00eate de rasage Aesculap Favorita GH703\/10 est une t\u00eate de rasage qui s'adapte \u00e0 la tondeuse Aesculap Favorita II GT104. Les tondeuses d'Aesculap sont souvent utilis\u00e9es dans les cabinets v\u00e9t\u00e9rinaires et les salons de toilettage. La t\u00eate de rasage Aesculap Favorita GH703\/10 est fournie s\u00e9par\u00e9ment de la tondeuse Aesculap Favorita II GT104.<br \/><br \/><span style=\"color: #ff0000;\"><strong>Attention : Ce produit a un d\u00e9lai de livraison plus long.\u00a0<\/strong><\/span><\/p>","_fr_post_name":"aesculap-tete-rasage-favorita-0-1mm-gh703","_fr_post_excerpt":"","_fr_post_title":"Aesculap t\u00eate de rasage Favorita 0,1mm GH703","_es_post_content":"<p>El cabezal Aesculap Favorita GH703\/10 es un cabezal que encaja en la m&aacute;quina cortapelo Aesculap Favorita II GT104. Las m&aacute;quinas de Aesculap se utilizan principalmente en las cl&iacute;nicas veterinarias y en las peluquer&iacute;as de mascotas. El cabezal Aesculap Favorita GH703\/10 se suministra por separado de la m&aacute;quina cortapelo Aesculap Favorita II GT104.<br \/><br \/><br \/><span style=\"color: #ff0000;\"><strong>Nota: este art&iacute;culo tiene un plazo de entrega m&aacute;s largo.&nbsp;<\/strong><\/span><\/p>","_es_post_name":"aesculap-cabezal-favorita-0-1mm-gh703","_es_post_excerpt":"","_es_post_title":"Cabezal Aesculap Favorita 0,1mm GH703","edit_language":"nl"},"product_brand":[],"product_cat":[1902,1891,1861,1117,1118,1857,2124,2132,1863,1893],"product_tag":[],"class_list":{"0":"post-118879","1":"product","2":"type-product","3":"status-publish","4":"has-post-thumbnail","6":"product_cat-aesculap","7":"product_cat-benodigdheden","9":"product_cat-honden","10":"product_cat-katten","11":"product_cat-merken","12":"product_cat-tondeuses","14":"product_cat-verzorging","16":"pa_aandoening-huid_vacht","17":"pa_doeldier-hond","18":"pa_doeldier-kat","19":"pa_fabricatieland-duitsland","20":"pa_merkfilter-aesculap","21":"pa_merkgroep-aesculap","22":"pa_productsoort-overig","23":"pa_seo_canonical_store_id-not_found_value","24":"pa_seo_category-not_found_value","25":"pa_seo_meta_robots-not_found_value","26":"pa_toedieningswijze-scheerkop","27":"pa_unit_pricing_base_measure-1ct","28":"pa_unit_pricing_measure-1ct","29":"pa_werkzamestof-overig","31":"first","32":"instock","33":"taxable","34":"shipping-taxable","35":"purchasable","36":"product-type-simple"},"yoast_head":"<!-- This site is optimized with the Yoast SEO plugin v27.5 - https:\/\/yoast.com\/product\/yoast-seo-wordpress\/ -->\n<title>Aesculap scheerkop Favorita 0,1mm GH703 - Pharmacy4pets<\/title>\n<meta name=\"robots\" content=\"index, follow, max-snippet:-1, max-image-preview:large, max-video-preview:-1\" \/>\n<link rel=\"canonical\" href=\"https:\/\/p4p-nl.bootmine.com\/%product-slug%\/aesculap-scheerkop-favorita-0-1mm-gh703\" \/>\n<meta property=\"og:locale\" content=\"nl_NL\" \/>\n<meta property=\"og:type\" content=\"article\" \/>\n<meta property=\"og:title\" content=\"Aesculap scheerkop Favorita 0,1mm GH703 - Pharmacy4pets\" \/>\n<meta property=\"og:description\" content=\"De Aesculap scheerkop Favorita GH703\/10 is een scheerkop die past op de Aesculap tondeuse Favorita II GT104. De Aesculap tondeuses worden vaak gebruikt in dierenartsenpraktijken en trimsalons. De Aesculap Favorita GH703\/10 scheerkop wordt los geleverd van de Aesculap tondeuse Favorita II GT104. Let op: dit artikel heeft een langere levertijd.&nbsp;\" \/>\n<meta property=\"og:url\" content=\"https:\/\/p4p-nl.bootmine.com\/%product-slug%\/aesculap-scheerkop-favorita-0-1mm-gh703\" \/>\n<meta property=\"og:site_name\" content=\"Pharmacy4pets\" \/>\n<meta property=\"article:publisher\" content=\"https:\/\/www.facebook.com\/people\/Pharmacy4petsnl\/100063484989896\/\" \/>\n<meta property=\"article:modified_time\" content=\"2026-03-25T11:59:45+00:00\" \/>\n<meta property=\"og:image\" content=\"https:\/\/p4p-nl.bootmine.com\/wp-content\/uploads\/2018\/09\/aesculap-scheerkop-favorita-0_1mm-gh703_pharmacy4pets_1.jpg\" \/>\n\t<meta property=\"og:image:width\" content=\"600\" \/>\n\t<meta property=\"og:image:height\" content=\"600\" \/>\n\t<meta property=\"og:image:type\" content=\"image\/jpeg\" \/>\n<meta name=\"twitter:card\" content=\"summary_large_image\" \/>\n<script type=\"application\/ld+json\" class=\"yoast-schema-graph\">{\"@context\":\"https:\\\/\\\/schema.org\",\"@graph\":[{\"@type\":\"WebPage\",\"@id\":\"https:\\\/\\\/p4p-nl.bootmine.com\\\/%product-slug%\\\/aesculap-scheerkop-favorita-0-1mm-gh703\",\"url\":\"https:\\\/\\\/p4p-nl.bootmine.com\\\/%product-slug%\\\/aesculap-scheerkop-favorita-0-1mm-gh703\",\"name\":\"Aesculap scheerkop Favorita 0,1mm GH703 - Pharmacy4pets\",\"isPartOf\":{\"@id\":\"http:\\\/\\\/www.pharmacy4pets.nl\\\/#website\"},\"primaryImageOfPage\":{\"@id\":\"https:\\\/\\\/p4p-nl.bootmine.com\\\/%product-slug%\\\/aesculap-scheerkop-favorita-0-1mm-gh703#primaryimage\"},\"image\":{\"@id\":\"https:\\\/\\\/p4p-nl.bootmine.com\\\/%product-slug%\\\/aesculap-scheerkop-favorita-0-1mm-gh703#primaryimage\"},\"thumbnailUrl\":\"https:\\\/\\\/www.pharmacy4pets.nl\\\/wp-content\\\/uploads\\\/2018\\\/09\\\/aesculap-scheerkop-favorita-0_1mm-gh703_pharmacy4pets_1.jpg\",\"datePublished\":\"2018-09-27T16:07:43+00:00\",\"dateModified\":\"2026-03-25T11:59:45+00:00\",\"breadcrumb\":{\"@id\":\"https:\\\/\\\/p4p-nl.bootmine.com\\\/%product-slug%\\\/aesculap-scheerkop-favorita-0-1mm-gh703#breadcrumb\"},\"inLanguage\":\"nl-NL\",\"potentialAction\":[{\"@type\":\"ReadAction\",\"target\":[\"https:\\\/\\\/p4p-nl.bootmine.com\\\/%product-slug%\\\/aesculap-scheerkop-favorita-0-1mm-gh703\"]}]},{\"@type\":\"ImageObject\",\"inLanguage\":\"nl-NL\",\"@id\":\"https:\\\/\\\/p4p-nl.bootmine.com\\\/%product-slug%\\\/aesculap-scheerkop-favorita-0-1mm-gh703#primaryimage\",\"url\":\"https:\\\/\\\/www.pharmacy4pets.nl\\\/wp-content\\\/uploads\\\/2018\\\/09\\\/aesculap-scheerkop-favorita-0_1mm-gh703_pharmacy4pets_1.jpg\",\"contentUrl\":\"https:\\\/\\\/www.pharmacy4pets.nl\\\/wp-content\\\/uploads\\\/2018\\\/09\\\/aesculap-scheerkop-favorita-0_1mm-gh703_pharmacy4pets_1.jpg\",\"width\":600,\"height\":600,\"caption\":\"Aesculap\"},{\"@type\":\"BreadcrumbList\",\"@id\":\"https:\\\/\\\/p4p-nl.bootmine.com\\\/%product-slug%\\\/aesculap-scheerkop-favorita-0-1mm-gh703#breadcrumb\",\"itemListElement\":[{\"@type\":\"ListItem\",\"position\":1,\"name\":\"Home\",\"item\":\"https:\\\/\\\/p4p-nl.bootmine.com\\\/\"},{\"@type\":\"ListItem\",\"position\":2,\"name\":\"Winkel\",\"item\":\"https:\\\/\\\/p4p-nl.bootmine.com\\\/winkel\"},{\"@type\":\"ListItem\",\"position\":3,\"name\":\"Aesculap scheerkop Favorita 0,1mm GH703\"}]},{\"@type\":\"WebSite\",\"@id\":\"http:\\\/\\\/www.pharmacy4pets.nl\\\/#website\",\"url\":\"http:\\\/\\\/www.pharmacy4pets.nl\\\/\",\"name\":\"Pharmacy4pets\",\"description\":\"Pharmacy4pets.nl is d\u00e9 online apotheek waar u terecht kunt voor alle diergeneesmiddelen, verzorgingsproducten en dieetvoeding voor uw huisdier.\",\"publisher\":{\"@id\":\"http:\\\/\\\/www.pharmacy4pets.nl\\\/#organization\"},\"potentialAction\":[{\"@type\":\"SearchAction\",\"target\":{\"@type\":\"EntryPoint\",\"urlTemplate\":\"http:\\\/\\\/www.pharmacy4pets.nl\\\/?s={search_term_string}\"},\"query-input\":{\"@type\":\"PropertyValueSpecification\",\"valueRequired\":true,\"valueName\":\"search_term_string\"}}],\"inLanguage\":\"nl-NL\"},{\"@type\":\"Organization\",\"@id\":\"http:\\\/\\\/www.pharmacy4pets.nl\\\/#organization\",\"name\":\"Pharmacy4pets\",\"url\":\"http:\\\/\\\/www.pharmacy4pets.nl\\\/\",\"logo\":{\"@type\":\"ImageObject\",\"inLanguage\":\"nl-NL\",\"@id\":\"http:\\\/\\\/www.pharmacy4pets.nl\\\/#\\\/schema\\\/logo\\\/image\\\/\",\"url\":\"https:\\\/\\\/p4p-nl.bootmine.com\\\/wp-content\\\/uploads\\\/2026\\\/03\\\/logo-pharmacy4pets.png\",\"contentUrl\":\"https:\\\/\\\/p4p-nl.bootmine.com\\\/wp-content\\\/uploads\\\/2026\\\/03\\\/logo-pharmacy4pets.png\",\"width\":1024,\"height\":135,\"caption\":\"Pharmacy4pets\"},\"image\":{\"@id\":\"http:\\\/\\\/www.pharmacy4pets.nl\\\/#\\\/schema\\\/logo\\\/image\\\/\"},\"sameAs\":[\"https:\\\/\\\/www.facebook.com\\\/people\\\/Pharmacy4petsnl\\\/100063484989896\\\/\",\"https:\\\/\\\/www.youtube.com\\\/channel\\\/UCGPTIgucgli03tP2_kvLkHg\\\/featured\",\"https:\\\/\\\/www.instagram.com\\\/pharmacy4pets.nl\"]}]}<\/script>\n<!-- \/ Yoast SEO plugin. -->","yoast_head_json":{"title":"Aesculap scheerkop Favorita 0,1mm GH703 - Pharmacy4pets","robots":{"index":"index","follow":"follow","max-snippet":"max-snippet:-1","max-image-preview":"max-image-preview:large","max-video-preview":"max-video-preview:-1"},"canonical":"https:\/\/p4p-nl.bootmine.com\/%product-slug%\/aesculap-scheerkop-favorita-0-1mm-gh703","og_locale":"nl_NL","og_type":"article","og_title":"Aesculap scheerkop Favorita 0,1mm GH703 - Pharmacy4pets","og_description":"De Aesculap scheerkop Favorita GH703\/10 is een scheerkop die past op de Aesculap tondeuse Favorita II GT104. De Aesculap tondeuses worden vaak gebruikt in dierenartsenpraktijken en trimsalons. De Aesculap Favorita GH703\/10 scheerkop wordt los geleverd van de Aesculap tondeuse Favorita II GT104. Let op: dit artikel heeft een langere levertijd.&nbsp;","og_url":"https:\/\/p4p-nl.bootmine.com\/%product-slug%\/aesculap-scheerkop-favorita-0-1mm-gh703","og_site_name":"Pharmacy4pets","article_publisher":"https:\/\/www.facebook.com\/people\/Pharmacy4petsnl\/100063484989896\/","article_modified_time":"2026-03-25T11:59:45+00:00","og_image":[{"width":600,"height":600,"url":"https:\/\/p4p-nl.bootmine.com\/wp-content\/uploads\/2018\/09\/aesculap-scheerkop-favorita-0_1mm-gh703_pharmacy4pets_1.jpg","type":"image\/jpeg"}],"twitter_card":"summary_large_image","schema":{"@context":"https:\/\/schema.org","@graph":[{"@type":"WebPage","@id":"https:\/\/p4p-nl.bootmine.com\/%product-slug%\/aesculap-scheerkop-favorita-0-1mm-gh703","url":"https:\/\/p4p-nl.bootmine.com\/%product-slug%\/aesculap-scheerkop-favorita-0-1mm-gh703","name":"Aesculap scheerkop Favorita 0,1mm GH703 - Pharmacy4pets","isPartOf":{"@id":"http:\/\/www.pharmacy4pets.nl\/#website"},"primaryImageOfPage":{"@id":"https:\/\/p4p-nl.bootmine.com\/%product-slug%\/aesculap-scheerkop-favorita-0-1mm-gh703#primaryimage"},"image":{"@id":"https:\/\/p4p-nl.bootmine.com\/%product-slug%\/aesculap-scheerkop-favorita-0-1mm-gh703#primaryimage"},"thumbnailUrl":"https:\/\/www.pharmacy4pets.nl\/wp-content\/uploads\/2018\/09\/aesculap-scheerkop-favorita-0_1mm-gh703_pharmacy4pets_1.jpg","datePublished":"2018-09-27T16:07:43+00:00","dateModified":"2026-03-25T11:59:45+00:00","breadcrumb":{"@id":"https:\/\/p4p-nl.bootmine.com\/%product-slug%\/aesculap-scheerkop-favorita-0-1mm-gh703#breadcrumb"},"inLanguage":"nl-NL","potentialAction":[{"@type":"ReadAction","target":["https:\/\/p4p-nl.bootmine.com\/%product-slug%\/aesculap-scheerkop-favorita-0-1mm-gh703"]}]},{"@type":"ImageObject","inLanguage":"nl-NL","@id":"https:\/\/p4p-nl.bootmine.com\/%product-slug%\/aesculap-scheerkop-favorita-0-1mm-gh703#primaryimage","url":"https:\/\/www.pharmacy4pets.nl\/wp-content\/uploads\/2018\/09\/aesculap-scheerkop-favorita-0_1mm-gh703_pharmacy4pets_1.jpg","contentUrl":"https:\/\/www.pharmacy4pets.nl\/wp-content\/uploads\/2018\/09\/aesculap-scheerkop-favorita-0_1mm-gh703_pharmacy4pets_1.jpg","width":600,"height":600,"caption":"Aesculap"},{"@type":"BreadcrumbList","@id":"https:\/\/p4p-nl.bootmine.com\/%product-slug%\/aesculap-scheerkop-favorita-0-1mm-gh703#breadcrumb","itemListElement":[{"@type":"ListItem","position":1,"name":"Home","item":"https:\/\/p4p-nl.bootmine.com\/"},{"@type":"ListItem","position":2,"name":"Winkel","item":"https:\/\/p4p-nl.bootmine.com\/winkel"},{"@type":"ListItem","position":3,"name":"Aesculap scheerkop Favorita 0,1mm GH703"}]},{"@type":"WebSite","@id":"http:\/\/www.pharmacy4pets.nl\/#website","url":"http:\/\/www.pharmacy4pets.nl\/","name":"Pharmacy4pets","description":"Pharmacy4pets.nl is d\u00e9 online apotheek waar u terecht kunt voor alle diergeneesmiddelen, verzorgingsproducten en dieetvoeding voor uw huisdier.","publisher":{"@id":"http:\/\/www.pharmacy4pets.nl\/#organization"},"potentialAction":[{"@type":"SearchAction","target":{"@type":"EntryPoint","urlTemplate":"http:\/\/www.pharmacy4pets.nl\/?s={search_term_string}"},"query-input":{"@type":"PropertyValueSpecification","valueRequired":true,"valueName":"search_term_string"}}],"inLanguage":"nl-NL"},{"@type":"Organization","@id":"http:\/\/www.pharmacy4pets.nl\/#organization","name":"Pharmacy4pets","url":"http:\/\/www.pharmacy4pets.nl\/","logo":{"@type":"ImageObject","inLanguage":"nl-NL","@id":"http:\/\/www.pharmacy4pets.nl\/#\/schema\/logo\/image\/","url":"https:\/\/p4p-nl.bootmine.com\/wp-content\/uploads\/2026\/03\/logo-pharmacy4pets.png","contentUrl":"https:\/\/p4p-nl.bootmine.com\/wp-content\/uploads\/2026\/03\/logo-pharmacy4pets.png","width":1024,"height":135,"caption":"Pharmacy4pets"},"image":{"@id":"http:\/\/www.pharmacy4pets.nl\/#\/schema\/logo\/image\/"},"sameAs":["https:\/\/www.facebook.com\/people\/Pharmacy4petsnl\/100063484989896\/","https:\/\/www.youtube.com\/channel\/UCGPTIgucgli03tP2_kvLkHg\/featured","https:\/\/www.instagram.com\/pharmacy4pets.nl"]}]}},"market_data":{"nl":{"price":0,"sale_price":0,"active":false,"url":null,"parent_url":"","tax_rate":0,"price_inc_tax":0,"sale_price_inc_tax":0},"de":{"price":0,"sale_price":0,"active":false,"url":null,"parent_url":"","tax_rate":0,"price_inc_tax":0,"sale_price_inc_tax":0},"be":{"price":0,"sale_price":0,"active":false,"url":null,"parent_url":"","tax_rate":0,"price_inc_tax":0,"sale_price_inc_tax":0},"fr":{"price":0,"sale_price":0,"active":false,"url":null,"parent_url":"","tax_rate":0,"price_inc_tax":0,"sale_price_inc_tax":0},"ch":{"price":0,"sale_price":0,"active":false,"url":null,"parent_url":"","tax_rate":0,"price_inc_tax":0,"sale_price_inc_tax":0},"at":{"price":0,"sale_price":0,"active":false,"url":null,"parent_url":"","tax_rate":0,"price_inc_tax":0,"sale_price_inc_tax":0},"es":{"price":0,"sale_price":0,"active":false,"url":null,"parent_url":"","tax_rate":0,"price_inc_tax":0,"sale_price_inc_tax":0},"dk":{"price":0,"sale_price":0,"active":false,"url":null,"parent_url":"","tax_rate":0,"price_inc_tax":0,"sale_price_inc_tax":0},"com":{"price":0,"sale_price":0,"active":false,"url":null,"parent_url":"","tax_rate":0,"price_inc_tax":0,"sale_price_inc_tax":0}},"market_nl_price":0,"market_nl_sale_price":0,"market_nl_active":false,"market_nl_url":null,"market_nl_parent_url":"","market_nl_tax_rate":0,"market_nl_price_inc_tax":0,"market_nl_sale_price_inc_tax":0,"market_de_price":0,"market_de_sale_price":0,"market_de_active":false,"market_de_url":null,"market_de_parent_url":"","market_de_tax_rate":0,"market_de_price_inc_tax":0,"market_de_sale_price_inc_tax":0,"market_be_price":0,"market_be_sale_price":0,"market_be_active":false,"market_be_url":null,"market_be_parent_url":"","market_be_tax_rate":0,"market_be_price_inc_tax":0,"market_be_sale_price_inc_tax":0,"market_fr_price":0,"market_fr_sale_price":0,"market_fr_active":false,"market_fr_url":null,"market_fr_parent_url":"","market_fr_tax_rate":0,"market_fr_price_inc_tax":0,"market_fr_sale_price_inc_tax":0,"market_ch_price":0,"market_ch_sale_price":0,"market_ch_active":false,"market_ch_url":null,"market_ch_parent_url":"","market_ch_tax_rate":0,"market_ch_price_inc_tax":0,"market_ch_sale_price_inc_tax":0,"market_at_price":0,"market_at_sale_price":0,"market_at_active":false,"market_at_url":null,"market_at_parent_url":"","market_at_tax_rate":0,"market_at_price_inc_tax":0,"market_at_sale_price_inc_tax":0,"market_es_price":0,"market_es_sale_price":0,"market_es_active":false,"market_es_url":null,"market_es_parent_url":"","market_es_tax_rate":0,"market_es_price_inc_tax":0,"market_es_sale_price_inc_tax":0,"market_dk_price":0,"market_dk_sale_price":0,"market_dk_active":false,"market_dk_url":null,"market_dk_parent_url":"","market_dk_tax_rate":0,"market_dk_price_inc_tax":0,"market_dk_sale_price_inc_tax":0,"market_com_price":0,"market_com_sale_price":0,"market_com_active":false,"market_com_url":null,"market_com_parent_url":"","market_com_tax_rate":0,"market_com_price_inc_tax":0,"market_com_sale_price_inc_tax":0,"acf":[],"_links":{"self":[{"href":"https:\/\/www.pharmacy4pets.nl\/be\/wp-json\/wp\/v2\/product\/118879","targetHints":{"allow":["GET"]}}],"collection":[{"href":"https:\/\/www.pharmacy4pets.nl\/be\/wp-json\/wp\/v2\/product"}],"about":[{"href":"https:\/\/www.pharmacy4pets.nl\/be\/wp-json\/wp\/v2\/types\/product"}],"replies":[{"embeddable":true,"href":"https:\/\/www.pharmacy4pets.nl\/be\/wp-json\/wp\/v2\/comments?post=118879"}],"wp:featuredmedia":[{"embeddable":true,"href":"https:\/\/www.pharmacy4pets.nl\/be\/wp-json\/wp\/v2\/media\/118878"}],"wp:attachment":[{"href":"https:\/\/www.pharmacy4pets.nl\/be\/wp-json\/wp\/v2\/media?parent=118879"}],"wp:term":[{"taxonomy":"product_brand","embeddable":true,"href":"https:\/\/www.pharmacy4pets.nl\/be\/wp-json\/wp\/v2\/product_brand?post=118879"},{"taxonomy":"product_cat","embeddable":true,"href":"https:\/\/www.pharmacy4pets.nl\/be\/wp-json\/wp\/v2\/product_cat?post=118879"},{"taxonomy":"product_tag","embeddable":true,"href":"https:\/\/www.pharmacy4pets.nl\/be\/wp-json\/wp\/v2\/product_tag?post=118879"}],"curies":[{"name":"wp","href":"https:\/\/api.w.org\/{rel}","templated":true}]}}