{"id":118869,"date":"2018-07-30T15:52:46","date_gmt":"2018-07-30T15:52:46","guid":{"rendered":"https:\/\/p4p.test\/trixie-aloe-vera-hondenshampoo-250-ml"},"modified":"2026-03-25T11:59:42","modified_gmt":"2026-03-25T11:59:42","slug":"trixie-aloe-vera-hondenshampoo-250-ml","status":"publish","type":"product","link":"https:\/\/www.pharmacy4pets.nl\/be\/trixie-aloe-vera-hondenshampoo-250-ml","title":{"rendered":"Trixie Alo\u00eb Vera Hondenshampoo 250 ml"},"content":{"rendered":"<p>De Trixie Alo\u00eb Vera Hondenshampoo 250 ml is uitermate geschikt voor honden met een vacht die veel verzorging nodig heeft. De Trixie Alo\u00eb Vera hondenshampoo ruikt lekker en maakt de vacht glanzend en zacht. Daarnaast heeft de alo\u00eb vera een ontstekingsremmende werking op de huid.<\/p>\n","protected":false},"excerpt":{"rendered":"<p>De Trixie Alo\u00eb Vera Hondenshampoo 250 ml is uitermate geschikt voor honden met een vacht die veel verzorging nodig heeft. De Trixie Alo\u00eb Vera hondenshampoo ruikt lekker en maakt de vacht glanzend en zacht. Daarnaast heeft de alo\u00eb vera een ontstekingsremmende werking op de huid.<\/p>\n","protected":false},"featured_media":118868,"comment_status":"open","ping_status":"closed","template":"","meta":{"_acf_changed":false,"_nl_post_content":"De Trixie Alo\u00eb Vera Hondenshampoo 250 ml is uitermate geschikt voor honden met een vacht die veel verzorging nodig heeft. De Trixie Alo\u00eb Vera hondenshampoo ruikt lekker en maakt de vacht glanzend en zacht. Daarnaast heeft de alo\u00eb vera een ontstekingsremmende werking op de huid.","_nl_post_name":"trixie-aloe-vera-hondenshampoo-250-ml","_nl_post_excerpt":"","_nl_post_title":"Trixie Alo\u00eb Vera Hondenshampoo 250 ml","_en_post_content":"The Trixie Aloe Vera Dog Shampoo is ideal for dogs with a coat that needs a lot of care. The Trixie Aloe Vera dog shampoo smells good and makes the coat shiny and soft. In addition, the aloe vera has an anti-inflammatory effect on the skin.","_en_post_name":"trixie-aloe-vera-hondenshampoo-250-ml","_en_post_excerpt":"","_en_post_title":"Trixie Aloe Vera Dog shampoo 250 ml","_de_post_content":"Das Trixie Aloe Vera Hundeshampoo 250 ml ist ideal f\u00fcr Hunde mit einem Fell, das viel Pflege braucht. Das Trixie Aloe Vera Hundeshampoo riecht gut und macht das Fell gl\u00e4nzend und weich. Zus\u00e4tzlich wirkt die Aloe Vera entz\u00fcndungshemmend auf die Haut.","_de_post_name":"trixie-aloe-vera-hondenshampoo-250-ml","_de_post_excerpt":"","_de_post_title":"Trixie Aloe Vera Hundeshampoo 250 ml","_fr_post_content":"<p>Le shampooing pour chiens Trixie Aloe Vera 250 ml est parfait pour les chiens dont le pelage n\u00e9cessite beaucoup de toilettage. Le shampooing pour chiens Trixie Aloe Vera sent bon et rend le pelage brillant et doux. De plus, l'aloe vera poss\u00e8de un effet anti-inflammatoire sur la peau.<\/p>","_fr_post_name":"trixie-aloe-vera-hondenshampoo-250-ml","_fr_post_excerpt":"","_fr_post_title":"Trixie Alo\u00eb Vera shampooing chien 250 ml","_es_post_content":"<p>El Champ\u00fa para perros Trixie \u00e1loe vera 250 ml es ideal para perros con pelaje que necesita mucho cuidado. El champ\u00fa con \u00e1loe vera huele bien y deja el pelaje brillante y suave. Adem\u00e1s, el aloe vera tiene un efecto antiinflamatorio en la piel.<\/p>","_es_post_name":"trixie-champu-para-perros-con-aloe-vera","_es_post_excerpt":"","_es_post_title":"Trixie Champ\u00fa para perros con \u00e1loe vera 250 ml","edit_language":"nl"},"product_brand":[],"product_cat":[1861,1117,1857,2125,1959,1863],"product_tag":[],"class_list":{"0":"post-118869","1":"product","2":"type-product","3":"status-publish","4":"has-post-thumbnail","6":"product_cat-benodigdheden","7":"product_cat-honden","8":"product_cat-merken","9":"product_cat-shampoos-en-conditioners","10":"product_cat-trixie","11":"product_cat-verzorging","12":"pa_aandoening-huid_vacht","13":"pa_doeldier-hond","14":"pa_fabricatieland-duitsland","15":"pa_merkfilter-trixie","16":"pa_merkgroep-trixie","17":"pa_productsoort-overig","18":"pa_seo_canonical_store_id-not_found_value","19":"pa_seo_category-not_found_value","20":"pa_seo_meta_robots-not_found_value","21":"pa_toedieningswijze-shampoo","22":"pa_unit_pricing_base_measure-100ml","23":"pa_unit_pricing_measure-250ml","24":"pa_werkzamestof-overig","26":"first","27":"instock","28":"taxable","29":"shipping-taxable","30":"purchasable","31":"product-type-simple"},"yoast_head":"<!-- This site is optimized with the Yoast SEO plugin v27.5 - https:\/\/yoast.com\/product\/yoast-seo-wordpress\/ -->\n<title>Trixie Alo\u00eb Vera Hondenshampoo 250 ml - Pharmacy4pets<\/title>\n<meta name=\"robots\" content=\"index, follow, max-snippet:-1, max-image-preview:large, max-video-preview:-1\" \/>\n<link rel=\"canonical\" href=\"https:\/\/p4p-nl.bootmine.com\/%product-slug%\/trixie-aloe-vera-hondenshampoo-250-ml\" \/>\n<meta property=\"og:locale\" content=\"nl_NL\" \/>\n<meta property=\"og:type\" content=\"article\" \/>\n<meta property=\"og:title\" content=\"Trixie Alo\u00eb Vera Hondenshampoo 250 ml - Pharmacy4pets\" \/>\n<meta property=\"og:description\" content=\"De Trixie Alo\u00eb Vera Hondenshampoo 250 ml is uitermate geschikt voor honden met een vacht die veel verzorging nodig heeft. De Trixie Alo\u00eb Vera hondenshampoo ruikt lekker en maakt de vacht glanzend en zacht. Daarnaast heeft de alo\u00eb vera een ontstekingsremmende werking op de huid.\" \/>\n<meta property=\"og:url\" content=\"https:\/\/p4p-nl.bootmine.com\/%product-slug%\/trixie-aloe-vera-hondenshampoo-250-ml\" \/>\n<meta property=\"og:site_name\" content=\"Pharmacy4pets\" \/>\n<meta property=\"article:publisher\" content=\"https:\/\/www.facebook.com\/people\/Pharmacy4petsnl\/100063484989896\/\" \/>\n<meta property=\"article:modified_time\" content=\"2026-03-25T11:59:42+00:00\" \/>\n<meta property=\"og:image\" content=\"https:\/\/p4p-nl.bootmine.com\/wp-content\/uploads\/2018\/07\/24273-trixie-alo_-vera-shampoo-250-ml-1-st_pharmacy4pets.jpg\" \/>\n\t<meta property=\"og:image:width\" content=\"600\" \/>\n\t<meta property=\"og:image:height\" content=\"600\" \/>\n\t<meta property=\"og:image:type\" content=\"image\/jpeg\" \/>\n<meta name=\"twitter:card\" content=\"summary_large_image\" \/>\n<script type=\"application\/ld+json\" class=\"yoast-schema-graph\">{\"@context\":\"https:\\\/\\\/schema.org\",\"@graph\":[{\"@type\":\"WebPage\",\"@id\":\"https:\\\/\\\/p4p-nl.bootmine.com\\\/%product-slug%\\\/trixie-aloe-vera-hondenshampoo-250-ml\",\"url\":\"https:\\\/\\\/p4p-nl.bootmine.com\\\/%product-slug%\\\/trixie-aloe-vera-hondenshampoo-250-ml\",\"name\":\"Trixie Alo\u00eb Vera Hondenshampoo 250 ml - Pharmacy4pets\",\"isPartOf\":{\"@id\":\"http:\\\/\\\/www.pharmacy4pets.nl\\\/#website\"},\"primaryImageOfPage\":{\"@id\":\"https:\\\/\\\/p4p-nl.bootmine.com\\\/%product-slug%\\\/trixie-aloe-vera-hondenshampoo-250-ml#primaryimage\"},\"image\":{\"@id\":\"https:\\\/\\\/p4p-nl.bootmine.com\\\/%product-slug%\\\/trixie-aloe-vera-hondenshampoo-250-ml#primaryimage\"},\"thumbnailUrl\":\"https:\\\/\\\/www.pharmacy4pets.nl\\\/wp-content\\\/uploads\\\/2018\\\/07\\\/24273-trixie-alo_-vera-shampoo-250-ml-1-st_pharmacy4pets.jpg\",\"datePublished\":\"2018-07-30T15:52:46+00:00\",\"dateModified\":\"2026-03-25T11:59:42+00:00\",\"breadcrumb\":{\"@id\":\"https:\\\/\\\/p4p-nl.bootmine.com\\\/%product-slug%\\\/trixie-aloe-vera-hondenshampoo-250-ml#breadcrumb\"},\"inLanguage\":\"nl-NL\",\"potentialAction\":[{\"@type\":\"ReadAction\",\"target\":[\"https:\\\/\\\/p4p-nl.bootmine.com\\\/%product-slug%\\\/trixie-aloe-vera-hondenshampoo-250-ml\"]}]},{\"@type\":\"ImageObject\",\"inLanguage\":\"nl-NL\",\"@id\":\"https:\\\/\\\/p4p-nl.bootmine.com\\\/%product-slug%\\\/trixie-aloe-vera-hondenshampoo-250-ml#primaryimage\",\"url\":\"https:\\\/\\\/www.pharmacy4pets.nl\\\/wp-content\\\/uploads\\\/2018\\\/07\\\/24273-trixie-alo_-vera-shampoo-250-ml-1-st_pharmacy4pets.jpg\",\"contentUrl\":\"https:\\\/\\\/www.pharmacy4pets.nl\\\/wp-content\\\/uploads\\\/2018\\\/07\\\/24273-trixie-alo_-vera-shampoo-250-ml-1-st_pharmacy4pets.jpg\",\"width\":600,\"height\":600,\"caption\":\"Trixie\"},{\"@type\":\"BreadcrumbList\",\"@id\":\"https:\\\/\\\/p4p-nl.bootmine.com\\\/%product-slug%\\\/trixie-aloe-vera-hondenshampoo-250-ml#breadcrumb\",\"itemListElement\":[{\"@type\":\"ListItem\",\"position\":1,\"name\":\"Home\",\"item\":\"https:\\\/\\\/p4p-nl.bootmine.com\\\/\"},{\"@type\":\"ListItem\",\"position\":2,\"name\":\"Winkel\",\"item\":\"https:\\\/\\\/p4p-nl.bootmine.com\\\/winkel\"},{\"@type\":\"ListItem\",\"position\":3,\"name\":\"Trixie Alo\u00eb Vera Hondenshampoo 250 ml\"}]},{\"@type\":\"WebSite\",\"@id\":\"http:\\\/\\\/www.pharmacy4pets.nl\\\/#website\",\"url\":\"http:\\\/\\\/www.pharmacy4pets.nl\\\/\",\"name\":\"Pharmacy4pets\",\"description\":\"Pharmacy4pets.nl is d\u00e9 online apotheek waar u terecht kunt voor alle diergeneesmiddelen, verzorgingsproducten en dieetvoeding voor uw huisdier.\",\"publisher\":{\"@id\":\"http:\\\/\\\/www.pharmacy4pets.nl\\\/#organization\"},\"potentialAction\":[{\"@type\":\"SearchAction\",\"target\":{\"@type\":\"EntryPoint\",\"urlTemplate\":\"http:\\\/\\\/www.pharmacy4pets.nl\\\/?s={search_term_string}\"},\"query-input\":{\"@type\":\"PropertyValueSpecification\",\"valueRequired\":true,\"valueName\":\"search_term_string\"}}],\"inLanguage\":\"nl-NL\"},{\"@type\":\"Organization\",\"@id\":\"http:\\\/\\\/www.pharmacy4pets.nl\\\/#organization\",\"name\":\"Pharmacy4pets\",\"url\":\"http:\\\/\\\/www.pharmacy4pets.nl\\\/\",\"logo\":{\"@type\":\"ImageObject\",\"inLanguage\":\"nl-NL\",\"@id\":\"http:\\\/\\\/www.pharmacy4pets.nl\\\/#\\\/schema\\\/logo\\\/image\\\/\",\"url\":\"https:\\\/\\\/p4p-nl.bootmine.com\\\/wp-content\\\/uploads\\\/2026\\\/03\\\/logo-pharmacy4pets.png\",\"contentUrl\":\"https:\\\/\\\/p4p-nl.bootmine.com\\\/wp-content\\\/uploads\\\/2026\\\/03\\\/logo-pharmacy4pets.png\",\"width\":1024,\"height\":135,\"caption\":\"Pharmacy4pets\"},\"image\":{\"@id\":\"http:\\\/\\\/www.pharmacy4pets.nl\\\/#\\\/schema\\\/logo\\\/image\\\/\"},\"sameAs\":[\"https:\\\/\\\/www.facebook.com\\\/people\\\/Pharmacy4petsnl\\\/100063484989896\\\/\",\"https:\\\/\\\/www.youtube.com\\\/channel\\\/UCGPTIgucgli03tP2_kvLkHg\\\/featured\",\"https:\\\/\\\/www.instagram.com\\\/pharmacy4pets.nl\"]}]}<\/script>\n<!-- \/ Yoast SEO plugin. -->","yoast_head_json":{"title":"Trixie Alo\u00eb Vera Hondenshampoo 250 ml - Pharmacy4pets","robots":{"index":"index","follow":"follow","max-snippet":"max-snippet:-1","max-image-preview":"max-image-preview:large","max-video-preview":"max-video-preview:-1"},"canonical":"https:\/\/p4p-nl.bootmine.com\/%product-slug%\/trixie-aloe-vera-hondenshampoo-250-ml","og_locale":"nl_NL","og_type":"article","og_title":"Trixie Alo\u00eb Vera Hondenshampoo 250 ml - Pharmacy4pets","og_description":"De Trixie Alo\u00eb Vera Hondenshampoo 250 ml is uitermate geschikt voor honden met een vacht die veel verzorging nodig heeft. De Trixie Alo\u00eb Vera hondenshampoo ruikt lekker en maakt de vacht glanzend en zacht. Daarnaast heeft de alo\u00eb vera een ontstekingsremmende werking op de huid.","og_url":"https:\/\/p4p-nl.bootmine.com\/%product-slug%\/trixie-aloe-vera-hondenshampoo-250-ml","og_site_name":"Pharmacy4pets","article_publisher":"https:\/\/www.facebook.com\/people\/Pharmacy4petsnl\/100063484989896\/","article_modified_time":"2026-03-25T11:59:42+00:00","og_image":[{"width":600,"height":600,"url":"https:\/\/p4p-nl.bootmine.com\/wp-content\/uploads\/2018\/07\/24273-trixie-alo_-vera-shampoo-250-ml-1-st_pharmacy4pets.jpg","type":"image\/jpeg"}],"twitter_card":"summary_large_image","schema":{"@context":"https:\/\/schema.org","@graph":[{"@type":"WebPage","@id":"https:\/\/p4p-nl.bootmine.com\/%product-slug%\/trixie-aloe-vera-hondenshampoo-250-ml","url":"https:\/\/p4p-nl.bootmine.com\/%product-slug%\/trixie-aloe-vera-hondenshampoo-250-ml","name":"Trixie Alo\u00eb Vera Hondenshampoo 250 ml - Pharmacy4pets","isPartOf":{"@id":"http:\/\/www.pharmacy4pets.nl\/#website"},"primaryImageOfPage":{"@id":"https:\/\/p4p-nl.bootmine.com\/%product-slug%\/trixie-aloe-vera-hondenshampoo-250-ml#primaryimage"},"image":{"@id":"https:\/\/p4p-nl.bootmine.com\/%product-slug%\/trixie-aloe-vera-hondenshampoo-250-ml#primaryimage"},"thumbnailUrl":"https:\/\/www.pharmacy4pets.nl\/wp-content\/uploads\/2018\/07\/24273-trixie-alo_-vera-shampoo-250-ml-1-st_pharmacy4pets.jpg","datePublished":"2018-07-30T15:52:46+00:00","dateModified":"2026-03-25T11:59:42+00:00","breadcrumb":{"@id":"https:\/\/p4p-nl.bootmine.com\/%product-slug%\/trixie-aloe-vera-hondenshampoo-250-ml#breadcrumb"},"inLanguage":"nl-NL","potentialAction":[{"@type":"ReadAction","target":["https:\/\/p4p-nl.bootmine.com\/%product-slug%\/trixie-aloe-vera-hondenshampoo-250-ml"]}]},{"@type":"ImageObject","inLanguage":"nl-NL","@id":"https:\/\/p4p-nl.bootmine.com\/%product-slug%\/trixie-aloe-vera-hondenshampoo-250-ml#primaryimage","url":"https:\/\/www.pharmacy4pets.nl\/wp-content\/uploads\/2018\/07\/24273-trixie-alo_-vera-shampoo-250-ml-1-st_pharmacy4pets.jpg","contentUrl":"https:\/\/www.pharmacy4pets.nl\/wp-content\/uploads\/2018\/07\/24273-trixie-alo_-vera-shampoo-250-ml-1-st_pharmacy4pets.jpg","width":600,"height":600,"caption":"Trixie"},{"@type":"BreadcrumbList","@id":"https:\/\/p4p-nl.bootmine.com\/%product-slug%\/trixie-aloe-vera-hondenshampoo-250-ml#breadcrumb","itemListElement":[{"@type":"ListItem","position":1,"name":"Home","item":"https:\/\/p4p-nl.bootmine.com\/"},{"@type":"ListItem","position":2,"name":"Winkel","item":"https:\/\/p4p-nl.bootmine.com\/winkel"},{"@type":"ListItem","position":3,"name":"Trixie Alo\u00eb Vera Hondenshampoo 250 ml"}]},{"@type":"WebSite","@id":"http:\/\/www.pharmacy4pets.nl\/#website","url":"http:\/\/www.pharmacy4pets.nl\/","name":"Pharmacy4pets","description":"Pharmacy4pets.nl is d\u00e9 online apotheek waar u terecht kunt voor alle diergeneesmiddelen, verzorgingsproducten en dieetvoeding voor uw huisdier.","publisher":{"@id":"http:\/\/www.pharmacy4pets.nl\/#organization"},"potentialAction":[{"@type":"SearchAction","target":{"@type":"EntryPoint","urlTemplate":"http:\/\/www.pharmacy4pets.nl\/?s={search_term_string}"},"query-input":{"@type":"PropertyValueSpecification","valueRequired":true,"valueName":"search_term_string"}}],"inLanguage":"nl-NL"},{"@type":"Organization","@id":"http:\/\/www.pharmacy4pets.nl\/#organization","name":"Pharmacy4pets","url":"http:\/\/www.pharmacy4pets.nl\/","logo":{"@type":"ImageObject","inLanguage":"nl-NL","@id":"http:\/\/www.pharmacy4pets.nl\/#\/schema\/logo\/image\/","url":"https:\/\/p4p-nl.bootmine.com\/wp-content\/uploads\/2026\/03\/logo-pharmacy4pets.png","contentUrl":"https:\/\/p4p-nl.bootmine.com\/wp-content\/uploads\/2026\/03\/logo-pharmacy4pets.png","width":1024,"height":135,"caption":"Pharmacy4pets"},"image":{"@id":"http:\/\/www.pharmacy4pets.nl\/#\/schema\/logo\/image\/"},"sameAs":["https:\/\/www.facebook.com\/people\/Pharmacy4petsnl\/100063484989896\/","https:\/\/www.youtube.com\/channel\/UCGPTIgucgli03tP2_kvLkHg\/featured","https:\/\/www.instagram.com\/pharmacy4pets.nl"]}]}},"market_data":{"nl":{"price":0,"sale_price":0,"active":false,"url":null,"parent_url":"","tax_rate":0,"price_inc_tax":0,"sale_price_inc_tax":0},"de":{"price":0,"sale_price":0,"active":false,"url":null,"parent_url":"","tax_rate":0,"price_inc_tax":0,"sale_price_inc_tax":0},"be":{"price":0,"sale_price":0,"active":false,"url":null,"parent_url":"","tax_rate":0,"price_inc_tax":0,"sale_price_inc_tax":0},"fr":{"price":0,"sale_price":0,"active":false,"url":null,"parent_url":"","tax_rate":0,"price_inc_tax":0,"sale_price_inc_tax":0},"ch":{"price":0,"sale_price":0,"active":false,"url":null,"parent_url":"","tax_rate":0,"price_inc_tax":0,"sale_price_inc_tax":0},"at":{"price":0,"sale_price":0,"active":false,"url":null,"parent_url":"","tax_rate":0,"price_inc_tax":0,"sale_price_inc_tax":0},"es":{"price":0,"sale_price":0,"active":false,"url":null,"parent_url":"","tax_rate":0,"price_inc_tax":0,"sale_price_inc_tax":0},"dk":{"price":0,"sale_price":0,"active":false,"url":null,"parent_url":"","tax_rate":0,"price_inc_tax":0,"sale_price_inc_tax":0},"com":{"price":0,"sale_price":0,"active":false,"url":null,"parent_url":"","tax_rate":0,"price_inc_tax":0,"sale_price_inc_tax":0}},"market_nl_price":0,"market_nl_sale_price":0,"market_nl_active":false,"market_nl_url":null,"market_nl_parent_url":"","market_nl_tax_rate":0,"market_nl_price_inc_tax":0,"market_nl_sale_price_inc_tax":0,"market_de_price":0,"market_de_sale_price":0,"market_de_active":false,"market_de_url":null,"market_de_parent_url":"","market_de_tax_rate":0,"market_de_price_inc_tax":0,"market_de_sale_price_inc_tax":0,"market_be_price":0,"market_be_sale_price":0,"market_be_active":false,"market_be_url":null,"market_be_parent_url":"","market_be_tax_rate":0,"market_be_price_inc_tax":0,"market_be_sale_price_inc_tax":0,"market_fr_price":0,"market_fr_sale_price":0,"market_fr_active":false,"market_fr_url":null,"market_fr_parent_url":"","market_fr_tax_rate":0,"market_fr_price_inc_tax":0,"market_fr_sale_price_inc_tax":0,"market_ch_price":0,"market_ch_sale_price":0,"market_ch_active":false,"market_ch_url":null,"market_ch_parent_url":"","market_ch_tax_rate":0,"market_ch_price_inc_tax":0,"market_ch_sale_price_inc_tax":0,"market_at_price":0,"market_at_sale_price":0,"market_at_active":false,"market_at_url":null,"market_at_parent_url":"","market_at_tax_rate":0,"market_at_price_inc_tax":0,"market_at_sale_price_inc_tax":0,"market_es_price":0,"market_es_sale_price":0,"market_es_active":false,"market_es_url":null,"market_es_parent_url":"","market_es_tax_rate":0,"market_es_price_inc_tax":0,"market_es_sale_price_inc_tax":0,"market_dk_price":0,"market_dk_sale_price":0,"market_dk_active":false,"market_dk_url":null,"market_dk_parent_url":"","market_dk_tax_rate":0,"market_dk_price_inc_tax":0,"market_dk_sale_price_inc_tax":0,"market_com_price":0,"market_com_sale_price":0,"market_com_active":false,"market_com_url":null,"market_com_parent_url":"","market_com_tax_rate":0,"market_com_price_inc_tax":0,"market_com_sale_price_inc_tax":0,"acf":[],"_links":{"self":[{"href":"https:\/\/www.pharmacy4pets.nl\/be\/wp-json\/wp\/v2\/product\/118869","targetHints":{"allow":["GET"]}}],"collection":[{"href":"https:\/\/www.pharmacy4pets.nl\/be\/wp-json\/wp\/v2\/product"}],"about":[{"href":"https:\/\/www.pharmacy4pets.nl\/be\/wp-json\/wp\/v2\/types\/product"}],"replies":[{"embeddable":true,"href":"https:\/\/www.pharmacy4pets.nl\/be\/wp-json\/wp\/v2\/comments?post=118869"}],"wp:featuredmedia":[{"embeddable":true,"href":"https:\/\/www.pharmacy4pets.nl\/be\/wp-json\/wp\/v2\/media\/118868"}],"wp:attachment":[{"href":"https:\/\/www.pharmacy4pets.nl\/be\/wp-json\/wp\/v2\/media?parent=118869"}],"wp:term":[{"taxonomy":"product_brand","embeddable":true,"href":"https:\/\/www.pharmacy4pets.nl\/be\/wp-json\/wp\/v2\/product_brand?post=118869"},{"taxonomy":"product_cat","embeddable":true,"href":"https:\/\/www.pharmacy4pets.nl\/be\/wp-json\/wp\/v2\/product_cat?post=118869"},{"taxonomy":"product_tag","embeddable":true,"href":"https:\/\/www.pharmacy4pets.nl\/be\/wp-json\/wp\/v2\/product_tag?post=118869"}],"curies":[{"name":"wp","href":"https:\/\/api.w.org\/{rel}","templated":true}]}}