{"id":118863,"date":"2018-07-26T15:18:32","date_gmt":"2018-07-26T15:18:32","guid":{"rendered":"https:\/\/p4p.test\/trixie-keramische-voer-waterbak-met-poten-bruin-12-cm"},"modified":"2026-03-25T11:59:40","modified_gmt":"2026-03-25T11:59:40","slug":"trixie-keramische-voer-waterbak-met-poten-bruin-12-cm","status":"publish","type":"product","link":"https:\/\/www.pharmacy4pets.nl\/be\/trixie-keramische-voer-waterbak-met-poten-bruin-12-cm","title":{"rendered":"Trixie keramische voer-\/waterbak met poten zwart 12 cm"},"content":{"rendered":"<p>Trixie keramische voerbak\/waterbak in de kleur zwart met pootafdrukken. Zowel als voerbak of als waterbak te gebruiken, voor honden en katten. De bak is vaatwasser-bestendig.<\/p>\n<p><span style=\"text-decoration: underline;\">Verpakking:<br \/><\/span>0,3 liter (12 cm)<\/p>\n","protected":false},"excerpt":{"rendered":"<p>Trixie keramische voerbak\/waterbak in de kleur zwart met pootafdrukken. Zowel als voerbak of als waterbak te gebruiken, voor honden en katten. De bak is vaatwasser-bestendig. Verpakking:0,3 liter (12 cm)<\/p>\n","protected":false},"featured_media":118862,"comment_status":"open","ping_status":"closed","template":"","meta":{"_acf_changed":false,"_nl_post_content":"<p>Trixie keramische voerbak\/waterbak in de kleur zwart met pootafdrukken. Zowel als voerbak of als waterbak te gebruiken, voor honden en katten. De bak is vaatwasser-bestendig.<\/p>\r\n<p><span style=\"text-decoration: underline;\">Verpakking:<br \/><\/span>0,3 liter (12 cm)<\/p>","_nl_post_name":"trixie-keramische-voer-waterbak-met-poten-bruin-12-cm","_nl_post_excerpt":"","_nl_post_title":"Trixie keramische voer-\/waterbak met poten zwart 12 cm","_en_post_content":"<p>Trixie ceramic food bowl\/water bowl in the color brown with paw prints. Can be used as a food bowl or as a water bowl, for dogs and cats. The bowl is dishwasher proof.<br \/> <br \/> <span style=\"text-decoration: underline;\">Package:<br \/><\/span>0.3 liters (12 cm)<\/p>","_en_post_name":"trixie-keramische-voer-waterbak-met-poten-bruin-12-cm","_en_post_excerpt":"","_en_post_title":"Trixie ceramic food\/water bowl with paw prints brown 12 cm","_de_post_content":"<p>Trixie Keramik Fressnapf braun mit Pfoten abdr&uuml;cken. Als Fressnapf oder Wassernapf zu benutzen, f&uuml;r Hunde und Katzen. Die Napf ist Sp&uuml;lmaschinengeeignet.<\/p>\r\n<p><span style=\"text-decoration: underline;\">Verpackung:<br \/><\/span>0,3 Liter (12 cm)<\/p>","_de_post_name":"trixie-keramische-voer-waterbak-met-poten-bruin-12-cm","_de_post_excerpt":"","_de_post_title":"Trixie Keramik Fressnapf mit Pfoten braun 12 cm","_fr_post_content":"<p>Gamelle\/bol \u00e0 eau Trixie en c\u00e9ramique noire avec empreintes de pattes. Peut \u00eatre utilis\u00e9 comme bol de nourriture ou comme bol d'eau pour chiens et chats. Le r\u00e9cipient va au lave-vaisselle.<\/p>\r\n<p><u>Emballage:<\/u><br \/>0,3 litre (12 cm)<\/p>","_fr_post_name":"trixie-gamelle-en-ceramique-avec-pieds-noir-12-cm","_fr_post_excerpt":"","_fr_post_title":"Trixie gamelle en c\u00e9ramique avec pieds noir 12 cm","_es_post_content":"<p>Comedero o bebedero de cer\u00e1mica de Trixie en color negro con huellas de zarpa. Se puede utilizar como comedero o como bebedero para perros y gatos. El comedero o bebedero es apto para lavavajillas.<\/p>\r\n<p><span style=\"text-decoration: underline;\">Contenido:<\/span><br \/>0,3 litros (12 cm).<\/p>","_es_post_name":"trixie-comedero-bebedero-de-ceramica-negro-12-cm","_es_post_excerpt":"","_es_post_title":"Trixie Comedero - Bebedero de cer\u00e1mica negro 12 cm","edit_language":"nl"},"product_brand":[],"product_cat":[2182,1891,1861,1117,1118,2178,1857,1959,1866,1896,2195],"product_tag":[],"class_list":{"0":"post-118863","1":"product","2":"type-product","3":"status-publish","4":"has-post-thumbnail","6":"product_cat-kitten-benodigdheden","7":"product_cat-benodigdheden","9":"product_cat-honden","10":"product_cat-katten","11":"product_cat-kitten","12":"product_cat-merken","13":"product_cat-trixie","14":"product_cat-voerbak","16":"product_cat-voer-waterbak","17":"pa_aandoening-overig","18":"pa_doeldier-hond","19":"pa_doeldier-kat","20":"pa_fabricatieland-duitsland","21":"pa_merkfilter-trixie","22":"pa_merkgroep-trixie","23":"pa_productsoort-overig","24":"pa_seo_canonical_store_id-not_found_value","25":"pa_seo_category-not_found_value","26":"pa_seo_meta_robots-not_found_value","27":"pa_toedieningswijze-voerbak","28":"pa_unit_pricing_base_measure-1ct","29":"pa_unit_pricing_measure-1ct","30":"pa_werkzamestof-overig","32":"first","33":"instock","34":"taxable","35":"shipping-taxable","36":"purchasable","37":"product-type-simple"},"yoast_head":"<!-- This site is optimized with the Yoast SEO plugin v27.5 - https:\/\/yoast.com\/product\/yoast-seo-wordpress\/ -->\n<title>Trixie keramische voer-\/waterbak met poten zwart 12 cm - Pharmacy4pets<\/title>\n<meta name=\"robots\" content=\"index, follow, max-snippet:-1, max-image-preview:large, max-video-preview:-1\" \/>\n<link rel=\"canonical\" href=\"https:\/\/p4p-nl.bootmine.com\/%product-slug%\/trixie-keramische-voer-waterbak-met-poten-bruin-12-cm\" \/>\n<meta property=\"og:locale\" content=\"nl_NL\" \/>\n<meta property=\"og:type\" content=\"article\" \/>\n<meta property=\"og:title\" content=\"Trixie keramische voer-\/waterbak met poten zwart 12 cm - Pharmacy4pets\" \/>\n<meta property=\"og:description\" content=\"Trixie keramische voerbak\/waterbak in de kleur zwart met pootafdrukken. Zowel als voerbak of als waterbak te gebruiken, voor honden en katten. De bak is vaatwasser-bestendig. Verpakking:0,3 liter (12 cm)\" \/>\n<meta property=\"og:url\" content=\"https:\/\/p4p-nl.bootmine.com\/%product-slug%\/trixie-keramische-voer-waterbak-met-poten-bruin-12-cm\" \/>\n<meta property=\"og:site_name\" content=\"Pharmacy4pets\" \/>\n<meta property=\"article:publisher\" content=\"https:\/\/www.facebook.com\/people\/Pharmacy4petsnl\/100063484989896\/\" \/>\n<meta property=\"article:modified_time\" content=\"2026-03-25T11:59:40+00:00\" \/>\n<meta property=\"og:image\" content=\"https:\/\/p4p-nl.bootmine.com\/wp-content\/uploads\/2018\/07\/zwart_voerbak_trixie.png\" \/>\n\t<meta property=\"og:image:width\" content=\"482\" \/>\n\t<meta property=\"og:image:height\" content=\"408\" \/>\n\t<meta property=\"og:image:type\" content=\"image\/png\" \/>\n<meta name=\"twitter:card\" content=\"summary_large_image\" \/>\n<script type=\"application\/ld+json\" class=\"yoast-schema-graph\">{\"@context\":\"https:\\\/\\\/schema.org\",\"@graph\":[{\"@type\":\"WebPage\",\"@id\":\"https:\\\/\\\/p4p-nl.bootmine.com\\\/%product-slug%\\\/trixie-keramische-voer-waterbak-met-poten-bruin-12-cm\",\"url\":\"https:\\\/\\\/p4p-nl.bootmine.com\\\/%product-slug%\\\/trixie-keramische-voer-waterbak-met-poten-bruin-12-cm\",\"name\":\"Trixie keramische voer-\\\/waterbak met poten zwart 12 cm - Pharmacy4pets\",\"isPartOf\":{\"@id\":\"http:\\\/\\\/www.pharmacy4pets.nl\\\/#website\"},\"primaryImageOfPage\":{\"@id\":\"https:\\\/\\\/p4p-nl.bootmine.com\\\/%product-slug%\\\/trixie-keramische-voer-waterbak-met-poten-bruin-12-cm#primaryimage\"},\"image\":{\"@id\":\"https:\\\/\\\/p4p-nl.bootmine.com\\\/%product-slug%\\\/trixie-keramische-voer-waterbak-met-poten-bruin-12-cm#primaryimage\"},\"thumbnailUrl\":\"https:\\\/\\\/www.pharmacy4pets.nl\\\/wp-content\\\/uploads\\\/2018\\\/07\\\/zwart_voerbak_trixie.png\",\"datePublished\":\"2018-07-26T15:18:32+00:00\",\"dateModified\":\"2026-03-25T11:59:40+00:00\",\"breadcrumb\":{\"@id\":\"https:\\\/\\\/p4p-nl.bootmine.com\\\/%product-slug%\\\/trixie-keramische-voer-waterbak-met-poten-bruin-12-cm#breadcrumb\"},\"inLanguage\":\"nl-NL\",\"potentialAction\":[{\"@type\":\"ReadAction\",\"target\":[\"https:\\\/\\\/p4p-nl.bootmine.com\\\/%product-slug%\\\/trixie-keramische-voer-waterbak-met-poten-bruin-12-cm\"]}]},{\"@type\":\"ImageObject\",\"inLanguage\":\"nl-NL\",\"@id\":\"https:\\\/\\\/p4p-nl.bootmine.com\\\/%product-slug%\\\/trixie-keramische-voer-waterbak-met-poten-bruin-12-cm#primaryimage\",\"url\":\"https:\\\/\\\/www.pharmacy4pets.nl\\\/wp-content\\\/uploads\\\/2018\\\/07\\\/zwart_voerbak_trixie.png\",\"contentUrl\":\"https:\\\/\\\/www.pharmacy4pets.nl\\\/wp-content\\\/uploads\\\/2018\\\/07\\\/zwart_voerbak_trixie.png\",\"width\":482,\"height\":408,\"caption\":\"Trixie\"},{\"@type\":\"BreadcrumbList\",\"@id\":\"https:\\\/\\\/p4p-nl.bootmine.com\\\/%product-slug%\\\/trixie-keramische-voer-waterbak-met-poten-bruin-12-cm#breadcrumb\",\"itemListElement\":[{\"@type\":\"ListItem\",\"position\":1,\"name\":\"Home\",\"item\":\"https:\\\/\\\/p4p-nl.bootmine.com\\\/\"},{\"@type\":\"ListItem\",\"position\":2,\"name\":\"Winkel\",\"item\":\"https:\\\/\\\/p4p-nl.bootmine.com\\\/winkel\"},{\"@type\":\"ListItem\",\"position\":3,\"name\":\"Trixie keramische voer-\\\/waterbak met poten zwart 12 cm\"}]},{\"@type\":\"WebSite\",\"@id\":\"http:\\\/\\\/www.pharmacy4pets.nl\\\/#website\",\"url\":\"http:\\\/\\\/www.pharmacy4pets.nl\\\/\",\"name\":\"Pharmacy4pets\",\"description\":\"Pharmacy4pets.nl is d\u00e9 online apotheek waar u terecht kunt voor alle diergeneesmiddelen, verzorgingsproducten en dieetvoeding voor uw huisdier.\",\"publisher\":{\"@id\":\"http:\\\/\\\/www.pharmacy4pets.nl\\\/#organization\"},\"potentialAction\":[{\"@type\":\"SearchAction\",\"target\":{\"@type\":\"EntryPoint\",\"urlTemplate\":\"http:\\\/\\\/www.pharmacy4pets.nl\\\/?s={search_term_string}\"},\"query-input\":{\"@type\":\"PropertyValueSpecification\",\"valueRequired\":true,\"valueName\":\"search_term_string\"}}],\"inLanguage\":\"nl-NL\"},{\"@type\":\"Organization\",\"@id\":\"http:\\\/\\\/www.pharmacy4pets.nl\\\/#organization\",\"name\":\"Pharmacy4pets\",\"url\":\"http:\\\/\\\/www.pharmacy4pets.nl\\\/\",\"logo\":{\"@type\":\"ImageObject\",\"inLanguage\":\"nl-NL\",\"@id\":\"http:\\\/\\\/www.pharmacy4pets.nl\\\/#\\\/schema\\\/logo\\\/image\\\/\",\"url\":\"https:\\\/\\\/p4p-nl.bootmine.com\\\/wp-content\\\/uploads\\\/2026\\\/03\\\/logo-pharmacy4pets.png\",\"contentUrl\":\"https:\\\/\\\/p4p-nl.bootmine.com\\\/wp-content\\\/uploads\\\/2026\\\/03\\\/logo-pharmacy4pets.png\",\"width\":1024,\"height\":135,\"caption\":\"Pharmacy4pets\"},\"image\":{\"@id\":\"http:\\\/\\\/www.pharmacy4pets.nl\\\/#\\\/schema\\\/logo\\\/image\\\/\"},\"sameAs\":[\"https:\\\/\\\/www.facebook.com\\\/people\\\/Pharmacy4petsnl\\\/100063484989896\\\/\",\"https:\\\/\\\/www.youtube.com\\\/channel\\\/UCGPTIgucgli03tP2_kvLkHg\\\/featured\",\"https:\\\/\\\/www.instagram.com\\\/pharmacy4pets.nl\"]}]}<\/script>\n<!-- \/ Yoast SEO plugin. -->","yoast_head_json":{"title":"Trixie keramische voer-\/waterbak met poten zwart 12 cm - Pharmacy4pets","robots":{"index":"index","follow":"follow","max-snippet":"max-snippet:-1","max-image-preview":"max-image-preview:large","max-video-preview":"max-video-preview:-1"},"canonical":"https:\/\/p4p-nl.bootmine.com\/%product-slug%\/trixie-keramische-voer-waterbak-met-poten-bruin-12-cm","og_locale":"nl_NL","og_type":"article","og_title":"Trixie keramische voer-\/waterbak met poten zwart 12 cm - Pharmacy4pets","og_description":"Trixie keramische voerbak\/waterbak in de kleur zwart met pootafdrukken. Zowel als voerbak of als waterbak te gebruiken, voor honden en katten. De bak is vaatwasser-bestendig. Verpakking:0,3 liter (12 cm)","og_url":"https:\/\/p4p-nl.bootmine.com\/%product-slug%\/trixie-keramische-voer-waterbak-met-poten-bruin-12-cm","og_site_name":"Pharmacy4pets","article_publisher":"https:\/\/www.facebook.com\/people\/Pharmacy4petsnl\/100063484989896\/","article_modified_time":"2026-03-25T11:59:40+00:00","og_image":[{"width":482,"height":408,"url":"https:\/\/p4p-nl.bootmine.com\/wp-content\/uploads\/2018\/07\/zwart_voerbak_trixie.png","type":"image\/png"}],"twitter_card":"summary_large_image","schema":{"@context":"https:\/\/schema.org","@graph":[{"@type":"WebPage","@id":"https:\/\/p4p-nl.bootmine.com\/%product-slug%\/trixie-keramische-voer-waterbak-met-poten-bruin-12-cm","url":"https:\/\/p4p-nl.bootmine.com\/%product-slug%\/trixie-keramische-voer-waterbak-met-poten-bruin-12-cm","name":"Trixie keramische voer-\/waterbak met poten zwart 12 cm - Pharmacy4pets","isPartOf":{"@id":"http:\/\/www.pharmacy4pets.nl\/#website"},"primaryImageOfPage":{"@id":"https:\/\/p4p-nl.bootmine.com\/%product-slug%\/trixie-keramische-voer-waterbak-met-poten-bruin-12-cm#primaryimage"},"image":{"@id":"https:\/\/p4p-nl.bootmine.com\/%product-slug%\/trixie-keramische-voer-waterbak-met-poten-bruin-12-cm#primaryimage"},"thumbnailUrl":"https:\/\/www.pharmacy4pets.nl\/wp-content\/uploads\/2018\/07\/zwart_voerbak_trixie.png","datePublished":"2018-07-26T15:18:32+00:00","dateModified":"2026-03-25T11:59:40+00:00","breadcrumb":{"@id":"https:\/\/p4p-nl.bootmine.com\/%product-slug%\/trixie-keramische-voer-waterbak-met-poten-bruin-12-cm#breadcrumb"},"inLanguage":"nl-NL","potentialAction":[{"@type":"ReadAction","target":["https:\/\/p4p-nl.bootmine.com\/%product-slug%\/trixie-keramische-voer-waterbak-met-poten-bruin-12-cm"]}]},{"@type":"ImageObject","inLanguage":"nl-NL","@id":"https:\/\/p4p-nl.bootmine.com\/%product-slug%\/trixie-keramische-voer-waterbak-met-poten-bruin-12-cm#primaryimage","url":"https:\/\/www.pharmacy4pets.nl\/wp-content\/uploads\/2018\/07\/zwart_voerbak_trixie.png","contentUrl":"https:\/\/www.pharmacy4pets.nl\/wp-content\/uploads\/2018\/07\/zwart_voerbak_trixie.png","width":482,"height":408,"caption":"Trixie"},{"@type":"BreadcrumbList","@id":"https:\/\/p4p-nl.bootmine.com\/%product-slug%\/trixie-keramische-voer-waterbak-met-poten-bruin-12-cm#breadcrumb","itemListElement":[{"@type":"ListItem","position":1,"name":"Home","item":"https:\/\/p4p-nl.bootmine.com\/"},{"@type":"ListItem","position":2,"name":"Winkel","item":"https:\/\/p4p-nl.bootmine.com\/winkel"},{"@type":"ListItem","position":3,"name":"Trixie keramische voer-\/waterbak met poten zwart 12 cm"}]},{"@type":"WebSite","@id":"http:\/\/www.pharmacy4pets.nl\/#website","url":"http:\/\/www.pharmacy4pets.nl\/","name":"Pharmacy4pets","description":"Pharmacy4pets.nl is d\u00e9 online apotheek waar u terecht kunt voor alle diergeneesmiddelen, verzorgingsproducten en dieetvoeding voor uw huisdier.","publisher":{"@id":"http:\/\/www.pharmacy4pets.nl\/#organization"},"potentialAction":[{"@type":"SearchAction","target":{"@type":"EntryPoint","urlTemplate":"http:\/\/www.pharmacy4pets.nl\/?s={search_term_string}"},"query-input":{"@type":"PropertyValueSpecification","valueRequired":true,"valueName":"search_term_string"}}],"inLanguage":"nl-NL"},{"@type":"Organization","@id":"http:\/\/www.pharmacy4pets.nl\/#organization","name":"Pharmacy4pets","url":"http:\/\/www.pharmacy4pets.nl\/","logo":{"@type":"ImageObject","inLanguage":"nl-NL","@id":"http:\/\/www.pharmacy4pets.nl\/#\/schema\/logo\/image\/","url":"https:\/\/p4p-nl.bootmine.com\/wp-content\/uploads\/2026\/03\/logo-pharmacy4pets.png","contentUrl":"https:\/\/p4p-nl.bootmine.com\/wp-content\/uploads\/2026\/03\/logo-pharmacy4pets.png","width":1024,"height":135,"caption":"Pharmacy4pets"},"image":{"@id":"http:\/\/www.pharmacy4pets.nl\/#\/schema\/logo\/image\/"},"sameAs":["https:\/\/www.facebook.com\/people\/Pharmacy4petsnl\/100063484989896\/","https:\/\/www.youtube.com\/channel\/UCGPTIgucgli03tP2_kvLkHg\/featured","https:\/\/www.instagram.com\/pharmacy4pets.nl"]}]}},"market_data":{"nl":{"price":0,"sale_price":0,"active":false,"url":null,"parent_url":"","tax_rate":0,"price_inc_tax":0,"sale_price_inc_tax":0},"de":{"price":0,"sale_price":0,"active":false,"url":null,"parent_url":"","tax_rate":0,"price_inc_tax":0,"sale_price_inc_tax":0},"be":{"price":0,"sale_price":0,"active":false,"url":null,"parent_url":"","tax_rate":0,"price_inc_tax":0,"sale_price_inc_tax":0},"fr":{"price":0,"sale_price":0,"active":false,"url":null,"parent_url":"","tax_rate":0,"price_inc_tax":0,"sale_price_inc_tax":0},"ch":{"price":0,"sale_price":0,"active":false,"url":null,"parent_url":"","tax_rate":0,"price_inc_tax":0,"sale_price_inc_tax":0},"at":{"price":0,"sale_price":0,"active":false,"url":null,"parent_url":"","tax_rate":0,"price_inc_tax":0,"sale_price_inc_tax":0},"es":{"price":0,"sale_price":0,"active":false,"url":null,"parent_url":"","tax_rate":0,"price_inc_tax":0,"sale_price_inc_tax":0},"dk":{"price":0,"sale_price":0,"active":false,"url":null,"parent_url":"","tax_rate":0,"price_inc_tax":0,"sale_price_inc_tax":0},"com":{"price":0,"sale_price":0,"active":false,"url":null,"parent_url":"","tax_rate":0,"price_inc_tax":0,"sale_price_inc_tax":0}},"market_nl_price":0,"market_nl_sale_price":0,"market_nl_active":false,"market_nl_url":null,"market_nl_parent_url":"","market_nl_tax_rate":0,"market_nl_price_inc_tax":0,"market_nl_sale_price_inc_tax":0,"market_de_price":0,"market_de_sale_price":0,"market_de_active":false,"market_de_url":null,"market_de_parent_url":"","market_de_tax_rate":0,"market_de_price_inc_tax":0,"market_de_sale_price_inc_tax":0,"market_be_price":0,"market_be_sale_price":0,"market_be_active":false,"market_be_url":null,"market_be_parent_url":"","market_be_tax_rate":0,"market_be_price_inc_tax":0,"market_be_sale_price_inc_tax":0,"market_fr_price":0,"market_fr_sale_price":0,"market_fr_active":false,"market_fr_url":null,"market_fr_parent_url":"","market_fr_tax_rate":0,"market_fr_price_inc_tax":0,"market_fr_sale_price_inc_tax":0,"market_ch_price":0,"market_ch_sale_price":0,"market_ch_active":false,"market_ch_url":null,"market_ch_parent_url":"","market_ch_tax_rate":0,"market_ch_price_inc_tax":0,"market_ch_sale_price_inc_tax":0,"market_at_price":0,"market_at_sale_price":0,"market_at_active":false,"market_at_url":null,"market_at_parent_url":"","market_at_tax_rate":0,"market_at_price_inc_tax":0,"market_at_sale_price_inc_tax":0,"market_es_price":0,"market_es_sale_price":0,"market_es_active":false,"market_es_url":null,"market_es_parent_url":"","market_es_tax_rate":0,"market_es_price_inc_tax":0,"market_es_sale_price_inc_tax":0,"market_dk_price":0,"market_dk_sale_price":0,"market_dk_active":false,"market_dk_url":null,"market_dk_parent_url":"","market_dk_tax_rate":0,"market_dk_price_inc_tax":0,"market_dk_sale_price_inc_tax":0,"market_com_price":0,"market_com_sale_price":0,"market_com_active":false,"market_com_url":null,"market_com_parent_url":"","market_com_tax_rate":0,"market_com_price_inc_tax":0,"market_com_sale_price_inc_tax":0,"acf":[],"_links":{"self":[{"href":"https:\/\/www.pharmacy4pets.nl\/be\/wp-json\/wp\/v2\/product\/118863","targetHints":{"allow":["GET"]}}],"collection":[{"href":"https:\/\/www.pharmacy4pets.nl\/be\/wp-json\/wp\/v2\/product"}],"about":[{"href":"https:\/\/www.pharmacy4pets.nl\/be\/wp-json\/wp\/v2\/types\/product"}],"replies":[{"embeddable":true,"href":"https:\/\/www.pharmacy4pets.nl\/be\/wp-json\/wp\/v2\/comments?post=118863"}],"wp:featuredmedia":[{"embeddable":true,"href":"https:\/\/www.pharmacy4pets.nl\/be\/wp-json\/wp\/v2\/media\/118862"}],"wp:attachment":[{"href":"https:\/\/www.pharmacy4pets.nl\/be\/wp-json\/wp\/v2\/media?parent=118863"}],"wp:term":[{"taxonomy":"product_brand","embeddable":true,"href":"https:\/\/www.pharmacy4pets.nl\/be\/wp-json\/wp\/v2\/product_brand?post=118863"},{"taxonomy":"product_cat","embeddable":true,"href":"https:\/\/www.pharmacy4pets.nl\/be\/wp-json\/wp\/v2\/product_cat?post=118863"},{"taxonomy":"product_tag","embeddable":true,"href":"https:\/\/www.pharmacy4pets.nl\/be\/wp-json\/wp\/v2\/product_tag?post=118863"}],"curies":[{"name":"wp","href":"https:\/\/api.w.org\/{rel}","templated":true}]}}