{"id":118843,"date":"2018-07-26T12:42:58","date_gmt":"2018-07-26T12:42:58","guid":{"rendered":"https:\/\/p4p.test\/trixie-fles-met-drinkbak-rvs-zwart-300-ml"},"modified":"2026-03-25T11:59:34","modified_gmt":"2026-03-25T11:59:34","slug":"trixie-fles-met-drinkbak-rvs-zwart-300-ml","status":"publish","type":"product","link":"https:\/\/www.pharmacy4pets.nl\/be\/trixie-fles-met-drinkbak-rvs-zwart-300-ml","title":{"rendered":"Trixie fles met drinkbak RVS\/zwart 300 ml"},"content":{"rendered":"<p>De roestvrijstalen Trixie drinkfles met drinkbak is erg handig voor onderweg. De vorm van het deksel maakt het gebruik als drinkbak mogelijk.&nbsp;<\/p>\n<p><span style=\"text-decoration: underline;\">Verpakking:<br \/> <\/span>300 ml<\/p>\n","protected":false},"excerpt":{"rendered":"<p>De roestvrijstalen Trixie drinkfles met drinkbak is erg handig voor onderweg. De vorm van het deksel maakt het gebruik als drinkbak mogelijk.&nbsp; Verpakking: 300 ml<\/p>\n","protected":false},"featured_media":118842,"comment_status":"open","ping_status":"closed","template":"","meta":{"_acf_changed":false,"_nl_post_content":"<p>De roestvrijstalen Trixie drinkfles met drinkbak is erg handig voor onderweg. De vorm van het deksel maakt het gebruik als drinkbak mogelijk.&nbsp;<\/p>\r\n<p><span style=\"text-decoration: underline;\">Verpakking:<br \/> <\/span>300 ml<\/p>","_nl_post_name":"trixie-fles-met-drinkbak-rvs-zwart-300-ml","_nl_post_excerpt":"","_nl_post_title":"Trixie fles met drinkbak RVS\/zwart 300 ml","_en_post_content":"<p>The stainless steel Trixie drink bottle with drinking bowl is very handy for being on tour. The shape of the lid makes it possible to use it as a water bowl.<\/p>\r\n<p><span style=\"text-decoration: underline;\">Package:<br \/><\/span>300 ml<\/p>","_en_post_name":"trixie-fles-met-drinkbak-rvs-zwart-300-ml","_en_post_excerpt":"","_en_post_title":"Trixie bottle with drinking bowl stainless steel\/black 300 ml","_de_post_content":"<p>Die rostfreier Edelstahl Trixie Trinkflasche mit Trinkschale ist sehr praktisch f\u00fcr unterwegs. Die Form des Deckels erm\u00f6glicht die Nutzung als Trinknapf.<br \/><br \/><span style=\"text-decoration: underline;\">Verpackung:<\/span><br \/>300 ml<\/p>","_de_post_name":"trixie-fles-met-drinkbak-rvs-zwart-300-ml","_de_post_excerpt":"","_de_post_title":"Trixie Flasche mit Trinknapf rostfreier Edelstahl\/schwarz 300 ml","_fr_post_content":"<p>La bouteille Trixie en acier inoxydable avec abreuvoir est tr\u00e8s pratique en d\u00e9placement. La forme du couvercle permet de l'utiliser comme un bol \u00e0 boire. Disponible en acier inoxydable et en plastique noir.<\/p>\r\n<p>Emballage :<\/p>\r\n<p>300 ml<\/p>","_fr_post_name":"trixie-bouteille-abreuvoir-inox-noir-300-ml","_fr_post_excerpt":"","_fr_post_title":"Trixie bouteille avec abreuvoir inox noir 300 ml","_es_post_content":"<p>Esta botella de acero inoxidable 300 ml de Trixie tiene una tapa de pl\u00e1stico negro que puede usarse como bebedero para su perro. Esto hace que esta botella sea ideal para la carretera o durante una larga caminata.<\/p>","_es_post_name":"trixie-botella-con-bebedero-perros-acero-inoxidable-negro-300-ml","_es_post_excerpt":"","_es_post_title":"Trixie botella con bebedero para perros | Acero inoxidable - negro 300 ml","edit_language":"nl"},"product_brand":[],"product_cat":[1861,1117,1857,1959,1866],"product_tag":[],"class_list":{"0":"post-118843","1":"product","2":"type-product","3":"status-publish","4":"has-post-thumbnail","6":"product_cat-benodigdheden","7":"product_cat-honden","8":"product_cat-merken","9":"product_cat-trixie","10":"product_cat-voerbak","11":"pa_aandoening-overig","12":"pa_doeldier-hond","13":"pa_fabricatieland-duitsland","14":"pa_merkfilter-trixie","15":"pa_merkgroep-trixie","16":"pa_productsoort-overig","17":"pa_seo_canonical_store_id-not_found_value","18":"pa_seo_category-not_found_value","19":"pa_seo_meta_robots-not_found_value","20":"pa_toedieningswijze-fles","21":"pa_unit_pricing_base_measure-1ct","22":"pa_unit_pricing_measure-1ct","23":"pa_werkzamestof-overig","25":"first","26":"instock","27":"taxable","28":"shipping-taxable","29":"purchasable","30":"product-type-simple"},"yoast_head":"<!-- This site is optimized with the Yoast SEO plugin v27.5 - https:\/\/yoast.com\/product\/yoast-seo-wordpress\/ -->\n<title>Trixie fles met drinkbak RVS\/zwart 300 ml - Pharmacy4pets<\/title>\n<meta name=\"robots\" content=\"index, follow, max-snippet:-1, max-image-preview:large, max-video-preview:-1\" \/>\n<link rel=\"canonical\" href=\"https:\/\/www.pharmacy4pets.nl\/trixie-fles-met-drinkbak-rvs-zwart-300-ml\" \/>\n<meta property=\"og:locale\" content=\"nl_NL\" \/>\n<meta property=\"og:type\" content=\"article\" \/>\n<meta property=\"og:title\" content=\"Trixie fles met drinkbak RVS\/zwart 300 ml - Pharmacy4pets\" \/>\n<meta property=\"og:description\" content=\"De roestvrijstalen Trixie drinkfles met drinkbak is erg handig voor onderweg. De vorm van het deksel maakt het gebruik als drinkbak mogelijk.&nbsp; Verpakking: 300 ml\" \/>\n<meta property=\"og:url\" content=\"https:\/\/www.pharmacy4pets.nl\/trixie-fles-met-drinkbak-rvs-zwart-300-ml\" \/>\n<meta property=\"og:site_name\" content=\"Pharmacy4pets\" \/>\n<meta property=\"article:publisher\" content=\"https:\/\/www.facebook.com\/people\/Pharmacy4petsnl\/100063484989896\/\" \/>\n<meta property=\"article:modified_time\" content=\"2026-03-25T11:59:34+00:00\" \/>\n<meta property=\"og:image\" content=\"https:\/\/www.pharmacy4pets.nl\/wp-content\/uploads\/2018\/07\/trixie_fles_300ml.jpg\" \/>\n\t<meta property=\"og:image:width\" content=\"575\" \/>\n\t<meta property=\"og:image:height\" content=\"600\" \/>\n\t<meta property=\"og:image:type\" content=\"image\/jpeg\" \/>\n<meta name=\"twitter:card\" content=\"summary_large_image\" \/>\n<script type=\"application\/ld+json\" class=\"yoast-schema-graph\">{\"@context\":\"https:\\\/\\\/schema.org\",\"@graph\":[{\"@type\":\"WebPage\",\"@id\":\"https:\\\/\\\/www.pharmacy4pets.nl\\\/trixie-fles-met-drinkbak-rvs-zwart-300-ml\",\"url\":\"https:\\\/\\\/www.pharmacy4pets.nl\\\/trixie-fles-met-drinkbak-rvs-zwart-300-ml\",\"name\":\"Trixie fles met drinkbak RVS\\\/zwart 300 ml - Pharmacy4pets\",\"isPartOf\":{\"@id\":\"http:\\\/\\\/www.pharmacy4pets.nl\\\/#website\"},\"primaryImageOfPage\":{\"@id\":\"https:\\\/\\\/www.pharmacy4pets.nl\\\/trixie-fles-met-drinkbak-rvs-zwart-300-ml#primaryimage\"},\"image\":{\"@id\":\"https:\\\/\\\/www.pharmacy4pets.nl\\\/trixie-fles-met-drinkbak-rvs-zwart-300-ml#primaryimage\"},\"thumbnailUrl\":\"https:\\\/\\\/www.pharmacy4pets.nl\\\/wp-content\\\/uploads\\\/2018\\\/07\\\/trixie_fles_300ml.jpg\",\"datePublished\":\"2018-07-26T12:42:58+00:00\",\"dateModified\":\"2026-03-25T11:59:34+00:00\",\"breadcrumb\":{\"@id\":\"https:\\\/\\\/www.pharmacy4pets.nl\\\/trixie-fles-met-drinkbak-rvs-zwart-300-ml#breadcrumb\"},\"inLanguage\":\"nl-NL\",\"potentialAction\":[{\"@type\":\"ReadAction\",\"target\":[\"https:\\\/\\\/www.pharmacy4pets.nl\\\/trixie-fles-met-drinkbak-rvs-zwart-300-ml\"]}]},{\"@type\":\"ImageObject\",\"inLanguage\":\"nl-NL\",\"@id\":\"https:\\\/\\\/www.pharmacy4pets.nl\\\/trixie-fles-met-drinkbak-rvs-zwart-300-ml#primaryimage\",\"url\":\"https:\\\/\\\/www.pharmacy4pets.nl\\\/wp-content\\\/uploads\\\/2018\\\/07\\\/trixie_fles_300ml.jpg\",\"contentUrl\":\"https:\\\/\\\/www.pharmacy4pets.nl\\\/wp-content\\\/uploads\\\/2018\\\/07\\\/trixie_fles_300ml.jpg\",\"width\":575,\"height\":600,\"caption\":\"Trixie\"},{\"@type\":\"BreadcrumbList\",\"@id\":\"https:\\\/\\\/www.pharmacy4pets.nl\\\/trixie-fles-met-drinkbak-rvs-zwart-300-ml#breadcrumb\",\"itemListElement\":[{\"@type\":\"ListItem\",\"position\":1,\"name\":\"Home\",\"item\":\"https:\\\/\\\/p4p-nl.bootmine.com\\\/\"},{\"@type\":\"ListItem\",\"position\":2,\"name\":\"Winkel\",\"item\":\"https:\\\/\\\/p4p-nl.bootmine.com\\\/winkel\"},{\"@type\":\"ListItem\",\"position\":3,\"name\":\"Trixie fles met drinkbak RVS\\\/zwart 300 ml\"}]},{\"@type\":\"WebSite\",\"@id\":\"http:\\\/\\\/www.pharmacy4pets.nl\\\/#website\",\"url\":\"http:\\\/\\\/www.pharmacy4pets.nl\\\/\",\"name\":\"Pharmacy4pets\",\"description\":\"Pharmacy4pets.nl is d\u00e9 online apotheek waar u terecht kunt voor alle diergeneesmiddelen, verzorgingsproducten en dieetvoeding voor uw huisdier.\",\"publisher\":{\"@id\":\"http:\\\/\\\/www.pharmacy4pets.nl\\\/#organization\"},\"potentialAction\":[{\"@type\":\"SearchAction\",\"target\":{\"@type\":\"EntryPoint\",\"urlTemplate\":\"http:\\\/\\\/www.pharmacy4pets.nl\\\/?s={search_term_string}\"},\"query-input\":{\"@type\":\"PropertyValueSpecification\",\"valueRequired\":true,\"valueName\":\"search_term_string\"}}],\"inLanguage\":\"nl-NL\"},{\"@type\":\"Organization\",\"@id\":\"http:\\\/\\\/www.pharmacy4pets.nl\\\/#organization\",\"name\":\"Pharmacy4pets\",\"url\":\"http:\\\/\\\/www.pharmacy4pets.nl\\\/\",\"logo\":{\"@type\":\"ImageObject\",\"inLanguage\":\"nl-NL\",\"@id\":\"http:\\\/\\\/www.pharmacy4pets.nl\\\/#\\\/schema\\\/logo\\\/image\\\/\",\"url\":\"https:\\\/\\\/p4p-nl.bootmine.com\\\/wp-content\\\/uploads\\\/2026\\\/03\\\/logo-pharmacy4pets.png\",\"contentUrl\":\"https:\\\/\\\/p4p-nl.bootmine.com\\\/wp-content\\\/uploads\\\/2026\\\/03\\\/logo-pharmacy4pets.png\",\"width\":1024,\"height\":135,\"caption\":\"Pharmacy4pets\"},\"image\":{\"@id\":\"http:\\\/\\\/www.pharmacy4pets.nl\\\/#\\\/schema\\\/logo\\\/image\\\/\"},\"sameAs\":[\"https:\\\/\\\/www.facebook.com\\\/people\\\/Pharmacy4petsnl\\\/100063484989896\\\/\",\"https:\\\/\\\/www.youtube.com\\\/channel\\\/UCGPTIgucgli03tP2_kvLkHg\\\/featured\",\"https:\\\/\\\/www.instagram.com\\\/pharmacy4pets.nl\"]}]}<\/script>\n<!-- \/ Yoast SEO plugin. -->","yoast_head_json":{"title":"Trixie fles met drinkbak RVS\/zwart 300 ml - Pharmacy4pets","robots":{"index":"index","follow":"follow","max-snippet":"max-snippet:-1","max-image-preview":"max-image-preview:large","max-video-preview":"max-video-preview:-1"},"canonical":"https:\/\/www.pharmacy4pets.nl\/trixie-fles-met-drinkbak-rvs-zwart-300-ml","og_locale":"nl_NL","og_type":"article","og_title":"Trixie fles met drinkbak RVS\/zwart 300 ml - Pharmacy4pets","og_description":"De roestvrijstalen Trixie drinkfles met drinkbak is erg handig voor onderweg. De vorm van het deksel maakt het gebruik als drinkbak mogelijk.&nbsp; Verpakking: 300 ml","og_url":"https:\/\/www.pharmacy4pets.nl\/trixie-fles-met-drinkbak-rvs-zwart-300-ml","og_site_name":"Pharmacy4pets","article_publisher":"https:\/\/www.facebook.com\/people\/Pharmacy4petsnl\/100063484989896\/","article_modified_time":"2026-03-25T11:59:34+00:00","og_image":[{"width":575,"height":600,"url":"https:\/\/www.pharmacy4pets.nl\/wp-content\/uploads\/2018\/07\/trixie_fles_300ml.jpg","type":"image\/jpeg"}],"twitter_card":"summary_large_image","schema":{"@context":"https:\/\/schema.org","@graph":[{"@type":"WebPage","@id":"https:\/\/www.pharmacy4pets.nl\/trixie-fles-met-drinkbak-rvs-zwart-300-ml","url":"https:\/\/www.pharmacy4pets.nl\/trixie-fles-met-drinkbak-rvs-zwart-300-ml","name":"Trixie fles met drinkbak RVS\/zwart 300 ml - Pharmacy4pets","isPartOf":{"@id":"http:\/\/www.pharmacy4pets.nl\/#website"},"primaryImageOfPage":{"@id":"https:\/\/www.pharmacy4pets.nl\/trixie-fles-met-drinkbak-rvs-zwart-300-ml#primaryimage"},"image":{"@id":"https:\/\/www.pharmacy4pets.nl\/trixie-fles-met-drinkbak-rvs-zwart-300-ml#primaryimage"},"thumbnailUrl":"https:\/\/www.pharmacy4pets.nl\/wp-content\/uploads\/2018\/07\/trixie_fles_300ml.jpg","datePublished":"2018-07-26T12:42:58+00:00","dateModified":"2026-03-25T11:59:34+00:00","breadcrumb":{"@id":"https:\/\/www.pharmacy4pets.nl\/trixie-fles-met-drinkbak-rvs-zwart-300-ml#breadcrumb"},"inLanguage":"nl-NL","potentialAction":[{"@type":"ReadAction","target":["https:\/\/www.pharmacy4pets.nl\/trixie-fles-met-drinkbak-rvs-zwart-300-ml"]}]},{"@type":"ImageObject","inLanguage":"nl-NL","@id":"https:\/\/www.pharmacy4pets.nl\/trixie-fles-met-drinkbak-rvs-zwart-300-ml#primaryimage","url":"https:\/\/www.pharmacy4pets.nl\/wp-content\/uploads\/2018\/07\/trixie_fles_300ml.jpg","contentUrl":"https:\/\/www.pharmacy4pets.nl\/wp-content\/uploads\/2018\/07\/trixie_fles_300ml.jpg","width":575,"height":600,"caption":"Trixie"},{"@type":"BreadcrumbList","@id":"https:\/\/www.pharmacy4pets.nl\/trixie-fles-met-drinkbak-rvs-zwart-300-ml#breadcrumb","itemListElement":[{"@type":"ListItem","position":1,"name":"Home","item":"https:\/\/p4p-nl.bootmine.com\/"},{"@type":"ListItem","position":2,"name":"Winkel","item":"https:\/\/p4p-nl.bootmine.com\/winkel"},{"@type":"ListItem","position":3,"name":"Trixie fles met drinkbak RVS\/zwart 300 ml"}]},{"@type":"WebSite","@id":"http:\/\/www.pharmacy4pets.nl\/#website","url":"http:\/\/www.pharmacy4pets.nl\/","name":"Pharmacy4pets","description":"Pharmacy4pets.nl is d\u00e9 online apotheek waar u terecht kunt voor alle diergeneesmiddelen, verzorgingsproducten en dieetvoeding voor uw huisdier.","publisher":{"@id":"http:\/\/www.pharmacy4pets.nl\/#organization"},"potentialAction":[{"@type":"SearchAction","target":{"@type":"EntryPoint","urlTemplate":"http:\/\/www.pharmacy4pets.nl\/?s={search_term_string}"},"query-input":{"@type":"PropertyValueSpecification","valueRequired":true,"valueName":"search_term_string"}}],"inLanguage":"nl-NL"},{"@type":"Organization","@id":"http:\/\/www.pharmacy4pets.nl\/#organization","name":"Pharmacy4pets","url":"http:\/\/www.pharmacy4pets.nl\/","logo":{"@type":"ImageObject","inLanguage":"nl-NL","@id":"http:\/\/www.pharmacy4pets.nl\/#\/schema\/logo\/image\/","url":"https:\/\/p4p-nl.bootmine.com\/wp-content\/uploads\/2026\/03\/logo-pharmacy4pets.png","contentUrl":"https:\/\/p4p-nl.bootmine.com\/wp-content\/uploads\/2026\/03\/logo-pharmacy4pets.png","width":1024,"height":135,"caption":"Pharmacy4pets"},"image":{"@id":"http:\/\/www.pharmacy4pets.nl\/#\/schema\/logo\/image\/"},"sameAs":["https:\/\/www.facebook.com\/people\/Pharmacy4petsnl\/100063484989896\/","https:\/\/www.youtube.com\/channel\/UCGPTIgucgli03tP2_kvLkHg\/featured","https:\/\/www.instagram.com\/pharmacy4pets.nl"]}]}},"market_data":{"nl":{"price":0,"sale_price":0,"active":false,"url":null,"parent_url":"","tax_rate":0,"price_inc_tax":0,"sale_price_inc_tax":0},"de":{"price":0,"sale_price":0,"active":false,"url":null,"parent_url":"","tax_rate":0,"price_inc_tax":0,"sale_price_inc_tax":0},"be":{"price":0,"sale_price":0,"active":false,"url":null,"parent_url":"","tax_rate":0,"price_inc_tax":0,"sale_price_inc_tax":0},"fr":{"price":0,"sale_price":0,"active":false,"url":null,"parent_url":"","tax_rate":0,"price_inc_tax":0,"sale_price_inc_tax":0},"ch":{"price":0,"sale_price":0,"active":false,"url":null,"parent_url":"","tax_rate":0,"price_inc_tax":0,"sale_price_inc_tax":0},"at":{"price":0,"sale_price":0,"active":false,"url":null,"parent_url":"","tax_rate":0,"price_inc_tax":0,"sale_price_inc_tax":0},"es":{"price":0,"sale_price":0,"active":false,"url":null,"parent_url":"","tax_rate":0,"price_inc_tax":0,"sale_price_inc_tax":0},"dk":{"price":0,"sale_price":0,"active":false,"url":null,"parent_url":"","tax_rate":0,"price_inc_tax":0,"sale_price_inc_tax":0},"com":{"price":0,"sale_price":0,"active":false,"url":null,"parent_url":"","tax_rate":0,"price_inc_tax":0,"sale_price_inc_tax":0}},"market_nl_price":0,"market_nl_sale_price":0,"market_nl_active":false,"market_nl_url":null,"market_nl_parent_url":"","market_nl_tax_rate":0,"market_nl_price_inc_tax":0,"market_nl_sale_price_inc_tax":0,"market_de_price":0,"market_de_sale_price":0,"market_de_active":false,"market_de_url":null,"market_de_parent_url":"","market_de_tax_rate":0,"market_de_price_inc_tax":0,"market_de_sale_price_inc_tax":0,"market_be_price":0,"market_be_sale_price":0,"market_be_active":false,"market_be_url":null,"market_be_parent_url":"","market_be_tax_rate":0,"market_be_price_inc_tax":0,"market_be_sale_price_inc_tax":0,"market_fr_price":0,"market_fr_sale_price":0,"market_fr_active":false,"market_fr_url":null,"market_fr_parent_url":"","market_fr_tax_rate":0,"market_fr_price_inc_tax":0,"market_fr_sale_price_inc_tax":0,"market_ch_price":0,"market_ch_sale_price":0,"market_ch_active":false,"market_ch_url":null,"market_ch_parent_url":"","market_ch_tax_rate":0,"market_ch_price_inc_tax":0,"market_ch_sale_price_inc_tax":0,"market_at_price":0,"market_at_sale_price":0,"market_at_active":false,"market_at_url":null,"market_at_parent_url":"","market_at_tax_rate":0,"market_at_price_inc_tax":0,"market_at_sale_price_inc_tax":0,"market_es_price":0,"market_es_sale_price":0,"market_es_active":false,"market_es_url":null,"market_es_parent_url":"","market_es_tax_rate":0,"market_es_price_inc_tax":0,"market_es_sale_price_inc_tax":0,"market_dk_price":0,"market_dk_sale_price":0,"market_dk_active":false,"market_dk_url":null,"market_dk_parent_url":"","market_dk_tax_rate":0,"market_dk_price_inc_tax":0,"market_dk_sale_price_inc_tax":0,"market_com_price":0,"market_com_sale_price":0,"market_com_active":false,"market_com_url":null,"market_com_parent_url":"","market_com_tax_rate":0,"market_com_price_inc_tax":0,"market_com_sale_price_inc_tax":0,"acf":[],"_links":{"self":[{"href":"https:\/\/www.pharmacy4pets.nl\/be\/wp-json\/wp\/v2\/product\/118843","targetHints":{"allow":["GET"]}}],"collection":[{"href":"https:\/\/www.pharmacy4pets.nl\/be\/wp-json\/wp\/v2\/product"}],"about":[{"href":"https:\/\/www.pharmacy4pets.nl\/be\/wp-json\/wp\/v2\/types\/product"}],"replies":[{"embeddable":true,"href":"https:\/\/www.pharmacy4pets.nl\/be\/wp-json\/wp\/v2\/comments?post=118843"}],"wp:featuredmedia":[{"embeddable":true,"href":"https:\/\/www.pharmacy4pets.nl\/be\/wp-json\/wp\/v2\/media\/118842"}],"wp:attachment":[{"href":"https:\/\/www.pharmacy4pets.nl\/be\/wp-json\/wp\/v2\/media?parent=118843"}],"wp:term":[{"taxonomy":"product_brand","embeddable":true,"href":"https:\/\/www.pharmacy4pets.nl\/be\/wp-json\/wp\/v2\/product_brand?post=118843"},{"taxonomy":"product_cat","embeddable":true,"href":"https:\/\/www.pharmacy4pets.nl\/be\/wp-json\/wp\/v2\/product_cat?post=118843"},{"taxonomy":"product_tag","embeddable":true,"href":"https:\/\/www.pharmacy4pets.nl\/be\/wp-json\/wp\/v2\/product_tag?post=118843"}],"curies":[{"name":"wp","href":"https:\/\/api.w.org\/{rel}","templated":true}]}}