{"id":118831,"date":"2018-06-20T14:03:51","date_gmt":"2018-06-20T14:03:51","guid":{"rendered":"https:\/\/p4p.test\/arthrogreen-plus-cdvet"},"modified":"2026-03-25T11:59:31","modified_gmt":"2026-03-25T11:59:31","slug":"arthrogreen-plus-cdvet","status":"publish","type":"product","link":"https:\/\/www.pharmacy4pets.nl\/be\/arthrogreen-plus-cdvet","title":{"rendered":"ArthroGreen Plus"},"content":{"rendered":"<p>ArthroGreen Plus is een voedingssupplement van het merk cdVet dat speciaal is gemaakt voor een optimale werking van de gewrichten en het gehele bewegingsapparaat bij honden.<\/p>\n<p>De receptuur van ArthroGreen Plus met bewezen werking is verrijkt met de bestanddelen rozenbottel en wilgenbast. Dit maakt het bijzonder geschikt ter ondersteuning van het bewegingsapparaat en gewichten in de acute fase. De rozenbottelschillen bewijzen door hun hoge vitamine-C gehalte hun dienst. Vitamine C is van grote betekenis voor de collageen biosynthese en daarmee voor de botten en het kraakbeen. Door de uitgebalanceerde combinatie van deze formule biedt ArthroGreen Plus een natuurlijke ondersteuning bij de voeding van uw hond(en).<\/p>\n<p><span style=\"text-decoration: underline;\">Toediening:<br \/><\/span>Dagelijks toedienen, als dit wenselijk is.<\/p>\n<p><span style=\"text-decoration: underline;\">Dosering:<\/span><\/p>\n<table style=\"\" border=\"1\">\n<thead>\n<tr>\n<td colspan=\"2\">\n<p style=\"text-align: center;\"><strong>Dosering<\/strong><\/p>\n<\/td>\n<\/tr>\n<\/thead>\n<tbody>\n<tr>\n<td>\n<p><strong><i>Diersoort en gewicht<\/i><\/strong><\/p>\n<\/td>\n<td>\n<p><strong><i>Aanbevolen dosering<\/i><\/strong><\/p>\n<\/td>\n<\/tr>\n<tr>\n<td>\n<p>Kleine hond &lt;10 kg<\/p>\n<\/td>\n<td>\n<p>1 maatlepel<\/p>\n<\/td>\n<\/tr>\n<tr>\n<td>\n<p>Middelgrote hond 10-35 kg<\/p>\n<\/td>\n<td>\n<p>1 &#8211; 2 maatlepel<\/p>\n<\/td>\n<\/tr>\n<tr>\n<td>\n<p>Grote hond &gt;35 kg<\/p>\n<\/td>\n<td>\n<p>2 &ndash; 4 maatlepel<\/p>\n<\/td>\n<\/tr>\n<\/tbody>\n<\/table>\n","protected":false},"excerpt":{"rendered":"<p>ArthroGreen Plus is een voedingssupplement van het merk cdVet dat speciaal is gemaakt voor een optimale werking van de gewrichten en het gehele bewegingsapparaat bij honden. De receptuur van ArthroGreen Plus met bewezen werking is verrijkt met de bestanddelen rozenbottel en wilgenbast. Dit maakt het bijzonder geschikt ter ondersteuning van het bewegingsapparaat en gewichten in [&hellip;]<\/p>\n","protected":false},"featured_media":118830,"comment_status":"open","ping_status":"closed","template":"","meta":{"_acf_changed":false,"_nl_post_content":"<p>ArthroGreen Plus is een voedingssupplement van het merk cdVet dat speciaal is gemaakt voor een optimale werking van de gewrichten en het gehele bewegingsapparaat bij honden.<\/p>\r\n<p>De receptuur van ArthroGreen Plus met bewezen werking is verrijkt met de bestanddelen rozenbottel en wilgenbast. Dit maakt het bijzonder geschikt ter ondersteuning van het bewegingsapparaat en gewichten in de acute fase. De rozenbottelschillen bewijzen door hun hoge vitamine-C gehalte hun dienst. Vitamine C is van grote betekenis voor de collageen biosynthese en daarmee voor de botten en het kraakbeen. Door de uitgebalanceerde combinatie van deze formule biedt ArthroGreen Plus een natuurlijke ondersteuning bij de voeding van uw hond(en).<\/p>\r\n<p><span style=\"text-decoration: underline;\">Toediening:<br \/><\/span>Dagelijks toedienen, als dit wenselijk is.<\/p>\r\n<p><span style=\"text-decoration: underline;\">Dosering:<\/span><\/p>\r\n<table style=\"\" border=\"1\">\r\n<thead>\r\n<tr>\r\n<td colspan=\"2\">\r\n<p style=\"text-align: center;\"><strong>Dosering<\/strong><\/p>\r\n<\/td>\r\n<\/tr>\r\n<\/thead>\r\n<tbody>\r\n<tr>\r\n<td>\r\n<p><strong><i>Diersoort en gewicht<\/i><\/strong><\/p>\r\n<\/td>\r\n<td>\r\n<p><strong><i>Aanbevolen dosering<\/i><\/strong><\/p>\r\n<\/td>\r\n<\/tr>\r\n<tr>\r\n<td>\r\n<p>Kleine hond &lt;10 kg<\/p>\r\n<\/td>\r\n<td>\r\n<p>1 maatlepel<\/p>\r\n<\/td>\r\n<\/tr>\r\n<tr>\r\n<td>\r\n<p>Middelgrote hond 10-35 kg<\/p>\r\n<\/td>\r\n<td>\r\n<p>1 - 2 maatlepel<\/p>\r\n<\/td>\r\n<\/tr>\r\n<tr>\r\n<td>\r\n<p>Grote hond &gt;35 kg<\/p>\r\n<\/td>\r\n<td>\r\n<p>2 &ndash; 4 maatlepel<\/p>\r\n<\/td>\r\n<\/tr>\r\n<\/tbody>\r\n<\/table>","_nl_post_name":"arthrogreen-plus-cdvet","_nl_post_excerpt":"","_nl_post_title":"ArthroGreen Plus","_en_post_content":"<p>ArthroGreen Plus from CDVet is a food supplement for dogs that contributes to an optimal functioning of the joints and the entire musculoskeletal system.<\/p>\r\n<p>The proven recipe of ArthroGreen Plus is enriched with rosehip and willow bark. This makes it particularly suitable for supporting the musculoskeletal system and weights in the acute phase. The rose hip skins are of service because of their high vitamin C content. Vitamin C is of great importance for the collagen biosynthesis and therefore for the bones and cartilage. Thanks to the balanced combination within the formula, ArthroGreen Plus is a natural support for the nutrition of your dog(s).<\/p>\r\n<p><span style=\"text-decoration: underline;\">Administration:<br \/><\/span>Administer on a daily basis if necessary.<\/p>\r\n<p><span style=\"text-decoration: underline;\">Dosage:<\/span><\/p>\r\n<table style=\"\" border=\"1\">\r\n<thead>\r\n<tr>\r\n<td colspan=\"2\">\r\n<p style=\"text-align: center;\"><strong>Dosage<\/strong><\/p>\r\n<\/td>\r\n<\/tr>\r\n<\/thead>\r\n<tbody>\r\n<tr>\r\n<td>\r\n<p><strong><i>Animal species and weight<\/i><\/strong><\/p>\r\n<\/td>\r\n<td>\r\n<p><strong><i>Recommended dosage<\/i><\/strong><\/p>\r\n<\/td>\r\n<\/tr>\r\n<tr>\r\n<td>\r\n<p>Small dog&nbsp;&lt;10 kg<\/p>\r\n<\/td>\r\n<td>\r\n<p>1&nbsp;measuring spoon<\/p>\r\n<\/td>\r\n<\/tr>\r\n<tr>\r\n<td>\r\n<p>Medium-sized dog 10-35 kg<\/p>\r\n<\/td>\r\n<td>\r\n<p>1 - 2&nbsp;measuring spoon<\/p>\r\n<\/td>\r\n<\/tr>\r\n<tr>\r\n<td>\r\n<p>Large dog&nbsp;&gt;35 kg<\/p>\r\n<\/td>\r\n<td>\r\n<p>2 &ndash; 4&nbsp;measuring spoon<\/p>\r\n<\/td>\r\n<\/tr>\r\n<\/tbody>\r\n<\/table>","_en_post_name":"arthrogreen-plus-cdvet","_en_post_excerpt":"","_en_post_title":"ArthroGreen Plus","_de_post_content":"<p>ArthroGreen Plus von CDVet ist eine Nahrungserg&auml;nzung f&uuml;r Hunde, die zu einer optimalen Funktion der Gelenke und des gesamten Bewegungsapparates beitr&auml;gt.<\/p>\r\n<p>Das bew&auml;hrte Rezept von ArthroGreen Plus ist mit Hagebutten und Weidenrinde angereichert. Dadurch eignet es sich besonders zur Unterst&uuml;tzung des Bewegungsapparates und der Gewichte in der Akutphase. Die Hagebuttenh&auml;ute sind wegen Ihres hohen Vitamin C-Gehaltes von Nutzen. Vitamin C ist von gro&szlig;er Bedeutung f&uuml;r die Kollagenbiosynthese und damit f&uuml;r Knochen und Knorpel. Dank der ausgewogenen Kombination in der Formel, ist ArthroGreen Plus eine nat&uuml;rliche Unterst&uuml;tzung f&uuml;r die Ern&auml;hrung Ihres Hundes.<\/p>\r\n<p><span style=\"text-decoration: underline;\">Verwaltung:<br \/><\/span>Bei Notwendigkeit t&auml;glich verabreichen.<\/p>\r\n<p><span style=\"text-decoration: underline;\">Dosierung:<\/span><\/p>\r\n<table style=\"\" border=\"1\">\r\n<thead>\r\n<tr>\r\n<td colspan=\"2\">\r\n<p style=\"text-align: center;\"><strong>Dosierung<\/strong><\/p>\r\n<\/td>\r\n<\/tr>\r\n<\/thead>\r\n<tbody>\r\n<tr>\r\n<td>\r\n<p><strong><i>Tierart und Gewicht<\/i><\/strong><\/p>\r\n<\/td>\r\n<td>\r\n<p><strong><i>Empfohlene Dosierung<\/i><\/strong><\/p>\r\n<\/td>\r\n<\/tr>\r\n<tr>\r\n<td>\r\n<p>Kleiner Hund &lt;10 kg<\/p>\r\n<\/td>\r\n<td>\r\n<p>1 Messl&ouml;ffel<\/p>\r\n<\/td>\r\n<\/tr>\r\n<tr>\r\n<td>\r\n<p>Mittelgro&szlig;er Hund 10-35 kg<\/p>\r\n<\/td>\r\n<td>\r\n<p>1 - 2 Messl&ouml;ffel<\/p>\r\n<\/td>\r\n<\/tr>\r\n<tr>\r\n<td>\r\n<p>Gro&szlig;er Hund &gt;35 kg<\/p>\r\n<\/td>\r\n<td>\r\n<p>2 - 4 Messl&ouml;ffel<\/p>\r\n<\/td>\r\n<\/tr>\r\n<\/tbody>\r\n<\/table>","_de_post_name":"arthrogreen-plus-cdvet","_de_post_excerpt":"","_de_post_title":"ArthroGreen Plus","_fr_post_content":"<p>ArthroGreen Plus est un compl&eacute;ment nutritionnel de la marque cdVet sp&eacute;cialement con&ccedil;u pour un fonctionnement optimal des articulations et de l'ensemble du syst&egrave;me musculo-squelettique chez le chien.<br \/><br \/>La recette &eacute;prouv&eacute;e d'ArthroGreen Plus est enrichie des ingr&eacute;dients de l'&eacute;glantier et de l'&eacute;corce de saule. Cela le rend particuli&egrave;rement adapt&eacute; pour soutenir le syst&egrave;me musculo-squelettique et les poids en phase aigu&euml;. Les &eacute;corces d'&eacute;glantier font leurs preuves en raison de leur teneur &eacute;lev&eacute;e en vitamine C. La vitamine C est d'une grande importance pour la biosynth&egrave;se du collag&egrave;ne et donc pour les os et le cartilage. Gr&acirc;ce &agrave; la combinaison &eacute;quilibr&eacute;e de cette formule, ArthroGreen Plus offre un soutien naturel dans l'alimentation de votre (vos) chien(s).<br \/><br \/><span style=\"text-decoration: underline;\">Administration:<\/span><br \/>Administrer quotidiennement, si d&eacute;sir&eacute;.<br \/><br \/><span style=\"text-decoration: underline;\">Dosage:<\/span><\/p>\r\n<table border=\"1\" style=\"\">\r\n<thead>\r\n<tr>\r\n<td colspan=\"2\">\r\n<p style=\"text-align: center;\"><strong>Dosage<\/strong><\/p>\r\n<\/td>\r\n<\/tr>\r\n<\/thead>\r\n<tbody>\r\n<tr>\r\n<td>\r\n<p><strong><em>Type et poids de l'animal<\/em><\/strong><\/p>\r\n<\/td>\r\n<td>\r\n<p><strong><em>Dosage recommand&eacute;<\/em><\/strong><\/p>\r\n<\/td>\r\n<\/tr>\r\n<tr>\r\n<td>\r\n<p>Petit chien &lt;10 kg<\/p>\r\n<\/td>\r\n<td>\r\n<p>1 cuill&egrave;re &agrave; mesurer<\/p>\r\n<\/td>\r\n<\/tr>\r\n<tr>\r\n<td>\r\n<p>Moyen chien 10-35 kg<\/p>\r\n<\/td>\r\n<td>\r\n<p>1 - 2 cuill&egrave;re &agrave; mesurer<\/p>\r\n<\/td>\r\n<\/tr>\r\n<tr>\r\n<td>\r\n<p>Gros chien &gt;35 kg<\/p>\r\n<\/td>\r\n<td>\r\n<p>2 &ndash; 4 cuill&egrave;re &agrave; mesurer<\/p>\r\n<\/td>\r\n<\/tr>\r\n<\/tbody>\r\n<\/table>","_fr_post_name":"arthrogreen-plus-cdvet","_fr_post_excerpt":"","_fr_post_title":"ArthroGreen Plus","_es_post_content":"<p>ArthroGreen Plus es un complemento alimenticio de cdVet que ha sido especialmente elaborado para el \u00f3ptimo funcionamiento de las articulaciones y de todo el sistema musculoesquel\u00e9tico de los perros.<\/p>\r\n<p>La receta comprobada de ArthroGreen Plus est\u00e1 enriquecida con los ingredientes rosa mosqueta y corteza de sauce. Esto lo hace especialmente adecuado para soportar el sistema musculoesquel\u00e9tico y los pesos en la fase aguda. Las pieles de rosa mosqueta demuestran su valor por su alto contenido en vitamina C. La vitamina C es de gran importancia para la bios\u00edntesis del col\u00e1geno y, por tanto, para los huesos y cart\u00edlagos. Debido a la combinaci\u00f3n equilibrada de esta f\u00f3rmula, ArthroGreen Plus ofrece un apoyo natural en la dieta de su(s) perro(s).<\/p>\r\n<p><span style=\"text-decoration: underline;\">Administraci\u00f3n:<\/span><br \/>Administrar diariamente, si se desea.<\/p>\r\n<p><span style=\"text-decoration: underline;\">Dosis:<\/span><\/p>\r\n<table style=\"\" border=\"1\">\r\n<thead>\r\n<tr>\r\n<td colspan=\"2\">\r\n<p style=\"text-align: center;\">Dosis<\/p>\r\n<\/td>\r\n<\/tr>\r\n<\/thead>\r\n<tbody>\r\n<tr>\r\n<td>\r\n<p>Tipo de animal y peso<\/p>\r\n<\/td>\r\n<td>\r\n<p>D\u00f3sis recomendada<\/p>\r\n<\/td>\r\n<\/tr>\r\n<tr>\r\n<td>\r\n<p>Perros peque\u00f1os &lt;10 kg<\/p>\r\n<\/td>\r\n<td>\r\n<p>1 cuchara medidora<\/p>\r\n<\/td>\r\n<\/tr>\r\n<tr>\r\n<td>\r\n<p>Perros medianos 10-35 kg<\/p>\r\n<\/td>\r\n<td>\r\n<p>1 - 2 cucharas medidoras<\/p>\r\n<\/td>\r\n<\/tr>\r\n<tr>\r\n<td>\r\n<p>Perros grandes &gt;35 kg<\/p>\r\n<\/td>\r\n<td>\r\n<p>2 \u2013 4 cucharas medidoras<\/p>\r\n<\/td>\r\n<\/tr>\r\n<\/tbody>\r\n<\/table>","_es_post_name":"arthrogreen-plus-cdvet","_es_post_excerpt":"","_es_post_title":"ArthroGreen Plus","edit_language":"nl"},"product_brand":[],"product_cat":[1906,1972,1843,1117,1839,1857],"product_tag":[],"class_list":{"0":"post-118831","1":"product","2":"type-product","3":"status-publish","4":"has-post-thumbnail","6":"product_cat-arthrogreen","7":"product_cat-artrose","8":"product_cat-gewrichten","9":"product_cat-honden","10":"product_cat-medicijnen-supplementen","11":"product_cat-merken","12":"pa_aandoening-gewrichten","13":"pa_doeldier-hond","14":"pa_fabricatieland-duitsland","15":"pa_merkfilter-arthrogreen","16":"pa_merkgroep-cdvet","17":"pa_productsoort-voedingssupplement","18":"pa_seo_canonical_store_id-not_found_value","19":"pa_seo_category-not_found_value","20":"pa_seo_meta_robots-not_found_value","21":"pa_toedieningswijze-poeder","22":"pa_werkzamestof-overig","24":"first","25":"instock","26":"taxable","27":"shipping-taxable","28":"product-type-grouped"},"yoast_head":"<!-- This site is optimized with the Yoast SEO plugin v27.5 - https:\/\/yoast.com\/product\/yoast-seo-wordpress\/ -->\n<title>ArthroGreen Plus - Pharmacy4pets<\/title>\n<meta name=\"robots\" content=\"index, follow, max-snippet:-1, max-image-preview:large, max-video-preview:-1\" \/>\n<link rel=\"canonical\" href=\"https:\/\/p4p-nl.bootmine.com\/%product-slug%\/arthrogreen-plus-cdvet\" \/>\n<meta property=\"og:locale\" content=\"nl_NL\" \/>\n<meta property=\"og:type\" content=\"article\" \/>\n<meta property=\"og:title\" content=\"ArthroGreen Plus - Pharmacy4pets\" \/>\n<meta property=\"og:description\" content=\"ArthroGreen Plus is een voedingssupplement van het merk cdVet dat speciaal is gemaakt voor een optimale werking van de gewrichten en het gehele bewegingsapparaat bij honden. De receptuur van ArthroGreen Plus met bewezen werking is verrijkt met de bestanddelen rozenbottel en wilgenbast. Dit maakt het bijzonder geschikt ter ondersteuning van het bewegingsapparaat en gewichten in [&hellip;]\" \/>\n<meta property=\"og:url\" content=\"https:\/\/p4p-nl.bootmine.com\/%product-slug%\/arthrogreen-plus-cdvet\" \/>\n<meta property=\"og:site_name\" content=\"Pharmacy4pets\" \/>\n<meta property=\"article:publisher\" content=\"https:\/\/www.facebook.com\/people\/Pharmacy4petsnl\/100063484989896\/\" \/>\n<meta property=\"article:modified_time\" content=\"2026-03-25T11:59:31+00:00\" \/>\n<meta property=\"og:image\" content=\"https:\/\/p4p-nl.bootmine.com\/wp-content\/uploads\/2018\/06\/99299.jpg\" \/>\n\t<meta property=\"og:image:width\" content=\"400\" \/>\n\t<meta property=\"og:image:height\" content=\"400\" \/>\n\t<meta property=\"og:image:type\" content=\"image\/jpeg\" \/>\n<meta name=\"twitter:card\" content=\"summary_large_image\" \/>\n<meta name=\"twitter:label1\" content=\"Geschatte leestijd\" \/>\n\t<meta name=\"twitter:data1\" content=\"1 minuut\" \/>\n<script type=\"application\/ld+json\" class=\"yoast-schema-graph\">{\"@context\":\"https:\\\/\\\/schema.org\",\"@graph\":[{\"@type\":\"WebPage\",\"@id\":\"https:\\\/\\\/p4p-nl.bootmine.com\\\/%product-slug%\\\/arthrogreen-plus-cdvet\",\"url\":\"https:\\\/\\\/p4p-nl.bootmine.com\\\/%product-slug%\\\/arthrogreen-plus-cdvet\",\"name\":\"ArthroGreen Plus - Pharmacy4pets\",\"isPartOf\":{\"@id\":\"http:\\\/\\\/www.pharmacy4pets.nl\\\/#website\"},\"primaryImageOfPage\":{\"@id\":\"https:\\\/\\\/p4p-nl.bootmine.com\\\/%product-slug%\\\/arthrogreen-plus-cdvet#primaryimage\"},\"image\":{\"@id\":\"https:\\\/\\\/p4p-nl.bootmine.com\\\/%product-slug%\\\/arthrogreen-plus-cdvet#primaryimage\"},\"thumbnailUrl\":\"https:\\\/\\\/www.pharmacy4pets.nl\\\/wp-content\\\/uploads\\\/2018\\\/06\\\/99299.jpg\",\"datePublished\":\"2018-06-20T14:03:51+00:00\",\"dateModified\":\"2026-03-25T11:59:31+00:00\",\"breadcrumb\":{\"@id\":\"https:\\\/\\\/p4p-nl.bootmine.com\\\/%product-slug%\\\/arthrogreen-plus-cdvet#breadcrumb\"},\"inLanguage\":\"nl-NL\",\"potentialAction\":[{\"@type\":\"ReadAction\",\"target\":[\"https:\\\/\\\/p4p-nl.bootmine.com\\\/%product-slug%\\\/arthrogreen-plus-cdvet\"]}]},{\"@type\":\"ImageObject\",\"inLanguage\":\"nl-NL\",\"@id\":\"https:\\\/\\\/p4p-nl.bootmine.com\\\/%product-slug%\\\/arthrogreen-plus-cdvet#primaryimage\",\"url\":\"https:\\\/\\\/www.pharmacy4pets.nl\\\/wp-content\\\/uploads\\\/2018\\\/06\\\/99299.jpg\",\"contentUrl\":\"https:\\\/\\\/www.pharmacy4pets.nl\\\/wp-content\\\/uploads\\\/2018\\\/06\\\/99299.jpg\",\"width\":400,\"height\":400,\"caption\":\"ArthroGreen\"},{\"@type\":\"BreadcrumbList\",\"@id\":\"https:\\\/\\\/p4p-nl.bootmine.com\\\/%product-slug%\\\/arthrogreen-plus-cdvet#breadcrumb\",\"itemListElement\":[{\"@type\":\"ListItem\",\"position\":1,\"name\":\"Home\",\"item\":\"https:\\\/\\\/p4p-nl.bootmine.com\\\/\"},{\"@type\":\"ListItem\",\"position\":2,\"name\":\"Winkel\",\"item\":\"https:\\\/\\\/p4p-nl.bootmine.com\\\/winkel\"},{\"@type\":\"ListItem\",\"position\":3,\"name\":\"ArthroGreen Plus\"}]},{\"@type\":\"WebSite\",\"@id\":\"http:\\\/\\\/www.pharmacy4pets.nl\\\/#website\",\"url\":\"http:\\\/\\\/www.pharmacy4pets.nl\\\/\",\"name\":\"Pharmacy4pets\",\"description\":\"Pharmacy4pets.nl is d\u00e9 online apotheek waar u terecht kunt voor alle diergeneesmiddelen, verzorgingsproducten en dieetvoeding voor uw huisdier.\",\"publisher\":{\"@id\":\"http:\\\/\\\/www.pharmacy4pets.nl\\\/#organization\"},\"potentialAction\":[{\"@type\":\"SearchAction\",\"target\":{\"@type\":\"EntryPoint\",\"urlTemplate\":\"http:\\\/\\\/www.pharmacy4pets.nl\\\/?s={search_term_string}\"},\"query-input\":{\"@type\":\"PropertyValueSpecification\",\"valueRequired\":true,\"valueName\":\"search_term_string\"}}],\"inLanguage\":\"nl-NL\"},{\"@type\":\"Organization\",\"@id\":\"http:\\\/\\\/www.pharmacy4pets.nl\\\/#organization\",\"name\":\"Pharmacy4pets\",\"url\":\"http:\\\/\\\/www.pharmacy4pets.nl\\\/\",\"logo\":{\"@type\":\"ImageObject\",\"inLanguage\":\"nl-NL\",\"@id\":\"http:\\\/\\\/www.pharmacy4pets.nl\\\/#\\\/schema\\\/logo\\\/image\\\/\",\"url\":\"https:\\\/\\\/p4p-nl.bootmine.com\\\/wp-content\\\/uploads\\\/2026\\\/03\\\/logo-pharmacy4pets.png\",\"contentUrl\":\"https:\\\/\\\/p4p-nl.bootmine.com\\\/wp-content\\\/uploads\\\/2026\\\/03\\\/logo-pharmacy4pets.png\",\"width\":1024,\"height\":135,\"caption\":\"Pharmacy4pets\"},\"image\":{\"@id\":\"http:\\\/\\\/www.pharmacy4pets.nl\\\/#\\\/schema\\\/logo\\\/image\\\/\"},\"sameAs\":[\"https:\\\/\\\/www.facebook.com\\\/people\\\/Pharmacy4petsnl\\\/100063484989896\\\/\",\"https:\\\/\\\/www.youtube.com\\\/channel\\\/UCGPTIgucgli03tP2_kvLkHg\\\/featured\",\"https:\\\/\\\/www.instagram.com\\\/pharmacy4pets.nl\"]}]}<\/script>\n<!-- \/ Yoast SEO plugin. -->","yoast_head_json":{"title":"ArthroGreen Plus - Pharmacy4pets","robots":{"index":"index","follow":"follow","max-snippet":"max-snippet:-1","max-image-preview":"max-image-preview:large","max-video-preview":"max-video-preview:-1"},"canonical":"https:\/\/p4p-nl.bootmine.com\/%product-slug%\/arthrogreen-plus-cdvet","og_locale":"nl_NL","og_type":"article","og_title":"ArthroGreen Plus - Pharmacy4pets","og_description":"ArthroGreen Plus is een voedingssupplement van het merk cdVet dat speciaal is gemaakt voor een optimale werking van de gewrichten en het gehele bewegingsapparaat bij honden. De receptuur van ArthroGreen Plus met bewezen werking is verrijkt met de bestanddelen rozenbottel en wilgenbast. Dit maakt het bijzonder geschikt ter ondersteuning van het bewegingsapparaat en gewichten in [&hellip;]","og_url":"https:\/\/p4p-nl.bootmine.com\/%product-slug%\/arthrogreen-plus-cdvet","og_site_name":"Pharmacy4pets","article_publisher":"https:\/\/www.facebook.com\/people\/Pharmacy4petsnl\/100063484989896\/","article_modified_time":"2026-03-25T11:59:31+00:00","og_image":[{"width":400,"height":400,"url":"https:\/\/p4p-nl.bootmine.com\/wp-content\/uploads\/2018\/06\/99299.jpg","type":"image\/jpeg"}],"twitter_card":"summary_large_image","twitter_misc":{"Geschatte leestijd":"1 minuut"},"schema":{"@context":"https:\/\/schema.org","@graph":[{"@type":"WebPage","@id":"https:\/\/p4p-nl.bootmine.com\/%product-slug%\/arthrogreen-plus-cdvet","url":"https:\/\/p4p-nl.bootmine.com\/%product-slug%\/arthrogreen-plus-cdvet","name":"ArthroGreen Plus - Pharmacy4pets","isPartOf":{"@id":"http:\/\/www.pharmacy4pets.nl\/#website"},"primaryImageOfPage":{"@id":"https:\/\/p4p-nl.bootmine.com\/%product-slug%\/arthrogreen-plus-cdvet#primaryimage"},"image":{"@id":"https:\/\/p4p-nl.bootmine.com\/%product-slug%\/arthrogreen-plus-cdvet#primaryimage"},"thumbnailUrl":"https:\/\/www.pharmacy4pets.nl\/wp-content\/uploads\/2018\/06\/99299.jpg","datePublished":"2018-06-20T14:03:51+00:00","dateModified":"2026-03-25T11:59:31+00:00","breadcrumb":{"@id":"https:\/\/p4p-nl.bootmine.com\/%product-slug%\/arthrogreen-plus-cdvet#breadcrumb"},"inLanguage":"nl-NL","potentialAction":[{"@type":"ReadAction","target":["https:\/\/p4p-nl.bootmine.com\/%product-slug%\/arthrogreen-plus-cdvet"]}]},{"@type":"ImageObject","inLanguage":"nl-NL","@id":"https:\/\/p4p-nl.bootmine.com\/%product-slug%\/arthrogreen-plus-cdvet#primaryimage","url":"https:\/\/www.pharmacy4pets.nl\/wp-content\/uploads\/2018\/06\/99299.jpg","contentUrl":"https:\/\/www.pharmacy4pets.nl\/wp-content\/uploads\/2018\/06\/99299.jpg","width":400,"height":400,"caption":"ArthroGreen"},{"@type":"BreadcrumbList","@id":"https:\/\/p4p-nl.bootmine.com\/%product-slug%\/arthrogreen-plus-cdvet#breadcrumb","itemListElement":[{"@type":"ListItem","position":1,"name":"Home","item":"https:\/\/p4p-nl.bootmine.com\/"},{"@type":"ListItem","position":2,"name":"Winkel","item":"https:\/\/p4p-nl.bootmine.com\/winkel"},{"@type":"ListItem","position":3,"name":"ArthroGreen Plus"}]},{"@type":"WebSite","@id":"http:\/\/www.pharmacy4pets.nl\/#website","url":"http:\/\/www.pharmacy4pets.nl\/","name":"Pharmacy4pets","description":"Pharmacy4pets.nl is d\u00e9 online apotheek waar u terecht kunt voor alle diergeneesmiddelen, verzorgingsproducten en dieetvoeding voor uw huisdier.","publisher":{"@id":"http:\/\/www.pharmacy4pets.nl\/#organization"},"potentialAction":[{"@type":"SearchAction","target":{"@type":"EntryPoint","urlTemplate":"http:\/\/www.pharmacy4pets.nl\/?s={search_term_string}"},"query-input":{"@type":"PropertyValueSpecification","valueRequired":true,"valueName":"search_term_string"}}],"inLanguage":"nl-NL"},{"@type":"Organization","@id":"http:\/\/www.pharmacy4pets.nl\/#organization","name":"Pharmacy4pets","url":"http:\/\/www.pharmacy4pets.nl\/","logo":{"@type":"ImageObject","inLanguage":"nl-NL","@id":"http:\/\/www.pharmacy4pets.nl\/#\/schema\/logo\/image\/","url":"https:\/\/p4p-nl.bootmine.com\/wp-content\/uploads\/2026\/03\/logo-pharmacy4pets.png","contentUrl":"https:\/\/p4p-nl.bootmine.com\/wp-content\/uploads\/2026\/03\/logo-pharmacy4pets.png","width":1024,"height":135,"caption":"Pharmacy4pets"},"image":{"@id":"http:\/\/www.pharmacy4pets.nl\/#\/schema\/logo\/image\/"},"sameAs":["https:\/\/www.facebook.com\/people\/Pharmacy4petsnl\/100063484989896\/","https:\/\/www.youtube.com\/channel\/UCGPTIgucgli03tP2_kvLkHg\/featured","https:\/\/www.instagram.com\/pharmacy4pets.nl"]}]}},"market_data":{"nl":{"price":0,"sale_price":0,"active":false,"url":null,"parent_url":"","tax_rate":0,"price_inc_tax":0,"sale_price_inc_tax":0},"de":{"price":0,"sale_price":0,"active":false,"url":null,"parent_url":"","tax_rate":0,"price_inc_tax":0,"sale_price_inc_tax":0},"be":{"price":0,"sale_price":0,"active":false,"url":null,"parent_url":"","tax_rate":0,"price_inc_tax":0,"sale_price_inc_tax":0},"fr":{"price":0,"sale_price":0,"active":false,"url":null,"parent_url":"","tax_rate":0,"price_inc_tax":0,"sale_price_inc_tax":0},"ch":{"price":0,"sale_price":0,"active":false,"url":null,"parent_url":"","tax_rate":0,"price_inc_tax":0,"sale_price_inc_tax":0},"at":{"price":0,"sale_price":0,"active":false,"url":null,"parent_url":"","tax_rate":0,"price_inc_tax":0,"sale_price_inc_tax":0},"es":{"price":0,"sale_price":0,"active":false,"url":null,"parent_url":"","tax_rate":0,"price_inc_tax":0,"sale_price_inc_tax":0},"dk":{"price":0,"sale_price":0,"active":false,"url":null,"parent_url":"","tax_rate":0,"price_inc_tax":0,"sale_price_inc_tax":0},"com":{"price":0,"sale_price":0,"active":false,"url":null,"parent_url":"","tax_rate":0,"price_inc_tax":0,"sale_price_inc_tax":0}},"market_nl_price":0,"market_nl_sale_price":0,"market_nl_active":false,"market_nl_url":null,"market_nl_parent_url":"","market_nl_tax_rate":0,"market_nl_price_inc_tax":0,"market_nl_sale_price_inc_tax":0,"market_de_price":0,"market_de_sale_price":0,"market_de_active":false,"market_de_url":null,"market_de_parent_url":"","market_de_tax_rate":0,"market_de_price_inc_tax":0,"market_de_sale_price_inc_tax":0,"market_be_price":0,"market_be_sale_price":0,"market_be_active":false,"market_be_url":null,"market_be_parent_url":"","market_be_tax_rate":0,"market_be_price_inc_tax":0,"market_be_sale_price_inc_tax":0,"market_fr_price":0,"market_fr_sale_price":0,"market_fr_active":false,"market_fr_url":null,"market_fr_parent_url":"","market_fr_tax_rate":0,"market_fr_price_inc_tax":0,"market_fr_sale_price_inc_tax":0,"market_ch_price":0,"market_ch_sale_price":0,"market_ch_active":false,"market_ch_url":null,"market_ch_parent_url":"","market_ch_tax_rate":0,"market_ch_price_inc_tax":0,"market_ch_sale_price_inc_tax":0,"market_at_price":0,"market_at_sale_price":0,"market_at_active":false,"market_at_url":null,"market_at_parent_url":"","market_at_tax_rate":0,"market_at_price_inc_tax":0,"market_at_sale_price_inc_tax":0,"market_es_price":0,"market_es_sale_price":0,"market_es_active":false,"market_es_url":null,"market_es_parent_url":"","market_es_tax_rate":0,"market_es_price_inc_tax":0,"market_es_sale_price_inc_tax":0,"market_dk_price":0,"market_dk_sale_price":0,"market_dk_active":false,"market_dk_url":null,"market_dk_parent_url":"","market_dk_tax_rate":0,"market_dk_price_inc_tax":0,"market_dk_sale_price_inc_tax":0,"market_com_price":0,"market_com_sale_price":0,"market_com_active":false,"market_com_url":null,"market_com_parent_url":"","market_com_tax_rate":0,"market_com_price_inc_tax":0,"market_com_sale_price_inc_tax":0,"acf":[],"_links":{"self":[{"href":"https:\/\/www.pharmacy4pets.nl\/be\/wp-json\/wp\/v2\/product\/118831","targetHints":{"allow":["GET"]}}],"collection":[{"href":"https:\/\/www.pharmacy4pets.nl\/be\/wp-json\/wp\/v2\/product"}],"about":[{"href":"https:\/\/www.pharmacy4pets.nl\/be\/wp-json\/wp\/v2\/types\/product"}],"replies":[{"embeddable":true,"href":"https:\/\/www.pharmacy4pets.nl\/be\/wp-json\/wp\/v2\/comments?post=118831"}],"wp:featuredmedia":[{"embeddable":true,"href":"https:\/\/www.pharmacy4pets.nl\/be\/wp-json\/wp\/v2\/media\/118830"}],"wp:attachment":[{"href":"https:\/\/www.pharmacy4pets.nl\/be\/wp-json\/wp\/v2\/media?parent=118831"}],"wp:term":[{"taxonomy":"product_brand","embeddable":true,"href":"https:\/\/www.pharmacy4pets.nl\/be\/wp-json\/wp\/v2\/product_brand?post=118831"},{"taxonomy":"product_cat","embeddable":true,"href":"https:\/\/www.pharmacy4pets.nl\/be\/wp-json\/wp\/v2\/product_cat?post=118831"},{"taxonomy":"product_tag","embeddable":true,"href":"https:\/\/www.pharmacy4pets.nl\/be\/wp-json\/wp\/v2\/product_tag?post=118831"}],"curies":[{"name":"wp","href":"https:\/\/api.w.org\/{rel}","templated":true}]}}