{"id":118805,"date":"2018-05-17T09:02:41","date_gmt":"2018-05-17T09:02:41","guid":{"rendered":"https:\/\/p4p.test\/douxo-calm"},"modified":"2026-03-25T11:59:25","modified_gmt":"2026-03-25T11:59:25","slug":"douxo-calm","status":"publish","type":"product","link":"https:\/\/www.pharmacy4pets.nl\/be\/douxo-calm","title":{"rendered":"Douxo S3 Calm"},"content":{"rendered":"<p>Douxo Calm is een lijn van huidverzorgingsproducten voor honden en katten die last hebben van een gevoelige huid. Douxo Calm is kalmerend en verzachtend voor de huid van uw huisdier. Het verlicht de jeuk en heeft een herstellende, hydraterende werking op de huid en vacht van uw hond of kat. De lijn bestaat uit een shampoo, emulsie en een mousse. Douxo Calm is geschikt voor katten en honden van alle soorten en formaten.<\/p>\n","protected":false},"excerpt":{"rendered":"<p>Douxo Calm is een lijn van huidverzorgingsproducten voor honden en katten die last hebben van een gevoelige huid. Douxo Calm is kalmerend en verzachtend voor de huid van uw huisdier. Het verlicht de jeuk en heeft een herstellende, hydraterende werking op de huid en vacht van uw hond of kat. De lijn bestaat uit een [&hellip;]<\/p>\n","protected":false},"featured_media":118804,"comment_status":"open","ping_status":"closed","template":"","meta":{"_acf_changed":false,"_nl_post_content":"<p>Douxo Calm is een lijn van huidverzorgingsproducten voor honden en katten die last hebben van een gevoelige huid. Douxo Calm is kalmerend en verzachtend voor de huid van uw huisdier. Het verlicht de jeuk en heeft een herstellende, hydraterende werking op de huid en vacht van uw hond of kat. De lijn bestaat uit een shampoo, emulsie en een mousse. Douxo Calm is geschikt voor katten en honden van alle soorten en formaten.<\/p>","_nl_post_name":"douxo-calm","_nl_post_excerpt":"","_nl_post_title":"Douxo S3 Calm","_en_post_content":"<p>Douxo Calm is a range of skin care products for dogs and cats that suffer from sensitive skin. Douxo Calm is soothing and soothing for your pet's skin. It relieves itching and has a restorative, moisturizing effect on your dog's or cat's skin and coat. The line consists of a shampoo, emulsion and a mousse. Douxo Calm is suitable for cats and dogs of all types and sizes.<\/p>","_en_post_name":"douxo-calm","_en_post_excerpt":"","_en_post_title":"Douxo S3 Calm","_de_post_content":"<p><span style=\"text-decoration: underline;\">Was ist Douxo Calm?<br \/><\/span>Douxo Calm ist eine Pflegeserie f&uuml;r Hunde und Katzen, die unter empfindlicher Haut leiden. Douxo Calm ist beruhigend und beruhigend f&uuml;r die Haut Ihres Tieres. Es lindert den Juckreiz und hat eine regenerierende, feuchtigkeitsspendende Wirkung auf Haut und Fell Ihres Hundes oder Ihrer Katze. Die Linie besteht aus einem Shampoo, einer Emulsion und einem Mousse. Douxo Calm ist f&uuml;r Katzen und Hunde aller Art und Gr&ouml;&szlig;e geeignet.<\/p>","_de_post_name":"douxo-calm","_de_post_excerpt":"","_de_post_title":"Douxo S3 Calm","_fr_post_content":"Douxo Calm est une ligne de soins de la peau pour chiens  et chats qui ont des probl\u00e8mes de peaux sensibles. Douxo Calm est un produit calmant et adoucissant pour la peau de votre animal de compagnie. Cela soulage les d\u00e9mangeaisons et \u00e0 un effet r\u00e9parateur, hydratant sur la peau et la fourrure de votre chien ou chat. La ligne de soin consiste en un shampoing, une \u00e9mulsion et une mousse. Douxo Calm convient pour les chat et chiens de toute sortes et tailles. ","_fr_post_name":"douxo-calm","_fr_post_excerpt":"","_fr_post_title":"Douxo S3 Calm","_es_post_content":"<p>Douxo S3 Calm es una gama de productos para el cuidado de la piel de perros y gatos que sufren de piel sensible. Douxo S3 Calm calma y suaviza la piel de su mascota. Alivia la picaz&oacute;n y tiene un efecto restaurador e hidratante en la piel y el pelaje de su perro o gato. La gama consiste en un champ&uacute;, una emulsi&oacute;n y una mousse. Douxo S3 Calm es adecuado para perros y gatos de todas las formas y tama&ntilde;os.<br \/><br \/><\/p>","_es_post_name":"douxo-calm","_es_post_excerpt":"","_es_post_title":"Douxo S3 Calm","edit_language":"nl"},"product_brand":[],"product_cat":[1891,1861,1914,1117,1118,1857,2125,2131,1863,1893],"product_tag":[],"class_list":{"0":"post-118805","1":"product","2":"type-product","3":"status-publish","4":"has-post-thumbnail","6":"product_cat-benodigdheden","8":"product_cat-douxo","9":"product_cat-honden","10":"product_cat-katten","11":"product_cat-merken","12":"product_cat-shampoos-en-conditioners","14":"product_cat-verzorging","16":"pa_aandoening-huid_vacht","17":"pa_doeldier-hond","18":"pa_doeldier-kat","19":"pa_fabricatieland-frankrijk","20":"pa_merkfilter-douxo","21":"pa_merkgroep-ceva","22":"pa_productsoort-overig","23":"pa_seo_canonical_store_id-not_found_value","24":"pa_seo_category-not_found_value","25":"pa_seo_meta_robots-not_found_value","26":"pa_toedieningswijze-mousse","27":"pa_toedieningswijze-shampoo","28":"pa_werkzamestof-overig","30":"first","31":"instock","32":"taxable","33":"shipping-taxable","34":"product-type-grouped"},"yoast_head":"<!-- This site is optimized with the Yoast SEO plugin v27.5 - https:\/\/yoast.com\/product\/yoast-seo-wordpress\/ -->\n<title>Douxo S3 Calm - Pharmacy4pets<\/title>\n<meta name=\"robots\" content=\"index, follow, max-snippet:-1, max-image-preview:large, max-video-preview:-1\" \/>\n<link rel=\"canonical\" href=\"https:\/\/www.pharmacy4pets.nl\/douxo-calm\" \/>\n<meta property=\"og:locale\" content=\"nl_NL\" \/>\n<meta property=\"og:type\" content=\"article\" \/>\n<meta property=\"og:title\" content=\"Douxo S3 Calm - Pharmacy4pets\" \/>\n<meta property=\"og:description\" content=\"Douxo Calm is een lijn van huidverzorgingsproducten voor honden en katten die last hebben van een gevoelige huid. Douxo Calm is kalmerend en verzachtend voor de huid van uw huisdier. Het verlicht de jeuk en heeft een herstellende, hydraterende werking op de huid en vacht van uw hond of kat. De lijn bestaat uit een [&hellip;]\" \/>\n<meta property=\"og:url\" content=\"https:\/\/www.pharmacy4pets.nl\/douxo-calm\" \/>\n<meta property=\"og:site_name\" content=\"Pharmacy4pets\" \/>\n<meta property=\"article:publisher\" content=\"https:\/\/www.facebook.com\/people\/Pharmacy4petsnl\/100063484989896\/\" \/>\n<meta property=\"article:modified_time\" content=\"2026-03-25T11:59:25+00:00\" \/>\n<meta property=\"og:image\" content=\"https:\/\/www.pharmacy4pets.nl\/wp-content\/uploads\/2018\/05\/douxo_calm.jpg\" \/>\n\t<meta property=\"og:image:width\" content=\"225\" \/>\n\t<meta property=\"og:image:height\" content=\"225\" \/>\n\t<meta property=\"og:image:type\" content=\"image\/jpeg\" \/>\n<meta name=\"twitter:card\" content=\"summary_large_image\" \/>\n<script type=\"application\/ld+json\" class=\"yoast-schema-graph\">{\"@context\":\"https:\\\/\\\/schema.org\",\"@graph\":[{\"@type\":\"WebPage\",\"@id\":\"https:\\\/\\\/www.pharmacy4pets.nl\\\/douxo-calm\",\"url\":\"https:\\\/\\\/www.pharmacy4pets.nl\\\/douxo-calm\",\"name\":\"Douxo S3 Calm - Pharmacy4pets\",\"isPartOf\":{\"@id\":\"http:\\\/\\\/www.pharmacy4pets.nl\\\/#website\"},\"primaryImageOfPage\":{\"@id\":\"https:\\\/\\\/www.pharmacy4pets.nl\\\/douxo-calm#primaryimage\"},\"image\":{\"@id\":\"https:\\\/\\\/www.pharmacy4pets.nl\\\/douxo-calm#primaryimage\"},\"thumbnailUrl\":\"https:\\\/\\\/www.pharmacy4pets.nl\\\/wp-content\\\/uploads\\\/2018\\\/05\\\/douxo_calm.jpg\",\"datePublished\":\"2018-05-17T09:02:41+00:00\",\"dateModified\":\"2026-03-25T11:59:25+00:00\",\"breadcrumb\":{\"@id\":\"https:\\\/\\\/www.pharmacy4pets.nl\\\/douxo-calm#breadcrumb\"},\"inLanguage\":\"nl-NL\",\"potentialAction\":[{\"@type\":\"ReadAction\",\"target\":[\"https:\\\/\\\/www.pharmacy4pets.nl\\\/douxo-calm\"]}]},{\"@type\":\"ImageObject\",\"inLanguage\":\"nl-NL\",\"@id\":\"https:\\\/\\\/www.pharmacy4pets.nl\\\/douxo-calm#primaryimage\",\"url\":\"https:\\\/\\\/www.pharmacy4pets.nl\\\/wp-content\\\/uploads\\\/2018\\\/05\\\/douxo_calm.jpg\",\"contentUrl\":\"https:\\\/\\\/www.pharmacy4pets.nl\\\/wp-content\\\/uploads\\\/2018\\\/05\\\/douxo_calm.jpg\",\"width\":225,\"height\":225,\"caption\":\"Douxo\"},{\"@type\":\"BreadcrumbList\",\"@id\":\"https:\\\/\\\/www.pharmacy4pets.nl\\\/douxo-calm#breadcrumb\",\"itemListElement\":[{\"@type\":\"ListItem\",\"position\":1,\"name\":\"Home\",\"item\":\"https:\\\/\\\/p4p-nl.bootmine.com\\\/\"},{\"@type\":\"ListItem\",\"position\":2,\"name\":\"Winkel\",\"item\":\"https:\\\/\\\/p4p-nl.bootmine.com\\\/winkel\"},{\"@type\":\"ListItem\",\"position\":3,\"name\":\"Douxo S3 Calm\"}]},{\"@type\":\"WebSite\",\"@id\":\"http:\\\/\\\/www.pharmacy4pets.nl\\\/#website\",\"url\":\"http:\\\/\\\/www.pharmacy4pets.nl\\\/\",\"name\":\"Pharmacy4pets\",\"description\":\"Pharmacy4pets.nl is d\u00e9 online apotheek waar u terecht kunt voor alle diergeneesmiddelen, verzorgingsproducten en dieetvoeding voor uw huisdier.\",\"publisher\":{\"@id\":\"http:\\\/\\\/www.pharmacy4pets.nl\\\/#organization\"},\"potentialAction\":[{\"@type\":\"SearchAction\",\"target\":{\"@type\":\"EntryPoint\",\"urlTemplate\":\"http:\\\/\\\/www.pharmacy4pets.nl\\\/?s={search_term_string}\"},\"query-input\":{\"@type\":\"PropertyValueSpecification\",\"valueRequired\":true,\"valueName\":\"search_term_string\"}}],\"inLanguage\":\"nl-NL\"},{\"@type\":\"Organization\",\"@id\":\"http:\\\/\\\/www.pharmacy4pets.nl\\\/#organization\",\"name\":\"Pharmacy4pets\",\"url\":\"http:\\\/\\\/www.pharmacy4pets.nl\\\/\",\"logo\":{\"@type\":\"ImageObject\",\"inLanguage\":\"nl-NL\",\"@id\":\"http:\\\/\\\/www.pharmacy4pets.nl\\\/#\\\/schema\\\/logo\\\/image\\\/\",\"url\":\"https:\\\/\\\/p4p-nl.bootmine.com\\\/wp-content\\\/uploads\\\/2026\\\/03\\\/logo-pharmacy4pets.png\",\"contentUrl\":\"https:\\\/\\\/p4p-nl.bootmine.com\\\/wp-content\\\/uploads\\\/2026\\\/03\\\/logo-pharmacy4pets.png\",\"width\":1024,\"height\":135,\"caption\":\"Pharmacy4pets\"},\"image\":{\"@id\":\"http:\\\/\\\/www.pharmacy4pets.nl\\\/#\\\/schema\\\/logo\\\/image\\\/\"},\"sameAs\":[\"https:\\\/\\\/www.facebook.com\\\/people\\\/Pharmacy4petsnl\\\/100063484989896\\\/\",\"https:\\\/\\\/www.youtube.com\\\/channel\\\/UCGPTIgucgli03tP2_kvLkHg\\\/featured\",\"https:\\\/\\\/www.instagram.com\\\/pharmacy4pets.nl\"]}]}<\/script>\n<!-- \/ Yoast SEO plugin. -->","yoast_head_json":{"title":"Douxo S3 Calm - Pharmacy4pets","robots":{"index":"index","follow":"follow","max-snippet":"max-snippet:-1","max-image-preview":"max-image-preview:large","max-video-preview":"max-video-preview:-1"},"canonical":"https:\/\/www.pharmacy4pets.nl\/douxo-calm","og_locale":"nl_NL","og_type":"article","og_title":"Douxo S3 Calm - Pharmacy4pets","og_description":"Douxo Calm is een lijn van huidverzorgingsproducten voor honden en katten die last hebben van een gevoelige huid. Douxo Calm is kalmerend en verzachtend voor de huid van uw huisdier. Het verlicht de jeuk en heeft een herstellende, hydraterende werking op de huid en vacht van uw hond of kat. De lijn bestaat uit een [&hellip;]","og_url":"https:\/\/www.pharmacy4pets.nl\/douxo-calm","og_site_name":"Pharmacy4pets","article_publisher":"https:\/\/www.facebook.com\/people\/Pharmacy4petsnl\/100063484989896\/","article_modified_time":"2026-03-25T11:59:25+00:00","og_image":[{"width":225,"height":225,"url":"https:\/\/www.pharmacy4pets.nl\/wp-content\/uploads\/2018\/05\/douxo_calm.jpg","type":"image\/jpeg"}],"twitter_card":"summary_large_image","schema":{"@context":"https:\/\/schema.org","@graph":[{"@type":"WebPage","@id":"https:\/\/www.pharmacy4pets.nl\/douxo-calm","url":"https:\/\/www.pharmacy4pets.nl\/douxo-calm","name":"Douxo S3 Calm - Pharmacy4pets","isPartOf":{"@id":"http:\/\/www.pharmacy4pets.nl\/#website"},"primaryImageOfPage":{"@id":"https:\/\/www.pharmacy4pets.nl\/douxo-calm#primaryimage"},"image":{"@id":"https:\/\/www.pharmacy4pets.nl\/douxo-calm#primaryimage"},"thumbnailUrl":"https:\/\/www.pharmacy4pets.nl\/wp-content\/uploads\/2018\/05\/douxo_calm.jpg","datePublished":"2018-05-17T09:02:41+00:00","dateModified":"2026-03-25T11:59:25+00:00","breadcrumb":{"@id":"https:\/\/www.pharmacy4pets.nl\/douxo-calm#breadcrumb"},"inLanguage":"nl-NL","potentialAction":[{"@type":"ReadAction","target":["https:\/\/www.pharmacy4pets.nl\/douxo-calm"]}]},{"@type":"ImageObject","inLanguage":"nl-NL","@id":"https:\/\/www.pharmacy4pets.nl\/douxo-calm#primaryimage","url":"https:\/\/www.pharmacy4pets.nl\/wp-content\/uploads\/2018\/05\/douxo_calm.jpg","contentUrl":"https:\/\/www.pharmacy4pets.nl\/wp-content\/uploads\/2018\/05\/douxo_calm.jpg","width":225,"height":225,"caption":"Douxo"},{"@type":"BreadcrumbList","@id":"https:\/\/www.pharmacy4pets.nl\/douxo-calm#breadcrumb","itemListElement":[{"@type":"ListItem","position":1,"name":"Home","item":"https:\/\/p4p-nl.bootmine.com\/"},{"@type":"ListItem","position":2,"name":"Winkel","item":"https:\/\/p4p-nl.bootmine.com\/winkel"},{"@type":"ListItem","position":3,"name":"Douxo S3 Calm"}]},{"@type":"WebSite","@id":"http:\/\/www.pharmacy4pets.nl\/#website","url":"http:\/\/www.pharmacy4pets.nl\/","name":"Pharmacy4pets","description":"Pharmacy4pets.nl is d\u00e9 online apotheek waar u terecht kunt voor alle diergeneesmiddelen, verzorgingsproducten en dieetvoeding voor uw huisdier.","publisher":{"@id":"http:\/\/www.pharmacy4pets.nl\/#organization"},"potentialAction":[{"@type":"SearchAction","target":{"@type":"EntryPoint","urlTemplate":"http:\/\/www.pharmacy4pets.nl\/?s={search_term_string}"},"query-input":{"@type":"PropertyValueSpecification","valueRequired":true,"valueName":"search_term_string"}}],"inLanguage":"nl-NL"},{"@type":"Organization","@id":"http:\/\/www.pharmacy4pets.nl\/#organization","name":"Pharmacy4pets","url":"http:\/\/www.pharmacy4pets.nl\/","logo":{"@type":"ImageObject","inLanguage":"nl-NL","@id":"http:\/\/www.pharmacy4pets.nl\/#\/schema\/logo\/image\/","url":"https:\/\/p4p-nl.bootmine.com\/wp-content\/uploads\/2026\/03\/logo-pharmacy4pets.png","contentUrl":"https:\/\/p4p-nl.bootmine.com\/wp-content\/uploads\/2026\/03\/logo-pharmacy4pets.png","width":1024,"height":135,"caption":"Pharmacy4pets"},"image":{"@id":"http:\/\/www.pharmacy4pets.nl\/#\/schema\/logo\/image\/"},"sameAs":["https:\/\/www.facebook.com\/people\/Pharmacy4petsnl\/100063484989896\/","https:\/\/www.youtube.com\/channel\/UCGPTIgucgli03tP2_kvLkHg\/featured","https:\/\/www.instagram.com\/pharmacy4pets.nl"]}]}},"market_data":{"nl":{"price":0,"sale_price":0,"active":false,"url":null,"parent_url":"","tax_rate":0,"price_inc_tax":0,"sale_price_inc_tax":0},"de":{"price":0,"sale_price":0,"active":false,"url":null,"parent_url":"","tax_rate":0,"price_inc_tax":0,"sale_price_inc_tax":0},"be":{"price":0,"sale_price":0,"active":false,"url":null,"parent_url":"","tax_rate":0,"price_inc_tax":0,"sale_price_inc_tax":0},"fr":{"price":0,"sale_price":0,"active":false,"url":null,"parent_url":"","tax_rate":0,"price_inc_tax":0,"sale_price_inc_tax":0},"ch":{"price":0,"sale_price":0,"active":false,"url":null,"parent_url":"","tax_rate":0,"price_inc_tax":0,"sale_price_inc_tax":0},"at":{"price":0,"sale_price":0,"active":false,"url":null,"parent_url":"","tax_rate":0,"price_inc_tax":0,"sale_price_inc_tax":0},"es":{"price":0,"sale_price":0,"active":false,"url":null,"parent_url":"","tax_rate":0,"price_inc_tax":0,"sale_price_inc_tax":0},"dk":{"price":0,"sale_price":0,"active":false,"url":null,"parent_url":"","tax_rate":0,"price_inc_tax":0,"sale_price_inc_tax":0},"com":{"price":0,"sale_price":0,"active":false,"url":null,"parent_url":"","tax_rate":0,"price_inc_tax":0,"sale_price_inc_tax":0}},"market_nl_price":0,"market_nl_sale_price":0,"market_nl_active":false,"market_nl_url":null,"market_nl_parent_url":"","market_nl_tax_rate":0,"market_nl_price_inc_tax":0,"market_nl_sale_price_inc_tax":0,"market_de_price":0,"market_de_sale_price":0,"market_de_active":false,"market_de_url":null,"market_de_parent_url":"","market_de_tax_rate":0,"market_de_price_inc_tax":0,"market_de_sale_price_inc_tax":0,"market_be_price":0,"market_be_sale_price":0,"market_be_active":false,"market_be_url":null,"market_be_parent_url":"","market_be_tax_rate":0,"market_be_price_inc_tax":0,"market_be_sale_price_inc_tax":0,"market_fr_price":0,"market_fr_sale_price":0,"market_fr_active":false,"market_fr_url":null,"market_fr_parent_url":"","market_fr_tax_rate":0,"market_fr_price_inc_tax":0,"market_fr_sale_price_inc_tax":0,"market_ch_price":0,"market_ch_sale_price":0,"market_ch_active":false,"market_ch_url":null,"market_ch_parent_url":"","market_ch_tax_rate":0,"market_ch_price_inc_tax":0,"market_ch_sale_price_inc_tax":0,"market_at_price":0,"market_at_sale_price":0,"market_at_active":false,"market_at_url":null,"market_at_parent_url":"","market_at_tax_rate":0,"market_at_price_inc_tax":0,"market_at_sale_price_inc_tax":0,"market_es_price":0,"market_es_sale_price":0,"market_es_active":false,"market_es_url":null,"market_es_parent_url":"","market_es_tax_rate":0,"market_es_price_inc_tax":0,"market_es_sale_price_inc_tax":0,"market_dk_price":0,"market_dk_sale_price":0,"market_dk_active":false,"market_dk_url":null,"market_dk_parent_url":"","market_dk_tax_rate":0,"market_dk_price_inc_tax":0,"market_dk_sale_price_inc_tax":0,"market_com_price":0,"market_com_sale_price":0,"market_com_active":false,"market_com_url":null,"market_com_parent_url":"","market_com_tax_rate":0,"market_com_price_inc_tax":0,"market_com_sale_price_inc_tax":0,"acf":[],"_links":{"self":[{"href":"https:\/\/www.pharmacy4pets.nl\/be\/wp-json\/wp\/v2\/product\/118805","targetHints":{"allow":["GET"]}}],"collection":[{"href":"https:\/\/www.pharmacy4pets.nl\/be\/wp-json\/wp\/v2\/product"}],"about":[{"href":"https:\/\/www.pharmacy4pets.nl\/be\/wp-json\/wp\/v2\/types\/product"}],"replies":[{"embeddable":true,"href":"https:\/\/www.pharmacy4pets.nl\/be\/wp-json\/wp\/v2\/comments?post=118805"}],"wp:featuredmedia":[{"embeddable":true,"href":"https:\/\/www.pharmacy4pets.nl\/be\/wp-json\/wp\/v2\/media\/118804"}],"wp:attachment":[{"href":"https:\/\/www.pharmacy4pets.nl\/be\/wp-json\/wp\/v2\/media?parent=118805"}],"wp:term":[{"taxonomy":"product_brand","embeddable":true,"href":"https:\/\/www.pharmacy4pets.nl\/be\/wp-json\/wp\/v2\/product_brand?post=118805"},{"taxonomy":"product_cat","embeddable":true,"href":"https:\/\/www.pharmacy4pets.nl\/be\/wp-json\/wp\/v2\/product_cat?post=118805"},{"taxonomy":"product_tag","embeddable":true,"href":"https:\/\/www.pharmacy4pets.nl\/be\/wp-json\/wp\/v2\/product_tag?post=118805"}],"curies":[{"name":"wp","href":"https:\/\/api.w.org\/{rel}","templated":true}]}}