{"id":118777,"date":"2018-03-19T18:18:27","date_gmt":"2018-03-19T18:18:27","guid":{"rendered":"https:\/\/p4p.test\/arthrogreen-plus-330-gram"},"modified":"2026-03-25T11:59:16","modified_gmt":"2026-03-25T11:59:16","slug":"arthrogreen-plus-330-gram","status":"publish","type":"product","link":"https:\/\/www.pharmacy4pets.nl\/be\/arthrogreen-plus-330-gram","title":{"rendered":"ArthroGreen Plus &#8211; 330 gram"},"content":{"rendered":"<p>ArthroGreen Plus 330 gram is een voedingssupplement van het merk cdVet dat speciaal is gemaakt voor een optimale werking van de gewrichten en het gehele bewegingsapparaat bij honden.<\/p>\n<p>De receptuur van ArthroGreen Plus 330 gram met bewezen werking is verrijkt met de bestanddelen rozenbottel en wilgenbast. Dit maakt het bijzonder geschikt ter ondersteuning van het bewegingsapparaat en gewichten in de acute fase. De rozenbottelschillen bewijzen door hun hoge vitamine-C gehalte hun dienst. Vitamine C is van grote betekenis voor de collageen biosynthese en daarmee voor de botten en het kraakbeen. Door de uitgebalanceerde combinatie van deze formule biedt ArthroGreen Plus een natuurlijke ondersteuning bij de voeding van uw hond(en).<\/p>\n<p><span style=\"text-decoration: underline;\">Toediening:<br \/><\/span>Dagelijks toedienen, als dit wenselijk is.<\/p>\n<p><span style=\"text-decoration: underline;\">Dosering:<\/span><\/p>\n<table style=\"\" border=\"1\">\n<thead>\n<tr>\n<td colspan=\"2\">\n<p style=\"text-align: center;\"><strong>Dosering<\/strong><\/p>\n<\/td>\n<\/tr>\n<\/thead>\n<tbody>\n<tr>\n<td>\n<p><strong><i>Diersoort en gewicht<\/i><\/strong><\/p>\n<\/td>\n<td>\n<p><strong><i>Aanbevolen dosering<\/i><\/strong><\/p>\n<\/td>\n<\/tr>\n<tr>\n<td>\n<p>Kleine hond &lt;10 kg<\/p>\n<\/td>\n<td>\n<p>1 maatlepel<\/p>\n<\/td>\n<\/tr>\n<tr>\n<td>\n<p>Middelgrote hond 10-35 kg<\/p>\n<\/td>\n<td>\n<p>1 &#8211; 2 maatlepel<\/p>\n<\/td>\n<\/tr>\n<tr>\n<td>\n<p>Grote hond &gt;35 kg<\/p>\n<\/td>\n<td>\n<p>2 &ndash; 4 maatlepel<\/p>\n<\/td>\n<\/tr>\n<\/tbody>\n<\/table>\n<p><span style=\"text-decoration: underline;\">Verpakking:<br \/><\/span>330 gram<\/p>\n","protected":false},"excerpt":{"rendered":"<p>ArthroGreen Plus 330 gram is een voedingssupplement van het merk cdVet dat speciaal is gemaakt voor een optimale werking van de gewrichten en het gehele bewegingsapparaat bij honden. De receptuur van ArthroGreen Plus 330 gram met bewezen werking is verrijkt met de bestanddelen rozenbottel en wilgenbast. Dit maakt het bijzonder geschikt ter ondersteuning van het [&hellip;]<\/p>\n","protected":false},"featured_media":118776,"comment_status":"open","ping_status":"closed","template":"","meta":{"_acf_changed":false,"_nl_post_content":"<p>ArthroGreen Plus 330 gram is een voedingssupplement van het merk cdVet dat speciaal is gemaakt voor een optimale werking van de gewrichten en het gehele bewegingsapparaat bij honden.<\/p>\r\n<p>De receptuur van ArthroGreen Plus 330 gram met bewezen werking is verrijkt met de bestanddelen rozenbottel en wilgenbast. Dit maakt het bijzonder geschikt ter ondersteuning van het bewegingsapparaat en gewichten in de acute fase. De rozenbottelschillen bewijzen door hun hoge vitamine-C gehalte hun dienst. Vitamine C is van grote betekenis voor de collageen biosynthese en daarmee voor de botten en het kraakbeen. Door de uitgebalanceerde combinatie van deze formule biedt ArthroGreen Plus een natuurlijke ondersteuning bij de voeding van uw hond(en).<\/p>\r\n<p><span style=\"text-decoration: underline;\">Toediening:<br \/><\/span>Dagelijks toedienen, als dit wenselijk is.<\/p>\r\n<p><span style=\"text-decoration: underline;\">Dosering:<\/span><\/p>\r\n<table style=\"\" border=\"1\">\r\n<thead>\r\n<tr>\r\n<td colspan=\"2\">\r\n<p style=\"text-align: center;\"><strong>Dosering<\/strong><\/p>\r\n<\/td>\r\n<\/tr>\r\n<\/thead>\r\n<tbody>\r\n<tr>\r\n<td>\r\n<p><strong><i>Diersoort en gewicht<\/i><\/strong><\/p>\r\n<\/td>\r\n<td>\r\n<p><strong><i>Aanbevolen dosering<\/i><\/strong><\/p>\r\n<\/td>\r\n<\/tr>\r\n<tr>\r\n<td>\r\n<p>Kleine hond &lt;10 kg<\/p>\r\n<\/td>\r\n<td>\r\n<p>1 maatlepel<\/p>\r\n<\/td>\r\n<\/tr>\r\n<tr>\r\n<td>\r\n<p>Middelgrote hond 10-35 kg<\/p>\r\n<\/td>\r\n<td>\r\n<p>1 - 2 maatlepel<\/p>\r\n<\/td>\r\n<\/tr>\r\n<tr>\r\n<td>\r\n<p>Grote hond &gt;35 kg<\/p>\r\n<\/td>\r\n<td>\r\n<p>2 &ndash; 4 maatlepel<\/p>\r\n<\/td>\r\n<\/tr>\r\n<\/tbody>\r\n<\/table>\r\n<p><span style=\"text-decoration: underline;\">Verpakking:<br \/><\/span>330 gram<\/p>","_nl_post_name":"arthrogreen-plus-330-gram","_nl_post_excerpt":"","_nl_post_title":"ArthroGreen Plus - 330 gram","_en_post_content":"<p>ArthroGreen Plus 330 grams from CDVet is a food supplement for dogs that contributes to an optimal functioning of the joints and the entire musculoskeletal system.<\/p>\r\n<p>The proven recipe of ArthroGreen Plus 330 grams is enriched with rosehip and willow bark. This makes it particularly suitable for supporting the musculoskeletal system and weights in the acute phase. The rose hip skins are of service because of their high vitamin C content. Vitamin C is of great importance for the collagen biosynthesis and therefore for the bones and cartilage. Thanks to the balanced combination within the formula, ArthroGreen Plus 330 grams is a natural support for the nutrition of your dog(s).<\/p>\r\n<p><span style=\"text-decoration: underline;\">Administration::<br \/><\/span>Administer on a daily basis if necessary.<\/p>\r\n<p><span style=\"text-decoration: underline;\">Dosage:<\/span><\/p>\r\n<table style=\"\" border=\"1\">\r\n<thead>\r\n<tr>\r\n<td colspan=\"2\">\r\n<p style=\"text-align: center;\"><strong>Dosage<\/strong><\/p>\r\n<\/td>\r\n<\/tr>\r\n<\/thead>\r\n<tbody>\r\n<tr>\r\n<td>\r\n<p><strong><i>Animal species and weight<\/i><\/strong><\/p>\r\n<\/td>\r\n<td>\r\n<p><strong><i>Recommended dosage<\/i><\/strong><\/p>\r\n<\/td>\r\n<\/tr>\r\n<tr>\r\n<td>\r\n<p>Small dog&nbsp;&lt;10 kg<\/p>\r\n<\/td>\r\n<td>\r\n<p>1&nbsp;measuring spoon<\/p>\r\n<\/td>\r\n<\/tr>\r\n<tr>\r\n<td>\r\n<p>Medium-sized dog 10-35 kg<\/p>\r\n<\/td>\r\n<td>\r\n<p>1 - 2&nbsp;measuring spoon<\/p>\r\n<\/td>\r\n<\/tr>\r\n<tr>\r\n<td>\r\n<p>Large dog&nbsp;&gt;35 kg<\/p>\r\n<\/td>\r\n<td>\r\n<p>2 &ndash; 4&nbsp;measuring spoon<\/p>\r\n<\/td>\r\n<\/tr>\r\n<\/tbody>\r\n<\/table>\r\n<p><span style=\"text-decoration: underline;\">Package:<br \/><\/span>330 grams<\/p>","_en_post_name":"arthrogreen-plus-330-gram","_en_post_excerpt":"","_en_post_title":"ArthroGreen Plus - 330 grams","_de_post_content":"<p>ArthroGreen Plus 330 Gramm von CDVet ist eine Nahrungserg&auml;nzung f&uuml;r Hunde, die zu einer optimalen Funktion der Gelenke und des gesamten Bewegungsapparates beitr&auml;gt.<\/p>\r\n<p>Das bew&auml;hrte Rezept von ArthroGreen Plus 330 Gramm ist mit Hagebutten und Weidenrinde angereichert. Dadurch eignet es sich besonders zur Unterst&uuml;tzung des Bewegungsapparates und der Gewichte in der Akutphase. Die Hagebuttenh&auml;ute sind wegen Ihres hohen Vitamin C-Gehaltes von Nutzen. Vitamin C ist von gro&szlig;er Bedeutung f&uuml;r die Kollagenbiosynthese und damit f&uuml;r Knochen und Knorpel. Dank der ausgewogenen Kombination in der Formel, ist ArthroGreen Plus 330 Gramm eine nat&uuml;rliche Unterst&uuml;tzung f&uuml;r die Ern&auml;hrung Ihres Hundes.<\/p>\r\n<p><span style=\"text-decoration: underline;\">Verwaltung:<br \/><\/span>Bei Notwendigkeit t&auml;glich verabreichen.<\/p>\r\n<p><span style=\"text-decoration: underline;\">Dosierung:<\/span><\/p>\r\n<table style=\"\" border=\"1\">\r\n<thead>\r\n<tr>\r\n<td colspan=\"2\">\r\n<p style=\"text-align: center;\"><strong>Dosierung<\/strong><\/p>\r\n<\/td>\r\n<\/tr>\r\n<\/thead>\r\n<tbody>\r\n<tr>\r\n<td>\r\n<p><strong><i>Tierart und Gewicht<\/i><\/strong><\/p>\r\n<\/td>\r\n<td>\r\n<p><strong><i>Empfohlene Dosierung<\/i><\/strong><\/p>\r\n<\/td>\r\n<\/tr>\r\n<tr>\r\n<td>\r\n<p>Kleiner Hund &lt;10 kg<\/p>\r\n<\/td>\r\n<td>\r\n<p>1 Messl&ouml;ffel<\/p>\r\n<\/td>\r\n<\/tr>\r\n<tr>\r\n<td>\r\n<p>Mittelgro&szlig;er Hund 10-35 kg<\/p>\r\n<\/td>\r\n<td>\r\n<p>1 - 2 Messl&ouml;ffel<\/p>\r\n<\/td>\r\n<\/tr>\r\n<tr>\r\n<td>\r\n<p>Gro&szlig;er Hund &gt;35 kg<\/p>\r\n<\/td>\r\n<td>\r\n<p>2 - 4 Messl&ouml;ffel<\/p>\r\n<\/td>\r\n<\/tr>\r\n<\/tbody>\r\n<\/table>\r\n<p><span style=\"text-decoration: underline;\">Verpackung:<br \/><\/span>330 Gramm<\/p>","_de_post_name":"arthrogreen-plus-330-gram","_de_post_excerpt":"","_de_post_title":"ArthroGreen Plus - 330 Gramm","_fr_post_content":"<p>ArthroGreen Plus est un compl&eacute;ment nutritionnel de la marque cdVet sp&eacute;cialement con&ccedil;u pour un fonctionnement optimal des articulations et de l'ensemble du syst&egrave;me musculo-squelettique chez le chien.<br \/><br \/>La recette &eacute;prouv&eacute;e d'ArthroGreen Plus est enrichie des ingr&eacute;dients de l'&eacute;glantier et de l'&eacute;corce de saule. Cela le rend particuli&egrave;rement adapt&eacute; pour soutenir le syst&egrave;me musculo-squelettique et les poids en phase aigu&euml;. Les &eacute;corces d'&eacute;glantier font leurs preuves en raison de leur teneur &eacute;lev&eacute;e en vitamine C. La vitamine C est d'une grande importance pour la biosynth&egrave;se du collag&egrave;ne et donc pour les os et le cartilage. Gr&acirc;ce &agrave; la combinaison &eacute;quilibr&eacute;e de cette formule, ArthroGreen Plus offre un soutien naturel dans l'alimentation de votre (vos) chien(s).<br \/><br \/><span style=\"text-decoration: underline;\">Administration:<\/span><br \/>Administrer quotidiennement, si d&eacute;sir&eacute;.<br \/><br \/><span style=\"text-decoration: underline;\">Dosage:<\/span><\/p>\r\n<table border=\"1\" style=\"\">\r\n<thead>\r\n<tr>\r\n<td colspan=\"2\">\r\n<p style=\"text-align: center;\"><strong>Dosage<\/strong><\/p>\r\n<\/td>\r\n<\/tr>\r\n<\/thead>\r\n<tbody>\r\n<tr>\r\n<td>\r\n<p><strong><em>Type et poids de l'animal<\/em><\/strong><\/p>\r\n<\/td>\r\n<td>\r\n<p><strong><em>Dosage recommand&eacute;<\/em><\/strong><\/p>\r\n<\/td>\r\n<\/tr>\r\n<tr>\r\n<td>\r\n<p>Petit chien &lt;10 kg<\/p>\r\n<\/td>\r\n<td>\r\n<p>1 cuill&egrave;re &agrave; mesurer<\/p>\r\n<\/td>\r\n<\/tr>\r\n<tr>\r\n<td>\r\n<p>Moyen chien 10-35 kg<\/p>\r\n<\/td>\r\n<td>\r\n<p>1 - 2 cuill&egrave;re &agrave; mesurer<\/p>\r\n<\/td>\r\n<\/tr>\r\n<tr>\r\n<td>\r\n<p>Gros chien &gt;35 kg<\/p>\r\n<\/td>\r\n<td>\r\n<p>2 &ndash; 4 cuill&egrave;re &agrave; mesurer<\/p>\r\n<\/td>\r\n<\/tr>\r\n<\/tbody>\r\n<\/table>","_fr_post_name":"arthrogreen-plus-330-grammes","_fr_post_excerpt":"","_fr_post_title":"ArthroGreen Plus - 330 grammes","_es_post_content":"<p>ArthroGreen Plus 330 gramos es un complemento alimenticio de cdVet que ha sido especialmente elaborado para el \u00f3ptimo funcionamiento de las articulaciones y de todo el sistema musculoesquel\u00e9tico de los perros.<\/p>\r\n<p>La receta comprobada de ArthroGreen Plus est\u00e1 enriquecida con los ingredientes rosa mosqueta y corteza de sauce. Esto lo hace especialmente adecuado para soportar el sistema musculoesquel\u00e9tico y los pesos en la fase aguda. Las pieles de rosa mosqueta demuestran su valor por su alto contenido en vitamina C. La vitamina C es de gran importancia para la bios\u00edntesis del col\u00e1geno y, por tanto, para los huesos y cart\u00edlagos. Debido a la combinaci\u00f3n equilibrada de esta f\u00f3rmula, ArthroGreen Plus ofrece un apoyo natural en la dieta de su(s) perro(s).<\/p>\r\n<p><span style=\"text-decoration: underline;\">Administraci\u00f3n:<\/span><br \/>Administrar diariamente, si se desea.<\/p>\r\n<p><span style=\"text-decoration: underline;\">Dosis:<\/span><\/p>\r\n<table style=\"\" border=\"1\">\r\n<thead>\r\n<tr>\r\n<td colspan=\"2\">\r\n<p style=\"text-align: center;\">Dosis<\/p>\r\n<\/td>\r\n<\/tr>\r\n<\/thead>\r\n<tbody>\r\n<tr>\r\n<td>\r\n<p>Tipo de animal y peso<\/p>\r\n<\/td>\r\n<td>\r\n<p>D\u00f3sis recomendada<\/p>\r\n<\/td>\r\n<\/tr>\r\n<tr>\r\n<td>\r\n<p>Perros peque\u00f1os &lt;10 kg<\/p>\r\n<\/td>\r\n<td>\r\n<p>1 cuchara medidora<\/p>\r\n<\/td>\r\n<\/tr>\r\n<tr>\r\n<td>\r\n<p>Perros medianos 10-35 kg<\/p>\r\n<\/td>\r\n<td>\r\n<p>1 - 2 cucharas medidoras<\/p>\r\n<\/td>\r\n<\/tr>\r\n<tr>\r\n<td>\r\n<p>Perros grandes &gt;35 kg<\/p>\r\n<\/td>\r\n<td>\r\n<p>2 \u2013 4 cucharas medidoras<\/p>\r\n<\/td>\r\n<\/tr>\r\n<\/tbody>\r\n<\/table>","_es_post_name":"arthrogreen-plus-330-gramos","_es_post_excerpt":"","_es_post_title":"ArthroGreen Plus - 330 gramos","edit_language":"nl"},"product_brand":[],"product_cat":[1906,1972,1843,1117,1839,1857],"product_tag":[],"class_list":{"0":"post-118777","1":"product","2":"type-product","3":"status-publish","4":"has-post-thumbnail","6":"product_cat-arthrogreen","7":"product_cat-artrose","8":"product_cat-gewrichten","9":"product_cat-honden","10":"product_cat-medicijnen-supplementen","11":"product_cat-merken","12":"pa_aandoening-gewrichten","13":"pa_doeldier-hond","14":"pa_fabricatieland-duitsland","15":"pa_merkfilter-arthrogreen","16":"pa_merkgroep-cdvet","17":"pa_productsoort-voedingssupplement","18":"pa_seo_canonical_store_id-not_found_value","19":"pa_seo_category-not_found_value","20":"pa_seo_meta_robots-not_found_value","21":"pa_toedieningswijze-poeder","22":"pa_unit_pricing_base_measure-100g","23":"pa_unit_pricing_measure-330g","24":"pa_werkzamestof-overig","26":"first","27":"instock","28":"taxable","29":"shipping-taxable","30":"purchasable","31":"product-type-simple"},"yoast_head":"<!-- This site is optimized with the Yoast SEO plugin v27.5 - https:\/\/yoast.com\/product\/yoast-seo-wordpress\/ -->\n<title>ArthroGreen Plus - 330 gram - Pharmacy4pets<\/title>\n<meta name=\"robots\" content=\"index, follow, max-snippet:-1, max-image-preview:large, max-video-preview:-1\" \/>\n<link rel=\"canonical\" href=\"https:\/\/www.pharmacy4pets.nl\/arthrogreen-plus-330-gram\" \/>\n<meta property=\"og:locale\" content=\"nl_NL\" \/>\n<meta property=\"og:type\" content=\"article\" \/>\n<meta property=\"og:title\" content=\"ArthroGreen Plus - 330 gram - Pharmacy4pets\" \/>\n<meta property=\"og:description\" content=\"ArthroGreen Plus 330 gram is een voedingssupplement van het merk cdVet dat speciaal is gemaakt voor een optimale werking van de gewrichten en het gehele bewegingsapparaat bij honden. De receptuur van ArthroGreen Plus 330 gram met bewezen werking is verrijkt met de bestanddelen rozenbottel en wilgenbast. Dit maakt het bijzonder geschikt ter ondersteuning van het [&hellip;]\" \/>\n<meta property=\"og:url\" content=\"https:\/\/www.pharmacy4pets.nl\/arthrogreen-plus-330-gram\" \/>\n<meta property=\"og:site_name\" content=\"Pharmacy4pets\" \/>\n<meta property=\"article:publisher\" content=\"https:\/\/www.facebook.com\/people\/Pharmacy4petsnl\/100063484989896\/\" \/>\n<meta property=\"article:modified_time\" content=\"2026-03-25T11:59:16+00:00\" \/>\n<meta property=\"og:image\" content=\"https:\/\/www.pharmacy4pets.nl\/wp-content\/uploads\/2018\/03\/arthogreen_plus_330_gr._pharmacy4pets.png\" \/>\n\t<meta property=\"og:image:width\" content=\"353\" \/>\n\t<meta property=\"og:image:height\" content=\"549\" \/>\n\t<meta property=\"og:image:type\" content=\"image\/png\" \/>\n<meta name=\"twitter:card\" content=\"summary_large_image\" \/>\n<meta name=\"twitter:label1\" content=\"Geschatte leestijd\" \/>\n\t<meta name=\"twitter:data1\" content=\"1 minuut\" \/>\n<script type=\"application\/ld+json\" class=\"yoast-schema-graph\">{\"@context\":\"https:\\\/\\\/schema.org\",\"@graph\":[{\"@type\":\"WebPage\",\"@id\":\"https:\\\/\\\/www.pharmacy4pets.nl\\\/arthrogreen-plus-330-gram\",\"url\":\"https:\\\/\\\/www.pharmacy4pets.nl\\\/arthrogreen-plus-330-gram\",\"name\":\"ArthroGreen Plus - 330 gram - Pharmacy4pets\",\"isPartOf\":{\"@id\":\"http:\\\/\\\/www.pharmacy4pets.nl\\\/#website\"},\"primaryImageOfPage\":{\"@id\":\"https:\\\/\\\/www.pharmacy4pets.nl\\\/arthrogreen-plus-330-gram#primaryimage\"},\"image\":{\"@id\":\"https:\\\/\\\/www.pharmacy4pets.nl\\\/arthrogreen-plus-330-gram#primaryimage\"},\"thumbnailUrl\":\"https:\\\/\\\/www.pharmacy4pets.nl\\\/wp-content\\\/uploads\\\/2018\\\/03\\\/arthogreen_plus_330_gr._pharmacy4pets.png\",\"datePublished\":\"2018-03-19T18:18:27+00:00\",\"dateModified\":\"2026-03-25T11:59:16+00:00\",\"breadcrumb\":{\"@id\":\"https:\\\/\\\/www.pharmacy4pets.nl\\\/arthrogreen-plus-330-gram#breadcrumb\"},\"inLanguage\":\"nl-NL\",\"potentialAction\":[{\"@type\":\"ReadAction\",\"target\":[\"https:\\\/\\\/www.pharmacy4pets.nl\\\/arthrogreen-plus-330-gram\"]}]},{\"@type\":\"ImageObject\",\"inLanguage\":\"nl-NL\",\"@id\":\"https:\\\/\\\/www.pharmacy4pets.nl\\\/arthrogreen-plus-330-gram#primaryimage\",\"url\":\"https:\\\/\\\/www.pharmacy4pets.nl\\\/wp-content\\\/uploads\\\/2018\\\/03\\\/arthogreen_plus_330_gr._pharmacy4pets.png\",\"contentUrl\":\"https:\\\/\\\/www.pharmacy4pets.nl\\\/wp-content\\\/uploads\\\/2018\\\/03\\\/arthogreen_plus_330_gr._pharmacy4pets.png\",\"width\":353,\"height\":549,\"caption\":\"ArthroGreen\"},{\"@type\":\"BreadcrumbList\",\"@id\":\"https:\\\/\\\/www.pharmacy4pets.nl\\\/arthrogreen-plus-330-gram#breadcrumb\",\"itemListElement\":[{\"@type\":\"ListItem\",\"position\":1,\"name\":\"Home\",\"item\":\"https:\\\/\\\/p4p-nl.bootmine.com\\\/\"},{\"@type\":\"ListItem\",\"position\":2,\"name\":\"Winkel\",\"item\":\"https:\\\/\\\/p4p-nl.bootmine.com\\\/winkel\"},{\"@type\":\"ListItem\",\"position\":3,\"name\":\"ArthroGreen Plus &#8211; 330 gram\"}]},{\"@type\":\"WebSite\",\"@id\":\"http:\\\/\\\/www.pharmacy4pets.nl\\\/#website\",\"url\":\"http:\\\/\\\/www.pharmacy4pets.nl\\\/\",\"name\":\"Pharmacy4pets\",\"description\":\"Pharmacy4pets.nl is d\u00e9 online apotheek waar u terecht kunt voor alle diergeneesmiddelen, verzorgingsproducten en dieetvoeding voor uw huisdier.\",\"publisher\":{\"@id\":\"http:\\\/\\\/www.pharmacy4pets.nl\\\/#organization\"},\"potentialAction\":[{\"@type\":\"SearchAction\",\"target\":{\"@type\":\"EntryPoint\",\"urlTemplate\":\"http:\\\/\\\/www.pharmacy4pets.nl\\\/?s={search_term_string}\"},\"query-input\":{\"@type\":\"PropertyValueSpecification\",\"valueRequired\":true,\"valueName\":\"search_term_string\"}}],\"inLanguage\":\"nl-NL\"},{\"@type\":\"Organization\",\"@id\":\"http:\\\/\\\/www.pharmacy4pets.nl\\\/#organization\",\"name\":\"Pharmacy4pets\",\"url\":\"http:\\\/\\\/www.pharmacy4pets.nl\\\/\",\"logo\":{\"@type\":\"ImageObject\",\"inLanguage\":\"nl-NL\",\"@id\":\"http:\\\/\\\/www.pharmacy4pets.nl\\\/#\\\/schema\\\/logo\\\/image\\\/\",\"url\":\"https:\\\/\\\/p4p-nl.bootmine.com\\\/wp-content\\\/uploads\\\/2026\\\/03\\\/logo-pharmacy4pets.png\",\"contentUrl\":\"https:\\\/\\\/p4p-nl.bootmine.com\\\/wp-content\\\/uploads\\\/2026\\\/03\\\/logo-pharmacy4pets.png\",\"width\":1024,\"height\":135,\"caption\":\"Pharmacy4pets\"},\"image\":{\"@id\":\"http:\\\/\\\/www.pharmacy4pets.nl\\\/#\\\/schema\\\/logo\\\/image\\\/\"},\"sameAs\":[\"https:\\\/\\\/www.facebook.com\\\/people\\\/Pharmacy4petsnl\\\/100063484989896\\\/\",\"https:\\\/\\\/www.youtube.com\\\/channel\\\/UCGPTIgucgli03tP2_kvLkHg\\\/featured\",\"https:\\\/\\\/www.instagram.com\\\/pharmacy4pets.nl\"]}]}<\/script>\n<!-- \/ Yoast SEO plugin. -->","yoast_head_json":{"title":"ArthroGreen Plus - 330 gram - Pharmacy4pets","robots":{"index":"index","follow":"follow","max-snippet":"max-snippet:-1","max-image-preview":"max-image-preview:large","max-video-preview":"max-video-preview:-1"},"canonical":"https:\/\/www.pharmacy4pets.nl\/arthrogreen-plus-330-gram","og_locale":"nl_NL","og_type":"article","og_title":"ArthroGreen Plus - 330 gram - Pharmacy4pets","og_description":"ArthroGreen Plus 330 gram is een voedingssupplement van het merk cdVet dat speciaal is gemaakt voor een optimale werking van de gewrichten en het gehele bewegingsapparaat bij honden. De receptuur van ArthroGreen Plus 330 gram met bewezen werking is verrijkt met de bestanddelen rozenbottel en wilgenbast. Dit maakt het bijzonder geschikt ter ondersteuning van het [&hellip;]","og_url":"https:\/\/www.pharmacy4pets.nl\/arthrogreen-plus-330-gram","og_site_name":"Pharmacy4pets","article_publisher":"https:\/\/www.facebook.com\/people\/Pharmacy4petsnl\/100063484989896\/","article_modified_time":"2026-03-25T11:59:16+00:00","og_image":[{"width":353,"height":549,"url":"https:\/\/www.pharmacy4pets.nl\/wp-content\/uploads\/2018\/03\/arthogreen_plus_330_gr._pharmacy4pets.png","type":"image\/png"}],"twitter_card":"summary_large_image","twitter_misc":{"Geschatte leestijd":"1 minuut"},"schema":{"@context":"https:\/\/schema.org","@graph":[{"@type":"WebPage","@id":"https:\/\/www.pharmacy4pets.nl\/arthrogreen-plus-330-gram","url":"https:\/\/www.pharmacy4pets.nl\/arthrogreen-plus-330-gram","name":"ArthroGreen Plus - 330 gram - Pharmacy4pets","isPartOf":{"@id":"http:\/\/www.pharmacy4pets.nl\/#website"},"primaryImageOfPage":{"@id":"https:\/\/www.pharmacy4pets.nl\/arthrogreen-plus-330-gram#primaryimage"},"image":{"@id":"https:\/\/www.pharmacy4pets.nl\/arthrogreen-plus-330-gram#primaryimage"},"thumbnailUrl":"https:\/\/www.pharmacy4pets.nl\/wp-content\/uploads\/2018\/03\/arthogreen_plus_330_gr._pharmacy4pets.png","datePublished":"2018-03-19T18:18:27+00:00","dateModified":"2026-03-25T11:59:16+00:00","breadcrumb":{"@id":"https:\/\/www.pharmacy4pets.nl\/arthrogreen-plus-330-gram#breadcrumb"},"inLanguage":"nl-NL","potentialAction":[{"@type":"ReadAction","target":["https:\/\/www.pharmacy4pets.nl\/arthrogreen-plus-330-gram"]}]},{"@type":"ImageObject","inLanguage":"nl-NL","@id":"https:\/\/www.pharmacy4pets.nl\/arthrogreen-plus-330-gram#primaryimage","url":"https:\/\/www.pharmacy4pets.nl\/wp-content\/uploads\/2018\/03\/arthogreen_plus_330_gr._pharmacy4pets.png","contentUrl":"https:\/\/www.pharmacy4pets.nl\/wp-content\/uploads\/2018\/03\/arthogreen_plus_330_gr._pharmacy4pets.png","width":353,"height":549,"caption":"ArthroGreen"},{"@type":"BreadcrumbList","@id":"https:\/\/www.pharmacy4pets.nl\/arthrogreen-plus-330-gram#breadcrumb","itemListElement":[{"@type":"ListItem","position":1,"name":"Home","item":"https:\/\/p4p-nl.bootmine.com\/"},{"@type":"ListItem","position":2,"name":"Winkel","item":"https:\/\/p4p-nl.bootmine.com\/winkel"},{"@type":"ListItem","position":3,"name":"ArthroGreen Plus &#8211; 330 gram"}]},{"@type":"WebSite","@id":"http:\/\/www.pharmacy4pets.nl\/#website","url":"http:\/\/www.pharmacy4pets.nl\/","name":"Pharmacy4pets","description":"Pharmacy4pets.nl is d\u00e9 online apotheek waar u terecht kunt voor alle diergeneesmiddelen, verzorgingsproducten en dieetvoeding voor uw huisdier.","publisher":{"@id":"http:\/\/www.pharmacy4pets.nl\/#organization"},"potentialAction":[{"@type":"SearchAction","target":{"@type":"EntryPoint","urlTemplate":"http:\/\/www.pharmacy4pets.nl\/?s={search_term_string}"},"query-input":{"@type":"PropertyValueSpecification","valueRequired":true,"valueName":"search_term_string"}}],"inLanguage":"nl-NL"},{"@type":"Organization","@id":"http:\/\/www.pharmacy4pets.nl\/#organization","name":"Pharmacy4pets","url":"http:\/\/www.pharmacy4pets.nl\/","logo":{"@type":"ImageObject","inLanguage":"nl-NL","@id":"http:\/\/www.pharmacy4pets.nl\/#\/schema\/logo\/image\/","url":"https:\/\/p4p-nl.bootmine.com\/wp-content\/uploads\/2026\/03\/logo-pharmacy4pets.png","contentUrl":"https:\/\/p4p-nl.bootmine.com\/wp-content\/uploads\/2026\/03\/logo-pharmacy4pets.png","width":1024,"height":135,"caption":"Pharmacy4pets"},"image":{"@id":"http:\/\/www.pharmacy4pets.nl\/#\/schema\/logo\/image\/"},"sameAs":["https:\/\/www.facebook.com\/people\/Pharmacy4petsnl\/100063484989896\/","https:\/\/www.youtube.com\/channel\/UCGPTIgucgli03tP2_kvLkHg\/featured","https:\/\/www.instagram.com\/pharmacy4pets.nl"]}]}},"market_data":{"nl":{"price":0,"sale_price":0,"active":false,"url":null,"parent_url":"","tax_rate":0,"price_inc_tax":0,"sale_price_inc_tax":0},"de":{"price":0,"sale_price":0,"active":false,"url":null,"parent_url":"","tax_rate":0,"price_inc_tax":0,"sale_price_inc_tax":0},"be":{"price":0,"sale_price":0,"active":false,"url":null,"parent_url":"","tax_rate":0,"price_inc_tax":0,"sale_price_inc_tax":0},"fr":{"price":0,"sale_price":0,"active":false,"url":null,"parent_url":"","tax_rate":0,"price_inc_tax":0,"sale_price_inc_tax":0},"ch":{"price":0,"sale_price":0,"active":false,"url":null,"parent_url":"","tax_rate":0,"price_inc_tax":0,"sale_price_inc_tax":0},"at":{"price":0,"sale_price":0,"active":false,"url":null,"parent_url":"","tax_rate":0,"price_inc_tax":0,"sale_price_inc_tax":0},"es":{"price":0,"sale_price":0,"active":false,"url":null,"parent_url":"","tax_rate":0,"price_inc_tax":0,"sale_price_inc_tax":0},"dk":{"price":0,"sale_price":0,"active":false,"url":null,"parent_url":"","tax_rate":0,"price_inc_tax":0,"sale_price_inc_tax":0},"com":{"price":0,"sale_price":0,"active":false,"url":null,"parent_url":"","tax_rate":0,"price_inc_tax":0,"sale_price_inc_tax":0}},"market_nl_price":0,"market_nl_sale_price":0,"market_nl_active":false,"market_nl_url":null,"market_nl_parent_url":"","market_nl_tax_rate":0,"market_nl_price_inc_tax":0,"market_nl_sale_price_inc_tax":0,"market_de_price":0,"market_de_sale_price":0,"market_de_active":false,"market_de_url":null,"market_de_parent_url":"","market_de_tax_rate":0,"market_de_price_inc_tax":0,"market_de_sale_price_inc_tax":0,"market_be_price":0,"market_be_sale_price":0,"market_be_active":false,"market_be_url":null,"market_be_parent_url":"","market_be_tax_rate":0,"market_be_price_inc_tax":0,"market_be_sale_price_inc_tax":0,"market_fr_price":0,"market_fr_sale_price":0,"market_fr_active":false,"market_fr_url":null,"market_fr_parent_url":"","market_fr_tax_rate":0,"market_fr_price_inc_tax":0,"market_fr_sale_price_inc_tax":0,"market_ch_price":0,"market_ch_sale_price":0,"market_ch_active":false,"market_ch_url":null,"market_ch_parent_url":"","market_ch_tax_rate":0,"market_ch_price_inc_tax":0,"market_ch_sale_price_inc_tax":0,"market_at_price":0,"market_at_sale_price":0,"market_at_active":false,"market_at_url":null,"market_at_parent_url":"","market_at_tax_rate":0,"market_at_price_inc_tax":0,"market_at_sale_price_inc_tax":0,"market_es_price":0,"market_es_sale_price":0,"market_es_active":false,"market_es_url":null,"market_es_parent_url":"","market_es_tax_rate":0,"market_es_price_inc_tax":0,"market_es_sale_price_inc_tax":0,"market_dk_price":0,"market_dk_sale_price":0,"market_dk_active":false,"market_dk_url":null,"market_dk_parent_url":"","market_dk_tax_rate":0,"market_dk_price_inc_tax":0,"market_dk_sale_price_inc_tax":0,"market_com_price":0,"market_com_sale_price":0,"market_com_active":false,"market_com_url":null,"market_com_parent_url":"","market_com_tax_rate":0,"market_com_price_inc_tax":0,"market_com_sale_price_inc_tax":0,"acf":[],"_links":{"self":[{"href":"https:\/\/www.pharmacy4pets.nl\/be\/wp-json\/wp\/v2\/product\/118777","targetHints":{"allow":["GET"]}}],"collection":[{"href":"https:\/\/www.pharmacy4pets.nl\/be\/wp-json\/wp\/v2\/product"}],"about":[{"href":"https:\/\/www.pharmacy4pets.nl\/be\/wp-json\/wp\/v2\/types\/product"}],"replies":[{"embeddable":true,"href":"https:\/\/www.pharmacy4pets.nl\/be\/wp-json\/wp\/v2\/comments?post=118777"}],"wp:featuredmedia":[{"embeddable":true,"href":"https:\/\/www.pharmacy4pets.nl\/be\/wp-json\/wp\/v2\/media\/118776"}],"wp:attachment":[{"href":"https:\/\/www.pharmacy4pets.nl\/be\/wp-json\/wp\/v2\/media?parent=118777"}],"wp:term":[{"taxonomy":"product_brand","embeddable":true,"href":"https:\/\/www.pharmacy4pets.nl\/be\/wp-json\/wp\/v2\/product_brand?post=118777"},{"taxonomy":"product_cat","embeddable":true,"href":"https:\/\/www.pharmacy4pets.nl\/be\/wp-json\/wp\/v2\/product_cat?post=118777"},{"taxonomy":"product_tag","embeddable":true,"href":"https:\/\/www.pharmacy4pets.nl\/be\/wp-json\/wp\/v2\/product_tag?post=118777"}],"curies":[{"name":"wp","href":"https:\/\/api.w.org\/{rel}","templated":true}]}}