{"id":118773,"date":"2018-03-15T19:42:48","date_gmt":"2018-03-15T19:42:48","guid":{"rendered":"https:\/\/p4p.test\/phytonics-back-spray-250-ml"},"modified":"2026-04-14T08:03:11","modified_gmt":"2026-04-14T08:03:11","slug":"phytonics-back-spray-250-ml","status":"publish","type":"product","link":"https:\/\/www.pharmacy4pets.nl\/be\/phytonics-back-spray-250-ml","title":{"rendered":"Phytonics Back spray &#8211; 250 ml"},"content":{"rendered":"<p>Phytonics Back spray &#8211; 250 ml<\/p>\n","protected":false},"excerpt":{"rendered":"<p>Phytonics Back spray &#8211; 250 ml<\/p>\n","protected":false},"featured_media":118772,"comment_status":"open","ping_status":"closed","template":"","meta":{"_acf_changed":false,"_nl_post_content":"Phytonics Back spray - 250 ml","_nl_post_name":"phytonics-back-spray-250-ml","_nl_post_excerpt":"","_nl_post_title":"Phytonics Back spray - 250 ml","_en_post_content":"Phytonics Back spray - 250 ml","_en_post_name":"phytonics-back-spray-250-ml","_en_post_excerpt":"","_en_post_title":"Phytonics Back spray - 250 ml","_de_post_content":"Phytonics Back spray - 250 ml","_de_post_name":"phytonics-back-spray-250-ml","_de_post_excerpt":"","_de_post_title":"Phytonics Back spray - 250 ml","_fr_post_content":"Phytonics Back spray - 250 ml","_fr_post_name":"phytonics-back-spray-250-ml","_fr_post_excerpt":"","_fr_post_title":"Phytonics Back spray - 250 ml","_es_post_content":"<p>Phytonics Back Spray para la espalda para gatos, perros, ponis y caballos se puede utilizar tanto para los m\u00fasculos como para las v\u00e9rtebras del cuello y la espalda. En caso de m\u00fasculos r\u00edgidos o atascados despu\u00e9s de un ejercicio intenso. Para un movimiento suave. Recuperaci\u00f3n despu\u00e9s del esfuerzo f\u00edsico y para m\u00fasculos cansados. Tambi\u00e9n es bueno para un cuarto trasero r\u00edgido.<\/p>\r\n<p>A menos que un m\u00e9dico o terapeuta le indique lo contrario, roc\u00ede ligeramente sobre la espalda 1 o 2 veces al d\u00eda. Backspray no necesita ser masajeado y puede usarse antes y despu\u00e9s del ejercicio o en cualquier otro momento del d\u00eda.<\/p>\r\n<p>Agite bien antes de usar.<\/p>\r\n<p>Evitar contacto visual. No utilizar en caso de hipersensibilidad a alguno de los ingredientes. Para uso externo. Tenga en cuenta: algunos caballos pueden reaccionar inicialmente al sonido del roc\u00edo.<\/p>\r\n<p>Si en la pr\u00e1ctica es dif\u00edcil administrar este producto varias veces al d\u00eda, una vez al d\u00eda o una vez cada 2 d\u00edas es suficiente. Incluso entonces, este producto se puede usar de manera efectiva, pero la respuesta puede demorar un poco m\u00e1s.<\/p>\r\n<p><span style=\"text-decoration: underline;\">Duraci\u00f3n del tratamiento<\/span><br \/>En una situaci\u00f3n aguda, la duraci\u00f3n del tratamiento es relativamente corta. Esto puede variar desde unos pocos d\u00edas hasta 3 semanas. Si hay mejor\u00eda, contin\u00fae administrando este producto por unos d\u00edas m\u00e1s. Con molestias prolongadas, el efecto suele ser visible despu\u00e9s de 1 a 3 semanas. El spray para la espalda se puede utilizar de forma segura durante un per\u00edodo de tiempo m\u00e1s largo.<\/p>\r\n<p><span style=\"text-decoration: underline;\">Ahorrar<\/span><br \/>Evite la luz solar directa y almacene este producto en un lugar seco ya una temperatura entre 5-20 \u00b0C. Mantener fuera del alcance de los ni\u00f1os. La fecha de caducidad se indica en la etiqueta.<\/p>","_es_post_name":"phytonics-back-spray","_es_post_excerpt":"","_es_post_title":"Phytonics Back Spray 250 ml","edit_language":"nl"},"product_brand":[],"product_cat":[1874,1843,1812,1117,1118,1871,1839,1811,1857,1809,2075],"product_tag":[],"class_list":{"0":"post-118773","1":"product","2":"type-product","3":"status-publish","4":"has-post-thumbnail","6":"product_cat-gewrichten","8":"product_cat-gewrichten-spieren","9":"product_cat-honden","10":"product_cat-katten","11":"product_cat-medicijnen-supplementen","14":"product_cat-merken","15":"product_cat-paarden","16":"product_cat-phytonics","17":"pa_aandoening-gewrichten","18":"pa_doeldier-ezel","19":"pa_doeldier-hond","20":"pa_doeldier-kat","21":"pa_doeldier-paard","22":"pa_fabricatieland-nederland","23":"pa_merkfilter-phytonics","24":"pa_merkgroep-nml","25":"pa_productsoort-overig","26":"pa_toedieningswijze-spray","27":"pa_unit_pricing_base_measure-100ml","28":"pa_unit_pricing_measure-250ml","29":"pa_werkzamestof-overig","31":"first","32":"instock","33":"taxable","34":"shipping-taxable","35":"purchasable","36":"product-type-simple"},"yoast_head":"<!-- This site is optimized with the Yoast SEO plugin v27.5 - https:\/\/yoast.com\/product\/yoast-seo-wordpress\/ -->\n<title>Phytonics Back spray - 250 ml - Pharmacy4pets<\/title>\n<meta name=\"robots\" content=\"index, follow, max-snippet:-1, max-image-preview:large, max-video-preview:-1\" \/>\n<link rel=\"canonical\" href=\"https:\/\/www.pharmacy4pets.nl\/phytonics-back-spray-250-ml\" \/>\n<meta property=\"og:locale\" content=\"nl_NL\" \/>\n<meta property=\"og:type\" content=\"article\" \/>\n<meta property=\"og:title\" content=\"Phytonics Back spray - 250 ml - Pharmacy4pets\" \/>\n<meta property=\"og:description\" content=\"Phytonics Back spray &#8211; 250 ml\" \/>\n<meta property=\"og:url\" content=\"https:\/\/www.pharmacy4pets.nl\/phytonics-back-spray-250-ml\" \/>\n<meta property=\"og:site_name\" content=\"Pharmacy4pets\" \/>\n<meta property=\"article:publisher\" content=\"https:\/\/www.facebook.com\/people\/Pharmacy4petsnl\/100063484989896\/\" \/>\n<meta property=\"article:modified_time\" content=\"2026-04-14T08:03:11+00:00\" \/>\n<meta property=\"og:image\" content=\"https:\/\/www.pharmacy4pets.nl\/wp-content\/uploads\/2018\/03\/21724.jpg\" \/>\n\t<meta property=\"og:image:width\" content=\"400\" \/>\n\t<meta property=\"og:image:height\" content=\"400\" \/>\n\t<meta property=\"og:image:type\" content=\"image\/jpeg\" \/>\n<meta name=\"twitter:card\" content=\"summary_large_image\" \/>\n<script type=\"application\/ld+json\" class=\"yoast-schema-graph\">{\"@context\":\"https:\\\/\\\/schema.org\",\"@graph\":[{\"@type\":\"WebPage\",\"@id\":\"https:\\\/\\\/www.pharmacy4pets.nl\\\/phytonics-back-spray-250-ml\",\"url\":\"https:\\\/\\\/www.pharmacy4pets.nl\\\/phytonics-back-spray-250-ml\",\"name\":\"Phytonics Back spray - 250 ml - Pharmacy4pets\",\"isPartOf\":{\"@id\":\"http:\\\/\\\/www.pharmacy4pets.nl\\\/#website\"},\"primaryImageOfPage\":{\"@id\":\"https:\\\/\\\/www.pharmacy4pets.nl\\\/phytonics-back-spray-250-ml#primaryimage\"},\"image\":{\"@id\":\"https:\\\/\\\/www.pharmacy4pets.nl\\\/phytonics-back-spray-250-ml#primaryimage\"},\"thumbnailUrl\":\"https:\\\/\\\/www.pharmacy4pets.nl\\\/wp-content\\\/uploads\\\/2018\\\/03\\\/21724.jpg\",\"datePublished\":\"2018-03-15T19:42:48+00:00\",\"dateModified\":\"2026-04-14T08:03:11+00:00\",\"breadcrumb\":{\"@id\":\"https:\\\/\\\/www.pharmacy4pets.nl\\\/phytonics-back-spray-250-ml#breadcrumb\"},\"inLanguage\":\"nl-NL\",\"potentialAction\":[{\"@type\":\"ReadAction\",\"target\":[\"https:\\\/\\\/www.pharmacy4pets.nl\\\/phytonics-back-spray-250-ml\"]}]},{\"@type\":\"ImageObject\",\"inLanguage\":\"nl-NL\",\"@id\":\"https:\\\/\\\/www.pharmacy4pets.nl\\\/phytonics-back-spray-250-ml#primaryimage\",\"url\":\"https:\\\/\\\/www.pharmacy4pets.nl\\\/wp-content\\\/uploads\\\/2018\\\/03\\\/21724.jpg\",\"contentUrl\":\"https:\\\/\\\/www.pharmacy4pets.nl\\\/wp-content\\\/uploads\\\/2018\\\/03\\\/21724.jpg\",\"width\":400,\"height\":400,\"caption\":\"Phytonics\"},{\"@type\":\"BreadcrumbList\",\"@id\":\"https:\\\/\\\/www.pharmacy4pets.nl\\\/phytonics-back-spray-250-ml#breadcrumb\",\"itemListElement\":[{\"@type\":\"ListItem\",\"position\":1,\"name\":\"Home\",\"item\":\"https:\\\/\\\/p4p-nl.bootmine.com\\\/\"},{\"@type\":\"ListItem\",\"position\":2,\"name\":\"Winkel\",\"item\":\"https:\\\/\\\/p4p-nl.bootmine.com\\\/winkel\"},{\"@type\":\"ListItem\",\"position\":3,\"name\":\"Phytonics Back spray &#8211; 250 ml\"}]},{\"@type\":\"WebSite\",\"@id\":\"http:\\\/\\\/www.pharmacy4pets.nl\\\/#website\",\"url\":\"http:\\\/\\\/www.pharmacy4pets.nl\\\/\",\"name\":\"Pharmacy4pets\",\"description\":\"Pharmacy4pets.nl is d\u00e9 online apotheek waar u terecht kunt voor alle diergeneesmiddelen, verzorgingsproducten en dieetvoeding voor uw huisdier.\",\"publisher\":{\"@id\":\"http:\\\/\\\/www.pharmacy4pets.nl\\\/#organization\"},\"potentialAction\":[{\"@type\":\"SearchAction\",\"target\":{\"@type\":\"EntryPoint\",\"urlTemplate\":\"http:\\\/\\\/www.pharmacy4pets.nl\\\/?s={search_term_string}\"},\"query-input\":{\"@type\":\"PropertyValueSpecification\",\"valueRequired\":true,\"valueName\":\"search_term_string\"}}],\"inLanguage\":\"nl-NL\"},{\"@type\":\"Organization\",\"@id\":\"http:\\\/\\\/www.pharmacy4pets.nl\\\/#organization\",\"name\":\"Pharmacy4pets\",\"url\":\"http:\\\/\\\/www.pharmacy4pets.nl\\\/\",\"logo\":{\"@type\":\"ImageObject\",\"inLanguage\":\"nl-NL\",\"@id\":\"http:\\\/\\\/www.pharmacy4pets.nl\\\/#\\\/schema\\\/logo\\\/image\\\/\",\"url\":\"https:\\\/\\\/p4p-nl.bootmine.com\\\/wp-content\\\/uploads\\\/2026\\\/03\\\/logo-pharmacy4pets.png\",\"contentUrl\":\"https:\\\/\\\/p4p-nl.bootmine.com\\\/wp-content\\\/uploads\\\/2026\\\/03\\\/logo-pharmacy4pets.png\",\"width\":1024,\"height\":135,\"caption\":\"Pharmacy4pets\"},\"image\":{\"@id\":\"http:\\\/\\\/www.pharmacy4pets.nl\\\/#\\\/schema\\\/logo\\\/image\\\/\"},\"sameAs\":[\"https:\\\/\\\/www.facebook.com\\\/people\\\/Pharmacy4petsnl\\\/100063484989896\\\/\",\"https:\\\/\\\/www.youtube.com\\\/channel\\\/UCGPTIgucgli03tP2_kvLkHg\\\/featured\",\"https:\\\/\\\/www.instagram.com\\\/pharmacy4pets.nl\"]}]}<\/script>\n<!-- \/ Yoast SEO plugin. -->","yoast_head_json":{"title":"Phytonics Back spray - 250 ml - Pharmacy4pets","robots":{"index":"index","follow":"follow","max-snippet":"max-snippet:-1","max-image-preview":"max-image-preview:large","max-video-preview":"max-video-preview:-1"},"canonical":"https:\/\/www.pharmacy4pets.nl\/phytonics-back-spray-250-ml","og_locale":"nl_NL","og_type":"article","og_title":"Phytonics Back spray - 250 ml - Pharmacy4pets","og_description":"Phytonics Back spray &#8211; 250 ml","og_url":"https:\/\/www.pharmacy4pets.nl\/phytonics-back-spray-250-ml","og_site_name":"Pharmacy4pets","article_publisher":"https:\/\/www.facebook.com\/people\/Pharmacy4petsnl\/100063484989896\/","article_modified_time":"2026-04-14T08:03:11+00:00","og_image":[{"width":400,"height":400,"url":"https:\/\/www.pharmacy4pets.nl\/wp-content\/uploads\/2018\/03\/21724.jpg","type":"image\/jpeg"}],"twitter_card":"summary_large_image","schema":{"@context":"https:\/\/schema.org","@graph":[{"@type":"WebPage","@id":"https:\/\/www.pharmacy4pets.nl\/phytonics-back-spray-250-ml","url":"https:\/\/www.pharmacy4pets.nl\/phytonics-back-spray-250-ml","name":"Phytonics Back spray - 250 ml - Pharmacy4pets","isPartOf":{"@id":"http:\/\/www.pharmacy4pets.nl\/#website"},"primaryImageOfPage":{"@id":"https:\/\/www.pharmacy4pets.nl\/phytonics-back-spray-250-ml#primaryimage"},"image":{"@id":"https:\/\/www.pharmacy4pets.nl\/phytonics-back-spray-250-ml#primaryimage"},"thumbnailUrl":"https:\/\/www.pharmacy4pets.nl\/wp-content\/uploads\/2018\/03\/21724.jpg","datePublished":"2018-03-15T19:42:48+00:00","dateModified":"2026-04-14T08:03:11+00:00","breadcrumb":{"@id":"https:\/\/www.pharmacy4pets.nl\/phytonics-back-spray-250-ml#breadcrumb"},"inLanguage":"nl-NL","potentialAction":[{"@type":"ReadAction","target":["https:\/\/www.pharmacy4pets.nl\/phytonics-back-spray-250-ml"]}]},{"@type":"ImageObject","inLanguage":"nl-NL","@id":"https:\/\/www.pharmacy4pets.nl\/phytonics-back-spray-250-ml#primaryimage","url":"https:\/\/www.pharmacy4pets.nl\/wp-content\/uploads\/2018\/03\/21724.jpg","contentUrl":"https:\/\/www.pharmacy4pets.nl\/wp-content\/uploads\/2018\/03\/21724.jpg","width":400,"height":400,"caption":"Phytonics"},{"@type":"BreadcrumbList","@id":"https:\/\/www.pharmacy4pets.nl\/phytonics-back-spray-250-ml#breadcrumb","itemListElement":[{"@type":"ListItem","position":1,"name":"Home","item":"https:\/\/p4p-nl.bootmine.com\/"},{"@type":"ListItem","position":2,"name":"Winkel","item":"https:\/\/p4p-nl.bootmine.com\/winkel"},{"@type":"ListItem","position":3,"name":"Phytonics Back spray &#8211; 250 ml"}]},{"@type":"WebSite","@id":"http:\/\/www.pharmacy4pets.nl\/#website","url":"http:\/\/www.pharmacy4pets.nl\/","name":"Pharmacy4pets","description":"Pharmacy4pets.nl is d\u00e9 online apotheek waar u terecht kunt voor alle diergeneesmiddelen, verzorgingsproducten en dieetvoeding voor uw huisdier.","publisher":{"@id":"http:\/\/www.pharmacy4pets.nl\/#organization"},"potentialAction":[{"@type":"SearchAction","target":{"@type":"EntryPoint","urlTemplate":"http:\/\/www.pharmacy4pets.nl\/?s={search_term_string}"},"query-input":{"@type":"PropertyValueSpecification","valueRequired":true,"valueName":"search_term_string"}}],"inLanguage":"nl-NL"},{"@type":"Organization","@id":"http:\/\/www.pharmacy4pets.nl\/#organization","name":"Pharmacy4pets","url":"http:\/\/www.pharmacy4pets.nl\/","logo":{"@type":"ImageObject","inLanguage":"nl-NL","@id":"http:\/\/www.pharmacy4pets.nl\/#\/schema\/logo\/image\/","url":"https:\/\/p4p-nl.bootmine.com\/wp-content\/uploads\/2026\/03\/logo-pharmacy4pets.png","contentUrl":"https:\/\/p4p-nl.bootmine.com\/wp-content\/uploads\/2026\/03\/logo-pharmacy4pets.png","width":1024,"height":135,"caption":"Pharmacy4pets"},"image":{"@id":"http:\/\/www.pharmacy4pets.nl\/#\/schema\/logo\/image\/"},"sameAs":["https:\/\/www.facebook.com\/people\/Pharmacy4petsnl\/100063484989896\/","https:\/\/www.youtube.com\/channel\/UCGPTIgucgli03tP2_kvLkHg\/featured","https:\/\/www.instagram.com\/pharmacy4pets.nl"]}]}},"market_data":{"nl":{"price":0,"sale_price":0,"active":false,"url":null,"parent_url":"","tax_rate":0,"price_inc_tax":0,"sale_price_inc_tax":0},"de":{"price":0,"sale_price":0,"active":false,"url":null,"parent_url":"","tax_rate":0,"price_inc_tax":0,"sale_price_inc_tax":0},"be":{"price":0,"sale_price":0,"active":false,"url":null,"parent_url":"","tax_rate":0,"price_inc_tax":0,"sale_price_inc_tax":0},"fr":{"price":0,"sale_price":0,"active":false,"url":null,"parent_url":"","tax_rate":0,"price_inc_tax":0,"sale_price_inc_tax":0},"ch":{"price":0,"sale_price":0,"active":false,"url":null,"parent_url":"","tax_rate":0,"price_inc_tax":0,"sale_price_inc_tax":0},"at":{"price":0,"sale_price":0,"active":false,"url":null,"parent_url":"","tax_rate":0,"price_inc_tax":0,"sale_price_inc_tax":0},"es":{"price":0,"sale_price":0,"active":false,"url":null,"parent_url":"","tax_rate":0,"price_inc_tax":0,"sale_price_inc_tax":0},"dk":{"price":0,"sale_price":0,"active":false,"url":null,"parent_url":"","tax_rate":0,"price_inc_tax":0,"sale_price_inc_tax":0},"com":{"price":0,"sale_price":0,"active":false,"url":null,"parent_url":"","tax_rate":0,"price_inc_tax":0,"sale_price_inc_tax":0}},"market_nl_price":0,"market_nl_sale_price":0,"market_nl_active":false,"market_nl_url":null,"market_nl_parent_url":"","market_nl_tax_rate":0,"market_nl_price_inc_tax":0,"market_nl_sale_price_inc_tax":0,"market_de_price":0,"market_de_sale_price":0,"market_de_active":false,"market_de_url":null,"market_de_parent_url":"","market_de_tax_rate":0,"market_de_price_inc_tax":0,"market_de_sale_price_inc_tax":0,"market_be_price":0,"market_be_sale_price":0,"market_be_active":false,"market_be_url":null,"market_be_parent_url":"","market_be_tax_rate":0,"market_be_price_inc_tax":0,"market_be_sale_price_inc_tax":0,"market_fr_price":0,"market_fr_sale_price":0,"market_fr_active":false,"market_fr_url":null,"market_fr_parent_url":"","market_fr_tax_rate":0,"market_fr_price_inc_tax":0,"market_fr_sale_price_inc_tax":0,"market_ch_price":0,"market_ch_sale_price":0,"market_ch_active":false,"market_ch_url":null,"market_ch_parent_url":"","market_ch_tax_rate":0,"market_ch_price_inc_tax":0,"market_ch_sale_price_inc_tax":0,"market_at_price":0,"market_at_sale_price":0,"market_at_active":false,"market_at_url":null,"market_at_parent_url":"","market_at_tax_rate":0,"market_at_price_inc_tax":0,"market_at_sale_price_inc_tax":0,"market_es_price":0,"market_es_sale_price":0,"market_es_active":false,"market_es_url":null,"market_es_parent_url":"","market_es_tax_rate":0,"market_es_price_inc_tax":0,"market_es_sale_price_inc_tax":0,"market_dk_price":0,"market_dk_sale_price":0,"market_dk_active":false,"market_dk_url":null,"market_dk_parent_url":"","market_dk_tax_rate":0,"market_dk_price_inc_tax":0,"market_dk_sale_price_inc_tax":0,"market_com_price":0,"market_com_sale_price":0,"market_com_active":false,"market_com_url":null,"market_com_parent_url":"","market_com_tax_rate":0,"market_com_price_inc_tax":0,"market_com_sale_price_inc_tax":0,"acf":[],"_links":{"self":[{"href":"https:\/\/www.pharmacy4pets.nl\/be\/wp-json\/wp\/v2\/product\/118773","targetHints":{"allow":["GET"]}}],"collection":[{"href":"https:\/\/www.pharmacy4pets.nl\/be\/wp-json\/wp\/v2\/product"}],"about":[{"href":"https:\/\/www.pharmacy4pets.nl\/be\/wp-json\/wp\/v2\/types\/product"}],"replies":[{"embeddable":true,"href":"https:\/\/www.pharmacy4pets.nl\/be\/wp-json\/wp\/v2\/comments?post=118773"}],"wp:featuredmedia":[{"embeddable":true,"href":"https:\/\/www.pharmacy4pets.nl\/be\/wp-json\/wp\/v2\/media\/118772"}],"wp:attachment":[{"href":"https:\/\/www.pharmacy4pets.nl\/be\/wp-json\/wp\/v2\/media?parent=118773"}],"wp:term":[{"taxonomy":"product_brand","embeddable":true,"href":"https:\/\/www.pharmacy4pets.nl\/be\/wp-json\/wp\/v2\/product_brand?post=118773"},{"taxonomy":"product_cat","embeddable":true,"href":"https:\/\/www.pharmacy4pets.nl\/be\/wp-json\/wp\/v2\/product_cat?post=118773"},{"taxonomy":"product_tag","embeddable":true,"href":"https:\/\/www.pharmacy4pets.nl\/be\/wp-json\/wp\/v2\/product_tag?post=118773"}],"curies":[{"name":"wp","href":"https:\/\/api.w.org\/{rel}","templated":true}]}}