{"id":118763,"date":"2018-03-08T15:34:23","date_gmt":"2018-03-08T15:34:23","guid":{"rendered":"https:\/\/p4p.test\/nutribound-kat-3x150-ml"},"modified":"2026-04-14T08:03:11","modified_gmt":"2026-04-14T08:03:11","slug":"nutribound-kat-3x150-ml","status":"publish","type":"product","link":"https:\/\/www.pharmacy4pets.nl\/be\/nutribound-kat-3x150-ml","title":{"rendered":"Nutribound kat 3&#215;150 ml"},"content":{"rendered":"<p>Nutribound is een zeer smakelijke, laagcalorische, vloeibare oplossing voor de ondersteuning van herstel bij de kat. Nutribound is ontwikkeld in samenwerking met dierenartsen en voedingsexperts en is samengesteld uit essenti\u00eble ingredi\u00ebnten die vanaf het begin het herstel bij gezelschapsdieren ondersteunen. De verpakking bevat 3 x 150 ml.<\/p>\n","protected":false},"excerpt":{"rendered":"<p>Nutribound is een zeer smakelijke, laagcalorische, vloeibare oplossing voor de ondersteuning van herstel bij de kat. Nutribound is ontwikkeld in samenwerking met dierenartsen en voedingsexperts en is samengesteld uit essenti\u00eble ingredi\u00ebnten die vanaf het begin het herstel bij gezelschapsdieren ondersteunen. De verpakking bevat 3 x 150 ml.<\/p>\n","protected":false},"featured_media":118762,"comment_status":"open","ping_status":"closed","template":"","meta":{"_acf_changed":false,"_nl_post_content":"Nutribound is een zeer smakelijke, laagcalorische, vloeibare oplossing voor de ondersteuning van herstel bij de kat. Nutribound is ontwikkeld in samenwerking met dierenartsen en voedingsexperts en is samengesteld uit essenti\u00eble ingredi\u00ebnten die vanaf het begin het herstel bij gezelschapsdieren ondersteunen. De verpakking bevat 3 x 150 ml.","_nl_post_name":"nutribound-kat-3x150-ml","_nl_post_excerpt":"","_nl_post_title":"Nutribound kat 3x150 ml","_en_post_content":"Nutribound cat is a highly palatable, liquid complementary feed which helps stimulate eating and drinking for cats. It has been formulated to help animals who need encouragement to eat and drink, be they recovering from surgery, illness or for those who are experiencing a general lack of interest in food or water. The package contains 3 x 150 ml.","_en_post_name":"nutribound-kat-3x150-ml","_en_post_excerpt":"","_en_post_title":"Nutribound cat 3x150 ml","_de_post_content":"Nutribound Katze ist ein fl\u00fcssiges Erg\u00e4nzungsfuttermittel f\u00fcr Katzen. Es enth\u00e4lt alle wichtigen N\u00e4hrstoffe (Vitamine, Mineralstoffe, Aminos\u00e4uren und essentielle Fetts\u00e4uren), die Katzen in der Rekonvaleszenz ben\u00f6tigen, insbesondere hohe Konzentrationen von Glutamin, Arginin, Taurin, Zink sowie Omega-3 und -6-Fetts\u00e4uren. Nutribound enth\u00e4lt keine k\u00fcnstlichen Geschmacks-, Konservierungsoder Farbstoffe. Sie k\u00f6nnen Ihrem Liebling Nutribound entweder pur, \u00fcber das Futter oder zusammen mit dem Trinkwasser anbieten. Als gebrauchsfertige L\u00f6sung muss es nicht angemischt oder verd\u00fcnnt werden. Die Packung enth\u00e4lt 3 x 150 ml.","_de_post_name":"nutribound-kat-3x150-ml","_de_post_excerpt":"","_de_post_title":"Nutribound Katze 3x150 ml","_fr_post_content":"<p>Nutribound est une solution liquide app&eacute;tissante, basse en calories pour soutenir et le r&eacute;tablissement du chat. Nutribound est d&eacute;velopp&eacute; en coop&eacute;ration avec des v&eacute;t&eacute;rinaires et des experts di&eacute;t&eacute;tiques. Le produit est compos&eacute; d&rsquo;ingr&eacute;dients essentiels qui soutiennent le bon r&eacute;tablissement d&egrave;s le d&eacute;but. L&rsquo;emballage contient 3x150 ml.<\/p>","_fr_post_name":"nutribound-chat-3x150-ml","_fr_post_excerpt":"","_fr_post_title":"Nutribound chat 3x150 ml","_es_post_content":"<p>Nutribound es una soluci&oacute;n oral muy sabrosa y baja en calor&iacute;as para ayudar a la recuperaci&oacute;n del perro. Nutribound de Virbac, desarrollado en colaboraci&oacute;n con veterinarios y expertos en nutrici&oacute;n, est&aacute; compuesto por ingredientes esenciales que apoyan la recuperaci&oacute;n de las mascotas desde el principio. El envase contiene 3 x 150 ml.<br \/><br \/><\/p>","_es_post_name":"nutribound-gatos-3x150-ml","_es_post_excerpt":"","_es_post_title":"Nutribound gatos 3x150 ml","edit_language":"nl"},"product_brand":[],"product_cat":[1917,2014,1118,1871,1857,2066],"product_tag":[],"class_list":{"0":"post-118763","1":"product","2":"type-product","3":"status-publish","4":"has-post-thumbnail","6":"product_cat-easypill","7":"product_cat-immuunsysteem-weerstand","8":"product_cat-katten","9":"product_cat-medicijnen-supplementen","10":"product_cat-merken","11":"product_cat-nutribound","12":"pa_aandoening-maag_darmen","13":"pa_doeldier-kat","14":"pa_fabricatieland-frankrijk","15":"pa_merkfilter-nutribound","16":"pa_merkgroep-virbac","17":"pa_productsoort-voedingssupplement","18":"pa_seo_canonical_store_id-not_found_value","19":"pa_seo_category-not_found_value","20":"pa_seo_meta_robots-not_found_value","21":"pa_toedieningswijze-vloeistof","22":"pa_unit_pricing_base_measure-1ct","23":"pa_unit_pricing_measure-3ct","24":"pa_werkzamestof-overig","26":"first","27":"instock","28":"taxable","29":"shipping-taxable","30":"purchasable","31":"product-type-simple"},"yoast_head":"<!-- This site is optimized with the Yoast SEO plugin v27.5 - https:\/\/yoast.com\/product\/yoast-seo-wordpress\/ -->\n<title>Nutribound kat 3x150 ml - Pharmacy4pets<\/title>\n<meta name=\"robots\" content=\"index, follow, max-snippet:-1, max-image-preview:large, max-video-preview:-1\" \/>\n<link rel=\"canonical\" href=\"https:\/\/www.pharmacy4pets.nl\/nutribound-kat-3x150-ml\" \/>\n<meta property=\"og:locale\" content=\"nl_NL\" \/>\n<meta property=\"og:type\" content=\"article\" \/>\n<meta property=\"og:title\" content=\"Nutribound kat 3x150 ml - Pharmacy4pets\" \/>\n<meta property=\"og:description\" content=\"Nutribound is een zeer smakelijke, laagcalorische, vloeibare oplossing voor de ondersteuning van herstel bij de kat. Nutribound is ontwikkeld in samenwerking met dierenartsen en voedingsexperts en is samengesteld uit essenti\u00eble ingredi\u00ebnten die vanaf het begin het herstel bij gezelschapsdieren ondersteunen. De verpakking bevat 3 x 150 ml.\" \/>\n<meta property=\"og:url\" content=\"https:\/\/www.pharmacy4pets.nl\/nutribound-kat-3x150-ml\" \/>\n<meta property=\"og:site_name\" content=\"Pharmacy4pets\" \/>\n<meta property=\"article:publisher\" content=\"https:\/\/www.facebook.com\/people\/Pharmacy4petsnl\/100063484989896\/\" \/>\n<meta property=\"article:modified_time\" content=\"2026-04-14T08:03:11+00:00\" \/>\n<meta property=\"og:image\" content=\"https:\/\/www.pharmacy4pets.nl\/wp-content\/uploads\/2018\/03\/nutribound_cat_katze_kat_pharmacy4pets.jpg\" \/>\n\t<meta property=\"og:image:width\" content=\"270\" \/>\n\t<meta property=\"og:image:height\" content=\"317\" \/>\n\t<meta property=\"og:image:type\" content=\"image\/jpeg\" \/>\n<meta name=\"twitter:card\" content=\"summary_large_image\" \/>\n<script type=\"application\/ld+json\" class=\"yoast-schema-graph\">{\"@context\":\"https:\\\/\\\/schema.org\",\"@graph\":[{\"@type\":\"WebPage\",\"@id\":\"https:\\\/\\\/www.pharmacy4pets.nl\\\/nutribound-kat-3x150-ml\",\"url\":\"https:\\\/\\\/www.pharmacy4pets.nl\\\/nutribound-kat-3x150-ml\",\"name\":\"Nutribound kat 3x150 ml - Pharmacy4pets\",\"isPartOf\":{\"@id\":\"http:\\\/\\\/www.pharmacy4pets.nl\\\/#website\"},\"primaryImageOfPage\":{\"@id\":\"https:\\\/\\\/www.pharmacy4pets.nl\\\/nutribound-kat-3x150-ml#primaryimage\"},\"image\":{\"@id\":\"https:\\\/\\\/www.pharmacy4pets.nl\\\/nutribound-kat-3x150-ml#primaryimage\"},\"thumbnailUrl\":\"https:\\\/\\\/www.pharmacy4pets.nl\\\/wp-content\\\/uploads\\\/2018\\\/03\\\/nutribound_cat_katze_kat_pharmacy4pets.jpg\",\"datePublished\":\"2018-03-08T15:34:23+00:00\",\"dateModified\":\"2026-04-14T08:03:11+00:00\",\"breadcrumb\":{\"@id\":\"https:\\\/\\\/www.pharmacy4pets.nl\\\/nutribound-kat-3x150-ml#breadcrumb\"},\"inLanguage\":\"nl-NL\",\"potentialAction\":[{\"@type\":\"ReadAction\",\"target\":[\"https:\\\/\\\/www.pharmacy4pets.nl\\\/nutribound-kat-3x150-ml\"]}]},{\"@type\":\"ImageObject\",\"inLanguage\":\"nl-NL\",\"@id\":\"https:\\\/\\\/www.pharmacy4pets.nl\\\/nutribound-kat-3x150-ml#primaryimage\",\"url\":\"https:\\\/\\\/www.pharmacy4pets.nl\\\/wp-content\\\/uploads\\\/2018\\\/03\\\/nutribound_cat_katze_kat_pharmacy4pets.jpg\",\"contentUrl\":\"https:\\\/\\\/www.pharmacy4pets.nl\\\/wp-content\\\/uploads\\\/2018\\\/03\\\/nutribound_cat_katze_kat_pharmacy4pets.jpg\",\"width\":270,\"height\":317,\"caption\":\"Nutribound\"},{\"@type\":\"BreadcrumbList\",\"@id\":\"https:\\\/\\\/www.pharmacy4pets.nl\\\/nutribound-kat-3x150-ml#breadcrumb\",\"itemListElement\":[{\"@type\":\"ListItem\",\"position\":1,\"name\":\"Home\",\"item\":\"https:\\\/\\\/p4p-nl.bootmine.com\\\/\"},{\"@type\":\"ListItem\",\"position\":2,\"name\":\"Winkel\",\"item\":\"https:\\\/\\\/p4p-nl.bootmine.com\\\/winkel\"},{\"@type\":\"ListItem\",\"position\":3,\"name\":\"Nutribound kat 3&#215;150 ml\"}]},{\"@type\":\"WebSite\",\"@id\":\"http:\\\/\\\/www.pharmacy4pets.nl\\\/#website\",\"url\":\"http:\\\/\\\/www.pharmacy4pets.nl\\\/\",\"name\":\"Pharmacy4pets\",\"description\":\"Pharmacy4pets.nl is d\u00e9 online apotheek waar u terecht kunt voor alle diergeneesmiddelen, verzorgingsproducten en dieetvoeding voor uw huisdier.\",\"publisher\":{\"@id\":\"http:\\\/\\\/www.pharmacy4pets.nl\\\/#organization\"},\"potentialAction\":[{\"@type\":\"SearchAction\",\"target\":{\"@type\":\"EntryPoint\",\"urlTemplate\":\"http:\\\/\\\/www.pharmacy4pets.nl\\\/?s={search_term_string}\"},\"query-input\":{\"@type\":\"PropertyValueSpecification\",\"valueRequired\":true,\"valueName\":\"search_term_string\"}}],\"inLanguage\":\"nl-NL\"},{\"@type\":\"Organization\",\"@id\":\"http:\\\/\\\/www.pharmacy4pets.nl\\\/#organization\",\"name\":\"Pharmacy4pets\",\"url\":\"http:\\\/\\\/www.pharmacy4pets.nl\\\/\",\"logo\":{\"@type\":\"ImageObject\",\"inLanguage\":\"nl-NL\",\"@id\":\"http:\\\/\\\/www.pharmacy4pets.nl\\\/#\\\/schema\\\/logo\\\/image\\\/\",\"url\":\"https:\\\/\\\/p4p-nl.bootmine.com\\\/wp-content\\\/uploads\\\/2026\\\/03\\\/logo-pharmacy4pets.png\",\"contentUrl\":\"https:\\\/\\\/p4p-nl.bootmine.com\\\/wp-content\\\/uploads\\\/2026\\\/03\\\/logo-pharmacy4pets.png\",\"width\":1024,\"height\":135,\"caption\":\"Pharmacy4pets\"},\"image\":{\"@id\":\"http:\\\/\\\/www.pharmacy4pets.nl\\\/#\\\/schema\\\/logo\\\/image\\\/\"},\"sameAs\":[\"https:\\\/\\\/www.facebook.com\\\/people\\\/Pharmacy4petsnl\\\/100063484989896\\\/\",\"https:\\\/\\\/www.youtube.com\\\/channel\\\/UCGPTIgucgli03tP2_kvLkHg\\\/featured\",\"https:\\\/\\\/www.instagram.com\\\/pharmacy4pets.nl\"]}]}<\/script>\n<!-- \/ Yoast SEO plugin. -->","yoast_head_json":{"title":"Nutribound kat 3x150 ml - Pharmacy4pets","robots":{"index":"index","follow":"follow","max-snippet":"max-snippet:-1","max-image-preview":"max-image-preview:large","max-video-preview":"max-video-preview:-1"},"canonical":"https:\/\/www.pharmacy4pets.nl\/nutribound-kat-3x150-ml","og_locale":"nl_NL","og_type":"article","og_title":"Nutribound kat 3x150 ml - Pharmacy4pets","og_description":"Nutribound is een zeer smakelijke, laagcalorische, vloeibare oplossing voor de ondersteuning van herstel bij de kat. Nutribound is ontwikkeld in samenwerking met dierenartsen en voedingsexperts en is samengesteld uit essenti\u00eble ingredi\u00ebnten die vanaf het begin het herstel bij gezelschapsdieren ondersteunen. De verpakking bevat 3 x 150 ml.","og_url":"https:\/\/www.pharmacy4pets.nl\/nutribound-kat-3x150-ml","og_site_name":"Pharmacy4pets","article_publisher":"https:\/\/www.facebook.com\/people\/Pharmacy4petsnl\/100063484989896\/","article_modified_time":"2026-04-14T08:03:11+00:00","og_image":[{"width":270,"height":317,"url":"https:\/\/www.pharmacy4pets.nl\/wp-content\/uploads\/2018\/03\/nutribound_cat_katze_kat_pharmacy4pets.jpg","type":"image\/jpeg"}],"twitter_card":"summary_large_image","schema":{"@context":"https:\/\/schema.org","@graph":[{"@type":"WebPage","@id":"https:\/\/www.pharmacy4pets.nl\/nutribound-kat-3x150-ml","url":"https:\/\/www.pharmacy4pets.nl\/nutribound-kat-3x150-ml","name":"Nutribound kat 3x150 ml - Pharmacy4pets","isPartOf":{"@id":"http:\/\/www.pharmacy4pets.nl\/#website"},"primaryImageOfPage":{"@id":"https:\/\/www.pharmacy4pets.nl\/nutribound-kat-3x150-ml#primaryimage"},"image":{"@id":"https:\/\/www.pharmacy4pets.nl\/nutribound-kat-3x150-ml#primaryimage"},"thumbnailUrl":"https:\/\/www.pharmacy4pets.nl\/wp-content\/uploads\/2018\/03\/nutribound_cat_katze_kat_pharmacy4pets.jpg","datePublished":"2018-03-08T15:34:23+00:00","dateModified":"2026-04-14T08:03:11+00:00","breadcrumb":{"@id":"https:\/\/www.pharmacy4pets.nl\/nutribound-kat-3x150-ml#breadcrumb"},"inLanguage":"nl-NL","potentialAction":[{"@type":"ReadAction","target":["https:\/\/www.pharmacy4pets.nl\/nutribound-kat-3x150-ml"]}]},{"@type":"ImageObject","inLanguage":"nl-NL","@id":"https:\/\/www.pharmacy4pets.nl\/nutribound-kat-3x150-ml#primaryimage","url":"https:\/\/www.pharmacy4pets.nl\/wp-content\/uploads\/2018\/03\/nutribound_cat_katze_kat_pharmacy4pets.jpg","contentUrl":"https:\/\/www.pharmacy4pets.nl\/wp-content\/uploads\/2018\/03\/nutribound_cat_katze_kat_pharmacy4pets.jpg","width":270,"height":317,"caption":"Nutribound"},{"@type":"BreadcrumbList","@id":"https:\/\/www.pharmacy4pets.nl\/nutribound-kat-3x150-ml#breadcrumb","itemListElement":[{"@type":"ListItem","position":1,"name":"Home","item":"https:\/\/p4p-nl.bootmine.com\/"},{"@type":"ListItem","position":2,"name":"Winkel","item":"https:\/\/p4p-nl.bootmine.com\/winkel"},{"@type":"ListItem","position":3,"name":"Nutribound kat 3&#215;150 ml"}]},{"@type":"WebSite","@id":"http:\/\/www.pharmacy4pets.nl\/#website","url":"http:\/\/www.pharmacy4pets.nl\/","name":"Pharmacy4pets","description":"Pharmacy4pets.nl is d\u00e9 online apotheek waar u terecht kunt voor alle diergeneesmiddelen, verzorgingsproducten en dieetvoeding voor uw huisdier.","publisher":{"@id":"http:\/\/www.pharmacy4pets.nl\/#organization"},"potentialAction":[{"@type":"SearchAction","target":{"@type":"EntryPoint","urlTemplate":"http:\/\/www.pharmacy4pets.nl\/?s={search_term_string}"},"query-input":{"@type":"PropertyValueSpecification","valueRequired":true,"valueName":"search_term_string"}}],"inLanguage":"nl-NL"},{"@type":"Organization","@id":"http:\/\/www.pharmacy4pets.nl\/#organization","name":"Pharmacy4pets","url":"http:\/\/www.pharmacy4pets.nl\/","logo":{"@type":"ImageObject","inLanguage":"nl-NL","@id":"http:\/\/www.pharmacy4pets.nl\/#\/schema\/logo\/image\/","url":"https:\/\/p4p-nl.bootmine.com\/wp-content\/uploads\/2026\/03\/logo-pharmacy4pets.png","contentUrl":"https:\/\/p4p-nl.bootmine.com\/wp-content\/uploads\/2026\/03\/logo-pharmacy4pets.png","width":1024,"height":135,"caption":"Pharmacy4pets"},"image":{"@id":"http:\/\/www.pharmacy4pets.nl\/#\/schema\/logo\/image\/"},"sameAs":["https:\/\/www.facebook.com\/people\/Pharmacy4petsnl\/100063484989896\/","https:\/\/www.youtube.com\/channel\/UCGPTIgucgli03tP2_kvLkHg\/featured","https:\/\/www.instagram.com\/pharmacy4pets.nl"]}]}},"market_data":{"nl":{"price":0,"sale_price":0,"active":false,"url":null,"parent_url":"","tax_rate":0,"price_inc_tax":0,"sale_price_inc_tax":0},"de":{"price":0,"sale_price":0,"active":false,"url":null,"parent_url":"","tax_rate":0,"price_inc_tax":0,"sale_price_inc_tax":0},"be":{"price":0,"sale_price":0,"active":false,"url":null,"parent_url":"","tax_rate":0,"price_inc_tax":0,"sale_price_inc_tax":0},"fr":{"price":0,"sale_price":0,"active":false,"url":null,"parent_url":"","tax_rate":0,"price_inc_tax":0,"sale_price_inc_tax":0},"ch":{"price":0,"sale_price":0,"active":false,"url":null,"parent_url":"","tax_rate":0,"price_inc_tax":0,"sale_price_inc_tax":0},"at":{"price":0,"sale_price":0,"active":false,"url":null,"parent_url":"","tax_rate":0,"price_inc_tax":0,"sale_price_inc_tax":0},"es":{"price":0,"sale_price":0,"active":false,"url":null,"parent_url":"","tax_rate":0,"price_inc_tax":0,"sale_price_inc_tax":0},"dk":{"price":0,"sale_price":0,"active":false,"url":null,"parent_url":"","tax_rate":0,"price_inc_tax":0,"sale_price_inc_tax":0},"com":{"price":0,"sale_price":0,"active":false,"url":null,"parent_url":"","tax_rate":0,"price_inc_tax":0,"sale_price_inc_tax":0}},"market_nl_price":0,"market_nl_sale_price":0,"market_nl_active":false,"market_nl_url":null,"market_nl_parent_url":"","market_nl_tax_rate":0,"market_nl_price_inc_tax":0,"market_nl_sale_price_inc_tax":0,"market_de_price":0,"market_de_sale_price":0,"market_de_active":false,"market_de_url":null,"market_de_parent_url":"","market_de_tax_rate":0,"market_de_price_inc_tax":0,"market_de_sale_price_inc_tax":0,"market_be_price":0,"market_be_sale_price":0,"market_be_active":false,"market_be_url":null,"market_be_parent_url":"","market_be_tax_rate":0,"market_be_price_inc_tax":0,"market_be_sale_price_inc_tax":0,"market_fr_price":0,"market_fr_sale_price":0,"market_fr_active":false,"market_fr_url":null,"market_fr_parent_url":"","market_fr_tax_rate":0,"market_fr_price_inc_tax":0,"market_fr_sale_price_inc_tax":0,"market_ch_price":0,"market_ch_sale_price":0,"market_ch_active":false,"market_ch_url":null,"market_ch_parent_url":"","market_ch_tax_rate":0,"market_ch_price_inc_tax":0,"market_ch_sale_price_inc_tax":0,"market_at_price":0,"market_at_sale_price":0,"market_at_active":false,"market_at_url":null,"market_at_parent_url":"","market_at_tax_rate":0,"market_at_price_inc_tax":0,"market_at_sale_price_inc_tax":0,"market_es_price":0,"market_es_sale_price":0,"market_es_active":false,"market_es_url":null,"market_es_parent_url":"","market_es_tax_rate":0,"market_es_price_inc_tax":0,"market_es_sale_price_inc_tax":0,"market_dk_price":0,"market_dk_sale_price":0,"market_dk_active":false,"market_dk_url":null,"market_dk_parent_url":"","market_dk_tax_rate":0,"market_dk_price_inc_tax":0,"market_dk_sale_price_inc_tax":0,"market_com_price":0,"market_com_sale_price":0,"market_com_active":false,"market_com_url":null,"market_com_parent_url":"","market_com_tax_rate":0,"market_com_price_inc_tax":0,"market_com_sale_price_inc_tax":0,"acf":[],"_links":{"self":[{"href":"https:\/\/www.pharmacy4pets.nl\/be\/wp-json\/wp\/v2\/product\/118763","targetHints":{"allow":["GET"]}}],"collection":[{"href":"https:\/\/www.pharmacy4pets.nl\/be\/wp-json\/wp\/v2\/product"}],"about":[{"href":"https:\/\/www.pharmacy4pets.nl\/be\/wp-json\/wp\/v2\/types\/product"}],"replies":[{"embeddable":true,"href":"https:\/\/www.pharmacy4pets.nl\/be\/wp-json\/wp\/v2\/comments?post=118763"}],"wp:featuredmedia":[{"embeddable":true,"href":"https:\/\/www.pharmacy4pets.nl\/be\/wp-json\/wp\/v2\/media\/118762"}],"wp:attachment":[{"href":"https:\/\/www.pharmacy4pets.nl\/be\/wp-json\/wp\/v2\/media?parent=118763"}],"wp:term":[{"taxonomy":"product_brand","embeddable":true,"href":"https:\/\/www.pharmacy4pets.nl\/be\/wp-json\/wp\/v2\/product_brand?post=118763"},{"taxonomy":"product_cat","embeddable":true,"href":"https:\/\/www.pharmacy4pets.nl\/be\/wp-json\/wp\/v2\/product_cat?post=118763"},{"taxonomy":"product_tag","embeddable":true,"href":"https:\/\/www.pharmacy4pets.nl\/be\/wp-json\/wp\/v2\/product_tag?post=118763"}],"curies":[{"name":"wp","href":"https:\/\/api.w.org\/{rel}","templated":true}]}}