{"id":118751,"date":"2017-11-06T13:03:35","date_gmt":"2017-11-06T13:03:35","guid":{"rendered":"https:\/\/p4p.test\/sebolytic-shampoo-250-ml"},"modified":"2026-04-14T08:03:09","modified_gmt":"2026-04-14T08:03:09","slug":"sebolytic-shampoo-250-ml","status":"publish","type":"product","link":"https:\/\/www.pharmacy4pets.nl\/be\/sebolytic-shampoo-250-ml","title":{"rendered":"Sebolytic shampoo 250 ml"},"content":{"rendered":"<p>Sebolytic shampoo is een unieke reinigende shampoo die de verwijdering van schilfers, korsten en overmatige talg van de huid van hond en kat bevordert. Het ondersteunt de regulatie van de talgproductie en de huidgeur.<\/p>\n<p>Verbetering van vacht en huid balans:<br \/>&#8211; verwijdert overtollige talg en schilfers<br \/>&#8211; neutraliseert onaangename luchtjes<\/p>\n<p>Verbeterde huidvitaliteit met SIS (Skin Innovative Science):<br \/>&#8211; preventie van aanhechting van micro-organismen (Glycotechnologie)<br \/>&#8211; stimulatie van de natuurlijke afweer van de huid (Defensine technologie)<\/p>\n<p><span style=\"text-decoration: underline;\">Toediening:<\/span><br \/>Maak de vacht goed nat met lauwwarm water. Masseer de shampoo goed in de natte vacht en op de huid. Spoel uit en herhaal de behandeling. Laat bij de tweede wassing de shampoo 5-10 minuten inwerken en spoel daarna grondig uit.<\/p>\n<p><span style=\"text-decoration: underline;\">Dosering:<\/span><br \/>Gebruik 2-3 maal per week gedurende 3 weken of volgens advies van de dierenarts.<\/p>\n","protected":false},"excerpt":{"rendered":"<p>Sebolytic shampoo is een unieke reinigende shampoo die de verwijdering van schilfers, korsten en overmatige talg van de huid van hond en kat bevordert. Het ondersteunt de regulatie van de talgproductie en de huidgeur. Verbetering van vacht en huid balans:&#8211; verwijdert overtollige talg en schilfers&#8211; neutraliseert onaangename luchtjes Verbeterde huidvitaliteit met SIS (Skin Innovative Science):&#8211; [&hellip;]<\/p>\n","protected":false},"featured_media":118750,"comment_status":"open","ping_status":"closed","template":"","meta":{"_acf_changed":false,"_nl_post_content":"<p>Sebolytic shampoo is een unieke reinigende shampoo die de verwijdering van schilfers, korsten en overmatige talg van de huid van hond en kat bevordert. Het ondersteunt de regulatie van de talgproductie en de huidgeur.<br \/><br \/>Verbetering van vacht en huid balans:<br \/>- verwijdert overtollige talg en schilfers<br \/>- neutraliseert onaangename luchtjes<br \/><br \/>Verbeterde huidvitaliteit met SIS (Skin Innovative Science):<br \/>- preventie van aanhechting van micro-organismen (Glycotechnologie)<br \/>- stimulatie van de natuurlijke afweer van de huid (Defensine technologie)<\/p>\r\n<p><span style=\"text-decoration: underline;\">Toediening:<\/span><br \/>Maak de vacht goed nat met lauwwarm water. Masseer de shampoo goed in de natte vacht en op de huid. Spoel uit en herhaal de behandeling. Laat bij de tweede wassing de shampoo 5-10 minuten inwerken en spoel daarna grondig uit.<\/p>\r\n<p><span style=\"text-decoration: underline;\">Dosering:<\/span><br \/>Gebruik 2-3 maal per week gedurende 3 weken of volgens advies van de dierenarts.<\/p>","_nl_post_name":"sebolytic-shampoo-250-ml","_nl_post_excerpt":"","_nl_post_title":"Sebolytic shampoo 250 ml","_en_post_content":"<p>Sebolytic shampoo is a unique cleansing shampoo that promotes the removal of flakes, crusts and excessive sebum from the dog and cat's skin. It supports the regulation of the sebum production and skin odor.<br \/><br \/>Improvement of fur and skin balance:<br \/>- removes excess sebum and flakes<br \/>- neutralizes unpleasant odors<br \/><br \/>Improved skin vitality with SIS (Skin Innovative Science):<br \/>- prevention of microorganism attachment (Glycotechnology)<br \/>- stimulation of the skin's natural skinning (Defensin technology)<br \/><br \/><span style=\"text-decoration: underline;\">Administration:<\/span><br \/>Wet the fur well with lukewarm water. Massage the shampoo well in the wet fur and on the skin. Rinse out and repeat the treatment. At the second wash, allow the shampoo to work for 5-10 minutes and then rinse thoroughly.<br \/><br \/><span style=\"text-decoration: underline;\">Dosage:<\/span><br \/>Use 2-3 times a week for 3 weeks or as recommended by the vet.<\/p>","_en_post_name":"sebolytic-shampoo-250-ml","_en_post_excerpt":"","_en_post_title":"Sebolytic shampoo 250 ml","_de_post_content":"<p>Sebolytic Shampoo entfernt \u00fcbersch\u00fcssigen Talg und Schuppen und neutralisiert unangenehme Ger\u00fcche. Verbesserte Hautvitalit\u00e4t mit Skin innovative ScienceTechnologie (SIS).<\/p>\r\n<p><span style=\"text-decoration: underline;\">Anwendung:<\/span><br \/>1. Haut und Fell mit warmem Wasser nass machen<br \/>2. Shampoo auftragen<br \/>3. Einmassieren und aussp\u00fclen, wiederholen, dabei 5 bis 10 Minuten einwirken lassen<br \/>4. Gr\u00fcndlich mit klarem Wasser sp\u00fclen<\/p>\r\n<p><span style=\"text-decoration: underline;\">Dosierung:<\/span><br \/>Sie k\u00f6nnen zwei- bis dreimal w\u00f6chentlich shampoonieren oder so h\u00e4ufig, wie es Ihr Tierarzt empfiehlt.<\/p>","_de_post_name":"sebolytic-shampoo-250-ml","_de_post_excerpt":"","_de_post_title":"Sebolytic Shampoo 250 ml","_fr_post_content":"<p>Sebolytic shampoo is een unieke reinigende shampoo die de verwijdering van schilfers, korsten en overmatige talg van de huid van hond en kat bevordert. Het ondersteunt de regulatie van de talgproductie en de huidgeur.<br \/><br \/>Verbetering van vacht en huid balans:<br \/>- verwijdert overtollige talg en schilfers<br \/>- neutraliseert onaangename luchtjes<br \/><br \/>Verbeterde huidvitaliteit met SIS (Skin Innovative Science):<br \/>- preventie van aanhechting van micro-organismen (Glycotechnologie)<br \/>- stimulatie van de natuurlijke afweer van de huid (Defensine technologie)<\/p>\r\n<p><span style=\"text-decoration: underline;\">Toediening:<\/span><br \/>Maak de vacht goed nat met lauwwarm water. Masseer de shampoo goed in de natte vacht en op de huid. Spoel uit en herhaal de behandeling. Laat bij de tweede wassing de shampoo 5-10 minuten inwerken en spoel daarna grondig uit.<\/p>\r\n<p><span style=\"text-decoration: underline;\">Dosering:<\/span><br \/>Gebruik 2-3 maal per week gedurende 3 weken of volgens advies van de dierenarts.<\/p>","_fr_post_name":"sebolytic-shampoo-250-ml","_fr_post_excerpt":"","_fr_post_title":"Sebolytic shampoo 250 ml","_es_post_content":"<p>Sebolytic shampoo is een unieke reinigende shampoo die de verwijdering van schilfers, korsten en overmatige talg van de huid van hond en kat bevordert. Het ondersteunt de regulatie van de talgproductie en de huidgeur.<br \/><br \/>Verbetering van vacht en huid balans:<br \/>- verwijdert overtollige talg en schilfers<br \/>- neutraliseert onaangename luchtjes<br \/><br \/>Verbeterde huidvitaliteit met SIS (Skin Innovative Science):<br \/>- preventie van aanhechting van micro-organismen (Glycotechnologie)<br \/>- stimulatie van de natuurlijke afweer van de huid (Defensine technologie)<\/p>\r\n<p><span style=\"text-decoration: underline;\">Toediening:<\/span><br \/>Maak de vacht goed nat met lauwwarm water. Masseer de shampoo goed in de natte vacht en op de huid. Spoel uit en herhaal de behandeling. Laat bij de tweede wassing de shampoo 5-10 minuten inwerken en spoel daarna grondig uit.<\/p>\r\n<p><span style=\"text-decoration: underline;\">Dosering:<\/span><br \/>Gebruik 2-3 maal per week gedurende 3 weken of volgens advies van de dierenarts.<\/p>","_es_post_name":"sebolytic-shampoo-250-ml","_es_post_excerpt":"","_es_post_title":"Sebolytic shampoo 250 ml","edit_language":"nl"},"product_brand":[],"product_cat":[1861,1117,1857,2086,2125,1863],"product_tag":[],"class_list":{"0":"post-118751","1":"product","2":"type-product","3":"status-publish","4":"has-post-thumbnail","6":"product_cat-benodigdheden","7":"product_cat-honden","8":"product_cat-merken","9":"product_cat-sebolytic","10":"product_cat-shampoos-en-conditioners","11":"product_cat-verzorging","12":"pa_aandoening-huid_vacht","13":"pa_doeldier-hond","14":"pa_doeldier-kat","15":"pa_fabricatieland-frankrijk","16":"pa_merkfilter-sebolytic","17":"pa_merkgroep-virbac","18":"pa_productsoort-overig","19":"pa_toedieningswijze-shampoo","20":"pa_unit_pricing_base_measure-100ml","21":"pa_unit_pricing_measure-250ml","22":"pa_werkzamestof-overig","24":"first","25":"instock","26":"taxable","27":"shipping-taxable","28":"purchasable","29":"product-type-simple"},"yoast_head":"<!-- This site is optimized with the Yoast SEO plugin v27.5 - https:\/\/yoast.com\/product\/yoast-seo-wordpress\/ -->\n<title>Sebolytic shampoo 250 ml - Pharmacy4pets<\/title>\n<meta name=\"robots\" content=\"index, follow, max-snippet:-1, max-image-preview:large, max-video-preview:-1\" \/>\n<link rel=\"canonical\" href=\"https:\/\/p4p-nl.bootmine.com\/%product-slug%\/sebolytic-shampoo-250-ml\" \/>\n<meta property=\"og:locale\" content=\"nl_NL\" \/>\n<meta property=\"og:type\" content=\"article\" \/>\n<meta property=\"og:title\" content=\"Sebolytic shampoo 250 ml - Pharmacy4pets\" \/>\n<meta property=\"og:description\" content=\"Sebolytic shampoo is een unieke reinigende shampoo die de verwijdering van schilfers, korsten en overmatige talg van de huid van hond en kat bevordert. Het ondersteunt de regulatie van de talgproductie en de huidgeur. Verbetering van vacht en huid balans:&#8211; verwijdert overtollige talg en schilfers&#8211; neutraliseert onaangename luchtjes Verbeterde huidvitaliteit met SIS (Skin Innovative Science):&#8211; [&hellip;]\" \/>\n<meta property=\"og:url\" content=\"https:\/\/p4p-nl.bootmine.com\/%product-slug%\/sebolytic-shampoo-250-ml\" \/>\n<meta property=\"og:site_name\" content=\"Pharmacy4pets\" \/>\n<meta property=\"article:publisher\" content=\"https:\/\/www.facebook.com\/people\/Pharmacy4petsnl\/100063484989896\/\" \/>\n<meta property=\"article:modified_time\" content=\"2026-04-14T08:03:09+00:00\" \/>\n<meta property=\"og:image\" content=\"https:\/\/p4p-nl.bootmine.com\/wp-content\/uploads\/2017\/11\/26490_1.jpg\" \/>\n\t<meta property=\"og:image:width\" content=\"600\" \/>\n\t<meta property=\"og:image:height\" content=\"600\" \/>\n\t<meta property=\"og:image:type\" content=\"image\/jpeg\" \/>\n<meta name=\"twitter:card\" content=\"summary_large_image\" \/>\n<meta name=\"twitter:label1\" content=\"Geschatte leestijd\" \/>\n\t<meta name=\"twitter:data1\" content=\"1 minuut\" \/>\n<script type=\"application\/ld+json\" class=\"yoast-schema-graph\">{\"@context\":\"https:\\\/\\\/schema.org\",\"@graph\":[{\"@type\":\"WebPage\",\"@id\":\"https:\\\/\\\/p4p-nl.bootmine.com\\\/%product-slug%\\\/sebolytic-shampoo-250-ml\",\"url\":\"https:\\\/\\\/p4p-nl.bootmine.com\\\/%product-slug%\\\/sebolytic-shampoo-250-ml\",\"name\":\"Sebolytic shampoo 250 ml - Pharmacy4pets\",\"isPartOf\":{\"@id\":\"http:\\\/\\\/www.pharmacy4pets.nl\\\/#website\"},\"primaryImageOfPage\":{\"@id\":\"https:\\\/\\\/p4p-nl.bootmine.com\\\/%product-slug%\\\/sebolytic-shampoo-250-ml#primaryimage\"},\"image\":{\"@id\":\"https:\\\/\\\/p4p-nl.bootmine.com\\\/%product-slug%\\\/sebolytic-shampoo-250-ml#primaryimage\"},\"thumbnailUrl\":\"https:\\\/\\\/www.pharmacy4pets.nl\\\/wp-content\\\/uploads\\\/2017\\\/11\\\/26490_1.jpg\",\"datePublished\":\"2017-11-06T13:03:35+00:00\",\"dateModified\":\"2026-04-14T08:03:09+00:00\",\"breadcrumb\":{\"@id\":\"https:\\\/\\\/p4p-nl.bootmine.com\\\/%product-slug%\\\/sebolytic-shampoo-250-ml#breadcrumb\"},\"inLanguage\":\"nl-NL\",\"potentialAction\":[{\"@type\":\"ReadAction\",\"target\":[\"https:\\\/\\\/p4p-nl.bootmine.com\\\/%product-slug%\\\/sebolytic-shampoo-250-ml\"]}]},{\"@type\":\"ImageObject\",\"inLanguage\":\"nl-NL\",\"@id\":\"https:\\\/\\\/p4p-nl.bootmine.com\\\/%product-slug%\\\/sebolytic-shampoo-250-ml#primaryimage\",\"url\":\"https:\\\/\\\/www.pharmacy4pets.nl\\\/wp-content\\\/uploads\\\/2017\\\/11\\\/26490_1.jpg\",\"contentUrl\":\"https:\\\/\\\/www.pharmacy4pets.nl\\\/wp-content\\\/uploads\\\/2017\\\/11\\\/26490_1.jpg\",\"width\":600,\"height\":600,\"caption\":\"Sebolitic\"},{\"@type\":\"BreadcrumbList\",\"@id\":\"https:\\\/\\\/p4p-nl.bootmine.com\\\/%product-slug%\\\/sebolytic-shampoo-250-ml#breadcrumb\",\"itemListElement\":[{\"@type\":\"ListItem\",\"position\":1,\"name\":\"Home\",\"item\":\"https:\\\/\\\/p4p-nl.bootmine.com\\\/\"},{\"@type\":\"ListItem\",\"position\":2,\"name\":\"Winkel\",\"item\":\"https:\\\/\\\/p4p-nl.bootmine.com\\\/winkel\"},{\"@type\":\"ListItem\",\"position\":3,\"name\":\"Sebolytic shampoo 250 ml\"}]},{\"@type\":\"WebSite\",\"@id\":\"http:\\\/\\\/www.pharmacy4pets.nl\\\/#website\",\"url\":\"http:\\\/\\\/www.pharmacy4pets.nl\\\/\",\"name\":\"Pharmacy4pets\",\"description\":\"Pharmacy4pets.nl is d\u00e9 online apotheek waar u terecht kunt voor alle diergeneesmiddelen, verzorgingsproducten en dieetvoeding voor uw huisdier.\",\"publisher\":{\"@id\":\"http:\\\/\\\/www.pharmacy4pets.nl\\\/#organization\"},\"potentialAction\":[{\"@type\":\"SearchAction\",\"target\":{\"@type\":\"EntryPoint\",\"urlTemplate\":\"http:\\\/\\\/www.pharmacy4pets.nl\\\/?s={search_term_string}\"},\"query-input\":{\"@type\":\"PropertyValueSpecification\",\"valueRequired\":true,\"valueName\":\"search_term_string\"}}],\"inLanguage\":\"nl-NL\"},{\"@type\":\"Organization\",\"@id\":\"http:\\\/\\\/www.pharmacy4pets.nl\\\/#organization\",\"name\":\"Pharmacy4pets\",\"url\":\"http:\\\/\\\/www.pharmacy4pets.nl\\\/\",\"logo\":{\"@type\":\"ImageObject\",\"inLanguage\":\"nl-NL\",\"@id\":\"http:\\\/\\\/www.pharmacy4pets.nl\\\/#\\\/schema\\\/logo\\\/image\\\/\",\"url\":\"https:\\\/\\\/p4p-nl.bootmine.com\\\/wp-content\\\/uploads\\\/2026\\\/03\\\/logo-pharmacy4pets.png\",\"contentUrl\":\"https:\\\/\\\/p4p-nl.bootmine.com\\\/wp-content\\\/uploads\\\/2026\\\/03\\\/logo-pharmacy4pets.png\",\"width\":1024,\"height\":135,\"caption\":\"Pharmacy4pets\"},\"image\":{\"@id\":\"http:\\\/\\\/www.pharmacy4pets.nl\\\/#\\\/schema\\\/logo\\\/image\\\/\"},\"sameAs\":[\"https:\\\/\\\/www.facebook.com\\\/people\\\/Pharmacy4petsnl\\\/100063484989896\\\/\",\"https:\\\/\\\/www.youtube.com\\\/channel\\\/UCGPTIgucgli03tP2_kvLkHg\\\/featured\",\"https:\\\/\\\/www.instagram.com\\\/pharmacy4pets.nl\"]}]}<\/script>\n<!-- \/ Yoast SEO plugin. -->","yoast_head_json":{"title":"Sebolytic shampoo 250 ml - Pharmacy4pets","robots":{"index":"index","follow":"follow","max-snippet":"max-snippet:-1","max-image-preview":"max-image-preview:large","max-video-preview":"max-video-preview:-1"},"canonical":"https:\/\/p4p-nl.bootmine.com\/%product-slug%\/sebolytic-shampoo-250-ml","og_locale":"nl_NL","og_type":"article","og_title":"Sebolytic shampoo 250 ml - Pharmacy4pets","og_description":"Sebolytic shampoo is een unieke reinigende shampoo die de verwijdering van schilfers, korsten en overmatige talg van de huid van hond en kat bevordert. Het ondersteunt de regulatie van de talgproductie en de huidgeur. Verbetering van vacht en huid balans:&#8211; verwijdert overtollige talg en schilfers&#8211; neutraliseert onaangename luchtjes Verbeterde huidvitaliteit met SIS (Skin Innovative Science):&#8211; [&hellip;]","og_url":"https:\/\/p4p-nl.bootmine.com\/%product-slug%\/sebolytic-shampoo-250-ml","og_site_name":"Pharmacy4pets","article_publisher":"https:\/\/www.facebook.com\/people\/Pharmacy4petsnl\/100063484989896\/","article_modified_time":"2026-04-14T08:03:09+00:00","og_image":[{"width":600,"height":600,"url":"https:\/\/p4p-nl.bootmine.com\/wp-content\/uploads\/2017\/11\/26490_1.jpg","type":"image\/jpeg"}],"twitter_card":"summary_large_image","twitter_misc":{"Geschatte leestijd":"1 minuut"},"schema":{"@context":"https:\/\/schema.org","@graph":[{"@type":"WebPage","@id":"https:\/\/p4p-nl.bootmine.com\/%product-slug%\/sebolytic-shampoo-250-ml","url":"https:\/\/p4p-nl.bootmine.com\/%product-slug%\/sebolytic-shampoo-250-ml","name":"Sebolytic shampoo 250 ml - Pharmacy4pets","isPartOf":{"@id":"http:\/\/www.pharmacy4pets.nl\/#website"},"primaryImageOfPage":{"@id":"https:\/\/p4p-nl.bootmine.com\/%product-slug%\/sebolytic-shampoo-250-ml#primaryimage"},"image":{"@id":"https:\/\/p4p-nl.bootmine.com\/%product-slug%\/sebolytic-shampoo-250-ml#primaryimage"},"thumbnailUrl":"https:\/\/www.pharmacy4pets.nl\/wp-content\/uploads\/2017\/11\/26490_1.jpg","datePublished":"2017-11-06T13:03:35+00:00","dateModified":"2026-04-14T08:03:09+00:00","breadcrumb":{"@id":"https:\/\/p4p-nl.bootmine.com\/%product-slug%\/sebolytic-shampoo-250-ml#breadcrumb"},"inLanguage":"nl-NL","potentialAction":[{"@type":"ReadAction","target":["https:\/\/p4p-nl.bootmine.com\/%product-slug%\/sebolytic-shampoo-250-ml"]}]},{"@type":"ImageObject","inLanguage":"nl-NL","@id":"https:\/\/p4p-nl.bootmine.com\/%product-slug%\/sebolytic-shampoo-250-ml#primaryimage","url":"https:\/\/www.pharmacy4pets.nl\/wp-content\/uploads\/2017\/11\/26490_1.jpg","contentUrl":"https:\/\/www.pharmacy4pets.nl\/wp-content\/uploads\/2017\/11\/26490_1.jpg","width":600,"height":600,"caption":"Sebolitic"},{"@type":"BreadcrumbList","@id":"https:\/\/p4p-nl.bootmine.com\/%product-slug%\/sebolytic-shampoo-250-ml#breadcrumb","itemListElement":[{"@type":"ListItem","position":1,"name":"Home","item":"https:\/\/p4p-nl.bootmine.com\/"},{"@type":"ListItem","position":2,"name":"Winkel","item":"https:\/\/p4p-nl.bootmine.com\/winkel"},{"@type":"ListItem","position":3,"name":"Sebolytic shampoo 250 ml"}]},{"@type":"WebSite","@id":"http:\/\/www.pharmacy4pets.nl\/#website","url":"http:\/\/www.pharmacy4pets.nl\/","name":"Pharmacy4pets","description":"Pharmacy4pets.nl is d\u00e9 online apotheek waar u terecht kunt voor alle diergeneesmiddelen, verzorgingsproducten en dieetvoeding voor uw huisdier.","publisher":{"@id":"http:\/\/www.pharmacy4pets.nl\/#organization"},"potentialAction":[{"@type":"SearchAction","target":{"@type":"EntryPoint","urlTemplate":"http:\/\/www.pharmacy4pets.nl\/?s={search_term_string}"},"query-input":{"@type":"PropertyValueSpecification","valueRequired":true,"valueName":"search_term_string"}}],"inLanguage":"nl-NL"},{"@type":"Organization","@id":"http:\/\/www.pharmacy4pets.nl\/#organization","name":"Pharmacy4pets","url":"http:\/\/www.pharmacy4pets.nl\/","logo":{"@type":"ImageObject","inLanguage":"nl-NL","@id":"http:\/\/www.pharmacy4pets.nl\/#\/schema\/logo\/image\/","url":"https:\/\/p4p-nl.bootmine.com\/wp-content\/uploads\/2026\/03\/logo-pharmacy4pets.png","contentUrl":"https:\/\/p4p-nl.bootmine.com\/wp-content\/uploads\/2026\/03\/logo-pharmacy4pets.png","width":1024,"height":135,"caption":"Pharmacy4pets"},"image":{"@id":"http:\/\/www.pharmacy4pets.nl\/#\/schema\/logo\/image\/"},"sameAs":["https:\/\/www.facebook.com\/people\/Pharmacy4petsnl\/100063484989896\/","https:\/\/www.youtube.com\/channel\/UCGPTIgucgli03tP2_kvLkHg\/featured","https:\/\/www.instagram.com\/pharmacy4pets.nl"]}]}},"market_data":{"nl":{"price":0,"sale_price":0,"active":false,"url":null,"parent_url":"","tax_rate":0,"price_inc_tax":0,"sale_price_inc_tax":0},"de":{"price":0,"sale_price":0,"active":false,"url":null,"parent_url":"","tax_rate":0,"price_inc_tax":0,"sale_price_inc_tax":0},"be":{"price":0,"sale_price":0,"active":false,"url":null,"parent_url":"","tax_rate":0,"price_inc_tax":0,"sale_price_inc_tax":0},"fr":{"price":0,"sale_price":0,"active":false,"url":null,"parent_url":"","tax_rate":0,"price_inc_tax":0,"sale_price_inc_tax":0},"ch":{"price":0,"sale_price":0,"active":false,"url":null,"parent_url":"","tax_rate":0,"price_inc_tax":0,"sale_price_inc_tax":0},"at":{"price":0,"sale_price":0,"active":false,"url":null,"parent_url":"","tax_rate":0,"price_inc_tax":0,"sale_price_inc_tax":0},"es":{"price":0,"sale_price":0,"active":false,"url":null,"parent_url":"","tax_rate":0,"price_inc_tax":0,"sale_price_inc_tax":0},"dk":{"price":0,"sale_price":0,"active":false,"url":null,"parent_url":"","tax_rate":0,"price_inc_tax":0,"sale_price_inc_tax":0},"com":{"price":0,"sale_price":0,"active":false,"url":null,"parent_url":"","tax_rate":0,"price_inc_tax":0,"sale_price_inc_tax":0}},"market_nl_price":0,"market_nl_sale_price":0,"market_nl_active":false,"market_nl_url":null,"market_nl_parent_url":"","market_nl_tax_rate":0,"market_nl_price_inc_tax":0,"market_nl_sale_price_inc_tax":0,"market_de_price":0,"market_de_sale_price":0,"market_de_active":false,"market_de_url":null,"market_de_parent_url":"","market_de_tax_rate":0,"market_de_price_inc_tax":0,"market_de_sale_price_inc_tax":0,"market_be_price":0,"market_be_sale_price":0,"market_be_active":false,"market_be_url":null,"market_be_parent_url":"","market_be_tax_rate":0,"market_be_price_inc_tax":0,"market_be_sale_price_inc_tax":0,"market_fr_price":0,"market_fr_sale_price":0,"market_fr_active":false,"market_fr_url":null,"market_fr_parent_url":"","market_fr_tax_rate":0,"market_fr_price_inc_tax":0,"market_fr_sale_price_inc_tax":0,"market_ch_price":0,"market_ch_sale_price":0,"market_ch_active":false,"market_ch_url":null,"market_ch_parent_url":"","market_ch_tax_rate":0,"market_ch_price_inc_tax":0,"market_ch_sale_price_inc_tax":0,"market_at_price":0,"market_at_sale_price":0,"market_at_active":false,"market_at_url":null,"market_at_parent_url":"","market_at_tax_rate":0,"market_at_price_inc_tax":0,"market_at_sale_price_inc_tax":0,"market_es_price":0,"market_es_sale_price":0,"market_es_active":false,"market_es_url":null,"market_es_parent_url":"","market_es_tax_rate":0,"market_es_price_inc_tax":0,"market_es_sale_price_inc_tax":0,"market_dk_price":0,"market_dk_sale_price":0,"market_dk_active":false,"market_dk_url":null,"market_dk_parent_url":"","market_dk_tax_rate":0,"market_dk_price_inc_tax":0,"market_dk_sale_price_inc_tax":0,"market_com_price":0,"market_com_sale_price":0,"market_com_active":false,"market_com_url":null,"market_com_parent_url":"","market_com_tax_rate":0,"market_com_price_inc_tax":0,"market_com_sale_price_inc_tax":0,"acf":[],"_links":{"self":[{"href":"https:\/\/www.pharmacy4pets.nl\/be\/wp-json\/wp\/v2\/product\/118751","targetHints":{"allow":["GET"]}}],"collection":[{"href":"https:\/\/www.pharmacy4pets.nl\/be\/wp-json\/wp\/v2\/product"}],"about":[{"href":"https:\/\/www.pharmacy4pets.nl\/be\/wp-json\/wp\/v2\/types\/product"}],"replies":[{"embeddable":true,"href":"https:\/\/www.pharmacy4pets.nl\/be\/wp-json\/wp\/v2\/comments?post=118751"}],"wp:featuredmedia":[{"embeddable":true,"href":"https:\/\/www.pharmacy4pets.nl\/be\/wp-json\/wp\/v2\/media\/118750"}],"wp:attachment":[{"href":"https:\/\/www.pharmacy4pets.nl\/be\/wp-json\/wp\/v2\/media?parent=118751"}],"wp:term":[{"taxonomy":"product_brand","embeddable":true,"href":"https:\/\/www.pharmacy4pets.nl\/be\/wp-json\/wp\/v2\/product_brand?post=118751"},{"taxonomy":"product_cat","embeddable":true,"href":"https:\/\/www.pharmacy4pets.nl\/be\/wp-json\/wp\/v2\/product_cat?post=118751"},{"taxonomy":"product_tag","embeddable":true,"href":"https:\/\/www.pharmacy4pets.nl\/be\/wp-json\/wp\/v2\/product_tag?post=118751"}],"curies":[{"name":"wp","href":"https:\/\/api.w.org\/{rel}","templated":true}]}}