{"id":118731,"date":"2017-08-09T14:29:41","date_gmt":"2017-08-09T14:29:41","guid":{"rendered":"https:\/\/p4p.test\/vetramil-honey-ointment"},"modified":"2026-03-25T11:59:00","modified_gmt":"2026-03-25T11:59:00","slug":"vetramil-honey-ointment","status":"publish","type":"product","link":"https:\/\/www.pharmacy4pets.nl\/be\/vetramil-honey-ointment","title":{"rendered":"Vetramil Honingzalf | Hond &#038; Kat"},"content":{"rendered":"<h1>Vetramil Honingzalf<\/h1>\n<p>Vetramil Honingzalf van NML is een goed smeerbare wondzalf op basis van honing en etherische oli\u00ebn voor hond en kat. De ingredi\u00ebnten verzachten de huid en helpen uitdrogen te verminderen. Door de etherische oli\u00ebn wordt het herstellend vermogen van de huid ondersteunt. Vetramil Honingzalf bevat zuivere honing met een hoog enzymgehalte en een lage pH-waarde. Het ondersteunt de conditie en de natuurlijke weerstand van de huid.<\/p>\n<p>Vetramil Honingzalf is verkrijgbaar in de volgende varianten:<br \/>&#8211;\u00a0\u00a0\u00a0\u00a0\u00a0\u00a0\u00a0\u00a0\u00a0 Vetramil Honingzalf tube 30 gram<br \/>&#8211;\u00a0\u00a0\u00a0\u00a0\u00a0\u00a0\u00a0\u00a0\u00a0 Vetramil Honingzalf pot 180 gram<\/p>\n<p>\u00a0<span style=\"text-decoration: underline;\">Toediening:<\/span><\/p>\n<ol>\n<li>Maak de wond schoon met water en droog af met een doekje<\/li>\n<li>1x per dag de zalf in ruime hoeveelheid aanbrengen op de wond<\/li>\n<li>Bij ge\u00efrriteerde huid, de zalf goed inmasseren<\/li>\n<li>Indien nodig, wond afdekken met een gaasje (alleen bij grote wonden)<\/li>\n<\/ol>\n<p>\u00a0Behandeling is klaar zodra wond is gesloten<\/p>\n","protected":false},"excerpt":{"rendered":"<p>Vetramil Honingzalf Vetramil Honingzalf van NML is een goed smeerbare wondzalf op basis van honing en etherische oli\u00ebn voor hond en kat. De ingredi\u00ebnten verzachten de huid en helpen uitdrogen te verminderen. Door de etherische oli\u00ebn wordt het herstellend vermogen van de huid ondersteunt. Vetramil Honingzalf bevat zuivere honing met een hoog enzymgehalte en een [&hellip;]<\/p>\n","protected":false},"featured_media":118727,"comment_status":"open","ping_status":"closed","template":"","meta":{"_acf_changed":false,"_nl_post_content":"<h1>Vetramil Honingzalf<\/h1>\n<p>Vetramil Honingzalf van NML is een goed smeerbare wondzalf op basis van honing en etherische oli\u00ebn voor hond en kat. De ingredi\u00ebnten verzachten de huid en helpen uitdrogen te verminderen. Door de etherische oli\u00ebn wordt het herstellend vermogen van de huid ondersteunt. Vetramil Honingzalf bevat zuivere honing met een hoog enzymgehalte en een lage pH-waarde. Het ondersteunt de conditie en de natuurlijke weerstand van de huid.<\/p>\n<p>Vetramil Honingzalf is verkrijgbaar in de volgende varianten:<br \/>-\u00a0\u00a0\u00a0\u00a0\u00a0\u00a0\u00a0\u00a0\u00a0 Vetramil Honingzalf tube 30 gram<br \/>-\u00a0\u00a0\u00a0\u00a0\u00a0\u00a0\u00a0\u00a0\u00a0 Vetramil Honingzalf pot 180 gram<\/p>\n<p>\u00a0<span style=\"text-decoration: underline;\">Toediening:<\/span><\/p>\n<ol>\n<li>Maak de wond schoon met water en droog af met een doekje<\/li>\n<li>1x per dag de zalf in ruime hoeveelheid aanbrengen op de wond<\/li>\n<li>Bij ge\u00efrriteerde huid, de zalf goed inmasseren<\/li>\n<li>Indien nodig, wond afdekken met een gaasje (alleen bij grote wonden)<\/li>\n<\/ol>\n<p>\u00a0Behandeling is klaar zodra wond is gesloten<\/p>","_nl_post_name":"vetramil-honey-ointment","_nl_post_excerpt":"","_nl_post_title":"Vetramil Honingzalf | Hond & Kat","_en_post_content":"<p>Vetramil Honey Ointment from NML is a well spreadable, wound ointment based on honey and essential oils for dogs and cats. The ingredients soften the skin and help reduce eradication. The essential oils support the restorative ability of the skin. Vetramil Honey Ointment contains pure honey with high enzyme content and low pH-value. It supports the condition and natural resistance of the skin.<\/p>\r\n<p>Vetramil Honey Ointment is available in the following types:<br \/>-&nbsp;&nbsp;&nbsp;&nbsp;&nbsp;&nbsp;&nbsp;&nbsp;&nbsp; Vetramil Honey Ointment Tube 30 grams<br \/>-&nbsp;&nbsp;&nbsp;&nbsp;&nbsp;&nbsp;&nbsp;&nbsp;&nbsp; Vetramil Honey Ointment Pot 180 grams<\/p>\r\n<p><span style=\"text-decoration: underline;\">Administration:<\/span><\/p>\r\n<ol>\r\n<li>Clean the wound with water and dry with a clean tissue, if necessary<\/li>\r\n<li>Apply liberally once daily to the wound<\/li>\r\n<li>Thoroughly massage onto the irritated skin<\/li>\r\n<li>If necessary, cover the wound with a gauze (only for larger wounds)<\/li>\r\n<\/ol>\r\n<p>Treatment is complete once wound is closed<\/p>","_en_post_name":"vetramil-honey-ointment","_en_post_excerpt":"","_en_post_title":"Vetramil Honey Ointment | Dog & Cat","_de_post_content":"<p>Vetramil Honigsalbe von NML ist eine Wundsalbe mit Honig und &auml;therischen &Ouml;len f&uuml;r Hunde und Katzen. Die Zutaten machen die Haut weich und helfen, Austrocknung zu reduzieren. Die &auml;therischen &Ouml;le unterst&uuml;tzen die Regenerationsf&auml;higkeit der Haut. Vetramil Honingsalbe enth&auml;lt reinen Honig mit einem hohen Enzymgehalt und einem niedrigen pH-Wert. Es unterst&uuml;tzt den Zustand en die nat&uuml;rliche Widerstandskraft der Haut.<\/p>\r\n<p>Vetramil Honigsalbe ist in den folgenden Varianten verf&uuml;gbar:<br \/>-&nbsp;&nbsp;&nbsp;&nbsp;&nbsp;&nbsp;&nbsp;&nbsp;&nbsp; Vetramil Honingsalbe Rohr 30 Gramm<br \/>-&nbsp;&nbsp;&nbsp;&nbsp;&nbsp;&nbsp;&nbsp;&nbsp;&nbsp; Vetramil Honingsalbe Topf 180 Gramm<\/p>\r\n<p><span style=\"text-decoration: underline;\">Anwendung:<\/span><\/p>\r\n<ol>\r\n<li>Die Wunde mit Wasser reinigen und mit einem sauberen Tuch trocknen<\/li>\r\n<li>1x am Tag die Salbe auf der Wunde anbringen<\/li>\r\n<li>Bei irritierter Haut gut einmassieren<\/li>\r\n<li>Falls erforderlich, Abdeckung gewickelt mit Gaze (nur bei gro&szlig;en Wunden)<\/li>\r\n<\/ol>\r\n<p>Die Behandlung ist erfolgt wenn die Wunde geschlossen ist<\/p>","_de_post_name":"vetramil-honey-ointment","_de_post_excerpt":"","_de_post_title":"Vetramil Honigsalbe | Hund & Katze ","_fr_post_content":"<p>La pommade au miel Vetramil de NML est une pommade pour plaies facilement &eacute;talable &agrave; base de miel et d'huiles essentielles pour chiens et chats. Les ingr&eacute;dients apaisent la peau et aident &agrave; r&eacute;duire la d&eacute;shydratation. Les huiles essentielles soutiennent la capacit&eacute; de la peau &agrave; se r&eacute;parer. La pommade au miel Vetramil contient du miel pur &agrave; haute teneur en enzymes et &agrave; faible pH. Il favorise l'&eacute;tat et la r&eacute;sistance naturelle de la peau.<br \/><br \/>La pommade au miel Vetramil est disponible dans les variantes suivantes :<br \/>- Vetramil Pommade au miel tube 30 grammes<br \/>- Vetramil Salve au miel pot de 180 grammes<br \/><br \/><span style=\"text-decoration: underline;\">&nbsp;Administration :<\/span><br \/><br \/>&nbsp;&nbsp;&nbsp; Nettoyez la plaie &agrave; l'eau et s&eacute;chez-la avec un chiffon.<br \/>&nbsp;&nbsp;&nbsp; Appliquez une fois par jour la pommade en grande quantit&eacute; sur la plaie.<br \/>&nbsp;&nbsp;&nbsp; Pour les peaux irrit&eacute;es, bien masser la pommade.<br \/>&nbsp;&nbsp;&nbsp; Si n&eacute;cessaire, couvrez la plaie avec de la gaze (uniquement pour les grandes plaies).<br \/><br \/>&nbsp;Le traitement est termin&eacute; d&egrave;s que la plaie est ferm&eacute;e<\/p>","_fr_post_name":"vetramil-pommade-miel","_fr_post_excerpt":"","_fr_post_title":"Vetramil Pommade au miel | Chien & chat ","_es_post_content":"<p>Vetramil pomada de NML es una pomada cicatrizante f&aacute;cil de aplicar, a base de miel y aceites esenciales para perros y gatos. Los ingredientes suavizan la piel y la protegen de la deshidrataci&oacute;n. Los aceites esenciales estimulan la regeneraci&oacute;n de la piel. Vetramil pomada contiene miel pura con un alto contenido de enzimas y un pH bajo. Refuerza la condici&oacute;n y la resistencia natural de la piel..<\/p>\r\n<p>Vetramil pomada est&aacute; disponible en los formatos siguientes:<br \/>- &nbsp; &nbsp; &nbsp; &nbsp; &nbsp;Tubo de Vetramil pomada 30 gramos<br \/>- &nbsp; &nbsp; &nbsp; &nbsp; &nbsp;Bote de Vetramil pomada 180 gramos<\/p>\r\n<p>&nbsp;<span style=\"text-decoration: underline;\">Administraci&oacute;n<\/span><span style=\"text-decoration: underline;\">:<\/span><\/p>\r\n<ol>\r\n<li>Limpiar la herida con agua y secarla con un pa&ntilde;o.<\/li>\r\n<li>Aplicar la pomada generosamente a la herida una vez al d&iacute;a.<\/li>\r\n<li>En caso de piel irritada, masajear bien la pomada.<\/li>\r\n<li>Si fuere necesario, cubrir la herida con una gasa (s&oacute;lo para heridas grandes).<\/li>\r\n<\/ol>\r\n<p>Terminar el tratamiento tan pronto como la herida se cierre.<\/p>","_es_post_name":"vetramil-pomada","_es_post_excerpt":"","_es_post_title":"Vetramil Pomada | Perros & Gatos ","edit_language":"nl"},"product_brand":[],"product_cat":[2182,2209,1891,1861,2229,2210,1892,1117,2133,2115,2341,1974,1876,1845,1118,2178,1839,1871,2231,1857,2005,1824,1886,1855,2177,2193,1893,2211,1863,1965],"product_tag":[],"class_list":{"0":"post-118731","1":"product","2":"type-product","3":"status-publish","4":"has-post-thumbnail","6":"product_cat-kitten-benodigdheden","7":"product_cat-puppy-benodigdheden","8":"product_cat-benodigdheden","10":"product_cat-cavia","11":"product_cat-ehbo","13":"product_cat-honden","14":"product_cat-honingzalf","16":"product_cat-hotspot","18":"product_cat-huid-vacht","20":"product_cat-katten","21":"product_cat-kitten","22":"product_cat-medicijnen-supplementen","25":"product_cat-merken","26":"product_cat-ontstekingsremmer","27":"product_cat-overig","28":"product_cat-pijn-ontsteking","30":"product_cat-puppy","31":"product_cat-verzorging","35":"product_cat-vetramil","36":"pa_aandoening-huid_vacht","37":"pa_doeldier-hond","38":"pa_doeldier-kat","39":"pa_fabricatieland-nederland","40":"pa_merkfilter-vetramil","41":"pa_merkgroep-nml","42":"pa_productsoort-overig","43":"pa_seo_canonical_store_id-not_found_value","44":"pa_seo_category-not_found_value","45":"pa_seo_meta_robots-not_found_value","46":"pa_toedieningswijze-zalf","47":"pa_werkzamestof-overig","49":"first","50":"instock","51":"taxable","52":"shipping-taxable","53":"product-type-grouped"},"yoast_head":"<!-- This site is optimized with the Yoast SEO plugin v27.5 - https:\/\/yoast.com\/product\/yoast-seo-wordpress\/ -->\n<title>Vetramil Honingzalf | Honingzalf voor honden | Honingzalf kat<\/title>\n<meta name=\"description\" content=\"Vetramil Honingzalf is een goed smeerbare wondzalf op basis van honing en etherische oli\u00ebn voor hond en kat. Het ondersteunt de conditie van de huid.\" \/>\n<meta name=\"robots\" content=\"index, follow, max-snippet:-1, max-image-preview:large, max-video-preview:-1\" \/>\n<link rel=\"canonical\" href=\"https:\/\/www.pharmacy4pets.nl\/vetramil-honey-ointment\" \/>\n<meta property=\"og:locale\" content=\"nl_NL\" \/>\n<meta property=\"og:type\" content=\"article\" \/>\n<meta property=\"og:title\" content=\"Vetramil Honingzalf | Honingzalf voor honden | Honingzalf kat\" \/>\n<meta property=\"og:description\" content=\"Vetramil Honingzalf is een goed smeerbare wondzalf op basis van honing en etherische oli\u00ebn voor hond en kat. Het ondersteunt de conditie van de huid.\" \/>\n<meta property=\"og:url\" content=\"https:\/\/www.pharmacy4pets.nl\/vetramil-honey-ointment\" \/>\n<meta property=\"og:site_name\" content=\"Pharmacy4pets\" \/>\n<meta property=\"article:publisher\" content=\"https:\/\/www.facebook.com\/people\/Pharmacy4petsnl\/100063484989896\/\" \/>\n<meta property=\"article:modified_time\" content=\"2026-03-25T11:59:00+00:00\" \/>\n<meta property=\"og:image\" content=\"https:\/\/www.pharmacy4pets.nl\/wp-content\/uploads\/2017\/08\/99286_v2_1.jpg\" \/>\n\t<meta property=\"og:image:width\" content=\"350\" \/>\n\t<meta property=\"og:image:height\" content=\"350\" \/>\n\t<meta property=\"og:image:type\" content=\"image\/jpeg\" \/>\n<meta name=\"twitter:card\" content=\"summary_large_image\" \/>\n<meta name=\"twitter:label1\" content=\"Geschatte leestijd\" \/>\n\t<meta name=\"twitter:data1\" content=\"1 minuut\" \/>\n<script type=\"application\/ld+json\" class=\"yoast-schema-graph\">{\"@context\":\"https:\\\/\\\/schema.org\",\"@graph\":[{\"@type\":\"WebPage\",\"@id\":\"https:\\\/\\\/www.pharmacy4pets.nl\\\/vetramil-honey-ointment\",\"url\":\"https:\\\/\\\/www.pharmacy4pets.nl\\\/vetramil-honey-ointment\",\"name\":\"Vetramil Honingzalf | Honingzalf voor honden | Honingzalf kat\",\"isPartOf\":{\"@id\":\"http:\\\/\\\/www.pharmacy4pets.nl\\\/#website\"},\"primaryImageOfPage\":{\"@id\":\"https:\\\/\\\/www.pharmacy4pets.nl\\\/vetramil-honey-ointment#primaryimage\"},\"image\":{\"@id\":\"https:\\\/\\\/www.pharmacy4pets.nl\\\/vetramil-honey-ointment#primaryimage\"},\"thumbnailUrl\":\"https:\\\/\\\/www.pharmacy4pets.nl\\\/wp-content\\\/uploads\\\/2017\\\/08\\\/99286_v2_1.jpg\",\"datePublished\":\"2017-08-09T14:29:41+00:00\",\"dateModified\":\"2026-03-25T11:59:00+00:00\",\"description\":\"Vetramil Honingzalf is een goed smeerbare wondzalf op basis van honing en etherische oli\u00ebn voor hond en kat. Het ondersteunt de conditie van de huid.\",\"breadcrumb\":{\"@id\":\"https:\\\/\\\/www.pharmacy4pets.nl\\\/vetramil-honey-ointment#breadcrumb\"},\"inLanguage\":\"nl-NL\",\"potentialAction\":[{\"@type\":\"ReadAction\",\"target\":[\"https:\\\/\\\/www.pharmacy4pets.nl\\\/vetramil-honey-ointment\"]}]},{\"@type\":\"ImageObject\",\"inLanguage\":\"nl-NL\",\"@id\":\"https:\\\/\\\/www.pharmacy4pets.nl\\\/vetramil-honey-ointment#primaryimage\",\"url\":\"https:\\\/\\\/www.pharmacy4pets.nl\\\/wp-content\\\/uploads\\\/2017\\\/08\\\/99286_v2_1.jpg\",\"contentUrl\":\"https:\\\/\\\/www.pharmacy4pets.nl\\\/wp-content\\\/uploads\\\/2017\\\/08\\\/99286_v2_1.jpg\",\"width\":350,\"height\":350,\"caption\":\"Vetramil\"},{\"@type\":\"BreadcrumbList\",\"@id\":\"https:\\\/\\\/www.pharmacy4pets.nl\\\/vetramil-honey-ointment#breadcrumb\",\"itemListElement\":[{\"@type\":\"ListItem\",\"position\":1,\"name\":\"Home\",\"item\":\"https:\\\/\\\/p4p-nl.bootmine.com\\\/\"},{\"@type\":\"ListItem\",\"position\":2,\"name\":\"Winkel\",\"item\":\"https:\\\/\\\/p4p-nl.bootmine.com\\\/winkel\"},{\"@type\":\"ListItem\",\"position\":3,\"name\":\"Vetramil Honingzalf | Hond &#038; Kat\"}]},{\"@type\":\"WebSite\",\"@id\":\"http:\\\/\\\/www.pharmacy4pets.nl\\\/#website\",\"url\":\"http:\\\/\\\/www.pharmacy4pets.nl\\\/\",\"name\":\"Pharmacy4pets\",\"description\":\"Pharmacy4pets.nl is d\u00e9 online apotheek waar u terecht kunt voor alle diergeneesmiddelen, verzorgingsproducten en dieetvoeding voor uw huisdier.\",\"publisher\":{\"@id\":\"http:\\\/\\\/www.pharmacy4pets.nl\\\/#organization\"},\"potentialAction\":[{\"@type\":\"SearchAction\",\"target\":{\"@type\":\"EntryPoint\",\"urlTemplate\":\"http:\\\/\\\/www.pharmacy4pets.nl\\\/?s={search_term_string}\"},\"query-input\":{\"@type\":\"PropertyValueSpecification\",\"valueRequired\":true,\"valueName\":\"search_term_string\"}}],\"inLanguage\":\"nl-NL\"},{\"@type\":\"Organization\",\"@id\":\"http:\\\/\\\/www.pharmacy4pets.nl\\\/#organization\",\"name\":\"Pharmacy4pets\",\"url\":\"http:\\\/\\\/www.pharmacy4pets.nl\\\/\",\"logo\":{\"@type\":\"ImageObject\",\"inLanguage\":\"nl-NL\",\"@id\":\"http:\\\/\\\/www.pharmacy4pets.nl\\\/#\\\/schema\\\/logo\\\/image\\\/\",\"url\":\"https:\\\/\\\/p4p-nl.bootmine.com\\\/wp-content\\\/uploads\\\/2026\\\/03\\\/logo-pharmacy4pets.png\",\"contentUrl\":\"https:\\\/\\\/p4p-nl.bootmine.com\\\/wp-content\\\/uploads\\\/2026\\\/03\\\/logo-pharmacy4pets.png\",\"width\":1024,\"height\":135,\"caption\":\"Pharmacy4pets\"},\"image\":{\"@id\":\"http:\\\/\\\/www.pharmacy4pets.nl\\\/#\\\/schema\\\/logo\\\/image\\\/\"},\"sameAs\":[\"https:\\\/\\\/www.facebook.com\\\/people\\\/Pharmacy4petsnl\\\/100063484989896\\\/\",\"https:\\\/\\\/www.youtube.com\\\/channel\\\/UCGPTIgucgli03tP2_kvLkHg\\\/featured\",\"https:\\\/\\\/www.instagram.com\\\/pharmacy4pets.nl\"]}]}<\/script>\n<!-- \/ Yoast SEO plugin. -->","yoast_head_json":{"title":"Vetramil Honingzalf | Honingzalf voor honden | Honingzalf kat","description":"Vetramil Honingzalf is een goed smeerbare wondzalf op basis van honing en etherische oli\u00ebn voor hond en kat. Het ondersteunt de conditie van de huid.","robots":{"index":"index","follow":"follow","max-snippet":"max-snippet:-1","max-image-preview":"max-image-preview:large","max-video-preview":"max-video-preview:-1"},"canonical":"https:\/\/www.pharmacy4pets.nl\/vetramil-honey-ointment","og_locale":"nl_NL","og_type":"article","og_title":"Vetramil Honingzalf | Honingzalf voor honden | Honingzalf kat","og_description":"Vetramil Honingzalf is een goed smeerbare wondzalf op basis van honing en etherische oli\u00ebn voor hond en kat. Het ondersteunt de conditie van de huid.","og_url":"https:\/\/www.pharmacy4pets.nl\/vetramil-honey-ointment","og_site_name":"Pharmacy4pets","article_publisher":"https:\/\/www.facebook.com\/people\/Pharmacy4petsnl\/100063484989896\/","article_modified_time":"2026-03-25T11:59:00+00:00","og_image":[{"width":350,"height":350,"url":"https:\/\/www.pharmacy4pets.nl\/wp-content\/uploads\/2017\/08\/99286_v2_1.jpg","type":"image\/jpeg"}],"twitter_card":"summary_large_image","twitter_misc":{"Geschatte leestijd":"1 minuut"},"schema":{"@context":"https:\/\/schema.org","@graph":[{"@type":"WebPage","@id":"https:\/\/www.pharmacy4pets.nl\/vetramil-honey-ointment","url":"https:\/\/www.pharmacy4pets.nl\/vetramil-honey-ointment","name":"Vetramil Honingzalf | Honingzalf voor honden | Honingzalf kat","isPartOf":{"@id":"http:\/\/www.pharmacy4pets.nl\/#website"},"primaryImageOfPage":{"@id":"https:\/\/www.pharmacy4pets.nl\/vetramil-honey-ointment#primaryimage"},"image":{"@id":"https:\/\/www.pharmacy4pets.nl\/vetramil-honey-ointment#primaryimage"},"thumbnailUrl":"https:\/\/www.pharmacy4pets.nl\/wp-content\/uploads\/2017\/08\/99286_v2_1.jpg","datePublished":"2017-08-09T14:29:41+00:00","dateModified":"2026-03-25T11:59:00+00:00","description":"Vetramil Honingzalf is een goed smeerbare wondzalf op basis van honing en etherische oli\u00ebn voor hond en kat. Het ondersteunt de conditie van de huid.","breadcrumb":{"@id":"https:\/\/www.pharmacy4pets.nl\/vetramil-honey-ointment#breadcrumb"},"inLanguage":"nl-NL","potentialAction":[{"@type":"ReadAction","target":["https:\/\/www.pharmacy4pets.nl\/vetramil-honey-ointment"]}]},{"@type":"ImageObject","inLanguage":"nl-NL","@id":"https:\/\/www.pharmacy4pets.nl\/vetramil-honey-ointment#primaryimage","url":"https:\/\/www.pharmacy4pets.nl\/wp-content\/uploads\/2017\/08\/99286_v2_1.jpg","contentUrl":"https:\/\/www.pharmacy4pets.nl\/wp-content\/uploads\/2017\/08\/99286_v2_1.jpg","width":350,"height":350,"caption":"Vetramil"},{"@type":"BreadcrumbList","@id":"https:\/\/www.pharmacy4pets.nl\/vetramil-honey-ointment#breadcrumb","itemListElement":[{"@type":"ListItem","position":1,"name":"Home","item":"https:\/\/p4p-nl.bootmine.com\/"},{"@type":"ListItem","position":2,"name":"Winkel","item":"https:\/\/p4p-nl.bootmine.com\/winkel"},{"@type":"ListItem","position":3,"name":"Vetramil Honingzalf | Hond &#038; Kat"}]},{"@type":"WebSite","@id":"http:\/\/www.pharmacy4pets.nl\/#website","url":"http:\/\/www.pharmacy4pets.nl\/","name":"Pharmacy4pets","description":"Pharmacy4pets.nl is d\u00e9 online apotheek waar u terecht kunt voor alle diergeneesmiddelen, verzorgingsproducten en dieetvoeding voor uw huisdier.","publisher":{"@id":"http:\/\/www.pharmacy4pets.nl\/#organization"},"potentialAction":[{"@type":"SearchAction","target":{"@type":"EntryPoint","urlTemplate":"http:\/\/www.pharmacy4pets.nl\/?s={search_term_string}"},"query-input":{"@type":"PropertyValueSpecification","valueRequired":true,"valueName":"search_term_string"}}],"inLanguage":"nl-NL"},{"@type":"Organization","@id":"http:\/\/www.pharmacy4pets.nl\/#organization","name":"Pharmacy4pets","url":"http:\/\/www.pharmacy4pets.nl\/","logo":{"@type":"ImageObject","inLanguage":"nl-NL","@id":"http:\/\/www.pharmacy4pets.nl\/#\/schema\/logo\/image\/","url":"https:\/\/p4p-nl.bootmine.com\/wp-content\/uploads\/2026\/03\/logo-pharmacy4pets.png","contentUrl":"https:\/\/p4p-nl.bootmine.com\/wp-content\/uploads\/2026\/03\/logo-pharmacy4pets.png","width":1024,"height":135,"caption":"Pharmacy4pets"},"image":{"@id":"http:\/\/www.pharmacy4pets.nl\/#\/schema\/logo\/image\/"},"sameAs":["https:\/\/www.facebook.com\/people\/Pharmacy4petsnl\/100063484989896\/","https:\/\/www.youtube.com\/channel\/UCGPTIgucgli03tP2_kvLkHg\/featured","https:\/\/www.instagram.com\/pharmacy4pets.nl"]}]}},"market_data":{"nl":{"price":0,"sale_price":0,"active":false,"url":null,"parent_url":"","tax_rate":0,"price_inc_tax":0,"sale_price_inc_tax":0},"de":{"price":0,"sale_price":0,"active":false,"url":null,"parent_url":"","tax_rate":0,"price_inc_tax":0,"sale_price_inc_tax":0},"be":{"price":0,"sale_price":0,"active":false,"url":null,"parent_url":"","tax_rate":0,"price_inc_tax":0,"sale_price_inc_tax":0},"fr":{"price":0,"sale_price":0,"active":false,"url":null,"parent_url":"","tax_rate":0,"price_inc_tax":0,"sale_price_inc_tax":0},"ch":{"price":0,"sale_price":0,"active":false,"url":null,"parent_url":"","tax_rate":0,"price_inc_tax":0,"sale_price_inc_tax":0},"at":{"price":0,"sale_price":0,"active":false,"url":null,"parent_url":"","tax_rate":0,"price_inc_tax":0,"sale_price_inc_tax":0},"es":{"price":0,"sale_price":0,"active":false,"url":null,"parent_url":"","tax_rate":0,"price_inc_tax":0,"sale_price_inc_tax":0},"dk":{"price":0,"sale_price":0,"active":false,"url":null,"parent_url":"","tax_rate":0,"price_inc_tax":0,"sale_price_inc_tax":0},"com":{"price":0,"sale_price":0,"active":false,"url":null,"parent_url":"","tax_rate":0,"price_inc_tax":0,"sale_price_inc_tax":0}},"market_nl_price":0,"market_nl_sale_price":0,"market_nl_active":false,"market_nl_url":null,"market_nl_parent_url":"","market_nl_tax_rate":0,"market_nl_price_inc_tax":0,"market_nl_sale_price_inc_tax":0,"market_de_price":0,"market_de_sale_price":0,"market_de_active":false,"market_de_url":null,"market_de_parent_url":"","market_de_tax_rate":0,"market_de_price_inc_tax":0,"market_de_sale_price_inc_tax":0,"market_be_price":0,"market_be_sale_price":0,"market_be_active":false,"market_be_url":null,"market_be_parent_url":"","market_be_tax_rate":0,"market_be_price_inc_tax":0,"market_be_sale_price_inc_tax":0,"market_fr_price":0,"market_fr_sale_price":0,"market_fr_active":false,"market_fr_url":null,"market_fr_parent_url":"","market_fr_tax_rate":0,"market_fr_price_inc_tax":0,"market_fr_sale_price_inc_tax":0,"market_ch_price":0,"market_ch_sale_price":0,"market_ch_active":false,"market_ch_url":null,"market_ch_parent_url":"","market_ch_tax_rate":0,"market_ch_price_inc_tax":0,"market_ch_sale_price_inc_tax":0,"market_at_price":0,"market_at_sale_price":0,"market_at_active":false,"market_at_url":null,"market_at_parent_url":"","market_at_tax_rate":0,"market_at_price_inc_tax":0,"market_at_sale_price_inc_tax":0,"market_es_price":0,"market_es_sale_price":0,"market_es_active":false,"market_es_url":null,"market_es_parent_url":"","market_es_tax_rate":0,"market_es_price_inc_tax":0,"market_es_sale_price_inc_tax":0,"market_dk_price":0,"market_dk_sale_price":0,"market_dk_active":false,"market_dk_url":null,"market_dk_parent_url":"","market_dk_tax_rate":0,"market_dk_price_inc_tax":0,"market_dk_sale_price_inc_tax":0,"market_com_price":0,"market_com_sale_price":0,"market_com_active":false,"market_com_url":null,"market_com_parent_url":"","market_com_tax_rate":0,"market_com_price_inc_tax":0,"market_com_sale_price_inc_tax":0,"acf":[],"_links":{"self":[{"href":"https:\/\/www.pharmacy4pets.nl\/be\/wp-json\/wp\/v2\/product\/118731","targetHints":{"allow":["GET"]}}],"collection":[{"href":"https:\/\/www.pharmacy4pets.nl\/be\/wp-json\/wp\/v2\/product"}],"about":[{"href":"https:\/\/www.pharmacy4pets.nl\/be\/wp-json\/wp\/v2\/types\/product"}],"replies":[{"embeddable":true,"href":"https:\/\/www.pharmacy4pets.nl\/be\/wp-json\/wp\/v2\/comments?post=118731"}],"wp:featuredmedia":[{"embeddable":true,"href":"https:\/\/www.pharmacy4pets.nl\/be\/wp-json\/wp\/v2\/media\/118727"}],"wp:attachment":[{"href":"https:\/\/www.pharmacy4pets.nl\/be\/wp-json\/wp\/v2\/media?parent=118731"}],"wp:term":[{"taxonomy":"product_brand","embeddable":true,"href":"https:\/\/www.pharmacy4pets.nl\/be\/wp-json\/wp\/v2\/product_brand?post=118731"},{"taxonomy":"product_cat","embeddable":true,"href":"https:\/\/www.pharmacy4pets.nl\/be\/wp-json\/wp\/v2\/product_cat?post=118731"},{"taxonomy":"product_tag","embeddable":true,"href":"https:\/\/www.pharmacy4pets.nl\/be\/wp-json\/wp\/v2\/product_tag?post=118731"}],"curies":[{"name":"wp","href":"https:\/\/api.w.org\/{rel}","templated":true}]}}