{"id":118720,"date":"2017-08-09T14:01:13","date_gmt":"2017-08-09T14:01:13","guid":{"rendered":"https:\/\/p4p.test\/vet-i-pharma-veti-fom"},"modified":"2026-03-25T11:58:57","modified_gmt":"2026-03-25T11:58:57","slug":"vet-i-pharma-veti-fom","status":"publish","type":"product","link":"https:\/\/www.pharmacy4pets.nl\/be\/vet-i-pharma-veti-fom","title":{"rendered":"Veti-Fom | Hond 125 ml| EXP 01-06-2026"},"content":{"rendered":"<p>Veti-Fom van Vet-I-pharma is een voorhuidcleaner voor reuen. Voorhuidverzorging wordt gemakkelijk gemaakt voor de hondenbezitter en de reu zelf.&nbsp; Bij honden die in huis worden gehouden zijn voorhuidontstekingen een aanzienlijk hygi&euml;nisch probleem. Symptomen zijn voortdurend druppelen, vlekken op de meubels en een onaangename geur. De oorzaak hiervan is een voorhuidcatarre ook wel prep&uacute;tiumcatarrhe genaamd. Met Veti-Fom is viezigheid en stank geen probleem meer. De handige kleuromslag indicator geeft duidelijk aan wanneer de behandeling klaar is.<\/p>\n<p><span style=\"text-decoration: underline;\">Toediening:<\/span><\/p>\n<ol>\n<li>Kleine hoeveelheid Veti-Fom in de voorhuidopening aanbrengen. De kleur van de vloeistof zal veranderen van roze naar geel.<\/li>\n<li>Masseer de vloeistof voorzichtig naar achteren en laat het uitstromen<\/li>\n<li>Herhaal deze handelingen totdat de kleur van de uitstromende vloeistof roze blijft.<\/li>\n<\/ol>\n<p>E&eacute;nmaal behandelen per maand is voldoende.<\/p>\n<p><span style=\"text-decoration: underline;\">Verpakking:<br \/><\/span>125 ml<\/p>\n","protected":false},"excerpt":{"rendered":"<p>Veti-Fom van Vet-I-pharma is een voorhuidcleaner voor reuen. Voorhuidverzorging wordt gemakkelijk gemaakt voor de hondenbezitter en de reu zelf.&nbsp; Bij honden die in huis worden gehouden zijn voorhuidontstekingen een aanzienlijk hygi&euml;nisch probleem. Symptomen zijn voortdurend druppelen, vlekken op de meubels en een onaangename geur. De oorzaak hiervan is een voorhuidcatarre ook wel prep&uacute;tiumcatarrhe genaamd. Met [&hellip;]<\/p>\n","protected":false},"featured_media":118719,"comment_status":"open","ping_status":"closed","template":"","meta":{"_acf_changed":false,"_nl_post_content":"<p>Veti-Fom van Vet-I-pharma is een voorhuidcleaner voor reuen. Voorhuidverzorging wordt gemakkelijk gemaakt voor de hondenbezitter en de reu zelf.&nbsp; Bij honden die in huis worden gehouden zijn voorhuidontstekingen een aanzienlijk hygi&euml;nisch probleem. Symptomen zijn voortdurend druppelen, vlekken op de meubels en een onaangename geur. De oorzaak hiervan is een voorhuidcatarre ook wel prep&uacute;tiumcatarrhe genaamd. Met Veti-Fom is viezigheid en stank geen probleem meer. De handige kleuromslag indicator geeft duidelijk aan wanneer de behandeling klaar is.<\/p>\r\n<p><span style=\"text-decoration: underline;\">Toediening:<\/span><\/p>\r\n<ol>\r\n<li>Kleine hoeveelheid Veti-Fom in de voorhuidopening aanbrengen. De kleur van de vloeistof zal veranderen van roze naar geel.<\/li>\r\n<li>Masseer de vloeistof voorzichtig naar achteren en laat het uitstromen<\/li>\r\n<li>Herhaal deze handelingen totdat de kleur van de uitstromende vloeistof roze blijft.<\/li>\r\n<\/ol>\r\n<p>E&eacute;nmaal behandelen per maand is voldoende.<\/p>\r\n<p><span style=\"text-decoration: underline;\">Verpakking:<br \/><\/span>125 ml<\/p>","_nl_post_name":"vet-i-pharma-veti-fom","_nl_post_excerpt":"","_nl_post_title":"Veti-Fom | Hond 125 ml| EXP 01-06-2026","_en_post_content":"<p>Veti-Fom from Vet-I-pharma is a foreskin cleanser for male dogs. Foreskin care is made easy for the dog owner and the dog himself. In dogs that are mostly kept home, foreskin inflammation is a significant hygiene problem. Symptoms are constantly dripping, stains on the furniture and an unpleasant smell. The cause of this is a foreskin catarrh, also called preputial catarrh. With Veti-Fom drowsiness and stench are no problem anymore. The handy colour change indicator clearly indicates when the treatment is complete<\/p>\r\n<p><span style=\"text-decoration: underline;\">Administration:<\/span><\/p>\r\n<ol>\r\n<li>Apply a small amount of Veti-Fom into the opening of the foreskin. The colour of the liquid will change from pink to yellow.<\/li>\r\n<li>Gently massage the fluid around and allow it to flow out<\/li>\r\n<li>Repeat these operations until the colour of the outflowing liquid remains pink<\/li>\r\n<\/ol>\r\n<p>One treatment a month is sufficient.<\/p>\r\n<p><span style=\"text-decoration: underline;\">Package:<br \/><\/span>125 ml<\/p>","_en_post_name":"vet-i-pharma-veti-fom","_en_post_excerpt":"","_en_post_title":"Veti-Fom | Dog 125 ml| EXP 01-06-2026","_de_post_content":"<p>Veti-Fom von Vet-I-pharma ist ein Vorhaut-reiniger f&uuml;r Hunde. Vorhautpflege ist einfach gemacht f&uuml;r den Hundehalter, und den Hund selbst. Bei Hunden. Infektionen der Vorhaut sind ein gro&szlig;es Problem. Symptome sind st&auml;ndige Tropf, Flecken auf den M&ouml;beln und einen unangenehmen Geruch. Die Ursache ist eine Vorhaut Katarrh. Mit Veti-Fom ist Schmutz und Gestank nicht mehr ein Problem. Die bequeme Farbwechselanzeige zeigt an, wenn die Behandlung abgeschlossen ist.<\/p>\r\n<p><span style=\"text-decoration: underline;\">Anwendung:<\/span><\/p>\r\n<ol>\r\n<li>Kleine Menge Veti-Fom Anwendung in der Vorhaut&ouml;ffnung. Die Farbe der Fl&uuml;ssigkeit wird von rosa bis gelb.<\/li>\r\n<li>Anschlie&szlig;end ein wenig massieren und danach die Fl&uuml;ssigkeit ausflie&szlig;en lassen<\/li>\r\n<li>Wiederholen Sie diesen Vorgang, bis die Farbe des Ausflusses rosa bleibt.<\/li>\r\n<\/ol>\r\n<p>Ein Behandlung pro Monat ist ausreichend.<\/p>\r\n<p><span style=\"text-decoration: underline;\">Verpackung:<br \/><\/span>125 ml<\/p>","_de_post_name":"vet-i-pharma-veti-fom","_de_post_excerpt":"","_de_post_title":"Veti-Fom | Hund 125 ml| EXP 01-06-2026","_fr_post_content":"<p>Veti-Fom est un nettoyant pr\u00e9puce pour chiens m\u00e2les. Les soins du pr\u00e9puce sont facilit\u00e9s pour le propri\u00e9taire du chien et le chien lui-m\u00eame. Chez les chiens gard\u00e9s \u00e0 la maison, les infections du pr\u00e9puce sont un probl\u00e8me d'hygi\u00e8ne important. Les sympt\u00f4mes sont des gouttes constantes, des taches sur les meubles et une odeur d\u00e9sagr\u00e9able. La cause en est un catarrhe du pr\u00e9puce, \u00e9galement appel\u00e9 catarrhe du pr\u00e9puce. Avec Veti-Fom, la salet\u00e9 et les odeurs ne sont plus un probl\u00e8me. L'indicateur de changement de couleur pratique indique clairement quand le traitement est termin\u00e9.<\/p>\r\n<h3>Administration<\/h3>\r\n<ul>\r\n<li>Appliquez une petite quantit\u00e9 de Veti-Fom dans l'ouverture du pr\u00e9puce. La couleur du liquide passera du rose au jaune.<\/li>\r\n<li>Massez doucement le liquide vers l'arri\u00e8re et laissez-le s'\u00e9couler<\/li>\r\n<li>R\u00e9p\u00e9tez ces actions jusqu'\u00e0 ce que la couleur du liquide qui coule reste rose.<\/li>\r\n<\/ul>\r\n<p>Un traitement une fois par mois est suffisant.<\/p>\r\n<h3>Emballage<\/h3>\r\n<p>Une bouteille de Vet-fom contient 125 ml.<\/p>\r\n<p>\u00a0<\/p>","_fr_post_name":"veti-fom-nettoyant-prepuce-pour-chiens-males","_fr_post_excerpt":"","_fr_post_title":"Veti-Fom nettoyant pr\u00e9puce pour chiens m\u00e2les 125 ml| EXP 01-06-2026","_es_post_content":"<p>Veti-Fom es un limpiador de prepucio para perros machos. El cuidado del prepucio se facilita tanto para el due\u00f1o del perro como para el propio perro macho. En los perros que se mantienen en casa, las infecciones del prepucio son un importante problema de higiene. Los s\u00edntomas son goteo constante, manchas en los muebles y un olor desagradable. La causa de esto es un catarro del prepucio, tambi\u00e9n llamado catarro prepucio. Con Veti-Fom, la suciedad y los olores ya no son un problema. El pr\u00e1ctico indicador de cambio de color indica claramente cuando finaliza el tratamiento.<\/p>\r\n<h3>Administraci\u00f3n<\/h3>\r\n<ul>\r\n<li>Aplique una peque\u00f1a cantidad de Veti-Fom en la abertura del prepucio. El color del l\u00edquido cambiar\u00e1 de rosa a amarillo.<\/li>\r\n<li>Masajee suavemente el l\u00edquido hacia atr\u00e1s y d\u00e9jelo fluir<\/li>\r\n<li>Repita estas acciones hasta que el color del l\u00edquido que fluye permanezca rosado.<\/li>\r\n<\/ul>\r\n<p>El tratamiento una vez al mes es suficiente.<\/p>\r\n<h3>Embalaje<\/h3>\r\n<p>Una botella de veti-fom contiene 125 ml.<\/p>","_es_post_name":"veti-fom-limpiador-de-prepucio-perros","_es_post_excerpt":"","_es_post_title":"Veti-Fom limpiador de prepucio para perros 125 ml| EXP 01-06-2026","edit_language":"nl"},"product_brand":[],"product_cat":[2012,1117,1839,1857,2103,1853],"product_tag":[],"class_list":{"0":"post-118720","1":"product","2":"type-product","3":"status-publish","4":"has-post-thumbnail","6":"product_cat-acties","7":"product_cat-honden","8":"product_cat-medicijnen-supplementen","9":"product_cat-merken","10":"product_cat-veti-fom","11":"product_cat-vruchtbaarheid","12":"pa_aandoening-huid_vacht","13":"pa_doeldier-hond","14":"pa_fabricatieland-usa","15":"pa_merkfilter-veti_fom","16":"pa_merkgroep-vet_i_pharma","17":"pa_productsoort-overig","18":"pa_seo_canonical_store_id-not_found_value","19":"pa_seo_category-not_found_value","20":"pa_seo_meta_robots-not_found_value","21":"pa_toedieningswijze-cleaner","22":"pa_unit_pricing_base_measure-100ml","23":"pa_unit_pricing_measure-125ml","24":"pa_werkzamestof-overig","26":"first","27":"instock","28":"sale","29":"taxable","30":"shipping-taxable","31":"purchasable","32":"product-type-simple"},"yoast_head":"<!-- This site is optimized with the Yoast SEO plugin v27.5 - https:\/\/yoast.com\/product\/yoast-seo-wordpress\/ -->\n<title>Veti-Fom | Voorhuidontsteking Hond | Voorhuidcleaner<\/title>\n<meta name=\"description\" content=\"Veti-Fom van Vet-I-pharma is een voorhuidcleaner voor reuen. Voorhuidverzorging wordt gemakkelijk gemaakt voor de hondenbezitter en de reu zelf.\" \/>\n<meta name=\"robots\" content=\"index, follow, max-snippet:-1, max-image-preview:large, max-video-preview:-1\" \/>\n<link rel=\"canonical\" href=\"https:\/\/p4p-nl.bootmine.com\/%product-slug%\/vet-i-pharma-veti-fom\" \/>\n<meta property=\"og:locale\" content=\"nl_NL\" \/>\n<meta property=\"og:type\" content=\"article\" \/>\n<meta property=\"og:title\" content=\"Veti-Fom | Voorhuidontsteking Hond | Voorhuidcleaner\" \/>\n<meta property=\"og:description\" content=\"Veti-Fom van Vet-I-pharma is een voorhuidcleaner voor reuen. Voorhuidverzorging wordt gemakkelijk gemaakt voor de hondenbezitter en de reu zelf.\" \/>\n<meta property=\"og:url\" content=\"https:\/\/p4p-nl.bootmine.com\/%product-slug%\/vet-i-pharma-veti-fom\" \/>\n<meta property=\"og:site_name\" content=\"Pharmacy4pets\" \/>\n<meta property=\"article:publisher\" content=\"https:\/\/www.facebook.com\/people\/Pharmacy4petsnl\/100063484989896\/\" \/>\n<meta property=\"article:modified_time\" content=\"2026-03-25T11:58:57+00:00\" \/>\n<meta property=\"og:image\" content=\"https:\/\/p4p-nl.bootmine.com\/wp-content\/uploads\/2017\/08\/13548_1.jpg\" \/>\n\t<meta property=\"og:image:width\" content=\"1000\" \/>\n\t<meta property=\"og:image:height\" content=\"1000\" \/>\n\t<meta property=\"og:image:type\" content=\"image\/jpeg\" \/>\n<meta name=\"twitter:card\" content=\"summary_large_image\" \/>\n<meta name=\"twitter:label1\" content=\"Geschatte leestijd\" \/>\n\t<meta name=\"twitter:data1\" content=\"1 minuut\" \/>\n<script type=\"application\/ld+json\" class=\"yoast-schema-graph\">{\"@context\":\"https:\\\/\\\/schema.org\",\"@graph\":[{\"@type\":\"WebPage\",\"@id\":\"https:\\\/\\\/p4p-nl.bootmine.com\\\/%product-slug%\\\/vet-i-pharma-veti-fom\",\"url\":\"https:\\\/\\\/p4p-nl.bootmine.com\\\/%product-slug%\\\/vet-i-pharma-veti-fom\",\"name\":\"Veti-Fom | Voorhuidontsteking Hond | Voorhuidcleaner\",\"isPartOf\":{\"@id\":\"http:\\\/\\\/www.pharmacy4pets.nl\\\/#website\"},\"primaryImageOfPage\":{\"@id\":\"https:\\\/\\\/p4p-nl.bootmine.com\\\/%product-slug%\\\/vet-i-pharma-veti-fom#primaryimage\"},\"image\":{\"@id\":\"https:\\\/\\\/p4p-nl.bootmine.com\\\/%product-slug%\\\/vet-i-pharma-veti-fom#primaryimage\"},\"thumbnailUrl\":\"https:\\\/\\\/www.pharmacy4pets.nl\\\/wp-content\\\/uploads\\\/2017\\\/08\\\/13548_1.jpg\",\"datePublished\":\"2017-08-09T14:01:13+00:00\",\"dateModified\":\"2026-03-25T11:58:57+00:00\",\"description\":\"Veti-Fom van Vet-I-pharma is een voorhuidcleaner voor reuen. Voorhuidverzorging wordt gemakkelijk gemaakt voor de hondenbezitter en de reu zelf.\",\"breadcrumb\":{\"@id\":\"https:\\\/\\\/p4p-nl.bootmine.com\\\/%product-slug%\\\/vet-i-pharma-veti-fom#breadcrumb\"},\"inLanguage\":\"nl-NL\",\"potentialAction\":[{\"@type\":\"ReadAction\",\"target\":[\"https:\\\/\\\/p4p-nl.bootmine.com\\\/%product-slug%\\\/vet-i-pharma-veti-fom\"]}]},{\"@type\":\"ImageObject\",\"inLanguage\":\"nl-NL\",\"@id\":\"https:\\\/\\\/p4p-nl.bootmine.com\\\/%product-slug%\\\/vet-i-pharma-veti-fom#primaryimage\",\"url\":\"https:\\\/\\\/www.pharmacy4pets.nl\\\/wp-content\\\/uploads\\\/2017\\\/08\\\/13548_1.jpg\",\"contentUrl\":\"https:\\\/\\\/www.pharmacy4pets.nl\\\/wp-content\\\/uploads\\\/2017\\\/08\\\/13548_1.jpg\",\"width\":1000,\"height\":1000,\"caption\":\"Veti-Fom\"},{\"@type\":\"BreadcrumbList\",\"@id\":\"https:\\\/\\\/p4p-nl.bootmine.com\\\/%product-slug%\\\/vet-i-pharma-veti-fom#breadcrumb\",\"itemListElement\":[{\"@type\":\"ListItem\",\"position\":1,\"name\":\"Home\",\"item\":\"https:\\\/\\\/p4p-nl.bootmine.com\\\/\"},{\"@type\":\"ListItem\",\"position\":2,\"name\":\"Winkel\",\"item\":\"https:\\\/\\\/p4p-nl.bootmine.com\\\/winkel\"},{\"@type\":\"ListItem\",\"position\":3,\"name\":\"Veti-Fom | Hond 125 ml| EXP 01-06-2026\"}]},{\"@type\":\"WebSite\",\"@id\":\"http:\\\/\\\/www.pharmacy4pets.nl\\\/#website\",\"url\":\"http:\\\/\\\/www.pharmacy4pets.nl\\\/\",\"name\":\"Pharmacy4pets\",\"description\":\"Pharmacy4pets.nl is d\u00e9 online apotheek waar u terecht kunt voor alle diergeneesmiddelen, verzorgingsproducten en dieetvoeding voor uw huisdier.\",\"publisher\":{\"@id\":\"http:\\\/\\\/www.pharmacy4pets.nl\\\/#organization\"},\"potentialAction\":[{\"@type\":\"SearchAction\",\"target\":{\"@type\":\"EntryPoint\",\"urlTemplate\":\"http:\\\/\\\/www.pharmacy4pets.nl\\\/?s={search_term_string}\"},\"query-input\":{\"@type\":\"PropertyValueSpecification\",\"valueRequired\":true,\"valueName\":\"search_term_string\"}}],\"inLanguage\":\"nl-NL\"},{\"@type\":\"Organization\",\"@id\":\"http:\\\/\\\/www.pharmacy4pets.nl\\\/#organization\",\"name\":\"Pharmacy4pets\",\"url\":\"http:\\\/\\\/www.pharmacy4pets.nl\\\/\",\"logo\":{\"@type\":\"ImageObject\",\"inLanguage\":\"nl-NL\",\"@id\":\"http:\\\/\\\/www.pharmacy4pets.nl\\\/#\\\/schema\\\/logo\\\/image\\\/\",\"url\":\"https:\\\/\\\/p4p-nl.bootmine.com\\\/wp-content\\\/uploads\\\/2026\\\/03\\\/logo-pharmacy4pets.png\",\"contentUrl\":\"https:\\\/\\\/p4p-nl.bootmine.com\\\/wp-content\\\/uploads\\\/2026\\\/03\\\/logo-pharmacy4pets.png\",\"width\":1024,\"height\":135,\"caption\":\"Pharmacy4pets\"},\"image\":{\"@id\":\"http:\\\/\\\/www.pharmacy4pets.nl\\\/#\\\/schema\\\/logo\\\/image\\\/\"},\"sameAs\":[\"https:\\\/\\\/www.facebook.com\\\/people\\\/Pharmacy4petsnl\\\/100063484989896\\\/\",\"https:\\\/\\\/www.youtube.com\\\/channel\\\/UCGPTIgucgli03tP2_kvLkHg\\\/featured\",\"https:\\\/\\\/www.instagram.com\\\/pharmacy4pets.nl\"]}]}<\/script>\n<!-- \/ Yoast SEO plugin. -->","yoast_head_json":{"title":"Veti-Fom | Voorhuidontsteking Hond | Voorhuidcleaner","description":"Veti-Fom van Vet-I-pharma is een voorhuidcleaner voor reuen. Voorhuidverzorging wordt gemakkelijk gemaakt voor de hondenbezitter en de reu zelf.","robots":{"index":"index","follow":"follow","max-snippet":"max-snippet:-1","max-image-preview":"max-image-preview:large","max-video-preview":"max-video-preview:-1"},"canonical":"https:\/\/p4p-nl.bootmine.com\/%product-slug%\/vet-i-pharma-veti-fom","og_locale":"nl_NL","og_type":"article","og_title":"Veti-Fom | Voorhuidontsteking Hond | Voorhuidcleaner","og_description":"Veti-Fom van Vet-I-pharma is een voorhuidcleaner voor reuen. Voorhuidverzorging wordt gemakkelijk gemaakt voor de hondenbezitter en de reu zelf.","og_url":"https:\/\/p4p-nl.bootmine.com\/%product-slug%\/vet-i-pharma-veti-fom","og_site_name":"Pharmacy4pets","article_publisher":"https:\/\/www.facebook.com\/people\/Pharmacy4petsnl\/100063484989896\/","article_modified_time":"2026-03-25T11:58:57+00:00","og_image":[{"width":1000,"height":1000,"url":"https:\/\/p4p-nl.bootmine.com\/wp-content\/uploads\/2017\/08\/13548_1.jpg","type":"image\/jpeg"}],"twitter_card":"summary_large_image","twitter_misc":{"Geschatte leestijd":"1 minuut"},"schema":{"@context":"https:\/\/schema.org","@graph":[{"@type":"WebPage","@id":"https:\/\/p4p-nl.bootmine.com\/%product-slug%\/vet-i-pharma-veti-fom","url":"https:\/\/p4p-nl.bootmine.com\/%product-slug%\/vet-i-pharma-veti-fom","name":"Veti-Fom | Voorhuidontsteking Hond | Voorhuidcleaner","isPartOf":{"@id":"http:\/\/www.pharmacy4pets.nl\/#website"},"primaryImageOfPage":{"@id":"https:\/\/p4p-nl.bootmine.com\/%product-slug%\/vet-i-pharma-veti-fom#primaryimage"},"image":{"@id":"https:\/\/p4p-nl.bootmine.com\/%product-slug%\/vet-i-pharma-veti-fom#primaryimage"},"thumbnailUrl":"https:\/\/www.pharmacy4pets.nl\/wp-content\/uploads\/2017\/08\/13548_1.jpg","datePublished":"2017-08-09T14:01:13+00:00","dateModified":"2026-03-25T11:58:57+00:00","description":"Veti-Fom van Vet-I-pharma is een voorhuidcleaner voor reuen. Voorhuidverzorging wordt gemakkelijk gemaakt voor de hondenbezitter en de reu zelf.","breadcrumb":{"@id":"https:\/\/p4p-nl.bootmine.com\/%product-slug%\/vet-i-pharma-veti-fom#breadcrumb"},"inLanguage":"nl-NL","potentialAction":[{"@type":"ReadAction","target":["https:\/\/p4p-nl.bootmine.com\/%product-slug%\/vet-i-pharma-veti-fom"]}]},{"@type":"ImageObject","inLanguage":"nl-NL","@id":"https:\/\/p4p-nl.bootmine.com\/%product-slug%\/vet-i-pharma-veti-fom#primaryimage","url":"https:\/\/www.pharmacy4pets.nl\/wp-content\/uploads\/2017\/08\/13548_1.jpg","contentUrl":"https:\/\/www.pharmacy4pets.nl\/wp-content\/uploads\/2017\/08\/13548_1.jpg","width":1000,"height":1000,"caption":"Veti-Fom"},{"@type":"BreadcrumbList","@id":"https:\/\/p4p-nl.bootmine.com\/%product-slug%\/vet-i-pharma-veti-fom#breadcrumb","itemListElement":[{"@type":"ListItem","position":1,"name":"Home","item":"https:\/\/p4p-nl.bootmine.com\/"},{"@type":"ListItem","position":2,"name":"Winkel","item":"https:\/\/p4p-nl.bootmine.com\/winkel"},{"@type":"ListItem","position":3,"name":"Veti-Fom | Hond 125 ml| EXP 01-06-2026"}]},{"@type":"WebSite","@id":"http:\/\/www.pharmacy4pets.nl\/#website","url":"http:\/\/www.pharmacy4pets.nl\/","name":"Pharmacy4pets","description":"Pharmacy4pets.nl is d\u00e9 online apotheek waar u terecht kunt voor alle diergeneesmiddelen, verzorgingsproducten en dieetvoeding voor uw huisdier.","publisher":{"@id":"http:\/\/www.pharmacy4pets.nl\/#organization"},"potentialAction":[{"@type":"SearchAction","target":{"@type":"EntryPoint","urlTemplate":"http:\/\/www.pharmacy4pets.nl\/?s={search_term_string}"},"query-input":{"@type":"PropertyValueSpecification","valueRequired":true,"valueName":"search_term_string"}}],"inLanguage":"nl-NL"},{"@type":"Organization","@id":"http:\/\/www.pharmacy4pets.nl\/#organization","name":"Pharmacy4pets","url":"http:\/\/www.pharmacy4pets.nl\/","logo":{"@type":"ImageObject","inLanguage":"nl-NL","@id":"http:\/\/www.pharmacy4pets.nl\/#\/schema\/logo\/image\/","url":"https:\/\/p4p-nl.bootmine.com\/wp-content\/uploads\/2026\/03\/logo-pharmacy4pets.png","contentUrl":"https:\/\/p4p-nl.bootmine.com\/wp-content\/uploads\/2026\/03\/logo-pharmacy4pets.png","width":1024,"height":135,"caption":"Pharmacy4pets"},"image":{"@id":"http:\/\/www.pharmacy4pets.nl\/#\/schema\/logo\/image\/"},"sameAs":["https:\/\/www.facebook.com\/people\/Pharmacy4petsnl\/100063484989896\/","https:\/\/www.youtube.com\/channel\/UCGPTIgucgli03tP2_kvLkHg\/featured","https:\/\/www.instagram.com\/pharmacy4pets.nl"]}]}},"market_data":{"nl":{"price":0,"sale_price":0,"active":false,"url":null,"parent_url":"","tax_rate":0,"price_inc_tax":0,"sale_price_inc_tax":0},"de":{"price":0,"sale_price":0,"active":false,"url":null,"parent_url":"","tax_rate":0,"price_inc_tax":0,"sale_price_inc_tax":0},"be":{"price":0,"sale_price":0,"active":false,"url":null,"parent_url":"","tax_rate":0,"price_inc_tax":0,"sale_price_inc_tax":0},"fr":{"price":0,"sale_price":0,"active":false,"url":null,"parent_url":"","tax_rate":0,"price_inc_tax":0,"sale_price_inc_tax":0},"ch":{"price":0,"sale_price":0,"active":false,"url":null,"parent_url":"","tax_rate":0,"price_inc_tax":0,"sale_price_inc_tax":0},"at":{"price":0,"sale_price":0,"active":false,"url":null,"parent_url":"","tax_rate":0,"price_inc_tax":0,"sale_price_inc_tax":0},"es":{"price":0,"sale_price":0,"active":false,"url":null,"parent_url":"","tax_rate":0,"price_inc_tax":0,"sale_price_inc_tax":0},"dk":{"price":0,"sale_price":0,"active":false,"url":null,"parent_url":"","tax_rate":0,"price_inc_tax":0,"sale_price_inc_tax":0},"com":{"price":0,"sale_price":0,"active":false,"url":null,"parent_url":"","tax_rate":0,"price_inc_tax":0,"sale_price_inc_tax":0}},"market_nl_price":0,"market_nl_sale_price":0,"market_nl_active":false,"market_nl_url":null,"market_nl_parent_url":"","market_nl_tax_rate":0,"market_nl_price_inc_tax":0,"market_nl_sale_price_inc_tax":0,"market_de_price":0,"market_de_sale_price":0,"market_de_active":false,"market_de_url":null,"market_de_parent_url":"","market_de_tax_rate":0,"market_de_price_inc_tax":0,"market_de_sale_price_inc_tax":0,"market_be_price":0,"market_be_sale_price":0,"market_be_active":false,"market_be_url":null,"market_be_parent_url":"","market_be_tax_rate":0,"market_be_price_inc_tax":0,"market_be_sale_price_inc_tax":0,"market_fr_price":0,"market_fr_sale_price":0,"market_fr_active":false,"market_fr_url":null,"market_fr_parent_url":"","market_fr_tax_rate":0,"market_fr_price_inc_tax":0,"market_fr_sale_price_inc_tax":0,"market_ch_price":0,"market_ch_sale_price":0,"market_ch_active":false,"market_ch_url":null,"market_ch_parent_url":"","market_ch_tax_rate":0,"market_ch_price_inc_tax":0,"market_ch_sale_price_inc_tax":0,"market_at_price":0,"market_at_sale_price":0,"market_at_active":false,"market_at_url":null,"market_at_parent_url":"","market_at_tax_rate":0,"market_at_price_inc_tax":0,"market_at_sale_price_inc_tax":0,"market_es_price":0,"market_es_sale_price":0,"market_es_active":false,"market_es_url":null,"market_es_parent_url":"","market_es_tax_rate":0,"market_es_price_inc_tax":0,"market_es_sale_price_inc_tax":0,"market_dk_price":0,"market_dk_sale_price":0,"market_dk_active":false,"market_dk_url":null,"market_dk_parent_url":"","market_dk_tax_rate":0,"market_dk_price_inc_tax":0,"market_dk_sale_price_inc_tax":0,"market_com_price":0,"market_com_sale_price":0,"market_com_active":false,"market_com_url":null,"market_com_parent_url":"","market_com_tax_rate":0,"market_com_price_inc_tax":0,"market_com_sale_price_inc_tax":0,"acf":[],"_links":{"self":[{"href":"https:\/\/www.pharmacy4pets.nl\/be\/wp-json\/wp\/v2\/product\/118720","targetHints":{"allow":["GET"]}}],"collection":[{"href":"https:\/\/www.pharmacy4pets.nl\/be\/wp-json\/wp\/v2\/product"}],"about":[{"href":"https:\/\/www.pharmacy4pets.nl\/be\/wp-json\/wp\/v2\/types\/product"}],"replies":[{"embeddable":true,"href":"https:\/\/www.pharmacy4pets.nl\/be\/wp-json\/wp\/v2\/comments?post=118720"}],"wp:featuredmedia":[{"embeddable":true,"href":"https:\/\/www.pharmacy4pets.nl\/be\/wp-json\/wp\/v2\/media\/118719"}],"wp:attachment":[{"href":"https:\/\/www.pharmacy4pets.nl\/be\/wp-json\/wp\/v2\/media?parent=118720"}],"wp:term":[{"taxonomy":"product_brand","embeddable":true,"href":"https:\/\/www.pharmacy4pets.nl\/be\/wp-json\/wp\/v2\/product_brand?post=118720"},{"taxonomy":"product_cat","embeddable":true,"href":"https:\/\/www.pharmacy4pets.nl\/be\/wp-json\/wp\/v2\/product_cat?post=118720"},{"taxonomy":"product_tag","embeddable":true,"href":"https:\/\/www.pharmacy4pets.nl\/be\/wp-json\/wp\/v2\/product_tag?post=118720"}],"curies":[{"name":"wp","href":"https:\/\/api.w.org\/{rel}","templated":true}]}}