{"id":118718,"date":"2017-08-09T13:52:48","date_gmt":"2017-08-09T13:52:48","guid":{"rendered":"https:\/\/p4p.test\/science-selective-recovery-plus"},"modified":"2026-03-25T11:58:57","modified_gmt":"2026-03-25T11:58:57","slug":"science-selective-recovery-plus","status":"publish","type":"product","link":"https:\/\/www.pharmacy4pets.nl\/be\/science-selective-recovery-plus","title":{"rendered":"Science Selective Recovery Plus | Konijn 10 x 20 gram"},"content":{"rendered":"<p>Science Selective Recovery Plus is een vloeibaar voedsel voor zieke of herstellende konijnen en overige kleine planteneters, ideaal voor dwangvoeding. De formule is hoog in vezels en bevat extra Vitamine C en probiotica. Met handige voedingsspuit.<\/p>\n<p><span style=\"text-decoration: underline;\">Toediening:<br \/><\/span>Meng het poeder met 90 ml warm water.<\/p>\n<p><span style=\"text-decoration: underline;\">Dosering:<br \/><\/span>1 zakje per dag, kleine porties met regelmatige tussenpozen verdeeld over de dag.<\/p>\n<p><span style=\"text-decoration: underline;\">Verpakking:<br \/><\/span>10 x 20 gram.<\/p>\n","protected":false},"excerpt":{"rendered":"<p>Science Selective Recovery Plus is een vloeibaar voedsel voor zieke of herstellende konijnen en overige kleine planteneters, ideaal voor dwangvoeding. De formule is hoog in vezels en bevat extra Vitamine C en probiotica. Met handige voedingsspuit. Toediening:Meng het poeder met 90 ml warm water. Dosering:1 zakje per dag, kleine porties met regelmatige tussenpozen verdeeld over [&hellip;]<\/p>\n","protected":false},"featured_media":118717,"comment_status":"open","ping_status":"closed","template":"","meta":{"_acf_changed":false,"_nl_post_content":"<p>Science Selective Recovery Plus is een vloeibaar voedsel voor zieke of herstellende konijnen en overige kleine planteneters, ideaal voor dwangvoeding. De formule is hoog in vezels en bevat extra Vitamine C en probiotica. Met handige voedingsspuit.<\/p>\r\n<p><span style=\"text-decoration: underline;\">Toediening:<br \/><\/span>Meng het poeder met 90 ml warm water.<\/p>\r\n<p><span style=\"text-decoration: underline;\">Dosering:<br \/><\/span>1 zakje per dag, kleine porties met regelmatige tussenpozen verdeeld over de dag.<\/p>\r\n<p><span style=\"text-decoration: underline;\">Verpakking:<br \/><\/span>10 x 20 gram.<\/p>","_nl_post_name":"science-selective-recovery-plus","_nl_post_excerpt":"","_nl_post_title":"Science Selective Recovery Plus | Konijn 10 x 20 gram","_en_post_content":"<p>Science Selective Recovery Plus from Supreme is a liquid feed for sick or recuperating rabbits and other small herbivores, suitable for syringe feeding The formula is high in fiber with extra Vitamin C and added probiotics. Comes with feeding syringe. Suitable for long term feeding.<\/p>\r\n<p><span style=\"text-decoration: underline;\">Administration:<br \/><\/span>Just add 90ml warm water and mix.<\/p>\r\n<p><span style=\"text-decoration: underline;\">Dosage:<br \/><\/span>1 bag a day, small portions with regular intervals spread throughout the day.<\/p>\r\n<p><span style=\"text-decoration: underline;\">Package:<br \/><\/span>10 x 20 grams.<\/p>","_en_post_name":"science-selective-recovery-plus","_en_post_excerpt":"","_en_post_title":"Science Selective Recovery Plus | Rabbit 10 x 20 grams","_de_post_content":"<p>Science Selective Recovery Plus ist eine fl\u00fcssige Nahrung f\u00fcr kranke oder Rekonvaleszenz Kaninchen und andere kleine Pflanzenfresser, geeignet f\u00fcr Spritzenzuf\u00fchrung. Die Formel ist \u00a0hoch in Faser mit extra Vitamin C und hinzugef\u00fcgt Probiotika. Kommt mit F\u00fctterungsspritze. Geeignet f\u00fcr Langzeit-F\u00fctterung.<\/p>\r\n<p><span style=\"text-decoration: underline;\">Anwendung:<br \/><\/span>Mische des Pulvers mit 90 ml hei\u00dfem Wasser.<\/p>\r\n<p><span style=\"text-decoration: underline;\">Dosierung:<br \/><\/span>1 Beutel pro Tag, kleine Portionen in regelm\u00e4\u00dfigen Abst\u00e4nden \u00fcber den Tag verteilt.<\/p>\r\n<p><span style=\"text-decoration: underline;\">Verpackung:<br \/><\/span>10 x 20 Gramm.<\/p>","_de_post_name":"science-selective-recovery-plus","_de_post_excerpt":"","_de_post_title":"Science Selective Recovery Plus | Kaninchen 10 x 20 Gramm","_fr_post_content":"<p>Science Selective Recovery Plus van Supreme is een vloeibaar voedsel voor zieke of herstellende konijnen en overige kleine planteneters, ideaal voor dwangvoeding. De formule is hoog in vezels en bevat extra Vitamine C en probiotica. Met handige voedingsspuit.<\/p>\r\n<p><span style=\"text-decoration: underline;\">Toediening:<br \/><\/span>Meng het poeder met 90ml warm water.<\/p>\r\n<p><span style=\"text-decoration: underline;\">Dosering:<br \/><\/span>1 zakje per dag, kleine porties met regelmatige tussenpozen verdeeld over de dag<\/p>\r\n<p><span style=\"text-decoration: underline;\">Verpakking:<br \/><\/span>10 x 20 gram<\/p>","_fr_post_name":"science-selective-recovery-plus","_fr_post_excerpt":"","_fr_post_title":"Science Selective Recovery Plus | Konijn 10 x 20 gram","_es_post_content":"<p>Science Selective Recovery Plus de Supreme es un alimento l\u00edquido para conejos enfermos o convalecientes y otros peque\u00f1os herb\u00edvoros, ideal para la alimentaci\u00f3n forzada. La f\u00f3rmula es rica en fibra y contiene vitamina C y probi\u00f3ticos adicionales. Con pr\u00e1ctica jeringa de alimentaci\u00f3n.<\/p>\r\n<p><span style=\"text-decoration: underline;\">Administraci\u00f3n:<\/span><br \/>Mezclar el polvo con 90 ml de agua tibia.<\/p>\r\n<p><span style=\"text-decoration: underline;\">Dosis:<\/span><br \/>1 sobre al d\u00eda, en peque\u00f1as porciones a intervalos regulares a lo largo del d\u00eda.<\/p>\r\n<p><span style=\"text-decoration: underline;\">Embalaje:<\/span><br \/>10 x 20 gramos.<\/p>","_es_post_name":"science-selective-recovery-plus","_es_post_excerpt":"","_es_post_title":"Science Selective Recovery Plus | Conejos 10 x 20 gramos","edit_language":"nl"},"product_brand":[],"product_cat":[1825,1826,1857,1824,2093],"product_tag":[],"class_list":{"0":"post-118718","1":"product","2":"type-product","3":"status-publish","4":"has-post-thumbnail","6":"product_cat-konijnen","7":"product_cat-konijnenvoer","8":"product_cat-merken","9":"product_cat-overig","10":"product_cat-science-selective","11":"pa_aandoening-overig","12":"pa_doeldier-knaagdier","13":"pa_doeldier-konijn","14":"pa_fabricatieland-uk","15":"pa_merkfilter-scienceselective","16":"pa_merkgroep-supreme","17":"pa_productsoort-voeding","18":"pa_toedieningswijze-poeder","19":"pa_unit_pricing_base_measure-1ct","20":"pa_unit_pricing_measure-10ct","21":"pa_werkzamestof-overig","23":"first","24":"instock","25":"taxable","26":"shipping-taxable","27":"purchasable","28":"product-type-simple"},"yoast_head":"<!-- This site is optimized with the Yoast SEO plugin v27.5 - https:\/\/yoast.com\/product\/yoast-seo-wordpress\/ -->\n<title>Science Selective Recovery Plus | Konijnenvoer | Herstelperiode<\/title>\n<meta name=\"description\" content=\"Science Selective Recovery Plus is een vloeibaar voedsel voor zieke of herstellende konijnen en overige kleine planteneters, ideaal voor dwangvoeding.\" \/>\n<meta name=\"robots\" content=\"index, follow, max-snippet:-1, max-image-preview:large, max-video-preview:-1\" \/>\n<link rel=\"canonical\" href=\"https:\/\/p4p-nl.bootmine.com\/%product-slug%\/science-selective-recovery-plus\" \/>\n<meta property=\"og:locale\" content=\"nl_NL\" \/>\n<meta property=\"og:type\" content=\"article\" \/>\n<meta property=\"og:title\" content=\"Science Selective Recovery Plus | Konijnenvoer | Herstelperiode\" \/>\n<meta property=\"og:description\" content=\"Science Selective Recovery Plus is een vloeibaar voedsel voor zieke of herstellende konijnen en overige kleine planteneters, ideaal voor dwangvoeding.\" \/>\n<meta property=\"og:url\" content=\"https:\/\/p4p-nl.bootmine.com\/%product-slug%\/science-selective-recovery-plus\" \/>\n<meta property=\"og:site_name\" content=\"Pharmacy4pets\" \/>\n<meta property=\"article:publisher\" content=\"https:\/\/www.facebook.com\/people\/Pharmacy4petsnl\/100063484989896\/\" \/>\n<meta property=\"article:modified_time\" content=\"2026-03-25T11:58:57+00:00\" \/>\n<meta property=\"og:image\" content=\"https:\/\/p4p-nl.bootmine.com\/wp-content\/uploads\/2017\/08\/19488.jpg\" \/>\n\t<meta property=\"og:image:width\" content=\"268\" \/>\n\t<meta property=\"og:image:height\" content=\"317\" \/>\n\t<meta property=\"og:image:type\" content=\"image\/jpeg\" \/>\n<meta name=\"twitter:card\" content=\"summary_large_image\" \/>\n<script type=\"application\/ld+json\" class=\"yoast-schema-graph\">{\"@context\":\"https:\\\/\\\/schema.org\",\"@graph\":[{\"@type\":\"WebPage\",\"@id\":\"https:\\\/\\\/p4p-nl.bootmine.com\\\/%product-slug%\\\/science-selective-recovery-plus\",\"url\":\"https:\\\/\\\/p4p-nl.bootmine.com\\\/%product-slug%\\\/science-selective-recovery-plus\",\"name\":\"Science Selective Recovery Plus | Konijnenvoer | Herstelperiode\",\"isPartOf\":{\"@id\":\"http:\\\/\\\/www.pharmacy4pets.nl\\\/#website\"},\"primaryImageOfPage\":{\"@id\":\"https:\\\/\\\/p4p-nl.bootmine.com\\\/%product-slug%\\\/science-selective-recovery-plus#primaryimage\"},\"image\":{\"@id\":\"https:\\\/\\\/p4p-nl.bootmine.com\\\/%product-slug%\\\/science-selective-recovery-plus#primaryimage\"},\"thumbnailUrl\":\"https:\\\/\\\/www.pharmacy4pets.nl\\\/wp-content\\\/uploads\\\/2017\\\/08\\\/19488.jpg\",\"datePublished\":\"2017-08-09T13:52:48+00:00\",\"dateModified\":\"2026-03-25T11:58:57+00:00\",\"description\":\"Science Selective Recovery Plus is een vloeibaar voedsel voor zieke of herstellende konijnen en overige kleine planteneters, ideaal voor dwangvoeding.\",\"breadcrumb\":{\"@id\":\"https:\\\/\\\/p4p-nl.bootmine.com\\\/%product-slug%\\\/science-selective-recovery-plus#breadcrumb\"},\"inLanguage\":\"nl-NL\",\"potentialAction\":[{\"@type\":\"ReadAction\",\"target\":[\"https:\\\/\\\/p4p-nl.bootmine.com\\\/%product-slug%\\\/science-selective-recovery-plus\"]}]},{\"@type\":\"ImageObject\",\"inLanguage\":\"nl-NL\",\"@id\":\"https:\\\/\\\/p4p-nl.bootmine.com\\\/%product-slug%\\\/science-selective-recovery-plus#primaryimage\",\"url\":\"https:\\\/\\\/www.pharmacy4pets.nl\\\/wp-content\\\/uploads\\\/2017\\\/08\\\/19488.jpg\",\"contentUrl\":\"https:\\\/\\\/www.pharmacy4pets.nl\\\/wp-content\\\/uploads\\\/2017\\\/08\\\/19488.jpg\",\"width\":268,\"height\":317,\"caption\":\"Science Selective Recovery Plus\"},{\"@type\":\"BreadcrumbList\",\"@id\":\"https:\\\/\\\/p4p-nl.bootmine.com\\\/%product-slug%\\\/science-selective-recovery-plus#breadcrumb\",\"itemListElement\":[{\"@type\":\"ListItem\",\"position\":1,\"name\":\"Home\",\"item\":\"https:\\\/\\\/p4p-nl.bootmine.com\\\/\"},{\"@type\":\"ListItem\",\"position\":2,\"name\":\"Winkel\",\"item\":\"https:\\\/\\\/p4p-nl.bootmine.com\\\/winkel\"},{\"@type\":\"ListItem\",\"position\":3,\"name\":\"Science Selective Recovery Plus | Konijn 10 x 20 gram\"}]},{\"@type\":\"WebSite\",\"@id\":\"http:\\\/\\\/www.pharmacy4pets.nl\\\/#website\",\"url\":\"http:\\\/\\\/www.pharmacy4pets.nl\\\/\",\"name\":\"Pharmacy4pets\",\"description\":\"Pharmacy4pets.nl is d\u00e9 online apotheek waar u terecht kunt voor alle diergeneesmiddelen, verzorgingsproducten en dieetvoeding voor uw huisdier.\",\"publisher\":{\"@id\":\"http:\\\/\\\/www.pharmacy4pets.nl\\\/#organization\"},\"potentialAction\":[{\"@type\":\"SearchAction\",\"target\":{\"@type\":\"EntryPoint\",\"urlTemplate\":\"http:\\\/\\\/www.pharmacy4pets.nl\\\/?s={search_term_string}\"},\"query-input\":{\"@type\":\"PropertyValueSpecification\",\"valueRequired\":true,\"valueName\":\"search_term_string\"}}],\"inLanguage\":\"nl-NL\"},{\"@type\":\"Organization\",\"@id\":\"http:\\\/\\\/www.pharmacy4pets.nl\\\/#organization\",\"name\":\"Pharmacy4pets\",\"url\":\"http:\\\/\\\/www.pharmacy4pets.nl\\\/\",\"logo\":{\"@type\":\"ImageObject\",\"inLanguage\":\"nl-NL\",\"@id\":\"http:\\\/\\\/www.pharmacy4pets.nl\\\/#\\\/schema\\\/logo\\\/image\\\/\",\"url\":\"https:\\\/\\\/p4p-nl.bootmine.com\\\/wp-content\\\/uploads\\\/2026\\\/03\\\/logo-pharmacy4pets.png\",\"contentUrl\":\"https:\\\/\\\/p4p-nl.bootmine.com\\\/wp-content\\\/uploads\\\/2026\\\/03\\\/logo-pharmacy4pets.png\",\"width\":1024,\"height\":135,\"caption\":\"Pharmacy4pets\"},\"image\":{\"@id\":\"http:\\\/\\\/www.pharmacy4pets.nl\\\/#\\\/schema\\\/logo\\\/image\\\/\"},\"sameAs\":[\"https:\\\/\\\/www.facebook.com\\\/people\\\/Pharmacy4petsnl\\\/100063484989896\\\/\",\"https:\\\/\\\/www.youtube.com\\\/channel\\\/UCGPTIgucgli03tP2_kvLkHg\\\/featured\",\"https:\\\/\\\/www.instagram.com\\\/pharmacy4pets.nl\"]}]}<\/script>\n<!-- \/ Yoast SEO plugin. -->","yoast_head_json":{"title":"Science Selective Recovery Plus | Konijnenvoer | Herstelperiode","description":"Science Selective Recovery Plus is een vloeibaar voedsel voor zieke of herstellende konijnen en overige kleine planteneters, ideaal voor dwangvoeding.","robots":{"index":"index","follow":"follow","max-snippet":"max-snippet:-1","max-image-preview":"max-image-preview:large","max-video-preview":"max-video-preview:-1"},"canonical":"https:\/\/p4p-nl.bootmine.com\/%product-slug%\/science-selective-recovery-plus","og_locale":"nl_NL","og_type":"article","og_title":"Science Selective Recovery Plus | Konijnenvoer | Herstelperiode","og_description":"Science Selective Recovery Plus is een vloeibaar voedsel voor zieke of herstellende konijnen en overige kleine planteneters, ideaal voor dwangvoeding.","og_url":"https:\/\/p4p-nl.bootmine.com\/%product-slug%\/science-selective-recovery-plus","og_site_name":"Pharmacy4pets","article_publisher":"https:\/\/www.facebook.com\/people\/Pharmacy4petsnl\/100063484989896\/","article_modified_time":"2026-03-25T11:58:57+00:00","og_image":[{"width":268,"height":317,"url":"https:\/\/p4p-nl.bootmine.com\/wp-content\/uploads\/2017\/08\/19488.jpg","type":"image\/jpeg"}],"twitter_card":"summary_large_image","schema":{"@context":"https:\/\/schema.org","@graph":[{"@type":"WebPage","@id":"https:\/\/p4p-nl.bootmine.com\/%product-slug%\/science-selective-recovery-plus","url":"https:\/\/p4p-nl.bootmine.com\/%product-slug%\/science-selective-recovery-plus","name":"Science Selective Recovery Plus | Konijnenvoer | Herstelperiode","isPartOf":{"@id":"http:\/\/www.pharmacy4pets.nl\/#website"},"primaryImageOfPage":{"@id":"https:\/\/p4p-nl.bootmine.com\/%product-slug%\/science-selective-recovery-plus#primaryimage"},"image":{"@id":"https:\/\/p4p-nl.bootmine.com\/%product-slug%\/science-selective-recovery-plus#primaryimage"},"thumbnailUrl":"https:\/\/www.pharmacy4pets.nl\/wp-content\/uploads\/2017\/08\/19488.jpg","datePublished":"2017-08-09T13:52:48+00:00","dateModified":"2026-03-25T11:58:57+00:00","description":"Science Selective Recovery Plus is een vloeibaar voedsel voor zieke of herstellende konijnen en overige kleine planteneters, ideaal voor dwangvoeding.","breadcrumb":{"@id":"https:\/\/p4p-nl.bootmine.com\/%product-slug%\/science-selective-recovery-plus#breadcrumb"},"inLanguage":"nl-NL","potentialAction":[{"@type":"ReadAction","target":["https:\/\/p4p-nl.bootmine.com\/%product-slug%\/science-selective-recovery-plus"]}]},{"@type":"ImageObject","inLanguage":"nl-NL","@id":"https:\/\/p4p-nl.bootmine.com\/%product-slug%\/science-selective-recovery-plus#primaryimage","url":"https:\/\/www.pharmacy4pets.nl\/wp-content\/uploads\/2017\/08\/19488.jpg","contentUrl":"https:\/\/www.pharmacy4pets.nl\/wp-content\/uploads\/2017\/08\/19488.jpg","width":268,"height":317,"caption":"Science Selective Recovery Plus"},{"@type":"BreadcrumbList","@id":"https:\/\/p4p-nl.bootmine.com\/%product-slug%\/science-selective-recovery-plus#breadcrumb","itemListElement":[{"@type":"ListItem","position":1,"name":"Home","item":"https:\/\/p4p-nl.bootmine.com\/"},{"@type":"ListItem","position":2,"name":"Winkel","item":"https:\/\/p4p-nl.bootmine.com\/winkel"},{"@type":"ListItem","position":3,"name":"Science Selective Recovery Plus | Konijn 10 x 20 gram"}]},{"@type":"WebSite","@id":"http:\/\/www.pharmacy4pets.nl\/#website","url":"http:\/\/www.pharmacy4pets.nl\/","name":"Pharmacy4pets","description":"Pharmacy4pets.nl is d\u00e9 online apotheek waar u terecht kunt voor alle diergeneesmiddelen, verzorgingsproducten en dieetvoeding voor uw huisdier.","publisher":{"@id":"http:\/\/www.pharmacy4pets.nl\/#organization"},"potentialAction":[{"@type":"SearchAction","target":{"@type":"EntryPoint","urlTemplate":"http:\/\/www.pharmacy4pets.nl\/?s={search_term_string}"},"query-input":{"@type":"PropertyValueSpecification","valueRequired":true,"valueName":"search_term_string"}}],"inLanguage":"nl-NL"},{"@type":"Organization","@id":"http:\/\/www.pharmacy4pets.nl\/#organization","name":"Pharmacy4pets","url":"http:\/\/www.pharmacy4pets.nl\/","logo":{"@type":"ImageObject","inLanguage":"nl-NL","@id":"http:\/\/www.pharmacy4pets.nl\/#\/schema\/logo\/image\/","url":"https:\/\/p4p-nl.bootmine.com\/wp-content\/uploads\/2026\/03\/logo-pharmacy4pets.png","contentUrl":"https:\/\/p4p-nl.bootmine.com\/wp-content\/uploads\/2026\/03\/logo-pharmacy4pets.png","width":1024,"height":135,"caption":"Pharmacy4pets"},"image":{"@id":"http:\/\/www.pharmacy4pets.nl\/#\/schema\/logo\/image\/"},"sameAs":["https:\/\/www.facebook.com\/people\/Pharmacy4petsnl\/100063484989896\/","https:\/\/www.youtube.com\/channel\/UCGPTIgucgli03tP2_kvLkHg\/featured","https:\/\/www.instagram.com\/pharmacy4pets.nl"]}]}},"market_data":{"nl":{"price":0,"sale_price":0,"active":false,"url":null,"parent_url":"","tax_rate":0,"price_inc_tax":0,"sale_price_inc_tax":0},"de":{"price":0,"sale_price":0,"active":false,"url":null,"parent_url":"","tax_rate":0,"price_inc_tax":0,"sale_price_inc_tax":0},"be":{"price":0,"sale_price":0,"active":false,"url":null,"parent_url":"","tax_rate":0,"price_inc_tax":0,"sale_price_inc_tax":0},"fr":{"price":0,"sale_price":0,"active":false,"url":null,"parent_url":"","tax_rate":0,"price_inc_tax":0,"sale_price_inc_tax":0},"ch":{"price":0,"sale_price":0,"active":false,"url":null,"parent_url":"","tax_rate":0,"price_inc_tax":0,"sale_price_inc_tax":0},"at":{"price":0,"sale_price":0,"active":false,"url":null,"parent_url":"","tax_rate":0,"price_inc_tax":0,"sale_price_inc_tax":0},"es":{"price":0,"sale_price":0,"active":false,"url":null,"parent_url":"","tax_rate":0,"price_inc_tax":0,"sale_price_inc_tax":0},"dk":{"price":0,"sale_price":0,"active":false,"url":null,"parent_url":"","tax_rate":0,"price_inc_tax":0,"sale_price_inc_tax":0},"com":{"price":0,"sale_price":0,"active":false,"url":null,"parent_url":"","tax_rate":0,"price_inc_tax":0,"sale_price_inc_tax":0}},"market_nl_price":0,"market_nl_sale_price":0,"market_nl_active":false,"market_nl_url":null,"market_nl_parent_url":"","market_nl_tax_rate":0,"market_nl_price_inc_tax":0,"market_nl_sale_price_inc_tax":0,"market_de_price":0,"market_de_sale_price":0,"market_de_active":false,"market_de_url":null,"market_de_parent_url":"","market_de_tax_rate":0,"market_de_price_inc_tax":0,"market_de_sale_price_inc_tax":0,"market_be_price":0,"market_be_sale_price":0,"market_be_active":false,"market_be_url":null,"market_be_parent_url":"","market_be_tax_rate":0,"market_be_price_inc_tax":0,"market_be_sale_price_inc_tax":0,"market_fr_price":0,"market_fr_sale_price":0,"market_fr_active":false,"market_fr_url":null,"market_fr_parent_url":"","market_fr_tax_rate":0,"market_fr_price_inc_tax":0,"market_fr_sale_price_inc_tax":0,"market_ch_price":0,"market_ch_sale_price":0,"market_ch_active":false,"market_ch_url":null,"market_ch_parent_url":"","market_ch_tax_rate":0,"market_ch_price_inc_tax":0,"market_ch_sale_price_inc_tax":0,"market_at_price":0,"market_at_sale_price":0,"market_at_active":false,"market_at_url":null,"market_at_parent_url":"","market_at_tax_rate":0,"market_at_price_inc_tax":0,"market_at_sale_price_inc_tax":0,"market_es_price":0,"market_es_sale_price":0,"market_es_active":false,"market_es_url":null,"market_es_parent_url":"","market_es_tax_rate":0,"market_es_price_inc_tax":0,"market_es_sale_price_inc_tax":0,"market_dk_price":0,"market_dk_sale_price":0,"market_dk_active":false,"market_dk_url":null,"market_dk_parent_url":"","market_dk_tax_rate":0,"market_dk_price_inc_tax":0,"market_dk_sale_price_inc_tax":0,"market_com_price":0,"market_com_sale_price":0,"market_com_active":false,"market_com_url":null,"market_com_parent_url":"","market_com_tax_rate":0,"market_com_price_inc_tax":0,"market_com_sale_price_inc_tax":0,"acf":[],"_links":{"self":[{"href":"https:\/\/www.pharmacy4pets.nl\/be\/wp-json\/wp\/v2\/product\/118718","targetHints":{"allow":["GET"]}}],"collection":[{"href":"https:\/\/www.pharmacy4pets.nl\/be\/wp-json\/wp\/v2\/product"}],"about":[{"href":"https:\/\/www.pharmacy4pets.nl\/be\/wp-json\/wp\/v2\/types\/product"}],"replies":[{"embeddable":true,"href":"https:\/\/www.pharmacy4pets.nl\/be\/wp-json\/wp\/v2\/comments?post=118718"}],"wp:featuredmedia":[{"embeddable":true,"href":"https:\/\/www.pharmacy4pets.nl\/be\/wp-json\/wp\/v2\/media\/118717"}],"wp:attachment":[{"href":"https:\/\/www.pharmacy4pets.nl\/be\/wp-json\/wp\/v2\/media?parent=118718"}],"wp:term":[{"taxonomy":"product_brand","embeddable":true,"href":"https:\/\/www.pharmacy4pets.nl\/be\/wp-json\/wp\/v2\/product_brand?post=118718"},{"taxonomy":"product_cat","embeddable":true,"href":"https:\/\/www.pharmacy4pets.nl\/be\/wp-json\/wp\/v2\/product_cat?post=118718"},{"taxonomy":"product_tag","embeddable":true,"href":"https:\/\/www.pharmacy4pets.nl\/be\/wp-json\/wp\/v2\/product_tag?post=118718"}],"curies":[{"name":"wp","href":"https:\/\/api.w.org\/{rel}","templated":true}]}}