{"id":118716,"date":"2017-08-09T13:47:20","date_gmt":"2017-08-09T13:47:20","guid":{"rendered":"https:\/\/p4p.test\/science-selective-recovery"},"modified":"2026-03-25T11:58:56","modified_gmt":"2026-03-25T11:58:56","slug":"science-selective-recovery","status":"publish","type":"product","link":"https:\/\/www.pharmacy4pets.nl\/be\/science-selective-recovery","title":{"rendered":"Science Selective Recovery | Konijn 10 x 20 gram"},"content":{"rendered":"<p>Science Selective Recovery van Supreme is een vloeibaar voedsel voor zieke of herstellende konijnen en overige kleine planteneters. De formule bevat prebiotische fructo-oligosacchariden ter bevordering van een gezond spijsverteringsstelsel. Met handige voedingsspuit.<\/p>\n<h2>Toediening<\/h2>\n<p>Meng het poeder met 70 ml warm water tot een eenvoudig te voeren pasta.<br \/>1 zakje per dag, kleine porties met regelmatige tussenpozen verdeeld over de dag.<\/p>\n<h2>Verpakking<\/h2>\n<p>10 x 20 gram.<\/p>\n","protected":false},"excerpt":{"rendered":"<p>Science Selective Recovery van Supreme is een vloeibaar voedsel voor zieke of herstellende konijnen en overige kleine planteneters. De formule bevat prebiotische fructo-oligosacchariden ter bevordering van een gezond spijsverteringsstelsel. Met handige voedingsspuit. Toediening Meng het poeder met 70 ml warm water tot een eenvoudig te voeren pasta.1 zakje per dag, kleine porties met regelmatige tussenpozen [&hellip;]<\/p>\n","protected":false},"featured_media":118715,"comment_status":"open","ping_status":"closed","template":"","meta":{"_acf_changed":false,"_nl_post_content":"<p>Science Selective Recovery van Supreme is een vloeibaar voedsel voor zieke of herstellende konijnen en overige kleine planteneters. De formule bevat prebiotische fructo-oligosacchariden ter bevordering van een gezond spijsverteringsstelsel. Met handige voedingsspuit.<\/p>\r\n<h2>Toediening<\/h2>\r\n<p>Meng het poeder met 70 ml warm water tot een eenvoudig te voeren pasta.<br>1 zakje per dag, kleine porties met regelmatige tussenpozen verdeeld over de dag.<\/p>\r\n<h2>Verpakking<\/h2>\r\n<p>10 x 20 gram.<\/p>","_nl_post_name":"science-selective-recovery","_nl_post_excerpt":"","_nl_post_title":"Science Selective Recovery | Konijn 10 x 20 gram","_en_post_content":"<p>Science Selective Recovery from Supreme is a liquid feed for sick or recuperating rabbits and other small herbivores. The formula contains prebiotic fructo-oligo-saccharides to help promote a healthy digestive system. Comes with feeding syringe. Suitable for long term feeding.<\/p>\r\n<h2>Administration<\/h2>\r\n<p>Just add 70 ml warm water and mix into an easy to feed paste.<\/p>\r\n<h2>Dosage<\/h2>\r\n<p>1 bag a day, small portions with regular intervals spread throughout the day.<\/p>\r\n<h2>Package<\/h2>\r\n<p>10 x 20 grams.<\/p>","_en_post_name":"science-selective-recovery","_en_post_excerpt":"","_en_post_title":"Science Selective Recovery | Rabbit 10 x 20 grams","_de_post_content":"<p>Science Selective Recovery von Supreme ist eine fl\u00fcssige Nahrung f\u00fcr kranke oder Rekonvaleszenz Kaninchen und andere kleine Pflanzenfresser. Die Formel enth\u00e4lt Fructo-oligo-saccharide fur ein gesundes Verdauungssystem. Kommt mit F\u00fctterungsspritze. Geeignet f\u00fcr Langzeit-F\u00fctterung.<\/p>\r\n<h2>Anwendung<\/h2>\r\n<p>Mische des Pulvers mit 70 ml hei\u00dfem Wasser zu einer Paste.<\/p>\r\n<h2>Dosierung<\/h2>\r\n<p>1 Beutel pro Tag, kleine Portionen in regelm\u00e4\u00dfigen Abst\u00e4nden \u00fcber den Tag verteilt.<\/p>\r\n<h2>Verpackung<\/h2>\r\n<p>10 x 20 Gramm.<\/p>","_de_post_name":"science-selective-recovery","_de_post_excerpt":"","_de_post_title":"Science Selective Recovery | Kaninchen 10 x 20 Gramm","_fr_post_content":"<p>Science Selective Recovery van Supreme is een vloeibaar voedsel voor zieke of herstellende konijnen en overige kleine planteneters. De formule bevat prebiotische fructo-oligosacchariden ter bevordering van een gezond spijsverteringsstelsel. Met handige voedingsspuit.<\/p>\r\n<h2>Toediening<\/h2>\r\n<p>Meng het poeder met 70 ml warm water tot een eenvoudig te voeren pasta.<br \/>1 zakje per dag, kleine porties met regelmatige tussenpozen verdeeld over de dag.<\/p>\r\n<h2>Verpakking<\/h2>\r\n<p>10 x 20 gram.<\/p>","_fr_post_name":"science-selective-recovery","_fr_post_excerpt":"","_fr_post_title":"Science Selective Recovery | Konijn 10 x 20 gram","_es_post_content":"<p>Science Selective Recovery de Supreme es un alimento l\u00edquido para conejos enfermos o en recuperaci\u00f3n y otros peque\u00f1os herb\u00edvoros. La f\u00f3rmula contiene fructooligosac\u00e1ridos prebi\u00f3ticos para promover un sistema digestivo saludable. Con pr\u00e1ctica jeringa de alimentaci\u00f3n.<\/p>\r\n<p><span style=\"text-decoration: underline;\">Administraci\u00f3n<\/span><\/p>\r\n<p>Mezcle el polvo con 70 ml de agua tibia para formar una pasta f\u00e1cil de alimentar.<br \/>1 sobre al d\u00eda, en peque\u00f1as porciones a intervalos regulares a lo largo del d\u00eda.<\/p>\r\n<h2>Embalaje<\/h2>\r\n<p>10 x 20 gramos.<\/p>","_es_post_name":"science-selective-recovery","_es_post_excerpt":"","_es_post_title":"Science Selective Recovery | Conejos 10 x 20 gramos","edit_language":"nl"},"product_brand":[],"product_cat":[1825,1826,1827,1857,1824,2093],"product_tag":[],"class_list":{"0":"post-118716","1":"product","2":"type-product","3":"status-publish","4":"has-post-thumbnail","6":"product_cat-konijnen","7":"product_cat-konijnenvoer","8":"product_cat-medicijnen-supplementen","9":"product_cat-merken","10":"product_cat-overig","11":"product_cat-science-selective","12":"pa_aandoening-overig","13":"pa_doeldier-knaagdier","14":"pa_doeldier-konijn","15":"pa_fabricatieland-uk","16":"pa_merkfilter-scienceselective","17":"pa_merkgroep-supreme","18":"pa_productsoort-voeding","19":"pa_toedieningswijze-poeder","20":"pa_unit_pricing_base_measure-1ct","21":"pa_unit_pricing_measure-10ct","22":"pa_werkzamestof-overig","24":"first","25":"instock","26":"taxable","27":"shipping-taxable","28":"purchasable","29":"product-type-simple"},"yoast_head":"<!-- This site is optimized with the Yoast SEO plugin v27.5 - https:\/\/yoast.com\/product\/yoast-seo-wordpress\/ -->\n<title>Science Selective Recovery | Konijnenvoer | Herstelperiode<\/title>\n<meta name=\"description\" content=\"Science Selective Recovery van Supreme is een vloeibaar voedsel voor zieke of herstellende konijnen en overige kleine planteneters.\" \/>\n<meta name=\"robots\" content=\"index, follow, max-snippet:-1, max-image-preview:large, max-video-preview:-1\" \/>\n<link rel=\"canonical\" href=\"https:\/\/www.pharmacy4pets.nl\/science-selective-recovery\" \/>\n<meta property=\"og:locale\" content=\"nl_NL\" \/>\n<meta property=\"og:type\" content=\"article\" \/>\n<meta property=\"og:title\" content=\"Science Selective Recovery | Konijnenvoer | Herstelperiode\" \/>\n<meta property=\"og:description\" content=\"Science Selective Recovery van Supreme is een vloeibaar voedsel voor zieke of herstellende konijnen en overige kleine planteneters.\" \/>\n<meta property=\"og:url\" content=\"https:\/\/www.pharmacy4pets.nl\/science-selective-recovery\" \/>\n<meta property=\"og:site_name\" content=\"Pharmacy4pets\" \/>\n<meta property=\"article:publisher\" content=\"https:\/\/www.facebook.com\/people\/Pharmacy4petsnl\/100063484989896\/\" \/>\n<meta property=\"article:modified_time\" content=\"2026-03-25T11:58:56+00:00\" \/>\n<meta property=\"og:image\" content=\"https:\/\/www.pharmacy4pets.nl\/wp-content\/uploads\/2017\/08\/16594.jpg\" \/>\n\t<meta property=\"og:image:width\" content=\"268\" \/>\n\t<meta property=\"og:image:height\" content=\"317\" \/>\n\t<meta property=\"og:image:type\" content=\"image\/jpeg\" \/>\n<meta name=\"twitter:card\" content=\"summary_large_image\" \/>\n<script type=\"application\/ld+json\" class=\"yoast-schema-graph\">{\"@context\":\"https:\\\/\\\/schema.org\",\"@graph\":[{\"@type\":\"WebPage\",\"@id\":\"https:\\\/\\\/www.pharmacy4pets.nl\\\/science-selective-recovery\",\"url\":\"https:\\\/\\\/www.pharmacy4pets.nl\\\/science-selective-recovery\",\"name\":\"Science Selective Recovery | Konijnenvoer | Herstelperiode\",\"isPartOf\":{\"@id\":\"http:\\\/\\\/www.pharmacy4pets.nl\\\/#website\"},\"primaryImageOfPage\":{\"@id\":\"https:\\\/\\\/www.pharmacy4pets.nl\\\/science-selective-recovery#primaryimage\"},\"image\":{\"@id\":\"https:\\\/\\\/www.pharmacy4pets.nl\\\/science-selective-recovery#primaryimage\"},\"thumbnailUrl\":\"https:\\\/\\\/www.pharmacy4pets.nl\\\/wp-content\\\/uploads\\\/2017\\\/08\\\/16594.jpg\",\"datePublished\":\"2017-08-09T13:47:20+00:00\",\"dateModified\":\"2026-03-25T11:58:56+00:00\",\"description\":\"Science Selective Recovery van Supreme is een vloeibaar voedsel voor zieke of herstellende konijnen en overige kleine planteneters.\",\"breadcrumb\":{\"@id\":\"https:\\\/\\\/www.pharmacy4pets.nl\\\/science-selective-recovery#breadcrumb\"},\"inLanguage\":\"nl-NL\",\"potentialAction\":[{\"@type\":\"ReadAction\",\"target\":[\"https:\\\/\\\/www.pharmacy4pets.nl\\\/science-selective-recovery\"]}]},{\"@type\":\"ImageObject\",\"inLanguage\":\"nl-NL\",\"@id\":\"https:\\\/\\\/www.pharmacy4pets.nl\\\/science-selective-recovery#primaryimage\",\"url\":\"https:\\\/\\\/www.pharmacy4pets.nl\\\/wp-content\\\/uploads\\\/2017\\\/08\\\/16594.jpg\",\"contentUrl\":\"https:\\\/\\\/www.pharmacy4pets.nl\\\/wp-content\\\/uploads\\\/2017\\\/08\\\/16594.jpg\",\"width\":268,\"height\":317,\"caption\":\"Supreme Petfoods\"},{\"@type\":\"BreadcrumbList\",\"@id\":\"https:\\\/\\\/www.pharmacy4pets.nl\\\/science-selective-recovery#breadcrumb\",\"itemListElement\":[{\"@type\":\"ListItem\",\"position\":1,\"name\":\"Home\",\"item\":\"https:\\\/\\\/p4p-nl.bootmine.com\\\/\"},{\"@type\":\"ListItem\",\"position\":2,\"name\":\"Winkel\",\"item\":\"https:\\\/\\\/p4p-nl.bootmine.com\\\/winkel\"},{\"@type\":\"ListItem\",\"position\":3,\"name\":\"Science Selective Recovery | Konijn 10 x 20 gram\"}]},{\"@type\":\"WebSite\",\"@id\":\"http:\\\/\\\/www.pharmacy4pets.nl\\\/#website\",\"url\":\"http:\\\/\\\/www.pharmacy4pets.nl\\\/\",\"name\":\"Pharmacy4pets\",\"description\":\"Pharmacy4pets.nl is d\u00e9 online apotheek waar u terecht kunt voor alle diergeneesmiddelen, verzorgingsproducten en dieetvoeding voor uw huisdier.\",\"publisher\":{\"@id\":\"http:\\\/\\\/www.pharmacy4pets.nl\\\/#organization\"},\"potentialAction\":[{\"@type\":\"SearchAction\",\"target\":{\"@type\":\"EntryPoint\",\"urlTemplate\":\"http:\\\/\\\/www.pharmacy4pets.nl\\\/?s={search_term_string}\"},\"query-input\":{\"@type\":\"PropertyValueSpecification\",\"valueRequired\":true,\"valueName\":\"search_term_string\"}}],\"inLanguage\":\"nl-NL\"},{\"@type\":\"Organization\",\"@id\":\"http:\\\/\\\/www.pharmacy4pets.nl\\\/#organization\",\"name\":\"Pharmacy4pets\",\"url\":\"http:\\\/\\\/www.pharmacy4pets.nl\\\/\",\"logo\":{\"@type\":\"ImageObject\",\"inLanguage\":\"nl-NL\",\"@id\":\"http:\\\/\\\/www.pharmacy4pets.nl\\\/#\\\/schema\\\/logo\\\/image\\\/\",\"url\":\"https:\\\/\\\/p4p-nl.bootmine.com\\\/wp-content\\\/uploads\\\/2026\\\/03\\\/logo-pharmacy4pets.png\",\"contentUrl\":\"https:\\\/\\\/p4p-nl.bootmine.com\\\/wp-content\\\/uploads\\\/2026\\\/03\\\/logo-pharmacy4pets.png\",\"width\":1024,\"height\":135,\"caption\":\"Pharmacy4pets\"},\"image\":{\"@id\":\"http:\\\/\\\/www.pharmacy4pets.nl\\\/#\\\/schema\\\/logo\\\/image\\\/\"},\"sameAs\":[\"https:\\\/\\\/www.facebook.com\\\/people\\\/Pharmacy4petsnl\\\/100063484989896\\\/\",\"https:\\\/\\\/www.youtube.com\\\/channel\\\/UCGPTIgucgli03tP2_kvLkHg\\\/featured\",\"https:\\\/\\\/www.instagram.com\\\/pharmacy4pets.nl\"]}]}<\/script>\n<!-- \/ Yoast SEO plugin. -->","yoast_head_json":{"title":"Science Selective Recovery | Konijnenvoer | Herstelperiode","description":"Science Selective Recovery van Supreme is een vloeibaar voedsel voor zieke of herstellende konijnen en overige kleine planteneters.","robots":{"index":"index","follow":"follow","max-snippet":"max-snippet:-1","max-image-preview":"max-image-preview:large","max-video-preview":"max-video-preview:-1"},"canonical":"https:\/\/www.pharmacy4pets.nl\/science-selective-recovery","og_locale":"nl_NL","og_type":"article","og_title":"Science Selective Recovery | Konijnenvoer | Herstelperiode","og_description":"Science Selective Recovery van Supreme is een vloeibaar voedsel voor zieke of herstellende konijnen en overige kleine planteneters.","og_url":"https:\/\/www.pharmacy4pets.nl\/science-selective-recovery","og_site_name":"Pharmacy4pets","article_publisher":"https:\/\/www.facebook.com\/people\/Pharmacy4petsnl\/100063484989896\/","article_modified_time":"2026-03-25T11:58:56+00:00","og_image":[{"width":268,"height":317,"url":"https:\/\/www.pharmacy4pets.nl\/wp-content\/uploads\/2017\/08\/16594.jpg","type":"image\/jpeg"}],"twitter_card":"summary_large_image","schema":{"@context":"https:\/\/schema.org","@graph":[{"@type":"WebPage","@id":"https:\/\/www.pharmacy4pets.nl\/science-selective-recovery","url":"https:\/\/www.pharmacy4pets.nl\/science-selective-recovery","name":"Science Selective Recovery | Konijnenvoer | Herstelperiode","isPartOf":{"@id":"http:\/\/www.pharmacy4pets.nl\/#website"},"primaryImageOfPage":{"@id":"https:\/\/www.pharmacy4pets.nl\/science-selective-recovery#primaryimage"},"image":{"@id":"https:\/\/www.pharmacy4pets.nl\/science-selective-recovery#primaryimage"},"thumbnailUrl":"https:\/\/www.pharmacy4pets.nl\/wp-content\/uploads\/2017\/08\/16594.jpg","datePublished":"2017-08-09T13:47:20+00:00","dateModified":"2026-03-25T11:58:56+00:00","description":"Science Selective Recovery van Supreme is een vloeibaar voedsel voor zieke of herstellende konijnen en overige kleine planteneters.","breadcrumb":{"@id":"https:\/\/www.pharmacy4pets.nl\/science-selective-recovery#breadcrumb"},"inLanguage":"nl-NL","potentialAction":[{"@type":"ReadAction","target":["https:\/\/www.pharmacy4pets.nl\/science-selective-recovery"]}]},{"@type":"ImageObject","inLanguage":"nl-NL","@id":"https:\/\/www.pharmacy4pets.nl\/science-selective-recovery#primaryimage","url":"https:\/\/www.pharmacy4pets.nl\/wp-content\/uploads\/2017\/08\/16594.jpg","contentUrl":"https:\/\/www.pharmacy4pets.nl\/wp-content\/uploads\/2017\/08\/16594.jpg","width":268,"height":317,"caption":"Supreme Petfoods"},{"@type":"BreadcrumbList","@id":"https:\/\/www.pharmacy4pets.nl\/science-selective-recovery#breadcrumb","itemListElement":[{"@type":"ListItem","position":1,"name":"Home","item":"https:\/\/p4p-nl.bootmine.com\/"},{"@type":"ListItem","position":2,"name":"Winkel","item":"https:\/\/p4p-nl.bootmine.com\/winkel"},{"@type":"ListItem","position":3,"name":"Science Selective Recovery | Konijn 10 x 20 gram"}]},{"@type":"WebSite","@id":"http:\/\/www.pharmacy4pets.nl\/#website","url":"http:\/\/www.pharmacy4pets.nl\/","name":"Pharmacy4pets","description":"Pharmacy4pets.nl is d\u00e9 online apotheek waar u terecht kunt voor alle diergeneesmiddelen, verzorgingsproducten en dieetvoeding voor uw huisdier.","publisher":{"@id":"http:\/\/www.pharmacy4pets.nl\/#organization"},"potentialAction":[{"@type":"SearchAction","target":{"@type":"EntryPoint","urlTemplate":"http:\/\/www.pharmacy4pets.nl\/?s={search_term_string}"},"query-input":{"@type":"PropertyValueSpecification","valueRequired":true,"valueName":"search_term_string"}}],"inLanguage":"nl-NL"},{"@type":"Organization","@id":"http:\/\/www.pharmacy4pets.nl\/#organization","name":"Pharmacy4pets","url":"http:\/\/www.pharmacy4pets.nl\/","logo":{"@type":"ImageObject","inLanguage":"nl-NL","@id":"http:\/\/www.pharmacy4pets.nl\/#\/schema\/logo\/image\/","url":"https:\/\/p4p-nl.bootmine.com\/wp-content\/uploads\/2026\/03\/logo-pharmacy4pets.png","contentUrl":"https:\/\/p4p-nl.bootmine.com\/wp-content\/uploads\/2026\/03\/logo-pharmacy4pets.png","width":1024,"height":135,"caption":"Pharmacy4pets"},"image":{"@id":"http:\/\/www.pharmacy4pets.nl\/#\/schema\/logo\/image\/"},"sameAs":["https:\/\/www.facebook.com\/people\/Pharmacy4petsnl\/100063484989896\/","https:\/\/www.youtube.com\/channel\/UCGPTIgucgli03tP2_kvLkHg\/featured","https:\/\/www.instagram.com\/pharmacy4pets.nl"]}]}},"market_data":{"nl":{"price":0,"sale_price":0,"active":false,"url":null,"parent_url":"","tax_rate":0,"price_inc_tax":0,"sale_price_inc_tax":0},"de":{"price":0,"sale_price":0,"active":false,"url":null,"parent_url":"","tax_rate":0,"price_inc_tax":0,"sale_price_inc_tax":0},"be":{"price":0,"sale_price":0,"active":false,"url":null,"parent_url":"","tax_rate":0,"price_inc_tax":0,"sale_price_inc_tax":0},"fr":{"price":0,"sale_price":0,"active":false,"url":null,"parent_url":"","tax_rate":0,"price_inc_tax":0,"sale_price_inc_tax":0},"ch":{"price":0,"sale_price":0,"active":false,"url":null,"parent_url":"","tax_rate":0,"price_inc_tax":0,"sale_price_inc_tax":0},"at":{"price":0,"sale_price":0,"active":false,"url":null,"parent_url":"","tax_rate":0,"price_inc_tax":0,"sale_price_inc_tax":0},"es":{"price":0,"sale_price":0,"active":false,"url":null,"parent_url":"","tax_rate":0,"price_inc_tax":0,"sale_price_inc_tax":0},"dk":{"price":0,"sale_price":0,"active":false,"url":null,"parent_url":"","tax_rate":0,"price_inc_tax":0,"sale_price_inc_tax":0},"com":{"price":0,"sale_price":0,"active":false,"url":null,"parent_url":"","tax_rate":0,"price_inc_tax":0,"sale_price_inc_tax":0}},"market_nl_price":0,"market_nl_sale_price":0,"market_nl_active":false,"market_nl_url":null,"market_nl_parent_url":"","market_nl_tax_rate":0,"market_nl_price_inc_tax":0,"market_nl_sale_price_inc_tax":0,"market_de_price":0,"market_de_sale_price":0,"market_de_active":false,"market_de_url":null,"market_de_parent_url":"","market_de_tax_rate":0,"market_de_price_inc_tax":0,"market_de_sale_price_inc_tax":0,"market_be_price":0,"market_be_sale_price":0,"market_be_active":false,"market_be_url":null,"market_be_parent_url":"","market_be_tax_rate":0,"market_be_price_inc_tax":0,"market_be_sale_price_inc_tax":0,"market_fr_price":0,"market_fr_sale_price":0,"market_fr_active":false,"market_fr_url":null,"market_fr_parent_url":"","market_fr_tax_rate":0,"market_fr_price_inc_tax":0,"market_fr_sale_price_inc_tax":0,"market_ch_price":0,"market_ch_sale_price":0,"market_ch_active":false,"market_ch_url":null,"market_ch_parent_url":"","market_ch_tax_rate":0,"market_ch_price_inc_tax":0,"market_ch_sale_price_inc_tax":0,"market_at_price":0,"market_at_sale_price":0,"market_at_active":false,"market_at_url":null,"market_at_parent_url":"","market_at_tax_rate":0,"market_at_price_inc_tax":0,"market_at_sale_price_inc_tax":0,"market_es_price":0,"market_es_sale_price":0,"market_es_active":false,"market_es_url":null,"market_es_parent_url":"","market_es_tax_rate":0,"market_es_price_inc_tax":0,"market_es_sale_price_inc_tax":0,"market_dk_price":0,"market_dk_sale_price":0,"market_dk_active":false,"market_dk_url":null,"market_dk_parent_url":"","market_dk_tax_rate":0,"market_dk_price_inc_tax":0,"market_dk_sale_price_inc_tax":0,"market_com_price":0,"market_com_sale_price":0,"market_com_active":false,"market_com_url":null,"market_com_parent_url":"","market_com_tax_rate":0,"market_com_price_inc_tax":0,"market_com_sale_price_inc_tax":0,"acf":[],"_links":{"self":[{"href":"https:\/\/www.pharmacy4pets.nl\/be\/wp-json\/wp\/v2\/product\/118716","targetHints":{"allow":["GET"]}}],"collection":[{"href":"https:\/\/www.pharmacy4pets.nl\/be\/wp-json\/wp\/v2\/product"}],"about":[{"href":"https:\/\/www.pharmacy4pets.nl\/be\/wp-json\/wp\/v2\/types\/product"}],"replies":[{"embeddable":true,"href":"https:\/\/www.pharmacy4pets.nl\/be\/wp-json\/wp\/v2\/comments?post=118716"}],"wp:featuredmedia":[{"embeddable":true,"href":"https:\/\/www.pharmacy4pets.nl\/be\/wp-json\/wp\/v2\/media\/118715"}],"wp:attachment":[{"href":"https:\/\/www.pharmacy4pets.nl\/be\/wp-json\/wp\/v2\/media?parent=118716"}],"wp:term":[{"taxonomy":"product_brand","embeddable":true,"href":"https:\/\/www.pharmacy4pets.nl\/be\/wp-json\/wp\/v2\/product_brand?post=118716"},{"taxonomy":"product_cat","embeddable":true,"href":"https:\/\/www.pharmacy4pets.nl\/be\/wp-json\/wp\/v2\/product_cat?post=118716"},{"taxonomy":"product_tag","embeddable":true,"href":"https:\/\/www.pharmacy4pets.nl\/be\/wp-json\/wp\/v2\/product_tag?post=118716"}],"curies":[{"name":"wp","href":"https:\/\/api.w.org\/{rel}","templated":true}]}}