{"id":118704,"date":"2017-08-09T10:53:39","date_gmt":"2017-08-09T10:53:39","guid":{"rendered":"https:\/\/p4p.test\/fendigo-silycure-160-mg"},"modified":"2026-04-14T08:03:03","modified_gmt":"2026-04-14T08:03:03","slug":"fendigo-silycure-160-mg","status":"publish","type":"product","link":"https:\/\/www.pharmacy4pets.nl\/be\/fendigo-silycure-160-mg","title":{"rendered":"Silycure | Hond 2 x 15 tabletten 160 mg"},"content":{"rendered":"<p>Silycure van het merk Fendigo zijn tabletten voor uw hond ter ondersteuning van de lever- en galreiniging. De formule maakt gebruik van Silybine, wat zorgt voor een activatie van enzymsystemen dat ondersteunt bij de reiniging van de lever. Ook is Silycure goed voor de galfunctie.<\/p>\n<p><span style=\"text-decoration: underline;\">Toediening:<br \/><\/span>De smakelijke tabletten kunnen gebroken of verbrijzeld worden. Toedienen tijdens de maaltijd of daarbuiten.<\/p>\n<p><span style=\"text-decoration: underline;\">Dosering:<br \/><\/span>1 tablet per 16 kg per dag (10 mg\/kg\/dag) bij voorkeur verdeeld over 2 innames, gedurende minimaal 10 dagen of bij chronische aandoeningen gedurende 30 dagen of meer. Mag eventueel herhaald worden. Indien nodig mag de dosis gedurende de eerste week verdubbeld worden. De tabletten zijn deelbaar in 4.<\/p>\n<p><span style=\"text-decoration: underline;\">Verpakking:<br \/><\/span>2 x 15 tabletten \u00e0 160 mg<\/p>\n","protected":false},"excerpt":{"rendered":"<p>Silycure van het merk Fendigo zijn tabletten voor uw hond ter ondersteuning van de lever- en galreiniging. De formule maakt gebruik van Silybine, wat zorgt voor een activatie van enzymsystemen dat ondersteunt bij de reiniging van de lever. Ook is Silycure goed voor de galfunctie. Toediening:De smakelijke tabletten kunnen gebroken of verbrijzeld worden. Toedienen tijdens [&hellip;]<\/p>\n","protected":false},"featured_media":118703,"comment_status":"open","ping_status":"closed","template":"","meta":{"_acf_changed":false,"_nl_post_content":"<p>Silycure van het merk Fendigo zijn tabletten voor uw hond ter ondersteuning van de lever- en galreiniging. De formule maakt gebruik van Silybine, wat zorgt voor een activatie van enzymsystemen dat ondersteunt bij de reiniging van de lever. Ook is Silycure goed voor de galfunctie.<\/p>\r\n<p><span style=\"text-decoration: underline;\">Toediening:<br \/><\/span>De smakelijke tabletten kunnen gebroken of verbrijzeld worden. Toedienen tijdens de maaltijd of daarbuiten.<\/p>\r\n<p><span style=\"text-decoration: underline;\">Dosering:<br \/><\/span>1 tablet per 16 kg per dag (10 mg\/kg\/dag) bij voorkeur verdeeld over 2 innames, gedurende minimaal 10 dagen of bij chronische aandoeningen gedurende 30 dagen of meer. Mag eventueel herhaald worden. Indien nodig mag de dosis gedurende de eerste week verdubbeld worden. De tabletten zijn deelbaar in 4.<\/p>\r\n<p><span style=\"text-decoration: underline;\">Verpakking:<br \/><\/span>2 x 15 tabletten \u00e0 160 mg<\/p>","_nl_post_name":"fendigo-silycure-160-mg","_nl_post_excerpt":"","_nl_post_title":"Silycure | Hond 2 x 15 tabletten 160 mg","_en_post_content":"<p>Silycure from Fendigo are tablets for your dog to support liver and gall bladder cleansing. The formula contains Silybine, which allows for activation of enzyme systems that help in cleansing the liver. Very effective for bile secretion.<\/p>\r\n<p><span style=\"text-decoration: underline;\">Administration:<br \/><\/span>The tablet can be broken or crushed. Apply during meals or without food.<\/p>\r\n<p><span style=\"text-decoration: underline;\">Dosage:<br \/><\/span>1 tablet per 16 kg per day (10 mg \/ kg \/ day), preferably divided over 2 intakes, for a minimum of 10 days, or for chronic conditions for 30 days or more. May be repeated if necessary. If necessary, the dose may be doubled during the first week. The tablets can be divided into 4.<span style=\"text-decoration: underline;\"><br \/><\/span><\/p>\r\n<p><span style=\"text-decoration: underline;\">Package:<br \/><\/span>2 x 15 tablets of 160 mg<\/p>","_en_post_name":"fendigo-silycure-160-mg","_en_post_excerpt":"","_en_post_title":"Silycure | Dog 2 x 15 tablets 160 mg","_de_post_content":"<p>Silycure von Fendingo unterst&uuml;tzt die Leber- und Gallenreinigung von Ihren Hund. Die Formel verwendet Silybin, es sorgt f&uuml;r die Aktivierung von Enzymen, die bei der Reinigung der Leber helfen. Sehr effektive f&uuml;r die Sekretion von Galle.<\/p>\r\n<p><span style=\"text-decoration: underline;\">Anwendung:<br \/><\/span>Die Tabletten k&ouml;nnen zerbrochen oder zerdr&uuml;ckt werden. Administrieren zu den Mahlzeiten oder ohne Futter.<\/p>\r\n<p><span style=\"text-decoration: underline;\">Dosierung:<br \/><\/span>1 Tablette pro 16 kg pro Tag (10 mg \/ kg \/ Tag), vorzugsweise aufgeteilt auf 2 Einnahmen, f&uuml;r mindestens 10 Tage oder bei chronischen Erkrankungen f&uuml;r 30 Tage oder l&auml;nger. Kann wiederholt werden. Wenn n&ouml;tig kann die Dosis in der ersten Woche verdoppelt werden. Die Tabletten k&ouml;nnen in 4 geteilt werden.<\/p>\r\n<p><span style=\"text-decoration: underline;\">Verpackung:<br \/><\/span>2 x 15 Tabletten &agrave; 160 mg<\/p>","_de_post_name":"fendigo-silycure-160-mg","_de_post_excerpt":"","_de_post_title":"Silycure | Hund 2 x 15 Tabletten 160 mg","_fr_post_content":"<p>Silycure de la marque Fendigo sont des comprim\u00e9s pour votre chien afin de soutenir le nettoyage du foie et de la bile. La formule utilise la silybine, qui active les syst\u00e8mes enzymatiques qui aident \u00e0 nettoyer le foie. Tr\u00e8s efficace pour la s\u00e9cr\u00e9tion de la bile.<\/p>\r\n<p>Administration :<br \/>Les comprim\u00e9s savoureux peuvent \u00eatre bris\u00e9s ou \u00e9cras\u00e9s. Administrer pendant les repas ou \u00e0 l'ext\u00e9rieur.<\/p>\r\n<p>Dosage :<br \/>1 comprim\u00e9 par 16 kg par jour (10 mg\/kg\/jour), de pr\u00e9f\u00e9rence r\u00e9parti en 2 prises, pendant un minimum de 10 jours ou pendant 30 jours ou plus dans les affections chroniques. Peut \u00eatre r\u00e9p\u00e9t\u00e9 si n\u00e9cessaire. La dose peut \u00eatre doubl\u00e9e au cours de la premi\u00e8re semaine. Les tablettes sont divisibles en 4.<\/p>\r\n<p>Emballage :<br \/>2 x 15 comprim\u00e9s de 160 mg<\/p>","_fr_post_name":"fendigo-silycure-160-mg","_fr_post_excerpt":"","_fr_post_title":"Silycure | Chien 2 x 15 comprim\u00e9s 160 mg","_es_post_content":"<p>Silycure de la marca Fendigo son comprimidos para perros y gatos para apoyar la limpieza del h&iacute;gado y la ves&iacute;cula biliar. El producto contiene Silibina, que permite la activaci&oacute;n de sistemas enzim&aacute;ticos que ayudan a limpiar el h&iacute;gado. Muy eficaz para la secreci&oacute;n de bilis.<\/p>\r\n<p><span style=\"text-decoration: underline;\">Administraci&oacute;n:<br \/><\/span>Se pueden fraccionar o triturar los comprimidos. Administrar en la comida o sin comida.<\/p>\r\n<p><span style=\"text-decoration: underline;\">Dosificaci&oacute;n:<br \/><\/span>1 comprimido por 16 kg al d&iacute;a (10 mg\/kg\/dag)&nbsp;preferentemente repartido en 2 tomas, durante un m&iacute;nimo de 10 d&iacute;as o, en caso de afecciones cr&oacute;nicas, durante 30 d&iacute;as o m&aacute;s. Puede repetirse si es necesario. Si es necesario, la dosis puede duplicarse durante la primera semana. Las pastillas son fraccionables en 4.<\/p>\r\n<p><span style=\"text-decoration: underline;\">Envase:<br \/><\/span>2 x 15 comprimidos de 160 mg<\/p>","_es_post_name":"fendigo-silycure-160-mg","_es_post_excerpt":"","_es_post_title":"Silycure | Perros 2 x 15 pastillas 160 mg","edit_language":"nl"},"product_brand":[],"product_cat":[1117,1846,1839,1857,1955],"product_tag":[],"class_list":{"0":"post-118704","1":"product","2":"type-product","3":"status-publish","4":"has-post-thumbnail","6":"product_cat-honden","7":"product_cat-lever","8":"product_cat-medicijnen-supplementen","9":"product_cat-merken","10":"product_cat-silycure","11":"pa_aandoening-overig","12":"pa_doeldier-hond","13":"pa_fabricatieland-belgie","14":"pa_merkfilter-silycure","15":"pa_merkgroep-fendigo","16":"pa_productsoort-voedingssupplement","17":"pa_seo_canonical_store_id-not_found_value","18":"pa_seo_category-not_found_value","19":"pa_seo_meta_robots-not_found_value","20":"pa_toedieningswijze-tabletten","21":"pa_unit_pricing_base_measure-1ct","22":"pa_unit_pricing_measure-30ct","23":"pa_werkzamestof-overig","25":"first","26":"instock","27":"taxable","28":"shipping-taxable","29":"purchasable","30":"product-type-simple"},"yoast_head":"<!-- This site is optimized with the Yoast SEO plugin v27.5 - https:\/\/yoast.com\/product\/yoast-seo-wordpress\/ -->\n<title>Silycure | Lever &amp; Gal | Hond<\/title>\n<meta name=\"description\" content=\"Silycure van het merk Fendigo zijn tabletten voor uw hond ter ondersteuning van de lever- en galreiniging.\" \/>\n<meta name=\"robots\" content=\"index, follow, max-snippet:-1, max-image-preview:large, max-video-preview:-1\" \/>\n<link rel=\"canonical\" href=\"https:\/\/p4p-nl.bootmine.com\/%product-slug%\/fendigo-silycure-160-mg\" \/>\n<meta property=\"og:locale\" content=\"nl_NL\" \/>\n<meta property=\"og:type\" content=\"article\" \/>\n<meta property=\"og:title\" content=\"Silycure | Lever &amp; Gal | Hond\" \/>\n<meta property=\"og:description\" content=\"Silycure van het merk Fendigo zijn tabletten voor uw hond ter ondersteuning van de lever- en galreiniging.\" \/>\n<meta property=\"og:url\" content=\"https:\/\/p4p-nl.bootmine.com\/%product-slug%\/fendigo-silycure-160-mg\" \/>\n<meta property=\"og:site_name\" content=\"Pharmacy4pets\" \/>\n<meta property=\"article:publisher\" content=\"https:\/\/www.facebook.com\/people\/Pharmacy4petsnl\/100063484989896\/\" \/>\n<meta property=\"article:modified_time\" content=\"2026-04-14T08:03:03+00:00\" \/>\n<meta property=\"og:image\" content=\"https:\/\/p4p-nl.bootmine.com\/wp-content\/uploads\/2017\/08\/24763.jpg\" \/>\n\t<meta property=\"og:image:width\" content=\"600\" \/>\n\t<meta property=\"og:image:height\" content=\"600\" \/>\n\t<meta property=\"og:image:type\" content=\"image\/jpeg\" \/>\n<meta name=\"twitter:card\" content=\"summary_large_image\" \/>\n<meta name=\"twitter:label1\" content=\"Geschatte leestijd\" \/>\n\t<meta name=\"twitter:data1\" content=\"1 minuut\" \/>\n<script type=\"application\/ld+json\" class=\"yoast-schema-graph\">{\"@context\":\"https:\\\/\\\/schema.org\",\"@graph\":[{\"@type\":\"WebPage\",\"@id\":\"https:\\\/\\\/p4p-nl.bootmine.com\\\/%product-slug%\\\/fendigo-silycure-160-mg\",\"url\":\"https:\\\/\\\/p4p-nl.bootmine.com\\\/%product-slug%\\\/fendigo-silycure-160-mg\",\"name\":\"Silycure | Lever & Gal | Hond\",\"isPartOf\":{\"@id\":\"http:\\\/\\\/www.pharmacy4pets.nl\\\/#website\"},\"primaryImageOfPage\":{\"@id\":\"https:\\\/\\\/p4p-nl.bootmine.com\\\/%product-slug%\\\/fendigo-silycure-160-mg#primaryimage\"},\"image\":{\"@id\":\"https:\\\/\\\/p4p-nl.bootmine.com\\\/%product-slug%\\\/fendigo-silycure-160-mg#primaryimage\"},\"thumbnailUrl\":\"https:\\\/\\\/www.pharmacy4pets.nl\\\/wp-content\\\/uploads\\\/2017\\\/08\\\/24763.jpg\",\"datePublished\":\"2017-08-09T10:53:39+00:00\",\"dateModified\":\"2026-04-14T08:03:03+00:00\",\"description\":\"Silycure van het merk Fendigo zijn tabletten voor uw hond ter ondersteuning van de lever- en galreiniging.\",\"breadcrumb\":{\"@id\":\"https:\\\/\\\/p4p-nl.bootmine.com\\\/%product-slug%\\\/fendigo-silycure-160-mg#breadcrumb\"},\"inLanguage\":\"nl-NL\",\"potentialAction\":[{\"@type\":\"ReadAction\",\"target\":[\"https:\\\/\\\/p4p-nl.bootmine.com\\\/%product-slug%\\\/fendigo-silycure-160-mg\"]}]},{\"@type\":\"ImageObject\",\"inLanguage\":\"nl-NL\",\"@id\":\"https:\\\/\\\/p4p-nl.bootmine.com\\\/%product-slug%\\\/fendigo-silycure-160-mg#primaryimage\",\"url\":\"https:\\\/\\\/www.pharmacy4pets.nl\\\/wp-content\\\/uploads\\\/2017\\\/08\\\/24763.jpg\",\"contentUrl\":\"https:\\\/\\\/www.pharmacy4pets.nl\\\/wp-content\\\/uploads\\\/2017\\\/08\\\/24763.jpg\",\"width\":600,\"height\":600,\"caption\":\"Silycure\"},{\"@type\":\"BreadcrumbList\",\"@id\":\"https:\\\/\\\/p4p-nl.bootmine.com\\\/%product-slug%\\\/fendigo-silycure-160-mg#breadcrumb\",\"itemListElement\":[{\"@type\":\"ListItem\",\"position\":1,\"name\":\"Home\",\"item\":\"https:\\\/\\\/p4p-nl.bootmine.com\\\/\"},{\"@type\":\"ListItem\",\"position\":2,\"name\":\"Winkel\",\"item\":\"https:\\\/\\\/p4p-nl.bootmine.com\\\/winkel\"},{\"@type\":\"ListItem\",\"position\":3,\"name\":\"Silycure | Hond 2 x 15 tabletten 160 mg\"}]},{\"@type\":\"WebSite\",\"@id\":\"http:\\\/\\\/www.pharmacy4pets.nl\\\/#website\",\"url\":\"http:\\\/\\\/www.pharmacy4pets.nl\\\/\",\"name\":\"Pharmacy4pets\",\"description\":\"Pharmacy4pets.nl is d\u00e9 online apotheek waar u terecht kunt voor alle diergeneesmiddelen, verzorgingsproducten en dieetvoeding voor uw huisdier.\",\"publisher\":{\"@id\":\"http:\\\/\\\/www.pharmacy4pets.nl\\\/#organization\"},\"potentialAction\":[{\"@type\":\"SearchAction\",\"target\":{\"@type\":\"EntryPoint\",\"urlTemplate\":\"http:\\\/\\\/www.pharmacy4pets.nl\\\/?s={search_term_string}\"},\"query-input\":{\"@type\":\"PropertyValueSpecification\",\"valueRequired\":true,\"valueName\":\"search_term_string\"}}],\"inLanguage\":\"nl-NL\"},{\"@type\":\"Organization\",\"@id\":\"http:\\\/\\\/www.pharmacy4pets.nl\\\/#organization\",\"name\":\"Pharmacy4pets\",\"url\":\"http:\\\/\\\/www.pharmacy4pets.nl\\\/\",\"logo\":{\"@type\":\"ImageObject\",\"inLanguage\":\"nl-NL\",\"@id\":\"http:\\\/\\\/www.pharmacy4pets.nl\\\/#\\\/schema\\\/logo\\\/image\\\/\",\"url\":\"https:\\\/\\\/p4p-nl.bootmine.com\\\/wp-content\\\/uploads\\\/2026\\\/03\\\/logo-pharmacy4pets.png\",\"contentUrl\":\"https:\\\/\\\/p4p-nl.bootmine.com\\\/wp-content\\\/uploads\\\/2026\\\/03\\\/logo-pharmacy4pets.png\",\"width\":1024,\"height\":135,\"caption\":\"Pharmacy4pets\"},\"image\":{\"@id\":\"http:\\\/\\\/www.pharmacy4pets.nl\\\/#\\\/schema\\\/logo\\\/image\\\/\"},\"sameAs\":[\"https:\\\/\\\/www.facebook.com\\\/people\\\/Pharmacy4petsnl\\\/100063484989896\\\/\",\"https:\\\/\\\/www.youtube.com\\\/channel\\\/UCGPTIgucgli03tP2_kvLkHg\\\/featured\",\"https:\\\/\\\/www.instagram.com\\\/pharmacy4pets.nl\"]}]}<\/script>\n<!-- \/ Yoast SEO plugin. -->","yoast_head_json":{"title":"Silycure | Lever & Gal | Hond","description":"Silycure van het merk Fendigo zijn tabletten voor uw hond ter ondersteuning van de lever- en galreiniging.","robots":{"index":"index","follow":"follow","max-snippet":"max-snippet:-1","max-image-preview":"max-image-preview:large","max-video-preview":"max-video-preview:-1"},"canonical":"https:\/\/p4p-nl.bootmine.com\/%product-slug%\/fendigo-silycure-160-mg","og_locale":"nl_NL","og_type":"article","og_title":"Silycure | Lever & Gal | Hond","og_description":"Silycure van het merk Fendigo zijn tabletten voor uw hond ter ondersteuning van de lever- en galreiniging.","og_url":"https:\/\/p4p-nl.bootmine.com\/%product-slug%\/fendigo-silycure-160-mg","og_site_name":"Pharmacy4pets","article_publisher":"https:\/\/www.facebook.com\/people\/Pharmacy4petsnl\/100063484989896\/","article_modified_time":"2026-04-14T08:03:03+00:00","og_image":[{"width":600,"height":600,"url":"https:\/\/p4p-nl.bootmine.com\/wp-content\/uploads\/2017\/08\/24763.jpg","type":"image\/jpeg"}],"twitter_card":"summary_large_image","twitter_misc":{"Geschatte leestijd":"1 minuut"},"schema":{"@context":"https:\/\/schema.org","@graph":[{"@type":"WebPage","@id":"https:\/\/p4p-nl.bootmine.com\/%product-slug%\/fendigo-silycure-160-mg","url":"https:\/\/p4p-nl.bootmine.com\/%product-slug%\/fendigo-silycure-160-mg","name":"Silycure | Lever & Gal | Hond","isPartOf":{"@id":"http:\/\/www.pharmacy4pets.nl\/#website"},"primaryImageOfPage":{"@id":"https:\/\/p4p-nl.bootmine.com\/%product-slug%\/fendigo-silycure-160-mg#primaryimage"},"image":{"@id":"https:\/\/p4p-nl.bootmine.com\/%product-slug%\/fendigo-silycure-160-mg#primaryimage"},"thumbnailUrl":"https:\/\/www.pharmacy4pets.nl\/wp-content\/uploads\/2017\/08\/24763.jpg","datePublished":"2017-08-09T10:53:39+00:00","dateModified":"2026-04-14T08:03:03+00:00","description":"Silycure van het merk Fendigo zijn tabletten voor uw hond ter ondersteuning van de lever- en galreiniging.","breadcrumb":{"@id":"https:\/\/p4p-nl.bootmine.com\/%product-slug%\/fendigo-silycure-160-mg#breadcrumb"},"inLanguage":"nl-NL","potentialAction":[{"@type":"ReadAction","target":["https:\/\/p4p-nl.bootmine.com\/%product-slug%\/fendigo-silycure-160-mg"]}]},{"@type":"ImageObject","inLanguage":"nl-NL","@id":"https:\/\/p4p-nl.bootmine.com\/%product-slug%\/fendigo-silycure-160-mg#primaryimage","url":"https:\/\/www.pharmacy4pets.nl\/wp-content\/uploads\/2017\/08\/24763.jpg","contentUrl":"https:\/\/www.pharmacy4pets.nl\/wp-content\/uploads\/2017\/08\/24763.jpg","width":600,"height":600,"caption":"Silycure"},{"@type":"BreadcrumbList","@id":"https:\/\/p4p-nl.bootmine.com\/%product-slug%\/fendigo-silycure-160-mg#breadcrumb","itemListElement":[{"@type":"ListItem","position":1,"name":"Home","item":"https:\/\/p4p-nl.bootmine.com\/"},{"@type":"ListItem","position":2,"name":"Winkel","item":"https:\/\/p4p-nl.bootmine.com\/winkel"},{"@type":"ListItem","position":3,"name":"Silycure | Hond 2 x 15 tabletten 160 mg"}]},{"@type":"WebSite","@id":"http:\/\/www.pharmacy4pets.nl\/#website","url":"http:\/\/www.pharmacy4pets.nl\/","name":"Pharmacy4pets","description":"Pharmacy4pets.nl is d\u00e9 online apotheek waar u terecht kunt voor alle diergeneesmiddelen, verzorgingsproducten en dieetvoeding voor uw huisdier.","publisher":{"@id":"http:\/\/www.pharmacy4pets.nl\/#organization"},"potentialAction":[{"@type":"SearchAction","target":{"@type":"EntryPoint","urlTemplate":"http:\/\/www.pharmacy4pets.nl\/?s={search_term_string}"},"query-input":{"@type":"PropertyValueSpecification","valueRequired":true,"valueName":"search_term_string"}}],"inLanguage":"nl-NL"},{"@type":"Organization","@id":"http:\/\/www.pharmacy4pets.nl\/#organization","name":"Pharmacy4pets","url":"http:\/\/www.pharmacy4pets.nl\/","logo":{"@type":"ImageObject","inLanguage":"nl-NL","@id":"http:\/\/www.pharmacy4pets.nl\/#\/schema\/logo\/image\/","url":"https:\/\/p4p-nl.bootmine.com\/wp-content\/uploads\/2026\/03\/logo-pharmacy4pets.png","contentUrl":"https:\/\/p4p-nl.bootmine.com\/wp-content\/uploads\/2026\/03\/logo-pharmacy4pets.png","width":1024,"height":135,"caption":"Pharmacy4pets"},"image":{"@id":"http:\/\/www.pharmacy4pets.nl\/#\/schema\/logo\/image\/"},"sameAs":["https:\/\/www.facebook.com\/people\/Pharmacy4petsnl\/100063484989896\/","https:\/\/www.youtube.com\/channel\/UCGPTIgucgli03tP2_kvLkHg\/featured","https:\/\/www.instagram.com\/pharmacy4pets.nl"]}]}},"market_data":{"nl":{"price":0,"sale_price":0,"active":false,"url":null,"parent_url":"","tax_rate":0,"price_inc_tax":0,"sale_price_inc_tax":0},"de":{"price":0,"sale_price":0,"active":false,"url":null,"parent_url":"","tax_rate":0,"price_inc_tax":0,"sale_price_inc_tax":0},"be":{"price":0,"sale_price":0,"active":false,"url":null,"parent_url":"","tax_rate":0,"price_inc_tax":0,"sale_price_inc_tax":0},"fr":{"price":0,"sale_price":0,"active":false,"url":null,"parent_url":"","tax_rate":0,"price_inc_tax":0,"sale_price_inc_tax":0},"ch":{"price":0,"sale_price":0,"active":false,"url":null,"parent_url":"","tax_rate":0,"price_inc_tax":0,"sale_price_inc_tax":0},"at":{"price":0,"sale_price":0,"active":false,"url":null,"parent_url":"","tax_rate":0,"price_inc_tax":0,"sale_price_inc_tax":0},"es":{"price":0,"sale_price":0,"active":false,"url":null,"parent_url":"","tax_rate":0,"price_inc_tax":0,"sale_price_inc_tax":0},"dk":{"price":0,"sale_price":0,"active":false,"url":null,"parent_url":"","tax_rate":0,"price_inc_tax":0,"sale_price_inc_tax":0},"com":{"price":0,"sale_price":0,"active":false,"url":null,"parent_url":"","tax_rate":0,"price_inc_tax":0,"sale_price_inc_tax":0}},"market_nl_price":0,"market_nl_sale_price":0,"market_nl_active":false,"market_nl_url":null,"market_nl_parent_url":"","market_nl_tax_rate":0,"market_nl_price_inc_tax":0,"market_nl_sale_price_inc_tax":0,"market_de_price":0,"market_de_sale_price":0,"market_de_active":false,"market_de_url":null,"market_de_parent_url":"","market_de_tax_rate":0,"market_de_price_inc_tax":0,"market_de_sale_price_inc_tax":0,"market_be_price":0,"market_be_sale_price":0,"market_be_active":false,"market_be_url":null,"market_be_parent_url":"","market_be_tax_rate":0,"market_be_price_inc_tax":0,"market_be_sale_price_inc_tax":0,"market_fr_price":0,"market_fr_sale_price":0,"market_fr_active":false,"market_fr_url":null,"market_fr_parent_url":"","market_fr_tax_rate":0,"market_fr_price_inc_tax":0,"market_fr_sale_price_inc_tax":0,"market_ch_price":0,"market_ch_sale_price":0,"market_ch_active":false,"market_ch_url":null,"market_ch_parent_url":"","market_ch_tax_rate":0,"market_ch_price_inc_tax":0,"market_ch_sale_price_inc_tax":0,"market_at_price":0,"market_at_sale_price":0,"market_at_active":false,"market_at_url":null,"market_at_parent_url":"","market_at_tax_rate":0,"market_at_price_inc_tax":0,"market_at_sale_price_inc_tax":0,"market_es_price":0,"market_es_sale_price":0,"market_es_active":false,"market_es_url":null,"market_es_parent_url":"","market_es_tax_rate":0,"market_es_price_inc_tax":0,"market_es_sale_price_inc_tax":0,"market_dk_price":0,"market_dk_sale_price":0,"market_dk_active":false,"market_dk_url":null,"market_dk_parent_url":"","market_dk_tax_rate":0,"market_dk_price_inc_tax":0,"market_dk_sale_price_inc_tax":0,"market_com_price":0,"market_com_sale_price":0,"market_com_active":false,"market_com_url":null,"market_com_parent_url":"","market_com_tax_rate":0,"market_com_price_inc_tax":0,"market_com_sale_price_inc_tax":0,"acf":[],"_links":{"self":[{"href":"https:\/\/www.pharmacy4pets.nl\/be\/wp-json\/wp\/v2\/product\/118704","targetHints":{"allow":["GET"]}}],"collection":[{"href":"https:\/\/www.pharmacy4pets.nl\/be\/wp-json\/wp\/v2\/product"}],"about":[{"href":"https:\/\/www.pharmacy4pets.nl\/be\/wp-json\/wp\/v2\/types\/product"}],"replies":[{"embeddable":true,"href":"https:\/\/www.pharmacy4pets.nl\/be\/wp-json\/wp\/v2\/comments?post=118704"}],"wp:featuredmedia":[{"embeddable":true,"href":"https:\/\/www.pharmacy4pets.nl\/be\/wp-json\/wp\/v2\/media\/118703"}],"wp:attachment":[{"href":"https:\/\/www.pharmacy4pets.nl\/be\/wp-json\/wp\/v2\/media?parent=118704"}],"wp:term":[{"taxonomy":"product_brand","embeddable":true,"href":"https:\/\/www.pharmacy4pets.nl\/be\/wp-json\/wp\/v2\/product_brand?post=118704"},{"taxonomy":"product_cat","embeddable":true,"href":"https:\/\/www.pharmacy4pets.nl\/be\/wp-json\/wp\/v2\/product_cat?post=118704"},{"taxonomy":"product_tag","embeddable":true,"href":"https:\/\/www.pharmacy4pets.nl\/be\/wp-json\/wp\/v2\/product_tag?post=118704"}],"curies":[{"name":"wp","href":"https:\/\/api.w.org\/{rel}","templated":true}]}}