{"id":118702,"date":"2017-08-09T10:45:37","date_gmt":"2017-08-09T10:45:37","guid":{"rendered":"https:\/\/p4p.test\/sedochol-gold-500-ml"},"modified":"2026-03-25T11:58:54","modified_gmt":"2026-03-25T11:58:54","slug":"sedochol-gold-500-ml","status":"publish","type":"product","link":"https:\/\/www.pharmacy4pets.nl\/be\/sedochol-gold-500-ml","title":{"rendered":"Sedochol Gold | 500 ml"},"content":{"rendered":"<p>Sedochol Gold (voorheen Sedochol) is een aanvullend diervoeder voor verschillende dieren wat de spijsvertering helpt en ondersteuning biedt aan de lever- en nierfuncties. Het zorgt verder voor een gezonde vacht en goede vertering.<\/p>\n<p>Geschikt voor honden, katten, knaagdieren, konijnen, paarden, vogels, etc.<\/p>\n<p><span style=\"text-decoration: underline;\">Toediening:<br \/><\/span><strong>Voor huisdieren en pluimvee:<\/strong><br \/>5 ml product per 10 kg lichaamsgewicht per dag (overeenkomend met 5 ml of \u00e9\u00e9n theelepel product per 10 kg lichaamsgewicht of 500 ml drinkwater), gedurende 5 \u2013 7 dagen. Oraal via het drinkwater of in het voer<\/p>\n<p><strong>Voor grote dieren:<\/strong> <br \/>15 ml product (overeenkomend met \u00e9\u00e9n eetlepel) per 50 kg lichaamsgewicht per dag, gedurende 5 \u2013 7 dagen. Oraal via het drinkwater of in het voer.<\/p>\n<p>De hoeveelheid per dag wordt verdeeld over het aantal maaltijden. De oplossing dagelijks verversen. Gelijktijdige toediening met drinkwater waarin cholinechloride is toegevoegd, moet worden vermeden.<\/p>\n<p><span style=\"text-decoration: underline;\">Verpakking:<br \/><\/span>Fles \u00e0 500 ml.<\/p>\n","protected":false},"excerpt":{"rendered":"<p>Sedochol Gold (voorheen Sedochol) is een aanvullend diervoeder voor verschillende dieren wat de spijsvertering helpt en ondersteuning biedt aan de lever- en nierfuncties. Het zorgt verder voor een gezonde vacht en goede vertering. Geschikt voor honden, katten, knaagdieren, konijnen, paarden, vogels, etc. Toediening:Voor huisdieren en pluimvee:5 ml product per 10 kg lichaamsgewicht per dag (overeenkomend [&hellip;]<\/p>\n","protected":false},"featured_media":118701,"comment_status":"open","ping_status":"closed","template":"","meta":{"_acf_changed":false,"_nl_post_content":"<p>Sedochol Gold (voorheen Sedochol) is een aanvullend diervoeder voor verschillende dieren wat de spijsvertering helpt en ondersteuning biedt aan de lever- en nierfuncties. Het zorgt verder voor een gezonde vacht en goede vertering.<\/p>\r\n<p>Geschikt voor honden, katten, knaagdieren, konijnen, paarden, vogels, etc.<\/p>\r\n<p><span style=\"text-decoration: underline;\">Toediening:<br \/><\/span><strong>Voor huisdieren en pluimvee:<\/strong><br \/>5 ml product per 10 kg lichaamsgewicht per dag (overeenkomend met 5 ml of \u00e9\u00e9n theelepel product per 10 kg lichaamsgewicht of 500 ml drinkwater), gedurende 5 \u2013 7 dagen. Oraal via het drinkwater of in het voer<\/p>\r\n<p><strong>Voor grote dieren:<\/strong> <br \/>15 ml product (overeenkomend met \u00e9\u00e9n eetlepel) per 50 kg lichaamsgewicht per dag, gedurende 5 \u2013 7 dagen. Oraal via het drinkwater of in het voer.<\/p>\r\n<p>De hoeveelheid per dag wordt verdeeld over het aantal maaltijden. De oplossing dagelijks verversen. Gelijktijdige toediening met drinkwater waarin cholinechloride is toegevoegd, moet worden vermeden.<\/p>\r\n<p><span style=\"text-decoration: underline;\">Verpakking:<br \/><\/span>Fles \u00e0 500 ml.<\/p>","_nl_post_name":"sedochol-gold-500-ml","_nl_post_excerpt":"","_nl_post_title":"Sedochol Gold | 500 ml","_en_post_content":"<p>Sedochol Gold (formerly Sedochol) is an additional animal feed for various animals that helps digestion and supports liver and kidney functions. It further ensures healthy fur and good digestion.<br \/>Suitable for dogs, cats, rodents, rabbits, horses, birds, etc.<\/p>\r\n<p><span style=\"text-decoration: underline;\">Administration:<\/span><\/p>\r\n<p><strong>For pets and poultry:<\/strong><br \/>5 ml of product per 10 kg of body weight per day (corresponding to 5 ml or one teaspoon of product per 10 kg of body weight or 500 ml of drinking water), for 5 \u2013 7 days. Orally via the drinking water or in the feed<\/p>\r\n<p><strong>For large animals:<\/strong><br \/>15 ml of product (equivalent to one tablespoon) per 50 kg of body weight per day, for 5 \u2013 7 days. Orally via drinking water or in food.<\/p>\r\n<p>The amount per day is divided over the number of meals. Change the solution daily. Co-administration with drinking water to which choline chloride has been added should be avoided<\/p>\r\n<p><span style=\"text-decoration: underline;\">Package:<br \/><\/span>Bottle \u00e0 500 ml.<\/p>","_en_post_name":"sedochol-gold-500-ml","_en_post_excerpt":"","_en_post_title":"Sedochol Gold | 500 ml","_de_post_content":"<p>Sedochol Gold (fr\u00fcher Sedochol) ist ein Erg\u00e4nzungsfuttermittel f\u00fcr verschiedene Tiere, die Verdauung hilft und die Leber- und Nierenfunktion unterst\u00fctzt. Es stellt weiterhin ein gesundes Fell und gute Verdauung.<br \/>Geeignet f\u00fcr Hunde, Katzen, Nager, Kaninchen, Pferde, V\u00f6gel, usw.<\/p>\r\n<p><span style=\"text-decoration: underline;\">Anwendung:<br \/><\/span><strong>F\u00fcr Haustiere und Gefl\u00fcgel:<br \/><\/strong>5 ml Produkt pro 10 kg K\u00f6rpergewicht pro Tag (entsprechend 5 ml oder einem Teel\u00f6ffel Produkt pro 10 kg K\u00f6rpergewicht oder 500 ml Trinkwasser), f\u00fcr 5 \u2013 7 Tage. Oral \u00fcber das Trinkwasser oder \u00fcber das Futter.<\/p>\r\n<p><strong>F\u00fcr gro\u00dfe Tiere:<br \/><\/strong>15 ml Produkt (entspricht einem Essl\u00f6ffel) pro 50 kg K\u00f6rpergewicht pro Tag, f\u00fcr 5 \u2013 7 Tage. Oral \u00fcber das Trinkwasser oder \u00fcber die Nahrung.<\/p>\r\n<p>Die Menge pro Tag wird \u00fcber die Anzahl der Mahlzeiten geteilt. Wechseln Sie die L\u00f6sung t\u00e4glich. Die gleichzeitige Verabreichung mit Trinkwasser, dem Cholinchlorid zugesetzt wurde, sollte vermieden werden.<\/p>\r\n<p><span style=\"text-decoration: underline;\">Verpackung:<br \/><\/span>Flasche 500 ml<\/p>","_de_post_name":"sedochol-gold-500-ml","_de_post_excerpt":"","_de_post_title":"Sedochol Gold | 500 ml","_fr_post_content":"<p>Sedochol Gold (avant Sedochol) est un aliment compl\u00e9mentaire pour divers animaux qui facilite la digestion et soutient les fonctions h\u00e9patiques et r\u00e9nales. Il assure \u00e9galement un pelage sain et une bonne digestion.<br \/><br \/>Convient aux chiens, chats, rongeurs, lapins, chevaux, oiseaux, etc.<\/p>\r\n<p>Administration :<br \/><strong>Pour les animaux de compagnie et la volaille :<\/strong><br \/>5 ml de produit pour 10 kg de poids corporel par jour (correspondant \u00e0 5 ml ou une cuill\u00e8re \u00e0 caf\u00e9 de produit pour 10 kg de poids corporel ou 500 ml d'eau de boisson), pendant 5 \u00e0 7 jours. Par voie orale via l'eau de boisson ou dans l'alimentation.<\/p>\r\n<p><strong>Pour les gros animaux :<\/strong><br \/>15 ml de produit (\u00e9quivalent \u00e0 une cuill\u00e8re \u00e0 soupe) pour 50 kg de poids corporel par jour, pendant 5 \u00e0 7 jours. Par voie orale via l'eau potable ou dans les aliments.<\/p>\r\n<p>Le montant par jour est r\u00e9parti sur le nombre de repas. Changez la solution tous les jours. La co-administration avec de l'eau de boisson additionn\u00e9e de chlorure de choline doit \u00eatre \u00e9vit\u00e9e.<\/p>\r\n<p>Emballage :<br \/>Bouteille de 500 ml<\/p>","_fr_post_name":"sedochol-gold-500-ml","_fr_post_excerpt":"","_fr_post_title":"Sedochol Gold | 500 ml","_es_post_content":"<p style=\"text-align: left;\">Sedochol Gold (antes Sedochol) es un suplemento nutricional para varios animales que favorece la digesti\u00f3n y apoya las funciones hep\u00e1ticas y renales. Tambi\u00e9n asegura un pelaje saludable y una buena digesti\u00f3n.<\/p>\r\n<p style=\"text-align: left;\">Indicado para perros, gatos, roedores, conejos, caballos, p\u00e1jaros, etc.<\/p>\r\n<p style=\"text-align: left;\"><span style=\"text-decoration: underline;\">Administraci\u00f3n:<br \/><\/span><\/p>\r\n<p style=\"text-align: left;\"><strong>Para mascotas y aves de corral:<\/strong><br \/>5 ml de producto por 10 kg de peso corporal al d\u00eda (correspondientes a 5 ml o una cucharadita de producto por 10 kg de peso corporal o 500 ml de agua de bebida), durante 5 \u2013 7 d\u00edas. Por v\u00eda oral a trav\u00e9s del agua de bebida o en los alimentos.<\/p>\r\n<p style=\"text-align: left;\"><strong>Para animales grandes:<\/strong><br \/>15 ml de producto (equivalente a una cucharada) por cada 50 kg de peso corporal al d\u00eda, durante 5 \u2013 7 d\u00edas. Por v\u00eda oral a trav\u00e9s del agua de bebida o en los alimentos.<\/p>\r\n<p style=\"text-align: left;\">La cantidad por d\u00eda se divide entre el n\u00famero de comidas. Cambie la soluci\u00f3n diariamente. Debe evitarse la administraci\u00f3n concomitante con agua potable a la que se haya a\u00f1adido cloruro de colina.<\/p>\r\n<p style=\"text-align: left;\"><span style=\"text-decoration: underline;\">Envase:<br \/><\/span>Botella de\u00a0500 ml.<\/p>","_es_post_name":"sedochol-gold-500-ml","_es_post_excerpt":"","_es_post_title":"Sedochol Gold | 500 ml","edit_language":"nl"},"product_brand":[],"product_cat":[2229,1117,1118,1825,1839,1830,1827,1811,1871,2231,1857,1880,1849,1998,1981,1824,1809,2088,1828],"product_tag":[],"class_list":{"0":"post-118702","1":"product","2":"type-product","3":"status-publish","4":"has-post-thumbnail","6":"product_cat-cavia","7":"product_cat-honden","8":"product_cat-katten","9":"product_cat-konijnen","10":"product_cat-medicijnen-supplementen","16":"product_cat-merken","17":"product_cat-nieren-blaas-urinewegen","19":"product_cat-nierfalen","21":"product_cat-overig","22":"product_cat-paarden","23":"product_cat-sedochol","24":"product_cat-vogels","25":"pa_aandoening-overig","26":"pa_doeldier-ezel","27":"pa_doeldier-hond","28":"pa_doeldier-kat","29":"pa_doeldier-knaagdier","30":"pa_doeldier-konijn","31":"pa_doeldier-overig","32":"pa_doeldier-paard","33":"pa_fabricatieland-frankrijk","34":"pa_merkfilter-sedochol","35":"pa_merkgroep-dopharma","36":"pa_productsoort-voedingssupplement","37":"pa_seo_canonical_store_id-not_found_value","38":"pa_seo_category-not_found_value","39":"pa_seo_meta_robots-not_found_value","40":"pa_toedieningswijze-vloeistof","41":"pa_unit_pricing_base_measure-100ml","42":"pa_unit_pricing_measure-500ml","43":"pa_werkzamestof-overig","45":"first","46":"instock","47":"taxable","48":"shipping-taxable","49":"purchasable","50":"product-type-simple"},"yoast_head":"<!-- This site is optimized with the Yoast SEO plugin v27.5 - https:\/\/yoast.com\/product\/yoast-seo-wordpress\/ -->\n<title>Sedochol Gold 500 ml | Spijsvertering huisdier<\/title>\n<meta name=\"description\" content=\"Sedochol Gold is een aanvullend diervoeder voor verschillende dieren wat de spijsvertering helpt en ondersteuning biedt aan de lever- en nierfuncties.\" \/>\n<meta name=\"robots\" content=\"index, follow, max-snippet:-1, max-image-preview:large, max-video-preview:-1\" \/>\n<link rel=\"canonical\" href=\"https:\/\/www.pharmacy4pets.nl\/sedochol-gold-500-ml\" \/>\n<meta property=\"og:locale\" content=\"nl_NL\" \/>\n<meta property=\"og:type\" content=\"article\" \/>\n<meta property=\"og:title\" content=\"Sedochol Gold 500 ml | Spijsvertering huisdier\" \/>\n<meta property=\"og:description\" content=\"Sedochol Gold is een aanvullend diervoeder voor verschillende dieren wat de spijsvertering helpt en ondersteuning biedt aan de lever- en nierfuncties.\" \/>\n<meta property=\"og:url\" content=\"https:\/\/www.pharmacy4pets.nl\/sedochol-gold-500-ml\" \/>\n<meta property=\"og:site_name\" content=\"Pharmacy4pets\" \/>\n<meta property=\"article:publisher\" content=\"https:\/\/www.facebook.com\/people\/Pharmacy4petsnl\/100063484989896\/\" \/>\n<meta property=\"article:modified_time\" content=\"2026-03-25T11:58:54+00:00\" \/>\n<meta property=\"og:image\" content=\"https:\/\/www.pharmacy4pets.nl\/wp-content\/uploads\/2017\/08\/sedochol_gold.jpg\" \/>\n\t<meta property=\"og:image:width\" content=\"400\" \/>\n\t<meta property=\"og:image:height\" content=\"400\" \/>\n\t<meta property=\"og:image:type\" content=\"image\/jpeg\" \/>\n<meta name=\"twitter:card\" content=\"summary_large_image\" \/>\n<meta name=\"twitter:label1\" content=\"Geschatte leestijd\" \/>\n\t<meta name=\"twitter:data1\" content=\"1 minuut\" \/>\n<script type=\"application\/ld+json\" class=\"yoast-schema-graph\">{\"@context\":\"https:\\\/\\\/schema.org\",\"@graph\":[{\"@type\":\"WebPage\",\"@id\":\"https:\\\/\\\/www.pharmacy4pets.nl\\\/sedochol-gold-500-ml\",\"url\":\"https:\\\/\\\/www.pharmacy4pets.nl\\\/sedochol-gold-500-ml\",\"name\":\"Sedochol Gold 500 ml | Spijsvertering huisdier\",\"isPartOf\":{\"@id\":\"http:\\\/\\\/www.pharmacy4pets.nl\\\/#website\"},\"primaryImageOfPage\":{\"@id\":\"https:\\\/\\\/www.pharmacy4pets.nl\\\/sedochol-gold-500-ml#primaryimage\"},\"image\":{\"@id\":\"https:\\\/\\\/www.pharmacy4pets.nl\\\/sedochol-gold-500-ml#primaryimage\"},\"thumbnailUrl\":\"https:\\\/\\\/www.pharmacy4pets.nl\\\/wp-content\\\/uploads\\\/2017\\\/08\\\/sedochol_gold.jpg\",\"datePublished\":\"2017-08-09T10:45:37+00:00\",\"dateModified\":\"2026-03-25T11:58:54+00:00\",\"description\":\"Sedochol Gold is een aanvullend diervoeder voor verschillende dieren wat de spijsvertering helpt en ondersteuning biedt aan de lever- en nierfuncties.\",\"breadcrumb\":{\"@id\":\"https:\\\/\\\/www.pharmacy4pets.nl\\\/sedochol-gold-500-ml#breadcrumb\"},\"inLanguage\":\"nl-NL\",\"potentialAction\":[{\"@type\":\"ReadAction\",\"target\":[\"https:\\\/\\\/www.pharmacy4pets.nl\\\/sedochol-gold-500-ml\"]}]},{\"@type\":\"ImageObject\",\"inLanguage\":\"nl-NL\",\"@id\":\"https:\\\/\\\/www.pharmacy4pets.nl\\\/sedochol-gold-500-ml#primaryimage\",\"url\":\"https:\\\/\\\/www.pharmacy4pets.nl\\\/wp-content\\\/uploads\\\/2017\\\/08\\\/sedochol_gold.jpg\",\"contentUrl\":\"https:\\\/\\\/www.pharmacy4pets.nl\\\/wp-content\\\/uploads\\\/2017\\\/08\\\/sedochol_gold.jpg\",\"width\":400,\"height\":400,\"caption\":\"Sedochol Gold\"},{\"@type\":\"BreadcrumbList\",\"@id\":\"https:\\\/\\\/www.pharmacy4pets.nl\\\/sedochol-gold-500-ml#breadcrumb\",\"itemListElement\":[{\"@type\":\"ListItem\",\"position\":1,\"name\":\"Home\",\"item\":\"https:\\\/\\\/p4p-nl.bootmine.com\\\/\"},{\"@type\":\"ListItem\",\"position\":2,\"name\":\"Winkel\",\"item\":\"https:\\\/\\\/p4p-nl.bootmine.com\\\/winkel\"},{\"@type\":\"ListItem\",\"position\":3,\"name\":\"Sedochol Gold | 500 ml\"}]},{\"@type\":\"WebSite\",\"@id\":\"http:\\\/\\\/www.pharmacy4pets.nl\\\/#website\",\"url\":\"http:\\\/\\\/www.pharmacy4pets.nl\\\/\",\"name\":\"Pharmacy4pets\",\"description\":\"Pharmacy4pets.nl is d\u00e9 online apotheek waar u terecht kunt voor alle diergeneesmiddelen, verzorgingsproducten en dieetvoeding voor uw huisdier.\",\"publisher\":{\"@id\":\"http:\\\/\\\/www.pharmacy4pets.nl\\\/#organization\"},\"potentialAction\":[{\"@type\":\"SearchAction\",\"target\":{\"@type\":\"EntryPoint\",\"urlTemplate\":\"http:\\\/\\\/www.pharmacy4pets.nl\\\/?s={search_term_string}\"},\"query-input\":{\"@type\":\"PropertyValueSpecification\",\"valueRequired\":true,\"valueName\":\"search_term_string\"}}],\"inLanguage\":\"nl-NL\"},{\"@type\":\"Organization\",\"@id\":\"http:\\\/\\\/www.pharmacy4pets.nl\\\/#organization\",\"name\":\"Pharmacy4pets\",\"url\":\"http:\\\/\\\/www.pharmacy4pets.nl\\\/\",\"logo\":{\"@type\":\"ImageObject\",\"inLanguage\":\"nl-NL\",\"@id\":\"http:\\\/\\\/www.pharmacy4pets.nl\\\/#\\\/schema\\\/logo\\\/image\\\/\",\"url\":\"https:\\\/\\\/p4p-nl.bootmine.com\\\/wp-content\\\/uploads\\\/2026\\\/03\\\/logo-pharmacy4pets.png\",\"contentUrl\":\"https:\\\/\\\/p4p-nl.bootmine.com\\\/wp-content\\\/uploads\\\/2026\\\/03\\\/logo-pharmacy4pets.png\",\"width\":1024,\"height\":135,\"caption\":\"Pharmacy4pets\"},\"image\":{\"@id\":\"http:\\\/\\\/www.pharmacy4pets.nl\\\/#\\\/schema\\\/logo\\\/image\\\/\"},\"sameAs\":[\"https:\\\/\\\/www.facebook.com\\\/people\\\/Pharmacy4petsnl\\\/100063484989896\\\/\",\"https:\\\/\\\/www.youtube.com\\\/channel\\\/UCGPTIgucgli03tP2_kvLkHg\\\/featured\",\"https:\\\/\\\/www.instagram.com\\\/pharmacy4pets.nl\"]}]}<\/script>\n<!-- \/ Yoast SEO plugin. -->","yoast_head_json":{"title":"Sedochol Gold 500 ml | Spijsvertering huisdier","description":"Sedochol Gold is een aanvullend diervoeder voor verschillende dieren wat de spijsvertering helpt en ondersteuning biedt aan de lever- en nierfuncties.","robots":{"index":"index","follow":"follow","max-snippet":"max-snippet:-1","max-image-preview":"max-image-preview:large","max-video-preview":"max-video-preview:-1"},"canonical":"https:\/\/www.pharmacy4pets.nl\/sedochol-gold-500-ml","og_locale":"nl_NL","og_type":"article","og_title":"Sedochol Gold 500 ml | Spijsvertering huisdier","og_description":"Sedochol Gold is een aanvullend diervoeder voor verschillende dieren wat de spijsvertering helpt en ondersteuning biedt aan de lever- en nierfuncties.","og_url":"https:\/\/www.pharmacy4pets.nl\/sedochol-gold-500-ml","og_site_name":"Pharmacy4pets","article_publisher":"https:\/\/www.facebook.com\/people\/Pharmacy4petsnl\/100063484989896\/","article_modified_time":"2026-03-25T11:58:54+00:00","og_image":[{"width":400,"height":400,"url":"https:\/\/www.pharmacy4pets.nl\/wp-content\/uploads\/2017\/08\/sedochol_gold.jpg","type":"image\/jpeg"}],"twitter_card":"summary_large_image","twitter_misc":{"Geschatte leestijd":"1 minuut"},"schema":{"@context":"https:\/\/schema.org","@graph":[{"@type":"WebPage","@id":"https:\/\/www.pharmacy4pets.nl\/sedochol-gold-500-ml","url":"https:\/\/www.pharmacy4pets.nl\/sedochol-gold-500-ml","name":"Sedochol Gold 500 ml | Spijsvertering huisdier","isPartOf":{"@id":"http:\/\/www.pharmacy4pets.nl\/#website"},"primaryImageOfPage":{"@id":"https:\/\/www.pharmacy4pets.nl\/sedochol-gold-500-ml#primaryimage"},"image":{"@id":"https:\/\/www.pharmacy4pets.nl\/sedochol-gold-500-ml#primaryimage"},"thumbnailUrl":"https:\/\/www.pharmacy4pets.nl\/wp-content\/uploads\/2017\/08\/sedochol_gold.jpg","datePublished":"2017-08-09T10:45:37+00:00","dateModified":"2026-03-25T11:58:54+00:00","description":"Sedochol Gold is een aanvullend diervoeder voor verschillende dieren wat de spijsvertering helpt en ondersteuning biedt aan de lever- en nierfuncties.","breadcrumb":{"@id":"https:\/\/www.pharmacy4pets.nl\/sedochol-gold-500-ml#breadcrumb"},"inLanguage":"nl-NL","potentialAction":[{"@type":"ReadAction","target":["https:\/\/www.pharmacy4pets.nl\/sedochol-gold-500-ml"]}]},{"@type":"ImageObject","inLanguage":"nl-NL","@id":"https:\/\/www.pharmacy4pets.nl\/sedochol-gold-500-ml#primaryimage","url":"https:\/\/www.pharmacy4pets.nl\/wp-content\/uploads\/2017\/08\/sedochol_gold.jpg","contentUrl":"https:\/\/www.pharmacy4pets.nl\/wp-content\/uploads\/2017\/08\/sedochol_gold.jpg","width":400,"height":400,"caption":"Sedochol Gold"},{"@type":"BreadcrumbList","@id":"https:\/\/www.pharmacy4pets.nl\/sedochol-gold-500-ml#breadcrumb","itemListElement":[{"@type":"ListItem","position":1,"name":"Home","item":"https:\/\/p4p-nl.bootmine.com\/"},{"@type":"ListItem","position":2,"name":"Winkel","item":"https:\/\/p4p-nl.bootmine.com\/winkel"},{"@type":"ListItem","position":3,"name":"Sedochol Gold | 500 ml"}]},{"@type":"WebSite","@id":"http:\/\/www.pharmacy4pets.nl\/#website","url":"http:\/\/www.pharmacy4pets.nl\/","name":"Pharmacy4pets","description":"Pharmacy4pets.nl is d\u00e9 online apotheek waar u terecht kunt voor alle diergeneesmiddelen, verzorgingsproducten en dieetvoeding voor uw huisdier.","publisher":{"@id":"http:\/\/www.pharmacy4pets.nl\/#organization"},"potentialAction":[{"@type":"SearchAction","target":{"@type":"EntryPoint","urlTemplate":"http:\/\/www.pharmacy4pets.nl\/?s={search_term_string}"},"query-input":{"@type":"PropertyValueSpecification","valueRequired":true,"valueName":"search_term_string"}}],"inLanguage":"nl-NL"},{"@type":"Organization","@id":"http:\/\/www.pharmacy4pets.nl\/#organization","name":"Pharmacy4pets","url":"http:\/\/www.pharmacy4pets.nl\/","logo":{"@type":"ImageObject","inLanguage":"nl-NL","@id":"http:\/\/www.pharmacy4pets.nl\/#\/schema\/logo\/image\/","url":"https:\/\/p4p-nl.bootmine.com\/wp-content\/uploads\/2026\/03\/logo-pharmacy4pets.png","contentUrl":"https:\/\/p4p-nl.bootmine.com\/wp-content\/uploads\/2026\/03\/logo-pharmacy4pets.png","width":1024,"height":135,"caption":"Pharmacy4pets"},"image":{"@id":"http:\/\/www.pharmacy4pets.nl\/#\/schema\/logo\/image\/"},"sameAs":["https:\/\/www.facebook.com\/people\/Pharmacy4petsnl\/100063484989896\/","https:\/\/www.youtube.com\/channel\/UCGPTIgucgli03tP2_kvLkHg\/featured","https:\/\/www.instagram.com\/pharmacy4pets.nl"]}]}},"market_data":{"nl":{"price":0,"sale_price":0,"active":false,"url":null,"parent_url":"","tax_rate":0,"price_inc_tax":0,"sale_price_inc_tax":0},"de":{"price":0,"sale_price":0,"active":false,"url":null,"parent_url":"","tax_rate":0,"price_inc_tax":0,"sale_price_inc_tax":0},"be":{"price":0,"sale_price":0,"active":false,"url":null,"parent_url":"","tax_rate":0,"price_inc_tax":0,"sale_price_inc_tax":0},"fr":{"price":0,"sale_price":0,"active":false,"url":null,"parent_url":"","tax_rate":0,"price_inc_tax":0,"sale_price_inc_tax":0},"ch":{"price":0,"sale_price":0,"active":false,"url":null,"parent_url":"","tax_rate":0,"price_inc_tax":0,"sale_price_inc_tax":0},"at":{"price":0,"sale_price":0,"active":false,"url":null,"parent_url":"","tax_rate":0,"price_inc_tax":0,"sale_price_inc_tax":0},"es":{"price":0,"sale_price":0,"active":false,"url":null,"parent_url":"","tax_rate":0,"price_inc_tax":0,"sale_price_inc_tax":0},"dk":{"price":0,"sale_price":0,"active":false,"url":null,"parent_url":"","tax_rate":0,"price_inc_tax":0,"sale_price_inc_tax":0},"com":{"price":0,"sale_price":0,"active":false,"url":null,"parent_url":"","tax_rate":0,"price_inc_tax":0,"sale_price_inc_tax":0}},"market_nl_price":0,"market_nl_sale_price":0,"market_nl_active":false,"market_nl_url":null,"market_nl_parent_url":"","market_nl_tax_rate":0,"market_nl_price_inc_tax":0,"market_nl_sale_price_inc_tax":0,"market_de_price":0,"market_de_sale_price":0,"market_de_active":false,"market_de_url":null,"market_de_parent_url":"","market_de_tax_rate":0,"market_de_price_inc_tax":0,"market_de_sale_price_inc_tax":0,"market_be_price":0,"market_be_sale_price":0,"market_be_active":false,"market_be_url":null,"market_be_parent_url":"","market_be_tax_rate":0,"market_be_price_inc_tax":0,"market_be_sale_price_inc_tax":0,"market_fr_price":0,"market_fr_sale_price":0,"market_fr_active":false,"market_fr_url":null,"market_fr_parent_url":"","market_fr_tax_rate":0,"market_fr_price_inc_tax":0,"market_fr_sale_price_inc_tax":0,"market_ch_price":0,"market_ch_sale_price":0,"market_ch_active":false,"market_ch_url":null,"market_ch_parent_url":"","market_ch_tax_rate":0,"market_ch_price_inc_tax":0,"market_ch_sale_price_inc_tax":0,"market_at_price":0,"market_at_sale_price":0,"market_at_active":false,"market_at_url":null,"market_at_parent_url":"","market_at_tax_rate":0,"market_at_price_inc_tax":0,"market_at_sale_price_inc_tax":0,"market_es_price":0,"market_es_sale_price":0,"market_es_active":false,"market_es_url":null,"market_es_parent_url":"","market_es_tax_rate":0,"market_es_price_inc_tax":0,"market_es_sale_price_inc_tax":0,"market_dk_price":0,"market_dk_sale_price":0,"market_dk_active":false,"market_dk_url":null,"market_dk_parent_url":"","market_dk_tax_rate":0,"market_dk_price_inc_tax":0,"market_dk_sale_price_inc_tax":0,"market_com_price":0,"market_com_sale_price":0,"market_com_active":false,"market_com_url":null,"market_com_parent_url":"","market_com_tax_rate":0,"market_com_price_inc_tax":0,"market_com_sale_price_inc_tax":0,"acf":[],"_links":{"self":[{"href":"https:\/\/www.pharmacy4pets.nl\/be\/wp-json\/wp\/v2\/product\/118702","targetHints":{"allow":["GET"]}}],"collection":[{"href":"https:\/\/www.pharmacy4pets.nl\/be\/wp-json\/wp\/v2\/product"}],"about":[{"href":"https:\/\/www.pharmacy4pets.nl\/be\/wp-json\/wp\/v2\/types\/product"}],"replies":[{"embeddable":true,"href":"https:\/\/www.pharmacy4pets.nl\/be\/wp-json\/wp\/v2\/comments?post=118702"}],"wp:featuredmedia":[{"embeddable":true,"href":"https:\/\/www.pharmacy4pets.nl\/be\/wp-json\/wp\/v2\/media\/118701"}],"wp:attachment":[{"href":"https:\/\/www.pharmacy4pets.nl\/be\/wp-json\/wp\/v2\/media?parent=118702"}],"wp:term":[{"taxonomy":"product_brand","embeddable":true,"href":"https:\/\/www.pharmacy4pets.nl\/be\/wp-json\/wp\/v2\/product_brand?post=118702"},{"taxonomy":"product_cat","embeddable":true,"href":"https:\/\/www.pharmacy4pets.nl\/be\/wp-json\/wp\/v2\/product_cat?post=118702"},{"taxonomy":"product_tag","embeddable":true,"href":"https:\/\/www.pharmacy4pets.nl\/be\/wp-json\/wp\/v2\/product_tag?post=118702"}],"curies":[{"name":"wp","href":"https:\/\/api.w.org\/{rel}","templated":true}]}}