{"id":118700,"date":"2017-08-09T10:29:44","date_gmt":"2017-08-09T10:29:44","guid":{"rendered":"https:\/\/p4p.test\/protexin-synbiotic-dc"},"modified":"2026-04-14T08:03:03","modified_gmt":"2026-04-14T08:03:03","slug":"protexin-synbiotic-dc","status":"publish","type":"product","link":"https:\/\/www.pharmacy4pets.nl\/be\/protexin-synbiotic-dc","title":{"rendered":"Protexin Synbiotic D-C | Hond &#038; Kat 5&#215;10 capsules"},"content":{"rendered":"<p>Protexin Synbiotic D-C capsules bevatten probiotica en prebiotica, ter ondersteuning van de darmflora bij uw hond en kat. De formule bevat <em>Enterococcus faecium<\/em> bacteri\u00ebn die de onrijpe darm koloniseren of de verstoorde darm herstellen, waardoor potenti\u00eble pathogene (slechte) bacteri\u00ebn minder kans krijgen. De Preplex prebiotica met FOS (Fructo-oligosaccaride) dient als voeding voor deze goede bacteri\u00ebn, waardoor deze worden gestimuleerd en zorgen voor extra weerstand en betere verteringsprocessen. Protexin Synbiotic D-C is geschikt voor continu gebruik om een effici\u00ebnte spijsvertering te bevorderen en natuurlijke immuniteit te stimuleren, vooral in tijden van stress wanneer spijsverteringsstoornissen optreden.<\/p>\n<p><span style=\"text-decoration: underline;\">Toediening:<\/span><br \/>Dagelijks \u00e9\u00e9n capsule<\/p>\n<p><span style=\"text-decoration: underline;\">Verpakking:<\/span><br \/>5 x 10 capsules \u00e0 200 mg<\/p>\n","protected":false},"excerpt":{"rendered":"<p>Protexin Synbiotic D-C capsules bevatten probiotica en prebiotica, ter ondersteuning van de darmflora bij uw hond en kat. De formule bevat Enterococcus faecium bacteri\u00ebn die de onrijpe darm koloniseren of de verstoorde darm herstellen, waardoor potenti\u00eble pathogene (slechte) bacteri\u00ebn minder kans krijgen. De Preplex prebiotica met FOS (Fructo-oligosaccaride) dient als voeding voor deze goede bacteri\u00ebn, [&hellip;]<\/p>\n","protected":false},"featured_media":118699,"comment_status":"open","ping_status":"closed","template":"","meta":{"_acf_changed":false,"_nl_post_content":"<p>Protexin Synbiotic D-C capsules bevatten probiotica en prebiotica, ter ondersteuning van de darmflora bij uw hond en kat. De formule bevat <em>Enterococcus faecium<\/em> bacteri\u00ebn die de onrijpe darm koloniseren of de verstoorde darm herstellen, waardoor potenti\u00eble pathogene (slechte) bacteri\u00ebn minder kans krijgen. De Preplex prebiotica met FOS (Fructo-oligosaccaride) dient als voeding voor deze goede bacteri\u00ebn, waardoor deze worden gestimuleerd en zorgen voor extra weerstand en betere verteringsprocessen. Protexin Synbiotic D-C is geschikt voor continu gebruik om een effici\u00ebnte spijsvertering te bevorderen en natuurlijke immuniteit te stimuleren, vooral in tijden van stress wanneer spijsverteringsstoornissen optreden.<\/p>\r\n<p><span style=\"text-decoration: underline;\">Toediening:<\/span><br \/>Dagelijks \u00e9\u00e9n capsule<\/p>\r\n<p><span style=\"text-decoration: underline;\">Verpakking:<\/span><br \/>5 x 10 capsules \u00e0 200 mg<\/p>","_nl_post_name":"protexin-synbiotic-dc","_nl_post_excerpt":"","_nl_post_title":"Protexin Synbiotic D-C | Hond & Kat 5x10 capsules","_en_post_content":"<p>Protexin Synbiotic D-C are highly concentrated probiotic and prebiotic capsules, supporting the intestinal flora of your dog and cat. Probiotics improve digestion and stimulate resistance. The formula contains microorganisms that colonize the immune bowel or restore the disturbed intestine, thereby giving potential pathogenic bacteria less of a chance. This product is suitable for continuous use to improve efficient digestion and stimulate natural resistance, especially in times of stress when digestive disorders occur.<\/p>\r\n<p><span style=\"text-decoration: underline;\">Administration:<br \/><\/span>One capsule daily.<\/p>\r\n<p><span style=\"text-decoration: underline;\">Package:<br \/><\/span>5 x 10 capsules of 200mg<\/p>","_en_post_name":"protexin-synbiotic-dc","_en_post_excerpt":"","_en_post_title":"Protexin Synbiotic D-C | Dog & Cat 5 x 10 capsules","_de_post_content":"<p>Protexin Synbiotic DC-Kapseln enthalten hochkonzentrierte Probiotika und pr&auml;biotische Pulver, welche die Darmflora g&uuml;nstig beeinflussen, bei Ihre Katze oder Hund. Die Wirkung von Probiotika besteht darin, dass sie Verdauungsprozesse verbessern und die Abwehrkr&auml;fte stimulieren. Die Formel enth&auml;lt Mikroorgansimen, die den unreifen Darm kolonisieren oder zur Wiederherstellung des gest&ouml;rten Darmes, wodurch potentielle pathogene Bakterien weniger Chancen besiedeln. Dieses Produkt eignet sich f&uuml;r den Dauereinsatz effiziente Verdauung und nat&uuml;rliche Immunit&auml;t zu f&ouml;rdern, vor allem in Zeiten von Stress zu erh&ouml;hen, wenn Verdauungsst&ouml;rungen auftreten.<\/p>\r\n<p><span style=\"text-decoration: underline;\">Anwendung:<br \/><\/span>T&auml;glich eine Kapsel.<\/p>\r\n<p><span style=\"text-decoration: underline;\">Verpackung:<br \/><\/span>5 x 10 Kapseln &agrave; 200mg<\/p>","_de_post_name":"protexin-synbiotic-dc","_de_post_excerpt":"","_de_post_title":"Protexin Synbiotic D-C | Hund & Katze 5 x 10 Kapseln","_fr_post_content":"<p>Protexin Synbiotic D-C sont des g\u00e9lules probiotiques et pr\u00e9biotiques hautement concentr\u00e9es, qui soutiennent la flore intestinale de votre chien et de votre chat. Les pr\u00e9biotiques renforcent la r\u00e9sistance et stimulent les processus digestifs. La formule contient des micro-organismes qui colonisent l'intestin immature ou r\u00e9parent l'intestin perturb\u00e9, r\u00e9duisant ainsi le risque de bact\u00e9ries pathog\u00e8nes potentielles. Ce produit est adapt\u00e9 \u00e0 une utilisation continue pour favoriser une digestion efficace et stimuler l'immunit\u00e9 naturelle, notamment en p\u00e9riode de stress o\u00f9 des troubles digestifs apparaissent.<\/p>\r\n<p>Administration :<br \/>Une capsule par jour<\/p>\r\n<p>Emballage :<br \/>5 x 10 capsules de 200 mg<\/p>","_fr_post_name":"protexin-synbiotic-dc","_fr_post_excerpt":"","_fr_post_title":"Protexin Synbiotic D-C | Chien & chat 5 x 10 g\u00e9lules","_es_post_content":"<p>Las c\u00e1psulas Protexin Synbiotic D-C contienen probi\u00f3ticos y prebi\u00f3ticos para apoyar la flora intestinal de su perro y gato. La f\u00f3rmula contiene bacterias <em>Enterococcus faecium<\/em> que colonizan el intestino inmaduro o restauran el intestino alterado, dando menos posibilidades a las posibles bacterias pat\u00f3genas (malas). Los prebi\u00f3ticos Preplex con FOS (Fructooligosac\u00e1ridos) sirven como alimento para estas buenas bacterias, lo que las estimula y les proporciona un extra de resistencia y mejores procesos de digesti\u00f3n. <span style=\"color: #e96608;\"><a style=\"color: #e96608;\" title=\"M\u00e1s productos de Protexin\" href=\"https:\/\/www.pharmacy4pets.es\/marcas\/protexin\">Protexin<\/a><\/span> Synbiotic D-C es adecuado para uso continuo para promover una digesti\u00f3n eficiente y aumentar la inmunidad natural, especialmente durante momentos de estr\u00e9s cuando ocurren trastornos digestivos.<\/p>\r\n<p><span style=\"text-decoration: underline;\">Administraci\u00f3n:<\/span><br \/>Una c\u00e1psula diaria<\/p>\r\n<p><span style=\"text-decoration: underline;\">Embalaje:<\/span><br \/>5 x 10 c\u00e1psulas de 200 mg<\/p>","_es_post_name":"protexin-synbiotic-dc","_es_post_excerpt":"","_es_post_title":"Protexin Synbiotic D-C | Perros & gatos 5x10 c\u00e1psulas","edit_language":"nl"},"product_brand":[],"product_cat":[1117,1118,1879,1848,1839,1871,1857,1978,1994,1949],"product_tag":[],"class_list":{"0":"post-118700","1":"product","2":"type-product","3":"status-publish","4":"has-post-thumbnail","6":"product_cat-honden","7":"product_cat-katten","8":"product_cat-maag-darmen","10":"product_cat-medicijnen-supplementen","12":"product_cat-merken","13":"product_cat-probiotica","15":"product_cat-protexin","16":"pa_aandoening-maag_darmen","17":"pa_doeldier-hond","18":"pa_doeldier-kat","19":"pa_fabricatieland-nederland","20":"pa_merkfilter-protexin","21":"pa_merkgroep-protexin","22":"pa_productsoort-voedingssupplement","23":"pa_seo_canonical_store_id-not_found_value","24":"pa_seo_category-not_found_value","25":"pa_seo_meta_robots-not_found_value","26":"pa_toedieningswijze-capsules","27":"pa_unit_pricing_base_measure-1ct","28":"pa_unit_pricing_measure-50ct","29":"pa_werkzamestof-overig","31":"first","32":"instock","33":"taxable","34":"shipping-taxable","35":"purchasable","36":"product-type-simple"},"yoast_head":"<!-- This site is optimized with the Yoast SEO plugin v27.5 - https:\/\/yoast.com\/product\/yoast-seo-wordpress\/ -->\n<title>Protexin Synbiotic D-C | Spijsvertering hond &amp; kat<\/title>\n<meta name=\"description\" content=\"Protexin Synbiotic D-C zijn zeer geconcentreerde probiotische en prebiotische capsules, ter ondersteuning van de darmflora bij uw hond en kat.\" \/>\n<meta name=\"robots\" content=\"index, follow, max-snippet:-1, max-image-preview:large, max-video-preview:-1\" \/>\n<link rel=\"canonical\" href=\"https:\/\/www.pharmacy4pets.nl\/protexin-synbiotic-dc\" \/>\n<meta property=\"og:locale\" content=\"nl_NL\" \/>\n<meta property=\"og:type\" content=\"article\" \/>\n<meta property=\"og:title\" content=\"Protexin Synbiotic D-C | Spijsvertering hond &amp; kat\" \/>\n<meta property=\"og:description\" content=\"Protexin Synbiotic D-C zijn zeer geconcentreerde probiotische en prebiotische capsules, ter ondersteuning van de darmflora bij uw hond en kat.\" \/>\n<meta property=\"og:url\" content=\"https:\/\/www.pharmacy4pets.nl\/protexin-synbiotic-dc\" \/>\n<meta property=\"og:site_name\" content=\"Pharmacy4pets\" \/>\n<meta property=\"article:publisher\" content=\"https:\/\/www.facebook.com\/people\/Pharmacy4petsnl\/100063484989896\/\" \/>\n<meta property=\"article:modified_time\" content=\"2026-04-14T08:03:03+00:00\" \/>\n<meta property=\"og:image\" content=\"https:\/\/www.pharmacy4pets.nl\/wp-content\/uploads\/2017\/08\/18754.jpg\" \/>\n\t<meta property=\"og:image:width\" content=\"310\" \/>\n\t<meta property=\"og:image:height\" content=\"310\" \/>\n\t<meta property=\"og:image:type\" content=\"image\/jpeg\" \/>\n<meta name=\"twitter:card\" content=\"summary_large_image\" \/>\n<meta name=\"twitter:label1\" content=\"Geschatte leestijd\" \/>\n\t<meta name=\"twitter:data1\" content=\"1 minuut\" \/>\n<script type=\"application\/ld+json\" class=\"yoast-schema-graph\">{\"@context\":\"https:\\\/\\\/schema.org\",\"@graph\":[{\"@type\":\"WebPage\",\"@id\":\"https:\\\/\\\/www.pharmacy4pets.nl\\\/protexin-synbiotic-dc\",\"url\":\"https:\\\/\\\/www.pharmacy4pets.nl\\\/protexin-synbiotic-dc\",\"name\":\"Protexin Synbiotic D-C | Spijsvertering hond & kat\",\"isPartOf\":{\"@id\":\"http:\\\/\\\/www.pharmacy4pets.nl\\\/#website\"},\"primaryImageOfPage\":{\"@id\":\"https:\\\/\\\/www.pharmacy4pets.nl\\\/protexin-synbiotic-dc#primaryimage\"},\"image\":{\"@id\":\"https:\\\/\\\/www.pharmacy4pets.nl\\\/protexin-synbiotic-dc#primaryimage\"},\"thumbnailUrl\":\"https:\\\/\\\/www.pharmacy4pets.nl\\\/wp-content\\\/uploads\\\/2017\\\/08\\\/18754.jpg\",\"datePublished\":\"2017-08-09T10:29:44+00:00\",\"dateModified\":\"2026-04-14T08:03:03+00:00\",\"description\":\"Protexin Synbiotic D-C zijn zeer geconcentreerde probiotische en prebiotische capsules, ter ondersteuning van de darmflora bij uw hond en kat.\",\"breadcrumb\":{\"@id\":\"https:\\\/\\\/www.pharmacy4pets.nl\\\/protexin-synbiotic-dc#breadcrumb\"},\"inLanguage\":\"nl-NL\",\"potentialAction\":[{\"@type\":\"ReadAction\",\"target\":[\"https:\\\/\\\/www.pharmacy4pets.nl\\\/protexin-synbiotic-dc\"]}]},{\"@type\":\"ImageObject\",\"inLanguage\":\"nl-NL\",\"@id\":\"https:\\\/\\\/www.pharmacy4pets.nl\\\/protexin-synbiotic-dc#primaryimage\",\"url\":\"https:\\\/\\\/www.pharmacy4pets.nl\\\/wp-content\\\/uploads\\\/2017\\\/08\\\/18754.jpg\",\"contentUrl\":\"https:\\\/\\\/www.pharmacy4pets.nl\\\/wp-content\\\/uploads\\\/2017\\\/08\\\/18754.jpg\",\"width\":310,\"height\":310,\"caption\":\"Protexin\"},{\"@type\":\"BreadcrumbList\",\"@id\":\"https:\\\/\\\/www.pharmacy4pets.nl\\\/protexin-synbiotic-dc#breadcrumb\",\"itemListElement\":[{\"@type\":\"ListItem\",\"position\":1,\"name\":\"Home\",\"item\":\"https:\\\/\\\/p4p-nl.bootmine.com\\\/\"},{\"@type\":\"ListItem\",\"position\":2,\"name\":\"Winkel\",\"item\":\"https:\\\/\\\/p4p-nl.bootmine.com\\\/winkel\"},{\"@type\":\"ListItem\",\"position\":3,\"name\":\"Protexin Synbiotic D-C | Hond &#038; Kat 5&#215;10 capsules\"}]},{\"@type\":\"WebSite\",\"@id\":\"http:\\\/\\\/www.pharmacy4pets.nl\\\/#website\",\"url\":\"http:\\\/\\\/www.pharmacy4pets.nl\\\/\",\"name\":\"Pharmacy4pets\",\"description\":\"Pharmacy4pets.nl is d\u00e9 online apotheek waar u terecht kunt voor alle diergeneesmiddelen, verzorgingsproducten en dieetvoeding voor uw huisdier.\",\"publisher\":{\"@id\":\"http:\\\/\\\/www.pharmacy4pets.nl\\\/#organization\"},\"potentialAction\":[{\"@type\":\"SearchAction\",\"target\":{\"@type\":\"EntryPoint\",\"urlTemplate\":\"http:\\\/\\\/www.pharmacy4pets.nl\\\/?s={search_term_string}\"},\"query-input\":{\"@type\":\"PropertyValueSpecification\",\"valueRequired\":true,\"valueName\":\"search_term_string\"}}],\"inLanguage\":\"nl-NL\"},{\"@type\":\"Organization\",\"@id\":\"http:\\\/\\\/www.pharmacy4pets.nl\\\/#organization\",\"name\":\"Pharmacy4pets\",\"url\":\"http:\\\/\\\/www.pharmacy4pets.nl\\\/\",\"logo\":{\"@type\":\"ImageObject\",\"inLanguage\":\"nl-NL\",\"@id\":\"http:\\\/\\\/www.pharmacy4pets.nl\\\/#\\\/schema\\\/logo\\\/image\\\/\",\"url\":\"https:\\\/\\\/p4p-nl.bootmine.com\\\/wp-content\\\/uploads\\\/2026\\\/03\\\/logo-pharmacy4pets.png\",\"contentUrl\":\"https:\\\/\\\/p4p-nl.bootmine.com\\\/wp-content\\\/uploads\\\/2026\\\/03\\\/logo-pharmacy4pets.png\",\"width\":1024,\"height\":135,\"caption\":\"Pharmacy4pets\"},\"image\":{\"@id\":\"http:\\\/\\\/www.pharmacy4pets.nl\\\/#\\\/schema\\\/logo\\\/image\\\/\"},\"sameAs\":[\"https:\\\/\\\/www.facebook.com\\\/people\\\/Pharmacy4petsnl\\\/100063484989896\\\/\",\"https:\\\/\\\/www.youtube.com\\\/channel\\\/UCGPTIgucgli03tP2_kvLkHg\\\/featured\",\"https:\\\/\\\/www.instagram.com\\\/pharmacy4pets.nl\"]}]}<\/script>\n<!-- \/ Yoast SEO plugin. -->","yoast_head_json":{"title":"Protexin Synbiotic D-C | Spijsvertering hond & kat","description":"Protexin Synbiotic D-C zijn zeer geconcentreerde probiotische en prebiotische capsules, ter ondersteuning van de darmflora bij uw hond en kat.","robots":{"index":"index","follow":"follow","max-snippet":"max-snippet:-1","max-image-preview":"max-image-preview:large","max-video-preview":"max-video-preview:-1"},"canonical":"https:\/\/www.pharmacy4pets.nl\/protexin-synbiotic-dc","og_locale":"nl_NL","og_type":"article","og_title":"Protexin Synbiotic D-C | Spijsvertering hond & kat","og_description":"Protexin Synbiotic D-C zijn zeer geconcentreerde probiotische en prebiotische capsules, ter ondersteuning van de darmflora bij uw hond en kat.","og_url":"https:\/\/www.pharmacy4pets.nl\/protexin-synbiotic-dc","og_site_name":"Pharmacy4pets","article_publisher":"https:\/\/www.facebook.com\/people\/Pharmacy4petsnl\/100063484989896\/","article_modified_time":"2026-04-14T08:03:03+00:00","og_image":[{"width":310,"height":310,"url":"https:\/\/www.pharmacy4pets.nl\/wp-content\/uploads\/2017\/08\/18754.jpg","type":"image\/jpeg"}],"twitter_card":"summary_large_image","twitter_misc":{"Geschatte leestijd":"1 minuut"},"schema":{"@context":"https:\/\/schema.org","@graph":[{"@type":"WebPage","@id":"https:\/\/www.pharmacy4pets.nl\/protexin-synbiotic-dc","url":"https:\/\/www.pharmacy4pets.nl\/protexin-synbiotic-dc","name":"Protexin Synbiotic D-C | Spijsvertering hond & kat","isPartOf":{"@id":"http:\/\/www.pharmacy4pets.nl\/#website"},"primaryImageOfPage":{"@id":"https:\/\/www.pharmacy4pets.nl\/protexin-synbiotic-dc#primaryimage"},"image":{"@id":"https:\/\/www.pharmacy4pets.nl\/protexin-synbiotic-dc#primaryimage"},"thumbnailUrl":"https:\/\/www.pharmacy4pets.nl\/wp-content\/uploads\/2017\/08\/18754.jpg","datePublished":"2017-08-09T10:29:44+00:00","dateModified":"2026-04-14T08:03:03+00:00","description":"Protexin Synbiotic D-C zijn zeer geconcentreerde probiotische en prebiotische capsules, ter ondersteuning van de darmflora bij uw hond en kat.","breadcrumb":{"@id":"https:\/\/www.pharmacy4pets.nl\/protexin-synbiotic-dc#breadcrumb"},"inLanguage":"nl-NL","potentialAction":[{"@type":"ReadAction","target":["https:\/\/www.pharmacy4pets.nl\/protexin-synbiotic-dc"]}]},{"@type":"ImageObject","inLanguage":"nl-NL","@id":"https:\/\/www.pharmacy4pets.nl\/protexin-synbiotic-dc#primaryimage","url":"https:\/\/www.pharmacy4pets.nl\/wp-content\/uploads\/2017\/08\/18754.jpg","contentUrl":"https:\/\/www.pharmacy4pets.nl\/wp-content\/uploads\/2017\/08\/18754.jpg","width":310,"height":310,"caption":"Protexin"},{"@type":"BreadcrumbList","@id":"https:\/\/www.pharmacy4pets.nl\/protexin-synbiotic-dc#breadcrumb","itemListElement":[{"@type":"ListItem","position":1,"name":"Home","item":"https:\/\/p4p-nl.bootmine.com\/"},{"@type":"ListItem","position":2,"name":"Winkel","item":"https:\/\/p4p-nl.bootmine.com\/winkel"},{"@type":"ListItem","position":3,"name":"Protexin Synbiotic D-C | Hond &#038; Kat 5&#215;10 capsules"}]},{"@type":"WebSite","@id":"http:\/\/www.pharmacy4pets.nl\/#website","url":"http:\/\/www.pharmacy4pets.nl\/","name":"Pharmacy4pets","description":"Pharmacy4pets.nl is d\u00e9 online apotheek waar u terecht kunt voor alle diergeneesmiddelen, verzorgingsproducten en dieetvoeding voor uw huisdier.","publisher":{"@id":"http:\/\/www.pharmacy4pets.nl\/#organization"},"potentialAction":[{"@type":"SearchAction","target":{"@type":"EntryPoint","urlTemplate":"http:\/\/www.pharmacy4pets.nl\/?s={search_term_string}"},"query-input":{"@type":"PropertyValueSpecification","valueRequired":true,"valueName":"search_term_string"}}],"inLanguage":"nl-NL"},{"@type":"Organization","@id":"http:\/\/www.pharmacy4pets.nl\/#organization","name":"Pharmacy4pets","url":"http:\/\/www.pharmacy4pets.nl\/","logo":{"@type":"ImageObject","inLanguage":"nl-NL","@id":"http:\/\/www.pharmacy4pets.nl\/#\/schema\/logo\/image\/","url":"https:\/\/p4p-nl.bootmine.com\/wp-content\/uploads\/2026\/03\/logo-pharmacy4pets.png","contentUrl":"https:\/\/p4p-nl.bootmine.com\/wp-content\/uploads\/2026\/03\/logo-pharmacy4pets.png","width":1024,"height":135,"caption":"Pharmacy4pets"},"image":{"@id":"http:\/\/www.pharmacy4pets.nl\/#\/schema\/logo\/image\/"},"sameAs":["https:\/\/www.facebook.com\/people\/Pharmacy4petsnl\/100063484989896\/","https:\/\/www.youtube.com\/channel\/UCGPTIgucgli03tP2_kvLkHg\/featured","https:\/\/www.instagram.com\/pharmacy4pets.nl"]}]}},"market_data":{"nl":{"price":0,"sale_price":0,"active":false,"url":null,"parent_url":"","tax_rate":0,"price_inc_tax":0,"sale_price_inc_tax":0},"de":{"price":0,"sale_price":0,"active":false,"url":null,"parent_url":"","tax_rate":0,"price_inc_tax":0,"sale_price_inc_tax":0},"be":{"price":0,"sale_price":0,"active":false,"url":null,"parent_url":"","tax_rate":0,"price_inc_tax":0,"sale_price_inc_tax":0},"fr":{"price":0,"sale_price":0,"active":false,"url":null,"parent_url":"","tax_rate":0,"price_inc_tax":0,"sale_price_inc_tax":0},"ch":{"price":0,"sale_price":0,"active":false,"url":null,"parent_url":"","tax_rate":0,"price_inc_tax":0,"sale_price_inc_tax":0},"at":{"price":0,"sale_price":0,"active":false,"url":null,"parent_url":"","tax_rate":0,"price_inc_tax":0,"sale_price_inc_tax":0},"es":{"price":0,"sale_price":0,"active":false,"url":null,"parent_url":"","tax_rate":0,"price_inc_tax":0,"sale_price_inc_tax":0},"dk":{"price":0,"sale_price":0,"active":false,"url":null,"parent_url":"","tax_rate":0,"price_inc_tax":0,"sale_price_inc_tax":0},"com":{"price":0,"sale_price":0,"active":false,"url":null,"parent_url":"","tax_rate":0,"price_inc_tax":0,"sale_price_inc_tax":0}},"market_nl_price":0,"market_nl_sale_price":0,"market_nl_active":false,"market_nl_url":null,"market_nl_parent_url":"","market_nl_tax_rate":0,"market_nl_price_inc_tax":0,"market_nl_sale_price_inc_tax":0,"market_de_price":0,"market_de_sale_price":0,"market_de_active":false,"market_de_url":null,"market_de_parent_url":"","market_de_tax_rate":0,"market_de_price_inc_tax":0,"market_de_sale_price_inc_tax":0,"market_be_price":0,"market_be_sale_price":0,"market_be_active":false,"market_be_url":null,"market_be_parent_url":"","market_be_tax_rate":0,"market_be_price_inc_tax":0,"market_be_sale_price_inc_tax":0,"market_fr_price":0,"market_fr_sale_price":0,"market_fr_active":false,"market_fr_url":null,"market_fr_parent_url":"","market_fr_tax_rate":0,"market_fr_price_inc_tax":0,"market_fr_sale_price_inc_tax":0,"market_ch_price":0,"market_ch_sale_price":0,"market_ch_active":false,"market_ch_url":null,"market_ch_parent_url":"","market_ch_tax_rate":0,"market_ch_price_inc_tax":0,"market_ch_sale_price_inc_tax":0,"market_at_price":0,"market_at_sale_price":0,"market_at_active":false,"market_at_url":null,"market_at_parent_url":"","market_at_tax_rate":0,"market_at_price_inc_tax":0,"market_at_sale_price_inc_tax":0,"market_es_price":0,"market_es_sale_price":0,"market_es_active":false,"market_es_url":null,"market_es_parent_url":"","market_es_tax_rate":0,"market_es_price_inc_tax":0,"market_es_sale_price_inc_tax":0,"market_dk_price":0,"market_dk_sale_price":0,"market_dk_active":false,"market_dk_url":null,"market_dk_parent_url":"","market_dk_tax_rate":0,"market_dk_price_inc_tax":0,"market_dk_sale_price_inc_tax":0,"market_com_price":0,"market_com_sale_price":0,"market_com_active":false,"market_com_url":null,"market_com_parent_url":"","market_com_tax_rate":0,"market_com_price_inc_tax":0,"market_com_sale_price_inc_tax":0,"acf":[],"_links":{"self":[{"href":"https:\/\/www.pharmacy4pets.nl\/be\/wp-json\/wp\/v2\/product\/118700","targetHints":{"allow":["GET"]}}],"collection":[{"href":"https:\/\/www.pharmacy4pets.nl\/be\/wp-json\/wp\/v2\/product"}],"about":[{"href":"https:\/\/www.pharmacy4pets.nl\/be\/wp-json\/wp\/v2\/types\/product"}],"replies":[{"embeddable":true,"href":"https:\/\/www.pharmacy4pets.nl\/be\/wp-json\/wp\/v2\/comments?post=118700"}],"wp:featuredmedia":[{"embeddable":true,"href":"https:\/\/www.pharmacy4pets.nl\/be\/wp-json\/wp\/v2\/media\/118699"}],"wp:attachment":[{"href":"https:\/\/www.pharmacy4pets.nl\/be\/wp-json\/wp\/v2\/media?parent=118700"}],"wp:term":[{"taxonomy":"product_brand","embeddable":true,"href":"https:\/\/www.pharmacy4pets.nl\/be\/wp-json\/wp\/v2\/product_brand?post=118700"},{"taxonomy":"product_cat","embeddable":true,"href":"https:\/\/www.pharmacy4pets.nl\/be\/wp-json\/wp\/v2\/product_cat?post=118700"},{"taxonomy":"product_tag","embeddable":true,"href":"https:\/\/www.pharmacy4pets.nl\/be\/wp-json\/wp\/v2\/product_tag?post=118700"}],"curies":[{"name":"wp","href":"https:\/\/api.w.org\/{rel}","templated":true}]}}