{"id":118698,"date":"2017-08-09T10:14:30","date_gmt":"2017-08-09T10:14:30","guid":{"rendered":"https:\/\/p4p.test\/astfarma-protexin-fibreplex"},"modified":"2026-04-14T08:03:02","modified_gmt":"2026-04-14T08:03:02","slug":"astfarma-protexin-fibreplex","status":"publish","type":"product","link":"https:\/\/www.pharmacy4pets.nl\/be\/astfarma-protexin-fibreplex","title":{"rendered":"Fibreplex | Konijn 15 ml"},"content":{"rendered":"<p>Fibreplex, voorheen bekend als Protexin Fibreplex, is een aanvullend diervoeder in de vorm van een smakelijke pasta met wortel smaak met een zeer hoog vezelgehalte, gecombineerd met prebiotica en probiotica om de normale darmfunctie en vertering van uw konijn te ondersteunen. Zeer geschikt voor gebruik na een operatie of tijdens ziekte<\/p>\n<p><span style=\"text-decoration: underline;\">Toediening:<br \/><\/span>Geef uw konijn drie maal daags de dosering in de mond, zolang als nodig is\u00a0<\/p>\n<p><span style=\"text-decoration: underline;\">Dosering:<br \/><\/span>1 ml per kg lichaamsgewicht<\/p>\n<p><span style=\"text-decoration: underline;\">Verpakking:<br \/><\/span>15 ml spuit<\/p>\n","protected":false},"excerpt":{"rendered":"<p>Fibreplex, voorheen bekend als Protexin Fibreplex, is een aanvullend diervoeder in de vorm van een smakelijke pasta met wortel smaak met een zeer hoog vezelgehalte, gecombineerd met prebiotica en probiotica om de normale darmfunctie en vertering van uw konijn te ondersteunen. Zeer geschikt voor gebruik na een operatie of tijdens ziekte Toediening:Geef uw konijn drie [&hellip;]<\/p>\n","protected":false},"featured_media":118696,"comment_status":"open","ping_status":"closed","template":"","meta":{"_acf_changed":false,"_nl_post_content":"<p>Fibreplex, voorheen bekend als Protexin Fibreplex, is een aanvullend diervoeder in de vorm van een smakelijke pasta met wortel smaak met een zeer hoog vezelgehalte, gecombineerd met prebiotica en probiotica om de normale darmfunctie en vertering van uw konijn te ondersteunen. Zeer geschikt voor gebruik na een operatie of tijdens ziekte<\/p>\n<p><span style=\"text-decoration: underline;\">Toediening:<br \/><\/span>Geef uw konijn drie maal daags de dosering in de mond, zolang als nodig is\u00a0<\/p>\n<p><span style=\"text-decoration: underline;\">Dosering:<br \/><\/span>1 ml per kg lichaamsgewicht<\/p>\n<p><span style=\"text-decoration: underline;\">Verpakking:<br \/><\/span>15 ml spuit<\/p>","_nl_post_name":"astfarma-protexin-fibreplex","_nl_post_excerpt":"","_nl_post_title":"Fibreplex | Konijn 15 ml","_en_post_content":"<p>Fibreplex, formerly known as\u00a0Protexin Fibreplex, is a food supplement in the form of a tasty paste with high fiber content. Combined with probiotics and prebiotics, to support the normal intestinal function and digestion in rabbits. Very useful during phases of recovery or during illness.<\/p>\n<p><span style=\"text-decoration: underline;\">Administration:<br \/><\/span>Give dosage three times a day, for as long as considered necessary<\/p>\n<p><span style=\"text-decoration: underline;\">Dosage:<br \/><\/span>1 ml per kg of body weight<\/p>\n<p><span style=\"text-decoration: underline;\">Package:<br \/><\/span>15 ml syringe<\/p>","_en_post_name":"astfarma-protexin-fibreplex","_en_post_excerpt":"","_en_post_title":"Fibreplex | Rabbit 15 ml","_de_post_content":"<p>Fibreplex, fr\u00fcher bekannt als Protexin Fibreplex, ist ein Erg\u00e4nzungsfuttermittel f\u00fcr Kaninchen. Schmackhafte, hochkalorische mit Nahrungsfasern angereicherte Paste. Fibreplex eignet sich besonders zur Verf\u00fctterung in der Rekonvaleszenz. Es wird gerne aufgenommen, da die Paste mit k\u00fcnstlichem Karottenaroma schmackhaft formuliert wurde.\u00a0<\/p>\n<p><span style=\"text-decoration: underline;\">Anwendung:<br \/><\/span>Drei mal t\u00e4glich, so lange, wie es f\u00fcr notwendig erachtet wird<\/p>\n<p><span style=\"text-decoration: underline;\">Dosierung:<br \/><\/span>1 ml pro kg K\u00f6rpergewicht<\/p>\n<p><span style=\"text-decoration: underline;\">Verpackung:<br \/><\/span>15 ml Spritze<\/p>","_de_post_name":"astfarma-protexin-fibreplex","_de_post_excerpt":"","_de_post_title":"Fibreplex | Kaninchen 15 ml","_fr_post_content":"<p>Fibreplex,\u00a0<span class=\"HwtZe\" lang=\"fr\"><span class=\"jCAhz JxVs2d ChMk0b\"><span class=\"ryNqvb\">anciennement connu sous le nom\u00a0<\/span><\/span><\/span>Protexin Fibreplex, est un aliment compl\u00e9mentaire qui se pr\u00e9sente sous la forme d'une savoureuse p\u00e2te aromatis\u00e9e \u00e0 la carotte, avec une teneur tr\u00e8s \u00e9lev\u00e9e en fibres, associ\u00e9e \u00e0 des pr\u00e9biotiques et des probiotiques pour soutenir la fonction intestinale et la digestion normales de votre lapin. Convient parfaitement \u00e0 une utilisation apr\u00e8s une op\u00e9ration ou pendant une maladie.<\/p>\n<p>Administration :<br \/>Donnez \u00e0 votre lapin la dose dans la bouche trois fois par jour, aussi longtemps que n\u00e9cessaire.\u00a0<\/p>\n<p>Dosage :<br \/>1 ml par kg de poids du corps<\/p>\n<p>Emballage :<br \/>Seringue de 15 ml<\/p>","_fr_post_name":"astfarma-protexin-fibreplex","_fr_post_excerpt":"","_fr_post_title":"Fibreplex | Lapin 15 ml","_es_post_content":"<p>Fibreplex,\u00a0<span class=\"HwtZe\" lang=\"es\"><span class=\"jCAhz JxVs2d ChMk0b\"><span class=\"ryNqvb\">anteriormente conocido como<\/span><\/span><\/span> Protexin Fibreplex, es un suplemento alimenticio para conejos. Fibreplex es una sabrosa pasta con sabor a zanahoria con un contenido de fibra muy alto, combinado con prebi\u00f3ticos y probi\u00f3ticos para apoyar la funci\u00f3n intestinal normal y la digesti\u00f3n de su conejo. Ideal para usar despu\u00e9s de una cirug\u00eda o durante una enfermedad.<\/p>\n<p><span style=\"text-decoration: underline;\">Administraci\u00f3n:<\/span><br \/>Dale a tu conejo la dosis por v\u00eda oral tres veces al d\u00eda durante el tiempo que sea necesario.<\/p>\n<p><span style=\"text-decoration: underline;\">Dosis:<\/span><br \/>1 ml por kg de peso corporal.<\/p>\n<p><span style=\"text-decoration: underline;\">Embalaje:<\/span><br \/>Jeringa de 15 ml.<\/p>","_es_post_name":"protexin-fibreplex-conejos","_es_post_excerpt":"","_es_post_title":"Fibreplex | Conejos 15 ml","edit_language":"nl"},"product_brand":[],"product_cat":[1825,1827,1857,1824,1949],"product_tag":[],"class_list":{"0":"post-118698","1":"product","2":"type-product","3":"status-publish","4":"has-post-thumbnail","6":"product_cat-konijnen","7":"product_cat-medicijnen-supplementen","8":"product_cat-merken","9":"product_cat-overig","10":"product_cat-protexin","11":"pa_aandoening-overig","12":"pa_doeldier-knaagdier","13":"pa_doeldier-konijn","14":"pa_fabricatieland-nederland","15":"pa_merkfilter-protexin","16":"pa_merkgroep-dechra","17":"pa_productsoort-voedingssupplement","18":"pa_seo_canonical_store_id-not_found_value","19":"pa_seo_category-not_found_value","20":"pa_seo_meta_robots-not_found_value","21":"pa_toedieningswijze-vloeistof","22":"pa_unit_pricing_base_measure-10ml","23":"pa_unit_pricing_measure-15ml","24":"pa_werkzamestof-overig","26":"first","27":"instock","28":"taxable","29":"shipping-taxable","30":"purchasable","31":"product-type-simple"},"yoast_head":"<!-- This site is optimized with the Yoast SEO plugin v27.5 - https:\/\/yoast.com\/product\/yoast-seo-wordpress\/ -->\n<title>Fibreplex | Darmfunctie Konijn<\/title>\n<meta name=\"description\" content=\"Fibreplex is een aanvullend diervoeder in de vorm van een smakelijke pasta om de normale darmfunctie en vertering van uw konijn te ondersteunen.\" \/>\n<meta name=\"robots\" content=\"index, follow, max-snippet:-1, max-image-preview:large, max-video-preview:-1\" \/>\n<link rel=\"canonical\" href=\"https:\/\/www.pharmacy4pets.nl\/astfarma-protexin-fibreplex\" \/>\n<meta property=\"og:locale\" content=\"nl_NL\" \/>\n<meta property=\"og:type\" content=\"article\" \/>\n<meta property=\"og:title\" content=\"Fibreplex | Darmfunctie Konijn\" \/>\n<meta property=\"og:description\" content=\"Fibreplex is een aanvullend diervoeder in de vorm van een smakelijke pasta om de normale darmfunctie en vertering van uw konijn te ondersteunen.\" \/>\n<meta property=\"og:url\" content=\"https:\/\/www.pharmacy4pets.nl\/astfarma-protexin-fibreplex\" \/>\n<meta property=\"og:site_name\" content=\"Pharmacy4pets\" \/>\n<meta property=\"article:publisher\" content=\"https:\/\/www.facebook.com\/people\/Pharmacy4petsnl\/100063484989896\/\" \/>\n<meta property=\"article:modified_time\" content=\"2026-04-14T08:03:02+00:00\" \/>\n<meta property=\"og:image\" content=\"https:\/\/www.pharmacy4pets.nl\/wp-content\/uploads\/2017\/08\/Fibreplex.jpg\" \/>\n\t<meta property=\"og:image:width\" content=\"550\" \/>\n\t<meta property=\"og:image:height\" content=\"550\" \/>\n\t<meta property=\"og:image:type\" content=\"image\/jpeg\" \/>\n<meta name=\"twitter:card\" content=\"summary_large_image\" \/>\n<script type=\"application\/ld+json\" class=\"yoast-schema-graph\">{\"@context\":\"https:\\\/\\\/schema.org\",\"@graph\":[{\"@type\":\"WebPage\",\"@id\":\"https:\\\/\\\/www.pharmacy4pets.nl\\\/astfarma-protexin-fibreplex\",\"url\":\"https:\\\/\\\/www.pharmacy4pets.nl\\\/astfarma-protexin-fibreplex\",\"name\":\"Fibreplex | Darmfunctie Konijn\",\"isPartOf\":{\"@id\":\"http:\\\/\\\/www.pharmacy4pets.nl\\\/#website\"},\"primaryImageOfPage\":{\"@id\":\"https:\\\/\\\/www.pharmacy4pets.nl\\\/astfarma-protexin-fibreplex#primaryimage\"},\"image\":{\"@id\":\"https:\\\/\\\/www.pharmacy4pets.nl\\\/astfarma-protexin-fibreplex#primaryimage\"},\"thumbnailUrl\":\"https:\\\/\\\/www.pharmacy4pets.nl\\\/wp-content\\\/uploads\\\/2017\\\/08\\\/Fibreplex.jpg\",\"datePublished\":\"2017-08-09T10:14:30+00:00\",\"dateModified\":\"2026-04-14T08:03:02+00:00\",\"description\":\"Fibreplex is een aanvullend diervoeder in de vorm van een smakelijke pasta om de normale darmfunctie en vertering van uw konijn te ondersteunen.\",\"breadcrumb\":{\"@id\":\"https:\\\/\\\/www.pharmacy4pets.nl\\\/astfarma-protexin-fibreplex#breadcrumb\"},\"inLanguage\":\"nl-NL\",\"potentialAction\":[{\"@type\":\"ReadAction\",\"target\":[\"https:\\\/\\\/www.pharmacy4pets.nl\\\/astfarma-protexin-fibreplex\"]}]},{\"@type\":\"ImageObject\",\"inLanguage\":\"nl-NL\",\"@id\":\"https:\\\/\\\/www.pharmacy4pets.nl\\\/astfarma-protexin-fibreplex#primaryimage\",\"url\":\"https:\\\/\\\/www.pharmacy4pets.nl\\\/wp-content\\\/uploads\\\/2017\\\/08\\\/Fibreplex.jpg\",\"contentUrl\":\"https:\\\/\\\/www.pharmacy4pets.nl\\\/wp-content\\\/uploads\\\/2017\\\/08\\\/Fibreplex.jpg\",\"width\":550,\"height\":550,\"caption\":\"Protexin\"},{\"@type\":\"BreadcrumbList\",\"@id\":\"https:\\\/\\\/www.pharmacy4pets.nl\\\/astfarma-protexin-fibreplex#breadcrumb\",\"itemListElement\":[{\"@type\":\"ListItem\",\"position\":1,\"name\":\"Home\",\"item\":\"https:\\\/\\\/p4p-nl.bootmine.com\\\/\"},{\"@type\":\"ListItem\",\"position\":2,\"name\":\"Winkel\",\"item\":\"https:\\\/\\\/p4p-nl.bootmine.com\\\/winkel\"},{\"@type\":\"ListItem\",\"position\":3,\"name\":\"Fibreplex | Konijn 15 ml\"}]},{\"@type\":\"WebSite\",\"@id\":\"http:\\\/\\\/www.pharmacy4pets.nl\\\/#website\",\"url\":\"http:\\\/\\\/www.pharmacy4pets.nl\\\/\",\"name\":\"Pharmacy4pets\",\"description\":\"Pharmacy4pets.nl is d\u00e9 online apotheek waar u terecht kunt voor alle diergeneesmiddelen, verzorgingsproducten en dieetvoeding voor uw huisdier.\",\"publisher\":{\"@id\":\"http:\\\/\\\/www.pharmacy4pets.nl\\\/#organization\"},\"potentialAction\":[{\"@type\":\"SearchAction\",\"target\":{\"@type\":\"EntryPoint\",\"urlTemplate\":\"http:\\\/\\\/www.pharmacy4pets.nl\\\/?s={search_term_string}\"},\"query-input\":{\"@type\":\"PropertyValueSpecification\",\"valueRequired\":true,\"valueName\":\"search_term_string\"}}],\"inLanguage\":\"nl-NL\"},{\"@type\":\"Organization\",\"@id\":\"http:\\\/\\\/www.pharmacy4pets.nl\\\/#organization\",\"name\":\"Pharmacy4pets\",\"url\":\"http:\\\/\\\/www.pharmacy4pets.nl\\\/\",\"logo\":{\"@type\":\"ImageObject\",\"inLanguage\":\"nl-NL\",\"@id\":\"http:\\\/\\\/www.pharmacy4pets.nl\\\/#\\\/schema\\\/logo\\\/image\\\/\",\"url\":\"https:\\\/\\\/p4p-nl.bootmine.com\\\/wp-content\\\/uploads\\\/2026\\\/03\\\/logo-pharmacy4pets.png\",\"contentUrl\":\"https:\\\/\\\/p4p-nl.bootmine.com\\\/wp-content\\\/uploads\\\/2026\\\/03\\\/logo-pharmacy4pets.png\",\"width\":1024,\"height\":135,\"caption\":\"Pharmacy4pets\"},\"image\":{\"@id\":\"http:\\\/\\\/www.pharmacy4pets.nl\\\/#\\\/schema\\\/logo\\\/image\\\/\"},\"sameAs\":[\"https:\\\/\\\/www.facebook.com\\\/people\\\/Pharmacy4petsnl\\\/100063484989896\\\/\",\"https:\\\/\\\/www.youtube.com\\\/channel\\\/UCGPTIgucgli03tP2_kvLkHg\\\/featured\",\"https:\\\/\\\/www.instagram.com\\\/pharmacy4pets.nl\"]}]}<\/script>\n<!-- \/ Yoast SEO plugin. -->","yoast_head_json":{"title":"Fibreplex | Darmfunctie Konijn","description":"Fibreplex is een aanvullend diervoeder in de vorm van een smakelijke pasta om de normale darmfunctie en vertering van uw konijn te ondersteunen.","robots":{"index":"index","follow":"follow","max-snippet":"max-snippet:-1","max-image-preview":"max-image-preview:large","max-video-preview":"max-video-preview:-1"},"canonical":"https:\/\/www.pharmacy4pets.nl\/astfarma-protexin-fibreplex","og_locale":"nl_NL","og_type":"article","og_title":"Fibreplex | Darmfunctie Konijn","og_description":"Fibreplex is een aanvullend diervoeder in de vorm van een smakelijke pasta om de normale darmfunctie en vertering van uw konijn te ondersteunen.","og_url":"https:\/\/www.pharmacy4pets.nl\/astfarma-protexin-fibreplex","og_site_name":"Pharmacy4pets","article_publisher":"https:\/\/www.facebook.com\/people\/Pharmacy4petsnl\/100063484989896\/","article_modified_time":"2026-04-14T08:03:02+00:00","og_image":[{"width":550,"height":550,"url":"https:\/\/www.pharmacy4pets.nl\/wp-content\/uploads\/2017\/08\/Fibreplex.jpg","type":"image\/jpeg"}],"twitter_card":"summary_large_image","schema":{"@context":"https:\/\/schema.org","@graph":[{"@type":"WebPage","@id":"https:\/\/www.pharmacy4pets.nl\/astfarma-protexin-fibreplex","url":"https:\/\/www.pharmacy4pets.nl\/astfarma-protexin-fibreplex","name":"Fibreplex | Darmfunctie Konijn","isPartOf":{"@id":"http:\/\/www.pharmacy4pets.nl\/#website"},"primaryImageOfPage":{"@id":"https:\/\/www.pharmacy4pets.nl\/astfarma-protexin-fibreplex#primaryimage"},"image":{"@id":"https:\/\/www.pharmacy4pets.nl\/astfarma-protexin-fibreplex#primaryimage"},"thumbnailUrl":"https:\/\/www.pharmacy4pets.nl\/wp-content\/uploads\/2017\/08\/Fibreplex.jpg","datePublished":"2017-08-09T10:14:30+00:00","dateModified":"2026-04-14T08:03:02+00:00","description":"Fibreplex is een aanvullend diervoeder in de vorm van een smakelijke pasta om de normale darmfunctie en vertering van uw konijn te ondersteunen.","breadcrumb":{"@id":"https:\/\/www.pharmacy4pets.nl\/astfarma-protexin-fibreplex#breadcrumb"},"inLanguage":"nl-NL","potentialAction":[{"@type":"ReadAction","target":["https:\/\/www.pharmacy4pets.nl\/astfarma-protexin-fibreplex"]}]},{"@type":"ImageObject","inLanguage":"nl-NL","@id":"https:\/\/www.pharmacy4pets.nl\/astfarma-protexin-fibreplex#primaryimage","url":"https:\/\/www.pharmacy4pets.nl\/wp-content\/uploads\/2017\/08\/Fibreplex.jpg","contentUrl":"https:\/\/www.pharmacy4pets.nl\/wp-content\/uploads\/2017\/08\/Fibreplex.jpg","width":550,"height":550,"caption":"Protexin"},{"@type":"BreadcrumbList","@id":"https:\/\/www.pharmacy4pets.nl\/astfarma-protexin-fibreplex#breadcrumb","itemListElement":[{"@type":"ListItem","position":1,"name":"Home","item":"https:\/\/p4p-nl.bootmine.com\/"},{"@type":"ListItem","position":2,"name":"Winkel","item":"https:\/\/p4p-nl.bootmine.com\/winkel"},{"@type":"ListItem","position":3,"name":"Fibreplex | Konijn 15 ml"}]},{"@type":"WebSite","@id":"http:\/\/www.pharmacy4pets.nl\/#website","url":"http:\/\/www.pharmacy4pets.nl\/","name":"Pharmacy4pets","description":"Pharmacy4pets.nl is d\u00e9 online apotheek waar u terecht kunt voor alle diergeneesmiddelen, verzorgingsproducten en dieetvoeding voor uw huisdier.","publisher":{"@id":"http:\/\/www.pharmacy4pets.nl\/#organization"},"potentialAction":[{"@type":"SearchAction","target":{"@type":"EntryPoint","urlTemplate":"http:\/\/www.pharmacy4pets.nl\/?s={search_term_string}"},"query-input":{"@type":"PropertyValueSpecification","valueRequired":true,"valueName":"search_term_string"}}],"inLanguage":"nl-NL"},{"@type":"Organization","@id":"http:\/\/www.pharmacy4pets.nl\/#organization","name":"Pharmacy4pets","url":"http:\/\/www.pharmacy4pets.nl\/","logo":{"@type":"ImageObject","inLanguage":"nl-NL","@id":"http:\/\/www.pharmacy4pets.nl\/#\/schema\/logo\/image\/","url":"https:\/\/p4p-nl.bootmine.com\/wp-content\/uploads\/2026\/03\/logo-pharmacy4pets.png","contentUrl":"https:\/\/p4p-nl.bootmine.com\/wp-content\/uploads\/2026\/03\/logo-pharmacy4pets.png","width":1024,"height":135,"caption":"Pharmacy4pets"},"image":{"@id":"http:\/\/www.pharmacy4pets.nl\/#\/schema\/logo\/image\/"},"sameAs":["https:\/\/www.facebook.com\/people\/Pharmacy4petsnl\/100063484989896\/","https:\/\/www.youtube.com\/channel\/UCGPTIgucgli03tP2_kvLkHg\/featured","https:\/\/www.instagram.com\/pharmacy4pets.nl"]}]}},"market_data":{"nl":{"price":0,"sale_price":0,"active":false,"url":null,"parent_url":"","tax_rate":0,"price_inc_tax":0,"sale_price_inc_tax":0},"de":{"price":0,"sale_price":0,"active":false,"url":null,"parent_url":"","tax_rate":0,"price_inc_tax":0,"sale_price_inc_tax":0},"be":{"price":0,"sale_price":0,"active":false,"url":null,"parent_url":"","tax_rate":0,"price_inc_tax":0,"sale_price_inc_tax":0},"fr":{"price":0,"sale_price":0,"active":false,"url":null,"parent_url":"","tax_rate":0,"price_inc_tax":0,"sale_price_inc_tax":0},"ch":{"price":0,"sale_price":0,"active":false,"url":null,"parent_url":"","tax_rate":0,"price_inc_tax":0,"sale_price_inc_tax":0},"at":{"price":0,"sale_price":0,"active":false,"url":null,"parent_url":"","tax_rate":0,"price_inc_tax":0,"sale_price_inc_tax":0},"es":{"price":0,"sale_price":0,"active":false,"url":null,"parent_url":"","tax_rate":0,"price_inc_tax":0,"sale_price_inc_tax":0},"dk":{"price":0,"sale_price":0,"active":false,"url":null,"parent_url":"","tax_rate":0,"price_inc_tax":0,"sale_price_inc_tax":0},"com":{"price":0,"sale_price":0,"active":false,"url":null,"parent_url":"","tax_rate":0,"price_inc_tax":0,"sale_price_inc_tax":0}},"market_nl_price":0,"market_nl_sale_price":0,"market_nl_active":false,"market_nl_url":null,"market_nl_parent_url":"","market_nl_tax_rate":0,"market_nl_price_inc_tax":0,"market_nl_sale_price_inc_tax":0,"market_de_price":0,"market_de_sale_price":0,"market_de_active":false,"market_de_url":null,"market_de_parent_url":"","market_de_tax_rate":0,"market_de_price_inc_tax":0,"market_de_sale_price_inc_tax":0,"market_be_price":0,"market_be_sale_price":0,"market_be_active":false,"market_be_url":null,"market_be_parent_url":"","market_be_tax_rate":0,"market_be_price_inc_tax":0,"market_be_sale_price_inc_tax":0,"market_fr_price":0,"market_fr_sale_price":0,"market_fr_active":false,"market_fr_url":null,"market_fr_parent_url":"","market_fr_tax_rate":0,"market_fr_price_inc_tax":0,"market_fr_sale_price_inc_tax":0,"market_ch_price":0,"market_ch_sale_price":0,"market_ch_active":false,"market_ch_url":null,"market_ch_parent_url":"","market_ch_tax_rate":0,"market_ch_price_inc_tax":0,"market_ch_sale_price_inc_tax":0,"market_at_price":0,"market_at_sale_price":0,"market_at_active":false,"market_at_url":null,"market_at_parent_url":"","market_at_tax_rate":0,"market_at_price_inc_tax":0,"market_at_sale_price_inc_tax":0,"market_es_price":0,"market_es_sale_price":0,"market_es_active":false,"market_es_url":null,"market_es_parent_url":"","market_es_tax_rate":0,"market_es_price_inc_tax":0,"market_es_sale_price_inc_tax":0,"market_dk_price":0,"market_dk_sale_price":0,"market_dk_active":false,"market_dk_url":null,"market_dk_parent_url":"","market_dk_tax_rate":0,"market_dk_price_inc_tax":0,"market_dk_sale_price_inc_tax":0,"market_com_price":0,"market_com_sale_price":0,"market_com_active":false,"market_com_url":null,"market_com_parent_url":"","market_com_tax_rate":0,"market_com_price_inc_tax":0,"market_com_sale_price_inc_tax":0,"acf":[],"_links":{"self":[{"href":"https:\/\/www.pharmacy4pets.nl\/be\/wp-json\/wp\/v2\/product\/118698","targetHints":{"allow":["GET"]}}],"collection":[{"href":"https:\/\/www.pharmacy4pets.nl\/be\/wp-json\/wp\/v2\/product"}],"about":[{"href":"https:\/\/www.pharmacy4pets.nl\/be\/wp-json\/wp\/v2\/types\/product"}],"replies":[{"embeddable":true,"href":"https:\/\/www.pharmacy4pets.nl\/be\/wp-json\/wp\/v2\/comments?post=118698"}],"wp:featuredmedia":[{"embeddable":true,"href":"https:\/\/www.pharmacy4pets.nl\/be\/wp-json\/wp\/v2\/media\/118696"}],"wp:attachment":[{"href":"https:\/\/www.pharmacy4pets.nl\/be\/wp-json\/wp\/v2\/media?parent=118698"}],"wp:term":[{"taxonomy":"product_brand","embeddable":true,"href":"https:\/\/www.pharmacy4pets.nl\/be\/wp-json\/wp\/v2\/product_brand?post=118698"},{"taxonomy":"product_cat","embeddable":true,"href":"https:\/\/www.pharmacy4pets.nl\/be\/wp-json\/wp\/v2\/product_cat?post=118698"},{"taxonomy":"product_tag","embeddable":true,"href":"https:\/\/www.pharmacy4pets.nl\/be\/wp-json\/wp\/v2\/product_tag?post=118698"}],"curies":[{"name":"wp","href":"https:\/\/api.w.org\/{rel}","templated":true}]}}