{"id":118695,"date":"2017-08-09T10:00:08","date_gmt":"2017-08-09T10:00:08","guid":{"rendered":"https:\/\/p4p.test\/fendigo-episqualan"},"modified":"2026-03-25T11:58:51","modified_gmt":"2026-03-25T11:58:51","slug":"fendigo-episqualan","status":"publish","type":"product","link":"https:\/\/www.pharmacy4pets.nl\/be\/fendigo-episqualan","title":{"rendered":"EpiSqualan Oorreiniger | Hond &#038; Kat 100ml"},"content":{"rendered":"<p>EpiSqualan van het merk Fendigo is een oorreiniger die effectief oorsmeer en lipiden oplost en de onderliggende huid zacht en soepel maakt. De formule heeft een hoge verspreidbaarheid waardoor ook zeer taai en droog oorsmeer wordt opgelost. EpiSqualan kan ook worden gebruikt bij honden en katten met een beschadigd of geperforeerd trommelvlies. Doordat EpiSqualan niet ototoxisch is maar juist verzorgend en verzachtend werkt, is het ook geschikt voor veelvuldig gebruik.<\/p>\n<p><span style=\"text-decoration: underline;\">Toediening:<\/span><\/p>\n<ol>\n<li>Breng Episqualan aan in de gehoorgang<\/li>\n<li>Masseer het oor om oorsmeer op te lossen<\/li>\n<li>Maak het oor schoon met een watje om opgelost materiaal te verwijderen<\/li>\n<\/ol>\n<p>&nbsp;<span style=\"text-decoration: underline;\">Verpakking:<br \/><\/span>Fles &agrave; 100ml<\/p>\n","protected":false},"excerpt":{"rendered":"<p>EpiSqualan van het merk Fendigo is een oorreiniger die effectief oorsmeer en lipiden oplost en de onderliggende huid zacht en soepel maakt. De formule heeft een hoge verspreidbaarheid waardoor ook zeer taai en droog oorsmeer wordt opgelost. EpiSqualan kan ook worden gebruikt bij honden en katten met een beschadigd of geperforeerd trommelvlies. Doordat EpiSqualan niet [&hellip;]<\/p>\n","protected":false},"featured_media":118694,"comment_status":"open","ping_status":"closed","template":"","meta":{"_acf_changed":false,"_nl_post_content":"<p>EpiSqualan van het merk Fendigo is een oorreiniger die effectief oorsmeer en lipiden oplost en de onderliggende huid zacht en soepel maakt. De formule heeft een hoge verspreidbaarheid waardoor ook zeer taai en droog oorsmeer wordt opgelost. EpiSqualan kan ook worden gebruikt bij honden en katten met een beschadigd of geperforeerd trommelvlies. Doordat EpiSqualan niet ototoxisch is maar juist verzorgend en verzachtend werkt, is het ook geschikt voor veelvuldig gebruik.<\/p>\r\n<p><span style=\"text-decoration: underline;\">Toediening:<\/span><\/p>\r\n<ol>\r\n<li>Breng Episqualan aan in de gehoorgang<\/li>\r\n<li>Masseer het oor om oorsmeer op te lossen<\/li>\r\n<li>Maak het oor schoon met een watje om opgelost materiaal te verwijderen<\/li>\r\n<\/ol>\r\n<p>&nbsp;<span style=\"text-decoration: underline;\">Verpakking:<br \/><\/span>Fles &agrave; 100ml<\/p>","_nl_post_name":"fendigo-episqualan","_nl_post_excerpt":"","_nl_post_title":"EpiSqualan Oorreiniger | Hond & Kat 100ml","_en_post_content":"<p>EpiSqualan from Fendigo is an Ear Cleaner that effectively dissolves earwax and lipids and makes the underlying skin soft again. The formula is highly dispersible, which also solves very tough and dry wax. EpiSqualan can also for dogs and cats with a damaged or perforated eardrum. Because EpiSqualan is not ototoxic, it has a soothing effect and is suitable for frequent use.<\/p>\r\n<p><span style=\"text-decoration: underline;\">Administration:<\/span><\/p>\r\n<ol>\r\n<li>Apply EpiSqualan inside the ear<\/li>\r\n<li>Massage to dissolve the wax<\/li>\r\n<li>Clean the ear to remove any dissolved material<\/li>\r\n<\/ol>\r\n<p><span style=\"text-decoration: underline;\">Package:<br \/><\/span>Bottle 100ml<\/p>","_en_post_name":"fendigo-episqualan","_en_post_excerpt":"","_en_post_title":"EpiSqualan Ear Cleaner | Dog & Cat 100ml ","_de_post_content":"<p>EpiSqualan von Fendigo ist ein Ohrreiniger, die effektiv Wachs und Lipide l&ouml;st und die darunterliegende Haut weich und geschmeidig macht. Die Formel hat eine hohe Verteilbarkeit, so dass auch sehr hart und trocken Wachs gel&ouml;st ist. EpiSqualan kann auch bei Hunden und Katzen mit einem besch&auml;digten oder perforierten Trommelfell verwendet werden. Da EpiSqualan nicht ototoxic ist, eignet er sich auch f&uuml;r mehrfache Verwendung.<\/p>\r\n<p><span style=\"text-decoration: underline;\">Anwendung:<\/span><\/p>\r\n<ol>\r\n<li>Den Geh&ouml;rgang mit EpiSqualan f&uuml;llen<\/li>\r\n<li>den Ohransatz sanft einige Minuten massieren um das Zerumen zu l&ouml;sen und hochzusp&uuml;len.<\/li>\r\n<li>Ausgetretenes Material vorsichtig mit einem Wattebausch entfernen.<\/li>\r\n<li>Die &auml;u&szlig;eren Bereiche des Geh&ouml;rganges und die Ohrmuschel sorgf&auml;ltig trocknen.<\/li>\r\n<\/ol>\r\n<p><span style=\"text-decoration: underline;\">Verpackung:<br \/><\/span>Flasche 100ml<\/p>","_de_post_name":"fendigo-episqualan","_de_post_excerpt":"","_de_post_title":"EpiSqualan Ohrreiniger | Hund & Katze 100ml","_fr_post_content":"<h1>EpiSqualan<\/h1>\n<p>EpiSqualan de la marque Fendigo est un nettoyant auriculaire qui dissout efficacement le c\u00e9rumen et les lipides, laissant la peau sous-jacente douce et souple. La formule a une grande dispersibilit\u00e9 qui permet \u00e9galement de dissoudre le c\u00e9rumen tr\u00e8s dur et sec. EpiSqualan peut \u00e9galement \u00eatre utilis\u00e9 chez les chiens et les chats dont le tympan est endommag\u00e9 ou perfor\u00e9. EpiSqualan n'\u00e9tant pas ototoxique mais plut\u00f4t nourrissant et apaisant, il convient \u00e9galement \u00e0 un usage fr\u00e9quent.<\/p>\n<p><u>Administration :<\/u><\/p>\n<ol>\n<li>Appliquer Episqualan dans le conduit auditif<\/li>\n<li>Masser l'oreille pour dissoudre le c\u00e9rumen.<\/li>\n<li>Nettoyer l'oreille \u00e0 l'aide d'une boule de coton pour \u00e9liminer les substances dissoutes.<\/li>\n<\/ol>\n<p><u>Conditionnement :<\/u><\/p>\n<p>Flacon de 100 ml<\/p>","_fr_post_name":"fendigo-episqualan","_fr_post_excerpt":"","_fr_post_title":"EpiSqualan Nettoyeur d'Oreilles | Chien & Chat 100 ml\n","_es_post_content":"<p>EpiSqualan de la marca Fendigo es un limpiador de o\u00eddos que disuelve eficazmente el cerumen y los l\u00edpidos y hace que la piel subyacente sea suave y flexible. La f\u00f3rmula tiene una alta capacidad de esparcimiento que tambi\u00e9n disuelve el cerumen muy duro y seco. EpiSqualan tambi\u00e9n se puede utilizar en perros y gatos con t\u00edmpanos da\u00f1ados o perforados. Debido a que EpiSqualan no es otot\u00f3xico pero tiene un efecto calmante y de cuidado, tambi\u00e9n es adecuado para uso frecuente.<\/p>\r\n<h3>Administraci\u00f3n<\/h3>\r\n<ul>\r\n<li>Aplicar Episqualan en el canal auditivo<\/li>\r\n<li>Masajea la oreja para disolver el cerumen.<\/li>\r\n<li>Limpie el o\u00eddo con una bola de algod\u00f3n para eliminar el material disuelto.<\/li>\r\n<\/ul>\r\n<h3>Embalaje<\/h3>\r\n<p>Botella de 100 ml.<\/p>","_es_post_name":"fendigo-episqualan-limpiador-de-oidos-perros-gatos","_es_post_excerpt":"","_es_post_title":"EpiSqualan limpiador de o\u00eddos perros y gatos 100 ml","edit_language":"nl"},"product_brand":[],"product_cat":[2047,1117,1118,1839,1871,1857,1983,2000,1851,1882],"product_tag":[],"class_list":{"0":"post-118695","1":"product","2":"type-product","3":"status-publish","4":"has-post-thumbnail","6":"product_cat-episqualan","7":"product_cat-honden","8":"product_cat-katten","9":"product_cat-medicijnen-supplementen","11":"product_cat-merken","12":"product_cat-oorontsteking","14":"product_cat-oren","16":"pa_aandoening-ogen_oren","17":"pa_doeldier-hond","18":"pa_doeldier-kat","19":"pa_fabricatieland-belgie","20":"pa_merkfilter-episqualan","21":"pa_merkgroep-fendigo","22":"pa_productsoort-overig","23":"pa_seo_canonical_store_id-not_found_value","24":"pa_seo_category-not_found_value","25":"pa_seo_meta_robots-not_found_value","26":"pa_toedieningswijze-oorreiniger","27":"pa_unit_pricing_base_measure-10ml","28":"pa_unit_pricing_measure-100ml","29":"pa_werkzamestof-overig","31":"first","32":"instock","33":"taxable","34":"shipping-taxable","35":"purchasable","36":"product-type-simple"},"yoast_head":"<!-- This site is optimized with the Yoast SEO plugin v27.5 - https:\/\/yoast.com\/product\/yoast-seo-wordpress\/ -->\n<title>EpiSqualan | Oorsmeer<\/title>\n<meta name=\"description\" content=\"EpiSqualan van het merk Fendigo is een oorreiniger die effectief oorsmeer en lipiden oplost en de onderliggende huid zacht en soepel maakt.\" \/>\n<meta name=\"robots\" content=\"index, follow, max-snippet:-1, max-image-preview:large, max-video-preview:-1\" \/>\n<link rel=\"canonical\" href=\"https:\/\/www.pharmacy4pets.nl\/fendigo-episqualan\" \/>\n<meta property=\"og:locale\" content=\"nl_NL\" \/>\n<meta property=\"og:type\" content=\"article\" \/>\n<meta property=\"og:title\" content=\"EpiSqualan | Oorsmeer\" \/>\n<meta property=\"og:description\" content=\"EpiSqualan van het merk Fendigo is een oorreiniger die effectief oorsmeer en lipiden oplost en de onderliggende huid zacht en soepel maakt.\" \/>\n<meta property=\"og:url\" content=\"https:\/\/www.pharmacy4pets.nl\/fendigo-episqualan\" \/>\n<meta property=\"og:site_name\" content=\"Pharmacy4pets\" \/>\n<meta property=\"article:publisher\" content=\"https:\/\/www.facebook.com\/people\/Pharmacy4petsnl\/100063484989896\/\" \/>\n<meta property=\"article:modified_time\" content=\"2026-03-25T11:58:51+00:00\" \/>\n<meta property=\"og:image\" content=\"https:\/\/www.pharmacy4pets.nl\/wp-content\/uploads\/2017\/08\/19960.jpg\" \/>\n\t<meta property=\"og:image:width\" content=\"108\" \/>\n\t<meta property=\"og:image:height\" content=\"299\" \/>\n\t<meta property=\"og:image:type\" content=\"image\/jpeg\" \/>\n<meta name=\"twitter:card\" content=\"summary_large_image\" \/>\n<meta name=\"twitter:label1\" content=\"Geschatte leestijd\" \/>\n\t<meta name=\"twitter:data1\" content=\"1 minuut\" \/>\n<script type=\"application\/ld+json\" class=\"yoast-schema-graph\">{\"@context\":\"https:\\\/\\\/schema.org\",\"@graph\":[{\"@type\":\"WebPage\",\"@id\":\"https:\\\/\\\/www.pharmacy4pets.nl\\\/fendigo-episqualan\",\"url\":\"https:\\\/\\\/www.pharmacy4pets.nl\\\/fendigo-episqualan\",\"name\":\"EpiSqualan | Oorsmeer\",\"isPartOf\":{\"@id\":\"http:\\\/\\\/www.pharmacy4pets.nl\\\/#website\"},\"primaryImageOfPage\":{\"@id\":\"https:\\\/\\\/www.pharmacy4pets.nl\\\/fendigo-episqualan#primaryimage\"},\"image\":{\"@id\":\"https:\\\/\\\/www.pharmacy4pets.nl\\\/fendigo-episqualan#primaryimage\"},\"thumbnailUrl\":\"https:\\\/\\\/www.pharmacy4pets.nl\\\/wp-content\\\/uploads\\\/2017\\\/08\\\/19960.jpg\",\"datePublished\":\"2017-08-09T10:00:08+00:00\",\"dateModified\":\"2026-03-25T11:58:51+00:00\",\"description\":\"EpiSqualan van het merk Fendigo is een oorreiniger die effectief oorsmeer en lipiden oplost en de onderliggende huid zacht en soepel maakt.\",\"breadcrumb\":{\"@id\":\"https:\\\/\\\/www.pharmacy4pets.nl\\\/fendigo-episqualan#breadcrumb\"},\"inLanguage\":\"nl-NL\",\"potentialAction\":[{\"@type\":\"ReadAction\",\"target\":[\"https:\\\/\\\/www.pharmacy4pets.nl\\\/fendigo-episqualan\"]}]},{\"@type\":\"ImageObject\",\"inLanguage\":\"nl-NL\",\"@id\":\"https:\\\/\\\/www.pharmacy4pets.nl\\\/fendigo-episqualan#primaryimage\",\"url\":\"https:\\\/\\\/www.pharmacy4pets.nl\\\/wp-content\\\/uploads\\\/2017\\\/08\\\/19960.jpg\",\"contentUrl\":\"https:\\\/\\\/www.pharmacy4pets.nl\\\/wp-content\\\/uploads\\\/2017\\\/08\\\/19960.jpg\",\"width\":108,\"height\":299,\"caption\":\"EpiSqualan\"},{\"@type\":\"BreadcrumbList\",\"@id\":\"https:\\\/\\\/www.pharmacy4pets.nl\\\/fendigo-episqualan#breadcrumb\",\"itemListElement\":[{\"@type\":\"ListItem\",\"position\":1,\"name\":\"Home\",\"item\":\"https:\\\/\\\/p4p-nl.bootmine.com\\\/\"},{\"@type\":\"ListItem\",\"position\":2,\"name\":\"Winkel\",\"item\":\"https:\\\/\\\/p4p-nl.bootmine.com\\\/winkel\"},{\"@type\":\"ListItem\",\"position\":3,\"name\":\"EpiSqualan Oorreiniger | Hond &#038; Kat 100ml\"}]},{\"@type\":\"WebSite\",\"@id\":\"http:\\\/\\\/www.pharmacy4pets.nl\\\/#website\",\"url\":\"http:\\\/\\\/www.pharmacy4pets.nl\\\/\",\"name\":\"Pharmacy4pets\",\"description\":\"Pharmacy4pets.nl is d\u00e9 online apotheek waar u terecht kunt voor alle diergeneesmiddelen, verzorgingsproducten en dieetvoeding voor uw huisdier.\",\"publisher\":{\"@id\":\"http:\\\/\\\/www.pharmacy4pets.nl\\\/#organization\"},\"potentialAction\":[{\"@type\":\"SearchAction\",\"target\":{\"@type\":\"EntryPoint\",\"urlTemplate\":\"http:\\\/\\\/www.pharmacy4pets.nl\\\/?s={search_term_string}\"},\"query-input\":{\"@type\":\"PropertyValueSpecification\",\"valueRequired\":true,\"valueName\":\"search_term_string\"}}],\"inLanguage\":\"nl-NL\"},{\"@type\":\"Organization\",\"@id\":\"http:\\\/\\\/www.pharmacy4pets.nl\\\/#organization\",\"name\":\"Pharmacy4pets\",\"url\":\"http:\\\/\\\/www.pharmacy4pets.nl\\\/\",\"logo\":{\"@type\":\"ImageObject\",\"inLanguage\":\"nl-NL\",\"@id\":\"http:\\\/\\\/www.pharmacy4pets.nl\\\/#\\\/schema\\\/logo\\\/image\\\/\",\"url\":\"https:\\\/\\\/p4p-nl.bootmine.com\\\/wp-content\\\/uploads\\\/2026\\\/03\\\/logo-pharmacy4pets.png\",\"contentUrl\":\"https:\\\/\\\/p4p-nl.bootmine.com\\\/wp-content\\\/uploads\\\/2026\\\/03\\\/logo-pharmacy4pets.png\",\"width\":1024,\"height\":135,\"caption\":\"Pharmacy4pets\"},\"image\":{\"@id\":\"http:\\\/\\\/www.pharmacy4pets.nl\\\/#\\\/schema\\\/logo\\\/image\\\/\"},\"sameAs\":[\"https:\\\/\\\/www.facebook.com\\\/people\\\/Pharmacy4petsnl\\\/100063484989896\\\/\",\"https:\\\/\\\/www.youtube.com\\\/channel\\\/UCGPTIgucgli03tP2_kvLkHg\\\/featured\",\"https:\\\/\\\/www.instagram.com\\\/pharmacy4pets.nl\"]}]}<\/script>\n<!-- \/ Yoast SEO plugin. -->","yoast_head_json":{"title":"EpiSqualan | Oorsmeer","description":"EpiSqualan van het merk Fendigo is een oorreiniger die effectief oorsmeer en lipiden oplost en de onderliggende huid zacht en soepel maakt.","robots":{"index":"index","follow":"follow","max-snippet":"max-snippet:-1","max-image-preview":"max-image-preview:large","max-video-preview":"max-video-preview:-1"},"canonical":"https:\/\/www.pharmacy4pets.nl\/fendigo-episqualan","og_locale":"nl_NL","og_type":"article","og_title":"EpiSqualan | Oorsmeer","og_description":"EpiSqualan van het merk Fendigo is een oorreiniger die effectief oorsmeer en lipiden oplost en de onderliggende huid zacht en soepel maakt.","og_url":"https:\/\/www.pharmacy4pets.nl\/fendigo-episqualan","og_site_name":"Pharmacy4pets","article_publisher":"https:\/\/www.facebook.com\/people\/Pharmacy4petsnl\/100063484989896\/","article_modified_time":"2026-03-25T11:58:51+00:00","og_image":[{"width":108,"height":299,"url":"https:\/\/www.pharmacy4pets.nl\/wp-content\/uploads\/2017\/08\/19960.jpg","type":"image\/jpeg"}],"twitter_card":"summary_large_image","twitter_misc":{"Geschatte leestijd":"1 minuut"},"schema":{"@context":"https:\/\/schema.org","@graph":[{"@type":"WebPage","@id":"https:\/\/www.pharmacy4pets.nl\/fendigo-episqualan","url":"https:\/\/www.pharmacy4pets.nl\/fendigo-episqualan","name":"EpiSqualan | Oorsmeer","isPartOf":{"@id":"http:\/\/www.pharmacy4pets.nl\/#website"},"primaryImageOfPage":{"@id":"https:\/\/www.pharmacy4pets.nl\/fendigo-episqualan#primaryimage"},"image":{"@id":"https:\/\/www.pharmacy4pets.nl\/fendigo-episqualan#primaryimage"},"thumbnailUrl":"https:\/\/www.pharmacy4pets.nl\/wp-content\/uploads\/2017\/08\/19960.jpg","datePublished":"2017-08-09T10:00:08+00:00","dateModified":"2026-03-25T11:58:51+00:00","description":"EpiSqualan van het merk Fendigo is een oorreiniger die effectief oorsmeer en lipiden oplost en de onderliggende huid zacht en soepel maakt.","breadcrumb":{"@id":"https:\/\/www.pharmacy4pets.nl\/fendigo-episqualan#breadcrumb"},"inLanguage":"nl-NL","potentialAction":[{"@type":"ReadAction","target":["https:\/\/www.pharmacy4pets.nl\/fendigo-episqualan"]}]},{"@type":"ImageObject","inLanguage":"nl-NL","@id":"https:\/\/www.pharmacy4pets.nl\/fendigo-episqualan#primaryimage","url":"https:\/\/www.pharmacy4pets.nl\/wp-content\/uploads\/2017\/08\/19960.jpg","contentUrl":"https:\/\/www.pharmacy4pets.nl\/wp-content\/uploads\/2017\/08\/19960.jpg","width":108,"height":299,"caption":"EpiSqualan"},{"@type":"BreadcrumbList","@id":"https:\/\/www.pharmacy4pets.nl\/fendigo-episqualan#breadcrumb","itemListElement":[{"@type":"ListItem","position":1,"name":"Home","item":"https:\/\/p4p-nl.bootmine.com\/"},{"@type":"ListItem","position":2,"name":"Winkel","item":"https:\/\/p4p-nl.bootmine.com\/winkel"},{"@type":"ListItem","position":3,"name":"EpiSqualan Oorreiniger | Hond &#038; Kat 100ml"}]},{"@type":"WebSite","@id":"http:\/\/www.pharmacy4pets.nl\/#website","url":"http:\/\/www.pharmacy4pets.nl\/","name":"Pharmacy4pets","description":"Pharmacy4pets.nl is d\u00e9 online apotheek waar u terecht kunt voor alle diergeneesmiddelen, verzorgingsproducten en dieetvoeding voor uw huisdier.","publisher":{"@id":"http:\/\/www.pharmacy4pets.nl\/#organization"},"potentialAction":[{"@type":"SearchAction","target":{"@type":"EntryPoint","urlTemplate":"http:\/\/www.pharmacy4pets.nl\/?s={search_term_string}"},"query-input":{"@type":"PropertyValueSpecification","valueRequired":true,"valueName":"search_term_string"}}],"inLanguage":"nl-NL"},{"@type":"Organization","@id":"http:\/\/www.pharmacy4pets.nl\/#organization","name":"Pharmacy4pets","url":"http:\/\/www.pharmacy4pets.nl\/","logo":{"@type":"ImageObject","inLanguage":"nl-NL","@id":"http:\/\/www.pharmacy4pets.nl\/#\/schema\/logo\/image\/","url":"https:\/\/p4p-nl.bootmine.com\/wp-content\/uploads\/2026\/03\/logo-pharmacy4pets.png","contentUrl":"https:\/\/p4p-nl.bootmine.com\/wp-content\/uploads\/2026\/03\/logo-pharmacy4pets.png","width":1024,"height":135,"caption":"Pharmacy4pets"},"image":{"@id":"http:\/\/www.pharmacy4pets.nl\/#\/schema\/logo\/image\/"},"sameAs":["https:\/\/www.facebook.com\/people\/Pharmacy4petsnl\/100063484989896\/","https:\/\/www.youtube.com\/channel\/UCGPTIgucgli03tP2_kvLkHg\/featured","https:\/\/www.instagram.com\/pharmacy4pets.nl"]}]}},"market_data":{"nl":{"price":0,"sale_price":0,"active":false,"url":null,"parent_url":"","tax_rate":0,"price_inc_tax":0,"sale_price_inc_tax":0},"de":{"price":0,"sale_price":0,"active":false,"url":null,"parent_url":"","tax_rate":0,"price_inc_tax":0,"sale_price_inc_tax":0},"be":{"price":0,"sale_price":0,"active":false,"url":null,"parent_url":"","tax_rate":0,"price_inc_tax":0,"sale_price_inc_tax":0},"fr":{"price":0,"sale_price":0,"active":false,"url":null,"parent_url":"","tax_rate":0,"price_inc_tax":0,"sale_price_inc_tax":0},"ch":{"price":0,"sale_price":0,"active":false,"url":null,"parent_url":"","tax_rate":0,"price_inc_tax":0,"sale_price_inc_tax":0},"at":{"price":0,"sale_price":0,"active":false,"url":null,"parent_url":"","tax_rate":0,"price_inc_tax":0,"sale_price_inc_tax":0},"es":{"price":0,"sale_price":0,"active":false,"url":null,"parent_url":"","tax_rate":0,"price_inc_tax":0,"sale_price_inc_tax":0},"dk":{"price":0,"sale_price":0,"active":false,"url":null,"parent_url":"","tax_rate":0,"price_inc_tax":0,"sale_price_inc_tax":0},"com":{"price":0,"sale_price":0,"active":false,"url":null,"parent_url":"","tax_rate":0,"price_inc_tax":0,"sale_price_inc_tax":0}},"market_nl_price":0,"market_nl_sale_price":0,"market_nl_active":false,"market_nl_url":null,"market_nl_parent_url":"","market_nl_tax_rate":0,"market_nl_price_inc_tax":0,"market_nl_sale_price_inc_tax":0,"market_de_price":0,"market_de_sale_price":0,"market_de_active":false,"market_de_url":null,"market_de_parent_url":"","market_de_tax_rate":0,"market_de_price_inc_tax":0,"market_de_sale_price_inc_tax":0,"market_be_price":0,"market_be_sale_price":0,"market_be_active":false,"market_be_url":null,"market_be_parent_url":"","market_be_tax_rate":0,"market_be_price_inc_tax":0,"market_be_sale_price_inc_tax":0,"market_fr_price":0,"market_fr_sale_price":0,"market_fr_active":false,"market_fr_url":null,"market_fr_parent_url":"","market_fr_tax_rate":0,"market_fr_price_inc_tax":0,"market_fr_sale_price_inc_tax":0,"market_ch_price":0,"market_ch_sale_price":0,"market_ch_active":false,"market_ch_url":null,"market_ch_parent_url":"","market_ch_tax_rate":0,"market_ch_price_inc_tax":0,"market_ch_sale_price_inc_tax":0,"market_at_price":0,"market_at_sale_price":0,"market_at_active":false,"market_at_url":null,"market_at_parent_url":"","market_at_tax_rate":0,"market_at_price_inc_tax":0,"market_at_sale_price_inc_tax":0,"market_es_price":0,"market_es_sale_price":0,"market_es_active":false,"market_es_url":null,"market_es_parent_url":"","market_es_tax_rate":0,"market_es_price_inc_tax":0,"market_es_sale_price_inc_tax":0,"market_dk_price":0,"market_dk_sale_price":0,"market_dk_active":false,"market_dk_url":null,"market_dk_parent_url":"","market_dk_tax_rate":0,"market_dk_price_inc_tax":0,"market_dk_sale_price_inc_tax":0,"market_com_price":0,"market_com_sale_price":0,"market_com_active":false,"market_com_url":null,"market_com_parent_url":"","market_com_tax_rate":0,"market_com_price_inc_tax":0,"market_com_sale_price_inc_tax":0,"acf":[],"_links":{"self":[{"href":"https:\/\/www.pharmacy4pets.nl\/be\/wp-json\/wp\/v2\/product\/118695","targetHints":{"allow":["GET"]}}],"collection":[{"href":"https:\/\/www.pharmacy4pets.nl\/be\/wp-json\/wp\/v2\/product"}],"about":[{"href":"https:\/\/www.pharmacy4pets.nl\/be\/wp-json\/wp\/v2\/types\/product"}],"replies":[{"embeddable":true,"href":"https:\/\/www.pharmacy4pets.nl\/be\/wp-json\/wp\/v2\/comments?post=118695"}],"wp:featuredmedia":[{"embeddable":true,"href":"https:\/\/www.pharmacy4pets.nl\/be\/wp-json\/wp\/v2\/media\/118694"}],"wp:attachment":[{"href":"https:\/\/www.pharmacy4pets.nl\/be\/wp-json\/wp\/v2\/media?parent=118695"}],"wp:term":[{"taxonomy":"product_brand","embeddable":true,"href":"https:\/\/www.pharmacy4pets.nl\/be\/wp-json\/wp\/v2\/product_brand?post=118695"},{"taxonomy":"product_cat","embeddable":true,"href":"https:\/\/www.pharmacy4pets.nl\/be\/wp-json\/wp\/v2\/product_cat?post=118695"},{"taxonomy":"product_tag","embeddable":true,"href":"https:\/\/www.pharmacy4pets.nl\/be\/wp-json\/wp\/v2\/product_tag?post=118695"}],"curies":[{"name":"wp","href":"https:\/\/api.w.org\/{rel}","templated":true}]}}